{"id":21467,"date":"2026-04-15T11:07:28","date_gmt":"2026-04-15T09:07:28","guid":{"rendered":"https:\/\/www.lets-grow.de\/blog\/?post_type=product&#038;p=21467"},"modified":"2026-04-15T11:14:54","modified_gmt":"2026-04-15T09:14:54","slug":"hydroflow-automatisches-bewaesserungsset","status":"publish","type":"product","link":"https:\/\/www.lets-grow.de\/blog\/shop\/hydroflow-automatisches-bewaesserungsset\/","title":{"rendered":"HydroFlow Smart Drip System \u2013 Automatisches Bew\u00e4sserungsset"},"content":{"rendered":"\t\t<div data-elementor-type=\"product-post\" data-elementor-id=\"21467\" class=\"elementor elementor-21467\" data-elementor-post-type=\"product\">\n\t\t\t\t<div class=\"wd-negative-gap elementor-element elementor-element-4a717f59 e-flex e-con-boxed e-con e-parent\" data-id=\"4a717f59\" data-element_type=\"container\" data-e-type=\"container\">\n\t\t\t\t\t<div class=\"e-con-inner\">\n\t\t\t\t<div class=\"elementor-element elementor-element-6349fe17 elementor-widget elementor-widget-heading\" data-id=\"6349fe17\" data-element_type=\"widget\" data-e-type=\"widget\" data-widget_type=\"heading.default\">\n\t\t\t\t\t<h2 class=\"elementor-heading-title elementor-size-default\">HydroFlow Smart Drip System \u2013 Automatisches Bew\u00e4sserungsset<\/h2>\t\t\t\t<\/div>\n\t\t\t\t<div class=\"elementor-element elementor-element-4890619a color-scheme-inherit text-left elementor-widget elementor-widget-text-editor\" data-id=\"4890619a\" data-element_type=\"widget\" data-e-type=\"widget\" data-widget_type=\"text-editor.default\">\n\t\t\t\t\t\t\t\t\t<p data-start=\"524\" data-end=\"815\">Das <strong data-start=\"528\" data-end=\"559\">HydroFlow Smart Drip System<\/strong> ist ein komplett durchdachtes, sofort einsatzbereites Bew\u00e4sserungsset f\u00fcr anspruchsvolle Grower. Egal ob Erde, Coco oder hydroponische Substrate \u2013 dieses System versorgt deine Pflanzen zuverl\u00e4ssig, gleichm\u00e4\u00dfig und automatisiert mit Wasser und N\u00e4hrstoffen.<\/p><p data-start=\"817\" data-end=\"1157\">Dank der Kombination aus leistungsstarker WaterMaster-Pumpe, pr\u00e4zisen Tropfringen und smarter App-Steuerung \u00fcber den VDL Smart Plug kannst du deine Bew\u00e4sserung exakt planen und optimieren. Das integrierte StarterKit von Terra Aquatica sowie das Vanguard EC-Messger\u00e4t erm\u00f6glichen dir zus\u00e4tzlich eine perfekte Kontrolle \u00fcber deine N\u00e4hrl\u00f6sung.<\/p><p data-start=\"1159\" data-end=\"1419\">Die beiden Varianten sind gezielt auf unterschiedliche Anforderungen abgestimmt:<br data-start=\"1239\" data-end=\"1242\" \/>W\u00e4hrend die <strong data-start=\"1254\" data-end=\"1273\">Compact-Version<\/strong> ideal f\u00fcr kleinere Pflanzen und Setups ist, bietet die <strong data-start=\"1329\" data-end=\"1349\">Power-Version<\/strong> eine deutlich h\u00f6here Wasserverteilung f\u00fcr gr\u00f6\u00dfere T\u00f6pfe und Pflanzen.<\/p>\t\t\t\t\t\t\t\t<\/div>\n\t\t\t\t<div class=\"elementor-element elementor-element-6771cc85 elementor-widget elementor-widget-spacer\" data-id=\"6771cc85\" data-element_type=\"widget\" data-e-type=\"widget\" data-widget_type=\"spacer.default\">\n\t\t\t\t\t\t\t<div class=\"elementor-spacer\">\n\t\t\t<div class=\"elementor-spacer-inner\"><\/div>\n\t\t<\/div>\n\t\t\t\t\t\t<\/div>\n\t\t\t\t<div class=\"elementor-element elementor-element-571c4689 elementor-widget elementor-widget-heading\" data-id=\"571c4689\" data-element_type=\"widget\" data-e-type=\"widget\" data-widget_type=\"heading.default\">\n\t\t\t\t\t<h2 class=\"elementor-heading-title elementor-size-default\">Anwendungen<\/h2>\t\t\t\t<\/div>\n\t\t\t\t<div class=\"elementor-element elementor-element-7e0ec479 color-scheme-inherit text-left elementor-widget elementor-widget-text-editor\" data-id=\"7e0ec479\" data-element_type=\"widget\" data-e-type=\"widget\" data-widget_type=\"text-editor.default\">\n\t\t\t\t\t\t\t\t\t<p data-start=\"1886\" data-end=\"1919\">Das System eignet sich ideal f\u00fcr:<\/p><ul data-start=\"1921\" data-end=\"2049\"><li data-section-id=\"idfm8r\" data-start=\"1921\" data-end=\"1941\">Indoor-Growzelte<\/li><li data-section-id=\"198gbj0\" data-start=\"1942\" data-end=\"1959\">Gew\u00e4chsh\u00e4user<\/li><li data-section-id=\"1as5haw\" data-start=\"1960\" data-end=\"2002\">Hydroponische und erdgebundene Systeme<\/li><li data-section-id=\"1hir1tu\" data-start=\"2003\" data-end=\"2049\">Automatisierte Bew\u00e4sserung bei Abwesenheit<\/li><\/ul><p data-start=\"2051\" data-end=\"2311\">Einfach die Pumpe mit dem Schlauchsystem verbinden, Tropfringe positionieren und \u00fcber den Smart Plug deine Bew\u00e4sserungsintervalle festlegen.<br data-start=\"2191\" data-end=\"2194\" \/>Mit dem EC-Messger\u00e4t kannst du zus\u00e4tzlich sicherstellen, dass deine Pflanzen optimal mit N\u00e4hrstoffen versorgt werden.<\/p>\t\t\t\t\t\t\t\t<\/div>\n\t\t\t\t<div class=\"elementor-element elementor-element-4e64ace4 elementor-widget elementor-widget-spacer\" data-id=\"4e64ace4\" data-element_type=\"widget\" data-e-type=\"widget\" data-widget_type=\"spacer.default\">\n\t\t\t\t\t\t\t<div class=\"elementor-spacer\">\n\t\t\t<div class=\"elementor-spacer-inner\"><\/div>\n\t\t<\/div>\n\t\t\t\t\t\t<\/div>\n\t\t\t\t<div class=\"elementor-element elementor-element-683d6257 elementor-widget elementor-widget-heading\" data-id=\"683d6257\" data-element_type=\"widget\" data-e-type=\"widget\" data-widget_type=\"heading.default\">\n\t\t\t\t\t<h2 class=\"elementor-heading-title elementor-size-default\">Vorteile<\/h2>\t\t\t\t<\/div>\n\t\t\t\t<div class=\"elementor-element elementor-element-225f0e7d color-scheme-inherit text-left elementor-widget elementor-widget-text-editor\" data-id=\"225f0e7d\" data-element_type=\"widget\" data-e-type=\"widget\" data-widget_type=\"text-editor.default\">\n\t\t\t\t\t\t\t\t\t<ul><li data-section-id=\"mtcu4g\" data-start=\"1440\" data-end=\"1493\">\ud83d\udca7 Vollautomatische Bew\u00e4sserung per App steuerbar<\/li><li data-section-id=\"1xngue4\" data-start=\"1494\" data-end=\"1547\">\ud83c\udf31 Gleichm\u00e4\u00dfige Wasserverteilung durch Tropfringe<\/li><li data-section-id=\"1qkrorw\" data-start=\"1548\" data-end=\"1609\">\u2699\ufe0f Sofort einsatzbereit \u2013 kein zus\u00e4tzliches Zubeh\u00f6r n\u00f6tig<\/li><li data-section-id=\"12atonx\" data-start=\"1610\" data-end=\"1652\">\ud83d\udcf1 Smarte Steuerung mit VDL Smart Plug<\/li><li data-section-id=\"1aq64gp\" data-start=\"1653\" data-end=\"1706\">\ud83d\udcca EC-Messger\u00e4t zur Kontrolle der N\u00e4hrstoffl\u00f6sung<\/li><li data-section-id=\"1kl8uks\" data-start=\"1707\" data-end=\"1744\">\ud83c\udf3f Perfekt f\u00fcr Erde, Coco &amp; Hydro<\/li><li data-section-id=\"13l5htr\" data-start=\"1745\" data-end=\"1809\">\ud83d\udd27 Einfacher Aufbau durch mitgelieferten Bohrer &amp; Anschl\u00fcsse<\/li><li data-section-id=\"1ugdbtl\" data-start=\"1810\" data-end=\"1863\">\ud83d\ude80 Zwei Varianten f\u00fcr unterschiedliche Growgr\u00f6\u00dfen<\/li><\/ul>\t\t\t\t\t\t\t\t<\/div>\n\t\t\t\t<div class=\"elementor-element elementor-element-32054fd2 elementor-widget elementor-widget-spacer\" data-id=\"32054fd2\" data-element_type=\"widget\" data-e-type=\"widget\" data-widget_type=\"spacer.default\">\n\t\t\t\t\t\t\t<div class=\"elementor-spacer\">\n\t\t\t<div class=\"elementor-spacer-inner\"><\/div>\n\t\t<\/div>\n\t\t\t\t\t\t<\/div>\n\t\t\t\t<div class=\"elementor-element elementor-element-45e2752b elementor-widget elementor-widget-heading\" data-id=\"45e2752b\" data-element_type=\"widget\" data-e-type=\"widget\" data-widget_type=\"heading.default\">\n\t\t\t\t\t<h2 class=\"elementor-heading-title elementor-size-default\">Lieferumfang<\/h2>\t\t\t\t<\/div>\n\t\t\t\t<div class=\"elementor-element elementor-element-773d691 elementor-widget elementor-widget-heading\" data-id=\"773d691\" data-element_type=\"widget\" data-e-type=\"widget\" data-widget_type=\"heading.default\">\n\t\t\t\t\t<h2 class=\"elementor-heading-title elementor-size-default\">Variante: HydroFlow Compact 3 Smart<\/h2>\t\t\t\t<\/div>\n\t\t\t\t<div class=\"elementor-element elementor-element-407ee350 color-scheme-inherit text-left elementor-widget elementor-widget-text-editor\" data-id=\"407ee350\" data-element_type=\"widget\" data-e-type=\"widget\" data-widget_type=\"text-editor.default\">\n\t\t\t\t\t\t\t\t\t<ul data-start=\"2380\" data-end=\"2705\"><li data-section-id=\"50q341\" data-start=\"2380\" data-end=\"2409\">WaterMaster Pumpe 600 l\/h<\/li><li data-section-id=\"q0z728\" data-start=\"2410\" data-end=\"2452\">3x Tropfringe (\u00d8 12 cm, je 4 Tropfstellen)<\/li><li data-section-id=\"15jnlbe\" data-start=\"2453\" data-end=\"2473\">3x Vierkantt\u00f6pfe<\/li><li data-section-id=\"1a9xna9\" data-start=\"2474\" data-end=\"2492\">VDL Smart Plug (Smarte Steckdose)<\/li><li data-section-id=\"c1mo4e\" data-start=\"2493\" data-end=\"2525\">2m 16 mm PP Schlauch (wei\u00df)<\/li><li data-section-id=\"168perz\" data-start=\"2526\" data-end=\"2551\">2x 90\u00b0 Winkel (16 mm)<\/li><li data-section-id=\"1fcfopo\" data-start=\"2552\" data-end=\"2585\">3x Konnektor 3\/5 mm auf 16 mm<\/li><li data-section-id=\"1uvpzv5\" data-start=\"2586\" data-end=\"2619\">3m 3\/5 mm PP Schlauch (wei\u00df)<\/li><li data-section-id=\"16i8yrw\" data-start=\"2620\" data-end=\"2649\">Bohrer f\u00fcr 16mm Schlauch<\/li><li data-section-id=\"oxglfm\" data-start=\"2650\" data-end=\"2679\">Terra Aquatica StarterKit<\/li><li data-section-id=\"1v96jb\" data-start=\"2680\" data-end=\"2705\">Vanguard EC-Messger\u00e4t<\/li><\/ul>\t\t\t\t\t\t\t\t<\/div>\n\t\t\t\t<div class=\"elementor-element elementor-element-08f5070 elementor-widget elementor-widget-heading\" data-id=\"08f5070\" data-element_type=\"widget\" data-e-type=\"widget\" data-widget_type=\"heading.default\">\n\t\t\t\t\t<h2 class=\"elementor-heading-title elementor-size-default\">Variante: HydroFlow Power 3 Smart<\/h2>\t\t\t\t<\/div>\n\t\t\t\t<div class=\"elementor-element elementor-element-f340d2c color-scheme-inherit text-left elementor-widget elementor-widget-text-editor\" data-id=\"f340d2c\" data-element_type=\"widget\" data-e-type=\"widget\" data-widget_type=\"text-editor.default\">\n\t\t\t\t\t\t\t\t\t<ul data-start=\"2380\" data-end=\"2705\"><li data-section-id=\"50q341\" data-start=\"2380\" data-end=\"2409\">WaterMaster Pumpe 800 l\/h<\/li><li data-section-id=\"q0z728\" data-start=\"2410\" data-end=\"2452\">3x Tropfringe (\u00d8 25 cm, je 8 Tropfstellen)<\/li><li data-section-id=\"15jnlbe\" data-start=\"2453\" data-end=\"2473\">3x Vierkantt\u00f6pfe<\/li><li data-section-id=\"1a9xna9\" data-start=\"2474\" data-end=\"2492\">VDL Smart Plug (Smarte Steckdose)<\/li><li data-section-id=\"c1mo4e\" data-start=\"2493\" data-end=\"2525\">2m 16 mm PP Schlauch (wei\u00df)<\/li><li data-section-id=\"168perz\" data-start=\"2526\" data-end=\"2551\">2x 90\u00b0 Winkel (16 mm)<\/li><li data-section-id=\"1fcfopo\" data-start=\"2552\" data-end=\"2585\">3x Konnektor 3\/5 mm auf 16 mm<\/li><li data-section-id=\"1uvpzv5\" data-start=\"2586\" data-end=\"2619\">3m 3\/5 mm PP Schlauch (wei\u00df)<\/li><li data-section-id=\"16i8yrw\" data-start=\"2620\" data-end=\"2649\">Bohrer f\u00fcr 16mm Schlauch<\/li><li data-section-id=\"oxglfm\" data-start=\"2650\" data-end=\"2679\">Terra Aquatica StarterKit<\/li><li data-section-id=\"1v96jb\" data-start=\"2680\" data-end=\"2705\">Vanguard EC-Messger\u00e4t<\/li><\/ul>\t\t\t\t\t\t\t\t<\/div>\n\t\t\t\t<div class=\"elementor-element elementor-element-6da2efaa elementor-widget elementor-widget-spacer\" data-id=\"6da2efaa\" data-element_type=\"widget\" data-e-type=\"widget\" data-widget_type=\"spacer.default\">\n\t\t\t\t\t\t\t<div class=\"elementor-spacer\">\n\t\t\t<div class=\"elementor-spacer-inner\"><\/div>\n\t\t<\/div>\n\t\t\t\t\t\t<\/div>\n\t\t\t\t<div class=\"elementor-element elementor-element-122d07a2 elementor-widget elementor-widget-heading\" data-id=\"122d07a2\" data-element_type=\"widget\" data-e-type=\"widget\" data-widget_type=\"heading.default\">\n\t\t\t\t\t<h2 class=\"elementor-heading-title elementor-size-default\">Zusammenfassung<\/h2>\t\t\t\t<\/div>\n\t\t\t\t<div class=\"elementor-element elementor-element-391e3f22 color-scheme-inherit text-left elementor-widget elementor-widget-text-editor\" data-id=\"391e3f22\" data-element_type=\"widget\" data-e-type=\"widget\" data-widget_type=\"text-editor.default\">\n\t\t\t\t\t\t\t\t\t<p>Das <strong data-start=\"3126\" data-end=\"3157\">HydroFlow Smart Drip System<\/strong> bietet dir eine professionelle, automatisierte Bew\u00e4sserungsl\u00f6sung mit maximaler Kontrolle. Durch die Kombination aus smarter Steuerung, effizienter Wasserverteilung und integrierter N\u00e4hrstoffkontrolle ist dieses Set ideal f\u00fcr Einsteiger und erfahrene Grower gleicherma\u00dfen.<\/p>\t\t\t\t\t\t\t\t<\/div>\n\t\t\t\t\t<\/div>\n\t\t\t\t<\/div>\n\t\t\t\t<\/div>\n\t\t","protected":false},"excerpt":{"rendered":"<p>Komplettes, smartes Bew\u00e4sserungssystem f\u00fcr bis zu 3 Pflanzen. Mit leistungsstarker Pumpe, Tropfringen und App-Steuerung \u00fcber Smart Plug sorgt das Set f\u00fcr eine gleichm\u00e4\u00dfige und zuverl\u00e4ssige Wasserversorgung. Inklusive EC-Messger\u00e4t und Terra Aquatica StarterKit f\u00fcr optimale N\u00e4hrstoffkontrolle. Ideal f\u00fcr Growzelt, Gew\u00e4chshaus und Hydroponik.<\/p>\n","protected":false},"featured_media":0,"comment_status":"open","ping_status":"closed","template":"","meta":{"_monsterinsights_skip_tracking":false,"_monsterinsights_sitenote_active":false,"_monsterinsights_sitenote_note":"","_monsterinsights_sitenote_category":0},"product_brand":[],"product_cat":[570,780,1047],"product_tag":[2077,2078,2079,2080,2081,2082,2083,2084,2085,2086],"class_list":{"0":"post-21467","1":"product","2":"type-product","3":"status-publish","5":"product_cat-new-articles","6":"product_cat-komplett-sets","7":"product_cat-bewaesserung","8":"product_tag-bewaesserungssystem-grow","9":"product_tag-automatische-pflanzenbewaesserung","10":"product_tag-tropfbewaesserung-set","11":"product_tag-grow-bewaesserung-set","12":"product_tag-hydroponik-bewaesserung","13":"product_tag-smart-bewaesserungssystem","14":"product_tag-tropfring-system","15":"product_tag-indoor-bewaesserung","16":"product_tag-bewaesserung-mit-pumpe","17":"product_tag-ec-messgeraet-grow","19":"first","20":"instock","21":"taxable","22":"shipping-taxable","23":"product-type-variable"},"bundled_by":[],"bundle_stock_status":"instock","bundle_stock_quantity":null,"bundle_virtual":false,"bundle_layout":"","bundle_add_to_cart_form_location":"","bundle_editable_in_cart":false,"bundle_sold_individually_context":"","bundle_item_grouping":"","bundle_min_size":"","bundle_max_size":"","bundle_price":[],"bundled_items":[],"bundle_sell_ids":[],"supplier_id":null,"supplier_sku":"","barcode":null,"atum_controlled":true,"out_stock_date":null,"out_stock_threshold":null,"inheritable":true,"inbound_stock":null,"stock_on_hold":0,"sold_today":0,"sales_last_days":0,"reserved_stock":null,"customer_returns":null,"warehouse_damage":null,"lost_in_post":null,"other_logs":null,"out_stock_days":0,"lost_sales":0,"has_location":false,"update_date":"2026-04-15T09:07:29","atum_locations":[],"atum_stock_status":"instock","restock_status":false,"low_stock_amount":"","sales_update_date":"2026-04-15T00:05:25","calc_backorders":null,"tiered_pricing_type":"fixed","tiered_pricing_fixed_rules":[],"tiered_pricing_product_settings":{"layout":"default","base_unit_name":{"singular":null,"plural":null},"default_variation":null},"tiered_pricing_minimum_quantity":null,"tiered_pricing_roles_data":[],"tiered_pricing_percentage_rules":[],"_links":{"self":[{"href":"https:\/\/www.lets-grow.de\/blog\/wp-json\/wp\/v2\/product\/21467","targetHints":{"allow":["GET"]}}],"collection":[{"href":"https:\/\/www.lets-grow.de\/blog\/wp-json\/wp\/v2\/product"}],"about":[{"href":"https:\/\/www.lets-grow.de\/blog\/wp-json\/wp\/v2\/types\/product"}],"replies":[{"embeddable":true,"href":"https:\/\/www.lets-grow.de\/blog\/wp-json\/wp\/v2\/comments?post=21467"}],"version-history":[{"count":15,"href":"https:\/\/www.lets-grow.de\/blog\/wp-json\/wp\/v2\/product\/21467\/revisions"}],"predecessor-version":[{"id":21508,"href":"https:\/\/www.lets-grow.de\/blog\/wp-json\/wp\/v2\/product\/21467\/revisions\/21508"}],"wp:attachment":[{"href":"https:\/\/www.lets-grow.de\/blog\/wp-json\/wp\/v2\/media?parent=21467"}],"wp:term":[{"taxonomy":"product_brand","embeddable":true,"href":"https:\/\/www.lets-grow.de\/blog\/wp-json\/wp\/v2\/product_brand?post=21467"},{"taxonomy":"product_cat","embeddable":true,"href":"https:\/\/www.lets-grow.de\/blog\/wp-json\/wp\/v2\/product_cat?post=21467"},{"taxonomy":"product_tag","embeddable":true,"href":"https:\/\/www.lets-grow.de\/blog\/wp-json\/wp\/v2\/product_tag?post=21467"}],"curies":[{"name":"wp","href":"https:\/\/api.w.org\/{rel}","templated":true}]}}