{"id":21243,"date":"2026-01-25T11:55:42","date_gmt":"2026-01-25T10:55:42","guid":{"rendered":"https:\/\/www.lets-grow.de\/blog\/?post_type=product&#038;p=21243"},"modified":"2026-01-25T12:27:40","modified_gmt":"2026-01-25T11:27:40","slug":"dwc-eimersystem-30l-vierer-set-tripart","status":"publish","type":"product","link":"https:\/\/www.lets-grow.de\/blog\/shop\/dwc-eimersystem-30l-vierer-set-tripart\/","title":{"rendered":"DWC-Eimersystem 30L \u2013 Vierer-Set &#8211; Tripart"},"content":{"rendered":"\t\t<div data-elementor-type=\"product-post\" data-elementor-id=\"21243\" class=\"elementor elementor-21243\" data-elementor-post-type=\"product\">\n\t\t\t\t<div class=\"wd-negative-gap elementor-element elementor-element-1bd6c467 e-flex e-con-boxed e-con e-parent\" data-id=\"1bd6c467\" data-element_type=\"container\" data-e-type=\"container\">\n\t\t\t\t\t<div class=\"e-con-inner\">\n\t\t\t\t<div class=\"elementor-element elementor-element-57b7c2ea elementor-widget elementor-widget-heading\" data-id=\"57b7c2ea\" data-element_type=\"widget\" data-e-type=\"widget\" data-widget_type=\"heading.default\">\n\t\t\t\t\t<h2 class=\"elementor-heading-title elementor-size-default\">DWC-Eimersystem 30L \u2013 Bausatz f\u00fcr individuelles Hydroponik<\/h2>\t\t\t\t<\/div>\n\t\t\t\t<div class=\"elementor-element elementor-element-5478ca34 color-scheme-inherit text-left elementor-widget elementor-widget-text-editor\" data-id=\"5478ca34\" data-element_type=\"widget\" data-e-type=\"widget\" data-widget_type=\"text-editor.default\">\n\t\t\t\t\t\t\t\t\t<p data-start=\"1515\" data-end=\"1734\">Die <strong data-start=\"1519\" data-end=\"1552\">DWC-Eimersystem 30L \u2013 Startersets <\/strong>ist eine ideale Grundlage f\u00fcr den <strong data-start=\"1587\" data-end=\"1621\">Deep Water Culture (DWC)-Anbau<\/strong>. Pflanzen wachsen direkt in der bel\u00fcfteten N\u00e4hrl\u00f6sung, was f\u00fcr schnelleres Wachstum und gesunde Wurzeln sorgt.<\/p><p data-start=\"1736\" data-end=\"1954\">\u2714 <strong data-start=\"1738\" data-end=\"1751\">30L Eimer<\/strong> \u2013 lichtundurchl\u00e4ssig, stabil &amp; optimal f\u00fcr Wurzeln<br data-start=\"1802\" data-end=\"1805\" \/>\u2714 <strong data-start=\"1807\" data-end=\"1831\">Wasserstandsanzeiger<\/strong> \u2013 f\u00fcr eine einfache Kontrolle des N\u00e4hrstofflevels<br data-start=\"1881\" data-end=\"1884\" \/>\u2714 <strong data-start=\"1886\" data-end=\"1918\">13 cm Gittertopf mit Bl\u00e4hton<\/strong> \u2013 stabiler Halt f\u00fcr Ihre Pflanzen<br \/><strong data-start=\"1993\" data-end=\"2018\">\u2714 Luftschlauch (4\/6 mm)<\/strong> \u2013 zur Verbindung mit einer Luftpumpe<br \/><strong data-start=\"2060\" data-end=\"2100\">\u2714 Sprudelsteine (Kugeln 5cm)<\/strong> \u2013 f\u00fcr optimale Sauerstoffversorgung<br data-start=\"2136\" data-end=\"2139\" \/><strong data-start=\"2141\" data-end=\"2187\">\u2714 Membranluftpumpe mit 1, 2 oder 4 Ausg\u00e4ngen<\/strong> \u2013 ideal f\u00fcr ein oder mehrere Eimer, je nach Set<br data-start=\"2222\" data-end=\"2225\" \/>\u27a1 <strong data-start=\"2227\" data-end=\"2237\">D\u00fcnger (optional)<\/strong> \u2013 abgestimmte D\u00fcnger wahlweise von TerraAquatica oder BioBizz auf DWC-Systeme<\/p>\t\t\t\t\t\t\t\t<\/div>\n\t\t\t\t<div class=\"elementor-element elementor-element-55c61228 elementor-widget elementor-widget-spacer\" data-id=\"55c61228\" data-element_type=\"widget\" data-e-type=\"widget\" data-widget_type=\"spacer.default\">\n\t\t\t\t\t\t\t<div class=\"elementor-spacer\">\n\t\t\t<div class=\"elementor-spacer-inner\"><\/div>\n\t\t<\/div>\n\t\t\t\t\t\t<\/div>\n\t\t\t\t<div class=\"elementor-element elementor-element-324f4a3a elementor-widget elementor-widget-heading\" data-id=\"324f4a3a\" data-element_type=\"widget\" data-e-type=\"widget\" data-widget_type=\"heading.default\">\n\t\t\t\t\t<h2 class=\"elementor-heading-title elementor-size-default\">Vorteile des Basisset<\/h2>\t\t\t\t<\/div>\n\t\t\t\t<div class=\"elementor-element elementor-element-f890f8c color-scheme-inherit text-left elementor-widget elementor-widget-text-editor\" data-id=\"f890f8c\" data-element_type=\"widget\" data-e-type=\"widget\" data-widget_type=\"text-editor.default\">\n\t\t\t\t\t\t\t\t\t<p>\u2714 <strong data-start=\"888\" data-end=\"936\">Sofort startklar \u2013 nur N\u00e4hrl\u00f6sung hinzuf\u00fcgen<\/strong><br data-start=\"936\" data-end=\"939\" \/>\u2714 <strong data-start=\"941\" data-end=\"1001\">Stabiler, lichtundurchl\u00e4ssiger Eimer f\u00fcr gesunde Wurzeln<\/strong><br data-start=\"1001\" data-end=\"1004\" \/>\u2714 <strong data-start=\"1006\" data-end=\"1059\">Einfache Kontrolle des Wasserstands dank Anzeiger<\/strong><br data-start=\"1059\" data-end=\"1062\" \/>\u2714 <strong data-start=\"1064\" data-end=\"1127\">Flexibel erweiterbar mit Luftpumpe, Sprudelsteinen &amp; D\u00fcnger<\/strong><\/p>\t\t\t\t\t\t\t\t<\/div>\n\t\t\t\t<div class=\"elementor-element elementor-element-cebe178 elementor-widget elementor-widget-spacer\" data-id=\"cebe178\" data-element_type=\"widget\" data-e-type=\"widget\" data-widget_type=\"spacer.default\">\n\t\t\t\t\t\t\t<div class=\"elementor-spacer\">\n\t\t\t<div class=\"elementor-spacer-inner\"><\/div>\n\t\t<\/div>\n\t\t\t\t\t\t<\/div>\n\t\t\t\t<div class=\"elementor-element elementor-element-b8e2b99 elementor-widget elementor-widget-heading\" data-id=\"b8e2b99\" data-element_type=\"widget\" data-e-type=\"widget\" data-widget_type=\"heading.default\">\n\t\t\t\t\t<h2 class=\"elementor-heading-title elementor-size-default\">Warum gibt es dieses Set ?<\/h2>\t\t\t\t<\/div>\n\t\t\t\t<div class=\"elementor-element elementor-element-6ca86107 color-scheme-inherit text-left elementor-widget elementor-widget-text-editor\" data-id=\"6ca86107\" data-element_type=\"widget\" data-e-type=\"widget\" data-widget_type=\"text-editor.default\">\n\t\t\t\t\t\t\t\t\t<p data-start=\"726\" data-end=\"1111\"><strong data-start=\"726\" data-end=\"766\">Das DWC-Eimersystem 30L \u2013 Starterset<\/strong> wurde entwickelt, um ein flexibles, erweiterbares und nachhaltiges Hydroponik-System anzubieten. Nicht jeder ben\u00f6tigt ein Komplettset \u2013 viele haben bereits Komponenten oder m\u00f6chten selbst entscheiden, welche Teile sie verwenden. Mit diesem Bausatz haben Sie die Freiheit, Ihr System individuell zusammenzustellen und nach Bedarf zu erweitern.<\/p><p data-start=\"1113\" data-end=\"1411\">Ein weiterer Vorteil: Wer mehrere Eimer betreiben m\u00f6chte, kann durch eine Membranluftpumpe mit mehreren Ausg\u00e4ngen (1, 2 oder 4) Kosten sparen. Anstatt f\u00fcr jeden Eimer eine eigene Pumpe zu kaufen, reicht oft eine st\u00e4rkere Luftpumpe mit mehreren Anschl\u00fcssen, um mehrere Eimer effizient zu bel\u00fcften.<\/p><p data-start=\"1413\" data-end=\"1593\">Wer ganz neu startet, hat ebenfalls die M\u00f6glichkeit, aus einem unserer beiden Startersets zu w\u00e4hlen: dem <strong data-start=\"1518\" data-end=\"1546\">Biobizz Hydro Starterkit<\/strong> oder dem <strong data-start=\"1556\" data-end=\"1590\">Tripart-Set von Terra Aquatica<\/strong>.<\/p>\t\t\t\t\t\t\t\t<\/div>\n\t\t\t\t<div class=\"elementor-element elementor-element-283e091a elementor-widget elementor-widget-spacer\" data-id=\"283e091a\" data-element_type=\"widget\" data-e-type=\"widget\" data-widget_type=\"spacer.default\">\n\t\t\t\t\t\t\t<div class=\"elementor-spacer\">\n\t\t\t<div class=\"elementor-spacer-inner\"><\/div>\n\t\t<\/div>\n\t\t\t\t\t\t<\/div>\n\t\t\t\t<div class=\"elementor-element elementor-element-f65cc00 elementor-widget elementor-widget-heading\" data-id=\"f65cc00\" data-element_type=\"widget\" data-e-type=\"widget\" data-widget_type=\"heading.default\">\n\t\t\t\t\t<h2 class=\"elementor-heading-title elementor-size-default\">Warum Hydroponik ausprobieren?<\/h2>\t\t\t\t<\/div>\n\t\t\t\t<div class=\"elementor-element elementor-element-77c50f8 color-scheme-inherit text-left elementor-widget elementor-widget-text-editor\" data-id=\"77c50f8\" data-element_type=\"widget\" data-e-type=\"widget\" data-widget_type=\"text-editor.default\">\n\t\t\t\t\t\t\t\t\t<p>Hydrokultur ist eine innovative Anbaumethode, die auf Erde verzichtet und stattdessen auf eine n\u00e4hrstoffreiche L\u00f6sung setzt. Das 30L DWC-Eimersystem bietet dir eine einfache M\u00f6glichkeit, die Vorteile der Hydroponik zu entdecken: schnellere Wachstumszyklen, weniger Sch\u00e4dlingsbefall und eine effizientere Nutzung von Wasser und N\u00e4hrstoffen.<\/p><p>Bringe deinen Anbau auf das n\u00e4chste Level und entdecke, wie einfach und erfolgreich der Einstieg in die Hydroponik sein kann \u2013 mit dem <strong>30L DWC-Eimersystem<\/strong>!<\/p>\t\t\t\t\t\t\t\t<\/div>\n\t\t\t\t<div class=\"elementor-element elementor-element-987c101 elementor-widget elementor-widget-spacer\" data-id=\"987c101\" data-element_type=\"widget\" data-e-type=\"widget\" data-widget_type=\"spacer.default\">\n\t\t\t\t\t\t\t<div class=\"elementor-spacer\">\n\t\t\t<div class=\"elementor-spacer-inner\"><\/div>\n\t\t<\/div>\n\t\t\t\t\t\t<\/div>\n\t\t\t\t<div class=\"elementor-element elementor-element-f5908c4 elementor-widget elementor-widget-heading\" data-id=\"f5908c4\" data-element_type=\"widget\" data-e-type=\"widget\" data-widget_type=\"heading.default\">\n\t\t\t\t\t<h2 class=\"elementor-heading-title elementor-size-default\">Was ist DWC und warum ist es so effektiv?<\/h2>\t\t\t\t<\/div>\n\t\t\t\t<div class=\"elementor-element elementor-element-a4264f7 color-scheme-inherit text-left elementor-widget elementor-widget-text-editor\" data-id=\"a4264f7\" data-element_type=\"widget\" data-e-type=\"widget\" data-widget_type=\"text-editor.default\">\n\t\t\t\t\t\t\t\t\t<p>DWC steht f\u00fcr <strong>Deep Water Culture<\/strong> und ist eine der einfachsten und zugleich effektivsten Methoden der Hydroponik. Bei diesem System wachsen die Pflanzen in Netzt\u00f6pfen, die \u00fcber einem mit N\u00e4hrl\u00f6sung gef\u00fcllten Reservoir h\u00e4ngen. Die Wurzeln tauchen direkt in die N\u00e4hrl\u00f6sung ein, w\u00e4hrend eine Membranpumpe und ein Sprudelstein das Wasser kontinuierlich mit Sauerstoff anreichern.<\/p>\t\t\t\t\t\t\t\t<\/div>\n\t\t\t\t<div class=\"elementor-element elementor-element-d6a717a color-scheme-inherit text-left elementor-widget elementor-widget-text-editor\" data-id=\"d6a717a\" data-element_type=\"widget\" data-e-type=\"widget\" data-widget_type=\"text-editor.default\">\n\t\t\t\t\t\t\t\t\t<p>DWC ist besonders f\u00fcr Einsteiger ideal, da es einfach aufzubauen und zu betreiben ist. Gleichzeitig bietet es auch f\u00fcr erfahrene Grower die M\u00f6glichkeit, schnell und effizient beeindruckende Ergebnisse zu erzielen. Die kontinuierliche Sauerstoffversorgung und die direkte Aufnahme der N\u00e4hrstoffe sorgen daf\u00fcr, dass deine Pflanzen ihr volles Potenzial aussch\u00f6pfen k\u00f6nnen.<\/p>\t\t\t\t\t\t\t\t<\/div>\n\t\t\t\t<div class=\"elementor-element elementor-element-3d1d6a1 elementor-widget elementor-widget-spacer\" data-id=\"3d1d6a1\" data-element_type=\"widget\" data-e-type=\"widget\" data-widget_type=\"spacer.default\">\n\t\t\t\t\t\t\t<div class=\"elementor-spacer\">\n\t\t\t<div class=\"elementor-spacer-inner\"><\/div>\n\t\t<\/div>\n\t\t\t\t\t\t<\/div>\n\t\t\t\t<div class=\"elementor-element elementor-element-ba1aef1 elementor-widget elementor-widget-heading\" data-id=\"ba1aef1\" data-element_type=\"widget\" data-e-type=\"widget\" data-widget_type=\"heading.default\">\n\t\t\t\t\t<h2 class=\"elementor-heading-title elementor-size-default\">Vorteile von DWC:<\/h2>\t\t\t\t<\/div>\n\t\t\t\t<div class=\"elementor-element elementor-element-59d309e elementor-widget elementor-widget-wd_list\" data-id=\"59d309e\" data-element_type=\"widget\" data-e-type=\"widget\" data-widget_type=\"wd_list.default\">\n\t\t\t\t<div class=\"elementor-widget-container\">\n\t\t\t\t\t\t\t<ul class=\"wd-list color-scheme-custom wd-fontsize-xs wd-type-icon wd-style-default text-left\">\n\t\t\t\t\t\t\t\t\t\t\t<li class=\"elementor-repeater-item-77fcfb3\">\n\t\t\t\t\t\t\t\t\t\t\t<span class=\"wd-icon\"><span class=\"fas fa-plus\"><\/span><\/span>\t\t\t\t\t\n\t\t\t\t\t<span class=\"wd-list-content list-content\">\n\t\t\t\t\t\t\t\t\t\t\t\t\t<b>Optimale N\u00e4hrstoffversorgung:<\/b> Da die Wurzeln st\u00e4ndig von der N\u00e4hrl\u00f6sung umgeben sind, k\u00f6nnen die Pflanzen jederzeit alle ben\u00f6tigten N\u00e4hrstoffe aufnehmen. Dies f\u00fchrt zu schnellerem Wachstum und h\u00f6heren Ertr\u00e4gen im Vergleich zur Erdkultur.\t\t\t\t\t\t\t\t\t\t\t<\/span>\n\t\t\t\t<\/li>\n\t\t\t\t\t\t\t\t\t\t\t<li class=\"elementor-repeater-item-2691cfc\">\n\t\t\t\t\t\t\t\t\t\t\t<span class=\"wd-icon\"><span class=\"fas fa-plus\"><\/span><\/span>\t\t\t\t\t\n\t\t\t\t\t<span class=\"wd-list-content list-content\">\n\t\t\t\t\t\t\t\t\t\t\t\t\t<b>Konstante Sauerstoffzufuhr:<\/b> Durch die Bel\u00fcftung der N\u00e4hrl\u00f6sung wird Sauerstoff direkt an die Wurzeln gebracht, was F\u00e4ulnis verhindert und das Wurzelwachstum f\u00f6rdert. Gesunde Wurzeln bedeuten gesunde Pflanzen!\t\t\t\t\t\t\t\t\t\t\t<\/span>\n\t\t\t\t<\/li>\n\t\t\t\t\t\t\t\t\t\t\t<li class=\"elementor-repeater-item-56666e0\">\n\t\t\t\t\t\t\t\t\t\t\t<span class=\"wd-icon\"><span class=\"fas fa-plus\"><\/span><\/span>\t\t\t\t\t\n\t\t\t\t\t<span class=\"wd-list-content list-content\">\n\t\t\t\t\t\t\t\t\t\t\t\t\t<b>Wassereffizienz:<\/b> DWC-Systeme ben\u00f6tigen deutlich weniger Wasser als herk\u00f6mmliche Anbaumethoden, da das Wasser im Reservoir bleibt und nicht verdunstet oder versickert.\t\t\t\t\t\t\t\t\t\t\t<\/span>\n\t\t\t\t<\/li>\n\t\t\t\t\t\t\t\t\t\t\t<li class=\"elementor-repeater-item-b54a39f\">\n\t\t\t\t\t\t\t\t\t\t\t<span class=\"wd-icon\"><span class=\"fas fa-plus\"><\/span><\/span>\t\t\t\t\t\n\t\t\t\t\t<span class=\"wd-list-content list-content\">\n\t\t\t\t\t\t\t\t\t\t\t\t\t<b>Weniger Sch\u00e4dlingsprobleme:<\/b> Da keine Erde verwendet wird, sind DWC-Systeme weniger anf\u00e4llig f\u00fcr Bodensch\u00e4dlinge und Krankheiten.\t\t\t\t\t\t\t\t\t\t\t<\/span>\n\t\t\t\t<\/li>\n\t\t\t\t\t\t\t\t\t\t\t<li class=\"elementor-repeater-item-8c5e5fa\">\n\t\t\t\t\t\t\t\t\t\t\t<span class=\"wd-icon\"><span class=\"fas fa-plus\"><\/span><\/span>\t\t\t\t\t\n\t\t\t\t\t<span class=\"wd-list-content list-content\">\n\t\t\t\t\t\t\t\t\t\t\t\t\t<b>Wachstumskontrolle:<\/b> Mit einem Wasserstandsanzeiger und der M\u00f6glichkeit, die N\u00e4hrstoffkonzentration exakt zu dosieren, hast du die volle Kontrolle \u00fcber die Bedingungen f\u00fcr deine Pflanzen.\t\t\t\t\t\t\t\t\t\t\t<\/span>\n\t\t\t\t<\/li>\n\t\t\t\t\t<\/ul>\n\n\t\t\t\t\t\t<\/div>\n\t\t\t\t<\/div>\n\t\t\t\t<div class=\"elementor-element elementor-element-954f283 elementor-widget elementor-widget-spacer\" data-id=\"954f283\" data-element_type=\"widget\" data-e-type=\"widget\" data-widget_type=\"spacer.default\">\n\t\t\t\t\t\t\t<div class=\"elementor-spacer\">\n\t\t\t<div class=\"elementor-spacer-inner\"><\/div>\n\t\t<\/div>\n\t\t\t\t\t\t<\/div>\n\t\t\t\t<div class=\"elementor-element elementor-element-26ceff2 elementor-widget elementor-widget-heading\" data-id=\"26ceff2\" data-element_type=\"widget\" data-e-type=\"widget\" data-widget_type=\"heading.default\">\n\t\t\t\t\t<h2 class=\"elementor-heading-title elementor-size-default\">Fazit<\/h2>\t\t\t\t<\/div>\n\t\t\t\t<div class=\"elementor-element elementor-element-679a539 color-scheme-inherit text-left elementor-widget elementor-widget-text-editor\" data-id=\"679a539\" data-element_type=\"widget\" data-e-type=\"widget\" data-widget_type=\"text-editor.default\">\n\t\t\t\t\t\t\t\t\t<p data-start=\"195\" data-end=\"478\">Mit diesen <strong>Startersets<\/strong> erhalten Sie die ideale Basis f\u00fcr Ihr DWC-System. Sie k\u00f6nnen zwischen 1, 2 oder 4 Eimern w\u00e4hlen und optional abgestimmte D\u00fcnger von <strong data-start=\"363\" data-end=\"374\">Biobizz<\/strong> oder <strong data-start=\"380\" data-end=\"397\">TerraAquatica<\/strong> hinzuf\u00fcgen \u2013 so stellen Sie Ihr System genau nach Ihren Bed\u00fcrfnissen zusammen.<\/p>\t\t\t\t\t\t\t\t<\/div>\n\t\t\t\t\t<\/div>\n\t\t\t\t<\/div>\n\t\t\t\t<\/div>\n\t\t","protected":false},"excerpt":{"rendered":"<p>Das <strong data-start=\"3545\" data-end=\"3578\">DWC-Eimersystem 30L \u2013 Startersets <\/strong>bietet ein flexibles Hydroponik-System. Enthalten sind vier <strong data-start=\"3638\" data-end=\"3704\">30L Eimer, Wasserstandsanzeiger &amp; 13 cm Gittertopf mit Bl\u00e4hton<\/strong>. Mit<strong data-start=\"3731\" data-end=\"3819\"> D\u00fcnger TerraAquatica Tripart Starter. <\/strong>W\u00e4hlen Sie Ihr Setup und profitieren Sie von einem nachhaltigen, kostensparenden System!<\/p>\n","protected":false},"featured_media":20961,"comment_status":"open","ping_status":"closed","template":"","meta":{"_monsterinsights_skip_tracking":false,"_monsterinsights_sitenote_active":false,"_monsterinsights_sitenote_note":"","_monsterinsights_sitenote_category":0},"product_brand":[],"product_cat":[608],"product_tag":[262,1856,609,1857,610,1858,611,1859,612,1860,613],"class_list":{"0":"post-21243","1":"product","2":"type-product","3":"status-publish","4":"has-post-thumbnail","6":"product_cat-hydrosysteme","7":"product_tag-bausatz","8":"product_tag-dwc-set","9":"product_tag-hydroponik","10":"product_tag-hydroponic","11":"product_tag-eimersystem","12":"product_tag-tiefwasser","13":"product_tag-30l","14":"product_tag-bubbler","15":"product_tag-dwc","16":"product_tag-erdlos","17":"product_tag-deep-water-culture","18":"product_shipping_class-standard","20":"first","21":"instock","22":"sale","23":"sold-individually","24":"taxable","25":"shipping-taxable","26":"purchasable","27":"product-type-bundle"},"bundled_by":[],"bundle_stock_status":"instock","bundle_stock_quantity":1,"bundle_virtual":false,"bundle_layout":"default","bundle_add_to_cart_form_location":"default","bundle_editable_in_cart":true,"bundle_sold_individually_context":"configuration","bundle_item_grouping":"parent","bundle_min_size":"","bundle_max_size":30,"bundle_price":{"price":{"min":{"incl_tax":"114.99","excl_tax":"96.630252"},"max":{"incl_tax":"114.99","excl_tax":"96.630252"}},"regular_price":{"min":{"incl_tax":"116.98","excl_tax":"98.302521"},"max":{"incl_tax":"116.98","excl_tax":"98.302521"}}},"bundled_items":[{"bundled_item_id":122,"product_id":19233,"menu_order":0,"quantity_min":4,"quantity_max":4,"quantity_default":4,"priced_individually":false,"shipped_individually":false,"override_title":false,"title":"DWC-Eimersystem 30L \u2013 Basisset","override_description":false,"description":"","optional":false,"hide_thumbnail":false,"discount":"","override_variations":true,"allowed_variations":[20132],"override_default_variation_attributes":true,"default_variation_attributes":[{"id":14,"name":"Variante","option":"neuware"}],"single_product_visibility":"visible","cart_visibility":"visible","order_visibility":"visible","single_product_price_visibility":"visible","cart_price_visibility":"visible","order_price_visibility":"visible","stock_status":"in_stock"},{"bundled_item_id":123,"product_id":17141,"menu_order":1,"quantity_min":1,"quantity_max":1,"quantity_default":1,"priced_individually":false,"shipped_individually":false,"override_title":false,"title":"Tripart Starterkit","override_description":false,"description":"","optional":false,"hide_thumbnail":false,"discount":"","override_variations":false,"allowed_variations":[19516],"override_default_variation_attributes":true,"default_variation_attributes":[{"id":14,"name":"Variante","option":"weiches-wasser"}],"single_product_visibility":"visible","cart_visibility":"visible","order_visibility":"visible","single_product_price_visibility":"visible","cart_price_visibility":"visible","order_price_visibility":"visible","stock_status":"in_stock"},{"bundled_item_id":124,"product_id":19220,"menu_order":2,"quantity_min":1,"quantity_max":1,"quantity_default":1,"priced_individually":false,"shipped_individually":false,"override_title":false,"title":"Water Master Membranluftpumpe","override_description":false,"description":"","optional":false,"hide_thumbnail":false,"discount":"","override_variations":true,"allowed_variations":[19223],"override_default_variation_attributes":true,"default_variation_attributes":[{"id":14,"name":"Variante","option":"4-ausgaenge"}],"single_product_visibility":"visible","cart_visibility":"visible","order_visibility":"visible","single_product_price_visibility":"visible","cart_price_visibility":"visible","order_price_visibility":"visible","stock_status":"in_stock"},{"bundled_item_id":125,"product_id":18657,"menu_order":3,"quantity_min":4,"quantity_max":4,"quantity_default":4,"priced_individually":false,"shipped_individually":false,"override_title":false,"title":"Luftschlauch transparent 4\/6mm","override_description":false,"description":"","optional":false,"hide_thumbnail":false,"discount":"","override_variations":true,"allowed_variations":[19254],"override_default_variation_attributes":true,"default_variation_attributes":[{"id":9,"name":"L\u00e4nge","option":"1m"}],"single_product_visibility":"visible","cart_visibility":"visible","order_visibility":"visible","single_product_price_visibility":"visible","cart_price_visibility":"visible","order_price_visibility":"visible","stock_status":"in_stock"},{"bundled_item_id":126,"product_id":17805,"menu_order":4,"quantity_min":4,"quantity_max":4,"quantity_default":4,"priced_individually":false,"shipped_individually":false,"override_title":false,"title":"Ausstr\u00f6merkugel","override_description":false,"description":"","optional":false,"hide_thumbnail":false,"discount":"","override_variations":true,"allowed_variations":[17808],"override_default_variation_attributes":true,"default_variation_attributes":[{"id":14,"name":"Variante","option":"budget"}],"single_product_visibility":"visible","cart_visibility":"visible","order_visibility":"visible","single_product_price_visibility":"visible","cart_price_visibility":"visible","order_price_visibility":"visible","stock_status":"in_stock"}],"bundle_sell_ids":[],"supplier_id":null,"supplier_sku":"","barcode":null,"atum_controlled":true,"out_stock_date":null,"out_stock_threshold":null,"inheritable":false,"inbound_stock":null,"stock_on_hold":null,"sold_today":null,"sales_last_days":null,"reserved_stock":null,"customer_returns":null,"warehouse_damage":null,"lost_in_post":null,"other_logs":null,"out_stock_days":null,"lost_sales":null,"has_location":null,"update_date":null,"atum_locations":[],"atum_stock_status":"instock","restock_status":false,"low_stock_amount":"","sales_update_date":null,"calc_backorders":null,"tiered_pricing_type":"fixed","tiered_pricing_fixed_rules":[],"tiered_pricing_product_settings":{"layout":"default","base_unit_name":{"singular":null,"plural":null},"default_variation":null},"tiered_pricing_minimum_quantity":null,"tiered_pricing_roles_data":[],"tiered_pricing_percentage_rules":[],"_links":{"self":[{"href":"https:\/\/www.lets-grow.de\/blog\/wp-json\/wp\/v2\/product\/21243","targetHints":{"allow":["GET"]}}],"collection":[{"href":"https:\/\/www.lets-grow.de\/blog\/wp-json\/wp\/v2\/product"}],"about":[{"href":"https:\/\/www.lets-grow.de\/blog\/wp-json\/wp\/v2\/types\/product"}],"replies":[{"embeddable":true,"href":"https:\/\/www.lets-grow.de\/blog\/wp-json\/wp\/v2\/comments?post=21243"}],"version-history":[{"count":2,"href":"https:\/\/www.lets-grow.de\/blog\/wp-json\/wp\/v2\/product\/21243\/revisions"}],"predecessor-version":[{"id":21245,"href":"https:\/\/www.lets-grow.de\/blog\/wp-json\/wp\/v2\/product\/21243\/revisions\/21245"}],"wp:featuredmedia":[{"embeddable":true,"href":"https:\/\/www.lets-grow.de\/blog\/wp-json\/wp\/v2\/media\/20961"}],"wp:attachment":[{"href":"https:\/\/www.lets-grow.de\/blog\/wp-json\/wp\/v2\/media?parent=21243"}],"wp:term":[{"taxonomy":"product_brand","embeddable":true,"href":"https:\/\/www.lets-grow.de\/blog\/wp-json\/wp\/v2\/product_brand?post=21243"},{"taxonomy":"product_cat","embeddable":true,"href":"https:\/\/www.lets-grow.de\/blog\/wp-json\/wp\/v2\/product_cat?post=21243"},{"taxonomy":"product_tag","embeddable":true,"href":"https:\/\/www.lets-grow.de\/blog\/wp-json\/wp\/v2\/product_tag?post=21243"}],"curies":[{"name":"wp","href":"https:\/\/api.w.org\/{rel}","templated":true}]}}