{"id":2108,"date":"2024-09-27T15:24:58","date_gmt":"2024-09-27T13:24:58","guid":{"rendered":"https:\/\/www.lets-grow.de\/blog\/produkt\/cosmos-x200-led-lampe\/"},"modified":"2026-04-16T17:53:14","modified_gmt":"2026-04-16T15:53:14","slug":"cosmos-x200-led-lampe","status":"publish","type":"product","link":"https:\/\/www.lets-grow.de\/blog\/shop\/cosmos-x200-led-lampe\/","title":{"rendered":"Cosmos X200 LED-Lampe"},"content":{"rendered":"\t\t<div data-elementor-type=\"product-post\" data-elementor-id=\"2108\" class=\"elementor elementor-2108\" data-elementor-post-type=\"product\">\n\t\t\t\t<div class=\"wd-negative-gap elementor-element elementor-element-6b16de3e e-flex e-con-boxed e-con e-parent\" data-id=\"6b16de3e\" data-element_type=\"container\" data-e-type=\"container\">\n\t\t\t\t\t<div class=\"e-con-inner\">\n\t\t\t\t<div class=\"elementor-element elementor-element-5a7e28b5 elementor-widget elementor-widget-heading\" data-id=\"5a7e28b5\" data-element_type=\"widget\" data-e-type=\"widget\" data-widget_type=\"heading.default\">\n\t\t\t\t\t<h2 class=\"elementor-heading-title elementor-size-default\">Cosmos X200 \u2013 Effiziente LED-Growlampe f\u00fcr maximale Ertr\u00e4ge<\/h2>\t\t\t\t<\/div>\n\t\t\t\t<div class=\"elementor-element elementor-element-34b569bc color-scheme-inherit text-left elementor-widget elementor-widget-text-editor\" data-id=\"34b569bc\" data-element_type=\"widget\" data-e-type=\"widget\" data-widget_type=\"text-editor.default\">\n\t\t\t\t\t\t\t\t\t<p>Die <strong>Cosmos X200<\/strong> ist eine leistungsstarke und energieeffiziente LED-Growlampe, die f\u00fcr Indoor-Grower entwickelt wurde, die Wert auf hohe PPFD-Werte, eine gleichm\u00e4\u00dfige Lichtverteilung und eine lange Lebensdauer legen. Mit <strong>200 Watt Leistung<\/strong> und einem optimierten Lichtspektrum ist sie ideal f\u00fcr alle Wachstumsphasen \u2013 von der Keimung \u00fcber das vegetative Wachstum bis zur Bl\u00fcte.<\/p>\t\t\t\t\t\t\t\t<\/div>\n\t\t\t\t<div class=\"elementor-element elementor-element-7ea90596 elementor-widget elementor-widget-spacer\" data-id=\"7ea90596\" data-element_type=\"widget\" data-e-type=\"widget\" data-widget_type=\"spacer.default\">\n\t\t\t\t\t\t\t<div class=\"elementor-spacer\">\n\t\t\t<div class=\"elementor-spacer-inner\"><\/div>\n\t\t<\/div>\n\t\t\t\t\t\t<\/div>\n\t\t\t\t<div class=\"elementor-element elementor-element-76e1b6b3 elementor-widget elementor-widget-heading\" data-id=\"76e1b6b3\" data-element_type=\"widget\" data-e-type=\"widget\" data-widget_type=\"heading.default\">\n\t\t\t\t\t<h2 class=\"elementor-heading-title elementor-size-default\">Hochwertiges Vollspektrum f\u00fcr gesundes Pflanzenwachstum<\/h2>\t\t\t\t<\/div>\n\t\t\t\t<div class=\"elementor-element elementor-element-2a565b93 color-scheme-inherit text-left elementor-widget elementor-widget-text-editor\" data-id=\"2a565b93\" data-element_type=\"widget\" data-e-type=\"widget\" data-widget_type=\"text-editor.default\">\n\t\t\t\t\t\t\t\t\t<p>Die Cosmos X200 verf\u00fcgt \u00fcber ein <strong>vollspektrales LED-Layout<\/strong>, das eine Mischung aus <strong>warmwei\u00dfen (3000K), kaltwei\u00dfen (5000K) und tiefroten (660 nm) LEDs<\/strong> bietet. Dadurch erhalten deine Pflanzen das perfekte Lichtspektrum f\u00fcr eine optimale Photosynthese und ein kr\u00e4ftiges Wachstum. Die zus\u00e4tzlichen <strong>660 nm Tiefrot-LEDs<\/strong> f\u00f6rdern insbesondere die Bl\u00fctephase und steigern die Ertr\u00e4ge.<\/p>\t\t\t\t\t\t\t\t<\/div>\n\t\t\t\t<div class=\"elementor-element elementor-element-55aa2dd2 elementor-widget elementor-widget-spacer\" data-id=\"55aa2dd2\" data-element_type=\"widget\" data-e-type=\"widget\" data-widget_type=\"spacer.default\">\n\t\t\t\t\t\t\t<div class=\"elementor-spacer\">\n\t\t\t<div class=\"elementor-spacer-inner\"><\/div>\n\t\t<\/div>\n\t\t\t\t\t\t<\/div>\n\t\t\t\t<div class=\"elementor-element elementor-element-4c7b697b elementor-widget elementor-widget-heading\" data-id=\"4c7b697b\" data-element_type=\"widget\" data-e-type=\"widget\" data-widget_type=\"heading.default\">\n\t\t\t\t\t<h2 class=\"elementor-heading-title elementor-size-default\">Maximale Effizienz mit 2,8 \u00b5mol\/J<\/h2>\t\t\t\t<\/div>\n\t\t\t\t<div class=\"elementor-element elementor-element-54b3ef3 color-scheme-inherit text-left elementor-widget elementor-widget-text-editor\" data-id=\"54b3ef3\" data-element_type=\"widget\" data-e-type=\"widget\" data-widget_type=\"text-editor.default\">\n\t\t\t\t\t\t\t\t\t<p>Dank ihrer hohen Effizienz von <strong>2,8 \u00b5mol\/J<\/strong> liefert die Cosmos X200 mehr nutzbares Licht pro Watt als viele herk\u00f6mmliche Growlampen. Mit einem PPF-Wert von <strong>560 \u00b5mol\/s<\/strong> sorgt sie f\u00fcr eine intensive und gleichm\u00e4\u00dfige Beleuchtung deiner Pflanzen \u2013 perfekt f\u00fcr Fl\u00e4chen bis zu <strong>80&#215;80 cm<\/strong> in der Bl\u00fcte und bis zu <strong>100&#215;100 cm<\/strong> in der Wachstumsphase.<\/p>\t\t\t\t\t\t\t\t<\/div>\n\t\t\t\t<div class=\"elementor-element elementor-element-df113c7 elementor-widget elementor-widget-spacer\" data-id=\"df113c7\" data-element_type=\"widget\" data-e-type=\"widget\" data-widget_type=\"spacer.default\">\n\t\t\t\t\t\t\t<div class=\"elementor-spacer\">\n\t\t\t<div class=\"elementor-spacer-inner\"><\/div>\n\t\t<\/div>\n\t\t\t\t\t\t<\/div>\n\t\t\t\t<div class=\"elementor-element elementor-element-4e6239b elementor-widget elementor-widget-heading\" data-id=\"4e6239b\" data-element_type=\"widget\" data-e-type=\"widget\" data-widget_type=\"heading.default\">\n\t\t\t\t\t<h2 class=\"elementor-heading-title elementor-size-default\">Dimmbar f\u00fcr maximale Kontrolle<\/h2>\t\t\t\t<\/div>\n\t\t\t\t<div class=\"elementor-element elementor-element-844563e color-scheme-inherit text-left elementor-widget elementor-widget-text-editor\" data-id=\"844563e\" data-element_type=\"widget\" data-e-type=\"widget\" data-widget_type=\"text-editor.default\">\n\t\t\t\t\t\t\t\t\t<p>Die Cosmos X200 ist mit einem <strong>stufenlosen Dimmer<\/strong> ausgestattet, sodass du die Lichtintensit\u00e4t flexibel anpassen kannst. Dadurch kannst du Energie sparen, wenn die volle Leistung nicht ben\u00f6tigt wird, und gleichzeitig die Lebensdauer der LEDs verl\u00e4ngern.<\/p>\t\t\t\t\t\t\t\t<\/div>\n\t\t\t\t<div class=\"elementor-element elementor-element-faab243 elementor-widget elementor-widget-spacer\" data-id=\"faab243\" data-element_type=\"widget\" data-e-type=\"widget\" data-widget_type=\"spacer.default\">\n\t\t\t\t\t\t\t<div class=\"elementor-spacer\">\n\t\t\t<div class=\"elementor-spacer-inner\"><\/div>\n\t\t<\/div>\n\t\t\t\t\t\t<\/div>\n\t\t\t\t<div class=\"elementor-element elementor-element-9917279 elementor-widget elementor-widget-heading\" data-id=\"9917279\" data-element_type=\"widget\" data-e-type=\"widget\" data-widget_type=\"heading.default\">\n\t\t\t\t\t<h2 class=\"elementor-heading-title elementor-size-default\">Passive K\u00fchlung f\u00fcr lautlosen Betrieb<\/h2>\t\t\t\t<\/div>\n\t\t\t\t<div class=\"elementor-element elementor-element-4811374 color-scheme-inherit text-left elementor-widget elementor-widget-text-editor\" data-id=\"4811374\" data-element_type=\"widget\" data-e-type=\"widget\" data-widget_type=\"text-editor.default\">\n\t\t\t\t\t\t\t\t\t<p>Dank ihres passiven K\u00fchlsystems arbeitet die Cosmos X200 vollkommen ger\u00e4uschlos. Die hochwertige <strong>Aluminium-K\u00fchlfl\u00e4che<\/strong> sorgt f\u00fcr eine effiziente W\u00e4rmeableitung, sodass die Lampe auch bei l\u00e4ngeren Laufzeiten k\u00fchl bleibt.<\/p>\t\t\t\t\t\t\t\t<\/div>\n\t\t\t\t<div class=\"elementor-element elementor-element-47a4101 elementor-widget elementor-widget-spacer\" data-id=\"47a4101\" data-element_type=\"widget\" data-e-type=\"widget\" data-widget_type=\"spacer.default\">\n\t\t\t\t\t\t\t<div class=\"elementor-spacer\">\n\t\t\t<div class=\"elementor-spacer-inner\"><\/div>\n\t\t<\/div>\n\t\t\t\t\t\t<\/div>\n\t\t\t\t<div class=\"elementor-element elementor-element-eba13ef elementor-widget elementor-widget-heading\" data-id=\"eba13ef\" data-element_type=\"widget\" data-e-type=\"widget\" data-widget_type=\"heading.default\">\n\t\t\t\t\t<h2 class=\"elementor-heading-title elementor-size-default\">Vorteile der Cosmos X200 auf einen Blick:<\/h2>\t\t\t\t<\/div>\n\t\t\t\t<div class=\"elementor-element elementor-element-5da3d262 elementor-widget elementor-widget-wd_list\" data-id=\"5da3d262\" data-element_type=\"widget\" data-e-type=\"widget\" data-widget_type=\"wd_list.default\">\n\t\t\t\t<div class=\"elementor-widget-container\">\n\t\t\t\t\t\t\t<ul class=\"wd-list color-scheme-custom wd-fontsize-xs wd-type-icon wd-style-default text-left\">\n\t\t\t\t\t\t\t\t\t\t\t<li class=\"elementor-repeater-item-77fcfb3\">\n\t\t\t\t\t\t\t\t\t\t\t<span class=\"wd-icon\"><span class=\"fas fa-plus-circle\"><\/span><\/span>\t\t\t\t\t\n\t\t\t\t\t<span class=\"wd-list-content list-content\">\n\t\t\t\t\t\t\t\t\t\t\t\t\t<b>200W Leistung<\/b> \u2013 Ideal f\u00fcr Grow-Zelte bis 100x100 cm\t\t\t\t\t\t\t\t\t\t\t<\/span>\n\t\t\t\t<\/li>\n\t\t\t\t\t\t\t\t\t\t\t<li class=\"elementor-repeater-item-2691cfc\">\n\t\t\t\t\t\t\t\t\t\t\t<span class=\"wd-icon\"><span class=\"fas fa-plus-circle\"><\/span><\/span>\t\t\t\t\t\n\t\t\t\t\t<span class=\"wd-list-content list-content\">\n\t\t\t\t\t\t\t\t\t\t\t\t\t<b>Vollspektrum-LEDs<\/b> mit 3000K, 5000K und 660 nm f\u00fcr alle Wachstumsphasen\t\t\t\t\t\t\t\t\t\t\t<\/span>\n\t\t\t\t<\/li>\n\t\t\t\t\t\t\t\t\t\t\t<li class=\"elementor-repeater-item-56666e0\">\n\t\t\t\t\t\t\t\t\t\t\t<span class=\"wd-icon\"><span class=\"fas fa-plus-circle\"><\/span><\/span>\t\t\t\t\t\n\t\t\t\t\t<span class=\"wd-list-content list-content\">\n\t\t\t\t\t\t\t\t\t\t\t\t\t<b>Hohe Effizienz<\/b> mit 2,8 \u00b5mol\/J f\u00fcr maximalen Ertrag pro Watt\t\t\t\t\t\t\t\t\t\t\t<\/span>\n\t\t\t\t<\/li>\n\t\t\t\t\t\t\t\t\t\t\t<li class=\"elementor-repeater-item-2ea3e12\">\n\t\t\t\t\t\t\t\t\t\t\t<span class=\"wd-icon\"><span class=\"fas fa-plus-circle\"><\/span><\/span>\t\t\t\t\t\n\t\t\t\t\t<span class=\"wd-list-content list-content\">\n\t\t\t\t\t\t\t\t\t\t\t\t\tFar far away there live the blind live in Bookmarksgrove right.\t\t\t\t\t\t\t\t\t\t\t<\/span>\n\t\t\t\t<\/li>\n\t\t\t\t\t<\/ul>\n\n\t\t\t\t\t\t<\/div>\n\t\t\t\t<\/div>\n\t\t\t\t<div class=\"elementor-element elementor-element-19d1bd7d elementor-widget elementor-widget-spacer\" data-id=\"19d1bd7d\" data-element_type=\"widget\" data-e-type=\"widget\" data-widget_type=\"spacer.default\">\n\t\t\t\t\t\t\t<div class=\"elementor-spacer\">\n\t\t\t<div class=\"elementor-spacer-inner\"><\/div>\n\t\t<\/div>\n\t\t\t\t\t\t<\/div>\n\t\t\t\t<div class=\"elementor-element elementor-element-22d7c2ee elementor-widget elementor-widget-heading\" data-id=\"22d7c2ee\" data-element_type=\"widget\" data-e-type=\"widget\" data-widget_type=\"heading.default\">\n\t\t\t\t\t<h2 class=\"elementor-heading-title elementor-size-default\">Zusammenfassung<\/h2>\t\t\t\t<\/div>\n\t\t\t\t<div class=\"elementor-element elementor-element-6d824d13 color-scheme-inherit text-left elementor-widget elementor-widget-text-editor\" data-id=\"6d824d13\" data-element_type=\"widget\" data-e-type=\"widget\" data-widget_type=\"text-editor.default\">\n\t\t\t\t\t\t\t\t\t<p>Die Pro Grip Seilzugrollen bieten Ihnen eine effiziente L\u00f6sung f\u00fcr die sichere Befestigung schwerer Ger\u00e4te sowohl in Ihrem Gew\u00e4chshaus als auch in Ihrer Growbox. Vertrauen Sie auf Qualit\u00e4t und Funktionalit\u00e4t, um Ihre Ausr\u00fcstung zuverl\u00e4ssig zu unterst\u00fctzen und eine optimale Umgebung f\u00fcr Ihre Pflanzen zu schaffen.<\/p><p><strong>Bestellen Sie jetzt Ihre Pro Grip Light Seilzugrollen und sichern Sie sich die ideale L\u00f6sung f\u00fcr Ihre Aufh\u00e4ngungsbed\u00fcrfnisse!<\/strong><\/p>\t\t\t\t\t\t\t\t<\/div>\n\t\t\t\t<div class=\"elementor-element elementor-element-6792c9f elementor-widget elementor-widget-spacer\" data-id=\"6792c9f\" data-element_type=\"widget\" data-e-type=\"widget\" data-widget_type=\"spacer.default\">\n\t\t\t\t\t\t\t<div class=\"elementor-spacer\">\n\t\t\t<div class=\"elementor-spacer-inner\"><\/div>\n\t\t<\/div>\n\t\t\t\t\t\t<\/div>\n\t\t\t\t<div class=\"elementor-element elementor-element-8bfe8ec elementor-widget elementor-widget-wd_accordion\" data-id=\"8bfe8ec\" data-element_type=\"widget\" data-e-type=\"widget\" data-widget_type=\"wd_accordion.default\">\n\t\t\t\t<div class=\"elementor-widget-container\">\n\t\t\t\t\t\n\t\t<div class=\"wd-accordion wd-style-default wd-titles-left wd-opener-pos-left wd-opener-style-plus\" data-state=\"all_closed\">\n\t\t\t\t\t\t\t\n\t\t\t\t<div class=\"wd-accordion-item\">\n\t\t\t\t\t<div class=\"wd-accordion-title wd-role-btn\" data-accordion-index=\"0\" tabindex=\"0\">\n\t\t\t\t\t\t<div class=\"wd-accordion-title-text\">\n\t\t\t\t\t\t\t\t\t\t\t\t\t\t\t<span class=\"img-wrapper\">\n\t\t\t\t\t\t\t\t\t<i class=\"fas fa-cog\"><\/i>\t\t\t\t\t\t\t\t<\/span>\n\t\t\t\t\t\t\t\t\t\t\t\t\t\t<span>\n\t\t\t\t\t\t\t\tTechnische Daten\t\t\t\t\t\t\t<\/span>\n\t\t\t\t\t\t<\/div>\n\t\t\t\t\t\t<span class=\"wd-accordion-opener\"><\/span>\n\t\t\t\t\t<\/div>\n\n\t\t\t\t\t<div class=\"wd-accordion-content wd-entry-content\" data-accordion-index=\"0\">\n\t\t\t\t\t\t\t\t\t\t\t\t\t\n\t\t\t\t\t\t\t<ul><li><strong>200W Leistung<\/strong> \u2013 Ideal f\u00fcr Grow-Zelte bis 100x100 cm<\/li><li><strong>Vollspektrum-LEDs<\/strong> mit 3000K, 5000K und 660 nm f\u00fcr alle Wachstumsphasen<\/li><li><strong>Hohe Effizienz mit 2,8 \u00b5mol\/J<\/strong> f\u00fcr maximalen Ertrag pro Watt<\/li><li><strong>560 \u00b5mol\/s PPF<\/strong> f\u00fcr intensive Pflanzenbeleuchtung<\/li><li><strong>Stufenlos dimmbar<\/strong> f\u00fcr flexible Lichtsteuerung<\/li><li><strong>Passive K\u00fchlung<\/strong> f\u00fcr leisen Betrieb und lange Lebensdauer<\/li><\/ul>\n\t\t\t\t\t\t\t\t\t\t\t\t\t\t\t\t\t\t<\/div>\n\t\t\t\t<\/div>\n\t\t\t\t\t\t\t\n\t\t\t\t<div class=\"wd-accordion-item\">\n\t\t\t\t\t<div class=\"wd-accordion-title wd-role-btn\" data-accordion-index=\"1\" tabindex=\"0\">\n\t\t\t\t\t\t<div class=\"wd-accordion-title-text\">\n\t\t\t\t\t\t\t\t\t\t\t\t\t\t\t<span class=\"img-wrapper\">\n\t\t\t\t\t\t\t\t\t<i class=\"fas fa-box-open\"><\/i>\t\t\t\t\t\t\t\t<\/span>\n\t\t\t\t\t\t\t\t\t\t\t\t\t\t<span>\n\t\t\t\t\t\t\t\tLieferumfang\t\t\t\t\t\t\t<\/span>\n\t\t\t\t\t\t<\/div>\n\t\t\t\t\t\t<span class=\"wd-accordion-opener\"><\/span>\n\t\t\t\t\t<\/div>\n\n\t\t\t\t\t<div class=\"wd-accordion-content wd-entry-content\" data-accordion-index=\"1\">\n\t\t\t\t\t\t\t\t\t\t\t\t\t\n\t\t\t\t\t\t\t<ul><li>Cosmos X200 Growlampe<\/li><li>Stromkabel mit Netzstecker<\/li><li>Lampenaufh\u00e4ngung<\/li><\/ul>\n\t\t\t\t\t\t\t\t\t\t\t\t\t\t\t\t\t\t<\/div>\n\t\t\t\t<\/div>\n\t\t\t\t\t<\/div>\n\t\t\t\t\t\t<\/div>\n\t\t\t\t<\/div>\n\t\t\t\t\t<\/div>\n\t\t\t\t<\/div>\n\t\t\t\t<\/div>\n\t\t","protected":false},"excerpt":{"rendered":"<p>Cosmos X200 \u2013 Effiziente LED-Growlampe f\u00fcr maximale Ertr\u00e4ge Die Cosmos X200 ist eine leistungsstarke und energieeffiziente LED-Growlampe, die f\u00fcr Indoor-Grower<\/p>\n","protected":false},"featured_media":17498,"comment_status":"open","ping_status":"closed","template":"","meta":{"_monsterinsights_skip_tracking":false,"_monsterinsights_sitenote_active":false,"_monsterinsights_sitenote_note":"","_monsterinsights_sitenote_category":0},"product_brand":[],"product_cat":[438],"product_tag":[714,1883,263,2065,715,1963,2066,777,1971,2067,778,1975,1985,844,2019,609,853,2060,615,953,2061,617,1832,2062,618,1881,2063,619,1882,2064],"class_list":{"0":"post-2108","1":"product","2":"type-product","3":"status-publish","4":"has-post-thumbnail","6":"product_cat-beleuchtung","7":"product_tag-led","8":"product_tag-200w","9":"product_tag-aquaponik","10":"product_tag-wachstum","11":"product_tag-beleuchtung","12":"product_tag-profi","13":"product_tag-indoor-garten","14":"product_tag-cosmos","15":"product_tag-kraeuter","16":"product_tag-led-technik","17":"product_tag-x200","18":"product_tag-gemuese","19":"product_tag-cannabis","20":"product_tag-anzucht","21":"product_tag-energieeffizient","22":"product_tag-hydroponik","23":"product_tag-lampen","24":"product_tag-cosmos-x200","25":"product_tag-led-grow-lampe","26":"product_tag-grow","27":"product_tag-pflanzenlampe","28":"product_tag-vollspektrum-led","29":"product_tag-indoor","30":"product_tag-pflanzenlicht","31":"product_tag-dimmbar","32":"product_tag-growlampe","33":"product_tag-vollspektrum","34":"product_tag-led-lampe","35":"product_tag-grow-lampe","36":"product_tag-lichttechnik","37":"pa_hersteller-vanguard-hydroponics","39":"first","40":"instock","41":"sale","42":"taxable","43":"shipping-taxable","44":"purchasable","45":"product-type-simple"},"bundled_by":["17877"],"bundle_stock_status":"instock","bundle_stock_quantity":5,"bundle_virtual":false,"bundle_layout":"","bundle_add_to_cart_form_location":"","bundle_editable_in_cart":false,"bundle_sold_individually_context":"","bundle_item_grouping":"","bundle_min_size":"","bundle_max_size":"","bundle_price":[],"bundled_items":[],"bundle_sell_ids":[],"supplier_id":null,"supplier_sku":"","barcode":null,"atum_controlled":true,"out_stock_date":null,"out_stock_threshold":null,"inheritable":false,"inbound_stock":0,"stock_on_hold":0,"sold_today":0,"sales_last_days":0,"reserved_stock":0,"customer_returns":0,"warehouse_damage":0,"lost_in_post":0,"other_logs":0,"out_stock_days":0,"lost_sales":0,"has_location":false,"update_date":"2026-05-09T00:28:50","atum_locations":[],"atum_stock_status":"instock","restock_status":false,"low_stock_amount":"","sales_update_date":"2026-05-09T00:28:50","calc_backorders":null,"tiered_pricing_type":"fixed","tiered_pricing_fixed_rules":[],"tiered_pricing_product_settings":{"layout":"default","base_unit_name":{"singular":null,"plural":null},"default_variation":null},"tiered_pricing_minimum_quantity":null,"tiered_pricing_roles_data":[],"tiered_pricing_percentage_rules":[],"_links":{"self":[{"href":"https:\/\/www.lets-grow.de\/blog\/wp-json\/wp\/v2\/product\/2108","targetHints":{"allow":["GET"]}}],"collection":[{"href":"https:\/\/www.lets-grow.de\/blog\/wp-json\/wp\/v2\/product"}],"about":[{"href":"https:\/\/www.lets-grow.de\/blog\/wp-json\/wp\/v2\/types\/product"}],"replies":[{"embeddable":true,"href":"https:\/\/www.lets-grow.de\/blog\/wp-json\/wp\/v2\/comments?post=2108"}],"version-history":[{"count":1,"href":"https:\/\/www.lets-grow.de\/blog\/wp-json\/wp\/v2\/product\/2108\/revisions"}],"predecessor-version":[{"id":20907,"href":"https:\/\/www.lets-grow.de\/blog\/wp-json\/wp\/v2\/product\/2108\/revisions\/20907"}],"wp:featuredmedia":[{"embeddable":true,"href":"https:\/\/www.lets-grow.de\/blog\/wp-json\/wp\/v2\/media\/17498"}],"wp:attachment":[{"href":"https:\/\/www.lets-grow.de\/blog\/wp-json\/wp\/v2\/media?parent=2108"}],"wp:term":[{"taxonomy":"product_brand","embeddable":true,"href":"https:\/\/www.lets-grow.de\/blog\/wp-json\/wp\/v2\/product_brand?post=2108"},{"taxonomy":"product_cat","embeddable":true,"href":"https:\/\/www.lets-grow.de\/blog\/wp-json\/wp\/v2\/product_cat?post=2108"},{"taxonomy":"product_tag","embeddable":true,"href":"https:\/\/www.lets-grow.de\/blog\/wp-json\/wp\/v2\/product_tag?post=2108"}],"curies":[{"name":"wp","href":"https:\/\/api.w.org\/{rel}","templated":true}]}}