{"id":21056,"date":"2025-12-04T17:30:08","date_gmt":"2025-12-04T16:30:08","guid":{"rendered":"https:\/\/www.lets-grow.de\/blog\/?post_type=product&#038;p=21056"},"modified":"2026-04-02T08:24:18","modified_gmt":"2026-04-02T06:24:18","slug":"luftheber-set","status":"publish","type":"product","link":"https:\/\/www.lets-grow.de\/blog\/shop\/luftheber-set\/","title":{"rendered":"Luftheber-Set"},"content":{"rendered":"\t\t<div data-elementor-type=\"product-post\" data-elementor-id=\"21056\" class=\"elementor elementor-21056\" data-elementor-post-type=\"product\">\n\t\t\t\t<div class=\"wd-negative-gap elementor-element elementor-element-4753763 e-flex e-con-boxed e-con e-parent\" data-id=\"4753763\" data-element_type=\"container\" data-e-type=\"container\">\n\t\t\t\t\t<div class=\"e-con-inner\">\n\t\t\t\t<div class=\"elementor-element elementor-element-4f81e251 elementor-widget elementor-widget-heading\" data-id=\"4f81e251\" data-element_type=\"widget\" data-e-type=\"widget\" data-widget_type=\"heading.default\">\n\t\t\t\t\t<h2 class=\"elementor-heading-title elementor-size-default\">Luftheber-Set inkl. Kompressor, Schlauch &amp; PVC-U Langbogen<\/h2>\t\t\t\t<\/div>\n\t\t\t\t<div class=\"elementor-element elementor-element-7fc5a85b color-scheme-inherit text-left elementor-widget elementor-widget-text-editor\" data-id=\"7fc5a85b\" data-element_type=\"widget\" data-e-type=\"widget\" data-widget_type=\"text-editor.default\">\n\t\t\t\t\t\t\t\t\t<p>Das <strong data-start=\"246\" data-end=\"263\">Luftheber-Set<\/strong> ist die perfekte Komplettl\u00f6sung f\u00fcr alle, die Wasser in Hydroponik-, Aquaponik- oder Teichsystemen effizient bel\u00fcften m\u00f6chten. Jedes Set ist sorgf\u00e4ltig aufeinander abgestimmt und enth\u00e4lt alles, was Sie f\u00fcr den sofortigen Einsatz ben\u00f6tigen: einen Luftheber in der gew\u00e4hlten Gr\u00f6\u00dfe, den passenden AP-Kompressor, hochwertigen Gewebeschlauch sowie einen PVC-U Langbogen. Egal ob kleines NFT-System, mittelgro\u00dfes Ebb &amp; Flow oder gro\u00dfer DWC-Beh\u00e4lter \u2013 unsere Sets sorgen f\u00fcr optimale Sauerstoffversorgung, zuverl\u00e4ssige Funktion und lange Haltbarkeit.<\/p>\t\t\t\t\t\t\t\t<\/div>\n\t\t\t\t<div class=\"elementor-element elementor-element-6daaec79 elementor-widget elementor-widget-spacer\" data-id=\"6daaec79\" data-element_type=\"widget\" data-e-type=\"widget\" data-widget_type=\"spacer.default\">\n\t\t\t\t\t\t\t<div class=\"elementor-spacer\">\n\t\t\t<div class=\"elementor-spacer-inner\"><\/div>\n\t\t<\/div>\n\t\t\t\t\t\t<\/div>\n\t\t\t\t<div class=\"elementor-element elementor-element-2e80ae45 elementor-widget elementor-widget-heading\" data-id=\"2e80ae45\" data-element_type=\"widget\" data-e-type=\"widget\" data-widget_type=\"heading.default\">\n\t\t\t\t\t<h2 class=\"elementor-heading-title elementor-size-default\">Anwendungen<\/h2>\t\t\t\t<\/div>\n\t\t\t\t<div class=\"elementor-element elementor-element-bc5e5fa color-scheme-inherit text-left elementor-widget elementor-widget-text-editor\" data-id=\"bc5e5fa\" data-element_type=\"widget\" data-e-type=\"widget\" data-widget_type=\"text-editor.default\">\n\t\t\t\t\t\t\t\t\t<ul><li data-start=\"204\" data-end=\"249\"><p data-start=\"206\" data-end=\"249\">Hydroponik-Systeme (NFT, Ebb &amp; Flow, DWC)<\/p><\/li><li data-start=\"250\" data-end=\"271\"><p data-start=\"252\" data-end=\"271\">Aquaponik-Systeme<\/p><\/li><li data-start=\"272\" data-end=\"300\"><p data-start=\"274\" data-end=\"300\">Fischteiche und Aquarien<\/p><\/li><li data-start=\"301\" data-end=\"350\"><p data-start=\"303\" data-end=\"350\">Effiziente Bel\u00fcftung und Sauerstoffversorgung<\/p><\/li><\/ul>\t\t\t\t\t\t\t\t<\/div>\n\t\t\t\t<div class=\"elementor-element elementor-element-78a24d6c elementor-widget elementor-widget-spacer\" data-id=\"78a24d6c\" data-element_type=\"widget\" data-e-type=\"widget\" data-widget_type=\"spacer.default\">\n\t\t\t\t\t\t\t<div class=\"elementor-spacer\">\n\t\t\t<div class=\"elementor-spacer-inner\"><\/div>\n\t\t<\/div>\n\t\t\t\t\t\t<\/div>\n\t\t\t\t<div class=\"elementor-element elementor-element-75c03a3 elementor-widget elementor-widget-heading\" data-id=\"75c03a3\" data-element_type=\"widget\" data-e-type=\"widget\" data-widget_type=\"heading.default\">\n\t\t\t\t\t<h2 class=\"elementor-heading-title elementor-size-default\">Vorteile<\/h2>\t\t\t\t<\/div>\n\t\t\t\t<div class=\"elementor-element elementor-element-57e8275c color-scheme-inherit text-left elementor-widget elementor-widget-text-editor\" data-id=\"57e8275c\" data-element_type=\"widget\" data-e-type=\"widget\" data-widget_type=\"text-editor.default\">\n\t\t\t\t\t\t\t\t\t<p>Mit unserem <strong data-start=\"1117\" data-end=\"1134\">Luftheber-Set<\/strong> m\u00fcssen Sie sich keine Gedanken mehr \u00fcber die richtige Kombination von Zubeh\u00f6r machen. Wir haben alles optimal aufeinander abgestimmt: Luftheber, passender AP-Kompressor, Gewebeschlauch und PVC-U Langbogen. Sie sparen Zeit und vermeiden Fehler bei der Auswahl der Komponenten \u2013 einfach Set w\u00e4hlen, installieren und sofort effizient bel\u00fcften.<\/p>\t\t\t\t\t\t\t\t<\/div>\n\t\t\t\t<div class=\"elementor-element elementor-element-5fbfa3a1 elementor-widget elementor-widget-spacer\" data-id=\"5fbfa3a1\" data-element_type=\"widget\" data-e-type=\"widget\" data-widget_type=\"spacer.default\">\n\t\t\t\t\t\t\t<div class=\"elementor-spacer\">\n\t\t\t<div class=\"elementor-spacer-inner\"><\/div>\n\t\t<\/div>\n\t\t\t\t\t\t<\/div>\n\t\t\t\t<div class=\"elementor-element elementor-element-123ad4ca elementor-widget elementor-widget-heading\" data-id=\"123ad4ca\" data-element_type=\"widget\" data-e-type=\"widget\" data-widget_type=\"heading.default\">\n\t\t\t\t\t<h2 class=\"elementor-heading-title elementor-size-default\">Lieferumfang<\/h2>\t\t\t\t<\/div>\n\t\t\t\t<div class=\"elementor-element elementor-element-28461c06 color-scheme-inherit text-left elementor-widget elementor-widget-text-editor\" data-id=\"28461c06\" data-element_type=\"widget\" data-e-type=\"widget\" data-widget_type=\"text-editor.default\">\n\t\t\t\t\t\t\t\t\t<ul><li data-start=\"1507\" data-end=\"1543\"><p data-start=\"1509\" data-end=\"1543\">1\u202fm Luftheber in gew\u00e4hlter Gr\u00f6\u00dfe<\/p><\/li><li data-start=\"1544\" data-end=\"1571\"><p data-start=\"1546\" data-end=\"1571\">Passender AP-Kompressor<\/p><\/li><li data-start=\"1572\" data-end=\"1642\"><p data-start=\"1574\" data-end=\"1642\">Gewebeschlauch (9\/14\u202fmm f\u00fcr Luftheber 50\u201363\u202fmm, 19\/26\u202fmm ab 75\u202fmm)<\/p><\/li><li data-start=\"1643\" data-end=\"1662\"><p data-start=\"1645\" data-end=\"1662\">PVC-U Langbogen<\/p><\/li><\/ul>\t\t\t\t\t\t\t\t<\/div>\n\t\t\t\t<div class=\"elementor-element elementor-element-72a64d93 elementor-widget elementor-widget-spacer\" data-id=\"72a64d93\" data-element_type=\"widget\" data-e-type=\"widget\" data-widget_type=\"spacer.default\">\n\t\t\t\t\t\t\t<div class=\"elementor-spacer\">\n\t\t\t<div class=\"elementor-spacer-inner\"><\/div>\n\t\t<\/div>\n\t\t\t\t\t\t<\/div>\n\t\t\t\t<div class=\"elementor-element elementor-element-4bdbc31b elementor-widget elementor-widget-heading\" data-id=\"4bdbc31b\" data-element_type=\"widget\" data-e-type=\"widget\" data-widget_type=\"heading.default\">\n\t\t\t\t\t<h2 class=\"elementor-heading-title elementor-size-default\">Varianten<\/h2>\t\t\t\t<\/div>\n\t\t\t\t<div class=\"elementor-element elementor-element-47e024f elementor-widget elementor-widget-html\" data-id=\"47e024f\" data-element_type=\"widget\" data-e-type=\"widget\" data-widget_type=\"html.default\">\n\t\t\t\t\t<table>\r\n  <thead>\r\n    <tr>\r\n      <th>Variante<\/th>\r\n      <th>Lufthebergr\u00f6\u00dfe<\/th>\r\n      <th>Passender Kompressor<\/th>\r\n      <th>Schlauchgr\u00f6\u00dfe<\/th>\r\n      <th>Beschreibung<\/th>\r\n    <\/tr>\r\n  <\/thead>\r\n  <tbody>\r\n    <tr>\r\n      <td>S<\/td>\r\n      <td>50\u202fmm<\/td>\r\n      <td>AP-35<\/td>\r\n      <td>9\/14\u202fmm<\/td>\r\n      <td>Set f\u00fcr kleinere Systeme: Luftheber 50\u202fmm + AP-35 Kompressor + Schlauch 9\/14\u202fmm + Langbogen<\/td>\r\n    <\/tr>\r\n    <tr>\r\n      <td>M<\/td>\r\n      <td>63\u202fmm<\/td>\r\n      <td>AP-45<\/td>\r\n      <td>9\/14\u202fmm<\/td>\r\n      <td>Set f\u00fcr mittlere Systeme: Luftheber 63\u202fmm + AP-45 Kompressor + Schlauch 9\/14\u202fmm + Langbogen<\/td>\r\n    <\/tr>\r\n    <tr>\r\n      <td>L<\/td>\r\n      <td>75\u202fmm<\/td>\r\n      <td>AP-60<\/td>\r\n      <td>19\/26\u202fmm<\/td>\r\n      <td>Set f\u00fcr gr\u00f6\u00dfere Systeme: Luftheber 75\u202fmm + AP-60 Kompressor + Schlauch 19\/26\u202fmm + Langbogen<\/td>\r\n    <\/tr>\r\n    <tr>\r\n      <td>XL<\/td>\r\n      <td>90\u202fmm<\/td>\r\n      <td>AP-80<\/td>\r\n      <td>19\/26\u202fmm<\/td>\r\n      <td>Set f\u00fcr sehr gro\u00dfe Systeme: Luftheber 90\u202fmm + AP-80 Kompressor + Schlauch 19\/26\u202fmm + Langbogen<\/td>\r\n    <\/tr>\r\n    <tr>\r\n      <td>XXL<\/td>\r\n      <td>110\u202fmm<\/td>\r\n      <td>AP-100<\/td>\r\n      <td>19\/26\u202fmm<\/td>\r\n      <td>Set f\u00fcr Profi-Systeme: Luftheber 110\u202fmm + AP-100 Kompressor + Schlauch 19\/26\u202fmm + Langbogen<\/td>\r\n    <\/tr>\r\n  <\/tbody>\r\n<\/table>\r\n\t\t\t\t<\/div>\n\t\t\t\t<div class=\"elementor-element elementor-element-2945c2b elementor-widget elementor-widget-spacer\" data-id=\"2945c2b\" data-element_type=\"widget\" data-e-type=\"widget\" data-widget_type=\"spacer.default\">\n\t\t\t\t\t\t\t<div class=\"elementor-spacer\">\n\t\t\t<div class=\"elementor-spacer-inner\"><\/div>\n\t\t<\/div>\n\t\t\t\t\t\t<\/div>\n\t\t\t\t<div class=\"elementor-element elementor-element-29e57c3 elementor-widget elementor-widget-heading\" data-id=\"29e57c3\" data-element_type=\"widget\" data-e-type=\"widget\" data-widget_type=\"heading.default\">\n\t\t\t\t\t<h2 class=\"elementor-heading-title elementor-size-default\">Zusammenfassung<\/h2>\t\t\t\t<\/div>\n\t\t\t\t<div class=\"elementor-element elementor-element-58e46a27 color-scheme-inherit text-left elementor-widget elementor-widget-text-editor\" data-id=\"58e46a27\" data-element_type=\"widget\" data-e-type=\"widget\" data-widget_type=\"text-editor.default\">\n\t\t\t\t\t\t\t\t\t<p>Das <strong data-start=\"2623\" data-end=\"2640\">Luftheber-Set<\/strong> ist die ideale Komplettl\u00f6sung f\u00fcr Hydroponik, Aquaponik und Teichsysteme. Alles ist perfekt aufeinander abgestimmt: Luftheber, passender AP-Kompressor, Gewebeschlauch und PVC-U Langbogen. So sparen Sie Zeit, vermeiden Fehler bei der Auswahl der Komponenten und erhalten sofort ein funktionierendes Bel\u00fcftungssystem.<\/p>\t\t\t\t\t\t\t\t<\/div>\n\t\t\t\t\t<\/div>\n\t\t\t\t<\/div>\n\t\t\t\t<\/div>\n\t\t","protected":false},"excerpt":{"rendered":"<p>Unser <strong data-start=\"546\" data-end=\"563\">Luftheber-Set<\/strong> enth\u00e4lt alles, was Sie f\u00fcr eine effiziente Bel\u00fcftung in Hydroponik-, Aquaponik- oder Teichsystemen ben\u00f6tigen: passender AP-Kompressor, Schlauch 9\/14\u202fmm und PVC-U Langbogen. Einfach montieren und starten!<\/p>\n","protected":false},"featured_media":2004,"comment_status":"open","ping_status":"closed","template":"","meta":{"_monsterinsights_skip_tracking":false,"_monsterinsights_sitenote_active":false,"_monsterinsights_sitenote_note":"","_monsterinsights_sitenote_category":0},"product_brand":[],"product_cat":[435],"product_tag":[911,1937,1214,1729,1925,263,609,1935,795,1936],"class_list":{"0":"post-21056","1":"product","2":"type-product","3":"status-publish","4":"has-post-thumbnail","6":"product_cat-luftheber-mammutpumpen","7":"product_tag-belueftungssystem","8":"product_tag-pvc-u-langbogen","9":"product_tag-teichbelueftung","10":"product_tag-luftheber","11":"product_tag-ap-kompressor","12":"product_tag-aquaponik","13":"product_tag-hydroponik","14":"product_tag-luftheber-set","15":"product_tag-kompressor","16":"product_tag-schlauch-9-14mm","17":"pa_hersteller-lets-grow","19":"first","20":"instock","21":"sale","22":"taxable","23":"shipping-taxable","24":"purchasable","25":"product-type-variable"},"bundled_by":[],"bundle_stock_status":"instock","bundle_stock_quantity":null,"bundle_virtual":false,"bundle_layout":"","bundle_add_to_cart_form_location":"","bundle_editable_in_cart":false,"bundle_sold_individually_context":"","bundle_item_grouping":"","bundle_min_size":"","bundle_max_size":"","bundle_price":[],"bundled_items":[],"bundle_sell_ids":[],"supplier_id":null,"supplier_sku":"","barcode":null,"atum_controlled":true,"out_stock_date":null,"out_stock_threshold":null,"inheritable":true,"inbound_stock":0,"stock_on_hold":0,"sold_today":0,"sales_last_days":0,"reserved_stock":0,"customer_returns":0,"warehouse_damage":0,"lost_in_post":0,"other_logs":0,"out_stock_days":0,"lost_sales":0,"has_location":false,"update_date":"2026-04-27T00:20:57","atum_locations":[],"atum_stock_status":"instock","restock_status":false,"low_stock_amount":"","sales_update_date":"2026-04-27T00:20:57","calc_backorders":null,"tiered_pricing_type":"fixed","tiered_pricing_fixed_rules":[],"tiered_pricing_product_settings":{"layout":"default","base_unit_name":{"singular":null,"plural":null},"default_variation":null},"tiered_pricing_minimum_quantity":null,"tiered_pricing_roles_data":[],"tiered_pricing_percentage_rules":[],"_links":{"self":[{"href":"https:\/\/www.lets-grow.de\/blog\/wp-json\/wp\/v2\/product\/21056","targetHints":{"allow":["GET"]}}],"collection":[{"href":"https:\/\/www.lets-grow.de\/blog\/wp-json\/wp\/v2\/product"}],"about":[{"href":"https:\/\/www.lets-grow.de\/blog\/wp-json\/wp\/v2\/types\/product"}],"replies":[{"embeddable":true,"href":"https:\/\/www.lets-grow.de\/blog\/wp-json\/wp\/v2\/comments?post=21056"}],"version-history":[{"count":6,"href":"https:\/\/www.lets-grow.de\/blog\/wp-json\/wp\/v2\/product\/21056\/revisions"}],"predecessor-version":[{"id":21068,"href":"https:\/\/www.lets-grow.de\/blog\/wp-json\/wp\/v2\/product\/21056\/revisions\/21068"}],"wp:featuredmedia":[{"embeddable":true,"href":"https:\/\/www.lets-grow.de\/blog\/wp-json\/wp\/v2\/media\/2004"}],"wp:attachment":[{"href":"https:\/\/www.lets-grow.de\/blog\/wp-json\/wp\/v2\/media?parent=21056"}],"wp:term":[{"taxonomy":"product_brand","embeddable":true,"href":"https:\/\/www.lets-grow.de\/blog\/wp-json\/wp\/v2\/product_brand?post=21056"},{"taxonomy":"product_cat","embeddable":true,"href":"https:\/\/www.lets-grow.de\/blog\/wp-json\/wp\/v2\/product_cat?post=21056"},{"taxonomy":"product_tag","embeddable":true,"href":"https:\/\/www.lets-grow.de\/blog\/wp-json\/wp\/v2\/product_tag?post=21056"}],"curies":[{"name":"wp","href":"https:\/\/api.w.org\/{rel}","templated":true}]}}