{"id":20939,"date":"2025-11-02T12:05:18","date_gmt":"2025-11-02T11:05:18","guid":{"rendered":"https:\/\/www.lets-grow.de\/blog\/?post_type=product&#038;p=20939"},"modified":"2026-02-19T16:57:05","modified_gmt":"2026-02-19T15:57:05","slug":"vanguard-led-controller","status":"publish","type":"product","link":"https:\/\/www.lets-grow.de\/blog\/shop\/vanguard-led-controller\/","title":{"rendered":"Vanguard LED-Controller"},"content":{"rendered":"\t\t<div data-elementor-type=\"product-post\" data-elementor-id=\"20939\" class=\"elementor elementor-20939\" data-elementor-post-type=\"product\">\n\t\t\t\t<div class=\"wd-negative-gap elementor-element elementor-element-6c63f2b5 e-flex e-con-boxed e-con e-parent\" data-id=\"6c63f2b5\" data-element_type=\"container\" data-e-type=\"container\">\n\t\t\t\t\t<div class=\"e-con-inner\">\n\t\t\t\t<div class=\"elementor-element elementor-element-635f0940 elementor-widget elementor-widget-heading\" data-id=\"635f0940\" data-element_type=\"widget\" data-e-type=\"widget\" data-widget_type=\"heading.default\">\n\t\t\t\t\t<h2 class=\"elementor-heading-title elementor-size-default\">Pr\u00e4zise Steuerung f\u00fcr deine LED-Beleuchtung<\/h2>\t\t\t\t<\/div>\n\t\t\t\t<div class=\"elementor-element elementor-element-38ec0a33 color-scheme-inherit text-left elementor-widget elementor-widget-text-editor\" data-id=\"38ec0a33\" data-element_type=\"widget\" data-e-type=\"widget\" data-widget_type=\"text-editor.default\">\n\t\t\t\t\t\t\t\t\t<p>Der <strong data-start=\"495\" data-end=\"522\">Vanguard LED-Controller<\/strong> ist die ideale L\u00f6sung f\u00fcr Grower, die ihre Beleuchtung professionell und zuverl\u00e4ssig steuern m\u00f6chten. Er erm\u00f6glicht nicht nur das automatische Ein- und Ausschalten deiner Lampen, sondern auch eine pr\u00e4zise Dimmregelung zwischen <strong data-start=\"750\" data-end=\"768\">10 % und 100 %<\/strong> \u2013 wahlweise per <strong data-start=\"785\" data-end=\"811\">0\u201310 V oder PWM-Signal<\/strong>.<\/p>\t\t\t\t\t\t\t\t<\/div>\n\t\t\t\t<div class=\"elementor-element elementor-element-9d0834 elementor-widget elementor-widget-spacer\" data-id=\"9d0834\" data-element_type=\"widget\" data-e-type=\"widget\" data-widget_type=\"spacer.default\">\n\t\t\t\t\t\t\t<div class=\"elementor-spacer\">\n\t\t\t<div class=\"elementor-spacer-inner\"><\/div>\n\t\t<\/div>\n\t\t\t\t\t\t<\/div>\n\t\t\t\t<div class=\"elementor-element elementor-element-15f395f6 elementor-widget elementor-widget-heading\" data-id=\"15f395f6\" data-element_type=\"widget\" data-e-type=\"widget\" data-widget_type=\"heading.default\">\n\t\t\t\t\t<h2 class=\"elementor-heading-title elementor-size-default\">Perfekte Erg\u00e4nzung f\u00fcr die Comos X200<\/h2>\t\t\t\t<\/div>\n\t\t\t\t<div class=\"elementor-element elementor-element-609ff62e color-scheme-inherit text-left elementor-widget elementor-widget-text-editor\" data-id=\"609ff62e\" data-element_type=\"widget\" data-e-type=\"widget\" data-widget_type=\"text-editor.default\">\n\t\t\t\t\t\t\t\t\t<p data-start=\"860\" data-end=\"1199\">Viele Nutzer der <strong data-start=\"877\" data-end=\"891\">Comos X200<\/strong> kennen das Problem: Nach dem Ausschalten \u00fcber eine Zeitschaltuhr wird die Dimmstellung beim n\u00e4chsten Einschalten zur\u00fcckgesetzt. Der <strong data-start=\"1024\" data-end=\"1051\">Vanguard LED-Controller<\/strong> l\u00f6st genau dieses Problem \u2013 die eingestellte Helligkeit bleibt gespeichert, und die Lampen starten zuverl\u00e4ssig mit den gew\u00fcnschten Einstellungen.<\/p><p data-start=\"1201\" data-end=\"1317\">Damit wird der t\u00e4gliche manuelle Aufwand \u00fcberfl\u00fcssig, und deine Beleuchtung l\u00e4uft konstant mit optimaler Intensit\u00e4t.<\/p>\t\t\t\t\t\t\t\t<\/div>\n\t\t\t\t<div class=\"elementor-element elementor-element-627f73c wd-width-100 elementor-widget elementor-widget-wd_products\" data-id=\"627f73c\" data-element_type=\"widget\" data-e-type=\"widget\" data-widget_type=\"wd_products.default\">\n\t\t\t\t<div class=\"elementor-widget-container\">\n\t\t\t\t\t\t\t\t\t\t<div class=\"wd-products-element\">\n\n\t\t\t\n\t\t\t\n\t\t\t\n\t\t\t<div class=\"products wd-products elements-list wd-grid-g wd-loop-builder-off wd-quantity-enabled\" data-paged=\"1\" data-atts=\"{&quot;speed&quot;:null,&quot;slides_per_view&quot;:null,&quot;wrap&quot;:null,&quot;autoplay&quot;:null,&quot;autoheight&quot;:null,&quot;hide_pagination_control&quot;:null,&quot;dynamic_pagination_control&quot;:null,&quot;hide_prev_next_buttons&quot;:null,&quot;carousel_arrows_position&quot;:null,&quot;hide_scrollbar&quot;:null,&quot;scroll_per_page&quot;:null,&quot;center_mode&quot;:null,&quot;post_type&quot;:&quot;ids&quot;,&quot;spacing&quot;:null,&quot;carousel_sync&quot;:null,&quot;sync_parent_id&quot;:null,&quot;sync_child_id&quot;:null,&quot;scroll_carousel_init&quot;:null,&quot;disable_overflow_carousel&quot;:null,&quot;include&quot;:[&quot;2108&quot;],&quot;taxonomies&quot;:null,&quot;offset&quot;:null,&quot;order&quot;:null,&quot;meta_key&quot;:null,&quot;exclude&quot;:null,&quot;shop_tools&quot;:null,&quot;ajax_recently_viewed&quot;:null,&quot;layout&quot;:&quot;list&quot;,&quot;pagination_arrows_position&quot;:null,&quot;items_per_page&quot;:1,&quot;list_spacing&quot;:&quot;&quot;,&quot;columns&quot;:null,&quot;products_masonry&quot;:null,&quot;products_different_sizes&quot;:null,&quot;product_quantity&quot;:&quot;&quot;,&quot;product_hover&quot;:null,&quot;product_custom_hover&quot;:null,&quot;sale_countdown&quot;:&quot;0&quot;,&quot;stretch_product&quot;:null,&quot;stock_progress_bar&quot;:&quot;0&quot;,&quot;highlighted_products&quot;:&quot;0&quot;,&quot;products_divider&quot;:null,&quot;products_bordered_grid&quot;:&quot;0&quot;,&quot;products_bordered_grid_style&quot;:null,&quot;products_with_background&quot;:&quot;0&quot;,&quot;products_shadow&quot;:&quot;0&quot;,&quot;img_size&quot;:&quot;large&quot;,&quot;img_size_custom&quot;:null,&quot;grid_gallery_control&quot;:null,&quot;grid_gallery_enable_arrows&quot;:null,&quot;elementor&quot;:true,&quot;force_not_ajax&quot;:&quot;no&quot;}\" data-source=\"shortcode\" data-columns=\"\" style=\"--wd-col-lg:1;--wd-col-md:1;--wd-col-sm:1;\">\n\t\t\n\t\t\t\t\t\t\t\t<div class=\"wd-product wd-col product-list-item wd-quantity product-grid-item product type-product post-2108 status-publish instock product_cat-beleuchtung product_tag-led product_tag-200w product_tag-aquaponik product_tag-wachstum product_tag-beleuchtung product_tag-profi product_tag-indoor-garten product_tag-cosmos product_tag-kraeuter product_tag-led-technik product_tag-x200 product_tag-gemuese product_tag-cannabis product_tag-anzucht product_tag-energieeffizient product_tag-hydroponik product_tag-lampen product_tag-cosmos-x200 product_tag-led-grow-lampe product_tag-grow product_tag-pflanzenlampe product_tag-vollspektrum-led product_tag-indoor product_tag-pflanzenlicht product_tag-dimmbar product_tag-growlampe product_tag-vollspektrum product_tag-led-lampe product_tag-grow-lampe product_tag-lichttechnik has-post-thumbnail sale taxable shipping-taxable purchasable product-type-simple has-product-safety-information\" data-loop=\"1\" data-id=\"2108\">\n\t\n\t<div class=\"wd-product-wrapper product-wrapper\">\n\t\t<div class=\"wd-product-thumb product-element-top wd-quick-shop\">\n\t\t\t<a href=\"https:\/\/www.lets-grow.de\/blog\/shop\/cosmos-x200-led-lampe\/\" class=\"wd-product-img-link product-image-link\" tabindex=\"-1\" aria-label=\"Cosmos X200 LED-Lampe\">\n\t\t\t\t\t\t<div class=\"wd-product-grid-slider wd-fill wd-hide-lg\">\n\t\t\t\t\t\t\t<div class=\"wd-product-grid-slide\" data-image-url=\"https:\/\/www.lets-grow.de\/blog\/wp-content\/uploads\/2024\/09\/Cosmos_x200_3.png\" data-image-srcset=\"https:\/\/www.lets-grow.de\/blog\/wp-content\/uploads\/2024\/09\/Cosmos_x200_3.png 800w, https:\/\/www.lets-grow.de\/blog\/wp-content\/uploads\/2024\/09\/Cosmos_x200_3-300x300.png 300w, https:\/\/www.lets-grow.de\/blog\/wp-content\/uploads\/2024\/09\/Cosmos_x200_3-150x150.png 150w, https:\/\/www.lets-grow.de\/blog\/wp-content\/uploads\/2024\/09\/Cosmos_x200_3-768x768.png 768w, https:\/\/www.lets-grow.de\/blog\/wp-content\/uploads\/2024\/09\/Cosmos_x200_3-430x430.png 430w, https:\/\/www.lets-grow.de\/blog\/wp-content\/uploads\/2024\/09\/Cosmos_x200_3-190x190.png 190w, https:\/\/www.lets-grow.de\/blog\/wp-content\/uploads\/2024\/09\/Cosmos_x200_3-200x200.png 200w, https:\/\/www.lets-grow.de\/blog\/wp-content\/uploads\/2024\/09\/Cosmos_x200_3-75x75.png 75w\" data-image-id=\"0\"><\/div>\n\t\t\t\t\t\t\t<div class=\"wd-product-grid-slide\" data-image-url=\"https:\/\/www.lets-grow.de\/blog\/wp-content\/uploads\/2024\/09\/Cosmos_x200_1.png\" data-image-srcset=\"https:\/\/www.lets-grow.de\/blog\/wp-content\/uploads\/2024\/09\/Cosmos_x200_1.png 800w, https:\/\/www.lets-grow.de\/blog\/wp-content\/uploads\/2024\/09\/Cosmos_x200_1-300x300.png 300w, https:\/\/www.lets-grow.de\/blog\/wp-content\/uploads\/2024\/09\/Cosmos_x200_1-150x150.png 150w, https:\/\/www.lets-grow.de\/blog\/wp-content\/uploads\/2024\/09\/Cosmos_x200_1-768x768.png 768w, https:\/\/www.lets-grow.de\/blog\/wp-content\/uploads\/2024\/09\/Cosmos_x200_1-430x430.png 430w, https:\/\/www.lets-grow.de\/blog\/wp-content\/uploads\/2024\/09\/Cosmos_x200_1-190x190.png 190w\" data-image-id=\"1\"><\/div>\n\t\t\t\t\t\t\t<div class=\"wd-product-grid-slide\" data-image-url=\"https:\/\/www.lets-grow.de\/blog\/wp-content\/uploads\/2024\/09\/Cosmos_x200_2.png\" data-image-srcset=\"https:\/\/www.lets-grow.de\/blog\/wp-content\/uploads\/2024\/09\/Cosmos_x200_2.png 800w, https:\/\/www.lets-grow.de\/blog\/wp-content\/uploads\/2024\/09\/Cosmos_x200_2-300x300.png 300w, https:\/\/www.lets-grow.de\/blog\/wp-content\/uploads\/2024\/09\/Cosmos_x200_2-150x150.png 150w, https:\/\/www.lets-grow.de\/blog\/wp-content\/uploads\/2024\/09\/Cosmos_x200_2-768x768.png 768w, https:\/\/www.lets-grow.de\/blog\/wp-content\/uploads\/2024\/09\/Cosmos_x200_2-430x430.png 430w, https:\/\/www.lets-grow.de\/blog\/wp-content\/uploads\/2024\/09\/Cosmos_x200_2-190x190.png 190w\" data-image-id=\"2\"><\/div>\n\t\t\t\t\t<\/div>\n\n\t\t\t\t\t<div class=\"wd-product-grid-slider-nav wd-fill wd-hide-md\">\n\t\t\t\t<div class=\"wd-prev\"><\/div>\n\t\t\t\t<div class=\"wd-next\"><\/div>\n\t\t\t<\/div>\n\t\t\n\t\t\t\t\t\t\t\t\t\t\t\t<div class=\"product-labels labels-rectangular\">\n\t\t\t\t<span class=\"onsale product-label wd-shape-rect-sm\">-25%<\/span>\t\t\t<\/div>\n\t\t\t<img decoding=\"async\" width=\"800\" height=\"800\" src=\"https:\/\/www.lets-grow.de\/blog\/wp-content\/uploads\/2024\/09\/Cosmos_x200_3.png\" class=\"attachment-large size-large\" alt=\"\" srcset=\"https:\/\/www.lets-grow.de\/blog\/wp-content\/uploads\/2024\/09\/Cosmos_x200_3.png 800w, https:\/\/www.lets-grow.de\/blog\/wp-content\/uploads\/2024\/09\/Cosmos_x200_3-300x300.png 300w, https:\/\/www.lets-grow.de\/blog\/wp-content\/uploads\/2024\/09\/Cosmos_x200_3-150x150.png 150w, https:\/\/www.lets-grow.de\/blog\/wp-content\/uploads\/2024\/09\/Cosmos_x200_3-768x768.png 768w, https:\/\/www.lets-grow.de\/blog\/wp-content\/uploads\/2024\/09\/Cosmos_x200_3-430x430.png 430w, https:\/\/www.lets-grow.de\/blog\/wp-content\/uploads\/2024\/09\/Cosmos_x200_3-190x190.png 190w, https:\/\/www.lets-grow.de\/blog\/wp-content\/uploads\/2024\/09\/Cosmos_x200_3-200x200.png 200w, https:\/\/www.lets-grow.de\/blog\/wp-content\/uploads\/2024\/09\/Cosmos_x200_3-75x75.png 75w\" sizes=\"(max-width: 800px) 100vw, 800px\" \/>\t\t\t<\/a>\n\n\t\t\t\n\t\t\t<div class=\"wd-buttons wd-pos-r-t\">\n\t\t\t\t\t\t\t\t\t\t<div class=\"wd-quick-view-btn wd-quick-view-icon wd-action-btn wd-style-icon\">\n\t\t\t<a\n\t\t\t\thref=\"https:\/\/www.lets-grow.de\/blog\/shop\/cosmos-x200-led-lampe\/\"\n\t\t\t\tclass=\"open-quick-view\"\n\t\t\t\trel=\"nofollow\"\n\t\t\t\tdata-id=\"2108\"\n\t\t\t\t>\n\t\t\t\t\t<span class=\"wd-action-icon\"><\/span>\n\t\t\t\t\t<span class=\"wd-action-text\">\n\t\t\t\t\t\tSchnellansicht\t\t\t\t\t<\/span>\n\t\t\t<\/a>\n\t\t<\/div>\n\t\t\t\t\t\t\t\t\t\t\t\t\t<div class=\"wd-wishlist-btn wd-action-btn wd-style-icon wd-wishlist-icon\">\n\t\t\t\t<a class=\"\" href=\"https:\/\/www.lets-grow.de\/blog\/wishlist\/\" data-key=\"f5ebbb1b16\" data-product-id=\"2108\" rel=\"nofollow\">\n\t\t\t\t\t<span class=\"wd-action-icon\">\n\t\t\t\t\t\t<span class=\"wd-check-icon\"><\/span>\n\t\t\t\t\t<\/span>\n\t\t\t\t\t<span class=\"wd-action-text\">Zur Wunschliste hinzuf\u00fcgen<\/span>\n\t\t\t\t<\/a>\n\t\t\t<\/div>\n\t\t\t\t\t<\/div>\n\t\t<\/div>\n\n\t\t<div class=\"product-list-content wd-scroll\">\n\t\t\t<h3 class=\"wd-entities-title\"><a href=\"https:\/\/www.lets-grow.de\/blog\/shop\/cosmos-x200-led-lampe\/\">Cosmos X200 LED-Lampe<\/a><\/h3>\t\t\t\t\t\t\t\t\n\t\t\t\t<div class=\"star-rating\" role=\"img\" aria-label=\"Bewertet mit 0 von 5\">\n\t\t\t\t\t<span style=\"width:0%\">\n\t\t\tBewertet mit <strong class=\"rating\">0<\/strong> von 5\t\t<\/span>\n\t\t\t\t<\/div>\n\n\t\t\n\t\t\t\t\t\t\t\t\t\t\n\t<span class=\"price\">\t\t<span class=\"tiered-pricing-dynamic-price-wrapper\"\n\t\t\t  data-display-context=\"shop-loop\"\n\t\t\t  data-price-type=\"no-rules\"\n\t\t\t  data-product-id=\"2108\"\n\t\t\t  data-parent-id=\"2108\">\n\t\t\t<del aria-hidden=\"true\"><span class=\"woocommerce-Price-amount amount\"><bdi>199,99&nbsp;<span class=\"woocommerce-Price-currencySymbol\">&euro;<\/span><\/bdi><\/span><\/del> <span class=\"screen-reader-text\">Urspr\u00fcnglicher Preis war: 199,99&nbsp;&euro;<\/span><span class=\"wc-gzd-sale-price-label wc-gzd-sale-price-regular-label\">Angebot<\/span> <ins aria-hidden=\"true\"><span class=\"woocommerce-Price-amount amount\"><bdi>149,99&nbsp;<span class=\"woocommerce-Price-currencySymbol\">&euro;<\/span><\/bdi><\/span><\/ins><span class=\"screen-reader-text\">Aktueller Preis ist: 149,99&nbsp;&euro;.<\/span><\/span><\/span>\n\t\t\t\t\t\t\t\t\t\n\t\t\t\n\t\t\t\n\t\t\t<div class=\"wd-add-btn wd-add-btn-replace\">\n\t\t\t\t\t\t\t\t\t\n<div class=\"quantity\">\n\t\n\t\t\t<input type=\"button\" value=\"-\" class=\"minus btn\" aria-label=\"Decrease quantity\" \/>\n\t\n\t<label class=\"screen-reader-text\" for=\"quantity_69ff982141364\">Cosmos X200 LED-Lampe Menge<\/label>\n\t<input\n\t\ttype=\"number\"\n\t\t\t\tid=\"quantity_69ff982141364\"\n\t\tclass=\"input-text qty text quantity-input-product-2108\"\n\t\tvalue=\"1\"\n\t\taria-label=\"Produktmenge\"\n\t\t\t\tmin=\"1\"\n\t\t\t\t\tmax=\"5\"\n\t\t\t\tname=\"quantity\"\n\n\t\t\t\t\tstep=\"1\"\n\t\t\tplaceholder=\"\"\n\t\t\tinputmode=\"numeric\"\n\t\t\tautocomplete=\"off\"\n\t\t\t>\n\n\t\t\t<input type=\"button\" value=\"+\" class=\"plus btn\" aria-label=\"Increase quantity\" \/>\n\t\n\t<\/div>\n\t\t\t\t\n\t\t\t\t<a href=\"\/blog\/wp-json\/wp\/v2\/product\/20939?add-to-cart=2108\" aria-describedby=\"woocommerce_loop_add_to_cart_link_describedby_2108\" data-quantity=\"1\" class=\"button product_type_simple add_to_cart_button ajax_add_to_cart add-to-cart-loop\" data-product_id=\"2108\" data-product_sku=\"LG_BL_CX200\" aria-label=\"In den Warenkorb legen: \u201eCosmos X200 LED-Lampe\u201c\" rel=\"nofollow\" data-success_message=\"\u201eCosmos X200 LED-Lampe\u201c wurde deinem Warenkorb hinzugef\u00fcgt\" role=\"button\"><span class=\"wd-action-icon\"><span class=\"wd-check-icon\"><\/span><\/span><span class=\"wd-action-text\">In den Warenkorb<\/span><\/a>\t<span id=\"woocommerce_loop_add_to_cart_link_describedby_2108\" class=\"screen-reader-text\">\n\t\t\t<\/span>\n\t\t\t<\/div>\n\n\t\t\t\t\t<\/div>\n\t<\/div>\n<\/div>\n\t\t\n\t\t\t\t<\/div>\n\t\n\t\t\n\t\t\n\t\t\t\t\t<\/div>\n\t\t\n\t\t\t\t\t\t<\/div>\n\t\t\t\t<\/div>\n\t\t\t\t<div class=\"elementor-element elementor-element-21aac4ab elementor-widget elementor-widget-spacer\" data-id=\"21aac4ab\" data-element_type=\"widget\" data-e-type=\"widget\" data-widget_type=\"spacer.default\">\n\t\t\t\t\t\t\t<div class=\"elementor-spacer\">\n\t\t\t<div class=\"elementor-spacer-inner\"><\/div>\n\t\t<\/div>\n\t\t\t\t\t\t<\/div>\n\t\t\t\t<div class=\"elementor-element elementor-element-bb10292 elementor-widget elementor-widget-heading\" data-id=\"bb10292\" data-element_type=\"widget\" data-e-type=\"widget\" data-widget_type=\"heading.default\">\n\t\t\t\t\t<h2 class=\"elementor-heading-title elementor-size-default\">Zentrale und sichere Steuerung<\/h2>\t\t\t\t<\/div>\n\t\t\t\t<div class=\"elementor-element elementor-element-fb53bb9 color-scheme-inherit text-left elementor-widget elementor-widget-text-editor\" data-id=\"fb53bb9\" data-element_type=\"widget\" data-e-type=\"widget\" data-widget_type=\"text-editor.default\">\n\t\t\t\t\t\t\t\t\t<p>Der Controller kann <strong data-start=\"1378\" data-end=\"1411\">bis zu 50 Lampen gleichzeitig<\/strong> in einem Netzwerk verwalten. Damit eignet er sich ideal f\u00fcr gr\u00f6\u00dfere Installationen in Growr\u00e4umen, Aquaponik- oder Hydroponikanlagen. Die Steuerung erfolgt zentral, sicher und effizient \u00fcber die integrierten <strong data-start=\"1619\" data-end=\"1638\">RJ12-Anschl\u00fcsse<\/strong>.<\/p>\t\t\t\t\t\t\t\t<\/div>\n\t\t\t\t<div class=\"elementor-element elementor-element-952b277 elementor-widget elementor-widget-spacer\" data-id=\"952b277\" data-element_type=\"widget\" data-e-type=\"widget\" data-widget_type=\"spacer.default\">\n\t\t\t\t\t\t\t<div class=\"elementor-spacer\">\n\t\t\t<div class=\"elementor-spacer-inner\"><\/div>\n\t\t<\/div>\n\t\t\t\t\t\t<\/div>\n\t\t\t\t<div class=\"elementor-element elementor-element-116310f1 elementor-widget elementor-widget-heading\" data-id=\"116310f1\" data-element_type=\"widget\" data-e-type=\"widget\" data-widget_type=\"heading.default\">\n\t\t\t\t\t<h2 class=\"elementor-heading-title elementor-size-default\">Technische Merkmale<\/h2>\t\t\t\t<\/div>\n\t\t\t\t<div class=\"elementor-element elementor-element-53775258 color-scheme-inherit text-left elementor-widget elementor-widget-text-editor\" data-id=\"53775258\" data-element_type=\"widget\" data-e-type=\"widget\" data-widget_type=\"text-editor.default\">\n\t\t\t\t\t\t\t\t\t<table>\n<tr>\n<td><b>Parameter<\/b><\/td>\n<td><b>Wert<\/b><\/td>\n<\/tr>\n<tr>\n<td>Modell<\/td>\n<td>Lighting Controller Vanguard Hydroponics<\/td>\n<\/tr>\n<tr>\n<td>Gr\u00f6\u00dfe<\/td>\n<td>150 \u00d7 36 \u00d7 33,5 mm<\/td>\n<\/tr>\n<tr>\n<td>Schutzklasse<\/td>\n<td>IP20 \/ IK03<\/td>\n<\/tr>\n<tr>\n<td>Eingangsspannung<\/td>\n<td>12 V DC<\/td>\n<\/tr>\n<tr>\n<td>Max. Stromaufnahme<\/td>\n<td>80 mA<\/td>\n<\/tr>\n<tr>\n<td>Dimm-Ausgang<\/td>\n<td>0\u201310 V \/ 10 V PWM<\/td>\n<\/tr>\n<tr>\n<td>Dimm-Bereich<\/td>\n<td>10 % \u2013 100 %<\/td>\n<\/tr>\n<tr>\n<td>Netzwerkanschl\u00fcsse<\/td>\n<td>2 \u00d7 RJ12<\/td>\n<\/tr>\n<tr>\n<td>Maximale Anzahl Lampen<\/td>\n<td>50 St\u00fcck<\/td>\n<\/tr>\n<tr>\n<td>Farbe<\/td>\n<td>Schwarz<\/td>\n<\/tr>\n<tr>\n<td>Betriebstemperatur<\/td>\n<td>-20 \u00b0C \u2013 +50 \u00b0C<\/td>\n<\/tr>\n<tr>\n<td>Lagertemperatur<\/td>\n<td>-20 \u00b0C \u2013 +85 \u00b0C<\/td>\n<\/tr>\n<\/table>\t\t\t\t\t\t\t\t<\/div>\n\t\t\t\t<div class=\"elementor-element elementor-element-7e58b327 elementor-widget elementor-widget-spacer\" data-id=\"7e58b327\" data-element_type=\"widget\" data-e-type=\"widget\" data-widget_type=\"spacer.default\">\n\t\t\t\t\t\t\t<div class=\"elementor-spacer\">\n\t\t\t<div class=\"elementor-spacer-inner\"><\/div>\n\t\t<\/div>\n\t\t\t\t\t\t<\/div>\n\t\t\t\t<div class=\"elementor-element elementor-element-35676da5 elementor-widget elementor-widget-heading\" data-id=\"35676da5\" data-element_type=\"widget\" data-e-type=\"widget\" data-widget_type=\"heading.default\">\n\t\t\t\t\t<h2 class=\"elementor-heading-title elementor-size-default\">Vorteile<\/h2>\t\t\t\t<\/div>\n\t\t\t\t<div class=\"elementor-element elementor-element-596b5aa5 color-scheme-inherit text-left elementor-widget elementor-widget-text-editor\" data-id=\"596b5aa5\" data-element_type=\"widget\" data-e-type=\"widget\" data-widget_type=\"text-editor.default\">\n\t\t\t\t\t\t\t\t\t<ul><li data-start=\"2148\" data-end=\"2195\"><p data-start=\"2150\" data-end=\"2195\">Kompatibel mit 0\u201310 V &amp; PWM-Dimmsteuerungen<\/p><\/li><li data-start=\"2196\" data-end=\"2248\"><p data-start=\"2198\" data-end=\"2248\">Automatisches Ein- &amp; Ausschalten der Beleuchtung<\/p><\/li><li data-start=\"2249\" data-end=\"2286\"><p data-start=\"2251\" data-end=\"2286\">Pr\u00e4zise Dimmung in 10 %-Schritten<\/p><\/li><li data-start=\"2287\" data-end=\"2334\"><p data-start=\"2289\" data-end=\"2334\">Steuerung von bis zu 50 Lampen gleichzeitig<\/p><\/li><li data-start=\"2335\" data-end=\"2382\"><p data-start=\"2337\" data-end=\"2382\">Beibehaltung der Dimmstellung beim Neustart<\/p><\/li><li data-start=\"2383\" data-end=\"2436\"><p data-start=\"2385\" data-end=\"2436\">Einfache Installation dank RJ12-Netzwerkanschluss<\/p><\/li><li data-start=\"2437\" data-end=\"2483\"><p data-start=\"2439\" data-end=\"2483\">Robustes Design und zuverl\u00e4ssige Steuerung<\/p><\/li><\/ul>\t\t\t\t\t\t\t\t<\/div>\n\t\t\t\t<div class=\"elementor-element elementor-element-28b7bb0e elementor-widget elementor-widget-spacer\" data-id=\"28b7bb0e\" data-element_type=\"widget\" data-e-type=\"widget\" data-widget_type=\"spacer.default\">\n\t\t\t\t\t\t\t<div class=\"elementor-spacer\">\n\t\t\t<div class=\"elementor-spacer-inner\"><\/div>\n\t\t<\/div>\n\t\t\t\t\t\t<\/div>\n\t\t\t\t<div class=\"elementor-element elementor-element-1e9e7ed elementor-widget elementor-widget-heading\" data-id=\"1e9e7ed\" data-element_type=\"widget\" data-e-type=\"widget\" data-widget_type=\"heading.default\">\n\t\t\t\t\t<h2 class=\"elementor-heading-title elementor-size-default\">Anwendungsbereiche<\/h2>\t\t\t\t<\/div>\n\t\t\t\t<div class=\"elementor-element elementor-element-f4b005a color-scheme-inherit text-left elementor-widget elementor-widget-text-editor\" data-id=\"f4b005a\" data-element_type=\"widget\" data-e-type=\"widget\" data-widget_type=\"text-editor.default\">\n\t\t\t\t\t\t\t\t\t<p>Ideal f\u00fcr Growr\u00e4ume, Hydroponik- &amp; Aquaponikanlagen, Indoor-G\u00e4rten und alle Setups, in denen eine stabile, einstellbare Lichtsteuerung wichtig ist.<\/p>\t\t\t\t\t\t\t\t<\/div>\n\t\t\t\t<div class=\"elementor-element elementor-element-34f9c33 elementor-widget elementor-widget-spacer\" data-id=\"34f9c33\" data-element_type=\"widget\" data-e-type=\"widget\" data-widget_type=\"spacer.default\">\n\t\t\t\t\t\t\t<div class=\"elementor-spacer\">\n\t\t\t<div class=\"elementor-spacer-inner\"><\/div>\n\t\t<\/div>\n\t\t\t\t\t\t<\/div>\n\t\t\t\t<div class=\"elementor-element elementor-element-2b274986 elementor-widget elementor-widget-heading\" data-id=\"2b274986\" data-element_type=\"widget\" data-e-type=\"widget\" data-widget_type=\"heading.default\">\n\t\t\t\t\t<h2 class=\"elementor-heading-title elementor-size-default\">Zusammenanfassung<\/h2>\t\t\t\t<\/div>\n\t\t\t\t<div class=\"elementor-element elementor-element-1fafac76 color-scheme-inherit text-left elementor-widget elementor-widget-text-editor\" data-id=\"1fafac76\" data-element_type=\"widget\" data-e-type=\"widget\" data-widget_type=\"text-editor.default\">\n\t\t\t\t\t\t\t\t\t<p><strong data-start=\"3722\" data-end=\"3749\">Vanguard LED-Controller<\/strong> \u2013 professionelle Lichtsteuerung mit 0\u201310 V \/ PWM f\u00fcr bis zu 50 Lampen. Kompatibel mit Comos X200, speichert Dimmstellungen, automatisiert Lichtzyklen und sorgt f\u00fcr stabile Beleuchtung in Hydroponik- und Grow-Systemen.<\/p>\t\t\t\t\t\t\t\t<\/div>\n\t\t\t\t\t<\/div>\n\t\t\t\t<\/div>\n\t\t\t\t<\/div>\n\t\t","protected":false},"excerpt":{"rendered":"<p>Der Vanguard LED-Controller erm\u00f6glicht pr\u00e4zise Lichtsteuerung mit 0\u201310 V \/ PWM f\u00fcr bis zu 50 Lampen. Ideal f\u00fcr Comos X200 \u2013 speichert Dimmstellungen, automatisiert Ein- &amp; Ausschalten und sorgt f\u00fcr konstante Lichtintensit\u00e4t in Hydroponik- &amp; Grow-Systemen.<\/p>\n","protected":false},"featured_media":20940,"comment_status":"open","ping_status":"closed","template":"","meta":{"_monsterinsights_skip_tracking":false,"_monsterinsights_sitenote_active":false,"_monsterinsights_sitenote_note":"","_monsterinsights_sitenote_category":0},"product_brand":[],"product_cat":[438,559],"product_tag":[1915,1916,1917,1918,1908,1919,1909,1920,1910,1911,1912,1913,1914],"class_list":{"0":"post-20939","1":"product","2":"type-product","3":"status-publish","4":"has-post-thumbnail","6":"product_cat-beleuchtung","7":"product_cat-zubehoer","8":"product_tag-lampensteuerung","9":"product_tag-pflanzenbeleuchtung","10":"product_tag-beleuchtung-dimmen","11":"product_tag-growraum-controller","12":"product_tag-vanguard-led-controller","13":"product_tag-automatische-lichtsteuerung","14":"product_tag-led-controller","15":"product_tag-led-dimmer","16":"product_tag-comos-x200-steuerung","17":"product_tag-hydroponik-beleuchtung","18":"product_tag-grow-lichtsteuerung","19":"product_tag-0-10-v-controller","20":"product_tag-pwm-dimmcontroller","21":"pa_hersteller-vanguard-hydroponics","23":"first","24":"instock","25":"taxable","26":"shipping-taxable","27":"purchasable","28":"product-type-simple"},"bundled_by":[],"bundle_stock_status":"instock","bundle_stock_quantity":5,"bundle_virtual":false,"bundle_layout":"","bundle_add_to_cart_form_location":"","bundle_editable_in_cart":false,"bundle_sold_individually_context":"","bundle_item_grouping":"","bundle_min_size":"","bundle_max_size":"","bundle_price":[],"bundled_items":[],"bundle_sell_ids":[],"supplier_id":null,"supplier_sku":"","barcode":null,"atum_controlled":true,"out_stock_date":null,"out_stock_threshold":null,"inheritable":false,"inbound_stock":0,"stock_on_hold":0,"sold_today":0,"sales_last_days":0,"reserved_stock":0,"customer_returns":0,"warehouse_damage":0,"lost_in_post":0,"other_logs":0,"out_stock_days":0,"lost_sales":0,"has_location":false,"update_date":"2026-05-09T00:28:50","atum_locations":[],"atum_stock_status":"instock","restock_status":false,"low_stock_amount":"","sales_update_date":"2026-05-09T00:28:50","calc_backorders":null,"tiered_pricing_type":"fixed","tiered_pricing_fixed_rules":[],"tiered_pricing_product_settings":{"layout":"default","base_unit_name":{"singular":null,"plural":null},"default_variation":null},"tiered_pricing_minimum_quantity":null,"tiered_pricing_roles_data":[],"tiered_pricing_percentage_rules":[],"_links":{"self":[{"href":"https:\/\/www.lets-grow.de\/blog\/wp-json\/wp\/v2\/product\/20939","targetHints":{"allow":["GET"]}}],"collection":[{"href":"https:\/\/www.lets-grow.de\/blog\/wp-json\/wp\/v2\/product"}],"about":[{"href":"https:\/\/www.lets-grow.de\/blog\/wp-json\/wp\/v2\/types\/product"}],"replies":[{"embeddable":true,"href":"https:\/\/www.lets-grow.de\/blog\/wp-json\/wp\/v2\/comments?post=20939"}],"version-history":[{"count":4,"href":"https:\/\/www.lets-grow.de\/blog\/wp-json\/wp\/v2\/product\/20939\/revisions"}],"predecessor-version":[{"id":20947,"href":"https:\/\/www.lets-grow.de\/blog\/wp-json\/wp\/v2\/product\/20939\/revisions\/20947"}],"wp:featuredmedia":[{"embeddable":true,"href":"https:\/\/www.lets-grow.de\/blog\/wp-json\/wp\/v2\/media\/20940"}],"wp:attachment":[{"href":"https:\/\/www.lets-grow.de\/blog\/wp-json\/wp\/v2\/media?parent=20939"}],"wp:term":[{"taxonomy":"product_brand","embeddable":true,"href":"https:\/\/www.lets-grow.de\/blog\/wp-json\/wp\/v2\/product_brand?post=20939"},{"taxonomy":"product_cat","embeddable":true,"href":"https:\/\/www.lets-grow.de\/blog\/wp-json\/wp\/v2\/product_cat?post=20939"},{"taxonomy":"product_tag","embeddable":true,"href":"https:\/\/www.lets-grow.de\/blog\/wp-json\/wp\/v2\/product_tag?post=20939"}],"curies":[{"name":"wp","href":"https:\/\/api.w.org\/{rel}","templated":true}]}}