{"id":20924,"date":"2025-11-01T16:04:04","date_gmt":"2025-11-01T15:04:04","guid":{"rendered":"https:\/\/www.lets-grow.de\/blog\/?post_type=product&#038;p=20924"},"modified":"2026-03-20T17:09:59","modified_gmt":"2026-03-20T16:09:59","slug":"titanheizer-500-w-mit-digitalem-controller","status":"publish","type":"product","link":"https:\/\/www.lets-grow.de\/blog\/shop\/titanheizer-500-w-mit-digitalem-controller\/","title":{"rendered":"Titanheizer 500 W mit digitalem Controller"},"content":{"rendered":"\t\t<div data-elementor-type=\"product-post\" data-elementor-id=\"20924\" class=\"elementor elementor-20924\" data-elementor-post-type=\"product\">\n\t\t\t\t<div class=\"wd-negative-gap elementor-element elementor-element-4774e5f4 e-flex e-con-boxed e-con e-parent\" data-id=\"4774e5f4\" data-element_type=\"container\" data-e-type=\"container\">\n\t\t\t\t\t<div class=\"e-con-inner\">\n\t\t\t\t<div class=\"elementor-element elementor-element-1cee2cc0 elementor-widget elementor-widget-heading\" data-id=\"1cee2cc0\" data-element_type=\"widget\" data-e-type=\"widget\" data-widget_type=\"heading.default\">\n\t\t\t\t\t<h2 class=\"elementor-heading-title elementor-size-default\">Pr\u00e4zise Wassererw\u00e4rmung f\u00fcr Hydroponik &amp; Aquaponik<\/h2>\t\t\t\t<\/div>\n\t\t\t\t<div class=\"elementor-element elementor-element-8512fb1 color-scheme-inherit text-left elementor-widget elementor-widget-text-editor\" data-id=\"8512fb1\" data-element_type=\"widget\" data-e-type=\"widget\" data-widget_type=\"text-editor.default\">\n\t\t\t\t\t\t\t\t\t<p>Erleben Sie die Pro Grip Seilzugrollen, die perfekte L\u00f6sung f\u00fcr eine sichere und m\u00fchelose Aufh\u00e4ngung schwerer Beleuchtungsger\u00e4te, Reflektoren, Filter, Bel\u00fcftungsger\u00e4te und anderer Ausstattungen in Ihrem Gew\u00e4chshaus oder Ihrer Growbox. Mit diesen Seilzugrollen k\u00f6nnen Sie Ger\u00e4te schnell und zuverl\u00e4ssig fixieren, um eine stabile Aufh\u00e4ngung zu gew\u00e4hrleisten.<\/p>\t\t\t\t\t\t\t\t<\/div>\n\t\t\t\t<div class=\"elementor-element elementor-element-49f9c552 elementor-widget elementor-widget-spacer\" data-id=\"49f9c552\" data-element_type=\"widget\" data-e-type=\"widget\" data-widget_type=\"spacer.default\">\n\t\t\t\t\t\t\t<div class=\"elementor-spacer\">\n\t\t\t<div class=\"elementor-spacer-inner\"><\/div>\n\t\t<\/div>\n\t\t\t\t\t\t<\/div>\n\t\t\t\t<div class=\"elementor-element elementor-element-7040e3d4 elementor-widget elementor-widget-heading\" data-id=\"7040e3d4\" data-element_type=\"widget\" data-e-type=\"widget\" data-widget_type=\"heading.default\">\n\t\t\t\t\t<h2 class=\"elementor-heading-title elementor-size-default\">Warum Wassertemperatur so wichtig ist<\/h2>\t\t\t\t<\/div>\n\t\t\t\t<div class=\"elementor-element elementor-element-5d49dc18 color-scheme-inherit text-left elementor-widget elementor-widget-text-editor\" data-id=\"5d49dc18\" data-element_type=\"widget\" data-e-type=\"widget\" data-widget_type=\"text-editor.default\">\n\t\t\t\t\t\t\t\t\t<p data-start=\"862\" data-end=\"976\">F\u00fcr gesundes Pflanzenwachstum in Hydroponik oder Aquaponik spielt die Wassertemperatur eine entscheidende Rolle:<\/p><ul data-start=\"977\" data-end=\"1347\"><li data-start=\"977\" data-end=\"1045\"><p data-start=\"979\" data-end=\"1045\">Zu warmes Wasser kann Wurzeln sch\u00e4digen und das Wachstum hemmen.<\/p><\/li><li data-start=\"1046\" data-end=\"1347\"><p data-start=\"1048\" data-end=\"1347\">Zu kaltes Wasser verlangsamt den Stoffwechsel und reduziert N\u00e4hrstoffaufnahme.<br data-start=\"1126\" data-end=\"1129\" \/>Mit dem Titanheizer l\u00e4sst sich die Temperatur zuverl\u00e4ssig in einem optimalen Bereich halten \u2013 Anf\u00e4nger sind mit <strong data-start=\"1241\" data-end=\"1253\">20\u201322\u202f\u00b0C<\/strong> gut beraten, erfahrene Anwender nutzen <strong data-start=\"1293\" data-end=\"1309\">bis zu 24\u202f\u00b0C<\/strong> f\u00fcr ein breiteres Pflanzenspektrum.<\/p><\/li><\/ul>\t\t\t\t\t\t\t\t<\/div>\n\t\t\t\t<div class=\"elementor-element elementor-element-193ce320 elementor-widget elementor-widget-spacer\" data-id=\"193ce320\" data-element_type=\"widget\" data-e-type=\"widget\" data-widget_type=\"spacer.default\">\n\t\t\t\t\t\t\t<div class=\"elementor-spacer\">\n\t\t\t<div class=\"elementor-spacer-inner\"><\/div>\n\t\t<\/div>\n\t\t\t\t\t\t<\/div>\n\t\t\t\t<div class=\"elementor-element elementor-element-3235106 elementor-widget elementor-widget-heading\" data-id=\"3235106\" data-element_type=\"widget\" data-e-type=\"widget\" data-widget_type=\"heading.default\">\n\t\t\t\t\t<h2 class=\"elementor-heading-title elementor-size-default\">Einfache Anwendung &amp; Installation<\/h2>\t\t\t\t<\/div>\n\t\t\t\t<div class=\"elementor-element elementor-element-3aeea6b color-scheme-inherit text-left elementor-widget elementor-widget-text-editor\" data-id=\"3aeea6b\" data-element_type=\"widget\" data-e-type=\"widget\" data-widget_type=\"text-editor.default\">\n\t\t\t\t\t\t\t\t\t<ul><li data-start=\"1393\" data-end=\"1433\"><p data-start=\"1395\" data-end=\"1433\">Vollst\u00e4ndig untertauchbarer Heizstab<\/p><\/li><li data-start=\"1434\" data-end=\"1482\"><p data-start=\"1436\" data-end=\"1482\">Suction Cups f\u00fcr sichere Befestigung im Tank<\/p><\/li><li data-start=\"1483\" data-end=\"1530\"><p data-start=\"1485\" data-end=\"1530\">Intelligente Temperaturregelung mit IC-Chip<\/p><\/li><li data-start=\"1531\" data-end=\"1599\"><p data-start=\"1533\" data-end=\"1599\">Display zeigt sowohl aktuelle Wassertemperatur als auch Sollwert<\/p><\/li><li data-start=\"1600\" data-end=\"1639\"><p data-start=\"1602\" data-end=\"1639\">Einstellbarer Bereich: <strong data-start=\"1625\" data-end=\"1637\">20\u201334\u202f\u00b0C<\/strong><\/p><\/li><li data-start=\"1640\" data-end=\"1699\"><p data-start=\"1642\" data-end=\"1699\">Schutz vor \u00dcberhitzung, energiesparendes Schritt-Heizen<\/p><\/li><\/ul>\t\t\t\t\t\t\t\t<\/div>\n\t\t\t\t<div class=\"elementor-element elementor-element-c9074aa elementor-widget elementor-widget-spacer\" data-id=\"c9074aa\" data-element_type=\"widget\" data-e-type=\"widget\" data-widget_type=\"spacer.default\">\n\t\t\t\t\t\t\t<div class=\"elementor-spacer\">\n\t\t\t<div class=\"elementor-spacer-inner\"><\/div>\n\t\t<\/div>\n\t\t\t\t\t\t<\/div>\n\t\t\t\t<div class=\"elementor-element elementor-element-789d646e elementor-widget elementor-widget-heading\" data-id=\"789d646e\" data-element_type=\"widget\" data-e-type=\"widget\" data-widget_type=\"heading.default\">\n\t\t\t\t\t<h2 class=\"elementor-heading-title elementor-size-default\">Vorteile<\/h2>\t\t\t\t<\/div>\n\t\t\t\t<div class=\"elementor-element elementor-element-2ea3c36f color-scheme-inherit text-left elementor-widget elementor-widget-text-editor\" data-id=\"2ea3c36f\" data-element_type=\"widget\" data-e-type=\"widget\" data-widget_type=\"text-editor.default\">\n\t\t\t\t\t\t\t\t\t<ul><li data-start=\"1737\" data-end=\"1831\"><p data-start=\"1739\" data-end=\"1831\">Hochwertiges TA2 Aviation Titanium \u2013 extrem langlebig, korrosions- und explosionsgesch\u00fctzt<\/p><\/li><li data-start=\"1832\" data-end=\"1854\"><p data-start=\"1834\" data-end=\"1854\">Genauigkeit: \u00b11\u202f\u00b0C<\/p><\/li><li data-start=\"1855\" data-end=\"1917\"><p data-start=\"1857\" data-end=\"1917\">Quartzglas &amp; Nickel-Chrom Heizdraht \u2013 bruchfest und stabil<\/p><\/li><li data-start=\"1918\" data-end=\"1985\"><p data-start=\"1920\" data-end=\"1985\">Geeignet f\u00fcr Hydroponik, Aquaponik, Gartenteiche und Fischzucht<\/p><\/li><li data-start=\"1986\" data-end=\"2075\"><p data-start=\"1988\" data-end=\"2075\">Leistungsstark: 500 W \u2013 passend f\u00fcr Tanks bis ca. 500 L (1\u202fW pro Liter als Richtwert)<\/p><\/li><\/ul>\t\t\t\t\t\t\t\t<\/div>\n\t\t\t\t<div class=\"elementor-element elementor-element-687ebe00 elementor-widget elementor-widget-spacer\" data-id=\"687ebe00\" data-element_type=\"widget\" data-e-type=\"widget\" data-widget_type=\"spacer.default\">\n\t\t\t\t\t\t\t<div class=\"elementor-spacer\">\n\t\t\t<div class=\"elementor-spacer-inner\"><\/div>\n\t\t<\/div>\n\t\t\t\t\t\t<\/div>\n\t\t\t\t<div class=\"elementor-element elementor-element-512c0152 elementor-widget elementor-widget-heading\" data-id=\"512c0152\" data-element_type=\"widget\" data-e-type=\"widget\" data-widget_type=\"heading.default\">\n\t\t\t\t\t<h2 class=\"elementor-heading-title elementor-size-default\">Technische Daten<\/h2>\t\t\t\t<\/div>\n\t\t\t\t<div class=\"elementor-element elementor-element-41c20de7 color-scheme-inherit text-left elementor-widget elementor-widget-text-editor\" data-id=\"41c20de7\" data-element_type=\"widget\" data-e-type=\"widget\" data-widget_type=\"text-editor.default\">\n\t\t\t\t\t\t\t\t\t<div class=\"_tableContainer_1rjym_1\"><div class=\"group _tableWrapper_1rjym_13 flex w-fit flex-col-reverse\" tabindex=\"-1\"><table class=\"w-fit min-w-(--thread-content-width)\" data-start=\"2104\" data-end=\"2540\"><thead data-start=\"2104\" data-end=\"2135\"><tr data-start=\"2104\" data-end=\"2135\"><th data-start=\"2104\" data-end=\"2118\" data-col-size=\"sm\">Eigenschaft<\/th><th data-start=\"2118\" data-end=\"2135\" data-col-size=\"md\">Spezifikation<\/th><\/tr><\/thead><tbody data-start=\"2168\" data-end=\"2540\"><tr data-start=\"2168\" data-end=\"2188\"><td data-start=\"2168\" data-end=\"2179\" data-col-size=\"sm\">Leistung<\/td><td data-col-size=\"md\" data-start=\"2179\" data-end=\"2188\">500 W<\/td><\/tr><tr data-start=\"2189\" data-end=\"2257\"><td data-start=\"2189\" data-end=\"2200\" data-col-size=\"sm\">Material<\/td><td data-start=\"2200\" data-end=\"2257\" data-col-size=\"md\">TA2 Aviation Titanium, Quartzglas, Nickel-Chrom Draht<\/td><\/tr><tr data-start=\"2258\" data-end=\"2290\"><td data-start=\"2258\" data-end=\"2278\" data-col-size=\"sm\">Temperaturbereich<\/td><td data-col-size=\"md\" data-start=\"2278\" data-end=\"2290\">20\u201334\u202f\u00b0C<\/td><\/tr><tr data-start=\"2291\" data-end=\"2314\"><td data-start=\"2291\" data-end=\"2305\" data-col-size=\"sm\">Genauigkeit<\/td><td data-col-size=\"md\" data-start=\"2305\" data-end=\"2314\">\u00b11\u202f\u00b0C<\/td><\/tr><tr data-start=\"2315\" data-end=\"2363\"><td data-start=\"2315\" data-end=\"2324\" data-col-size=\"sm\">Schutz<\/td><td data-start=\"2324\" data-end=\"2363\" data-col-size=\"md\">\u00dcberhitzungsschutz, Schritt-Heizung<\/td><\/tr><tr data-start=\"2364\" data-end=\"2424\"><td data-start=\"2364\" data-end=\"2374\" data-col-size=\"sm\">Anzeige<\/td><td data-col-size=\"md\" data-start=\"2374\" data-end=\"2424\">Digital (aktuelle und eingestellte Temperatur)<\/td><\/tr><tr data-start=\"2425\" data-end=\"2478\"><td data-start=\"2425\" data-end=\"2439\" data-col-size=\"sm\">Befestigung<\/td><td data-start=\"2439\" data-end=\"2478\" data-col-size=\"md\">Saugn\u00e4pfe f\u00fcr einfache Installation<\/td><\/tr><tr data-start=\"2479\" data-end=\"2540\"><td data-start=\"2479\" data-end=\"2496\" data-col-size=\"sm\">Einsatzbereich<\/td><td data-col-size=\"md\" data-start=\"2496\" data-end=\"2540\">Hydroponik, Aquaponik, S\u00fc\u00df- &amp; Salzwasser<\/td><\/tr><\/tbody><\/table><\/div><\/div><p data-start=\"2542\" data-end=\"2650\"><strong data-start=\"2542\" data-end=\"2554\">Hinweis:<\/strong> Verwenden Sie die Faustregel 1\u202fW pro Liter Wasser, um die passende Heizleistung zu ermitteln.<\/p>\t\t\t\t\t\t\t\t<\/div>\n\t\t\t\t<div class=\"elementor-element elementor-element-3ec5bdac elementor-widget elementor-widget-spacer\" data-id=\"3ec5bdac\" data-element_type=\"widget\" data-e-type=\"widget\" data-widget_type=\"spacer.default\">\n\t\t\t\t\t\t\t<div class=\"elementor-spacer\">\n\t\t\t<div class=\"elementor-spacer-inner\"><\/div>\n\t\t<\/div>\n\t\t\t\t\t\t<\/div>\n\t\t\t\t<div class=\"elementor-element elementor-element-3f8d760e elementor-widget elementor-widget-heading\" data-id=\"3f8d760e\" data-element_type=\"widget\" data-e-type=\"widget\" data-widget_type=\"heading.default\">\n\t\t\t\t\t<h2 class=\"elementor-heading-title elementor-size-default\">Zusammenfassung<\/h2>\t\t\t\t<\/div>\n\t\t\t\t<div class=\"elementor-element elementor-element-6b42149a color-scheme-inherit text-left elementor-widget elementor-widget-text-editor\" data-id=\"6b42149a\" data-element_type=\"widget\" data-e-type=\"widget\" data-widget_type=\"text-editor.default\">\n\t\t\t\t\t\t\t\t\t<p data-start=\"78\" data-end=\"339\"><strong data-start=\"78\" data-end=\"124\">Titanheizer 500\u202fW mit digitalem Controller<\/strong> \u2013 pr\u00e4zise Wassertemperaturregelung f\u00fcr Hydroponik, Aquaponik und Gartenteiche. Hochwertiges Titan, einstellbar 20\u201334\u202f\u00b0C, \u00dcberhitzungsschutz, energiesparend, sch\u00fctzt Wurzeln und f\u00f6rdert optimales Pflanzenwachstum.<\/p>\t\t\t\t\t\t\t\t<\/div>\n\t\t\t\t\t<\/div>\n\t\t\t\t<\/div>\n\t\t\t\t<\/div>\n\t\t","protected":false},"excerpt":{"rendered":"<p>Der Titanheizer Water Master 500\u202fW sorgt f\u00fcr pr\u00e4zise Wassertemperaturen in Hydroponik, Aquaponik und Gartenteichen. Hochwertiges Titan, digitales Display, einstellbar von 20\u201334\u202f\u00b0C, \u00dcberhitzungsschutz und energiesparendes Schritt-Heizen. Ideal f\u00fcr Tanks bis 500\u202fL, sch\u00fctzt Wurzeln und sorgt f\u00fcr optimales Pflanzenwachstum.<\/p>\n","protected":false},"featured_media":20938,"comment_status":"open","ping_status":"closed","template":"","meta":{"_monsterinsights_skip_tracking":false,"_monsterinsights_sitenote_active":false,"_monsterinsights_sitenote_note":"","_monsterinsights_sitenote_category":0},"product_brand":[],"product_cat":[1381],"product_tag":[1898,1899,1900,1901,1891,1902,1892,1903,1893,1904,1894,1905,1895,1906,1896,1907,1897],"class_list":{"0":"post-20924","1":"product","2":"type-product","3":"status-publish","4":"has-post-thumbnail","6":"product_cat-heizung","7":"product_tag-temperatursteuerung","8":"product_tag-ta2-titanium","9":"product_tag-suesswasser","10":"product_tag-salzwasser","11":"product_tag-titanheizer","12":"product_tag-gartenteich-heizer","13":"product_tag-heizer-500-w","14":"product_tag-naehrloesung-heizung","15":"product_tag-water-master-heizer","16":"product_tag-unterwasserheizer","17":"product_tag-hydroponik-heizer","18":"product_tag-energiesparender-heizer","19":"product_tag-aquaponik-heizer","20":"product_tag-titan","21":"product_tag-wassertemperaturkontrolle","22":"product_tag-heizung","23":"product_tag-digitaler-heizer","24":"pa_hersteller-water-master","26":"first","27":"instock","28":"taxable","29":"shipping-taxable","30":"purchasable","31":"product-type-simple"},"bundled_by":[],"bundle_stock_status":"instock","bundle_stock_quantity":2,"bundle_virtual":false,"bundle_layout":"","bundle_add_to_cart_form_location":"","bundle_editable_in_cart":false,"bundle_sold_individually_context":"","bundle_item_grouping":"","bundle_min_size":"","bundle_max_size":"","bundle_price":[],"bundled_items":[],"bundle_sell_ids":[],"supplier_id":null,"supplier_sku":"","barcode":null,"atum_controlled":true,"out_stock_date":null,"out_stock_threshold":null,"inheritable":false,"inbound_stock":0,"stock_on_hold":0,"sold_today":0,"sales_last_days":0,"reserved_stock":0,"customer_returns":0,"warehouse_damage":0,"lost_in_post":0,"other_logs":0,"out_stock_days":0,"lost_sales":0,"has_location":false,"update_date":"2026-05-03T00:23:53","atum_locations":[],"atum_stock_status":"instock","restock_status":false,"low_stock_amount":"","sales_update_date":"2026-05-03T00:23:53","calc_backorders":null,"tiered_pricing_type":"fixed","tiered_pricing_fixed_rules":[],"tiered_pricing_product_settings":{"layout":"default","base_unit_name":{"singular":null,"plural":null},"default_variation":null},"tiered_pricing_minimum_quantity":null,"tiered_pricing_roles_data":[],"tiered_pricing_percentage_rules":[],"_links":{"self":[{"href":"https:\/\/www.lets-grow.de\/blog\/wp-json\/wp\/v2\/product\/20924","targetHints":{"allow":["GET"]}}],"collection":[{"href":"https:\/\/www.lets-grow.de\/blog\/wp-json\/wp\/v2\/product"}],"about":[{"href":"https:\/\/www.lets-grow.de\/blog\/wp-json\/wp\/v2\/types\/product"}],"replies":[{"embeddable":true,"href":"https:\/\/www.lets-grow.de\/blog\/wp-json\/wp\/v2\/comments?post=20924"}],"version-history":[{"count":4,"href":"https:\/\/www.lets-grow.de\/blog\/wp-json\/wp\/v2\/product\/20924\/revisions"}],"predecessor-version":[{"id":20930,"href":"https:\/\/www.lets-grow.de\/blog\/wp-json\/wp\/v2\/product\/20924\/revisions\/20930"}],"wp:featuredmedia":[{"embeddable":true,"href":"https:\/\/www.lets-grow.de\/blog\/wp-json\/wp\/v2\/media\/20938"}],"wp:attachment":[{"href":"https:\/\/www.lets-grow.de\/blog\/wp-json\/wp\/v2\/media?parent=20924"}],"wp:term":[{"taxonomy":"product_brand","embeddable":true,"href":"https:\/\/www.lets-grow.de\/blog\/wp-json\/wp\/v2\/product_brand?post=20924"},{"taxonomy":"product_cat","embeddable":true,"href":"https:\/\/www.lets-grow.de\/blog\/wp-json\/wp\/v2\/product_cat?post=20924"},{"taxonomy":"product_tag","embeddable":true,"href":"https:\/\/www.lets-grow.de\/blog\/wp-json\/wp\/v2\/product_tag?post=20924"}],"curies":[{"name":"wp","href":"https:\/\/api.w.org\/{rel}","templated":true}]}}