{"id":20664,"date":"2025-09-16T18:59:08","date_gmt":"2025-09-16T16:59:08","guid":{"rendered":"https:\/\/www.lets-grow.de\/blog\/?post_type=product&#038;p=20664"},"modified":"2026-04-11T11:02:35","modified_gmt":"2026-04-11T09:02:35","slug":"advanced-nutrients-starter-kit","status":"publish","type":"product","link":"https:\/\/www.lets-grow.de\/blog\/shop\/advanced-nutrients-starter-kit\/","title":{"rendered":"Advanced Nutrients Starter Kit"},"content":{"rendered":"\t\t<div data-elementor-type=\"product-post\" data-elementor-id=\"20664\" class=\"elementor elementor-20664\" data-elementor-post-type=\"product\">\n\t\t\t\t<div class=\"wd-negative-gap elementor-element elementor-element-6248cdb3 e-flex e-con-boxed e-con e-parent\" data-id=\"6248cdb3\" data-element_type=\"container\" data-e-type=\"container\">\n\t\t\t\t\t<div class=\"e-con-inner\">\n\t\t\t\t<div class=\"elementor-element elementor-element-6d13d921 elementor-widget elementor-widget-heading\" data-id=\"6d13d921\" data-element_type=\"widget\" data-e-type=\"widget\" data-widget_type=\"heading.default\">\n\t\t\t\t\t<h2 class=\"elementor-heading-title elementor-size-default\">Advanced Nutrients Starter Kit \u2013 Sensi Grow &amp; Bloom, B-52, Voodoo Juice, Overdrive, Bud Candy &amp; Big Bud<\/h2>\t\t\t\t<\/div>\n\t\t\t\t<div class=\"elementor-element elementor-element-197c9f95 color-scheme-inherit text-left elementor-widget elementor-widget-text-editor\" data-id=\"197c9f95\" data-element_type=\"widget\" data-e-type=\"widget\" data-widget_type=\"text-editor.default\">\n\t\t\t\t\t\t\t\t\t<p data-start=\"1182\" data-end=\"1320\">Dieses Advanced Nutrients Starter Kit deckt die gesamte Pflanzenentwicklung ab \u2013 von der Wurzel bis zur Bl\u00fcte.<\/p><ul data-start=\"1322\" data-end=\"1786\"><li data-start=\"1322\" data-end=\"1399\"><p data-start=\"1324\" data-end=\"1399\"><strong data-start=\"1324\" data-end=\"1344\">Sensi Grow A &amp; B<\/strong> \u2013 essentielle Makron\u00e4hrstoffe f\u00fcr kr\u00e4ftiges Wachstum<\/p><\/li><li data-start=\"1400\" data-end=\"1478\"><p data-start=\"1402\" data-end=\"1478\"><strong data-start=\"1402\" data-end=\"1423\">Sensi Bloom A &amp; B<\/strong> \u2013 perfekt abgestimmte Bl\u00fctend\u00fcnger f\u00fcr \u00fcppige Bl\u00fcten<\/p><\/li><li data-start=\"1479\" data-end=\"1549\"><p data-start=\"1481\" data-end=\"1549\"><strong data-start=\"1481\" data-end=\"1489\">B-52<\/strong> \u2013 Vitamine &amp; Mineralien f\u00fcr Vitalit\u00e4t und Stressresistenz<\/p><\/li><li data-start=\"1550\" data-end=\"1606\"><p data-start=\"1552\" data-end=\"1606\"><strong data-start=\"1552\" data-end=\"1568\">Voodoo Juice<\/strong> \u2013 Wurzelbooster f\u00fcr gesunde Wurzeln<\/p><\/li><li data-start=\"1607\" data-end=\"1662\"><p data-start=\"1609\" data-end=\"1662\"><strong data-start=\"1609\" data-end=\"1622\">Overdrive<\/strong> \u2013 steigert Bl\u00fctenproduktion und Aroma<\/p><\/li><li data-start=\"1663\" data-end=\"1729\"><p data-start=\"1665\" data-end=\"1729\"><strong data-start=\"1665\" data-end=\"1678\">Bud Candy<\/strong> \u2013 Zucker und N\u00e4hrstoffe f\u00fcr intensiven Geschmack<\/p><\/li><li data-start=\"1730\" data-end=\"1786\"><p data-start=\"1732\" data-end=\"1786\"><strong data-start=\"1732\" data-end=\"1743\">Big Bud<\/strong> \u2013 Bl\u00fctenbooster f\u00fcr gro\u00dfe, dichte Bl\u00fcten<\/p><\/li><\/ul><p data-start=\"1788\" data-end=\"1911\">Das Set ist optimal aufeinander abgestimmt und eignet sich f\u00fcr alle Phasen des Grows, egal ob Erde, Coco oder Hydroponik.<\/p>\t\t\t\t\t\t\t\t<\/div>\n\t\t\t\t<div class=\"elementor-element elementor-element-43b1bd06 elementor-widget elementor-widget-spacer\" data-id=\"43b1bd06\" data-element_type=\"widget\" data-e-type=\"widget\" data-widget_type=\"spacer.default\">\n\t\t\t\t\t\t\t<div class=\"elementor-spacer\">\n\t\t\t<div class=\"elementor-spacer-inner\"><\/div>\n\t\t<\/div>\n\t\t\t\t\t\t<\/div>\n\t\t\t\t<div class=\"elementor-element elementor-element-63ec5dc8 elementor-widget elementor-widget-heading\" data-id=\"63ec5dc8\" data-element_type=\"widget\" data-e-type=\"widget\" data-widget_type=\"heading.default\">\n\t\t\t\t\t<h2 class=\"elementor-heading-title elementor-size-default\">Anwendungen<\/h2>\t\t\t\t<\/div>\n\t\t\t\t<div class=\"elementor-element elementor-element-3aa5e569 color-scheme-inherit text-left elementor-widget elementor-widget-text-editor\" data-id=\"3aa5e569\" data-element_type=\"widget\" data-e-type=\"widget\" data-widget_type=\"text-editor.default\">\n\t\t\t\t\t\t\t\t\t<p>Die Produkte werden nach den Dosierungsempfehlungen von Advanced Nutrients in der jeweiligen Wachstums- oder Bl\u00fctephase ins Gie\u00dfwasser gegeben. Grow- und Bloom-Produkte sowie Booster sollten entsprechend der Phase eingesetzt werden.<\/p>\t\t\t\t\t\t\t\t<\/div>\n\t\t\t\t<div class=\"elementor-element elementor-element-2534c87b elementor-widget elementor-widget-spacer\" data-id=\"2534c87b\" data-element_type=\"widget\" data-e-type=\"widget\" data-widget_type=\"spacer.default\">\n\t\t\t\t\t\t\t<div class=\"elementor-spacer\">\n\t\t\t<div class=\"elementor-spacer-inner\"><\/div>\n\t\t<\/div>\n\t\t\t\t\t\t<\/div>\n\t\t\t\t<div class=\"elementor-element elementor-element-46027cdb elementor-widget elementor-widget-heading\" data-id=\"46027cdb\" data-element_type=\"widget\" data-e-type=\"widget\" data-widget_type=\"heading.default\">\n\t\t\t\t\t<h2 class=\"elementor-heading-title elementor-size-default\">Vorteile<\/h2>\t\t\t\t<\/div>\n\t\t\t\t<div class=\"elementor-element elementor-element-52205f0 color-scheme-inherit text-left elementor-widget elementor-widget-text-editor\" data-id=\"52205f0\" data-element_type=\"widget\" data-e-type=\"widget\" data-widget_type=\"text-editor.default\">\n\t\t\t\t\t\t\t\t\t<ul><li data-start=\"2180\" data-end=\"2231\"><p data-start=\"2182\" data-end=\"2231\">Komplettes Starterkit f\u00fcr alle Phasen des Grows<\/p><\/li><li data-start=\"2232\" data-end=\"2299\"><p data-start=\"2234\" data-end=\"2299\">F\u00f6rdert kr\u00e4ftiges Wachstum, gesunde Wurzeln und maximale Bl\u00fcten<\/p><\/li><li data-start=\"2300\" data-end=\"2340\"><p data-start=\"2302\" data-end=\"2340\">Steigert Aroma, Geschmack und Ertrag<\/p><\/li><li data-start=\"2341\" data-end=\"2380\"><p data-start=\"2343\" data-end=\"2380\">Ideal f\u00fcr Erde, Coco und Hydroponik<\/p><\/li><li data-start=\"2381\" data-end=\"2438\"><p data-start=\"2383\" data-end=\"2438\">Einfach anzuwenden und perfekt aufeinander abgestimmt<\/p><\/li><\/ul>\t\t\t\t\t\t\t\t<\/div>\n\t\t\t\t<div class=\"elementor-element elementor-element-4e1e1d3 elementor-widget elementor-widget-spacer\" data-id=\"4e1e1d3\" data-element_type=\"widget\" data-e-type=\"widget\" data-widget_type=\"spacer.default\">\n\t\t\t\t\t\t\t<div class=\"elementor-spacer\">\n\t\t\t<div class=\"elementor-spacer-inner\"><\/div>\n\t\t<\/div>\n\t\t\t\t\t\t<\/div>\n\t\t\t\t<div class=\"elementor-element elementor-element-2058aecf elementor-widget elementor-widget-heading\" data-id=\"2058aecf\" data-element_type=\"widget\" data-e-type=\"widget\" data-widget_type=\"heading.default\">\n\t\t\t\t\t<h2 class=\"elementor-heading-title elementor-size-default\">Lieferumfang<\/h2>\t\t\t\t<\/div>\n\t\t\t\t<div class=\"elementor-element elementor-element-1c499f02 color-scheme-inherit text-left elementor-widget elementor-widget-text-editor\" data-id=\"1c499f02\" data-element_type=\"widget\" data-e-type=\"widget\" data-widget_type=\"text-editor.default\">\n\t\t\t\t\t\t\t\t\t<ul><li data-start=\"2459\" data-end=\"2489\"><p data-start=\"2461\" data-end=\"2489\">Sensi Grow A &amp; B je 500 ml<\/p><\/li><li data-start=\"2490\" data-end=\"2521\"><p data-start=\"2492\" data-end=\"2521\">Sensi Bloom A &amp; B je 500 ml<\/p><\/li><li data-start=\"2522\" data-end=\"2537\"><p data-start=\"2524\" data-end=\"2537\">B-52 250 ml<\/p><\/li><li data-start=\"2538\" data-end=\"2561\"><p data-start=\"2540\" data-end=\"2561\">Voodoo Juice 250 ml<\/p><\/li><li data-start=\"2562\" data-end=\"2582\"><p data-start=\"2564\" data-end=\"2582\">Overdrive 250 ml<\/p><\/li><li data-start=\"2583\" data-end=\"2603\"><p data-start=\"2585\" data-end=\"2603\">Bud Candy 250 ml<\/p><\/li><li data-start=\"2604\" data-end=\"2622\"><p data-start=\"2606\" data-end=\"2622\">Big Bud 250 ml<\/p><\/li><\/ul>\t\t\t\t\t\t\t\t<\/div>\n\t\t\t\t<div class=\"elementor-element elementor-element-332b6901 elementor-widget elementor-widget-spacer\" data-id=\"332b6901\" data-element_type=\"widget\" data-e-type=\"widget\" data-widget_type=\"spacer.default\">\n\t\t\t\t\t\t\t<div class=\"elementor-spacer\">\n\t\t\t<div class=\"elementor-spacer-inner\"><\/div>\n\t\t<\/div>\n\t\t\t\t\t\t<\/div>\n\t\t\t\t<div class=\"elementor-element elementor-element-1f8b6ebc elementor-widget elementor-widget-heading\" data-id=\"1f8b6ebc\" data-element_type=\"widget\" data-e-type=\"widget\" data-widget_type=\"heading.default\">\n\t\t\t\t\t<h2 class=\"elementor-heading-title elementor-size-default\">Zusammenfassung<\/h2>\t\t\t\t<\/div>\n\t\t\t\t<div class=\"elementor-element elementor-element-4c18c250 color-scheme-inherit text-left elementor-widget elementor-widget-text-editor\" data-id=\"4c18c250\" data-element_type=\"widget\" data-e-type=\"widget\" data-widget_type=\"text-editor.default\">\n\t\t\t\t\t\t\t\t\t<p>Das Advanced Nutrients Starter Kit bietet alles, was Pflanzen f\u00fcr gesundes Wachstum, starke Wurzeln und maximale Bl\u00fcten brauchen. Ideal f\u00fcr Einsteiger und fortgeschrittene Grower, die optimale Ergebnisse in Indoor- oder Hydroponik-Systemen erzielen m\u00f6chten.<\/p>\t\t\t\t\t\t\t\t<\/div>\n\t\t\t\t\t<\/div>\n\t\t\t\t<\/div>\n\t\t\t\t<\/div>\n\t\t","protected":false},"excerpt":{"rendered":"<p>Das Advanced Nutrients Starter Kit liefert alles, was Pflanzen f\u00fcr Wachstum, Bl\u00fcte und maximale Ertr\u00e4ge brauchen. Mit Sensi Grow &amp; Bloom, B-52, Voodoo Juice, Overdrive, Bud Candy und Big Bud unterst\u00fctzt es Wurzeln, Vitalit\u00e4t und Bl\u00fctenbildung \u2013 perfekt f\u00fcr Anf\u00e4nger und fortgeschrittene Indoor- oder Hydroponik-Grows.<\/p>\n","protected":false},"featured_media":20665,"comment_status":"open","ping_status":"closed","template":"","meta":{"_monsterinsights_skip_tracking":false,"_monsterinsights_sitenote_active":false,"_monsterinsights_sitenote_note":"","_monsterinsights_sitenote_category":0},"product_brand":[],"product_cat":[589],"product_tag":[1846,1847,569,1848,1849,609,1850,1662,1851,1836,1865,1837,1866,1867,1844,1845],"class_list":{"0":"post-20664","1":"product","2":"type-product","3":"status-publish","4":"has-post-thumbnail","6":"product_cat-duenger-naehrstoffe","7":"product_tag-sensi-bloom","8":"product_tag-b-52","9":"product_tag-duenger","10":"product_tag-voodoo-juice","11":"product_tag-overdrive","12":"product_tag-hydroponik","13":"product_tag-bud-candy","14":"product_tag-advanced-nutrients","15":"product_tag-big-bud","16":"product_tag-bluetephase","17":"product_tag-duengesets","18":"product_tag-indoor-grow","19":"product_tag-set","20":"product_tag-duengepaket","21":"product_tag-starter-kit","22":"product_tag-sensi-grow","23":"pa_hersteller-advanced-nutrients","25":"first","26":"outofstock","27":"sale","28":"taxable","29":"shipping-taxable","30":"purchasable","31":"product-type-simple"},"bundled_by":[],"bundle_stock_status":"outofstock","bundle_stock_quantity":0,"bundle_virtual":false,"bundle_layout":"","bundle_add_to_cart_form_location":"","bundle_editable_in_cart":false,"bundle_sold_individually_context":"","bundle_item_grouping":"","bundle_min_size":"","bundle_max_size":"","bundle_price":[],"bundled_items":[],"bundle_sell_ids":[],"supplier_id":null,"supplier_sku":"","barcode":null,"atum_controlled":true,"out_stock_date":"2026-04-11 11:02:35","out_stock_threshold":null,"inheritable":false,"inbound_stock":0,"stock_on_hold":0,"sold_today":0,"sales_last_days":0,"reserved_stock":0,"customer_returns":0,"warehouse_damage":0,"lost_in_post":0,"other_logs":0,"out_stock_days":20,"lost_sales":179,"has_location":false,"update_date":"2026-05-02T00:23:03","atum_locations":[],"atum_stock_status":"outofstock","restock_status":false,"low_stock_amount":"","sales_update_date":"2026-05-02T00:23:03","calc_backorders":null,"tiered_pricing_type":"fixed","tiered_pricing_fixed_rules":[],"tiered_pricing_product_settings":{"layout":"default","base_unit_name":{"singular":null,"plural":null},"default_variation":null},"tiered_pricing_minimum_quantity":null,"tiered_pricing_roles_data":[],"tiered_pricing_percentage_rules":[],"_links":{"self":[{"href":"https:\/\/www.lets-grow.de\/blog\/wp-json\/wp\/v2\/product\/20664","targetHints":{"allow":["GET"]}}],"collection":[{"href":"https:\/\/www.lets-grow.de\/blog\/wp-json\/wp\/v2\/product"}],"about":[{"href":"https:\/\/www.lets-grow.de\/blog\/wp-json\/wp\/v2\/types\/product"}],"replies":[{"embeddable":true,"href":"https:\/\/www.lets-grow.de\/blog\/wp-json\/wp\/v2\/comments?post=20664"}],"version-history":[{"count":1,"href":"https:\/\/www.lets-grow.de\/blog\/wp-json\/wp\/v2\/product\/20664\/revisions"}],"predecessor-version":[{"id":20820,"href":"https:\/\/www.lets-grow.de\/blog\/wp-json\/wp\/v2\/product\/20664\/revisions\/20820"}],"wp:featuredmedia":[{"embeddable":true,"href":"https:\/\/www.lets-grow.de\/blog\/wp-json\/wp\/v2\/media\/20665"}],"wp:attachment":[{"href":"https:\/\/www.lets-grow.de\/blog\/wp-json\/wp\/v2\/media?parent=20664"}],"wp:term":[{"taxonomy":"product_brand","embeddable":true,"href":"https:\/\/www.lets-grow.de\/blog\/wp-json\/wp\/v2\/product_brand?post=20664"},{"taxonomy":"product_cat","embeddable":true,"href":"https:\/\/www.lets-grow.de\/blog\/wp-json\/wp\/v2\/product_cat?post=20664"},{"taxonomy":"product_tag","embeddable":true,"href":"https:\/\/www.lets-grow.de\/blog\/wp-json\/wp\/v2\/product_tag?post=20664"}],"curies":[{"name":"wp","href":"https:\/\/api.w.org\/{rel}","templated":true}]}}