{"id":20656,"date":"2025-09-16T18:29:52","date_gmt":"2025-09-16T16:29:52","guid":{"rendered":"https:\/\/www.lets-grow.de\/blog\/?post_type=product&#038;p=20656"},"modified":"2025-10-23T11:09:42","modified_gmt":"2025-10-23T09:09:42","slug":"biobizz-trypack-stimulanz","status":"publish","type":"product","link":"https:\/\/www.lets-grow.de\/blog\/shop\/biobizz-trypack-stimulanz\/","title":{"rendered":"BioBizz Trypack Stimulanz"},"content":{"rendered":"\t\t<div data-elementor-type=\"product-post\" data-elementor-id=\"20656\" class=\"elementor elementor-20656\" data-elementor-post-type=\"product\">\n\t\t\t\t<div class=\"wd-negative-gap elementor-element elementor-element-26d57362 e-flex e-con-boxed e-con e-parent\" data-id=\"26d57362\" data-element_type=\"container\" data-e-type=\"container\">\n\t\t\t\t\t<div class=\"e-con-inner\">\n\t\t\t\t<div class=\"elementor-element elementor-element-3451df75 elementor-widget elementor-widget-heading\" data-id=\"3451df75\" data-element_type=\"widget\" data-e-type=\"widget\" data-widget_type=\"heading.default\">\n\t\t\t\t\t<h2 class=\"elementor-heading-title elementor-size-default\">BioBizz Trypack Stimulanz \u2013 Root-Juice, Alg-A-Mic &amp; Top-Max<\/h2>\t\t\t\t<\/div>\n\t\t\t\t<div class=\"elementor-element elementor-element-454104fb color-scheme-inherit text-left elementor-widget elementor-widget-text-editor\" data-id=\"454104fb\" data-element_type=\"widget\" data-e-type=\"widget\" data-widget_type=\"text-editor.default\">\n\t\t\t\t\t\t\t\t\t<p data-start=\"856\" data-end=\"1001\">Das BioBizz Trypack Stimulanz wurde entwickelt, um Pflanzen w\u00e4hrend Wachstums- und Bl\u00fctephase optimal zu stimulieren.<\/p><ul data-start=\"1002\" data-end=\"1289\"><li data-start=\"1002\" data-end=\"1093\"><p data-start=\"1004\" data-end=\"1093\"><strong data-start=\"1004\" data-end=\"1018\">Root-Juice<\/strong> f\u00f6rdert ein starkes Wurzelwachstum und verbessert die N\u00e4hrstoffaufnahme.<\/p><\/li><li data-start=\"1094\" data-end=\"1207\"><p data-start=\"1096\" data-end=\"1207\"><strong data-start=\"1096\" data-end=\"1109\">Alg-A-Mic<\/strong> steigert die Vitalit\u00e4t, unterst\u00fctzt bei Stresssituationen und f\u00f6rdert gesunde Blattentwicklung.<\/p><\/li><li data-start=\"1208\" data-end=\"1289\"><p data-start=\"1210\" data-end=\"1289\"><strong data-start=\"1210\" data-end=\"1221\">Top-Max<\/strong> verst\u00e4rkt die Bl\u00fctenbildung und verbessert Geschmack sowie Aroma.<\/p><\/li><\/ul><p data-start=\"1291\" data-end=\"1461\">Dieses Set ist ideal f\u00fcr Grower, die ihre Pflanzen biologisch stimulieren m\u00f6chten \u2013 von der Wurzel bis zur Bl\u00fcte \u2013 und dabei Stressresistenz und Ertrag steigern wollen.<\/p>\t\t\t\t\t\t\t\t<\/div>\n\t\t\t\t<div class=\"elementor-element elementor-element-20a98b49 elementor-widget elementor-widget-spacer\" data-id=\"20a98b49\" data-element_type=\"widget\" data-e-type=\"widget\" data-widget_type=\"spacer.default\">\n\t\t\t\t\t\t\t<div class=\"elementor-spacer\">\n\t\t\t<div class=\"elementor-spacer-inner\"><\/div>\n\t\t<\/div>\n\t\t\t\t\t\t<\/div>\n\t\t\t\t<div class=\"elementor-element elementor-element-6a2dc777 elementor-widget elementor-widget-heading\" data-id=\"6a2dc777\" data-element_type=\"widget\" data-e-type=\"widget\" data-widget_type=\"heading.default\">\n\t\t\t\t\t<h2 class=\"elementor-heading-title elementor-size-default\">Anwendungen<\/h2>\t\t\t\t<\/div>\n\t\t\t\t<div class=\"elementor-element elementor-element-76b6b8a5 color-scheme-inherit text-left elementor-widget elementor-widget-text-editor\" data-id=\"76b6b8a5\" data-element_type=\"widget\" data-e-type=\"widget\" data-widget_type=\"text-editor.default\">\n\t\t\t\t\t\t\t\t\t<p>Alle drei Produkte werden gem\u00e4\u00df Biobizz-Dosierungsempfehlung ins Gie\u00dfwasser gegeben. Besonders effektiv in Wachstums- und Bl\u00fctephase. Kann einzeln oder kombiniert mit Hauptd\u00fcngern genutzt werden.<\/p>\t\t\t\t\t\t\t\t<\/div>\n\t\t\t\t<div class=\"elementor-element elementor-element-f93f252 elementor-widget elementor-widget-spacer\" data-id=\"f93f252\" data-element_type=\"widget\" data-e-type=\"widget\" data-widget_type=\"spacer.default\">\n\t\t\t\t\t\t\t<div class=\"elementor-spacer\">\n\t\t\t<div class=\"elementor-spacer-inner\"><\/div>\n\t\t<\/div>\n\t\t\t\t\t\t<\/div>\n\t\t\t\t<div class=\"elementor-element elementor-element-7fc6b1a8 elementor-widget elementor-widget-heading\" data-id=\"7fc6b1a8\" data-element_type=\"widget\" data-e-type=\"widget\" data-widget_type=\"heading.default\">\n\t\t\t\t\t<h2 class=\"elementor-heading-title elementor-size-default\">Vorteile<\/h2>\t\t\t\t<\/div>\n\t\t\t\t<div class=\"elementor-element elementor-element-63687229 color-scheme-inherit text-left elementor-widget elementor-widget-text-editor\" data-id=\"63687229\" data-element_type=\"widget\" data-e-type=\"widget\" data-widget_type=\"text-editor.default\">\n\t\t\t\t\t\t\t\t\t<ul><li data-start=\"1693\" data-end=\"1744\"><p data-start=\"1695\" data-end=\"1744\">St\u00e4rkt Wurzeln und verbessert N\u00e4hrstoffaufnahme<\/p><\/li><li data-start=\"1745\" data-end=\"1785\"><p data-start=\"1747\" data-end=\"1785\">Erh\u00f6ht Vitalit\u00e4t und Stressresistenz<\/p><\/li><li data-start=\"1786\" data-end=\"1834\"><p data-start=\"1788\" data-end=\"1834\">F\u00f6rdert kr\u00e4ftige Bl\u00fcten und intensives Aroma<\/p><\/li><li data-start=\"1835\" data-end=\"1874\"><p data-start=\"1837\" data-end=\"1874\">100 % biologisch &amp; umweltfreundlich<\/p><\/li><li data-start=\"1875\" data-end=\"1918\"><p data-start=\"1877\" data-end=\"1918\">Einfache Anwendung, auch f\u00fcr Einsteiger<\/p><\/li><\/ul>\t\t\t\t\t\t\t\t<\/div>\n\t\t\t\t<div class=\"elementor-element elementor-element-143fab15 elementor-widget elementor-widget-spacer\" data-id=\"143fab15\" data-element_type=\"widget\" data-e-type=\"widget\" data-widget_type=\"spacer.default\">\n\t\t\t\t\t\t\t<div class=\"elementor-spacer\">\n\t\t\t<div class=\"elementor-spacer-inner\"><\/div>\n\t\t<\/div>\n\t\t\t\t\t\t<\/div>\n\t\t\t\t<div class=\"elementor-element elementor-element-1124fc61 elementor-widget elementor-widget-heading\" data-id=\"1124fc61\" data-element_type=\"widget\" data-e-type=\"widget\" data-widget_type=\"heading.default\">\n\t\t\t\t\t<h2 class=\"elementor-heading-title elementor-size-default\">Lieferumfang<\/h2>\t\t\t\t<\/div>\n\t\t\t\t<div class=\"elementor-element elementor-element-426f9d27 color-scheme-inherit text-left elementor-widget elementor-widget-text-editor\" data-id=\"426f9d27\" data-element_type=\"widget\" data-e-type=\"widget\" data-widget_type=\"text-editor.default\">\n\t\t\t\t\t\t\t\t\t<ul><li data-start=\"1939\" data-end=\"1960\"><p data-start=\"1941\" data-end=\"1960\">250 ml Root-Juice<\/p><\/li><li data-start=\"1961\" data-end=\"1981\"><p data-start=\"1963\" data-end=\"1981\">250 ml Alg-A-Mic<\/p><\/li><li data-start=\"1982\" data-end=\"2000\"><p data-start=\"1984\" data-end=\"2000\">250 ml Top-Max<\/p><\/li><\/ul>\t\t\t\t\t\t\t\t<\/div>\n\t\t\t\t<div class=\"elementor-element elementor-element-53458d5f elementor-widget elementor-widget-spacer\" data-id=\"53458d5f\" data-element_type=\"widget\" data-e-type=\"widget\" data-widget_type=\"spacer.default\">\n\t\t\t\t\t\t\t<div class=\"elementor-spacer\">\n\t\t\t<div class=\"elementor-spacer-inner\"><\/div>\n\t\t<\/div>\n\t\t\t\t\t\t<\/div>\n\t\t\t\t<div class=\"elementor-element elementor-element-3a0bcb6a elementor-widget elementor-widget-heading\" data-id=\"3a0bcb6a\" data-element_type=\"widget\" data-e-type=\"widget\" data-widget_type=\"heading.default\">\n\t\t\t\t\t<h2 class=\"elementor-heading-title elementor-size-default\">Zusammenfassung<\/h2>\t\t\t\t<\/div>\n\t\t\t\t<div class=\"elementor-element elementor-element-4836122f color-scheme-inherit text-left elementor-widget elementor-widget-text-editor\" data-id=\"4836122f\" data-element_type=\"widget\" data-e-type=\"widget\" data-widget_type=\"text-editor.default\">\n\t\t\t\t\t\t\t\t\t<p>Das BioBizz Trypack Stimulanz liefert alles, was Pflanzen f\u00fcr ein starkes Wachstum, hohe Stressresistenz und eine maximale Bl\u00fctenentwicklung brauchen. Perfekt f\u00fcr Grower, die auf biologische Stimulanzien setzen.<\/p>\t\t\t\t\t\t\t\t<\/div>\n\t\t\t\t\t<\/div>\n\t\t\t\t<\/div>\n\t\t\t\t<\/div>\n\t\t","protected":false},"excerpt":{"rendered":"<p>Das BioBizz Trypack Stimulanz kombiniert drei organische Power-D\u00fcnger: Root-Juice f\u00fcr kr\u00e4ftige Wurzeln, Alg-A-Mic als Vitalit\u00e4tsbooster und Top-Max f\u00fcr \u00fcppige Bl\u00fcten. Ideal f\u00fcr Indoor- und Outdoor-Grows, um Pflanzen gesund, stressresistent und ertragreich durch Wachstums- und Bl\u00fctephase zu bringen.<\/p>\n","protected":false},"featured_media":20657,"comment_status":"open","ping_status":"closed","template":"","meta":{"_monsterinsights_skip_tracking":false,"_monsterinsights_sitenote_active":false,"_monsterinsights_sitenote_note":"","_monsterinsights_sitenote_category":0},"product_brand":[],"product_cat":[589],"product_tag":[569,1840,1841,1842,1647,1865,1866,1830,1867,1831,1834,1835,1836,1837],"class_list":{"0":"post-20656","1":"product","2":"type-product","3":"status-publish","4":"has-post-thumbnail","6":"product_cat-duenger-naehrstoffe","7":"product_tag-duenger","8":"product_tag-stimulanz","9":"product_tag-root-juice","10":"product_tag-wurzelstaerkung","11":"product_tag-organischer-duenger","12":"product_tag-duengesets","13":"product_tag-set","14":"product_tag-biobizz","15":"product_tag-duengepaket","16":"product_tag-trypack","17":"product_tag-top-max","18":"product_tag-bio-heaven","19":"product_tag-bluetephase","20":"product_tag-indoor-grow","21":"pa_hersteller-biobizz","23":"first","24":"instock","25":"sale","26":"taxable","27":"shipping-taxable","28":"purchasable","29":"product-type-simple"},"bundled_by":[],"bundle_stock_status":"instock","bundle_stock_quantity":1,"bundle_virtual":false,"bundle_layout":"","bundle_add_to_cart_form_location":"","bundle_editable_in_cart":false,"bundle_sold_individually_context":"","bundle_item_grouping":"","bundle_min_size":"","bundle_max_size":"","bundle_price":[],"bundled_items":[],"bundle_sell_ids":[],"supplier_id":null,"supplier_sku":"","barcode":null,"atum_controlled":true,"out_stock_date":null,"out_stock_threshold":null,"inheritable":false,"inbound_stock":0,"stock_on_hold":0,"sold_today":0,"sales_last_days":0,"reserved_stock":0,"customer_returns":0,"warehouse_damage":0,"lost_in_post":0,"other_logs":0,"out_stock_days":0,"lost_sales":0,"has_location":false,"update_date":"2026-05-02T00:23:03","atum_locations":[],"atum_stock_status":"instock","restock_status":false,"low_stock_amount":"","sales_update_date":"2026-05-02T00:23:03","calc_backorders":null,"tiered_pricing_type":"fixed","tiered_pricing_fixed_rules":[],"tiered_pricing_product_settings":{"layout":"default","base_unit_name":{"singular":null,"plural":null},"default_variation":null},"tiered_pricing_minimum_quantity":null,"tiered_pricing_roles_data":[],"tiered_pricing_percentage_rules":[],"_links":{"self":[{"href":"https:\/\/www.lets-grow.de\/blog\/wp-json\/wp\/v2\/product\/20656","targetHints":{"allow":["GET"]}}],"collection":[{"href":"https:\/\/www.lets-grow.de\/blog\/wp-json\/wp\/v2\/product"}],"about":[{"href":"https:\/\/www.lets-grow.de\/blog\/wp-json\/wp\/v2\/types\/product"}],"replies":[{"embeddable":true,"href":"https:\/\/www.lets-grow.de\/blog\/wp-json\/wp\/v2\/comments?post=20656"}],"version-history":[{"count":1,"href":"https:\/\/www.lets-grow.de\/blog\/wp-json\/wp\/v2\/product\/20656\/revisions"}],"predecessor-version":[{"id":20821,"href":"https:\/\/www.lets-grow.de\/blog\/wp-json\/wp\/v2\/product\/20656\/revisions\/20821"}],"wp:featuredmedia":[{"embeddable":true,"href":"https:\/\/www.lets-grow.de\/blog\/wp-json\/wp\/v2\/media\/20657"}],"wp:attachment":[{"href":"https:\/\/www.lets-grow.de\/blog\/wp-json\/wp\/v2\/media?parent=20656"}],"wp:term":[{"taxonomy":"product_brand","embeddable":true,"href":"https:\/\/www.lets-grow.de\/blog\/wp-json\/wp\/v2\/product_brand?post=20656"},{"taxonomy":"product_cat","embeddable":true,"href":"https:\/\/www.lets-grow.de\/blog\/wp-json\/wp\/v2\/product_cat?post=20656"},{"taxonomy":"product_tag","embeddable":true,"href":"https:\/\/www.lets-grow.de\/blog\/wp-json\/wp\/v2\/product_tag?post=20656"}],"curies":[{"name":"wp","href":"https:\/\/api.w.org\/{rel}","templated":true}]}}