{"id":20648,"date":"2025-09-16T18:08:29","date_gmt":"2025-09-16T16:08:29","guid":{"rendered":"https:\/\/www.lets-grow.de\/blog\/?post_type=product&#038;p=20648"},"modified":"2026-04-18T17:21:22","modified_gmt":"2026-04-18T15:21:22","slug":"biobizz-trypack-hydro-set","status":"publish","type":"product","link":"https:\/\/www.lets-grow.de\/blog\/shop\/biobizz-trypack-hydro-set\/","title":{"rendered":"Biobizz Trypack Hydro Set"},"content":{"rendered":"\t\t<div data-elementor-type=\"product-post\" data-elementor-id=\"20648\" class=\"elementor elementor-20648\" data-elementor-post-type=\"product\">\n\t\t\t\t<div class=\"wd-negative-gap elementor-element elementor-element-1e3014de e-flex e-con-boxed e-con e-parent\" data-id=\"1e3014de\" data-element_type=\"container\" data-e-type=\"container\">\n\t\t\t\t\t<div class=\"e-con-inner\">\n\t\t\t\t<div class=\"elementor-element elementor-element-73b634db elementor-widget elementor-widget-heading\" data-id=\"73b634db\" data-element_type=\"widget\" data-e-type=\"widget\" data-widget_type=\"heading.default\">\n\t\t\t\t\t<h2 class=\"elementor-heading-title elementor-size-default\">Biobizz Trypack Indoor \u2013 Bio-Bloom, Top-Max &amp; Bio-Heaven<\/h2>\t\t\t\t<\/div>\n\t\t\t\t<div class=\"elementor-element elementor-element-1aed6bb9 color-scheme-inherit text-left elementor-widget elementor-widget-text-editor\" data-id=\"1aed6bb9\" data-element_type=\"widget\" data-e-type=\"widget\" data-widget_type=\"text-editor.default\">\n\t\t\t\t\t\t\t\t\t<p data-start=\"846\" data-end=\"1022\">Das Biobizz Trypack Indoor Set wurde speziell f\u00fcr den Indoor-Anbau entwickelt und bietet dir drei perfekt aufeinander abgestimmte organische D\u00fcnger.<\/p><ul data-start=\"1023\" data-end=\"1317\"><li data-start=\"1023\" data-end=\"1115\"><p data-start=\"1025\" data-end=\"1115\"><strong data-start=\"1025\" data-end=\"1038\">Bio-Bloom<\/strong> versorgt deine Pflanzen in der Bl\u00fctephase mit allen wichtigen N\u00e4hrstoffen.<\/p><\/li><li data-start=\"1116\" data-end=\"1212\"><p data-start=\"1118\" data-end=\"1212\"><strong data-start=\"1118\" data-end=\"1129\">Top-Max<\/strong> sorgt f\u00fcr eine \u00fcppige Bl\u00fctenentwicklung und verst\u00e4rkt den nat\u00fcrlichen Geschmack.<\/p><\/li><li data-start=\"1213\" data-end=\"1317\"><p data-start=\"1215\" data-end=\"1317\"><strong data-start=\"1215\" data-end=\"1229\">Bio-Heaven<\/strong> steigert die N\u00e4hrstoffaufnahme und unterst\u00fctzt die Energieproduktion deiner Pflanzen.<\/p><\/li><\/ul><p data-start=\"1319\" data-end=\"1491\">Dieses Set eignet sich ideal f\u00fcr kleinere Indoor-Projekte oder zum Ausprobieren der Biobizz-Produkte. Alle D\u00fcnger sind biologisch, umweltfreundlich und leicht anzuwenden.<\/p>\t\t\t\t\t\t\t\t<\/div>\n\t\t\t\t<div class=\"elementor-element elementor-element-7e1d3fff elementor-widget elementor-widget-spacer\" data-id=\"7e1d3fff\" data-element_type=\"widget\" data-e-type=\"widget\" data-widget_type=\"spacer.default\">\n\t\t\t\t\t\t\t<div class=\"elementor-spacer\">\n\t\t\t<div class=\"elementor-spacer-inner\"><\/div>\n\t\t<\/div>\n\t\t\t\t\t\t<\/div>\n\t\t\t\t<div class=\"elementor-element elementor-element-5660abee elementor-widget elementor-widget-heading\" data-id=\"5660abee\" data-element_type=\"widget\" data-e-type=\"widget\" data-widget_type=\"heading.default\">\n\t\t\t\t\t<h2 class=\"elementor-heading-title elementor-size-default\">Anwendungen<\/h2>\t\t\t\t<\/div>\n\t\t\t\t<div class=\"elementor-element elementor-element-80dcb5 color-scheme-inherit text-left elementor-widget elementor-widget-text-editor\" data-id=\"80dcb5\" data-element_type=\"widget\" data-e-type=\"widget\" data-widget_type=\"text-editor.default\">\n\t\t\t\t\t\t\t\t\t<p>Die Produkte k\u00f6nnen miteinander kombiniert oder einzeln genutzt werden. Einfach gem\u00e4\u00df Dosierungsempfehlung von Biobizz ins Gie\u00dfwasser geben. F\u00fcr optimale Ergebnisse empfiehlt es sich, das Set in der Bl\u00fctephase einzusetzen.<\/p>\t\t\t\t\t\t\t\t<\/div>\n\t\t\t\t<div class=\"elementor-element elementor-element-6712c72c elementor-widget elementor-widget-spacer\" data-id=\"6712c72c\" data-element_type=\"widget\" data-e-type=\"widget\" data-widget_type=\"spacer.default\">\n\t\t\t\t\t\t\t<div class=\"elementor-spacer\">\n\t\t\t<div class=\"elementor-spacer-inner\"><\/div>\n\t\t<\/div>\n\t\t\t\t\t\t<\/div>\n\t\t\t\t<div class=\"elementor-element elementor-element-52812aa5 elementor-widget elementor-widget-heading\" data-id=\"52812aa5\" data-element_type=\"widget\" data-e-type=\"widget\" data-widget_type=\"heading.default\">\n\t\t\t\t\t<h2 class=\"elementor-heading-title elementor-size-default\">Vorteile<\/h2>\t\t\t\t<\/div>\n\t\t\t\t<div class=\"elementor-element elementor-element-74adce1a color-scheme-inherit text-left elementor-widget elementor-widget-text-editor\" data-id=\"74adce1a\" data-element_type=\"widget\" data-e-type=\"widget\" data-widget_type=\"text-editor.default\">\n\t\t\t\t\t\t\t\t\t<ul><li data-start=\"1750\" data-end=\"1791\"><p data-start=\"1752\" data-end=\"1791\">Komplettes D\u00fcngerset f\u00fcr Indoor-Grows<\/p><\/li><li data-start=\"1792\" data-end=\"1831\"><p data-start=\"1794\" data-end=\"1831\">100 % biologisch &amp; umweltfreundlich<\/p><\/li><li data-start=\"1832\" data-end=\"1876\"><p data-start=\"1834\" data-end=\"1876\">Einsteigerfreundlich, einfache Dosierung<\/p><\/li><li data-start=\"1877\" data-end=\"1927\"><p data-start=\"1879\" data-end=\"1927\">F\u00f6rdert kr\u00e4ftige Bl\u00fcten und besseren Geschmack<\/p><\/li><li data-start=\"1928\" data-end=\"1969\"><p data-start=\"1930\" data-end=\"1969\">Kompatibel mit den meisten Substraten<\/p><\/li><\/ul>\t\t\t\t\t\t\t\t<\/div>\n\t\t\t\t<div class=\"elementor-element elementor-element-2f9a0887 elementor-widget elementor-widget-spacer\" data-id=\"2f9a0887\" data-element_type=\"widget\" data-e-type=\"widget\" data-widget_type=\"spacer.default\">\n\t\t\t\t\t\t\t<div class=\"elementor-spacer\">\n\t\t\t<div class=\"elementor-spacer-inner\"><\/div>\n\t\t<\/div>\n\t\t\t\t\t\t<\/div>\n\t\t\t\t<div class=\"elementor-element elementor-element-37fdde08 elementor-widget elementor-widget-heading\" data-id=\"37fdde08\" data-element_type=\"widget\" data-e-type=\"widget\" data-widget_type=\"heading.default\">\n\t\t\t\t\t<h2 class=\"elementor-heading-title elementor-size-default\">Lieferumfang<\/h2>\t\t\t\t<\/div>\n\t\t\t\t<div class=\"elementor-element elementor-element-7171917f color-scheme-inherit text-left elementor-widget elementor-widget-text-editor\" data-id=\"7171917f\" data-element_type=\"widget\" data-e-type=\"widget\" data-widget_type=\"text-editor.default\">\n\t\t\t\t\t\t\t\t\t<ul><li data-start=\"1990\" data-end=\"2010\"><p data-start=\"1992\" data-end=\"2010\">250 ml Bio-Bloom<\/p><\/li><li data-start=\"2011\" data-end=\"2029\"><p data-start=\"2013\" data-end=\"2029\">250 ml Top-Max<\/p><\/li><li data-start=\"2030\" data-end=\"2051\"><p data-start=\"2032\" data-end=\"2051\">250 ml Bio-Heaven<\/p><\/li><\/ul>\t\t\t\t\t\t\t\t<\/div>\n\t\t\t\t<div class=\"elementor-element elementor-element-1cfdec9f elementor-widget elementor-widget-spacer\" data-id=\"1cfdec9f\" data-element_type=\"widget\" data-e-type=\"widget\" data-widget_type=\"spacer.default\">\n\t\t\t\t\t\t\t<div class=\"elementor-spacer\">\n\t\t\t<div class=\"elementor-spacer-inner\"><\/div>\n\t\t<\/div>\n\t\t\t\t\t\t<\/div>\n\t\t\t\t<div class=\"elementor-element elementor-element-5be75bd4 elementor-widget elementor-widget-heading\" data-id=\"5be75bd4\" data-element_type=\"widget\" data-e-type=\"widget\" data-widget_type=\"heading.default\">\n\t\t\t\t\t<h2 class=\"elementor-heading-title elementor-size-default\">Zusammenfassung<\/h2>\t\t\t\t<\/div>\n\t\t\t\t<div class=\"elementor-element elementor-element-53cf9cde color-scheme-inherit text-left elementor-widget elementor-widget-text-editor\" data-id=\"53cf9cde\" data-element_type=\"widget\" data-e-type=\"widget\" data-widget_type=\"text-editor.default\">\n\t\t\t\t\t\t\t\t\t<p>Das Biobizz Trypack Indoor ist das perfekte Einsteiger-Set f\u00fcr organische Indoor-Kulturen. Mit Bio-Bloom, Top-Max und Bio-Heaven bekommst du drei leistungsstarke D\u00fcnger, die deine Pflanzen optimal durch die Bl\u00fctephase begleiten.<\/p>\t\t\t\t\t\t\t\t<\/div>\n\t\t\t\t\t<\/div>\n\t\t\t\t<\/div>\n\t\t\t\t<\/div>\n\t\t","protected":false},"excerpt":{"rendered":"<p>Das Biobizz Trypack Indoor ist die ideale L\u00f6sung f\u00fcr Einsteiger und erfahrene Grower, die Wert auf organische D\u00fcnger legen. Enthalten sind Bio-Bloom f\u00fcr kr\u00e4ftige Bl\u00fcten, Top-Max f\u00fcr ein verbessertes Aroma und Bio-Heaven zur Steigerung der N\u00e4hrstoffaufnahme. Ein praktisches Komplettpaket f\u00fcr erfolgreiche Indoor-Kulturen.<\/p>\n","protected":false},"featured_media":20649,"comment_status":"open","ping_status":"closed","template":"","meta":{"_monsterinsights_skip_tracking":false,"_monsterinsights_sitenote_active":false,"_monsterinsights_sitenote_note":"","_monsterinsights_sitenote_category":0},"product_brand":[],"product_cat":[589],"product_tag":[1867,1832,1833,1834,1835,569,1836,1837,1838,1647,1839,1865,1830,1866,1831],"class_list":{"0":"post-20648","1":"product","2":"type-product","3":"status-publish","4":"has-post-thumbnail","6":"product_cat-duenger-naehrstoffe","7":"product_tag-duengepaket","8":"product_tag-indoor","9":"product_tag-bio-bloom","10":"product_tag-top-max","11":"product_tag-bio-heaven","12":"product_tag-duenger","13":"product_tag-bluetephase","14":"product_tag-indoor-grow","15":"product_tag-growshop","16":"product_tag-organischer-duenger","17":"product_tag-hydro","18":"product_tag-duengesets","19":"product_tag-biobizz","20":"product_tag-set","21":"product_tag-trypack","22":"pa_hersteller-biobizz","24":"first","25":"outofstock","26":"taxable","27":"shipping-taxable","28":"purchasable","29":"product-type-simple"},"bundled_by":["21213","21228","21240"],"bundle_stock_status":"outofstock","bundle_stock_quantity":0,"bundle_virtual":false,"bundle_layout":"","bundle_add_to_cart_form_location":"","bundle_editable_in_cart":false,"bundle_sold_individually_context":"","bundle_item_grouping":"","bundle_min_size":"","bundle_max_size":"","bundle_price":[],"bundled_items":[],"bundle_sell_ids":[],"supplier_id":null,"supplier_sku":"","barcode":null,"atum_controlled":true,"out_stock_date":"2026-04-18 17:21:22","out_stock_threshold":null,"inheritable":false,"inbound_stock":0,"stock_on_hold":0,"sold_today":0,"sales_last_days":0,"reserved_stock":0,"customer_returns":0,"warehouse_damage":0,"lost_in_post":0,"other_logs":0,"out_stock_days":14,"lost_sales":42,"has_location":false,"update_date":"2026-05-03T00:23:56","atum_locations":[],"atum_stock_status":"outofstock","restock_status":false,"low_stock_amount":"","sales_update_date":"2026-05-03T00:23:56","calc_backorders":null,"tiered_pricing_type":"fixed","tiered_pricing_fixed_rules":[],"tiered_pricing_product_settings":{"layout":"default","base_unit_name":{"singular":null,"plural":null},"default_variation":null},"tiered_pricing_minimum_quantity":null,"tiered_pricing_roles_data":[],"tiered_pricing_percentage_rules":[],"_links":{"self":[{"href":"https:\/\/www.lets-grow.de\/blog\/wp-json\/wp\/v2\/product\/20648","targetHints":{"allow":["GET"]}}],"collection":[{"href":"https:\/\/www.lets-grow.de\/blog\/wp-json\/wp\/v2\/product"}],"about":[{"href":"https:\/\/www.lets-grow.de\/blog\/wp-json\/wp\/v2\/types\/product"}],"replies":[{"embeddable":true,"href":"https:\/\/www.lets-grow.de\/blog\/wp-json\/wp\/v2\/comments?post=20648"}],"version-history":[{"count":1,"href":"https:\/\/www.lets-grow.de\/blog\/wp-json\/wp\/v2\/product\/20648\/revisions"}],"predecessor-version":[{"id":20822,"href":"https:\/\/www.lets-grow.de\/blog\/wp-json\/wp\/v2\/product\/20648\/revisions\/20822"}],"wp:featuredmedia":[{"embeddable":true,"href":"https:\/\/www.lets-grow.de\/blog\/wp-json\/wp\/v2\/media\/20649"}],"wp:attachment":[{"href":"https:\/\/www.lets-grow.de\/blog\/wp-json\/wp\/v2\/media?parent=20648"}],"wp:term":[{"taxonomy":"product_brand","embeddable":true,"href":"https:\/\/www.lets-grow.de\/blog\/wp-json\/wp\/v2\/product_brand?post=20648"},{"taxonomy":"product_cat","embeddable":true,"href":"https:\/\/www.lets-grow.de\/blog\/wp-json\/wp\/v2\/product_cat?post=20648"},{"taxonomy":"product_tag","embeddable":true,"href":"https:\/\/www.lets-grow.de\/blog\/wp-json\/wp\/v2\/product_tag?post=20648"}],"curies":[{"name":"wp","href":"https:\/\/api.w.org\/{rel}","templated":true}]}}