{"id":20572,"date":"2025-09-02T13:11:32","date_gmt":"2025-09-02T11:11:32","guid":{"rendered":"https:\/\/www.lets-grow.de\/blog\/?post_type=product&#038;p=20572"},"modified":"2025-09-02T15:11:08","modified_gmt":"2025-09-02T13:11:08","slug":"pvc-adapter-20mm-10mm","status":"publish","type":"product","link":"https:\/\/www.lets-grow.de\/blog\/shop\/pvc-adapter-20mm-10mm\/","title":{"rendered":"PVC-Adapter 20mm\/10mm"},"content":{"rendered":"\t\t<div data-elementor-type=\"product-post\" data-elementor-id=\"20572\" class=\"elementor elementor-20572\" data-elementor-post-type=\"product\">\n\t\t\t\t<div class=\"wd-negative-gap elementor-element elementor-element-18110df6 e-flex e-con-boxed e-con e-parent\" data-id=\"18110df6\" data-element_type=\"container\" data-e-type=\"container\">\n\t\t\t\t\t<div class=\"e-con-inner\">\n\t\t\t\t<div class=\"elementor-element elementor-element-7a336aa3 elementor-widget elementor-widget-heading\" data-id=\"7a336aa3\" data-element_type=\"widget\" data-e-type=\"widget\" data-widget_type=\"heading.default\">\n\t\t\t\t\t<h2 class=\"elementor-heading-title elementor-size-default\">PVC-Adapter 20\/10 mm \u2013 Reduzierst\u00fcck f\u00fcr Druckluft- und Wasserleitungen<\/h2>\t\t\t\t<\/div>\n\t\t\t\t<div class=\"elementor-element elementor-element-1d7e66ff color-scheme-inherit text-left elementor-widget elementor-widget-text-editor\" data-id=\"1d7e66ff\" data-element_type=\"widget\" data-e-type=\"widget\" data-widget_type=\"text-editor.default\">\n\t\t\t\t\t\t\t\t\t<p data-start=\"165\" data-end=\"637\">Der PVC-Adapter 20\/10 mm ist ein praktisches Reduzierst\u00fcck, das den \u00dcbergang von 20 mm auf 10 mm Leitungen erm\u00f6glicht. Besonders im Bereich der Drucklufttechnik mit Kompressoren bringt dieser Adapter entscheidende Vorteile: Durch die lange Leitung in 20 mm Durchmesser werden Druckverluste minimiert, sodass die volle Wirkleistung des Kompressors erhalten bleibt. Gleichzeitig tr\u00e4gt die gleichm\u00e4\u00dfigere Luftf\u00fchrung zur Schonung und l\u00e4ngeren Lebensdauer der Membranen bei.<\/p><p data-start=\"639\" data-end=\"923\">Neben dem Einsatz mit Kompressoren eignet sich der Adapter auch hervorragend f\u00fcr Wasser- und Luftsysteme, wie sie beispielsweise in Aquaponik, Hydroponik oder im Gartenbau verwendet werden. Dank seiner robusten PVC-Ausf\u00fchrung ist er langlebig, zuverl\u00e4ssig und vielseitig einsetzbar.<\/p>\t\t\t\t\t\t\t\t<\/div>\n\t\t\t\t<div class=\"elementor-element elementor-element-45abb70c elementor-widget elementor-widget-spacer\" data-id=\"45abb70c\" data-element_type=\"widget\" data-e-type=\"widget\" data-widget_type=\"spacer.default\">\n\t\t\t\t\t\t\t<div class=\"elementor-spacer\">\n\t\t\t<div class=\"elementor-spacer-inner\"><\/div>\n\t\t<\/div>\n\t\t\t\t\t\t<\/div>\n\t\t\t\t<div class=\"elementor-element elementor-element-7e4c480e elementor-widget elementor-widget-heading\" data-id=\"7e4c480e\" data-element_type=\"widget\" data-e-type=\"widget\" data-widget_type=\"heading.default\">\n\t\t\t\t\t<h2 class=\"elementor-heading-title elementor-size-default\">Anwendungen<\/h2>\t\t\t\t<\/div>\n\t\t\t\t<div class=\"elementor-element elementor-element-3f626724 color-scheme-inherit text-left elementor-widget elementor-widget-text-editor\" data-id=\"3f626724\" data-element_type=\"widget\" data-e-type=\"widget\" data-widget_type=\"text-editor.default\">\n\t\t\t\t\t\t\t\t\t<p>Der Adapter dient zum \u00dcbergang von 20 mm auf 10 mm Leitungen. Besonders n\u00fctzlich in Kombination mit Kompressoren, um Verluste auf langen Strecken zu minimieren und gleichzeitig kleinere Endleitungen anzuschlie\u00dfen. Auch f\u00fcr Wasser- und Luftsysteme universell einsetzbar.<\/p>\t\t\t\t\t\t\t\t<\/div>\n\t\t\t\t<div class=\"elementor-element elementor-element-5c338255 elementor-widget elementor-widget-spacer\" data-id=\"5c338255\" data-element_type=\"widget\" data-e-type=\"widget\" data-widget_type=\"spacer.default\">\n\t\t\t\t\t\t\t<div class=\"elementor-spacer\">\n\t\t\t<div class=\"elementor-spacer-inner\"><\/div>\n\t\t<\/div>\n\t\t\t\t\t\t<\/div>\n\t\t\t\t<div class=\"elementor-element elementor-element-745d539a elementor-widget elementor-widget-heading\" data-id=\"745d539a\" data-element_type=\"widget\" data-e-type=\"widget\" data-widget_type=\"heading.default\">\n\t\t\t\t\t<h2 class=\"elementor-heading-title elementor-size-default\">Vorteile<\/h2>\t\t\t\t<\/div>\n\t\t\t\t<div class=\"elementor-element elementor-element-36ab5bbd color-scheme-inherit text-left elementor-widget elementor-widget-text-editor\" data-id=\"36ab5bbd\" data-element_type=\"widget\" data-e-type=\"widget\" data-widget_type=\"text-editor.default\">\n\t\t\t\t\t\t\t\t\t<ul><li data-start=\"1177\" data-end=\"1222\"><p data-start=\"1179\" data-end=\"1222\">Effiziente Verbindung von 20 mm auf 10 mm<\/p><\/li><li data-start=\"1223\" data-end=\"1285\"><p data-start=\"1225\" data-end=\"1285\">Reduzierte Druckverluste durch lange 20 mm Leitungsf\u00fchrung<\/p><\/li><li data-start=\"1286\" data-end=\"1325\"><p data-start=\"1288\" data-end=\"1325\">H\u00f6here Wirkleistung des Kompressors<\/p><\/li><li data-start=\"1326\" data-end=\"1367\"><p data-start=\"1328\" data-end=\"1367\">Verl\u00e4ngerte Lebensdauer von Membranen<\/p><\/li><li data-start=\"1368\" data-end=\"1421\"><p data-start=\"1370\" data-end=\"1421\">Vielseitig einsetzbar in Luft- und Wassersystemen<\/p><\/li><\/ul>\t\t\t\t\t\t\t\t<\/div>\n\t\t\t\t<div class=\"elementor-element elementor-element-192b3eb1 elementor-widget elementor-widget-spacer\" data-id=\"192b3eb1\" data-element_type=\"widget\" data-e-type=\"widget\" data-widget_type=\"spacer.default\">\n\t\t\t\t\t\t\t<div class=\"elementor-spacer\">\n\t\t\t<div class=\"elementor-spacer-inner\"><\/div>\n\t\t<\/div>\n\t\t\t\t\t\t<\/div>\n\t\t\t\t<div class=\"elementor-element elementor-element-236a670b elementor-widget elementor-widget-heading\" data-id=\"236a670b\" data-element_type=\"widget\" data-e-type=\"widget\" data-widget_type=\"heading.default\">\n\t\t\t\t\t<h2 class=\"elementor-heading-title elementor-size-default\">Lieferumfang<\/h2>\t\t\t\t<\/div>\n\t\t\t\t<div class=\"elementor-element elementor-element-6a01a049 color-scheme-inherit text-left elementor-widget elementor-widget-text-editor\" data-id=\"6a01a049\" data-element_type=\"widget\" data-e-type=\"widget\" data-widget_type=\"text-editor.default\">\n\t\t\t\t\t\t\t\t\t<p>1x PVC-Adapter 20 mm auf 10 mm<\/p>\t\t\t\t\t\t\t\t<\/div>\n\t\t\t\t<div class=\"elementor-element elementor-element-45233123 elementor-widget elementor-widget-spacer\" data-id=\"45233123\" data-element_type=\"widget\" data-e-type=\"widget\" data-widget_type=\"spacer.default\">\n\t\t\t\t\t\t\t<div class=\"elementor-spacer\">\n\t\t\t<div class=\"elementor-spacer-inner\"><\/div>\n\t\t<\/div>\n\t\t\t\t\t\t<\/div>\n\t\t\t\t<div class=\"elementor-element elementor-element-7ed75fcf elementor-widget elementor-widget-heading\" data-id=\"7ed75fcf\" data-element_type=\"widget\" data-e-type=\"widget\" data-widget_type=\"heading.default\">\n\t\t\t\t\t<h2 class=\"elementor-heading-title elementor-size-default\">Zusammenfassung<\/h2>\t\t\t\t<\/div>\n\t\t\t\t<div class=\"elementor-element elementor-element-13cf906e color-scheme-inherit text-left elementor-widget elementor-widget-text-editor\" data-id=\"13cf906e\" data-element_type=\"widget\" data-e-type=\"widget\" data-widget_type=\"text-editor.default\">\n\t\t\t\t\t\t\t\t\t<p>Der PVC-Adapter 20\/10 mm ist die ideale L\u00f6sung, wenn Sie Leitungen unterschiedlicher Durchmesser verbinden m\u00f6chten. Besonders im Einsatz mit Kompressoren sorgt er f\u00fcr minimale Verluste, mehr Effizienz und eine l\u00e4ngere Lebensdauer der Technik. Auch in Aquaponik-, Hydroponik- und Gartensystemen vielseitig verwendbar.<\/p>\t\t\t\t\t\t\t\t<\/div>\n\t\t\t\t\t<\/div>\n\t\t\t\t<\/div>\n\t\t\t\t<\/div>\n\t\t","protected":false},"excerpt":{"rendered":"<p>Mit dem PVC-Adapter 20\/10 mm verbinden Sie Leitungen unterschiedlicher Durchmesser sicher und effizient. Besonders geeignet f\u00fcr Kompressoren: lange 20 mm Leitungswege reduzieren Druckverluste, steigern die Wirkleistung und verl\u00e4ngern die Lebensdauer der Membranen. Ideal auch f\u00fcr Wasser- und Luftsysteme in Aquaponik, Hydroponik und Gartenbau.<\/p>\n","protected":false},"featured_media":0,"comment_status":"open","ping_status":"closed","template":"","meta":{"_monsterinsights_skip_tracking":false,"_monsterinsights_sitenote_active":false,"_monsterinsights_sitenote_note":"","_monsterinsights_sitenote_category":0},"product_brand":[],"product_cat":[435,570,1370],"product_tag":[1824,1825,1826,1827,1828,1010,1820,1821,1822,1823],"class_list":{"0":"post-20572","1":"product","2":"type-product","3":"status-publish","5":"product_cat-luftheber-mammutpumpen","6":"product_cat-new-articles","7":"product_cat-regulierung-verteilung","8":"product_tag-luftleitung","9":"product_tag-adapter","10":"product_tag-pvc-fitting","11":"product_tag-10mm","12":"product_tag-wasserleitung","13":"product_tag-pvc-fitting-t","14":"product_tag-pvc-adapter","15":"product_tag-reduzierstueck","16":"product_tag-20-10mm","17":"product_tag-kompressor-anschluss","19":"first","20":"instock","21":"taxable","22":"shipping-taxable","23":"purchasable","24":"product-type-simple"},"bundled_by":[],"bundle_stock_status":"instock","bundle_stock_quantity":2,"bundle_virtual":false,"bundle_layout":"","bundle_add_to_cart_form_location":"","bundle_editable_in_cart":false,"bundle_sold_individually_context":"","bundle_item_grouping":"","bundle_min_size":"","bundle_max_size":"","bundle_price":[],"bundled_items":[],"bundle_sell_ids":[],"supplier_id":null,"supplier_sku":"","barcode":null,"atum_controlled":true,"out_stock_date":null,"out_stock_threshold":null,"inheritable":false,"inbound_stock":0,"stock_on_hold":0,"sold_today":0,"sales_last_days":0,"reserved_stock":0,"customer_returns":0,"warehouse_damage":0,"lost_in_post":0,"other_logs":0,"out_stock_days":0,"lost_sales":0,"has_location":false,"update_date":"2026-04-27T00:20:57","atum_locations":[],"atum_stock_status":"instock","restock_status":false,"low_stock_amount":"","sales_update_date":"2026-04-27T00:20:57","calc_backorders":null,"tiered_pricing_type":"fixed","tiered_pricing_fixed_rules":[],"tiered_pricing_product_settings":{"layout":"default","base_unit_name":{"singular":null,"plural":null},"default_variation":null},"tiered_pricing_minimum_quantity":null,"tiered_pricing_roles_data":[],"tiered_pricing_percentage_rules":[],"_links":{"self":[{"href":"https:\/\/www.lets-grow.de\/blog\/wp-json\/wp\/v2\/product\/20572","targetHints":{"allow":["GET"]}}],"collection":[{"href":"https:\/\/www.lets-grow.de\/blog\/wp-json\/wp\/v2\/product"}],"about":[{"href":"https:\/\/www.lets-grow.de\/blog\/wp-json\/wp\/v2\/types\/product"}],"replies":[{"embeddable":true,"href":"https:\/\/www.lets-grow.de\/blog\/wp-json\/wp\/v2\/comments?post=20572"}],"version-history":[{"count":0,"href":"https:\/\/www.lets-grow.de\/blog\/wp-json\/wp\/v2\/product\/20572\/revisions"}],"wp:attachment":[{"href":"https:\/\/www.lets-grow.de\/blog\/wp-json\/wp\/v2\/media?parent=20572"}],"wp:term":[{"taxonomy":"product_brand","embeddable":true,"href":"https:\/\/www.lets-grow.de\/blog\/wp-json\/wp\/v2\/product_brand?post=20572"},{"taxonomy":"product_cat","embeddable":true,"href":"https:\/\/www.lets-grow.de\/blog\/wp-json\/wp\/v2\/product_cat?post=20572"},{"taxonomy":"product_tag","embeddable":true,"href":"https:\/\/www.lets-grow.de\/blog\/wp-json\/wp\/v2\/product_tag?post=20572"}],"curies":[{"name":"wp","href":"https:\/\/api.w.org\/{rel}","templated":true}]}}