{"id":20529,"date":"2025-08-30T20:01:14","date_gmt":"2025-08-30T18:01:14","guid":{"rendered":"https:\/\/www.lets-grow.de\/blog\/?post_type=product&#038;p=20529"},"modified":"2026-04-15T20:25:28","modified_gmt":"2026-04-15T18:25:28","slug":"rk-bioelements-medium-filtermedium","status":"publish","type":"product","link":"https:\/\/www.lets-grow.de\/blog\/shop\/rk-bioelements-medium-filtermedium\/","title":{"rendered":"RK Bioelements Medium 1,0 g\/cm\u00b3 \u2013 Filtermedium aus Pilotanlage"},"content":{"rendered":"\t\t<div data-elementor-type=\"product-post\" data-elementor-id=\"20529\" class=\"elementor elementor-20529\" data-elementor-post-type=\"product\">\n\t\t\t\t<div class=\"wd-negative-gap elementor-element elementor-element-84e5d67 e-flex e-con-boxed e-con e-parent\" data-id=\"84e5d67\" data-element_type=\"container\" data-e-type=\"container\">\n\t\t\t\t\t<div class=\"e-con-inner\">\n\t\t\t\t<div class=\"elementor-element elementor-element-16d165a3 elementor-widget elementor-widget-heading\" data-id=\"16d165a3\" data-element_type=\"widget\" data-e-type=\"widget\" data-widget_type=\"heading.default\">\n\t\t\t\t\t<h2 class=\"elementor-heading-title elementor-size-default\">RK Bioelements Medium 1,0 g\/cm\u00b3 \u2013 gebrauchtes Filtermedium aus Pilotanlage<\/h2>\t\t\t\t<\/div>\n\t\t\t\t<div class=\"elementor-element elementor-element-42cf3059 color-scheme-inherit text-left elementor-widget elementor-widget-text-editor\" data-id=\"42cf3059\" data-element_type=\"widget\" data-e-type=\"widget\" data-widget_type=\"text-editor.default\">\n\t\t\t\t\t\t\t\t\t<p data-start=\"587\" data-end=\"1031\">Dieses Filtermedium stammt aus einer ehemaligen Pilotanlage einer Garnelenfarm und besteht aus <strong data-start=\"682\" data-end=\"706\">RK Bioelements Heavy<\/strong> mit einer Dichte von <strong data-start=\"728\" data-end=\"741\">1,0 g\/cm\u00b3<\/strong>.<br data-start=\"742\" data-end=\"745\" \/>Es handelt sich nicht um fabrikneues Material, sondern um bereits im Betrieb eingesetzte Elemente, die bereits eine <strong data-start=\"861\" data-end=\"888\">mikrobielle Besiedelung<\/strong> durchlaufen haben. Dadurch sind sie sofort biologisch aktivierbar und eignen sich hervorragend f\u00fcr den Einsatz als <strong data-start=\"1004\" data-end=\"1028\">statischer <\/strong><span data-start=\"1004\" data-end=\"1028\">aber als auch<\/span><strong data-start=\"1004\" data-end=\"1028\"> bewegter Biofilter<\/strong>.<\/p><p data-start=\"1033\" data-end=\"1279\">Da das Material direkt aus den Big Bags der Pilotanlage kommt, ist es <strong data-start=\"1103\" data-end=\"1122\">nicht gereinigt<\/strong>. Kunststofff\u00e4den von der Verpackung oder kleinere optische Verunreinigungen k\u00f6nnen enthalten sein \u2013 dies beeintr\u00e4chtigt die Funktion aber in keiner Weise.<br \/>Die Pilotanlage war ohne Fischbesatz daher keine starke Verunreinigung.<\/p><p data-start=\"1281\" data-end=\"1456\">Das attraktivste Argument ist der Preis: Mit nur <strong data-start=\"1330\" data-end=\"1350\">0,50\u20ac pro Liter<\/strong> bzw. <strong data-start=\"1356\" data-end=\"1378\">0,45\u20ac\/L ab 100 Liter \/ 0,40\u20ac ab 250 Liter<\/strong>\u00a0ist dieses Filtermedium eine extrem g\u00fcnstige Alternative zu neuem Material.<\/p>\t\t\t\t\t\t\t\t<\/div>\n\t\t\t\t<div class=\"elementor-element elementor-element-37cab009 elementor-widget elementor-widget-spacer\" data-id=\"37cab009\" data-element_type=\"widget\" data-e-type=\"widget\" data-widget_type=\"spacer.default\">\n\t\t\t\t\t\t\t<div class=\"elementor-spacer\">\n\t\t\t<div class=\"elementor-spacer-inner\"><\/div>\n\t\t<\/div>\n\t\t\t\t\t\t<\/div>\n\t\t\t\t<div class=\"elementor-element elementor-element-270cc9ab elementor-widget elementor-widget-heading\" data-id=\"270cc9ab\" data-element_type=\"widget\" data-e-type=\"widget\" data-widget_type=\"heading.default\">\n\t\t\t\t\t<h2 class=\"elementor-heading-title elementor-size-default\">Anwendungen<\/h2>\t\t\t\t<\/div>\n\t\t\t\t<div class=\"elementor-element elementor-element-194e99bd color-scheme-inherit text-left elementor-widget elementor-widget-text-editor\" data-id=\"194e99bd\" data-element_type=\"widget\" data-e-type=\"widget\" data-widget_type=\"text-editor.default\">\n\t\t\t\t\t\t\t\t\t<ul><li data-start=\"1484\" data-end=\"1546\"><p data-start=\"1486\" data-end=\"1546\">Biologische Filterung in Aquaponik- und Aquakultursystemen<\/p><\/li><li data-start=\"1547\" data-end=\"1604\"><p data-start=\"1549\" data-end=\"1604\">Statische Filterkammern in Teich- und Garnelenanlagen<\/p><\/li><li data-start=\"1605\" data-end=\"1663\"><p data-start=\"1607\" data-end=\"1663\">Vorbesiedeltes Tr\u00e4germaterial zur schnellen Startphase<\/p><\/li><li data-start=\"1664\" data-end=\"1713\"><p data-start=\"1666\" data-end=\"1713\">Ersatz oder Erweiterung bestehender Biofilter<\/p><\/li><\/ul>\t\t\t\t\t\t\t\t<\/div>\n\t\t\t\t<div class=\"elementor-element elementor-element-1cbbbe7d elementor-widget elementor-widget-spacer\" data-id=\"1cbbbe7d\" data-element_type=\"widget\" data-e-type=\"widget\" data-widget_type=\"spacer.default\">\n\t\t\t\t\t\t\t<div class=\"elementor-spacer\">\n\t\t\t<div class=\"elementor-spacer-inner\"><\/div>\n\t\t<\/div>\n\t\t\t\t\t\t<\/div>\n\t\t\t\t<div class=\"elementor-element elementor-element-eb2b891 elementor-widget elementor-widget-heading\" data-id=\"eb2b891\" data-element_type=\"widget\" data-e-type=\"widget\" data-widget_type=\"heading.default\">\n\t\t\t\t\t<h2 class=\"elementor-heading-title elementor-size-default\">Vorteile<\/h2>\t\t\t\t<\/div>\n\t\t\t\t<div class=\"elementor-element elementor-element-49716834 color-scheme-inherit text-left elementor-widget elementor-widget-text-editor\" data-id=\"49716834\" data-element_type=\"widget\" data-e-type=\"widget\" data-widget_type=\"text-editor.default\">\n\t\t\t\t\t\t\t\t\t<ul><li data-start=\"1738\" data-end=\"1808\">Bereits <strong style=\"font-size: 16px;\" data-start=\"1748\" data-end=\"1775\">mikrobiell vorbesiedelt<\/strong><span style=\"font-size: 16px;\"> \u2192 schneller biologischer Start<\/span><\/li><li data-start=\"1809\" data-end=\"1856\"><p data-start=\"1811\" data-end=\"1856\">Besonders geeignet f\u00fcr <strong data-start=\"1834\" data-end=\"1854\">statische &amp; bewegte Filter<\/strong><\/p><\/li><li data-start=\"1857\" data-end=\"1895\"><p data-start=\"1859\" data-end=\"1895\"><strong data-start=\"1859\" data-end=\"1883\">Sehr g\u00fcnstiger Preis<\/strong>: 0,50 \u20ac\/L \/ 0,45\u20ac\/L ab 100L \/ 0,40\u20ac\/L ab 250L<\/p><\/li><li data-start=\"1896\" data-end=\"1943\"><p data-start=\"1898\" data-end=\"1943\"><strong data-start=\"1898\" data-end=\"1919\">Robustes Material<\/strong> mit hoher Lebensdauer<\/p><\/li><li data-start=\"1944\" data-end=\"1994\"><p data-start=\"1946\" data-end=\"1994\">Einfach zu handhaben und vielseitig einsetzbar<\/p><\/li><li data-start=\"1944\" data-end=\"1994\"><p data-start=\"1946\" data-end=\"1994\"><span style=\"font-family: Lato, sans-serif; font-size: 16px; font-style: normal; font-variant-ligatures: normal; font-variant-caps: normal; font-weight: 400;\">Verstoffwechselt ca. 300g Fischfutter pro 100 Liter Filtermedium<\/span><\/p><\/li><\/ul>\t\t\t\t\t\t\t\t<\/div>\n\t\t\t\t<div class=\"elementor-element elementor-element-65162901 elementor-widget elementor-widget-spacer\" data-id=\"65162901\" data-element_type=\"widget\" data-e-type=\"widget\" data-widget_type=\"spacer.default\">\n\t\t\t\t\t\t\t<div class=\"elementor-spacer\">\n\t\t\t<div class=\"elementor-spacer-inner\"><\/div>\n\t\t<\/div>\n\t\t\t\t\t\t<\/div>\n\t\t\t\t<div class=\"elementor-element elementor-element-30714a82 elementor-widget elementor-widget-heading\" data-id=\"30714a82\" data-element_type=\"widget\" data-e-type=\"widget\" data-widget_type=\"heading.default\">\n\t\t\t\t\t<h2 class=\"elementor-heading-title elementor-size-default\">Technische Daten<\/h2>\t\t\t\t<\/div>\n\t\t\t\t<div class=\"elementor-element elementor-element-7ae5c8a3 color-scheme-inherit text-left elementor-widget elementor-widget-text-editor\" data-id=\"7ae5c8a3\" data-element_type=\"widget\" data-e-type=\"widget\" data-widget_type=\"text-editor.default\">\n\t\t\t\t\t\t\t\t\t<ul><li data-start=\"2027\" data-end=\"2061\"><p data-start=\"2029\" data-end=\"2061\">Material: RK Bioelements Medium<\/p><\/li><li data-start=\"2062\" data-end=\"2083\"><p data-start=\"2064\" data-end=\"2083\">Dichte: 1,0 g\/cm\u00b3<\/p><\/li><li data-start=\"2084\" data-end=\"2123\"><p data-start=\"2086\" data-end=\"2123\">Zustand: Gebraucht, aus Pilotanlage<\/p><\/li><li data-start=\"2084\" data-end=\"2123\"><p data-start=\"2086\" data-end=\"2123\">Oberfl\u00e4che:\u00a0750m\u00b2\/m\u00b3 bzw. 0,75m\u00b2\/L (ca. 3g Fischfutter pro Liter Filtermedium)<\/p><\/li><li data-start=\"2124\" data-end=\"2164\"><p data-start=\"2126\" data-end=\"2164\">Lieferform: lose abgef\u00fcllt<\/p><\/li><li data-start=\"2165\" data-end=\"2232\"><p data-start=\"2167\" data-end=\"2232\">M\u00f6gliche R\u00fcckst\u00e4nde: Kunststofff\u00e4den, optische Verunreinigungen<\/p><\/li><li data-start=\"2233\" data-end=\"2268\"><p data-start=\"2235\" data-end=\"2268\">Preis:\u00a0<span style=\"font-family: Lato, sans-serif; font-size: 16px; font-style: normal; font-variant-ligatures: normal; font-variant-caps: normal; font-weight: 400;\">0,50 \u20ac\/L \/ 0,45\u20ac\/L ab 100L \/ 0,40\u20ac\/L ab 250L<\/span><\/p><\/li><\/ul>\t\t\t\t\t\t\t\t<\/div>\n\t\t\t\t<div class=\"elementor-element elementor-element-158d79bc elementor-widget elementor-widget-spacer\" data-id=\"158d79bc\" data-element_type=\"widget\" data-e-type=\"widget\" data-widget_type=\"spacer.default\">\n\t\t\t\t\t\t\t<div class=\"elementor-spacer\">\n\t\t\t<div class=\"elementor-spacer-inner\"><\/div>\n\t\t<\/div>\n\t\t\t\t\t\t<\/div>\n\t\t\t\t<div class=\"elementor-element elementor-element-67409ed6 elementor-widget elementor-widget-heading\" data-id=\"67409ed6\" data-element_type=\"widget\" data-e-type=\"widget\" data-widget_type=\"heading.default\">\n\t\t\t\t\t<h2 class=\"elementor-heading-title elementor-size-default\">Zusammenfassung<\/h2>\t\t\t\t<\/div>\n\t\t\t\t<div class=\"elementor-element elementor-element-550db62b color-scheme-inherit text-left elementor-widget elementor-widget-text-editor\" data-id=\"550db62b\" data-element_type=\"widget\" data-e-type=\"widget\" data-widget_type=\"text-editor.default\">\n\t\t\t\t\t\t\t\t\t<p>Das gebrauchte <strong data-start=\"2540\" data-end=\"2574\">RK Bioelements Medium 1,0 g\/cm\u00b3<\/strong> aus einer Pilotanlage bietet eine kosteng\u00fcnstige und biologisch aktive L\u00f6sung f\u00fcr Aquaponik, Aquakultur und Teichfilter. Mit seiner vorhandenen mikrobiellen Besiedelung eignet es sich besonders f\u00fcr <strong data-start=\"2773\" data-end=\"2796\">statische<\/strong> als auch <strong data-start=\"2773\" data-end=\"2796\">bewegte Biofilter<\/strong> und \u00fcberzeugt mit einem unschlagbaren Preis ab 0,40\u20ac\/L.<\/p>\n<p>Wir unterst\u00fctzen Sie gerne bei der Konzeption Ihres passenden Biofilters \u2013 schreiben Sie uns einfach an, wir beraten Sie individuell.<\/p>\t\t\t\t\t\t\t\t<\/div>\n\t\t\t\t\t<\/div>\n\t\t\t\t<\/div>\n\t\t\t\t<\/div>\n\t\t","protected":false},"excerpt":{"rendered":"<p>Gebrauchtes RK Bioelements Medium 1,0 g\/cm\u00b3 aus einer Pilotanlage \u2013 biologisch vorbesiedelt, sofort einsatzbereit im biologischen Filter, unschlagbar g\u00fcnstig.<\/p>\n","protected":false},"featured_media":20536,"comment_status":"open","ping_status":"closed","template":"","meta":{"_monsterinsights_skip_tracking":false,"_monsterinsights_sitenote_active":false,"_monsterinsights_sitenote_note":"","_monsterinsights_sitenote_category":0},"product_brand":[],"product_cat":[433,570],"product_tag":[1806,1807,1808,1809,1810,1811,1812,1195,1814,1816,1817,1805],"class_list":{"0":"post-20529","1":"product","2":"type-product","3":"status-publish","4":"has-post-thumbnail","6":"product_cat-filterung-naehrstoffe","7":"product_cat-new-articles","8":"product_tag-filtermedium-gebraucht","9":"product_tag-aquakultur-filter","10":"product_tag-aquaponik-biofilter","11":"product_tag-statischer-filter","12":"product_tag-biologisches-filtermaterial","13":"product_tag-guenstiges-filtermedium","14":"product_tag-garnelenfarm-filtermaterial","15":"product_tag-filtermedien","16":"product_tag-filtermedium","17":"product_tag-schwebend","18":"product_tag-bioelements-medium","19":"product_tag-rk-bioelements","20":"pa_hersteller-rk-bioelements","22":"first","23":"instock","24":"taxable","25":"shipping-taxable","26":"purchasable","27":"product-type-variable","28":"has-default-attributes"},"bundled_by":["18665"],"bundle_stock_status":"instock","bundle_stock_quantity":null,"bundle_virtual":false,"bundle_layout":"","bundle_add_to_cart_form_location":"","bundle_editable_in_cart":false,"bundle_sold_individually_context":"","bundle_item_grouping":"","bundle_min_size":"","bundle_max_size":"","bundle_price":[],"bundled_items":[],"bundle_sell_ids":[],"supplier_id":null,"supplier_sku":"","barcode":null,"atum_controlled":true,"out_stock_date":null,"out_stock_threshold":null,"inheritable":true,"inbound_stock":0,"stock_on_hold":0,"sold_today":0,"sales_last_days":1,"reserved_stock":0,"customer_returns":0,"warehouse_damage":0,"lost_in_post":0,"other_logs":0,"out_stock_days":0,"lost_sales":0,"has_location":false,"update_date":"2026-04-27T00:20:58","atum_locations":[],"atum_stock_status":"instock","restock_status":false,"low_stock_amount":"","sales_update_date":"2026-04-27T00:20:58","calc_backorders":null,"tiered_pricing_type":"fixed","tiered_pricing_fixed_rules":[],"tiered_pricing_product_settings":{"layout":"default","base_unit_name":{"singular":null,"plural":null},"default_variation":null},"tiered_pricing_minimum_quantity":null,"tiered_pricing_roles_data":[],"tiered_pricing_percentage_rules":[],"_links":{"self":[{"href":"https:\/\/www.lets-grow.de\/blog\/wp-json\/wp\/v2\/product\/20529","targetHints":{"allow":["GET"]}}],"collection":[{"href":"https:\/\/www.lets-grow.de\/blog\/wp-json\/wp\/v2\/product"}],"about":[{"href":"https:\/\/www.lets-grow.de\/blog\/wp-json\/wp\/v2\/types\/product"}],"replies":[{"embeddable":true,"href":"https:\/\/www.lets-grow.de\/blog\/wp-json\/wp\/v2\/comments?post=20529"}],"version-history":[{"count":1,"href":"https:\/\/www.lets-grow.de\/blog\/wp-json\/wp\/v2\/product\/20529\/revisions"}],"predecessor-version":[{"id":21331,"href":"https:\/\/www.lets-grow.de\/blog\/wp-json\/wp\/v2\/product\/20529\/revisions\/21331"}],"wp:featuredmedia":[{"embeddable":true,"href":"https:\/\/www.lets-grow.de\/blog\/wp-json\/wp\/v2\/media\/20536"}],"wp:attachment":[{"href":"https:\/\/www.lets-grow.de\/blog\/wp-json\/wp\/v2\/media?parent=20529"}],"wp:term":[{"taxonomy":"product_brand","embeddable":true,"href":"https:\/\/www.lets-grow.de\/blog\/wp-json\/wp\/v2\/product_brand?post=20529"},{"taxonomy":"product_cat","embeddable":true,"href":"https:\/\/www.lets-grow.de\/blog\/wp-json\/wp\/v2\/product_cat?post=20529"},{"taxonomy":"product_tag","embeddable":true,"href":"https:\/\/www.lets-grow.de\/blog\/wp-json\/wp\/v2\/product_tag?post=20529"}],"curies":[{"name":"wp","href":"https:\/\/api.w.org\/{rel}","templated":true}]}}