{"id":19882,"date":"2025-05-06T09:08:52","date_gmt":"2025-05-06T07:08:52","guid":{"rendered":"https:\/\/www.lets-grow.de\/blog\/?post_type=product&#038;p=19882"},"modified":"2025-08-16T13:03:58","modified_gmt":"2025-08-16T11:03:58","slug":"afrikanischer-raubwels-hybrid-lebend","status":"publish","type":"product","link":"https:\/\/www.lets-grow.de\/blog\/shop\/afrikanischer-raubwels-hybrid-lebend\/","title":{"rendered":"Afrikanischer Raubwels-Hybrid"},"content":{"rendered":"\t\t<div data-elementor-type=\"product-post\" data-elementor-id=\"19882\" class=\"elementor elementor-19882\" data-elementor-post-type=\"product\">\n\t\t\t\t<div class=\"wd-negative-gap elementor-element elementor-element-11dc5f49 e-flex e-con-boxed e-con e-parent\" data-id=\"11dc5f49\" data-element_type=\"container\" data-e-type=\"container\">\n\t\t\t\t\t<div class=\"e-con-inner\">\n\t\t\t\t<div class=\"elementor-element elementor-element-a69553b elementor-widget elementor-widget-heading\" data-id=\"a69553b\" data-element_type=\"widget\" data-e-type=\"widget\" data-widget_type=\"heading.default\">\n\t\t\t\t\t<h2 class=\"elementor-heading-title elementor-size-default\">Afrikanischer Raubwels-Hybrid \u2013  (Clarias gariepinus x Heterobranchus longifilis)<\/h2>\t\t\t\t<\/div>\n\t\t\t\t<div class=\"elementor-element elementor-element-1c10e67 color-scheme-inherit text-left elementor-widget elementor-widget-text-editor\" data-id=\"1c10e67\" data-element_type=\"widget\" data-e-type=\"widget\" data-widget_type=\"text-editor.default\">\n\t\t\t\t\t\t\t\t\t<p data-start=\"1205\" data-end=\"1585\">Der <strong data-start=\"1209\" data-end=\"1241\">Afrikanische Raubwels-Hybrid<\/strong> (Clarias gariepinus x Heterobranchus longifilis) ist bekannt f\u00fcr seine Robustheit und sein schnelles Wachstum. Diese Fische eignen sich perfekt f\u00fcr Aquaponiksysteme und nachhaltige Fischzucht. Sie gedeihen unter verschiedensten Bedingungen und erreichen innerhalb von nur sechs Monaten bei Temperaturen \u00fcber 25\u00b0C ein Gewicht von bis zu 1 kg.<\/p><p data-start=\"1587\" data-end=\"1812\">Wir bieten hier die <strong data-start=\"1602\" data-end=\"1674\">Afrikanischen Raubwels-Hybriden als lebende Besatzfische<\/strong> an! Das bedeutet, Sie bekommen die gew\u00fcnschte Anzahl an kr\u00e4ftigen Jungfischen (5-7 cm) direkt nach Hause geliefert \u2013 ganz ohne lange Fahrzeit mit dem eigenen Auto.<\/p>\t\t\t\t\t\t\t\t<\/div>\n\t\t\t\t<div class=\"elementor-element elementor-element-bb544a1 elementor-widget elementor-widget-spacer\" data-id=\"bb544a1\" data-element_type=\"widget\" data-e-type=\"widget\" data-widget_type=\"spacer.default\">\n\t\t\t\t\t\t\t<div class=\"elementor-spacer\">\n\t\t\t<div class=\"elementor-spacer-inner\"><\/div>\n\t\t<\/div>\n\t\t\t\t\t\t<\/div>\n\t\t\t\t<div class=\"elementor-element elementor-element-4a6f8e5 elementor-widget elementor-widget-heading\" data-id=\"4a6f8e5\" data-element_type=\"widget\" data-e-type=\"widget\" data-widget_type=\"heading.default\">\n\t\t\t\t\t<h2 class=\"elementor-heading-title elementor-size-default\">Hinweis<\/h2>\t\t\t\t<\/div>\n\t\t\t\t<div class=\"elementor-element elementor-element-f8032c4 color-scheme-inherit text-left elementor-widget elementor-widget-text-editor\" data-id=\"f8032c4\" data-element_type=\"widget\" data-e-type=\"widget\" data-widget_type=\"text-editor.default\">\n\t\t\t\t\t\t\t\t\t<p class=\"\" data-start=\"141\" data-end=\"406\">Der Versand lebender Fische erfolgt ausschlie\u00dflich \u00fcber einen <strong>zugelassenen Tierversanddienst<\/strong> und unterliegt strengen gesetzlichen Vorgaben \u2013 ein Versand mit DPD oder \u00e4hnlichen Paketdiensten ist <span style=\"color: #ff0000;\"><strong>nicht<\/strong><\/span> erlaubt.<br data-start=\"349\" data-end=\"352\" \/>Die Lieferung erfolgt nach vorheriger Terminabsprache.<\/p><p class=\"\" data-start=\"408\" data-end=\"676\">Bitte stellen Sie sicher, dass am vereinbarten Liefertag zwischen <strong data-start=\"474\" data-end=\"496\">7:00 und 14:00 Uhr<\/strong> eine empfangsberechtigte Person an der Lieferadresse anwesend ist. Sollte die Annahme der Sendung nicht m\u00f6glich sein, werden die Tiere auf <span style=\"color: #ff0000;\"><strong>Kosten des Kunden<\/strong><\/span> an uns zur\u00fcckgesendet.<\/p><p class=\"\" data-start=\"678\" data-end=\"781\">Wenn Sie diesen Bedingungen nicht zustimmen k\u00f6nnen, bitten wir h\u00f6flich, von einer Bestellung abzusehen.<\/p>\t\t\t\t\t\t\t\t<\/div>\n\t\t\t\t<div class=\"elementor-element elementor-element-bf7fcf8 elementor-widget elementor-widget-spacer\" data-id=\"bf7fcf8\" data-element_type=\"widget\" data-e-type=\"widget\" data-widget_type=\"spacer.default\">\n\t\t\t\t\t\t\t<div class=\"elementor-spacer\">\n\t\t\t<div class=\"elementor-spacer-inner\"><\/div>\n\t\t<\/div>\n\t\t\t\t\t\t<\/div>\n\t\t\t\t<div class=\"elementor-element elementor-element-1528dce elementor-widget elementor-widget-heading\" data-id=\"1528dce\" data-element_type=\"widget\" data-e-type=\"widget\" data-widget_type=\"heading.default\">\n\t\t\t\t\t<h2 class=\"elementor-heading-title elementor-size-default\">Anwendungen<\/h2>\t\t\t\t<\/div>\n\t\t\t\t<div class=\"elementor-element elementor-element-3ea89053 color-scheme-inherit text-left elementor-widget elementor-widget-text-editor\" data-id=\"3ea89053\" data-element_type=\"widget\" data-e-type=\"widget\" data-widget_type=\"text-editor.default\">\n\t\t\t\t\t\t\t\t\t<ul><li data-start=\"2000\" data-end=\"2051\"><strong data-start=\"2002\" data-end=\"2022\">Aquaponiksysteme<\/strong> \u2013 effizient und nachhaltig<\/li><li data-start=\"2052\" data-end=\"2107\"><strong data-start=\"2054\" data-end=\"2077\">Teiche &amp; Aquakultur<\/strong> \u2013 optimal f\u00fcr warmes Wasser<\/li><li data-start=\"2108\" data-end=\"2189\"><strong data-start=\"2110\" data-end=\"2134\">Ideal f\u00fcr Fischzucht<\/strong> \u2013 schnelles Wachstum &amp; geringe Haltungsanforderungen<\/li><\/ul>\t\t\t\t\t\t\t\t<\/div>\n\t\t\t\t<div class=\"elementor-element elementor-element-27b41f31 elementor-widget elementor-widget-spacer\" data-id=\"27b41f31\" data-element_type=\"widget\" data-e-type=\"widget\" data-widget_type=\"spacer.default\">\n\t\t\t\t\t\t\t<div class=\"elementor-spacer\">\n\t\t\t<div class=\"elementor-spacer-inner\"><\/div>\n\t\t<\/div>\n\t\t\t\t\t\t<\/div>\n\t\t\t\t<div class=\"elementor-element elementor-element-39ec2286 elementor-widget elementor-widget-heading\" data-id=\"39ec2286\" data-element_type=\"widget\" data-e-type=\"widget\" data-widget_type=\"heading.default\">\n\t\t\t\t\t<h2 class=\"elementor-heading-title elementor-size-default\">Vorteile<\/h2>\t\t\t\t<\/div>\n\t\t\t\t<div class=\"elementor-element elementor-element-2aa7fcf6 color-scheme-inherit text-left elementor-widget elementor-widget-text-editor\" data-id=\"2aa7fcf6\" data-element_type=\"widget\" data-e-type=\"widget\" data-widget_type=\"text-editor.default\">\n\t\t\t\t\t\t\t\t\t<p>\u2705 <strong data-start=\"2218\" data-end=\"2250\">Bequemer Versand<\/strong> \u2013 keine Anreise und Equipment f\u00fcr den Fischtransport n\u00f6tig<br data-start=\"2287\" data-end=\"2290\" \/>\u2705 <strong data-start=\"2292\" data-end=\"2314\">Schnelles Wachstum<\/strong> \u2013 bis zu 1 kg in 6 Monaten bei \u00fcber 25\u00b0C<br data-start=\"2355\" data-end=\"2358\" \/>\u2705 <strong data-start=\"2360\" data-end=\"2388\">Robust &amp; anpassungsf\u00e4hig<\/strong> \u2013 auch f\u00fcr schwankende Wasserwerte geeignet<br data-start=\"2432\" data-end=\"2435\" \/>\u2705 <strong data-start=\"2437\" data-end=\"2461\">Effiziente F\u00fctterung<\/strong> \u2013 niedriger Energieverbrauch<br data-start=\"2490\" data-end=\"2493\" \/>\u2705 <strong data-start=\"2495\" data-end=\"2545\">Perfekt f\u00fcr nachhaltige Fischzucht &amp; Aquaponik<\/strong><\/p>\t\t\t\t\t\t\t\t<\/div>\n\t\t\t\t<div class=\"elementor-element elementor-element-1e58df2a elementor-widget elementor-widget-spacer\" data-id=\"1e58df2a\" data-element_type=\"widget\" data-e-type=\"widget\" data-widget_type=\"spacer.default\">\n\t\t\t\t\t\t\t<div class=\"elementor-spacer\">\n\t\t\t<div class=\"elementor-spacer-inner\"><\/div>\n\t\t<\/div>\n\t\t\t\t\t\t<\/div>\n\t\t\t\t<div class=\"elementor-element elementor-element-87c8050 elementor-widget elementor-widget-heading\" data-id=\"87c8050\" data-element_type=\"widget\" data-e-type=\"widget\" data-widget_type=\"heading.default\">\n\t\t\t\t\t<h2 class=\"elementor-heading-title elementor-size-default\">Lieferumfang<\/h2>\t\t\t\t<\/div>\n\t\t\t\t<div class=\"elementor-element elementor-element-c886a49 color-scheme-inherit text-left elementor-widget elementor-widget-text-editor\" data-id=\"c886a49\" data-element_type=\"widget\" data-e-type=\"widget\" data-widget_type=\"text-editor.default\">\n\t\t\t\t\t\t\t\t\t<p>Der Preis bezieht sich auf <strong data-start=\"249\" data-end=\"279\">einen lebenden Besatzfisch<\/strong> der angegebenen Art und Gr\u00f6\u00dfe.<br data-start=\"310\" data-end=\"313\" \/>Der Versand erfolgt tierschutzgerecht \u00fcber einen spezialisierten Lebendtiertransport.<\/p><p>Wenn Sie z.B. <strong data-start=\"247\" data-end=\"260\">20 Fische<\/strong> bestellen m\u00f6chten, w\u00e4hlen Sie bitte die <strong data-start=\"301\" data-end=\"315\">Menge &#8222;20&#8220;<\/strong> im Auswahlfeld und legen Sie den Artikel entsprechend in den Warenkorb.<br data-start=\"387\" data-end=\"390\" \/>Bitte beachten Sie die <strong data-start=\"413\" data-end=\"439\">maximale Verf\u00fcgbarkeit<\/strong>, die im Shop angezeigt wird<\/p><p>Die Abbildungen dienen zur Veranschaulichung. Geliefert wird ein vitaler Fisch in \u00e4hnlicher Gr\u00f6\u00dfe und F\u00e4rbung wie abgebildet.<\/p>\t\t\t\t\t\t\t\t<\/div>\n\t\t\t\t<div class=\"elementor-element elementor-element-2510a31 elementor-widget elementor-widget-spacer\" data-id=\"2510a31\" data-element_type=\"widget\" data-e-type=\"widget\" data-widget_type=\"spacer.default\">\n\t\t\t\t\t\t\t<div class=\"elementor-spacer\">\n\t\t\t<div class=\"elementor-spacer-inner\"><\/div>\n\t\t<\/div>\n\t\t\t\t\t\t<\/div>\n\t\t\t\t<div class=\"elementor-element elementor-element-19fc8326 elementor-widget elementor-widget-heading\" data-id=\"19fc8326\" data-element_type=\"widget\" data-e-type=\"widget\" data-widget_type=\"heading.default\">\n\t\t\t\t\t<h2 class=\"elementor-heading-title elementor-size-default\">Zusammenfassung<\/h2>\t\t\t\t<\/div>\n\t\t\t\t<div class=\"elementor-element elementor-element-506e34a3 color-scheme-inherit text-left elementor-widget elementor-widget-text-editor\" data-id=\"506e34a3\" data-element_type=\"widget\" data-e-type=\"widget\" data-widget_type=\"text-editor.default\">\n\t\t\t\t\t\t\t\t\t<p>Der <strong data-start=\"2585\" data-end=\"2617\">Afrikanische Raubwels-Hybrid<\/strong> ist die perfekte Wahl f\u00fcr Aquaponik und nachhaltige Fischzucht. <strong data-start=\"2682\" data-end=\"2732\">Erh\u00e4ltlich mit Staffelpreisen.<br \/><\/strong>Der Fisch w\u00e4chst sehr schnell, ist extrem widerstandsf\u00e4hig und eignet sich ideal f\u00fcr Teiche, Aquakultur und Aquaponiksysteme. <strong data-start=\"2858\" data-end=\"2929\">Jetzt vorbestellen \u2013 Lieferung\u00a0 per Tierversand!<\/strong><\/p>\t\t\t\t\t\t\t\t<\/div>\n\t\t\t\t\t<\/div>\n\t\t\t\t<\/div>\n\t\t\t\t<\/div>\n\t\t","protected":false},"excerpt":{"rendered":"<p>Der <strong data-start=\"494\" data-end=\"526\">Afrikanische Raubwels-Hybrid<\/strong> (Clarias gariepinus x Heterobranchus longifilis) ist die ideale Wahl f\u00fcr Aquaponik. Diese robusten Fische wachsen schnell und erreichen bei Temperaturen \u00fcber 25\u00b0C innerhalb von sechs Monaten bis zu 1 kg. Versand per Tierversand mit Terminabsprache.<\/p>\n","protected":false},"featured_media":18960,"comment_status":"open","ping_status":"closed","template":"","meta":{"_monsterinsights_skip_tracking":false,"_monsterinsights_sitenote_active":false,"_monsterinsights_sitenote_note":"","_monsterinsights_sitenote_category":0},"product_brand":[],"product_cat":[1483],"product_tag":[1487,1488,1489,1490,1324,1484,1485,1486],"class_list":{"0":"post-19882","1":"product","2":"type-product","3":"status-publish","4":"has-post-thumbnail","6":"product_cat-besatzfische","7":"product_tag-besatzfische","8":"product_tag-clarias-gariepinus","9":"product_tag-heterobranchus-longifilis","10":"product_tag-speisefische","11":"product_tag-afrikanischer-raubwels","12":"product_tag-hybridwels","13":"product_tag-afrowels","14":"product_tag-clarias","15":"product_shipping_class-fischversand","17":"first","18":"outofstock","19":"taxable","20":"shipping-taxable","21":"purchasable","22":"product-type-simple"},"bundled_by":[],"bundle_stock_status":"outofstock","bundle_stock_quantity":0,"bundle_virtual":false,"bundle_layout":"","bundle_add_to_cart_form_location":"","bundle_editable_in_cart":false,"bundle_sold_individually_context":"","bundle_item_grouping":"","bundle_min_size":"","bundle_max_size":"","bundle_price":[],"bundled_items":[],"bundle_sell_ids":[],"supplier_id":null,"supplier_sku":"","barcode":null,"atum_controlled":true,"out_stock_date":"2025-08-16 13:03:58","out_stock_threshold":null,"inheritable":false,"inbound_stock":0,"stock_on_hold":0,"sold_today":0,"sales_last_days":0,"reserved_stock":0,"customer_returns":0,"warehouse_damage":0,"lost_in_post":0,"other_logs":0,"out_stock_days":231,"lost_sales":0,"has_location":false,"update_date":"2026-04-05T00:43:57","atum_locations":[],"atum_stock_status":"outofstock","restock_status":false,"low_stock_amount":"","sales_update_date":"2026-04-05T00:43:57","calc_backorders":null,"tiered_pricing_type":"fixed","tiered_pricing_fixed_rules":{"25":2.75,"50":2.5,"100":2.25},"tiered_pricing_product_settings":{"layout":"default","base_unit_name":{"singular":null,"plural":null},"default_variation":null},"tiered_pricing_minimum_quantity":null,"tiered_pricing_roles_data":[],"tiered_pricing_percentage_rules":[],"_links":{"self":[{"href":"https:\/\/www.lets-grow.de\/blog\/wp-json\/wp\/v2\/product\/19882","targetHints":{"allow":["GET"]}}],"collection":[{"href":"https:\/\/www.lets-grow.de\/blog\/wp-json\/wp\/v2\/product"}],"about":[{"href":"https:\/\/www.lets-grow.de\/blog\/wp-json\/wp\/v2\/types\/product"}],"replies":[{"embeddable":true,"href":"https:\/\/www.lets-grow.de\/blog\/wp-json\/wp\/v2\/comments?post=19882"}],"version-history":[{"count":0,"href":"https:\/\/www.lets-grow.de\/blog\/wp-json\/wp\/v2\/product\/19882\/revisions"}],"wp:featuredmedia":[{"embeddable":true,"href":"https:\/\/www.lets-grow.de\/blog\/wp-json\/wp\/v2\/media\/18960"}],"wp:attachment":[{"href":"https:\/\/www.lets-grow.de\/blog\/wp-json\/wp\/v2\/media?parent=19882"}],"wp:term":[{"taxonomy":"product_brand","embeddable":true,"href":"https:\/\/www.lets-grow.de\/blog\/wp-json\/wp\/v2\/product_brand?post=19882"},{"taxonomy":"product_cat","embeddable":true,"href":"https:\/\/www.lets-grow.de\/blog\/wp-json\/wp\/v2\/product_cat?post=19882"},{"taxonomy":"product_tag","embeddable":true,"href":"https:\/\/www.lets-grow.de\/blog\/wp-json\/wp\/v2\/product_tag?post=19882"}],"curies":[{"name":"wp","href":"https:\/\/api.w.org\/{rel}","templated":true}]}}