{"id":19751,"date":"2025-04-17T22:53:49","date_gmt":"2025-04-17T20:53:49","guid":{"rendered":"https:\/\/www.lets-grow.de\/blog\/?post_type=product&#038;p=19751"},"modified":"2026-04-20T09:50:12","modified_gmt":"2026-04-20T07:50:12","slug":"luftheber-40cm-mit-langbogen-20-25-32mm","status":"publish","type":"product","link":"https:\/\/www.lets-grow.de\/blog\/shop\/luftheber-40cm-mit-langbogen-20-25-32mm\/","title":{"rendered":"Luftheber 40cm mit Langbogen \u2013 Anschluss f\u00fcr 4\/6\u202fmm Luftschlauch"},"content":{"rendered":"\t\t<div data-elementor-type=\"product-post\" data-elementor-id=\"19751\" class=\"elementor elementor-19751\" data-elementor-post-type=\"product\">\n\t\t\t\t<div class=\"wd-negative-gap elementor-element elementor-element-45e45114 e-flex e-con-boxed e-con e-parent\" data-id=\"45e45114\" data-element_type=\"container\" data-e-type=\"container\">\n\t\t\t\t\t<div class=\"e-con-inner\">\n\t\t\t\t<div class=\"elementor-element elementor-element-2d781744 elementor-widget elementor-widget-heading\" data-id=\"2d781744\" data-element_type=\"widget\" data-e-type=\"widget\" data-widget_type=\"heading.default\">\n\t\t\t\t\t<h2 class=\"elementor-heading-title elementor-size-default\">Luftheber 40cm mit Langbogen \u2013 Anschluss f\u00fcr 4\/6\u202fmm Luftschlauch \u2013 in 3 Gr\u00f6\u00dfen<\/h2>\t\t\t\t<\/div>\n\t\t\t\t<div class=\"elementor-element elementor-element-b88fb3c color-scheme-inherit text-left elementor-widget elementor-widget-text-editor\" data-id=\"b88fb3c\" data-element_type=\"widget\" data-e-type=\"widget\" data-widget_type=\"text-editor.default\">\n\t\t\t\t\t\t\t\t\t<p class=\"\" data-start=\"708\" data-end=\"951\">Unsere Luftheber 40cm mit Langbogen und Anschluss f\u00fcr 4\/6\u202fmm Luftschlauch bieten eine kompakte und durchdachte L\u00f6sung f\u00fcr den Einsatz in Aquaponik-Systemen, Biofiltern oder Aquarien. Sie sind mit drei verschiedenen Steigrohrgr\u00f6\u00dfen erh\u00e4ltlich:<\/p><ul data-start=\"953\" data-end=\"1072\"><li class=\"\" data-start=\"953\" data-end=\"992\"><p class=\"\" data-start=\"955\" data-end=\"992\">20\u202fmm Steigrohr mit 25\u202fmm Druckdose<\/p><\/li><li class=\"\" data-start=\"993\" data-end=\"1032\"><p class=\"\" data-start=\"995\" data-end=\"1032\">25\u202fmm Steigrohr mit 32\u202fmm Druckdose<\/p><\/li><li class=\"\" data-start=\"1033\" data-end=\"1072\"><p class=\"\" data-start=\"1035\" data-end=\"1072\">32\u202fmm Steigrohr mit 40\u202fmm Druckdose<\/p><\/li><\/ul><p class=\"\" data-start=\"1074\" data-end=\"1269\">Diese Luftheber sind ideal f\u00fcr kleinere bis mittelgro\u00dfe Anlagen. Die Kombination aus effizienter Bauform und pr\u00e4ziser Luftf\u00fchrung erm\u00f6glicht eine zuverl\u00e4ssige und energiesparende Wasserf\u00f6rderung.<\/p><p class=\"\" data-start=\"1271\" data-end=\"1422\">Sollte Ihnen die L\u00e4nge zu lang sein, nehmen Sie einfach den Langbogen ab, k\u00fcrzen das Steigrohr auf das gew\u00fcnschte Ma\u00df und stecken den Bogen wieder auf.<\/p><p class=\"\" data-start=\"1424\" data-end=\"1620\">Weitere Informationen zu Funktion, Aufbau und F\u00f6rdermengen finden Sie im <a class=\"\" href=\"https:\/\/www.lets-grow.de\/blog\/kleine-luftheber-serie-neu-20mm-25mm-32mm\/\" target=\"_new\" rel=\"noopener\" data-start=\"1497\" data-end=\"1619\">Blogbeitrag zu unserer kleinen Luftheber-Serie<\/a>.<\/p>\t\t\t\t\t\t\t\t<\/div>\n\t\t\t\t<div class=\"elementor-element elementor-element-540a884b elementor-widget elementor-widget-spacer\" data-id=\"540a884b\" data-element_type=\"widget\" data-e-type=\"widget\" data-widget_type=\"spacer.default\">\n\t\t\t\t\t\t\t<div class=\"elementor-spacer\">\n\t\t\t<div class=\"elementor-spacer-inner\"><\/div>\n\t\t<\/div>\n\t\t\t\t\t\t<\/div>\n\t\t\t\t<div class=\"elementor-element elementor-element-1ea9a9e7 elementor-widget elementor-widget-heading\" data-id=\"1ea9a9e7\" data-element_type=\"widget\" data-e-type=\"widget\" data-widget_type=\"heading.default\">\n\t\t\t\t\t<h2 class=\"elementor-heading-title elementor-size-default\">Anwendungen<\/h2>\t\t\t\t<\/div>\n\t\t\t\t<div class=\"elementor-element elementor-element-19dad7a4 color-scheme-inherit text-left elementor-widget elementor-widget-text-editor\" data-id=\"19dad7a4\" data-element_type=\"widget\" data-e-type=\"widget\" data-widget_type=\"text-editor.default\">\n\t\t\t\t\t\t\t\t\t<ul><li class=\"\" data-start=\"1751\" data-end=\"1787\"><p class=\"\" data-start=\"1753\" data-end=\"1787\">Aquaponik- und Hydroponiksysteme<\/p><\/li><li class=\"\" data-start=\"1788\" data-end=\"1827\"><p class=\"\" data-start=\"1790\" data-end=\"1827\">Biofilter- und Moving-Bed-Reaktoren<\/p><\/li><li class=\"\" data-start=\"1828\" data-end=\"1865\"><p class=\"\" data-start=\"1830\" data-end=\"1865\">Aquaristik (z.\u202fB. Aufzuchtbecken)<\/p><\/li><li class=\"\" data-start=\"1866\" data-end=\"1908\"><p class=\"\" data-start=\"1868\" data-end=\"1908\">Wasserkreisl\u00e4ufe mit sanfter F\u00f6rderung<\/p><\/li><li class=\"\" data-start=\"1909\" data-end=\"1958\"><p class=\"\" data-start=\"1911\" data-end=\"1958\">Geeignet f\u00fcr dezentrale oder modulare Systeme<\/p><\/li><\/ul>\t\t\t\t\t\t\t\t<\/div>\n\t\t\t\t<div class=\"elementor-element elementor-element-6b219209 elementor-widget elementor-widget-spacer\" data-id=\"6b219209\" data-element_type=\"widget\" data-e-type=\"widget\" data-widget_type=\"spacer.default\">\n\t\t\t\t\t\t\t<div class=\"elementor-spacer\">\n\t\t\t<div class=\"elementor-spacer-inner\"><\/div>\n\t\t<\/div>\n\t\t\t\t\t\t<\/div>\n\t\t\t\t<div class=\"elementor-element elementor-element-305d76c9 elementor-widget elementor-widget-heading\" data-id=\"305d76c9\" data-element_type=\"widget\" data-e-type=\"widget\" data-widget_type=\"heading.default\">\n\t\t\t\t\t<h2 class=\"elementor-heading-title elementor-size-default\">Vorteile<\/h2>\t\t\t\t<\/div>\n\t\t\t\t<div class=\"elementor-element elementor-element-27f9063a color-scheme-inherit text-left elementor-widget elementor-widget-text-editor\" data-id=\"27f9063a\" data-element_type=\"widget\" data-e-type=\"widget\" data-widget_type=\"text-editor.default\">\n\t\t\t\t\t\t\t\t\t<ul><li class=\"\" data-start=\"1421\" data-end=\"1464\"><p class=\"\" data-start=\"1423\" data-end=\"1464\">Kompakte Bauweise mit 40\u202fcm Gesamtl\u00e4nge<\/p><\/li><li class=\"\" data-start=\"1465\" data-end=\"1511\"><p class=\"\" data-start=\"1467\" data-end=\"1511\">Anschluss f\u00fcr Standard-Luftschlauch 4\/6\u202fmm<\/p><\/li><li class=\"\" data-start=\"1512\" data-end=\"1565\"><p class=\"\" data-start=\"1514\" data-end=\"1565\">Energieeffiziente Wasserf\u00f6rderung durch Luftdruck<\/p><\/li><li class=\"\" data-start=\"1566\" data-end=\"1614\"><p class=\"\" data-start=\"1568\" data-end=\"1614\">Langbogen-Auslauf f\u00fcr gezielte Wasserf\u00fchrung<\/p><\/li><li class=\"\" data-start=\"1615\" data-end=\"1657\"><p class=\"\" data-start=\"1617\" data-end=\"1657\">In drei g\u00e4ngigen Rohrgr\u00f6\u00dfen erh\u00e4ltlich<\/p><\/li><li class=\"\" data-start=\"1658\" data-end=\"1718\"><p class=\"\" data-start=\"1660\" data-end=\"1718\">Ideal f\u00fcr dezentrale Anwendungen mit geringer F\u00f6rderh\u00f6he<\/p><\/li><\/ul>\t\t\t\t\t\t\t\t<\/div>\n\t\t\t\t<div class=\"elementor-element elementor-element-73ea3e60 elementor-widget elementor-widget-spacer\" data-id=\"73ea3e60\" data-element_type=\"widget\" data-e-type=\"widget\" data-widget_type=\"spacer.default\">\n\t\t\t\t\t\t\t<div class=\"elementor-spacer\">\n\t\t\t<div class=\"elementor-spacer-inner\"><\/div>\n\t\t<\/div>\n\t\t\t\t\t\t<\/div>\n\t\t\t\t<div class=\"elementor-element elementor-element-d28e7d1 elementor-widget elementor-widget-heading\" data-id=\"d28e7d1\" data-element_type=\"widget\" data-e-type=\"widget\" data-widget_type=\"heading.default\">\n\t\t\t\t\t<h2 class=\"elementor-heading-title elementor-size-default\">Technische Daten<\/h2>\t\t\t\t<\/div>\n\t\t\t\t<div class=\"elementor-element elementor-element-2b3b3a72 color-scheme-inherit text-left elementor-widget elementor-widget-text-editor\" data-id=\"2b3b3a72\" data-element_type=\"widget\" data-e-type=\"widget\" data-widget_type=\"text-editor.default\">\n\t\t\t\t\t\t\t\t\t<ul><li class=\"\" data-start=\"1995\" data-end=\"2025\"><p class=\"\" data-start=\"1997\" data-end=\"2025\"><strong data-start=\"1997\" data-end=\"2013\">Gesamtl\u00e4nge:<\/strong> ca. 40\u202fcm<\/p><\/li><li class=\"\" data-start=\"2026\" data-end=\"2074\"><p class=\"\" data-start=\"2028\" data-end=\"2074\"><strong data-start=\"2028\" data-end=\"2040\">Bauform:<\/strong> Langbogen mit geradem Steigrohr<\/p><\/li><li class=\"\" data-start=\"2075\" data-end=\"2104\"><p class=\"\" data-start=\"2077\" data-end=\"2104\"><strong data-start=\"2077\" data-end=\"2095\">Luftanschluss:<\/strong> 4\/6\u202fmm<\/p><\/li><li class=\"\" data-start=\"2105\" data-end=\"2249\"><p class=\"\" data-start=\"2107\" data-end=\"2129\"><strong data-start=\"2107\" data-end=\"2127\">Gr\u00f6\u00dfenvarianten:<\/strong><\/p><ul data-start=\"2132\" data-end=\"2249\"><li class=\"\" data-start=\"2132\" data-end=\"2169\"><p class=\"\" data-start=\"2134\" data-end=\"2169\">20\u202fmm Steigrohr \/ 25\u202fmm Druckdose<\/p><\/li><li class=\"\" data-start=\"2172\" data-end=\"2209\"><p class=\"\" data-start=\"2174\" data-end=\"2209\">25\u202fmm Steigrohr \/ 32\u202fmm Druckdose<\/p><\/li><li class=\"\" data-start=\"2212\" data-end=\"2249\"><p class=\"\" data-start=\"2214\" data-end=\"2249\">32\u202fmm Steigrohr \/ 40\u202fmm Druckdose<\/p><\/li><\/ul><\/li><li class=\"\" data-start=\"2250\" data-end=\"2299\"><p class=\"\" data-start=\"2252\" data-end=\"2299\"><strong data-start=\"2252\" data-end=\"2265\">Material:<\/strong> PVC und PP (je nach Komponente)<\/p><\/li><li class=\"\" data-start=\"2300\" data-end=\"2343\"><p class=\"\" data-start=\"2302\" data-end=\"2343\"><strong data-start=\"2302\" data-end=\"2314\">Montage:<\/strong> betriebsbereit vormontiert<\/p><\/li><\/ul>\t\t\t\t\t\t\t\t<\/div>\n\t\t\t\t<div class=\"elementor-element elementor-element-7fc7232 elementor-widget elementor-widget-spacer\" data-id=\"7fc7232\" data-element_type=\"widget\" data-e-type=\"widget\" data-widget_type=\"spacer.default\">\n\t\t\t\t\t\t\t<div class=\"elementor-spacer\">\n\t\t\t<div class=\"elementor-spacer-inner\"><\/div>\n\t\t<\/div>\n\t\t\t\t\t\t<\/div>\n\t\t\t\t<div class=\"elementor-element elementor-element-30d79b2 elementor-widget elementor-widget-heading\" data-id=\"30d79b2\" data-element_type=\"widget\" data-e-type=\"widget\" data-widget_type=\"heading.default\">\n\t\t\t\t\t<h2 class=\"elementor-heading-title elementor-size-default\">Zusammenfassung<\/h2>\t\t\t\t<\/div>\n\t\t\t\t<div class=\"elementor-element elementor-element-be44676 color-scheme-inherit text-left elementor-widget elementor-widget-text-editor\" data-id=\"be44676\" data-element_type=\"widget\" data-e-type=\"widget\" data-widget_type=\"text-editor.default\">\n\t\t\t\t\t\t\t\t\t<ul><li class=\"\" data-start=\"1995\" data-end=\"2025\"><p class=\"\" data-start=\"2379\" data-end=\"2716\">Dieser Luftheber 40cm\u00a0 (Gesamtl\u00e4nge) eignet sich ideal f\u00fcr kleine bis mittlere F\u00f6rdermengen in Aquaponik, Aquaristik und biologischer Filterung. Durch den Anschluss f\u00fcr handels\u00fcbliche 4\/6\u202fmm Luftschl\u00e4uche l\u00e4sst er sich unkompliziert in bestehende Systeme integrieren. W\u00e4hle die passende Gr\u00f6\u00dfe je nach gew\u00fcnschtem Volumenstrom und F\u00f6rderh\u00f6he.<\/p><p class=\"\" data-start=\"2718\" data-end=\"2886\">Weitere Informationen zu Funktion, Aufbau und F\u00f6rdermengen finden Sie im <a class=\"\" href=\"https:\/\/www.lets-grow.de\/blog\/kleine-luftheber-serie-neu-20mm-25mm-32mm\/\" target=\"_new\" rel=\"noopener\" data-start=\"1497\" data-end=\"1619\">Blogbeitrag<\/a><\/p><\/li><\/ul>\t\t\t\t\t\t\t\t<\/div>\n\t\t\t\t<div class=\"elementor-element elementor-element-3f44f13 wd-width-100 elementor-widget elementor-widget-wd_blog\" data-id=\"3f44f13\" data-element_type=\"widget\" data-e-type=\"widget\" data-widget_type=\"wd_blog.default\">\n\t\t\t\t<div class=\"elementor-widget-container\">\n\t\t\t\t\t\t\t\t\t\t\t\t<div class=\"wd-blog-element \">\n\t\t\t\t\t\t\t\t\t\t\t\n\t\t\t\t\t<div class=\"wd-posts wd-blog-holder wd-grid-g\" id=\"69ff62d005124\" data-paged=\"1\" data-atts=\"{&quot;post_type&quot;:&quot;ids&quot;,&quot;items_per_page&quot;:1,&quot;include&quot;:[&quot;1644&quot;],&quot;taxonomies&quot;:null,&quot;offset&quot;:null,&quot;orderby&quot;:&quot;&quot;,&quot;order&quot;:&quot;DESC&quot;,&quot;meta_key&quot;:null,&quot;exclude&quot;:null,&quot;element_title&quot;:&quot;&quot;,&quot;element_title_tag&quot;:&quot;h4&quot;,&quot;parts_media&quot;:true,&quot;parts_title&quot;:&quot;1&quot;,&quot;parts_meta&quot;:&quot;1&quot;,&quot;parts_text&quot;:&quot;1&quot;,&quot;parts_btn&quot;:&quot;1&quot;,&quot;parts_published_date&quot;:&quot;1&quot;,&quot;img_size&quot;:&quot;thumbnail&quot;,&quot;blog_design&quot;:&quot;list&quot;,&quot;blog_carousel_design&quot;:null,&quot;blog_masonry&quot;:null,&quot;blog_columns&quot;:null,&quot;blog_columns_tablet&quot;:{&quot;size&quot;:&quot;&quot;},&quot;blog_columns_mobile&quot;:{&quot;size&quot;:&quot;&quot;},&quot;blog_spacing&quot;:null,&quot;blog_spacing_tablet&quot;:&quot;&quot;,&quot;blog_spacing_mobile&quot;:&quot;&quot;,&quot;pagination&quot;:&quot;&quot;,&quot;speed&quot;:null,&quot;slides_per_view&quot;:null,&quot;slides_per_view_tablet&quot;:{&quot;size&quot;:&quot;&quot;},&quot;slides_per_view_mobile&quot;:{&quot;size&quot;:&quot;&quot;},&quot;wrap&quot;:null,&quot;autoplay&quot;:null,&quot;hide_pagination_control&quot;:null,&quot;hide_prev_next_buttons&quot;:null,&quot;scroll_per_page&quot;:null,&quot;lazy_loading&quot;:&quot;no&quot;,&quot;scroll_carousel_init&quot;:null,&quot;ajax_page&quot;:&quot;&quot;,&quot;custom_sizes&quot;:false,&quot;elementor&quot;:true}\" data-source=\"shortcode\">\n\t\t\t\n\t\t\t\t\t\t\t\t\t\t\t\t\t\t\n<article id=\"post-1644\" class=\"wd-post blog-design-list blog-post-loop blog-style-flat post-1644 post type-post status-publish format-standard has-post-thumbnail hentry category-allgemein tag-hamburger-mattenfilter tag-luftheber tag-mammutpumpe tag-mattenfilter tag-pumpe-ohne-drehende-teile\">\n\t<div class=\"wd-post-inner\">\n\t\t<div class=\"wd-post-thumb\">\n\t\t\t\t\t\t\t<div class=\"wd-post-img\">\n\t\t\t\t\t<img decoding=\"async\" width=\"150\" height=\"150\" src=\"https:\/\/www.lets-grow.de\/blog\/wp-content\/uploads\/2020\/12\/130962053_10208270628081339_8416915341515581781_o-150x150.jpg\" class=\"attachment-thumbnail size-thumbnail\" alt=\"Kleiner Luftheber\" srcset=\"https:\/\/www.lets-grow.de\/blog\/wp-content\/uploads\/2020\/12\/130962053_10208270628081339_8416915341515581781_o-150x150.jpg 150w, https:\/\/www.lets-grow.de\/blog\/wp-content\/uploads\/2020\/12\/130962053_10208270628081339_8416915341515581781_o-430x430.jpg 430w, https:\/\/www.lets-grow.de\/blog\/wp-content\/uploads\/2020\/12\/130962053_10208270628081339_8416915341515581781_o-100x100.jpg 100w\" sizes=\"(max-width: 150px) 100vw, 150px\" \/>\t\t\t\t<\/div>\n\t\t\t\t\t\t\t\t\t\t\t\t\t<div class=\"wd-post-date wd-style-with-bg\">\n\t\t\t\t<span class=\"post-date-day\">\n\t\t\t\t\t15\t\t\t\t<\/span>\n\t\t\t\t<span class=\"post-date-month\">\n\t\t\t\t\tDez.\t\t\t\t<\/span>\n\t\t\t<\/div>\n\t\t\t\t\t\t\t\t\t\t\t<a class=\"wd-post-link wd-fill\" tabindex=\"-1\" href=\"https:\/\/www.lets-grow.de\/blog\/kleine-luftheber-serie-neu-20mm-25mm-32mm\/\" rel=\"bookmark\" aria-label=\"Link auf Beitrag Kleine Luftheber Serie neu im Shop\"><\/a>\n\t\t\t\t\t\t\t<div class=\"wd-post-cat wd-style-with-bg\">\n\t\t\t\t\t<a href=\"https:\/\/www.lets-grow.de\/blog\/category\/allgemein\/\" rel=\"category tag\">Allgemein<\/a>\t\t\t\t<\/div>\n\t\t\t\t\t<\/div>\n\n\t\t<div class=\"wd-post-content\">\n\t\t\t<div class=\"wd-post-content-inner wd-scroll\">\n\t\t\t\t\t\t\t\t\t<div class=\"wd-post-meta\">\n\t\t\t\t\t\t\t\t\t\t\t\t\t\t\t\t\t\t<div class=\"wd-post-author\">\n\t\t\t\t\t\t\t\t\t\t\t\t<span>Ver\u00f6ffentlicht von<\/span>\n\t\t\n\t\t\t\t\t<img alt='author-avatar' src='https:\/\/secure.gravatar.com\/avatar\/8be90f2e31f5dbfe88b1ae7eb825dca5082f7bbb1b212e720eeefdce1ece99a0?s=22&#038;d=mm&#038;r=g' srcset='https:\/\/secure.gravatar.com\/avatar\/8be90f2e31f5dbfe88b1ae7eb825dca5082f7bbb1b212e720eeefdce1ece99a0?s=44&#038;d=mm&#038;r=g 2x' class='avatar avatar-22 photo' height='22' width='22' \/>\t\t\n\t\t\t\t\t<a href=\"https:\/\/www.lets-grow.de\/blog\/author\/domweb\/\" class=\"author\" rel=\"author\">Dominik Weber<\/a>\n\t\t\t\t\t\t\t\t\t\t<\/div>\n\t\t\t\t\t\t<div class=\"wd-modified-date\">\n\t\t\t\t\t\t\t\t\t<time class=\"updated\" datetime=\"2025-04-17T23:06:44+02:00\">\n\t\t\t17. April 2025\t\t<\/time>\n\t\t\t\t\t\t\t\t<\/div>\n\n\t\t\t\t\t\t\n\t\t\t\t\t\t\t\t\t\t\t\t\t\t\t\t\t\t\t\t<div class=\"wd-post-reply wd-style-1\">\n\t\t\t\t\t\t\t\t<a href=\"https:\/\/www.lets-grow.de\/blog\/kleine-luftheber-serie-neu-20mm-25mm-32mm\/#respond\"><span class=\"wd-replies-count\">0<\/span><\/a>\t\t\t\t\t\t\t<\/div>\n\t\t\t\t\t\t\t\t\t\t\t<\/div>\n\t\t\t\t\t\t\t\t\t\t\t\t\t<h3 class=\"wd-post-title wd-entities-title title post-title\">\n\t\t\t\t\t\t<a href=\"https:\/\/www.lets-grow.de\/blog\/kleine-luftheber-serie-neu-20mm-25mm-32mm\/\" rel=\"bookmark\">\n\t\t\t\t\t\t\tKleine Luftheber Serie neu im Shop\t\t\t\t\t\t<\/a>\n\t\t\t\t\t<\/h3>\n\t\t\t\t\t\t\t\t\t\t\t\t\t<div class=\"wd-post-excerpt wd-scroll-content\">\n\t\t\t\t\t\t\t\t\t\t\t\t\tKleine Luftheber Serie neu im Shop\t\t\n\t\t\t\t\t\t\t\t\t\t\t\t\t\t\t\t\t\t\t\t\t\n\t\tWir bieten seit geraumer Zeit bereits Luftheber\/Druckdosen in folgenden Gr...\t\t\t\t\t\t\t\t\t\t\t<\/div>\n\t\t\t\t\t\t\t<\/div>\n\t\t\t\t\t\t\t\t\t\t\t\t<div class=\"wd-post-read-more wd-style-btn\">\n\t\t\t\t\t\t<a class=\" btn btn-accent\" href=\"https:\/\/www.lets-grow.de\/blog\/kleine-luftheber-serie-neu-20mm-25mm-32mm\/\">Weiterlesen<\/a>\t\t\t\t\t<\/div>\n\t\t\t\t\t\t\t\t\t<\/div>\n\t<\/div>\n<\/article>\n\t\t\t\t\n\t\t\t\t\t\t\t\t<\/div>\n\t\t\t\n\t\t\t\t\t\t\t\t\t\t<\/div>\n\t\t\t\t\t\t\t\t\t\t<\/div>\n\t\t\t\t<\/div>\n\t\t\t\t\t<\/div>\n\t\t\t\t<\/div>\n\t\t\t\t<\/div>\n\t\t","protected":false},"excerpt":{"rendered":"<p>Effizienter Luftheber mit 40cm L\u00e4nge, Langbogen und Anschluss f\u00fcr 4\/6\u202fmm Luftschlauch. Erh\u00e4ltlich mit 20, 25 oder 32\u202fmm Steigrohr. Ideal f\u00fcr Biofilter, Aquaponik und andere F\u00f6rderanwendungen mit Luftdruck. Entwickelt f\u00fcr geringen Energieeinsatz und hohe F\u00f6rderleistung.<\/p>\n","protected":false},"featured_media":19755,"comment_status":"open","ping_status":"closed","template":"","meta":{"_monsterinsights_skip_tracking":false,"_monsterinsights_sitenote_active":false,"_monsterinsights_sitenote_note":"","_monsterinsights_sitenote_category":0},"product_brand":[],"product_cat":[435],"product_tag":[1726,1727,1728,1729,1720,1721,1722,1723,1724,1725],"class_list":{"0":"post-19751","1":"product","2":"type-product","3":"status-publish","4":"has-post-thumbnail","6":"product_cat-luftheber-mammutpumpen","7":"product_tag-wasserfoerderung-mit-luft","8":"product_tag-luftheber-fuer-filter","9":"product_tag-mammutpumpe","10":"product_tag-luftheber","11":"product_tag-aquaponik-luftheber","12":"product_tag-luftheber-20-mm","13":"product_tag-luftheber-25-mm","14":"product_tag-luftheber-32-mm","15":"product_tag-mini-luftheber","16":"product_tag-luftheber-biofilter","17":"pa_hersteller-lets-grow","19":"first","20":"instock","21":"taxable","22":"shipping-taxable","23":"purchasable","24":"product-type-variable","25":"has-default-attributes"},"bundled_by":[],"bundle_stock_status":"instock","bundle_stock_quantity":null,"bundle_virtual":false,"bundle_layout":"","bundle_add_to_cart_form_location":"","bundle_editable_in_cart":false,"bundle_sold_individually_context":"","bundle_item_grouping":"","bundle_min_size":"","bundle_max_size":"","bundle_price":[],"bundled_items":[],"bundle_sell_ids":[],"supplier_id":null,"supplier_sku":"","barcode":null,"atum_controlled":true,"out_stock_date":null,"out_stock_threshold":null,"inheritable":true,"inbound_stock":0,"stock_on_hold":0,"sold_today":0,"sales_last_days":0,"reserved_stock":0,"customer_returns":0,"warehouse_damage":0,"lost_in_post":0,"other_logs":0,"out_stock_days":0,"lost_sales":0,"has_location":false,"update_date":"2026-05-09T00:28:48","atum_locations":[],"atum_stock_status":"instock","restock_status":false,"low_stock_amount":"","sales_update_date":"2026-05-09T00:28:48","calc_backorders":null,"tiered_pricing_type":"fixed","tiered_pricing_fixed_rules":[],"tiered_pricing_product_settings":{"layout":"default","base_unit_name":{"singular":null,"plural":null},"default_variation":null},"tiered_pricing_minimum_quantity":null,"tiered_pricing_roles_data":[],"tiered_pricing_percentage_rules":[],"_links":{"self":[{"href":"https:\/\/www.lets-grow.de\/blog\/wp-json\/wp\/v2\/product\/19751","targetHints":{"allow":["GET"]}}],"collection":[{"href":"https:\/\/www.lets-grow.de\/blog\/wp-json\/wp\/v2\/product"}],"about":[{"href":"https:\/\/www.lets-grow.de\/blog\/wp-json\/wp\/v2\/types\/product"}],"replies":[{"embeddable":true,"href":"https:\/\/www.lets-grow.de\/blog\/wp-json\/wp\/v2\/comments?post=19751"}],"version-history":[{"count":1,"href":"https:\/\/www.lets-grow.de\/blog\/wp-json\/wp\/v2\/product\/19751\/revisions"}],"predecessor-version":[{"id":21053,"href":"https:\/\/www.lets-grow.de\/blog\/wp-json\/wp\/v2\/product\/19751\/revisions\/21053"}],"wp:featuredmedia":[{"embeddable":true,"href":"https:\/\/www.lets-grow.de\/blog\/wp-json\/wp\/v2\/media\/19755"}],"wp:attachment":[{"href":"https:\/\/www.lets-grow.de\/blog\/wp-json\/wp\/v2\/media?parent=19751"}],"wp:term":[{"taxonomy":"product_brand","embeddable":true,"href":"https:\/\/www.lets-grow.de\/blog\/wp-json\/wp\/v2\/product_brand?post=19751"},{"taxonomy":"product_cat","embeddable":true,"href":"https:\/\/www.lets-grow.de\/blog\/wp-json\/wp\/v2\/product_cat?post=19751"},{"taxonomy":"product_tag","embeddable":true,"href":"https:\/\/www.lets-grow.de\/blog\/wp-json\/wp\/v2\/product_tag?post=19751"}],"curies":[{"name":"wp","href":"https:\/\/api.w.org\/{rel}","templated":true}]}}