{"id":19737,"date":"2025-04-16T10:47:05","date_gmt":"2025-04-16T08:47:05","guid":{"rendered":"https:\/\/www.lets-grow.de\/blog\/?post_type=product&#038;p=19737"},"modified":"2026-05-06T21:30:41","modified_gmt":"2026-05-06T19:30:41","slug":"nilbuntbarsch-oreochromis-niloticus","status":"publish","type":"product","link":"https:\/\/www.lets-grow.de\/blog\/shop\/nilbuntbarsch-oreochromis-niloticus\/","title":{"rendered":"Nilbuntbarsch \u2013 Oreochromis niloticus"},"content":{"rendered":"\t\t<div data-elementor-type=\"product-post\" data-elementor-id=\"19737\" class=\"elementor elementor-19737\" data-elementor-post-type=\"product\">\n\t\t\t\t<div class=\"wd-negative-gap elementor-element elementor-element-156b9d1 e-flex e-con-boxed e-con e-parent\" data-id=\"156b9d1\" data-element_type=\"container\" data-e-type=\"container\">\n\t\t\t\t\t<div class=\"e-con-inner\">\n\t\t\t\t<div class=\"elementor-element elementor-element-c3a6b1c elementor-widget elementor-widget-heading\" data-id=\"c3a6b1c\" data-element_type=\"widget\" data-e-type=\"widget\" data-widget_type=\"heading.default\">\n\t\t\t\t\t<h2 class=\"elementor-heading-title elementor-size-default\">Nilbuntbarsch \u2013 Oreochromis niloticus<\/h2>\t\t\t\t<\/div>\n\t\t\t\t<div class=\"elementor-element elementor-element-f59c154 color-scheme-inherit text-left elementor-widget elementor-widget-text-editor\" data-id=\"f59c154\" data-element_type=\"widget\" data-e-type=\"widget\" data-widget_type=\"text-editor.default\">\n\t\t\t\t\t\t\t\t\t<p class=\"\" data-start=\"625\" data-end=\"856\">Der Klassiker unter den Warmwasserfischen f\u00fcr Aquaponik und Fischzucht. Robust, wachstumsfreudig und lecker \u2013 der Nilbuntbarsch (Oreochromis niloticus) ist die perfekte Wahl f\u00fcr alle, die auf nachhaltige Eigenversorgung setzen.<\/p>\t\t\t\t\t\t\t\t<\/div>\n\t\t\t\t<div class=\"elementor-element elementor-element-6dac52f elementor-widget elementor-widget-spacer\" data-id=\"6dac52f\" data-element_type=\"widget\" data-e-type=\"widget\" data-widget_type=\"spacer.default\">\n\t\t\t\t\t\t\t<div class=\"elementor-spacer\">\n\t\t\t<div class=\"elementor-spacer-inner\"><\/div>\n\t\t<\/div>\n\t\t\t\t\t\t<\/div>\n\t\t\t\t<div class=\"elementor-element elementor-element-2f8f6af elementor-widget elementor-widget-heading\" data-id=\"2f8f6af\" data-element_type=\"widget\" data-e-type=\"widget\" data-widget_type=\"heading.default\">\n\t\t\t\t\t<h2 class=\"elementor-heading-title elementor-size-default\">Gr\u00fcnde f\u00fcr den Nilbuntbarsch<\/h2>\t\t\t\t<\/div>\n\t\t\t\t<div class=\"elementor-element elementor-element-ba3adb4 color-scheme-inherit text-left elementor-widget elementor-widget-text-editor\" data-id=\"ba3adb4\" data-element_type=\"widget\" data-e-type=\"widget\" data-widget_type=\"text-editor.default\">\n\t\t\t\t\t\t\t\t\t<p>Der Nilbuntbarsch \u2013 auch bekannt als Nile Tilapia \u2013 ist eine der beliebtesten Fischarten weltweit f\u00fcr Aquakultur und Aquaponik. Kein Wunder: Er ist anspruchslos, widerstandsf\u00e4hig, w\u00e4chst schnell und liefert hochwertiges, wohlschmeckendes Fleisch. In geschlossenen Kreislaufsystemen wie Aquaponik oder RAS (Recirculating Aquaculture System) f\u00fchlt er sich besonders wohl.<\/p>\t\t\t\t\t\t\t\t<\/div>\n\t\t\t\t<div class=\"elementor-element elementor-element-a25b51e elementor-widget elementor-widget-spacer\" data-id=\"a25b51e\" data-element_type=\"widget\" data-e-type=\"widget\" data-widget_type=\"spacer.default\">\n\t\t\t\t\t\t\t<div class=\"elementor-spacer\">\n\t\t\t<div class=\"elementor-spacer-inner\"><\/div>\n\t\t<\/div>\n\t\t\t\t\t\t<\/div>\n\t\t\t\t<div class=\"elementor-element elementor-element-728741e elementor-widget elementor-widget-heading\" data-id=\"728741e\" data-element_type=\"widget\" data-e-type=\"widget\" data-widget_type=\"heading.default\">\n\t\t\t\t\t<h2 class=\"elementor-heading-title elementor-size-default\">Anwendung in Aquaponik &amp; Fischmast<\/h2>\t\t\t\t<\/div>\n\t\t\t\t<div class=\"elementor-element elementor-element-27115f6 color-scheme-inherit text-left elementor-widget elementor-widget-text-editor\" data-id=\"27115f6\" data-element_type=\"widget\" data-e-type=\"widget\" data-widget_type=\"text-editor.default\">\n\t\t\t\t\t\t\t\t\t<ul><li class=\"\" data-start=\"1305\" data-end=\"1360\"><p class=\"\" data-start=\"1307\" data-end=\"1360\">\u2714\ufe0f Ideal f\u00fcr Warmwasser-Aquaponiksysteme (24\u201330 \u00b0C)<\/p><\/li><li class=\"\" data-start=\"1361\" data-end=\"1428\"><p class=\"\" data-start=\"1363\" data-end=\"1428\">\u2714\ufe0f Geeignet f\u00fcr IBC-Setups, Growbed-Systeme &amp; Indoor-Fischzucht<\/p><\/li><li class=\"\" data-start=\"1429\" data-end=\"1555\"><p class=\"\" data-start=\"1431\" data-end=\"1555\">\u2714\ufe0f Frisst pflanzliches Futter \u2013 einfache Ern\u00e4hrung mit Pellets, Aquaponik-Abf\u00e4llen oder selbst gemischten Futtermischungen<\/p><\/li><li class=\"\" data-start=\"1556\" data-end=\"1639\"><p class=\"\" data-start=\"1558\" data-end=\"1639\">\u2714\ufe0f Geringe Anforderungen an Wasserqualit\u00e4t \u2013 kommt mit Schwankungen gut zurecht<\/p><\/li><li class=\"\" data-start=\"1640\" data-end=\"1680\"><p class=\"\" data-start=\"1642\" data-end=\"1680\">\u2714\ufe0f Auch als Anf\u00e4ngerfisch sehr beliebt<\/p><\/li><\/ul>\t\t\t\t\t\t\t\t<\/div>\n\t\t\t\t<div class=\"elementor-element elementor-element-1d5fe5d elementor-widget elementor-widget-spacer\" data-id=\"1d5fe5d\" data-element_type=\"widget\" data-e-type=\"widget\" data-widget_type=\"spacer.default\">\n\t\t\t\t\t\t\t<div class=\"elementor-spacer\">\n\t\t\t<div class=\"elementor-spacer-inner\"><\/div>\n\t\t<\/div>\n\t\t\t\t\t\t<\/div>\n\t\t\t\t<div class=\"elementor-element elementor-element-c946b33 elementor-widget elementor-widget-heading\" data-id=\"c946b33\" data-element_type=\"widget\" data-e-type=\"widget\" data-widget_type=\"heading.default\">\n\t\t\t\t\t<h2 class=\"elementor-heading-title elementor-size-default\">Technische Daten<\/h2>\t\t\t\t<\/div>\n\t\t\t\t<div class=\"elementor-element elementor-element-a62e5c8 elementor-widget elementor-widget-html\" data-id=\"a62e5c8\" data-element_type=\"widget\" data-e-type=\"widget\" data-widget_type=\"html.default\">\n\t\t\t\t\t<table>\n    <tr>\n        <td><b>Merkmal<\/b><\/td>\n        <td><b>Beschreibung<\/b><\/td>\n    <\/tr>\n    <tr>\n        <td>Wissenschaftlicher Name<\/td>\n        <td>Oreochromis niloticus<\/td>\n    <\/tr>\n    <tr>\n        <td>Endgr\u00f6\u00dfe<\/td>\n        <td>35-40cm<\/td>\n    <\/tr>\n    <tr>\n        <td>Wachstum<\/td>\n        <td>schnell (Marktgr\u00f6\u00dfe in 7\u20138 Monaten)<\/td>\n    <\/tr>\n    <tr>\n        <td>Temperaturbereich<\/td>\n        <td>24-30\u00b0C<\/td>\n    <\/tr>\n    <tr>\n        <td>Futtertyp<\/td>\n        <td>pflanzlich, omnivor, sinkendes Pellet, schwimmende Futter<\/td>\n    <\/tr>\n    <tr>\n        <td>Geschlechterverh\u00e4ltnis<\/td>\n        <td>gemischt, beide Geschlechter<\/td>\n    <\/tr>\n<\/table>\t\t\t\t<\/div>\n\t\t\t\t<div class=\"elementor-element elementor-element-311b623 elementor-widget elementor-widget-spacer\" data-id=\"311b623\" data-element_type=\"widget\" data-e-type=\"widget\" data-widget_type=\"spacer.default\">\n\t\t\t\t\t\t\t<div class=\"elementor-spacer\">\n\t\t\t<div class=\"elementor-spacer-inner\"><\/div>\n\t\t<\/div>\n\t\t\t\t\t\t<\/div>\n\t\t\t\t<div class=\"elementor-element elementor-element-4575c1b elementor-widget elementor-widget-heading\" data-id=\"4575c1b\" data-element_type=\"widget\" data-e-type=\"widget\" data-widget_type=\"heading.default\">\n\t\t\t\t\t<h2 class=\"elementor-heading-title elementor-size-default\">Vorteile auf einen Blick<\/h2>\t\t\t\t<\/div>\n\t\t\t\t<div class=\"elementor-element elementor-element-d4efc4c color-scheme-inherit text-left elementor-widget elementor-widget-text-editor\" data-id=\"d4efc4c\" data-element_type=\"widget\" data-e-type=\"widget\" data-widget_type=\"text-editor.default\">\n\t\t\t\t\t\t\t\t\t<ul><li class=\"\" data-start=\"2508\" data-end=\"2556\"><p class=\"\" data-start=\"2510\" data-end=\"2556\">\u2705 Schnelles Wachstum &amp; hohe Futterverwertung<\/p><\/li><li class=\"\" data-start=\"2557\" data-end=\"2590\"><p class=\"\" data-start=\"2559\" data-end=\"2590\">\u2705 Vertr\u00e4gt hohe Besatzdichten<\/p><\/li><li class=\"\" data-start=\"2591\" data-end=\"2665\"><p class=\"\" data-start=\"2593\" data-end=\"2665\">\u2705 Perfekt f\u00fcr Aquaponik: sorgt f\u00fcr kontinuierliche N\u00e4hrstoffversorgung<\/p><\/li><li class=\"\" data-start=\"2666\" data-end=\"2722\"><p class=\"\" data-start=\"2668\" data-end=\"2722\">\u2705 Fleisch von mildem Geschmack \u2013 ideal f\u00fcr die K\u00fcche<\/p><\/li><li class=\"\" data-start=\"2723\" data-end=\"2764\"><p class=\"\" data-start=\"2725\" data-end=\"2764\">\u2705 Robust gegen\u00fcber Krankheiten &amp; Stress<\/p><\/li><\/ul>\t\t\t\t\t\t\t\t<\/div>\n\t\t\t\t<div class=\"elementor-element elementor-element-bcfe2dd elementor-widget elementor-widget-spacer\" data-id=\"bcfe2dd\" data-element_type=\"widget\" data-e-type=\"widget\" data-widget_type=\"spacer.default\">\n\t\t\t\t\t\t\t<div class=\"elementor-spacer\">\n\t\t\t<div class=\"elementor-spacer-inner\"><\/div>\n\t\t<\/div>\n\t\t\t\t\t\t<\/div>\n\t\t\t\t<div class=\"elementor-element elementor-element-263cff8 elementor-widget elementor-widget-heading\" data-id=\"263cff8\" data-element_type=\"widget\" data-e-type=\"widget\" data-widget_type=\"heading.default\">\n\t\t\t\t\t<h2 class=\"elementor-heading-title elementor-size-default\">Ideal f\u00fcr Selbstversorger<\/h2>\t\t\t\t<\/div>\n\t\t\t\t<div class=\"elementor-element elementor-element-8e6a6d7 color-scheme-inherit text-left elementor-widget elementor-widget-text-editor\" data-id=\"8e6a6d7\" data-element_type=\"widget\" data-e-type=\"widget\" data-widget_type=\"text-editor.default\">\n\t\t\t\t\t\t\t\t\t<ul><li class=\"\" data-start=\"2508\" data-end=\"2556\"><p class=\"\" data-start=\"2510\" data-end=\"2556\">Der Niltilapia ist wie gemacht f\u00fcr die autarke Fischzucht:<br data-start=\"312\" data-end=\"315\" \/>\ud83d\udc1f <strong data-start=\"318\" data-end=\"346\">Selbstvermehrung m\u00f6glich<\/strong> \u2013 mit etwas Know-how l\u00e4sst sich eine eigene Zuchtlinie aufbauen<br data-start=\"410\" data-end=\"413\" \/>\ud83d\udcaa <strong data-start=\"416\" data-end=\"440\">Hochwertiges Protein<\/strong> \u2013 fettarmes, eiwei\u00dfreiches Fleisch f\u00fcr eine ausgewogene Ern\u00e4hrung<br data-start=\"506\" data-end=\"509\" \/>\ud83c\udfe1 <strong data-start=\"512\" data-end=\"544\">Perfekt f\u00fcr Kreislaufsysteme<\/strong> \u2013 spart Ressourcen und liefert frischen Fisch direkt aus dem eigenen Garten oder Gew\u00e4chshaus<br data-start=\"637\" data-end=\"640\" \/>\ud83c\udf31 In Kombination mit Gem\u00fcseanbau entsteht ein effizienter Mini-Biohof im eigenen Zuhause<\/p><\/li><\/ul>\t\t\t\t\t\t\t\t<\/div>\n\t\t\t\t\t<\/div>\n\t\t\t\t<\/div>\n\t\t\t\t<\/div>\n\t\t","protected":false},"excerpt":{"rendered":"<p class=\"\" data-start=\"252\" data-end=\"607\">Der Nilbuntbarsch (Oreochromis niloticus) ist der ideale Fisch f\u00fcr Aquaponik, Fischmast &amp; Selbstversorgung. Er ist robust, w\u00e4chst schnell, vermehrt sich selbst und liefert hochwertiges, fettarmes Protein. Jetzt als Jungfisch f\u00fcr die Saison 2025 vorbestellen \u2013 ideal f\u00fcr Warmwassersysteme und Kreislaufanlagen.<\/p>\n","protected":false},"featured_media":785,"comment_status":"open","ping_status":"closed","template":"","meta":{"_monsterinsights_skip_tracking":false,"_monsterinsights_sitenote_active":false,"_monsterinsights_sitenote_note":"","_monsterinsights_sitenote_category":0},"product_brand":[],"product_cat":[1483],"product_tag":[1487,1708,2087,1709,2088,1710,1711,1712,1713,263,1714],"class_list":{"0":"post-19737","1":"product","2":"type-product","3":"status-publish","4":"has-post-thumbnail","6":"product_cat-besatzfische","7":"product_tag-besatzfische","8":"product_tag-oreochromis-niloticus","9":"product_tag-fisch","10":"product_tag-niltilapia","11":"product_tag-tilapien","12":"product_tag-tilapia","13":"product_tag-aquaponikfisch","14":"product_tag-fischmast","15":"product_tag-selbstversorgung","16":"product_tag-aquaponik","17":"product_tag-nilbuntbarsch","18":"product_shipping_class-fischversand","20":"first","21":"instock","22":"taxable","23":"shipping-taxable","24":"purchasable","25":"product-type-variable","26":"has-default-attributes"},"bundled_by":[],"bundle_stock_status":"instock","bundle_stock_quantity":null,"bundle_virtual":false,"bundle_layout":"","bundle_add_to_cart_form_location":"","bundle_editable_in_cart":false,"bundle_sold_individually_context":"","bundle_item_grouping":"","bundle_min_size":"","bundle_max_size":"","bundle_price":[],"bundled_items":[],"bundle_sell_ids":[],"supplier_id":null,"supplier_sku":"","barcode":null,"atum_controlled":true,"out_stock_date":null,"out_stock_threshold":null,"inheritable":true,"inbound_stock":0,"stock_on_hold":40,"sold_today":0,"sales_last_days":20,"reserved_stock":0,"customer_returns":0,"warehouse_damage":0,"lost_in_post":0,"other_logs":0,"out_stock_days":0,"lost_sales":0,"has_location":false,"update_date":"2026-05-09T00:28:44","atum_locations":[],"atum_stock_status":"instock","restock_status":false,"low_stock_amount":"","sales_update_date":"2026-05-09T00:28:44","calc_backorders":null,"tiered_pricing_type":"fixed","tiered_pricing_fixed_rules":{"10":2.25},"tiered_pricing_product_settings":{"layout":"default","base_unit_name":{"singular":null,"plural":null},"default_variation":null},"tiered_pricing_minimum_quantity":null,"tiered_pricing_roles_data":[],"tiered_pricing_percentage_rules":[],"_links":{"self":[{"href":"https:\/\/www.lets-grow.de\/blog\/wp-json\/wp\/v2\/product\/19737","targetHints":{"allow":["GET"]}}],"collection":[{"href":"https:\/\/www.lets-grow.de\/blog\/wp-json\/wp\/v2\/product"}],"about":[{"href":"https:\/\/www.lets-grow.de\/blog\/wp-json\/wp\/v2\/types\/product"}],"replies":[{"embeddable":true,"href":"https:\/\/www.lets-grow.de\/blog\/wp-json\/wp\/v2\/comments?post=19737"}],"version-history":[{"count":1,"href":"https:\/\/www.lets-grow.de\/blog\/wp-json\/wp\/v2\/product\/19737\/revisions"}],"predecessor-version":[{"id":21093,"href":"https:\/\/www.lets-grow.de\/blog\/wp-json\/wp\/v2\/product\/19737\/revisions\/21093"}],"wp:featuredmedia":[{"embeddable":true,"href":"https:\/\/www.lets-grow.de\/blog\/wp-json\/wp\/v2\/media\/785"}],"wp:attachment":[{"href":"https:\/\/www.lets-grow.de\/blog\/wp-json\/wp\/v2\/media?parent=19737"}],"wp:term":[{"taxonomy":"product_brand","embeddable":true,"href":"https:\/\/www.lets-grow.de\/blog\/wp-json\/wp\/v2\/product_brand?post=19737"},{"taxonomy":"product_cat","embeddable":true,"href":"https:\/\/www.lets-grow.de\/blog\/wp-json\/wp\/v2\/product_cat?post=19737"},{"taxonomy":"product_tag","embeddable":true,"href":"https:\/\/www.lets-grow.de\/blog\/wp-json\/wp\/v2\/product_tag?post=19737"}],"curies":[{"name":"wp","href":"https:\/\/api.w.org\/{rel}","templated":true}]}}