{"id":19498,"date":"2025-03-12T20:51:26","date_gmt":"2025-03-12T19:51:26","guid":{"rendered":"https:\/\/www.lets-grow.de\/blog\/?post_type=product&#038;p=19498"},"modified":"2026-04-29T12:38:59","modified_gmt":"2026-04-29T10:38:59","slug":"aquaforte-luftkammer-set-fuer-ap-serie-2-stueck","status":"publish","type":"product","link":"https:\/\/www.lets-grow.de\/blog\/shop\/aquaforte-luftkammer-set-fuer-ap-serie-2-stueck\/","title":{"rendered":"AquaForte Luftkammer-Set f\u00fcr AP-Serie (2 St\u00fcck)"},"content":{"rendered":"\t\t<div data-elementor-type=\"product-post\" data-elementor-id=\"19498\" class=\"elementor elementor-19498\" data-elementor-post-type=\"product\">\n\t\t\t\t<div class=\"wd-negative-gap elementor-element elementor-element-2fd4f62a e-flex e-con-boxed e-con e-parent\" data-id=\"2fd4f62a\" data-element_type=\"container\" data-e-type=\"container\">\n\t\t\t\t\t<div class=\"e-con-inner\">\n\t\t\t\t<div class=\"elementor-element elementor-element-5b69161 elementor-widget elementor-widget-heading\" data-id=\"5b69161\" data-element_type=\"widget\" data-e-type=\"widget\" data-widget_type=\"heading.default\">\n\t\t\t\t\t<h2 class=\"elementor-heading-title elementor-size-default\">AquaForte Luftkammer-Set f\u00fcr AP-Serie (2 St\u00fcck) \u2013 Ersatzmembranen f\u00fcr Membrankompressoren<\/h2>\t\t\t\t<\/div>\n\t\t\t\t<div class=\"elementor-element elementor-element-2d9a4e2e color-scheme-inherit text-left elementor-widget elementor-widget-text-editor\" data-id=\"2d9a4e2e\" data-element_type=\"widget\" data-e-type=\"widget\" data-widget_type=\"text-editor.default\">\n\t\t\t\t\t\t\t\t\t<p data-start=\"1177\" data-end=\"1369\">Membrankompressoren sind essenziell f\u00fcr die <strong data-start=\"1221\" data-end=\"1290\">Sauerstoffversorgung in Teichen, Aquaponik- &amp; Hydroponik-Systemen<\/strong>. Doch mit der Zeit verschlei\u00dfen die Luftkammern und die Leistung l\u00e4sst nach.<\/p><p data-start=\"1371\" data-end=\"1673\">Mit dem <strong data-start=\"1379\" data-end=\"1434\">AquaForte Luftkammer-Set f\u00fcr die AP-Serie (2 St\u00fcck)<\/strong> kannst du deinen Kompressor wieder auf volle Leistung bringen! Die hochwertigen Ersatzmembranen sind speziell f\u00fcr <strong data-start=\"1549\" data-end=\"1594\">AP-35\/45, AP-60\/80\/100 &amp; AP-150\/200 Modelle<\/strong> entwickelt und sorgen f\u00fcr <strong data-start=\"1621\" data-end=\"1670\">gleichm\u00e4\u00dfigen Luftstrom und lange Lebensdauer<\/strong>.<\/p><p data-start=\"1675\" data-end=\"1874\">Das Set enth\u00e4lt <strong data-start=\"1691\" data-end=\"1723\">zwei hochwertige Luftkammern<\/strong> und ist einfach zu installieren. So bleibt dein System optimal mit Sauerstoff versorgt, egal ob im <strong data-start=\"1823\" data-end=\"1871\">Fischteich, Aquaponik oder Hydroponik-Anlage<\/strong>.<\/p>\t\t\t\t\t\t\t\t<\/div>\n\t\t\t\t<div class=\"elementor-element elementor-element-66a4411b elementor-widget elementor-widget-spacer\" data-id=\"66a4411b\" data-element_type=\"widget\" data-e-type=\"widget\" data-widget_type=\"spacer.default\">\n\t\t\t\t\t\t\t<div class=\"elementor-spacer\">\n\t\t\t<div class=\"elementor-spacer-inner\"><\/div>\n\t\t<\/div>\n\t\t\t\t\t\t<\/div>\n\t\t\t\t<div class=\"elementor-element elementor-element-1bf2d0d4 elementor-widget elementor-widget-heading\" data-id=\"1bf2d0d4\" data-element_type=\"widget\" data-e-type=\"widget\" data-widget_type=\"heading.default\">\n\t\t\t\t\t<h2 class=\"elementor-heading-title elementor-size-default\">Anwendungen<\/h2>\t\t\t\t<\/div>\n\t\t\t\t<div class=\"elementor-element elementor-element-1d19d4d8 color-scheme-inherit text-left elementor-widget elementor-widget-text-editor\" data-id=\"1d19d4d8\" data-element_type=\"widget\" data-e-type=\"widget\" data-widget_type=\"text-editor.default\">\n\t\t\t\t\t\t\t\t\t<ul><li data-start=\"1904\" data-end=\"1978\"><strong data-start=\"1906\" data-end=\"1947\">Ersatzteil f\u00fcr AP-Membrankompressoren<\/strong> (z. B. AP-35\/45, AP-60\/80\/100, AP-150\/200)<\/li><li data-start=\"1979\" data-end=\"2035\"><strong data-start=\"1981\" data-end=\"2033\">Ideal f\u00fcr Teichbel\u00fcftung, Aquaponik &amp; Hydroponik<\/strong><\/li><li data-start=\"2036\" data-end=\"2089\"><strong data-start=\"2038\" data-end=\"2063\">Einfache Installation<\/strong> \u2013 kein Fachwissen n\u00f6tig<\/li><li data-start=\"2090\" data-end=\"2163\"><strong data-start=\"2092\" data-end=\"2128\">Regelm\u00e4\u00dfiger Austausch empfohlen<\/strong>, um die Luftleistung zu erhalten<\/li><\/ul>\t\t\t\t\t\t\t\t<\/div>\n\t\t\t\t<div class=\"elementor-element elementor-element-6087ad9e elementor-widget elementor-widget-spacer\" data-id=\"6087ad9e\" data-element_type=\"widget\" data-e-type=\"widget\" data-widget_type=\"spacer.default\">\n\t\t\t\t\t\t\t<div class=\"elementor-spacer\">\n\t\t\t<div class=\"elementor-spacer-inner\"><\/div>\n\t\t<\/div>\n\t\t\t\t\t\t<\/div>\n\t\t\t\t<div class=\"elementor-element elementor-element-76fd0877 elementor-widget elementor-widget-heading\" data-id=\"76fd0877\" data-element_type=\"widget\" data-e-type=\"widget\" data-widget_type=\"heading.default\">\n\t\t\t\t\t<h2 class=\"elementor-heading-title elementor-size-default\">Vorteile<\/h2>\t\t\t\t<\/div>\n\t\t\t\t<div class=\"elementor-element elementor-element-4d0c1c color-scheme-inherit text-left elementor-widget elementor-widget-text-editor\" data-id=\"4d0c1c\" data-element_type=\"widget\" data-e-type=\"widget\" data-widget_type=\"text-editor.default\">\n\t\t\t\t\t\t\t\t\t<p>\u2714 <strong data-start=\"2193\" data-end=\"2219\">Passgenaue Ersatzteile<\/strong> f\u00fcr die AquaForte AP-Serie<br data-start=\"2246\" data-end=\"2249\" \/>\u2714 <strong data-start=\"2251\" data-end=\"2295\">Stellt die volle Luftleistung wieder her<\/strong><br data-start=\"2295\" data-end=\"2298\" \/>\u2714 <strong data-start=\"2300\" data-end=\"2320\">Einfache Montage<\/strong> \u2013 kein Werkzeug erforderlich<br data-start=\"2349\" data-end=\"2352\" \/>\u2714 <strong data-start=\"2354\" data-end=\"2391\">Lange Lebensdauer &amp; hohe Qualit\u00e4t<\/strong><br data-start=\"2391\" data-end=\"2394\" \/>\u2714 <strong data-start=\"2396\" data-end=\"2456\">Wichtiger Wartungsartikel f\u00fcr Teiche &amp; Aquaponik-Systeme<\/strong><\/p>\t\t\t\t\t\t\t\t<\/div>\n\t\t\t\t<div class=\"elementor-element elementor-element-1083b8d1 elementor-widget elementor-widget-spacer\" data-id=\"1083b8d1\" data-element_type=\"widget\" data-e-type=\"widget\" data-widget_type=\"spacer.default\">\n\t\t\t\t\t\t\t<div class=\"elementor-spacer\">\n\t\t\t<div class=\"elementor-spacer-inner\"><\/div>\n\t\t<\/div>\n\t\t\t\t\t\t<\/div>\n\t\t\t\t<div class=\"elementor-element elementor-element-5a70dcf1 elementor-widget elementor-widget-heading\" data-id=\"5a70dcf1\" data-element_type=\"widget\" data-e-type=\"widget\" data-widget_type=\"heading.default\">\n\t\t\t\t\t<h2 class=\"elementor-heading-title elementor-size-default\">Zusammenfassung<\/h2>\t\t\t\t<\/div>\n\t\t\t\t<div class=\"elementor-element elementor-element-28822bb3 color-scheme-inherit text-left elementor-widget elementor-widget-text-editor\" data-id=\"28822bb3\" data-element_type=\"widget\" data-e-type=\"widget\" data-widget_type=\"text-editor.default\">\n\t\t\t\t\t\t\t\t\t<p>Mit dem <strong data-start=\"2492\" data-end=\"2530\">AquaForte Luftkammer-Set (2 St\u00fcck)<\/strong> bringst du deine AP-Membrankompressoren wieder auf volle Leistung. Ein <strong data-start=\"2602\" data-end=\"2664\">unverzichtbares Ersatzteil f\u00fcr eine zuverl\u00e4ssige Bel\u00fcftung<\/strong> in <strong data-start=\"2668\" data-end=\"2712\">Teichen, Aquaponik &amp; Hydroponik-Systemen<\/strong>!<\/p>\t\t\t\t\t\t\t\t<\/div>\n\t\t\t\t\t<\/div>\n\t\t\t\t<\/div>\n\t\t\t\t<\/div>\n\t\t","protected":false},"excerpt":{"rendered":"<p>Das <strong data-start=\"768\" data-end=\"796\">AquaForte Luftkammer-Set<\/strong> (2 St\u00fcck) ist das <strong data-start=\"815\" data-end=\"855\">passende Ersatzteil f\u00fcr die AP-Serie<\/strong> von Membrankompressoren. Verschlissene Membranen k\u00f6nnen zu Leistungsverlust f\u00fchren \u2013 mit diesem Set stellst du die volle Luftleistung deines Bel\u00fcfters wieder her! Ideal f\u00fcr <strong data-start=\"1029\" data-end=\"1071\">Aquaponik, Teichbel\u00fcftung &amp; Hydroponik<\/strong>. Kompatibel mit <strong data-start=\"1088\" data-end=\"1134\">AP 35\/45\/60\/80\/100\/150 &amp; 200 und weiteren Modellen<\/strong>.<\/p>\n","protected":false},"featured_media":19502,"comment_status":"open","ping_status":"closed","template":"","meta":{"_monsterinsights_skip_tracking":false,"_monsterinsights_sitenote_active":false,"_monsterinsights_sitenote_note":"","_monsterinsights_sitenote_category":0},"product_brand":[],"product_cat":[431],"product_tag":[1691,1085,1692,1682,1693,1683,1694,1684,1685,1686,1687,1688,1689,1690],"class_list":{"0":"post-19498","1":"product","2":"type-product","3":"status-publish","4":"has-post-thumbnail","6":"product_cat-kompressoren-luftpumpen","7":"product_tag-ap100","8":"product_tag-aquaponik-belueftung","9":"product_tag-ap-150","10":"product_tag-aquaforte-luftkammer","11":"product_tag-ap-200","12":"product_tag-ap-serie-ersatzteil","13":"product_tag-luftkammer-set","14":"product_tag-membran-kompressor-set","15":"product_tag-ap-kompressor-reparatur","16":"product_tag-teichbeluefter-ersatz","17":"product_tag-ap-35","18":"product_tag-ap-45","19":"product_tag-ap-60","20":"product_tag-ap-80","21":"pa_hersteller-aquaforte","23":"first","24":"instock","25":"taxable","26":"shipping-taxable","27":"purchasable","28":"product-type-variable"},"bundled_by":[],"bundle_stock_status":"instock","bundle_stock_quantity":null,"bundle_virtual":false,"bundle_layout":"","bundle_add_to_cart_form_location":"","bundle_editable_in_cart":false,"bundle_sold_individually_context":"","bundle_item_grouping":"","bundle_min_size":"","bundle_max_size":"","bundle_price":[],"bundled_items":[],"bundle_sell_ids":[],"supplier_id":null,"supplier_sku":"","barcode":null,"atum_controlled":true,"out_stock_date":null,"out_stock_threshold":null,"inheritable":true,"inbound_stock":0,"stock_on_hold":0,"sold_today":0,"sales_last_days":2,"reserved_stock":0,"customer_returns":0,"warehouse_damage":0,"lost_in_post":0,"other_logs":0,"out_stock_days":0,"lost_sales":0,"has_location":false,"update_date":"2026-05-03T00:23:57","atum_locations":[],"atum_stock_status":"instock","restock_status":false,"low_stock_amount":"","sales_update_date":"2026-05-03T00:23:57","calc_backorders":null,"tiered_pricing_type":"fixed","tiered_pricing_fixed_rules":[],"tiered_pricing_product_settings":{"layout":"default","base_unit_name":{"singular":null,"plural":null},"default_variation":null},"tiered_pricing_minimum_quantity":null,"tiered_pricing_roles_data":[],"tiered_pricing_percentage_rules":[],"_links":{"self":[{"href":"https:\/\/www.lets-grow.de\/blog\/wp-json\/wp\/v2\/product\/19498","targetHints":{"allow":["GET"]}}],"collection":[{"href":"https:\/\/www.lets-grow.de\/blog\/wp-json\/wp\/v2\/product"}],"about":[{"href":"https:\/\/www.lets-grow.de\/blog\/wp-json\/wp\/v2\/types\/product"}],"replies":[{"embeddable":true,"href":"https:\/\/www.lets-grow.de\/blog\/wp-json\/wp\/v2\/comments?post=19498"}],"version-history":[{"count":1,"href":"https:\/\/www.lets-grow.de\/blog\/wp-json\/wp\/v2\/product\/19498\/revisions"}],"predecessor-version":[{"id":21259,"href":"https:\/\/www.lets-grow.de\/blog\/wp-json\/wp\/v2\/product\/19498\/revisions\/21259"}],"wp:featuredmedia":[{"embeddable":true,"href":"https:\/\/www.lets-grow.de\/blog\/wp-json\/wp\/v2\/media\/19502"}],"wp:attachment":[{"href":"https:\/\/www.lets-grow.de\/blog\/wp-json\/wp\/v2\/media?parent=19498"}],"wp:term":[{"taxonomy":"product_brand","embeddable":true,"href":"https:\/\/www.lets-grow.de\/blog\/wp-json\/wp\/v2\/product_brand?post=19498"},{"taxonomy":"product_cat","embeddable":true,"href":"https:\/\/www.lets-grow.de\/blog\/wp-json\/wp\/v2\/product_cat?post=19498"},{"taxonomy":"product_tag","embeddable":true,"href":"https:\/\/www.lets-grow.de\/blog\/wp-json\/wp\/v2\/product_tag?post=19498"}],"curies":[{"name":"wp","href":"https:\/\/api.w.org\/{rel}","templated":true}]}}