{"id":19486,"date":"2025-03-12T20:18:20","date_gmt":"2025-03-12T19:18:20","guid":{"rendered":"https:\/\/www.lets-grow.de\/blog\/?post_type=product&#038;p=19486"},"modified":"2026-04-10T14:32:51","modified_gmt":"2026-04-10T12:32:51","slug":"emerald-harvest-tripart-set","status":"publish","type":"product","link":"https:\/\/www.lets-grow.de\/blog\/shop\/emerald-harvest-tripart-set\/","title":{"rendered":"Emerald Harvest Tripart Set \u2013 N\u00e4hrstoffsystem"},"content":{"rendered":"\t\t<div data-elementor-type=\"product-post\" data-elementor-id=\"19486\" class=\"elementor elementor-19486\" data-elementor-post-type=\"product\">\n\t\t\t\t<div class=\"wd-negative-gap elementor-element elementor-element-55f2b009 e-flex e-con-boxed e-con e-parent\" data-id=\"55f2b009\" data-element_type=\"container\" data-e-type=\"container\">\n\t\t\t\t\t<div class=\"e-con-inner\">\n\t\t\t\t<div class=\"elementor-element elementor-element-50cb8897 elementor-widget elementor-widget-heading\" data-id=\"50cb8897\" data-element_type=\"widget\" data-e-type=\"widget\" data-widget_type=\"heading.default\">\n\t\t\t\t\t<h2 class=\"elementor-heading-title elementor-size-default\">Emerald Harvest Tripart \u2013 High-End 3er-N\u00e4hrstoffsystem f\u00fcr Profi-Grower<\/h2>\t\t\t\t<\/div>\n\t\t\t\t<div class=\"elementor-element elementor-element-6d08a6a0 color-scheme-inherit text-left elementor-widget elementor-widget-text-editor\" data-id=\"6d08a6a0\" data-element_type=\"widget\" data-e-type=\"widget\" data-widget_type=\"text-editor.default\">\n\t\t\t\t\t\t\t\t\t<p data-start=\"1149\" data-end=\"1549\">Das <strong data-start=\"1153\" data-end=\"1187\">Emerald Harvest Tripart System<\/strong> ist das ultimative Set f\u00fcr anspruchsvolle Grower, die den pH-Wert stabilisieren und gleichzeitig eine perfekte N\u00e4hrstoffaufnahme gew\u00e4hrleisten m\u00f6chten. Es bietet eine pr\u00e4zise N\u00e4hrstoffformulierung, die speziell entwickelt wurde, um <strong data-start=\"1420\" data-end=\"1450\">Wachstums- und Bl\u00fctephasen<\/strong> optimal zu unterst\u00fctzen und gleichzeitig die Pflanzen in allen Phasen ihres Lebens zu versorgen.<\/p><ul data-start=\"1551\" data-end=\"1875\"><li data-start=\"1551\" data-end=\"1658\"><strong data-start=\"1553\" data-end=\"1561\">Grow<\/strong> \u2013 F\u00f6rdert das kr\u00e4ftige Blatt- und Wurzelwachstum, damit deine Pflanzen optimal wachsen k\u00f6nnen.<\/li><li data-start=\"1659\" data-end=\"1756\"><strong data-start=\"1661\" data-end=\"1670\">Bloom<\/strong> \u2013 Optimiert die Bl\u00fcte- und Fruchtbildung f\u00fcr reichlich Ertrag und gesunde Pflanzen.<\/li><li data-start=\"1757\" data-end=\"1875\"><strong data-start=\"1759\" data-end=\"1768\">Micro<\/strong> \u2013 Liefert die essenziellen Mikron\u00e4hrstoffe, die f\u00fcr die vollst\u00e4ndige Pflanzenentwicklung notwendig sind.<\/li><\/ul><p data-start=\"1877\" data-end=\"2242\">Dieses System ist in <strong data-start=\"1898\" data-end=\"1912\">Hydroponik<\/strong>, <strong data-start=\"1914\" data-end=\"1927\">Aquaponik<\/strong> und <strong data-start=\"1932\" data-end=\"1940\">Erde<\/strong> zu Hause und garantiert eine <strong data-start=\"1970\" data-end=\"1992\">stabile pH-Balance<\/strong> durch <strong data-start=\"1999\" data-end=\"2015\">Chelatierung<\/strong>, \u00e4hnlich der <strong data-start=\"2029\" data-end=\"2055\">pH Perfect Technologie<\/strong> von <strong data-start=\"2060\" data-end=\"2082\">Advanced Nutrients<\/strong>. Deine Pflanzen k\u00f6nnen die N\u00e4hrstoffe immer optimal aufnehmen, unabh\u00e4ngig vom pH-Wert, was zu <strong data-start=\"2177\" data-end=\"2201\">schnellerem Wachstum<\/strong> und <strong data-start=\"2206\" data-end=\"2235\">gesundem Pflanzenwachstum<\/strong> f\u00fchrt.<\/p>\t\t\t\t\t\t\t\t<\/div>\n\t\t\t\t<div class=\"elementor-element elementor-element-6f0ff604 elementor-widget elementor-widget-spacer\" data-id=\"6f0ff604\" data-element_type=\"widget\" data-e-type=\"widget\" data-widget_type=\"spacer.default\">\n\t\t\t\t\t\t\t<div class=\"elementor-spacer\">\n\t\t\t<div class=\"elementor-spacer-inner\"><\/div>\n\t\t<\/div>\n\t\t\t\t\t\t<\/div>\n\t\t\t\t<div class=\"elementor-element elementor-element-1205c28c elementor-widget elementor-widget-heading\" data-id=\"1205c28c\" data-element_type=\"widget\" data-e-type=\"widget\" data-widget_type=\"heading.default\">\n\t\t\t\t\t<h2 class=\"elementor-heading-title elementor-size-default\">Anwendungen<\/h2>\t\t\t\t<\/div>\n\t\t\t\t<div class=\"elementor-element elementor-element-330301db color-scheme-inherit text-left elementor-widget elementor-widget-text-editor\" data-id=\"330301db\" data-element_type=\"widget\" data-e-type=\"widget\" data-widget_type=\"text-editor.default\">\n\t\t\t\t\t\t\t\t\t<ul><li data-start=\"2265\" data-end=\"2340\"><strong data-start=\"2267\" data-end=\"2286\">Wachstumsphase:<\/strong> Nutze <strong data-start=\"2293\" data-end=\"2301\">Grow<\/strong> und <strong data-start=\"2306\" data-end=\"2315\">Micro<\/strong> als Hauptbestandteile.<\/li><li data-start=\"2341\" data-end=\"2404\"><strong data-start=\"2343\" data-end=\"2358\">Bl\u00fctephase:<\/strong> H\u00f6herer Anteil von <strong data-start=\"2378\" data-end=\"2387\">Bloom<\/strong> und <strong data-start=\"2392\" data-end=\"2401\">Micro<\/strong>.<\/li><li data-start=\"2405\" data-end=\"2463\">Dosierung je nach Pflanzenart und N\u00e4hrl\u00f6sung anpassen.<\/li><li data-start=\"2464\" data-end=\"2549\">Vor Gebrauch gut sch\u00fctteln und mit pH-Messger\u00e4t nach der Anwendung kontrollieren.<\/li><\/ul>\t\t\t\t\t\t\t\t<\/div>\n\t\t\t\t<div class=\"elementor-element elementor-element-2b528055 elementor-widget elementor-widget-spacer\" data-id=\"2b528055\" data-element_type=\"widget\" data-e-type=\"widget\" data-widget_type=\"spacer.default\">\n\t\t\t\t\t\t\t<div class=\"elementor-spacer\">\n\t\t\t<div class=\"elementor-spacer-inner\"><\/div>\n\t\t<\/div>\n\t\t\t\t\t\t<\/div>\n\t\t\t\t<div class=\"elementor-element elementor-element-7a7eeeed elementor-widget elementor-widget-heading\" data-id=\"7a7eeeed\" data-element_type=\"widget\" data-e-type=\"widget\" data-widget_type=\"heading.default\">\n\t\t\t\t\t<h2 class=\"elementor-heading-title elementor-size-default\">Vorteile<\/h2>\t\t\t\t<\/div>\n\t\t\t\t<div class=\"elementor-element elementor-element-7f104e37 color-scheme-inherit text-left elementor-widget elementor-widget-text-editor\" data-id=\"7f104e37\" data-element_type=\"widget\" data-e-type=\"widget\" data-widget_type=\"text-editor.default\">\n\t\t\t\t\t\t\t\t\t<p>\u2705 <strong data-start=\"2573\" data-end=\"2589\">pH-Pufferung<\/strong> f\u00fcr stabile N\u00e4hrstoffaufnahme \u2013 kein st\u00e4ndiges pH-Justieren notwendig<br data-start=\"2659\" data-end=\"2662\" \/>\u2705 <strong data-start=\"2664\" data-end=\"2690\">Chelatierte N\u00e4hrstoffe<\/strong> f\u00fcr beste Bioverf\u00fcgbarkeit \u2013 auch bei schwankendem pH-Wert<br data-start=\"2749\" data-end=\"2752\" \/>\u2705 Perfekte Unterst\u00fctzung von <strong data-start=\"2781\" data-end=\"2811\">Wachstums- und Bl\u00fctephasen<\/strong><br data-start=\"2811\" data-end=\"2814\" \/>\u2705 Ideal f\u00fcr Hydroponik, Aquaponik und Erde<br data-start=\"2856\" data-end=\"2859\" \/>\u2705 Professionelles D\u00fcngesystem f\u00fcr maximales Pflanzenpotenzial<br data-start=\"2920\" data-end=\"2923\" \/>\u2705 Viele N\u00e4hrstoffe f\u00fcr wenig Geld: 3x 0,95L \u2013 ideal f\u00fcr mehrere Anbauzyklen und maximalen Ertrag.<\/p>\t\t\t\t\t\t\t\t<\/div>\n\t\t\t\t<div class=\"elementor-element elementor-element-556ebc5a elementor-widget elementor-widget-spacer\" data-id=\"556ebc5a\" data-element_type=\"widget\" data-e-type=\"widget\" data-widget_type=\"spacer.default\">\n\t\t\t\t\t\t\t<div class=\"elementor-spacer\">\n\t\t\t<div class=\"elementor-spacer-inner\"><\/div>\n\t\t<\/div>\n\t\t\t\t\t\t<\/div>\n\t\t\t\t<div class=\"elementor-element elementor-element-566927af elementor-widget elementor-widget-heading\" data-id=\"566927af\" data-element_type=\"widget\" data-e-type=\"widget\" data-widget_type=\"heading.default\">\n\t\t\t\t\t<h2 class=\"elementor-heading-title elementor-size-default\">Zusammenfassung<\/h2>\t\t\t\t<\/div>\n\t\t\t\t<div class=\"elementor-element elementor-element-dca90e8 color-scheme-inherit text-left elementor-widget elementor-widget-text-editor\" data-id=\"dca90e8\" data-element_type=\"widget\" data-e-type=\"widget\" data-widget_type=\"text-editor.default\">\n\t\t\t\t\t\t\t\t\t<p><strong data-start=\"3013\" data-end=\"3046\">Emerald Harvest Tripart <\/strong>\u00a0ist das perfekte System f\u00fcr Profi-Grower, die ihre Pflanzen mit einem hochentwickelten N\u00e4hrstoffmix versorgen wollen. Mit der <strong data-start=\"3173\" data-end=\"3194\">pH-Stabilisierung<\/strong> und der <strong data-start=\"3203\" data-end=\"3219\">Chelatierung<\/strong> bietet dieses 3-teilige Set alles, was du f\u00fcr gesundes Wachstum, starke Bl\u00fcte und eine reiche Ernte brauchst \u2013 ob in <strong data-start=\"3337\" data-end=\"3351\">Hydroponik<\/strong>, <strong data-start=\"3353\" data-end=\"3366\">Aquaponik<\/strong> oder <strong data-start=\"3372\" data-end=\"3380\">Erde<\/strong>. Ein Premium-Produkt f\u00fcr Grower, die keine Kompromisse eingehen!<\/p>\t\t\t\t\t\t\t\t<\/div>\n\t\t\t\t\t<\/div>\n\t\t\t\t<\/div>\n\t\t\t\t<\/div>\n\t\t","protected":false},"excerpt":{"rendered":"<p>Das <strong data-start=\"830\" data-end=\"867\">Emerald Harvest Tripart Set<\/strong> ist ein <strong data-start=\"876\" data-end=\"919\">hochwertiges 3-teiliges N\u00e4hrstoffsystem<\/strong>, das speziell f\u00fcr Hydroponik, Aquaponik und Erde entwickelt wurde. Mit optimierter <strong data-start=\"1003\" data-end=\"1019\">pH-Pufferung<\/strong> und <strong data-start=\"1024\" data-end=\"1052\">chelatierten N\u00e4hrstoffen<\/strong> bietet es alles, was du f\u00fcr das perfekte Pflanzenwachstum ben\u00f6tigst.<\/p>\n","protected":false},"featured_media":19448,"comment_status":"open","ping_status":"closed","template":"","meta":{"_monsterinsights_skip_tracking":false,"_monsterinsights_sitenote_active":false,"_monsterinsights_sitenote_note":"","_monsterinsights_sitenote_category":0},"product_brand":[],"product_cat":[589],"product_tag":[1663,1664,1665,569,1666,1667,1668,952,956,1705,1194,1865,1866,1662,1867],"class_list":{"0":"post-19486","1":"product","2":"type-product","3":"status-publish","4":"has-post-thumbnail","6":"product_cat-duenger-naehrstoffe","7":"product_tag-ph-perfekt","8":"product_tag-aquaponik-duenger","9":"product_tag-3-teiliges-duengesystem","10":"product_tag-duenger","11":"product_tag-grow-bloom-micro","12":"product_tag-mikronaehrstoffe","13":"product_tag-premium-duenger","14":"product_tag-hydroponik-duenger","15":"product_tag-pflanzenwachstum","16":"product_tag-emerald-harvest-tripart","17":"product_tag-naehrstoffaufnahme","18":"product_tag-duengesets","19":"product_tag-set","20":"product_tag-advanced-nutrients","21":"product_tag-duengepaket","22":"pa_hersteller-emerald-harvest","24":"first","25":"outofstock","26":"taxable","27":"shipping-taxable","28":"purchasable","29":"product-type-bundle"},"bundled_by":[],"bundle_stock_status":"outofstock","bundle_stock_quantity":0,"bundle_virtual":false,"bundle_layout":"default","bundle_add_to_cart_form_location":"default","bundle_editable_in_cart":false,"bundle_sold_individually_context":"product","bundle_item_grouping":"parent","bundle_min_size":"","bundle_max_size":"","bundle_price":{"price":{"min":{"incl_tax":"29.99","excl_tax":"25.201681"},"max":{"incl_tax":"29.99","excl_tax":"25.201681"}},"regular_price":{"min":{"incl_tax":"29.99","excl_tax":"25.201681"},"max":{"incl_tax":"29.99","excl_tax":"25.201681"}}},"bundled_items":[{"bundled_item_id":86,"product_id":19447,"menu_order":0,"quantity_min":1,"quantity_max":1,"quantity_default":1,"priced_individually":false,"shipped_individually":false,"override_title":false,"title":"Emerald Harvest Tripart Einzelkomponenten 0,95L","override_description":false,"description":"","optional":false,"hide_thumbnail":false,"discount":"","override_variations":true,"allowed_variations":[19455],"override_default_variation_attributes":true,"default_variation_attributes":[{"id":14,"name":"Variante","option":"grow"}],"single_product_visibility":"visible","cart_visibility":"visible","order_visibility":"visible","single_product_price_visibility":"visible","cart_price_visibility":"visible","order_price_visibility":"visible","stock_status":"out_of_stock"},{"bundled_item_id":87,"product_id":19447,"menu_order":1,"quantity_min":1,"quantity_max":1,"quantity_default":1,"priced_individually":false,"shipped_individually":false,"override_title":false,"title":"Emerald Harvest Tripart Einzelkomponenten 0,95L","override_description":false,"description":"","optional":false,"hide_thumbnail":false,"discount":"","override_variations":true,"allowed_variations":[19456],"override_default_variation_attributes":true,"default_variation_attributes":[{"id":14,"name":"Variante","option":"micro"}],"single_product_visibility":"visible","cart_visibility":"visible","order_visibility":"visible","single_product_price_visibility":"visible","cart_price_visibility":"visible","order_price_visibility":"visible","stock_status":"in_stock"},{"bundled_item_id":88,"product_id":19447,"menu_order":2,"quantity_min":1,"quantity_max":1,"quantity_default":1,"priced_individually":false,"shipped_individually":false,"override_title":false,"title":"Emerald Harvest Tripart Einzelkomponenten 0,95L","override_description":false,"description":"","optional":false,"hide_thumbnail":false,"discount":"","override_variations":true,"allowed_variations":[19454],"override_default_variation_attributes":true,"default_variation_attributes":[{"id":14,"name":"Variante","option":"bloom"}],"single_product_visibility":"visible","cart_visibility":"visible","order_visibility":"visible","single_product_price_visibility":"visible","cart_price_visibility":"visible","order_price_visibility":"visible","stock_status":"out_of_stock"}],"bundle_sell_ids":[],"supplier_id":null,"supplier_sku":"","barcode":null,"atum_controlled":true,"out_stock_date":"2026-04-10 14:32:51","out_stock_threshold":null,"inheritable":true,"inbound_stock":0,"stock_on_hold":0,"sold_today":0,"sales_last_days":0,"reserved_stock":0,"customer_returns":0,"warehouse_damage":0,"lost_in_post":0,"other_logs":0,"out_stock_days":6,"lost_sales":0,"has_location":false,"update_date":"2026-04-17T00:06:07","atum_locations":[],"atum_stock_status":"outofstock","restock_status":false,"low_stock_amount":"","sales_update_date":"2026-04-17T00:06:07","calc_backorders":null,"tiered_pricing_type":"fixed","tiered_pricing_fixed_rules":[],"tiered_pricing_product_settings":{"layout":"default","base_unit_name":{"singular":null,"plural":null},"default_variation":null},"tiered_pricing_minimum_quantity":null,"tiered_pricing_roles_data":[],"tiered_pricing_percentage_rules":[],"_links":{"self":[{"href":"https:\/\/www.lets-grow.de\/blog\/wp-json\/wp\/v2\/product\/19486","targetHints":{"allow":["GET"]}}],"collection":[{"href":"https:\/\/www.lets-grow.de\/blog\/wp-json\/wp\/v2\/product"}],"about":[{"href":"https:\/\/www.lets-grow.de\/blog\/wp-json\/wp\/v2\/types\/product"}],"replies":[{"embeddable":true,"href":"https:\/\/www.lets-grow.de\/blog\/wp-json\/wp\/v2\/comments?post=19486"}],"version-history":[{"count":1,"href":"https:\/\/www.lets-grow.de\/blog\/wp-json\/wp\/v2\/product\/19486\/revisions"}],"predecessor-version":[{"id":20824,"href":"https:\/\/www.lets-grow.de\/blog\/wp-json\/wp\/v2\/product\/19486\/revisions\/20824"}],"wp:featuredmedia":[{"embeddable":true,"href":"https:\/\/www.lets-grow.de\/blog\/wp-json\/wp\/v2\/media\/19448"}],"wp:attachment":[{"href":"https:\/\/www.lets-grow.de\/blog\/wp-json\/wp\/v2\/media?parent=19486"}],"wp:term":[{"taxonomy":"product_brand","embeddable":true,"href":"https:\/\/www.lets-grow.de\/blog\/wp-json\/wp\/v2\/product_brand?post=19486"},{"taxonomy":"product_cat","embeddable":true,"href":"https:\/\/www.lets-grow.de\/blog\/wp-json\/wp\/v2\/product_cat?post=19486"},{"taxonomy":"product_tag","embeddable":true,"href":"https:\/\/www.lets-grow.de\/blog\/wp-json\/wp\/v2\/product_tag?post=19486"}],"curies":[{"name":"wp","href":"https:\/\/api.w.org\/{rel}","templated":true}]}}