{"id":19478,"date":"2025-03-12T20:01:36","date_gmt":"2025-03-12T19:01:36","guid":{"rendered":"https:\/\/www.lets-grow.de\/blog\/?post_type=product&#038;p=19478"},"modified":"2026-01-27T15:36:33","modified_gmt":"2026-01-27T14:36:33","slug":"aquaforte-dm-3500-lv-12v","status":"publish","type":"product","link":"https:\/\/www.lets-grow.de\/blog\/shop\/aquaforte-dm-3500-lv-12v\/","title":{"rendered":"AquaForte DM-3500 LV (12V)"},"content":{"rendered":"\t\t<div data-elementor-type=\"product-post\" data-elementor-id=\"19478\" class=\"elementor elementor-19478\" data-elementor-post-type=\"product\">\n\t\t\t\t<div class=\"wd-negative-gap elementor-element elementor-element-678038c6 e-flex e-con-boxed e-con e-parent\" data-id=\"678038c6\" data-element_type=\"container\" data-e-type=\"container\">\n\t\t\t\t\t<div class=\"e-con-inner\">\n\t\t\t\t<div class=\"elementor-element elementor-element-50998bdf elementor-widget elementor-widget-heading\" data-id=\"50998bdf\" data-element_type=\"widget\" data-e-type=\"widget\" data-widget_type=\"heading.default\">\n\t\t\t\t\t<h2 class=\"elementor-heading-title elementor-size-default\">AquaForte DM-3500 LV (12V) \u2013 Energiesparende 12V Teichpumpe f\u00fcr PV- und Batteriebetrieb<\/h2>\t\t\t\t<\/div>\n\t\t\t\t<div class=\"elementor-element elementor-element-180b3630 color-scheme-inherit text-left elementor-widget elementor-widget-text-editor\" data-id=\"180b3630\" data-element_type=\"widget\" data-e-type=\"widget\" data-widget_type=\"text-editor.default\">\n\t\t\t\t\t\t\t\t\t<p data-start=\"1186\" data-end=\"1485\">Die <strong data-start=\"1190\" data-end=\"1220\">AquaForte DM-3500 LV (12V)<\/strong> ist eine innovative <strong data-start=\"1241\" data-end=\"1266\">Niedervolt-Teichpumpe<\/strong>, die speziell f\u00fcr autarke Systeme entwickelt wurde. Besonders <strong data-start=\"1329\" data-end=\"1365\">Teichwirte &amp; Aquaponik-Betreiber<\/strong> suchten nach einer L\u00f6sung, ihre Systeme unabh\u00e4ngig vom Stromnetz zu betreiben \u2013 mit dieser 12V-Pumpe ist das m\u00f6glich!<\/p><p data-start=\"1487\" data-end=\"1732\">Dank ihrer <strong data-start=\"1498\" data-end=\"1529\">energieeffizienten Bauweise<\/strong> kann sie ideal mit einer <strong data-start=\"1555\" data-end=\"1581\">PV-Anlage und Batterie<\/strong> betrieben werden. Das macht sie zur perfekten L\u00f6sung f\u00fcr abgelegene Gew\u00e4sser, Teiche, Aquaponik- oder Fischzuchtanlagen ohne direkten Netzanschluss.<\/p><p data-start=\"1734\" data-end=\"1959\">Die Pumpe bietet eine F\u00f6rderleistung von <strong data-start=\"1775\" data-end=\"1800\">3.500 l\/h bei nur 12V<\/strong> und kann somit eine <strong data-start=\"1821\" data-end=\"1853\">effiziente Wasserzirkulation<\/strong> in autarken Systemen gew\u00e4hrleisten. Sie ist zudem <strong data-start=\"1904\" data-end=\"1927\">trocken aufstellbar<\/strong>, was die Wartung erleichtert.<\/p>\t\t\t\t\t\t\t\t<\/div>\n\t\t\t\t<div class=\"elementor-element elementor-element-74135a05 elementor-widget elementor-widget-spacer\" data-id=\"74135a05\" data-element_type=\"widget\" data-e-type=\"widget\" data-widget_type=\"spacer.default\">\n\t\t\t\t\t\t\t<div class=\"elementor-spacer\">\n\t\t\t<div class=\"elementor-spacer-inner\"><\/div>\n\t\t<\/div>\n\t\t\t\t\t\t<\/div>\n\t\t\t\t<div class=\"elementor-element elementor-element-72cbc79a elementor-widget elementor-widget-heading\" data-id=\"72cbc79a\" data-element_type=\"widget\" data-e-type=\"widget\" data-widget_type=\"heading.default\">\n\t\t\t\t\t<h2 class=\"elementor-heading-title elementor-size-default\">Anwendungen<\/h2>\t\t\t\t<\/div>\n\t\t\t\t<div class=\"elementor-element elementor-element-8f9e99a color-scheme-inherit text-left elementor-widget elementor-widget-text-editor\" data-id=\"8f9e99a\" data-element_type=\"widget\" data-e-type=\"widget\" data-widget_type=\"text-editor.default\">\n\t\t\t\t\t\t\t\t\t<ul><li data-start=\"1989\" data-end=\"2064\">Ideal f\u00fcr <strong data-start=\"2001\" data-end=\"2042\">Teiche, Aquaponik &amp; Fischzuchtanlagen<\/strong> ohne Stromanschluss<\/li><li data-start=\"2065\" data-end=\"2120\">Betrieb mit <strong data-start=\"2079\" data-end=\"2110\">Solarpanels &amp; 12V-Batterien<\/strong> m\u00f6glich<\/li><li data-start=\"2121\" data-end=\"2183\">Einsetzbar f\u00fcr <strong data-start=\"2138\" data-end=\"2181\">Teichfilter, Wasserf\u00e4lle oder Bachl\u00e4ufe<\/strong><\/li><li data-start=\"2184\" data-end=\"2232\"><strong data-start=\"2186\" data-end=\"2209\">Trocken aufstellbar<\/strong> f\u00fcr einfache Wartung<\/li><\/ul>\t\t\t\t\t\t\t\t<\/div>\n\t\t\t\t<div class=\"elementor-element elementor-element-4ba0c6bc elementor-widget elementor-widget-spacer\" data-id=\"4ba0c6bc\" data-element_type=\"widget\" data-e-type=\"widget\" data-widget_type=\"spacer.default\">\n\t\t\t\t\t\t\t<div class=\"elementor-spacer\">\n\t\t\t<div class=\"elementor-spacer-inner\"><\/div>\n\t\t<\/div>\n\t\t\t\t\t\t<\/div>\n\t\t\t\t<div class=\"elementor-element elementor-element-6c42d27d elementor-widget elementor-widget-heading\" data-id=\"6c42d27d\" data-element_type=\"widget\" data-e-type=\"widget\" data-widget_type=\"heading.default\">\n\t\t\t\t\t<h2 class=\"elementor-heading-title elementor-size-default\">Vorteile<\/h2>\t\t\t\t<\/div>\n\t\t\t\t<div class=\"elementor-element elementor-element-2c560442 color-scheme-inherit text-left elementor-widget elementor-widget-text-editor\" data-id=\"2c560442\" data-element_type=\"widget\" data-e-type=\"widget\" data-widget_type=\"text-editor.default\">\n\t\t\t\t\t\t\t\t\t<p>\u2714 <strong data-start=\"2262\" data-end=\"2297\">Energiesparende 12V-Technologie<\/strong> \u2013 perfekt f\u00fcr autarke Systeme<br data-start=\"2327\" data-end=\"2330\" \/>\u2714 <strong data-start=\"2332\" data-end=\"2362\">Sichere Niedervoltspannung<\/strong> \u2013 kein Risiko bei Feuchtigkeit<br data-start=\"2393\" data-end=\"2396\" \/>\u2714 <strong data-start=\"2398\" data-end=\"2434\">Solar- &amp; Batteriebetrieb m\u00f6glich<\/strong> \u2013 ideal f\u00fcr abgelegene Teichanlagen<br data-start=\"2470\" data-end=\"2473\" \/>\u2714 <strong data-start=\"2475\" data-end=\"2506\">Kompakte &amp; robuste Bauweise<\/strong> \u2013 langlebig &amp; wartungsfreundlich<br data-start=\"2539\" data-end=\"2542\" \/>\u2714 <strong data-start=\"2544\" data-end=\"2571\">Geringer Stromverbrauch<\/strong> \u2013 l\u00e4uft effizient mit wenig Energie<\/p>\t\t\t\t\t\t\t\t<\/div>\n\t\t\t\t<div class=\"elementor-element elementor-element-4af55eeb elementor-widget elementor-widget-spacer\" data-id=\"4af55eeb\" data-element_type=\"widget\" data-e-type=\"widget\" data-widget_type=\"spacer.default\">\n\t\t\t\t\t\t\t<div class=\"elementor-spacer\">\n\t\t\t<div class=\"elementor-spacer-inner\"><\/div>\n\t\t<\/div>\n\t\t\t\t\t\t<\/div>\n\t\t\t\t<div class=\"elementor-element elementor-element-16d27d11 elementor-widget elementor-widget-heading\" data-id=\"16d27d11\" data-element_type=\"widget\" data-e-type=\"widget\" data-widget_type=\"heading.default\">\n\t\t\t\t\t<h2 class=\"elementor-heading-title elementor-size-default\">Zusammenfassung<\/h2>\t\t\t\t<\/div>\n\t\t\t\t<div class=\"elementor-element elementor-element-622b0811 color-scheme-inherit text-left elementor-widget elementor-widget-text-editor\" data-id=\"622b0811\" data-element_type=\"widget\" data-e-type=\"widget\" data-widget_type=\"text-editor.default\">\n\t\t\t\t\t\t\t\t\t<p>Die <strong data-start=\"2639\" data-end=\"2669\">AquaForte DM-3500 LV (12V)<\/strong> ist die perfekte Wahl f\u00fcr alle, die ihre <strong data-start=\"2711\" data-end=\"2771\">Teich- oder Aquaponikanlage ohne Netzanschluss betreiben<\/strong> wollen. Dank der <strong data-start=\"2789\" data-end=\"2899\">12V-Technologie, niedrigen Leistungsaufnahme und der M\u00f6glichkeit, mit PV-Modulen und Batterien zu arbeiten<\/strong>, ist sie die ideale L\u00f6sung f\u00fcr <strong data-start=\"2931\" data-end=\"2970\">nachhaltige &amp; autarke Wasseranlagen<\/strong>!<\/p>\t\t\t\t\t\t\t\t<\/div>\n\t\t\t\t\t<\/div>\n\t\t\t\t<\/div>\n\t\t\t\t<\/div>\n\t\t","protected":false},"excerpt":{"rendered":"<p data-start=\"749\" data-end=\"1146\">Die AquaForte DM-3500 LV (12V) ist eine <strong data-start=\"789\" data-end=\"818\">hocheffiziente Teichpumpe<\/strong>, die speziell f\u00fcr den <strong data-start=\"841\" data-end=\"881\">Betrieb mit Solar-Panels &amp; Batterien<\/strong> entwickelt wurde. Aufgrund <strong data-start=\"909\" data-end=\"959\">hoher Nachfrage von Teichwirten &amp; Aquaponikern<\/strong> wurde diese Pumpe f\u00fcr <strong data-start=\"982\" data-end=\"1020\">autarke Systeme ohne Netzanschluss<\/strong> optimiert. Dank <strong data-start=\"1037\" data-end=\"1110\">niedriger Spannung (12V), geringem Stromverbrauch &amp; robuster Bauweise<\/strong> perfekt f\u00fcr abgelegene Standorte!<\/p>\n","protected":false},"featured_media":19480,"comment_status":"open","ping_status":"closed","template":"","meta":{"_monsterinsights_skip_tracking":false,"_monsterinsights_sitenote_active":false,"_monsterinsights_sitenote_note":"","_monsterinsights_sitenote_category":0},"product_brand":[],"product_cat":[432,570],"product_tag":[1505,1674,1675,1676,1677,1678,1679,1680],"class_list":{"0":"post-19478","1":"product","2":"type-product","3":"status-publish","4":"has-post-thumbnail","6":"product_cat-filterpumpe","7":"product_cat-new-articles","8":"product_tag-aquaponik-pumpe","9":"product_tag-aquaforte-dm-3500-lv","10":"product_tag-12v-teichpumpe","11":"product_tag-autarke-teichanlage","12":"product_tag-pv-pumpe","13":"product_tag-solar-teichpumpe","14":"product_tag-niedervolt-pumpe","15":"product_tag-teichfilter-pumpe","16":"pa_hersteller-aquaforte","18":"first","19":"instock","20":"taxable","21":"shipping-taxable","22":"purchasable","23":"product-type-simple"},"bundled_by":[],"bundle_stock_status":"instock","bundle_stock_quantity":2,"bundle_virtual":false,"bundle_layout":"","bundle_add_to_cart_form_location":"","bundle_editable_in_cart":false,"bundle_sold_individually_context":"","bundle_item_grouping":"","bundle_min_size":"","bundle_max_size":"","bundle_price":[],"bundled_items":[],"bundle_sell_ids":[],"supplier_id":null,"supplier_sku":"","barcode":null,"atum_controlled":true,"out_stock_date":null,"out_stock_threshold":null,"inheritable":false,"inbound_stock":0,"stock_on_hold":0,"sold_today":0,"sales_last_days":0,"reserved_stock":0,"customer_returns":0,"warehouse_damage":0,"lost_in_post":0,"other_logs":0,"out_stock_days":0,"lost_sales":0,"has_location":false,"update_date":"2026-04-15T00:05:21","atum_locations":[],"atum_stock_status":"instock","restock_status":false,"low_stock_amount":"","sales_update_date":"2026-04-15T00:05:21","calc_backorders":null,"tiered_pricing_type":"fixed","tiered_pricing_fixed_rules":[],"tiered_pricing_product_settings":{"layout":"default","base_unit_name":{"singular":null,"plural":null},"default_variation":null},"tiered_pricing_minimum_quantity":null,"tiered_pricing_roles_data":[],"tiered_pricing_percentage_rules":[],"_links":{"self":[{"href":"https:\/\/www.lets-grow.de\/blog\/wp-json\/wp\/v2\/product\/19478","targetHints":{"allow":["GET"]}}],"collection":[{"href":"https:\/\/www.lets-grow.de\/blog\/wp-json\/wp\/v2\/product"}],"about":[{"href":"https:\/\/www.lets-grow.de\/blog\/wp-json\/wp\/v2\/types\/product"}],"replies":[{"embeddable":true,"href":"https:\/\/www.lets-grow.de\/blog\/wp-json\/wp\/v2\/comments?post=19478"}],"version-history":[{"count":1,"href":"https:\/\/www.lets-grow.de\/blog\/wp-json\/wp\/v2\/product\/19478\/revisions"}],"predecessor-version":[{"id":21257,"href":"https:\/\/www.lets-grow.de\/blog\/wp-json\/wp\/v2\/product\/19478\/revisions\/21257"}],"wp:featuredmedia":[{"embeddable":true,"href":"https:\/\/www.lets-grow.de\/blog\/wp-json\/wp\/v2\/media\/19480"}],"wp:attachment":[{"href":"https:\/\/www.lets-grow.de\/blog\/wp-json\/wp\/v2\/media?parent=19478"}],"wp:term":[{"taxonomy":"product_brand","embeddable":true,"href":"https:\/\/www.lets-grow.de\/blog\/wp-json\/wp\/v2\/product_brand?post=19478"},{"taxonomy":"product_cat","embeddable":true,"href":"https:\/\/www.lets-grow.de\/blog\/wp-json\/wp\/v2\/product_cat?post=19478"},{"taxonomy":"product_tag","embeddable":true,"href":"https:\/\/www.lets-grow.de\/blog\/wp-json\/wp\/v2\/product_tag?post=19478"}],"curies":[{"name":"wp","href":"https:\/\/api.w.org\/{rel}","templated":true}]}}