{"id":19447,"date":"2025-03-11T20:42:51","date_gmt":"2025-03-11T19:42:51","guid":{"rendered":"https:\/\/www.lets-grow.de\/blog\/?post_type=product&#038;p=19447"},"modified":"2026-04-10T14:33:00","modified_gmt":"2026-04-10T12:33:00","slug":"emerald-harvest-tripart-grow-bloom-micro","status":"publish","type":"product","link":"https:\/\/www.lets-grow.de\/blog\/shop\/emerald-harvest-tripart-grow-bloom-micro\/","title":{"rendered":"Emerald Harvest Tripart Einzelkomponenten 0,95L"},"content":{"rendered":"\t\t<div data-elementor-type=\"product-post\" data-elementor-id=\"19447\" class=\"elementor elementor-19447\" data-elementor-post-type=\"product\">\n\t\t\t\t<div class=\"wd-negative-gap elementor-element elementor-element-55f2b009 e-flex e-con-boxed e-con e-parent\" data-id=\"55f2b009\" data-element_type=\"container\" data-e-type=\"container\">\n\t\t\t\t\t<div class=\"e-con-inner\">\n\t\t\t\t<div class=\"elementor-element elementor-element-50cb8897 elementor-widget elementor-widget-heading\" data-id=\"50cb8897\" data-element_type=\"widget\" data-e-type=\"widget\" data-widget_type=\"heading.default\">\n\t\t\t\t\t<h2 class=\"elementor-heading-title elementor-size-default\">Emerald Harvest Tripart \u2013 High-End 3er-N\u00e4hrstoffsystem f\u00fcr Profi-Grower<\/h2>\t\t\t\t<\/div>\n\t\t\t\t<div class=\"elementor-element elementor-element-6d08a6a0 color-scheme-inherit text-left elementor-widget elementor-widget-text-editor\" data-id=\"6d08a6a0\" data-element_type=\"widget\" data-e-type=\"widget\" data-widget_type=\"text-editor.default\">\n\t\t\t\t\t\t\t\t\t<p data-start=\"1149\" data-end=\"1549\">Das <strong data-start=\"1153\" data-end=\"1187\">Emerald Harvest Tripart System<\/strong> ist das ultimative Set f\u00fcr anspruchsvolle Grower, die den pH-Wert stabilisieren und gleichzeitig eine perfekte N\u00e4hrstoffaufnahme gew\u00e4hrleisten m\u00f6chten. Es bietet eine pr\u00e4zise N\u00e4hrstoffformulierung, die speziell entwickelt wurde, um <strong data-start=\"1420\" data-end=\"1450\">Wachstums- und Bl\u00fctephasen<\/strong> optimal zu unterst\u00fctzen und gleichzeitig die Pflanzen in allen Phasen ihres Lebens zu versorgen.<\/p><ul data-start=\"1551\" data-end=\"1875\"><li data-start=\"1551\" data-end=\"1658\"><strong data-start=\"1553\" data-end=\"1561\">Grow<\/strong> \u2013 F\u00f6rdert das kr\u00e4ftige Blatt- und Wurzelwachstum, damit deine Pflanzen optimal wachsen k\u00f6nnen.<\/li><li data-start=\"1659\" data-end=\"1756\"><strong data-start=\"1661\" data-end=\"1670\">Bloom<\/strong> \u2013 Optimiert die Bl\u00fcte- und Fruchtbildung f\u00fcr reichlich Ertrag und gesunde Pflanzen.<\/li><li data-start=\"1757\" data-end=\"1875\"><strong data-start=\"1759\" data-end=\"1768\">Micro<\/strong> \u2013 Liefert die essenziellen Mikron\u00e4hrstoffe, die f\u00fcr die vollst\u00e4ndige Pflanzenentwicklung notwendig sind.<\/li><\/ul><p data-start=\"1877\" data-end=\"2242\">Dieses System ist in <strong data-start=\"1898\" data-end=\"1912\">Hydroponik<\/strong>, <strong data-start=\"1914\" data-end=\"1927\">Aquaponik<\/strong> und <strong data-start=\"1932\" data-end=\"1940\">Erde<\/strong> zu Hause und garantiert eine <strong data-start=\"1970\" data-end=\"1992\">stabile pH-Balance<\/strong> durch <strong data-start=\"1999\" data-end=\"2015\">Chelatierung<\/strong>, \u00e4hnlich der <strong data-start=\"2029\" data-end=\"2055\">pH Perfect Technologie<\/strong> von <strong data-start=\"2060\" data-end=\"2082\">Advanced Nutrients<\/strong>. Deine Pflanzen k\u00f6nnen die N\u00e4hrstoffe immer optimal aufnehmen, unabh\u00e4ngig vom pH-Wert, was zu <strong data-start=\"2177\" data-end=\"2201\">schnellerem Wachstum<\/strong> und <strong data-start=\"2206\" data-end=\"2235\">gesundem Pflanzenwachstum<\/strong> f\u00fchrt.<\/p>\t\t\t\t\t\t\t\t<\/div>\n\t\t\t\t<div class=\"elementor-element elementor-element-6f0ff604 elementor-widget elementor-widget-spacer\" data-id=\"6f0ff604\" data-element_type=\"widget\" data-e-type=\"widget\" data-widget_type=\"spacer.default\">\n\t\t\t\t\t\t\t<div class=\"elementor-spacer\">\n\t\t\t<div class=\"elementor-spacer-inner\"><\/div>\n\t\t<\/div>\n\t\t\t\t\t\t<\/div>\n\t\t\t\t<div class=\"elementor-element elementor-element-1205c28c elementor-widget elementor-widget-heading\" data-id=\"1205c28c\" data-element_type=\"widget\" data-e-type=\"widget\" data-widget_type=\"heading.default\">\n\t\t\t\t\t<h2 class=\"elementor-heading-title elementor-size-default\">Anwendungen<\/h2>\t\t\t\t<\/div>\n\t\t\t\t<div class=\"elementor-element elementor-element-330301db color-scheme-inherit text-left elementor-widget elementor-widget-text-editor\" data-id=\"330301db\" data-element_type=\"widget\" data-e-type=\"widget\" data-widget_type=\"text-editor.default\">\n\t\t\t\t\t\t\t\t\t<ul><li data-start=\"2265\" data-end=\"2340\"><strong data-start=\"2267\" data-end=\"2286\">Wachstumsphase:<\/strong> Nutze <strong data-start=\"2293\" data-end=\"2301\">Grow<\/strong> und <strong data-start=\"2306\" data-end=\"2315\">Micro<\/strong> als Hauptbestandteile.<\/li><li data-start=\"2341\" data-end=\"2404\"><strong data-start=\"2343\" data-end=\"2358\">Bl\u00fctephase:<\/strong> H\u00f6herer Anteil von <strong data-start=\"2378\" data-end=\"2387\">Bloom<\/strong> und <strong data-start=\"2392\" data-end=\"2401\">Micro<\/strong>.<\/li><li data-start=\"2405\" data-end=\"2463\">Dosierung je nach Pflanzenart und N\u00e4hrl\u00f6sung anpassen.<\/li><li data-start=\"2464\" data-end=\"2549\">Vor Gebrauch gut sch\u00fctteln und mit pH-Messger\u00e4t nach der Anwendung kontrollieren.<\/li><\/ul>\t\t\t\t\t\t\t\t<\/div>\n\t\t\t\t<div class=\"elementor-element elementor-element-2b528055 elementor-widget elementor-widget-spacer\" data-id=\"2b528055\" data-element_type=\"widget\" data-e-type=\"widget\" data-widget_type=\"spacer.default\">\n\t\t\t\t\t\t\t<div class=\"elementor-spacer\">\n\t\t\t<div class=\"elementor-spacer-inner\"><\/div>\n\t\t<\/div>\n\t\t\t\t\t\t<\/div>\n\t\t\t\t<div class=\"elementor-element elementor-element-7a7eeeed elementor-widget elementor-widget-heading\" data-id=\"7a7eeeed\" data-element_type=\"widget\" data-e-type=\"widget\" data-widget_type=\"heading.default\">\n\t\t\t\t\t<h2 class=\"elementor-heading-title elementor-size-default\">Vorteile<\/h2>\t\t\t\t<\/div>\n\t\t\t\t<div class=\"elementor-element elementor-element-7f104e37 color-scheme-inherit text-left elementor-widget elementor-widget-text-editor\" data-id=\"7f104e37\" data-element_type=\"widget\" data-e-type=\"widget\" data-widget_type=\"text-editor.default\">\n\t\t\t\t\t\t\t\t\t<p>\u2705 <strong data-start=\"2573\" data-end=\"2589\">pH-Pufferung<\/strong> f\u00fcr stabile N\u00e4hrstoffaufnahme \u2013 kein st\u00e4ndiges pH-Justieren notwendig<br data-start=\"2659\" data-end=\"2662\" \/>\u2705 <strong data-start=\"2664\" data-end=\"2690\">Chelatierte N\u00e4hrstoffe<\/strong> f\u00fcr beste Bioverf\u00fcgbarkeit \u2013 auch bei schwankendem pH-Wert<br data-start=\"2749\" data-end=\"2752\" \/>\u2705 Perfekte Unterst\u00fctzung von <strong data-start=\"2781\" data-end=\"2811\">Wachstums- und Bl\u00fctephasen<\/strong><br data-start=\"2811\" data-end=\"2814\" \/>\u2705 Ideal f\u00fcr Hydroponik, Aquaponik und Erde<br data-start=\"2856\" data-end=\"2859\" \/>\u2705 Professionelles D\u00fcngesystem f\u00fcr maximales Pflanzenpotenzial<br data-start=\"2920\" data-end=\"2923\" \/>\u2705 Viele N\u00e4hrstoffe f\u00fcr wenig Geld: je 0,95L \u2013 ideal f\u00fcr mehrere Anbauzyklen und maximalen Ertrag.<\/p>\t\t\t\t\t\t\t\t<\/div>\n\t\t\t\t<div class=\"elementor-element elementor-element-556ebc5a elementor-widget elementor-widget-spacer\" data-id=\"556ebc5a\" data-element_type=\"widget\" data-e-type=\"widget\" data-widget_type=\"spacer.default\">\n\t\t\t\t\t\t\t<div class=\"elementor-spacer\">\n\t\t\t<div class=\"elementor-spacer-inner\"><\/div>\n\t\t<\/div>\n\t\t\t\t\t\t<\/div>\n\t\t\t\t<div class=\"elementor-element elementor-element-566927af elementor-widget elementor-widget-heading\" data-id=\"566927af\" data-element_type=\"widget\" data-e-type=\"widget\" data-widget_type=\"heading.default\">\n\t\t\t\t\t<h2 class=\"elementor-heading-title elementor-size-default\">Komplett-Set<\/h2>\t\t\t\t<\/div>\n\t\t\t\t<div class=\"elementor-element elementor-element-1873dae wd-width-100 elementor-widget elementor-widget-wd_products\" data-id=\"1873dae\" data-element_type=\"widget\" data-e-type=\"widget\" data-widget_type=\"wd_products.default\">\n\t\t\t\t<div class=\"elementor-widget-container\">\n\t\t\t\t\t\t\t\t\t\t<div class=\"wd-products-element\">\n\n\t\t\t\n\t\t\t\n\t\t\t\n\t\t\t<div class=\"products wd-products elements-list wd-grid-g wd-loop-builder-off wd-quantity-enabled\" data-paged=\"1\" data-atts=\"{&quot;speed&quot;:null,&quot;slides_per_view&quot;:null,&quot;wrap&quot;:null,&quot;autoplay&quot;:null,&quot;autoheight&quot;:null,&quot;hide_pagination_control&quot;:null,&quot;dynamic_pagination_control&quot;:null,&quot;hide_prev_next_buttons&quot;:null,&quot;carousel_arrows_position&quot;:null,&quot;hide_scrollbar&quot;:null,&quot;scroll_per_page&quot;:null,&quot;center_mode&quot;:null,&quot;post_type&quot;:&quot;ids&quot;,&quot;spacing&quot;:null,&quot;carousel_sync&quot;:null,&quot;sync_parent_id&quot;:null,&quot;sync_child_id&quot;:null,&quot;scroll_carousel_init&quot;:null,&quot;disable_overflow_carousel&quot;:null,&quot;include&quot;:[&quot;19486&quot;],&quot;taxonomies&quot;:null,&quot;offset&quot;:null,&quot;order&quot;:null,&quot;meta_key&quot;:null,&quot;exclude&quot;:null,&quot;shop_tools&quot;:null,&quot;ajax_recently_viewed&quot;:null,&quot;layout&quot;:&quot;list&quot;,&quot;pagination_arrows_position&quot;:null,&quot;list_spacing&quot;:&quot;&quot;,&quot;columns&quot;:null,&quot;products_masonry&quot;:null,&quot;products_different_sizes&quot;:null,&quot;product_quantity&quot;:&quot;&quot;,&quot;product_hover&quot;:null,&quot;product_custom_hover&quot;:null,&quot;sale_countdown&quot;:&quot;0&quot;,&quot;stretch_product&quot;:null,&quot;stock_progress_bar&quot;:&quot;0&quot;,&quot;highlighted_products&quot;:&quot;0&quot;,&quot;products_divider&quot;:null,&quot;products_bordered_grid&quot;:&quot;0&quot;,&quot;products_bordered_grid_style&quot;:null,&quot;products_with_background&quot;:&quot;0&quot;,&quot;products_shadow&quot;:&quot;0&quot;,&quot;img_size&quot;:&quot;large&quot;,&quot;img_size_custom&quot;:null,&quot;grid_gallery_control&quot;:null,&quot;grid_gallery_enable_arrows&quot;:null,&quot;elementor&quot;:true,&quot;force_not_ajax&quot;:&quot;no&quot;}\" data-source=\"shortcode\" data-columns=\"\" style=\"--wd-col-lg:1;--wd-col-md:1;--wd-col-sm:1;\">\n\t\t\n\t\t\t\t\t\t\t\t<div class=\"wd-product wd-col product-list-item product-grid-item product type-product post-19486 status-publish outofstock product_cat-duenger-naehrstoffe product_tag-aquaponik-duenger product_tag-3-teiliges-duengesystem product_tag-duenger product_tag-grow-bloom-micro product_tag-mikronaehrstoffe product_tag-premium-duenger product_tag-hydroponik-duenger product_tag-pflanzenwachstum product_tag-emerald-harvest-tripart product_tag-naehrstoffaufnahme product_tag-duengesets product_tag-set product_tag-advanced-nutrients product_tag-duengepaket product_tag-ph-perfekt has-post-thumbnail taxable shipping-taxable purchasable product-type-bundle\" data-loop=\"1\" data-id=\"19486\">\n\t\n\t<div class=\"wd-product-wrapper product-wrapper\">\n\t\t<div class=\"wd-product-thumb product-element-top wd-quick-shop\">\n\t\t\t<a href=\"https:\/\/www.lets-grow.de\/blog\/shop\/emerald-harvest-tripart-set\/\" class=\"wd-product-img-link product-image-link\" tabindex=\"-1\" aria-label=\"Emerald Harvest Tripart Set \u2013 N\u00e4hrstoffsystem\">\n\t\t\t\t\t\t\t<div class=\"product-labels labels-rectangular\">\n\t\t\t\t<span class=\"out-of-stock product-label wd-shape-rect-sm\">Ausverkauft<\/span>\t\t\t<\/div>\n\t\t\t<img decoding=\"async\" width=\"1\" height=\"1\" src=\"https:\/\/www.lets-grow.de\/blog\/wp-content\/uploads\/2025\/03\/Everald-Harvest-Tripart.png\" class=\"attachment-large size-large\" alt=\"\" \/>\t\t\t<\/a>\n\n\t\t\t\n\t\t\t<div class=\"wd-buttons wd-pos-r-t\">\n\t\t\t\t\t\t\t\t\t\t<div class=\"wd-quick-view-btn wd-quick-view-icon wd-action-btn wd-style-icon\">\n\t\t\t<a\n\t\t\t\thref=\"https:\/\/www.lets-grow.de\/blog\/shop\/emerald-harvest-tripart-set\/\"\n\t\t\t\tclass=\"open-quick-view\"\n\t\t\t\trel=\"nofollow\"\n\t\t\t\tdata-id=\"19486\"\n\t\t\t\t>\n\t\t\t\t\t<span class=\"wd-action-icon\"><\/span>\n\t\t\t\t\t<span class=\"wd-action-text\">\n\t\t\t\t\t\tSchnellansicht\t\t\t\t\t<\/span>\n\t\t\t<\/a>\n\t\t<\/div>\n\t\t\t\t\t\t\t\t\t\t\t\t\t<div class=\"wd-wishlist-btn wd-action-btn wd-style-icon wd-wishlist-icon\">\n\t\t\t\t<a class=\"\" href=\"https:\/\/www.lets-grow.de\/blog\/wishlist\/\" data-key=\"dea6b16d7d\" data-product-id=\"19486\" rel=\"nofollow\">\n\t\t\t\t\t<span class=\"wd-action-icon\">\n\t\t\t\t\t\t<span class=\"wd-check-icon\"><\/span>\n\t\t\t\t\t<\/span>\n\t\t\t\t\t<span class=\"wd-action-text\">Zur Wunschliste hinzuf\u00fcgen<\/span>\n\t\t\t\t<\/a>\n\t\t\t<\/div>\n\t\t\t\t\t<\/div>\n\t\t<\/div>\n\n\t\t<div class=\"product-list-content wd-scroll\">\n\t\t\t<h3 class=\"wd-entities-title\"><a href=\"https:\/\/www.lets-grow.de\/blog\/shop\/emerald-harvest-tripart-set\/\">Emerald Harvest Tripart Set \u2013 N\u00e4hrstoffsystem<\/a><\/h3>\t\t\t\t\t\t\t\t\n\t\t\t\t<div class=\"star-rating\" role=\"img\" aria-label=\"Bewertet mit 0 von 5\">\n\t\t\t\t\t<span style=\"width:0%\">\n\t\t\tBewertet mit <strong class=\"rating\">0<\/strong> von 5\t\t<\/span>\n\t\t\t\t<\/div>\n\n\t\t\n\t\t\t\t\t\t\t\t\t\t\n\t<span class=\"price\">\t\t<span class=\"tiered-pricing-dynamic-price-wrapper\"\n\t\t\t  data-display-context=\"shop-loop\"\n\t\t\t  data-price-type=\"no-rules\"\n\t\t\t  data-product-id=\"19486\"\n\t\t\t  data-parent-id=\"19486\">\n\t\t\t<span class=\"woocommerce-Price-amount amount\"><bdi>29,99&nbsp;<span class=\"woocommerce-Price-currencySymbol\">&euro;<\/span><\/bdi><\/span><\/span><\/span>\n\t\t\t\t\t\t<div class=\"woocommerce-product-details__short-description\">\n\t<p>Das <strong data-start=\"830\" data-end=\"867\">Emerald Harvest Tripart Set<\/strong> ist ein <strong data-start=\"876\" data-end=\"919\">hochwertiges 3-teiliges N\u00e4hrstoffsystem<\/strong>, das speziell f\u00fcr Hydroponik, Aquaponik und Erde entwickelt wurde. Mit optimierter <strong data-start=\"1003\" data-end=\"1019\">pH-Pufferung<\/strong> und <strong data-start=\"1024\" data-end=\"1052\">chelatierten N\u00e4hrstoffen<\/strong> bietet es alles, was du f\u00fcr das perfekte Pflanzenwachstum ben\u00f6tigst.<\/p>\n<\/div>\n\t\t\t\n\t\t\t\n\t\t\t\n\t\t\t<div class=\"wd-add-btn wd-add-btn-replace\">\n\t\t\t\t\t\t\t\t\t\t\t\t\t\n\t\t\t\t<a href=\"https:\/\/www.lets-grow.de\/blog\/shop\/emerald-harvest-tripart-set\/\" aria-describedby=\"woocommerce_loop_add_to_cart_link_describedby_19486\" data-quantity=\"1\" class=\"button product_type_bundle product_type_bundle_input_required add-to-cart-loop\" data-product_id=\"19486\" data-product_sku=\"LG_EH_Set\" aria-label=\"Lese mehr \u00fcber &#8222;Emerald Harvest Tripart Set \u2013 N\u00e4hrstoffsystem&#8220;\" rel=\"nofollow\"><span class=\"wd-action-icon\"><span class=\"wd-check-icon\"><\/span><\/span><span class=\"wd-action-text\">Weiterlesen<\/span><\/a>\t<span id=\"woocommerce_loop_add_to_cart_link_describedby_19486\" class=\"screen-reader-text\">\n\t\t\t<\/span>\n\t\t\t<\/div>\n\n\t\t\t\t\t<\/div>\n\t<\/div>\n<\/div>\n\t\t\n\t\t\t\t<\/div>\n\t\n\t\t\n\t\t\n\t\t\t\t\t<\/div>\n\t\t\n\t\t\t\t\t\t<\/div>\n\t\t\t\t<\/div>\n\t\t\t\t<div class=\"elementor-element elementor-element-f48bfef elementor-widget elementor-widget-spacer\" data-id=\"f48bfef\" data-element_type=\"widget\" data-e-type=\"widget\" data-widget_type=\"spacer.default\">\n\t\t\t\t\t\t\t<div class=\"elementor-spacer\">\n\t\t\t<div class=\"elementor-spacer-inner\"><\/div>\n\t\t<\/div>\n\t\t\t\t\t\t<\/div>\n\t\t\t\t<div class=\"elementor-element elementor-element-8faa4c7 elementor-widget elementor-widget-heading\" data-id=\"8faa4c7\" data-element_type=\"widget\" data-e-type=\"widget\" data-widget_type=\"heading.default\">\n\t\t\t\t\t<h2 class=\"elementor-heading-title elementor-size-default\">Zusammenfassung<\/h2>\t\t\t\t<\/div>\n\t\t\t\t<div class=\"elementor-element elementor-element-dca90e8 color-scheme-inherit text-left elementor-widget elementor-widget-text-editor\" data-id=\"dca90e8\" data-element_type=\"widget\" data-e-type=\"widget\" data-widget_type=\"text-editor.default\">\n\t\t\t\t\t\t\t\t\t<p><strong data-start=\"3013\" data-end=\"3046\">Emerald Harvest Tripart <\/strong>\u00a0ist das perfekte System f\u00fcr Profi-Grower, die ihre Pflanzen mit einem hochentwickelten N\u00e4hrstoffmix versorgen wollen. Mit der <strong data-start=\"3173\" data-end=\"3194\">pH-Stabilisierung<\/strong> und der <strong data-start=\"3203\" data-end=\"3219\">Chelatierung<\/strong> bietet dieses 3-teilige Set alles, was du f\u00fcr gesundes Wachstum, starke Bl\u00fcte und eine reiche Ernte brauchst \u2013 ob in <strong data-start=\"3337\" data-end=\"3351\">Hydroponik<\/strong>, <strong data-start=\"3353\" data-end=\"3366\">Aquaponik<\/strong> oder <strong data-start=\"3372\" data-end=\"3380\">Erde<\/strong>. Ein Premium-Produkt f\u00fcr Grower, die keine Kompromisse eingehen!<\/p>\t\t\t\t\t\t\t\t<\/div>\n\t\t\t\t<div class=\"elementor-element elementor-element-4b52ee9 elementor-widget elementor-widget-spacer\" data-id=\"4b52ee9\" data-element_type=\"widget\" data-e-type=\"widget\" data-widget_type=\"spacer.default\">\n\t\t\t\t\t\t\t<div class=\"elementor-spacer\">\n\t\t\t<div class=\"elementor-spacer-inner\"><\/div>\n\t\t<\/div>\n\t\t\t\t\t\t<\/div>\n\t\t\t\t<div class=\"elementor-element elementor-element-83fdccd elementor-widget elementor-widget-heading\" data-id=\"83fdccd\" data-element_type=\"widget\" data-e-type=\"widget\" data-widget_type=\"heading.default\">\n\t\t\t\t\t<h2 class=\"elementor-heading-title elementor-size-default\">Hinweise<\/h2>\t\t\t\t<\/div>\n\t\t\t\t<div class=\"elementor-element elementor-element-fd08398 color-scheme-inherit text-left elementor-widget elementor-widget-text-editor\" data-id=\"fd08398\" data-element_type=\"widget\" data-e-type=\"widget\" data-widget_type=\"text-editor.default\">\n\t\t\t\t\t\t\t\t\t<p>Der Inhalt der einzelnen Komponenten sind je 0,95L.<br \/>Sie k\u00f6nnen oben die einzelnen Varianten (Grow, Bloom &amp; Micro) ausw\u00e4hlen.<\/p>\t\t\t\t\t\t\t\t<\/div>\n\t\t\t\t\t<\/div>\n\t\t\t\t<\/div>\n\t\t\t\t<\/div>\n\t\t","protected":false},"excerpt":{"rendered":"<p>Das <strong data-start=\"830\" data-end=\"867\">Emerald Harvest Tripart Set<\/strong> ist ein <strong data-start=\"876\" data-end=\"919\">hochwertiges 3-teiliges N\u00e4hrstoffsystem<\/strong>, das speziell f\u00fcr Hydroponik, Aquaponik und Erde entwickelt wurde. Mit optimierter <strong data-start=\"1003\" data-end=\"1019\">pH-Pufferung<\/strong> und <strong data-start=\"1024\" data-end=\"1052\">chelatierten N\u00e4hrstoffen<\/strong> bietet es alles, was du f\u00fcr das perfekte Pflanzenwachstum ben\u00f6tigst.<\/p>\n","protected":false},"featured_media":19458,"comment_status":"open","ping_status":"closed","template":"","meta":{"_monsterinsights_skip_tracking":false,"_monsterinsights_sitenote_active":false,"_monsterinsights_sitenote_note":"","_monsterinsights_sitenote_category":0},"product_brand":[],"product_cat":[589],"product_tag":[1667,1668,952,956,1194,1662,1663,1705,1664,1665,1666],"class_list":{"0":"post-19447","1":"product","2":"type-product","3":"status-publish","4":"has-post-thumbnail","6":"product_cat-duenger-naehrstoffe","7":"product_tag-mikronaehrstoffe","8":"product_tag-premium-duenger","9":"product_tag-hydroponik-duenger","10":"product_tag-pflanzenwachstum","11":"product_tag-naehrstoffaufnahme","12":"product_tag-advanced-nutrients","13":"product_tag-ph-perfekt","14":"product_tag-emerald-harvest-tripart","15":"product_tag-aquaponik-duenger","16":"product_tag-3-teiliges-duengesystem","17":"product_tag-grow-bloom-micro","18":"pa_hersteller-emerald-harvest","20":"first","21":"instock","22":"taxable","23":"shipping-taxable","24":"purchasable","25":"product-type-variable","26":"has-default-attributes"},"bundled_by":["19486","19486","19486"],"bundle_stock_status":"instock","bundle_stock_quantity":1,"bundle_virtual":false,"bundle_layout":"","bundle_add_to_cart_form_location":"","bundle_editable_in_cart":false,"bundle_sold_individually_context":"","bundle_item_grouping":"","bundle_min_size":"","bundle_max_size":"","bundle_price":[],"bundled_items":[],"bundle_sell_ids":[],"supplier_id":null,"supplier_sku":"","barcode":null,"atum_controlled":true,"out_stock_date":null,"out_stock_threshold":null,"inheritable":true,"inbound_stock":0,"stock_on_hold":0,"sold_today":0,"sales_last_days":0,"reserved_stock":0,"customer_returns":0,"warehouse_damage":0,"lost_in_post":0,"other_logs":0,"out_stock_days":0,"lost_sales":0,"has_location":false,"update_date":"2026-04-29T00:21:35","atum_locations":[],"atum_stock_status":"instock","restock_status":false,"low_stock_amount":"","sales_update_date":"2026-04-29T00:21:35","calc_backorders":null,"tiered_pricing_type":"fixed","tiered_pricing_fixed_rules":[],"tiered_pricing_product_settings":{"layout":"default","base_unit_name":{"singular":null,"plural":null},"default_variation":null},"tiered_pricing_minimum_quantity":null,"tiered_pricing_roles_data":[],"tiered_pricing_percentage_rules":[],"_links":{"self":[{"href":"https:\/\/www.lets-grow.de\/blog\/wp-json\/wp\/v2\/product\/19447","targetHints":{"allow":["GET"]}}],"collection":[{"href":"https:\/\/www.lets-grow.de\/blog\/wp-json\/wp\/v2\/product"}],"about":[{"href":"https:\/\/www.lets-grow.de\/blog\/wp-json\/wp\/v2\/types\/product"}],"replies":[{"embeddable":true,"href":"https:\/\/www.lets-grow.de\/blog\/wp-json\/wp\/v2\/comments?post=19447"}],"version-history":[{"count":0,"href":"https:\/\/www.lets-grow.de\/blog\/wp-json\/wp\/v2\/product\/19447\/revisions"}],"wp:featuredmedia":[{"embeddable":true,"href":"https:\/\/www.lets-grow.de\/blog\/wp-json\/wp\/v2\/media\/19458"}],"wp:attachment":[{"href":"https:\/\/www.lets-grow.de\/blog\/wp-json\/wp\/v2\/media?parent=19447"}],"wp:term":[{"taxonomy":"product_brand","embeddable":true,"href":"https:\/\/www.lets-grow.de\/blog\/wp-json\/wp\/v2\/product_brand?post=19447"},{"taxonomy":"product_cat","embeddable":true,"href":"https:\/\/www.lets-grow.de\/blog\/wp-json\/wp\/v2\/product_cat?post=19447"},{"taxonomy":"product_tag","embeddable":true,"href":"https:\/\/www.lets-grow.de\/blog\/wp-json\/wp\/v2\/product_tag?post=19447"}],"curies":[{"name":"wp","href":"https:\/\/api.w.org\/{rel}","templated":true}]}}