{"id":19423,"date":"2025-03-11T20:08:13","date_gmt":"2025-03-11T19:08:13","guid":{"rendered":"https:\/\/www.lets-grow.de\/blog\/?post_type=product&#038;p=19423"},"modified":"2026-02-04T15:24:14","modified_gmt":"2026-02-04T14:24:14","slug":"seaweed-extrakt-1l-terra-aquatica","status":"publish","type":"product","link":"https:\/\/www.lets-grow.de\/blog\/shop\/seaweed-extrakt-1l-terra-aquatica\/","title":{"rendered":"Terra Aquatica Seaweed 1L"},"content":{"rendered":"\t\t<div data-elementor-type=\"product-post\" data-elementor-id=\"19423\" class=\"elementor elementor-19423\" data-elementor-post-type=\"product\">\n\t\t\t\t<div class=\"wd-negative-gap elementor-element elementor-element-4778320a e-flex e-con-boxed e-con e-parent\" data-id=\"4778320a\" data-element_type=\"container\" data-e-type=\"container\">\n\t\t\t\t\t<div class=\"e-con-inner\">\n\t\t\t\t<div class=\"elementor-element elementor-element-1168d419 elementor-widget elementor-widget-heading\" data-id=\"1168d419\" data-element_type=\"widget\" data-e-type=\"widget\" data-widget_type=\"heading.default\">\n\t\t\t\t\t<h2 class=\"elementor-heading-title elementor-size-default\">Terra Aquatica Seaweed 1L \u2013 Organischer Pflanzenbooster aus Seetang<\/h2>\t\t\t\t<\/div>\n\t\t\t\t<div class=\"elementor-element elementor-element-59fa5c38 color-scheme-inherit text-left elementor-widget elementor-widget-text-editor\" data-id=\"59fa5c38\" data-element_type=\"widget\" data-e-type=\"widget\" data-widget_type=\"text-editor.default\">\n\t\t\t\t\t\t\t\t\t<p data-start=\"935\" data-end=\"1340\">Terra Aquatica Seaweed 1L ist ein organischer Pflanzenbooster, der aus hochwertigen Seetangalgen gewonnen wird. Diese enthalten nat\u00fcrliche Wachstumsf\u00f6rderer, Mineralstoffe und Spurenelemente, die Pflanzen in jeder Wachstumsphase unterst\u00fctzen. Seaweed verbessert die Wurzelbildung, stimuliert das Wachstum und erh\u00f6ht die Widerstandskraft gegen Umwelteinfl\u00fcsse wie Trockenheit oder Temperaturschwankungen.<\/p><p data-start=\"1342\" data-end=\"1563\">Besonders in den USA und Australien wird Seaweed h\u00e4ufig in der Aquaponik als biologischer Zusatzd\u00fcnger verwendet. Es erg\u00e4nzt die N\u00e4hrstoffe aus dem Fischwasser und verbessert die Pflanzengesundheit auf nat\u00fcrliche Weise.<\/p>\t\t\t\t\t\t\t\t<\/div>\n\t\t\t\t<div class=\"elementor-element elementor-element-50c9e97a elementor-widget elementor-widget-spacer\" data-id=\"50c9e97a\" data-element_type=\"widget\" data-e-type=\"widget\" data-widget_type=\"spacer.default\">\n\t\t\t\t\t\t\t<div class=\"elementor-spacer\">\n\t\t\t<div class=\"elementor-spacer-inner\"><\/div>\n\t\t<\/div>\n\t\t\t\t\t\t<\/div>\n\t\t\t\t<div class=\"elementor-element elementor-element-5c2d0513 elementor-widget elementor-widget-heading\" data-id=\"5c2d0513\" data-element_type=\"widget\" data-e-type=\"widget\" data-widget_type=\"heading.default\">\n\t\t\t\t\t<h2 class=\"elementor-heading-title elementor-size-default\">Anwendungen<\/h2>\t\t\t\t<\/div>\n\t\t\t\t<div class=\"elementor-element elementor-element-4b561a77 color-scheme-inherit text-left elementor-widget elementor-widget-text-editor\" data-id=\"4b561a77\" data-element_type=\"widget\" data-e-type=\"widget\" data-widget_type=\"text-editor.default\">\n\t\t\t\t\t\t\t\t\t<ul><li data-start=\"1586\" data-end=\"1667\"><strong data-start=\"1588\" data-end=\"1621\">Hydroponik, Erde &amp; Aquaponik:<\/strong> 2-5 ml pro Liter N\u00e4hrl\u00f6sung oder Gie\u00dfwasser<\/li><li data-start=\"1668\" data-end=\"1754\"><strong data-start=\"1670\" data-end=\"1687\">Blattd\u00fcngung:<\/strong> 3 ml pro Liter Wasser, 1-2 Mal pro Woche auf die Bl\u00e4tter spr\u00fchen<\/li><li data-start=\"1755\" data-end=\"1785\">Vor Gebrauch gut sch\u00fctteln<\/li><\/ul>\t\t\t\t\t\t\t\t<\/div>\n\t\t\t\t<div class=\"elementor-element elementor-element-2d920200 elementor-widget elementor-widget-spacer\" data-id=\"2d920200\" data-element_type=\"widget\" data-e-type=\"widget\" data-widget_type=\"spacer.default\">\n\t\t\t\t\t\t\t<div class=\"elementor-spacer\">\n\t\t\t<div class=\"elementor-spacer-inner\"><\/div>\n\t\t<\/div>\n\t\t\t\t\t\t<\/div>\n\t\t\t\t<div class=\"elementor-element elementor-element-67aee260 elementor-widget elementor-widget-heading\" data-id=\"67aee260\" data-element_type=\"widget\" data-e-type=\"widget\" data-widget_type=\"heading.default\">\n\t\t\t\t\t<h2 class=\"elementor-heading-title elementor-size-default\">Vorteile<\/h2>\t\t\t\t<\/div>\n\t\t\t\t<div class=\"elementor-element elementor-element-2143f85f color-scheme-inherit text-left elementor-widget elementor-widget-text-editor\" data-id=\"2143f85f\" data-element_type=\"widget\" data-e-type=\"widget\" data-widget_type=\"text-editor.default\">\n\t\t\t\t\t\t\t\t\t<p>\u2705 F\u00f6rdert kr\u00e4ftiges Wachstum und Bl\u00fctenbildung<br data-start=\"1853\" data-end=\"1856\" \/>\u2705 St\u00e4rkt Wurzeln und verbessert N\u00e4hrstoffaufnahme<br data-start=\"1905\" data-end=\"1908\" \/>\u2705 Erh\u00f6ht die Widerstandsf\u00e4higkeit gegen Stress<br data-start=\"1954\" data-end=\"1957\" \/>\u2705 Vielseitig einsetzbar in Hydroponik, Erde, Kokos &amp; Aquaponik<br data-start=\"2019\" data-end=\"2022\" \/>\u2705 Organisch und umweltfreundlich<br data-start=\"2054\" data-end=\"2057\" \/>\u2705 Beliebt in den USA &amp; Australien f\u00fcr Aquaponiksysteme<\/p>\t\t\t\t\t\t\t\t<\/div>\n\t\t\t\t<div class=\"elementor-element elementor-element-63a1c91e elementor-widget elementor-widget-spacer\" data-id=\"63a1c91e\" data-element_type=\"widget\" data-e-type=\"widget\" data-widget_type=\"spacer.default\">\n\t\t\t\t\t\t\t<div class=\"elementor-spacer\">\n\t\t\t<div class=\"elementor-spacer-inner\"><\/div>\n\t\t<\/div>\n\t\t\t\t\t\t<\/div>\n\t\t\t\t<div class=\"elementor-element elementor-element-58f9155e elementor-widget elementor-widget-heading\" data-id=\"58f9155e\" data-element_type=\"widget\" data-e-type=\"widget\" data-widget_type=\"heading.default\">\n\t\t\t\t\t<h2 class=\"elementor-heading-title elementor-size-default\">Zusammenfassung<\/h2>\t\t\t\t<\/div>\n\t\t\t\t<div class=\"elementor-element elementor-element-109a07d1 color-scheme-inherit text-left elementor-widget elementor-widget-text-editor\" data-id=\"109a07d1\" data-element_type=\"widget\" data-e-type=\"widget\" data-widget_type=\"text-editor.default\">\n\t\t\t\t\t\t\t\t\t<p>Terra Aquatica Seaweed 1L ist der ideale organische Booster f\u00fcr gesunde, widerstandsf\u00e4hige Pflanzen. Dank der kraftvollen Wirkung der Seetangalgen sorgt er f\u00fcr optimales Wachstum und eine verbesserte Erntequalit\u00e4t \u2013 auch in Aquaponiksystemen! Kein Wunder, dass er in den USA und Australien so gesch\u00e4tzt wird.<\/p>\t\t\t\t\t\t\t\t<\/div>\n\t\t\t\t\t<\/div>\n\t\t\t\t<\/div>\n\t\t\t\t<\/div>\n\t\t","protected":false},"excerpt":{"rendered":"<p>Terra Aquatica Seaweed ist ein biologischer Pflanzenbooster auf Seetangbasis, ideal f\u00fcr Hydroponik, Erde, Kokos und Aquaponik. Er f\u00f6rdert das Wachstum, st\u00e4rkt die Wurzeln und erh\u00f6ht die Widerstandskraft gegen Stress. Besonders beliebt in den USA und Australien als nat\u00fcrlicher Zusatzd\u00fcnger f\u00fcr Aquaponiksysteme.<\/p>\n","protected":false},"featured_media":19424,"comment_status":"open","ping_status":"closed","template":"","meta":{"_monsterinsights_skip_tracking":false,"_monsterinsights_sitenote_active":false,"_monsterinsights_sitenote_note":"","_monsterinsights_sitenote_category":0},"product_brand":[],"product_cat":[589],"product_tag":[1551,1644,1645,263,1646,1647,1648,1649,609,835,1458],"class_list":{"0":"post-19423","1":"product","2":"type-product","3":"status-publish","4":"has-post-thumbnail","6":"product_cat-duenger-naehrstoffe","7":"product_tag-wurzelwachstum","8":"product_tag-terra-aquatica-seaweed","9":"product_tag-seetang-duenger","10":"product_tag-aquaponik","11":"product_tag-pflanzenbooster","12":"product_tag-organischer-duenger","13":"product_tag-bluetenbildung","14":"product_tag-erde","15":"product_tag-hydroponik","16":"product_tag-kokos","17":"product_tag-pflanzenstaerkung","18":"pa_hersteller-terra-aquatica","20":"first","21":"instock","22":"taxable","23":"shipping-taxable","24":"purchasable","25":"product-type-simple"},"bundled_by":[],"bundle_stock_status":"instock","bundle_stock_quantity":1,"bundle_virtual":false,"bundle_layout":"","bundle_add_to_cart_form_location":"","bundle_editable_in_cart":false,"bundle_sold_individually_context":"","bundle_item_grouping":"","bundle_min_size":"","bundle_max_size":"","bundle_price":[],"bundled_items":[],"bundle_sell_ids":[],"supplier_id":null,"supplier_sku":"","barcode":null,"atum_controlled":true,"out_stock_date":null,"out_stock_threshold":null,"inheritable":false,"inbound_stock":0,"stock_on_hold":0,"sold_today":0,"sales_last_days":0,"reserved_stock":0,"customer_returns":0,"warehouse_damage":0,"lost_in_post":0,"other_logs":0,"out_stock_days":0,"lost_sales":0,"has_location":false,"update_date":"2026-05-02T00:23:00","atum_locations":[],"atum_stock_status":"instock","restock_status":false,"low_stock_amount":"","sales_update_date":"2026-05-02T00:23:00","calc_backorders":null,"tiered_pricing_type":"fixed","tiered_pricing_fixed_rules":[],"tiered_pricing_product_settings":{"layout":"default","base_unit_name":{"singular":null,"plural":null},"default_variation":null},"tiered_pricing_minimum_quantity":null,"tiered_pricing_roles_data":[],"tiered_pricing_percentage_rules":[],"_links":{"self":[{"href":"https:\/\/www.lets-grow.de\/blog\/wp-json\/wp\/v2\/product\/19423","targetHints":{"allow":["GET"]}}],"collection":[{"href":"https:\/\/www.lets-grow.de\/blog\/wp-json\/wp\/v2\/product"}],"about":[{"href":"https:\/\/www.lets-grow.de\/blog\/wp-json\/wp\/v2\/types\/product"}],"replies":[{"embeddable":true,"href":"https:\/\/www.lets-grow.de\/blog\/wp-json\/wp\/v2\/comments?post=19423"}],"version-history":[{"count":1,"href":"https:\/\/www.lets-grow.de\/blog\/wp-json\/wp\/v2\/product\/19423\/revisions"}],"predecessor-version":[{"id":21261,"href":"https:\/\/www.lets-grow.de\/blog\/wp-json\/wp\/v2\/product\/19423\/revisions\/21261"}],"wp:featuredmedia":[{"embeddable":true,"href":"https:\/\/www.lets-grow.de\/blog\/wp-json\/wp\/v2\/media\/19424"}],"wp:attachment":[{"href":"https:\/\/www.lets-grow.de\/blog\/wp-json\/wp\/v2\/media?parent=19423"}],"wp:term":[{"taxonomy":"product_brand","embeddable":true,"href":"https:\/\/www.lets-grow.de\/blog\/wp-json\/wp\/v2\/product_brand?post=19423"},{"taxonomy":"product_cat","embeddable":true,"href":"https:\/\/www.lets-grow.de\/blog\/wp-json\/wp\/v2\/product_cat?post=19423"},{"taxonomy":"product_tag","embeddable":true,"href":"https:\/\/www.lets-grow.de\/blog\/wp-json\/wp\/v2\/product_tag?post=19423"}],"curies":[{"name":"wp","href":"https:\/\/api.w.org\/{rel}","templated":true}]}}