{"id":19357,"date":"2025-03-07T15:09:11","date_gmt":"2025-03-07T14:09:11","guid":{"rendered":"https:\/\/www.lets-grow.de\/blog\/?post_type=product&#038;p=19357"},"modified":"2026-05-04T19:47:11","modified_gmt":"2026-05-04T17:47:11","slug":"schlauchtuelle-50mm-mit-gewinde","status":"publish","type":"product","link":"https:\/\/www.lets-grow.de\/blog\/shop\/schlauchtuelle-50mm-mit-gewinde\/","title":{"rendered":"Schlaucht\u00fclle 50mm mit 2&#8243; \u00dcberwurfmutter"},"content":{"rendered":"\t\t<div data-elementor-type=\"product-post\" data-elementor-id=\"19357\" class=\"elementor elementor-19357\" data-elementor-post-type=\"product\">\n\t\t\t\t<div class=\"wd-negative-gap elementor-element elementor-element-10bf79bc e-flex e-con-boxed e-con e-parent\" data-id=\"10bf79bc\" data-element_type=\"container\" data-e-type=\"container\">\n\t\t\t\t\t<div class=\"e-con-inner\">\n\t\t\t\t<div class=\"elementor-element elementor-element-64dd45eb elementor-widget elementor-widget-heading\" data-id=\"64dd45eb\" data-element_type=\"widget\" data-e-type=\"widget\" data-widget_type=\"heading.default\">\n\t\t\t\t\t<h2 class=\"elementor-heading-title elementor-size-default\">Schlaucht\u00fclle 50 mm mit 2\" \u00dcberwurfmutter \u2013 ideal f\u00fcr AquaForte DM-Vario<\/h2>\t\t\t\t<\/div>\n\t\t\t\t<div class=\"elementor-element elementor-element-274bf520 color-scheme-inherit text-left elementor-widget elementor-widget-text-editor\" data-id=\"274bf520\" data-element_type=\"widget\" data-e-type=\"widget\" data-widget_type=\"text-editor.default\">\n\t\t\t\t\t\t\t\t\t<p>Die Schlaucht\u00fclle 50mm mit 2&#8243; \u00dcberwurfmutter bietet eine zuverl\u00e4ssige Verbindung f\u00fcr Schl\u00e4uche und ist speziell f\u00fcr die AquaForte DM-Vario 22.000S &amp; 30.000S geeignet. Die stabile \u00dcberwurfmutter sorgt f\u00fcr eine dichte Verschraubung und verhindert ein unbeabsichtigtes L\u00f6sen des Schlauchs.<\/p><p>Gefertigt aus hochwertigem Kunststoff, widersteht sie Witterungseinfl\u00fcssen und mechanischer Beanspruchung. Perfekt f\u00fcr den Einsatz in Teichfiltern, Aquaponik-, Hydrokultur- und Bew\u00e4sserungssystemen.<\/p>\t\t\t\t\t\t\t\t<\/div>\n\t\t\t\t<div class=\"elementor-element elementor-element-53c031ec elementor-widget elementor-widget-spacer\" data-id=\"53c031ec\" data-element_type=\"widget\" data-e-type=\"widget\" data-widget_type=\"spacer.default\">\n\t\t\t\t\t\t\t<div class=\"elementor-spacer\">\n\t\t\t<div class=\"elementor-spacer-inner\"><\/div>\n\t\t<\/div>\n\t\t\t\t\t\t<\/div>\n\t\t\t\t<div class=\"elementor-element elementor-element-4c374f4c elementor-widget elementor-widget-heading\" data-id=\"4c374f4c\" data-element_type=\"widget\" data-e-type=\"widget\" data-widget_type=\"heading.default\">\n\t\t\t\t\t<h2 class=\"elementor-heading-title elementor-size-default\">Anwendungen<\/h2>\t\t\t\t<\/div>\n\t\t\t\t<div class=\"elementor-element elementor-element-70740ccf color-scheme-inherit text-left elementor-widget elementor-widget-text-editor\" data-id=\"70740ccf\" data-element_type=\"widget\" data-e-type=\"widget\" data-widget_type=\"text-editor.default\">\n\t\t\t\t\t\t\t\t\t<ul><li data-start=\"1573\" data-end=\"1615\">Sichere Verbindung f\u00fcr 50 mm Schl\u00e4uche<\/li><li data-start=\"1616\" data-end=\"1661\">Perfekt f\u00fcr Teichfilter und Pumpensysteme<\/li><li data-start=\"1662\" data-end=\"1718\"><strong data-start=\"1664\" data-end=\"1716\">Passend f\u00fcr AquaForte DM-Vario 22.000S &amp; 30.000S<\/strong><\/li><li data-start=\"1719\" data-end=\"1761\">Robuste L\u00f6sung f\u00fcr Bew\u00e4sserungssysteme<\/li><\/ul>\t\t\t\t\t\t\t\t<\/div>\n\t\t\t\t<div class=\"elementor-element elementor-element-337dae80 elementor-widget elementor-widget-spacer\" data-id=\"337dae80\" data-element_type=\"widget\" data-e-type=\"widget\" data-widget_type=\"spacer.default\">\n\t\t\t\t\t\t\t<div class=\"elementor-spacer\">\n\t\t\t<div class=\"elementor-spacer-inner\"><\/div>\n\t\t<\/div>\n\t\t\t\t\t\t<\/div>\n\t\t\t\t<div class=\"elementor-element elementor-element-c98f8bf elementor-widget elementor-widget-heading\" data-id=\"c98f8bf\" data-element_type=\"widget\" data-e-type=\"widget\" data-widget_type=\"heading.default\">\n\t\t\t\t\t<h2 class=\"elementor-heading-title elementor-size-default\">Vorteile<\/h2>\t\t\t\t<\/div>\n\t\t\t\t<div class=\"elementor-element elementor-element-7d28e029 color-scheme-inherit text-left elementor-widget elementor-widget-text-editor\" data-id=\"7d28e029\" data-element_type=\"widget\" data-e-type=\"widget\" data-widget_type=\"text-editor.default\">\n\t\t\t\t\t\t\t\t\t<p>\u2705 2&#8243; \u00dcberwurfmutter f\u00fcr sicheren Halt<br data-start=\"1816\" data-end=\"1819\" \/>\u2705 50mm Anschluss f\u00fcr g\u00e4ngige Schlauchsysteme<br data-start=\"1864\" data-end=\"1867\" \/>\u2705 Passgenau f\u00fcr AquaForte DM-Vario 22.000S &amp; 30.000S<br data-start=\"1919\" data-end=\"1922\" \/>\u2705 Dichte Verbindung ohne zus\u00e4tzliches Dichtmaterial<br data-start=\"1973\" data-end=\"1976\" \/>\u2705 Perfekt f\u00fcr Teichbau, Bew\u00e4sserung &amp; Hydrokultur<\/p>\t\t\t\t\t\t\t\t<\/div>\n\t\t\t\t<div class=\"elementor-element elementor-element-ffae341 elementor-widget elementor-widget-spacer\" data-id=\"ffae341\" data-element_type=\"widget\" data-e-type=\"widget\" data-widget_type=\"spacer.default\">\n\t\t\t\t\t\t\t<div class=\"elementor-spacer\">\n\t\t\t<div class=\"elementor-spacer-inner\"><\/div>\n\t\t<\/div>\n\t\t\t\t\t\t<\/div>\n\t\t\t\t<div class=\"elementor-element elementor-element-1470c0ae elementor-widget elementor-widget-heading\" data-id=\"1470c0ae\" data-element_type=\"widget\" data-e-type=\"widget\" data-widget_type=\"heading.default\">\n\t\t\t\t\t<h2 class=\"elementor-heading-title elementor-size-default\">Zusammenfassung<\/h2>\t\t\t\t<\/div>\n\t\t\t\t<div class=\"elementor-element elementor-element-567e53d color-scheme-inherit text-left elementor-widget elementor-widget-text-editor\" data-id=\"567e53d\" data-element_type=\"widget\" data-e-type=\"widget\" data-widget_type=\"text-editor.default\">\n\t\t\t\t\t\t\t\t\t<p>Die <strong data-start=\"2046\" data-end=\"2091\">Schlaucht\u00fclle 50mm mit 2&#8243; \u00dcberwurfmutter<\/strong> ist die ideale L\u00f6sung f\u00fcr stabile Schlauchverbindungen und passt perfekt zur <strong data-start=\"2169\" data-end=\"2209\">AquaForte DM-Vario 22.000S &amp; 30.000S<\/strong>. Dank hochwertiger Verarbeitung bleibt dein System dauerhaft dicht und zuverl\u00e4ssig.<\/p>\t\t\t\t\t\t\t\t<\/div>\n\t\t\t\t\t<\/div>\n\t\t\t\t<\/div>\n\t\t<div class=\"wd-negative-gap elementor-element elementor-element-9cf8c2c e-flex e-con-boxed e-con e-parent\" data-id=\"9cf8c2c\" data-element_type=\"container\" data-e-type=\"container\">\n\t\t\t\t\t<div class=\"e-con-inner\">\n\t\t\t\t\t<\/div>\n\t\t\t\t<\/div>\n\t\t\t\t<\/div>\n\t\t","protected":false},"excerpt":{"rendered":"<p>Die Schlaucht\u00fclle 50mm mit 2&#8243; \u00dcberwurfmutter sorgt f\u00fcr eine dichte und sichere Verbindung. Durch die stabile \u00dcberwurfmutter sitzt der Schlauch fest und bleibt zuverl\u00e4ssig dicht. Hergestellt aus widerstandsf\u00e4higem Kunststoff, ideal f\u00fcr Teichfilter, Aquaponik-, Hydrokultur- und Bew\u00e4sserungssysteme. Langlebig und einfach zu montieren.<\/p>\n","protected":false},"featured_media":19358,"comment_status":"open","ping_status":"closed","template":"","meta":{"_monsterinsights_skip_tracking":false,"_monsterinsights_sitenote_active":false,"_monsterinsights_sitenote_note":"","_monsterinsights_sitenote_category":0},"product_brand":[],"product_cat":[432,856],"product_tag":[1639,1640,1641,1642,1046,1636,1637,1638],"class_list":{"0":"post-19357","1":"product","2":"type-product","3":"status-publish","4":"has-post-thumbnail","6":"product_cat-filterpumpe","7":"product_cat-installationsmaterial","8":"product_tag-schlauchanschluss-50-mm","9":"product_tag-teichfilter-anschluss","10":"product_tag-aquaponik-schlauchtuelle","11":"product_tag-hydrokultur-verbindung","12":"product_tag-bewaesserung-zubehoer","13":"product_tag-ersatzteil","14":"product_tag-schlauchtuelle-50mm","15":"product_tag-ueberwurfmutter-2-zoll","17":"first","18":"outofstock","19":"taxable","20":"shipping-taxable","21":"purchasable","22":"product-type-simple"},"bundled_by":[],"bundle_stock_status":"outofstock","bundle_stock_quantity":0,"bundle_virtual":false,"bundle_layout":"","bundle_add_to_cart_form_location":"","bundle_editable_in_cart":false,"bundle_sold_individually_context":"","bundle_item_grouping":"","bundle_min_size":"","bundle_max_size":"","bundle_price":[],"bundled_items":[],"bundle_sell_ids":[],"supplier_id":null,"supplier_sku":"","barcode":null,"atum_controlled":true,"out_stock_date":"2026-05-04 19:47:11","out_stock_threshold":null,"inheritable":false,"inbound_stock":0,"stock_on_hold":0,"sold_today":0,"sales_last_days":11,"reserved_stock":0,"customer_returns":0,"warehouse_damage":0,"lost_in_post":0,"other_logs":0,"out_stock_days":4,"lost_sales":12,"has_location":false,"update_date":"2026-05-09T00:28:54","atum_locations":[],"atum_stock_status":"outofstock","restock_status":false,"low_stock_amount":"","sales_update_date":"2026-05-09T00:28:54","calc_backorders":null,"tiered_pricing_type":"fixed","tiered_pricing_fixed_rules":[],"tiered_pricing_product_settings":{"layout":"default","base_unit_name":{"singular":null,"plural":null},"default_variation":null},"tiered_pricing_minimum_quantity":null,"tiered_pricing_roles_data":[],"tiered_pricing_percentage_rules":[],"_links":{"self":[{"href":"https:\/\/www.lets-grow.de\/blog\/wp-json\/wp\/v2\/product\/19357","targetHints":{"allow":["GET"]}}],"collection":[{"href":"https:\/\/www.lets-grow.de\/blog\/wp-json\/wp\/v2\/product"}],"about":[{"href":"https:\/\/www.lets-grow.de\/blog\/wp-json\/wp\/v2\/types\/product"}],"replies":[{"embeddable":true,"href":"https:\/\/www.lets-grow.de\/blog\/wp-json\/wp\/v2\/comments?post=19357"}],"version-history":[{"count":1,"href":"https:\/\/www.lets-grow.de\/blog\/wp-json\/wp\/v2\/product\/19357\/revisions"}],"predecessor-version":[{"id":21579,"href":"https:\/\/www.lets-grow.de\/blog\/wp-json\/wp\/v2\/product\/19357\/revisions\/21579"}],"wp:featuredmedia":[{"embeddable":true,"href":"https:\/\/www.lets-grow.de\/blog\/wp-json\/wp\/v2\/media\/19358"}],"wp:attachment":[{"href":"https:\/\/www.lets-grow.de\/blog\/wp-json\/wp\/v2\/media?parent=19357"}],"wp:term":[{"taxonomy":"product_brand","embeddable":true,"href":"https:\/\/www.lets-grow.de\/blog\/wp-json\/wp\/v2\/product_brand?post=19357"},{"taxonomy":"product_cat","embeddable":true,"href":"https:\/\/www.lets-grow.de\/blog\/wp-json\/wp\/v2\/product_cat?post=19357"},{"taxonomy":"product_tag","embeddable":true,"href":"https:\/\/www.lets-grow.de\/blog\/wp-json\/wp\/v2\/product_tag?post=19357"}],"curies":[{"name":"wp","href":"https:\/\/api.w.org\/{rel}","templated":true}]}}