{"id":19349,"date":"2025-03-07T14:56:52","date_gmt":"2025-03-07T13:56:52","guid":{"rendered":"https:\/\/www.lets-grow.de\/blog\/?post_type=product&#038;p=19349"},"modified":"2026-04-08T18:51:06","modified_gmt":"2026-04-08T16:51:06","slug":"stufenschlauchtuelle-40-32-25mm","status":"publish","type":"product","link":"https:\/\/www.lets-grow.de\/blog\/shop\/stufenschlauchtuelle-40-32-25mm\/","title":{"rendered":"Stufenschlaucht\u00fclle 40\/32\/25mm"},"content":{"rendered":"\t\t<div data-elementor-type=\"product-post\" data-elementor-id=\"19349\" class=\"elementor elementor-19349\" data-elementor-post-type=\"product\">\n\t\t\t\t<div class=\"wd-negative-gap elementor-element elementor-element-51449f03 e-flex e-con-boxed e-con e-parent\" data-id=\"51449f03\" data-element_type=\"container\" data-e-type=\"container\">\n\t\t\t\t\t<div class=\"e-con-inner\">\n\t\t\t\t<div class=\"elementor-element elementor-element-1451ce86 elementor-widget elementor-widget-heading\" data-id=\"1451ce86\" data-element_type=\"widget\" data-e-type=\"widget\" data-widget_type=\"heading.default\">\n\t\t\t\t\t<h2 class=\"elementor-heading-title elementor-size-default\">Stufenschlaucht\u00fclle 1 1\/2\" \u2013 F\u00fcr Schl\u00e4uche mit 40, 32 &amp; 25 mm<\/h2>\t\t\t\t<\/div>\n\t\t\t\t<div class=\"elementor-element elementor-element-6fcad455 color-scheme-inherit text-left elementor-widget elementor-widget-text-editor\" data-id=\"6fcad455\" data-element_type=\"widget\" data-e-type=\"widget\" data-widget_type=\"text-editor.default\">\n\t\t\t\t\t\t\t\t\t<p data-start=\"983\" data-end=\"1266\">Die Stufenschlaucht\u00fclle 1 1\/2&#8243; x 40\/32\/25 mm ist die perfekte L\u00f6sung f\u00fcr flexible Schlauchverbindungen. Dank des abgestuften Designs k\u00f6nnen Schl\u00e4uche mit 40mm, 32mm oder 25mm Durchmesser angeschlossen werden \u2013 einfach die nicht ben\u00f6tigten Stufen abschneiden.<\/p><p data-start=\"1268\" data-end=\"1570\">Hergestellt aus hochwertigem, widerstandsf\u00e4higem Kunststoff, ist die Schlaucht\u00fclle ideal f\u00fcr den Einsatz in Teichfiltern, Aquaponik-, Hydrokultur- und Bew\u00e4sserungssystemen. Der Anschluss erfolgt \u00fcber ein <strong data-start=\"1472\" data-end=\"1495\">1 1\/2&#8243;-Innengewinde<\/strong>, sodass sie mit vielen g\u00e4ngigen Pumpen und Filteranlagen kompatibel ist.<\/p><p>Wir bieten diese Stufenschlaucht\u00fclle z.B. f\u00fcr die Aquaforte EC-Serie an.<\/p>\t\t\t\t\t\t\t\t<\/div>\n\t\t\t\t<div class=\"elementor-element elementor-element-134700a9 elementor-widget elementor-widget-spacer\" data-id=\"134700a9\" data-element_type=\"widget\" data-e-type=\"widget\" data-widget_type=\"spacer.default\">\n\t\t\t\t\t\t\t<div class=\"elementor-spacer\">\n\t\t\t<div class=\"elementor-spacer-inner\"><\/div>\n\t\t<\/div>\n\t\t\t\t\t\t<\/div>\n\t\t\t\t<div class=\"elementor-element elementor-element-4303c46e elementor-widget elementor-widget-heading\" data-id=\"4303c46e\" data-element_type=\"widget\" data-e-type=\"widget\" data-widget_type=\"heading.default\">\n\t\t\t\t\t<h2 class=\"elementor-heading-title elementor-size-default\">Anwendungen<\/h2>\t\t\t\t<\/div>\n\t\t\t\t<div class=\"elementor-element elementor-element-33f556 color-scheme-inherit text-left elementor-widget elementor-widget-text-editor\" data-id=\"33f556\" data-element_type=\"widget\" data-e-type=\"widget\" data-widget_type=\"text-editor.default\">\n\t\t\t\t\t\t\t\t\t<ul><li data-start=\"1589\" data-end=\"1653\">Verbindung von Schl\u00e4uchen mit unterschiedlichen Durchmessern<\/li><li data-start=\"1654\" data-end=\"1682\">Teich- und Filteranlagen<\/li><li data-start=\"1683\" data-end=\"1720\">Aquaponik- und Hydrokultursysteme<\/li><li data-start=\"1721\" data-end=\"1774\">Bew\u00e4sserungssysteme f\u00fcr G\u00e4rten und Landwirtschaft<\/li><\/ul><p>S\u00e4gen Sie einfach die nicht gebrauchten Stufen ab, um unn\u00f6tigen Druckverlust zu vermeiden<\/p>\t\t\t\t\t\t\t\t<\/div>\n\t\t\t\t<div class=\"elementor-element elementor-element-29c165d5 elementor-widget elementor-widget-spacer\" data-id=\"29c165d5\" data-element_type=\"widget\" data-e-type=\"widget\" data-widget_type=\"spacer.default\">\n\t\t\t\t\t\t\t<div class=\"elementor-spacer\">\n\t\t\t<div class=\"elementor-spacer-inner\"><\/div>\n\t\t<\/div>\n\t\t\t\t\t\t<\/div>\n\t\t\t\t<div class=\"elementor-element elementor-element-55f9c6ad elementor-widget elementor-widget-heading\" data-id=\"55f9c6ad\" data-element_type=\"widget\" data-e-type=\"widget\" data-widget_type=\"heading.default\">\n\t\t\t\t\t<h2 class=\"elementor-heading-title elementor-size-default\">Vorteile<\/h2>\t\t\t\t<\/div>\n\t\t\t\t<div class=\"elementor-element elementor-element-755ec5ad color-scheme-inherit text-left elementor-widget elementor-widget-text-editor\" data-id=\"755ec5ad\" data-element_type=\"widget\" data-e-type=\"widget\" data-widget_type=\"text-editor.default\">\n\t\t\t\t\t\t\t\t\t<p>\u2705 Passend f\u00fcr 40 mm, 32 mm &amp; 25 mm Schl\u00e4uche<br data-start=\"1836\" data-end=\"1839\" \/>\u2705 Einfach anpassbar \u2013 \u00fcbersch\u00fcssige Stufen abschneiden<br data-start=\"1893\" data-end=\"1896\" \/>\u2705 Robustes Material f\u00fcr lange Haltbarkeit<br data-start=\"1937\" data-end=\"1940\" \/>\u2705 Perfekt f\u00fcr Teich-, Bew\u00e4sserungs- &amp; Aquaponiksysteme<br data-start=\"1994\" data-end=\"1997\" \/>\u2705 1 1\/2&#8243;-Innengewinde f\u00fcr einfache Installation<\/p>\t\t\t\t\t\t\t\t<\/div>\n\t\t\t\t<div class=\"elementor-element elementor-element-3cad9630 elementor-widget elementor-widget-spacer\" data-id=\"3cad9630\" data-element_type=\"widget\" data-e-type=\"widget\" data-widget_type=\"spacer.default\">\n\t\t\t\t\t\t\t<div class=\"elementor-spacer\">\n\t\t\t<div class=\"elementor-spacer-inner\"><\/div>\n\t\t<\/div>\n\t\t\t\t\t\t<\/div>\n\t\t\t\t<div class=\"elementor-element elementor-element-4e2144ec elementor-widget elementor-widget-heading\" data-id=\"4e2144ec\" data-element_type=\"widget\" data-e-type=\"widget\" data-widget_type=\"heading.default\">\n\t\t\t\t\t<h2 class=\"elementor-heading-title elementor-size-default\">Zusammenfassung<\/h2>\t\t\t\t<\/div>\n\t\t\t\t<div class=\"elementor-element elementor-element-153c6806 color-scheme-inherit text-left elementor-widget elementor-widget-text-editor\" data-id=\"153c6806\" data-element_type=\"widget\" data-e-type=\"widget\" data-widget_type=\"text-editor.default\">\n\t\t\t\t\t\t\t\t\t<p>Die Stufenschlaucht\u00fclle 1 1\/2&#8243; x 40\/32\/25mm ist eine vielseitige und langlebige L\u00f6sung f\u00fcr flexible Schlauchverbindungen. Ob im Teichbau, der Bew\u00e4sserung oder in Hydrokulturen \u2013 sie sorgt f\u00fcr sichere und dichte Verbindungen.<\/p><p>Auch als Ersatzteil geeignet \u2013 perfekt, um eine in die Jahre gekommene Schlaucht\u00fclle auszutauschen und Ihr System wieder zuverl\u00e4ssig in Betrieb zu nehmen.<\/p>\t\t\t\t\t\t\t\t<\/div>\n\t\t\t\t\t<\/div>\n\t\t\t\t<\/div>\n\t\t\t\t<\/div>\n\t\t","protected":false},"excerpt":{"rendered":"<p data-start=\"418\" data-end=\"835\">Die Stufenschlaucht\u00fclle 1 1\/2&#8243; x 40\/32\/25mm erm\u00f6glicht eine flexible Verbindung f\u00fcr Schl\u00e4uche mit verschiedenen Durchmessern. Einfach die gew\u00fcnschte Stufe passend zum Schlauch abschneiden und eine dichte Verbindung herstellen. Gefertigt aus robustem Kunststoff, ideal f\u00fcr Teichfilter, Aquaponik, Hydrokultur und Bew\u00e4sserungssysteme. Passend f\u00fcr 1 1\/2&#8243; Innengewinde-Anschl\u00fcsse.<\/p>\n","protected":false},"featured_media":19350,"comment_status":"open","ping_status":"closed","template":"","meta":{"_monsterinsights_skip_tracking":false,"_monsterinsights_sitenote_active":false,"_monsterinsights_sitenote_note":"","_monsterinsights_sitenote_category":0},"product_brand":[],"product_cat":[856,432],"product_tag":[1631,1632,1633,1634,1635,1636,1297,1629,1630],"class_list":{"0":"post-19349","1":"product","2":"type-product","3":"status-publish","4":"has-post-thumbnail","6":"product_cat-installationsmaterial","7":"product_cat-filterpumpe","8":"product_tag-teichanschluss","9":"product_tag-25mm","10":"product_tag-32mm","11":"product_tag-40mm","12":"product_tag-aquaforte-ec-serie","13":"product_tag-ersatzteil","14":"product_tag-aquaponik-zubehoer","15":"product_tag-stufenschlauchtuelle","16":"product_tag-schlauchtuelle-1-1-2-zoll","18":"first","19":"outofstock","20":"taxable","21":"shipping-taxable","22":"purchasable","23":"product-type-simple"},"bundled_by":[],"bundle_stock_status":"outofstock","bundle_stock_quantity":0,"bundle_virtual":false,"bundle_layout":"","bundle_add_to_cart_form_location":"","bundle_editable_in_cart":false,"bundle_sold_individually_context":"","bundle_item_grouping":"","bundle_min_size":"","bundle_max_size":"","bundle_price":[],"bundled_items":[],"bundle_sell_ids":[],"supplier_id":null,"supplier_sku":"","barcode":null,"atum_controlled":true,"out_stock_date":"2026-04-08 18:51:06","out_stock_threshold":null,"inheritable":false,"inbound_stock":0,"stock_on_hold":0,"sold_today":0,"sales_last_days":2,"reserved_stock":0,"customer_returns":0,"warehouse_damage":0,"lost_in_post":0,"other_logs":0,"out_stock_days":12,"lost_sales":23,"has_location":false,"update_date":"2026-04-21T00:10:45","atum_locations":[],"atum_stock_status":"outofstock","restock_status":false,"low_stock_amount":"","sales_update_date":"2026-04-21T00:10:45","calc_backorders":null,"tiered_pricing_type":"fixed","tiered_pricing_fixed_rules":[],"tiered_pricing_product_settings":{"layout":"default","base_unit_name":{"singular":null,"plural":null},"default_variation":null},"tiered_pricing_minimum_quantity":null,"tiered_pricing_roles_data":[],"tiered_pricing_percentage_rules":[],"_links":{"self":[{"href":"https:\/\/www.lets-grow.de\/blog\/wp-json\/wp\/v2\/product\/19349","targetHints":{"allow":["GET"]}}],"collection":[{"href":"https:\/\/www.lets-grow.de\/blog\/wp-json\/wp\/v2\/product"}],"about":[{"href":"https:\/\/www.lets-grow.de\/blog\/wp-json\/wp\/v2\/types\/product"}],"replies":[{"embeddable":true,"href":"https:\/\/www.lets-grow.de\/blog\/wp-json\/wp\/v2\/comments?post=19349"}],"version-history":[{"count":1,"href":"https:\/\/www.lets-grow.de\/blog\/wp-json\/wp\/v2\/product\/19349\/revisions"}],"predecessor-version":[{"id":21449,"href":"https:\/\/www.lets-grow.de\/blog\/wp-json\/wp\/v2\/product\/19349\/revisions\/21449"}],"wp:featuredmedia":[{"embeddable":true,"href":"https:\/\/www.lets-grow.de\/blog\/wp-json\/wp\/v2\/media\/19350"}],"wp:attachment":[{"href":"https:\/\/www.lets-grow.de\/blog\/wp-json\/wp\/v2\/media?parent=19349"}],"wp:term":[{"taxonomy":"product_brand","embeddable":true,"href":"https:\/\/www.lets-grow.de\/blog\/wp-json\/wp\/v2\/product_brand?post=19349"},{"taxonomy":"product_cat","embeddable":true,"href":"https:\/\/www.lets-grow.de\/blog\/wp-json\/wp\/v2\/product_cat?post=19349"},{"taxonomy":"product_tag","embeddable":true,"href":"https:\/\/www.lets-grow.de\/blog\/wp-json\/wp\/v2\/product_tag?post=19349"}],"curies":[{"name":"wp","href":"https:\/\/api.w.org\/{rel}","templated":true}]}}