{"id":19233,"date":"2025-02-28T13:34:05","date_gmt":"2025-02-28T12:34:05","guid":{"rendered":"https:\/\/www.lets-grow.de\/blog\/?post_type=product&#038;p=19233"},"modified":"2026-04-18T17:21:24","modified_gmt":"2026-04-18T15:21:24","slug":"dwc-eimersystem-basis-30l-basisset","status":"publish","type":"product","link":"https:\/\/www.lets-grow.de\/blog\/shop\/dwc-eimersystem-basis-30l-basisset\/","title":{"rendered":"DWC-Eimersystem 30L \u2013 Basisset"},"content":{"rendered":"\t\t<div data-elementor-type=\"product-post\" data-elementor-id=\"19233\" class=\"elementor elementor-19233\" data-elementor-post-type=\"product\">\n\t\t\t\t<div class=\"wd-negative-gap elementor-element elementor-element-1bd6c467 e-flex e-con-boxed e-con e-parent\" data-id=\"1bd6c467\" data-element_type=\"container\" data-e-type=\"container\">\n\t\t\t\t\t<div class=\"e-con-inner\">\n\t\t\t\t<div class=\"elementor-element elementor-element-57b7c2ea elementor-widget elementor-widget-heading\" data-id=\"57b7c2ea\" data-element_type=\"widget\" data-e-type=\"widget\" data-widget_type=\"heading.default\">\n\t\t\t\t\t<h2 class=\"elementor-heading-title elementor-size-default\">DWC-Eimersystem 30L \u2013 Basisset f\u00fcr Hydroponik-Anbau<\/h2>\t\t\t\t<\/div>\n\t\t\t\t<div class=\"elementor-element elementor-element-5478ca34 color-scheme-inherit text-left elementor-widget elementor-widget-text-editor\" data-id=\"5478ca34\" data-element_type=\"widget\" data-e-type=\"widget\" data-widget_type=\"text-editor.default\">\n\t\t\t\t\t\t\t\t\t<p data-start=\"146\" data-end=\"387\">Das <strong data-start=\"150\" data-end=\"184\">DWC-Eimersystem 30L \u2013 Basisset<\/strong> bietet die ideale Grundlage f\u00fcr den <strong data-start=\"221\" data-end=\"255\">Deep Water Culture (DWC)-Anbau<\/strong>. Pflanzen wachsen direkt in einer mit Sauerstoff angereicherten N\u00e4hrl\u00f6sung, was zu schnellem Wachstum und gesunden Wurzeln f\u00fchrt.<\/p><p data-start=\"389\" data-end=\"632\">Im <strong data-start=\"392\" data-end=\"415\">Basisset enthalten:<\/strong><br data-start=\"415\" data-end=\"418\" \/>\u2714 <strong data-start=\"420\" data-end=\"433\">30L Eimer<\/strong> \u2013 lichtundurchl\u00e4ssig, stabil &amp; ideal f\u00fcr Wurzeln<br data-start=\"482\" data-end=\"485\" \/>\u2714 <strong data-start=\"487\" data-end=\"511\">Wasserstandsanzeiger<\/strong> \u2013 f\u00fcr eine einfache Kontrolle des N\u00e4hrstofflevels<br data-start=\"561\" data-end=\"564\" \/>\u2714 <strong data-start=\"566\" data-end=\"598\">13 cm Gittertopf mit Bl\u00e4hton<\/strong> \u2013 f\u00fcr stabilen Halt der Pflanze<\/p><p data-start=\"634\" data-end=\"1015\"><strong data-start=\"634\" data-end=\"657\">Bitte beachten Sie:<\/strong> Dieses <strong data-start=\"665\" data-end=\"727\">Basisset allein ergibt <span style=\"color: #ff0000;\">kein<\/span> vollst\u00e4ndiges Hydroponiksystem<\/strong>. Es ist als Artikel erh\u00e4ltlich, um ein <strong data-start=\"767\" data-end=\"816\">DWC-Eimersystem individuell zusammenzustellen<\/strong>. Wenn Sie bisher <strong data-start=\"834\" data-end=\"852\"><span style=\"color: #ff0000;\">KEIN<\/span> Equipment<\/strong> wie <strong data-start=\"857\" data-end=\"907\">Membranpumpe, Luftschlauch oder Luftausstr\u00f6mer<\/strong> besitzen, empfehlen wir Ihnen unser <strong data-start=\"944\" data-end=\"965\"><a href=\"https:\/\/www.lets-grow.de\/blog\/shop\/dwc-eimersystem-30l\/\">DWC-Komplettset<\/a><\/strong><\/p>\t\t\t\t\t\t\t\t<\/div>\n\t\t\t\t<div class=\"elementor-element elementor-element-55c61228 elementor-widget elementor-widget-spacer\" data-id=\"55c61228\" data-element_type=\"widget\" data-e-type=\"widget\" data-widget_type=\"spacer.default\">\n\t\t\t\t\t\t\t<div class=\"elementor-spacer\">\n\t\t\t<div class=\"elementor-spacer-inner\"><\/div>\n\t\t<\/div>\n\t\t\t\t\t\t<\/div>\n\t\t\t\t<div class=\"elementor-element elementor-element-324f4a3a elementor-widget elementor-widget-heading\" data-id=\"324f4a3a\" data-element_type=\"widget\" data-e-type=\"widget\" data-widget_type=\"heading.default\">\n\t\t\t\t\t<h2 class=\"elementor-heading-title elementor-size-default\">Vorteile des Basisset<\/h2>\t\t\t\t<\/div>\n\t\t\t\t<div class=\"elementor-element elementor-element-f890f8c color-scheme-inherit text-left elementor-widget elementor-widget-text-editor\" data-id=\"f890f8c\" data-element_type=\"widget\" data-e-type=\"widget\" data-widget_type=\"text-editor.default\">\n\t\t\t\t\t\t\t\t\t<p>\u2714 <strong data-start=\"888\" data-end=\"936\">Sofort startklar \u2013 nur N\u00e4hrl\u00f6sung hinzuf\u00fcgen<\/strong><br data-start=\"936\" data-end=\"939\" \/>\u2714 <strong data-start=\"941\" data-end=\"1001\">Stabiler, lichtundurchl\u00e4ssiger Eimer f\u00fcr gesunde Wurzeln<\/strong><br data-start=\"1001\" data-end=\"1004\" \/>\u2714 <strong data-start=\"1006\" data-end=\"1059\">Einfache Kontrolle des Wasserstands dank Anzeiger<\/strong><br data-start=\"1059\" data-end=\"1062\" \/>\u2714 <strong data-start=\"1064\" data-end=\"1127\">Flexibel erweiterbar mit Luftpumpe, Sprudelsteinen &amp; D\u00fcnger<\/strong><\/p>\t\t\t\t\t\t\t\t<\/div>\n\t\t\t\t<div class=\"elementor-element elementor-element-cebe178 elementor-widget elementor-widget-spacer\" data-id=\"cebe178\" data-element_type=\"widget\" data-e-type=\"widget\" data-widget_type=\"spacer.default\">\n\t\t\t\t\t\t\t<div class=\"elementor-spacer\">\n\t\t\t<div class=\"elementor-spacer-inner\"><\/div>\n\t\t<\/div>\n\t\t\t\t\t\t<\/div>\n\t\t\t\t<div class=\"elementor-element elementor-element-b8e2b99 elementor-widget elementor-widget-heading\" data-id=\"b8e2b99\" data-element_type=\"widget\" data-e-type=\"widget\" data-widget_type=\"heading.default\">\n\t\t\t\t\t<h2 class=\"elementor-heading-title elementor-size-default\">Warum ist dieses System perfekt f\u00fcr Einsteiger?<\/h2>\t\t\t\t<\/div>\n\t\t\t\t<div class=\"elementor-element elementor-element-6ca86107 color-scheme-inherit text-left elementor-widget elementor-widget-text-editor\" data-id=\"6ca86107\" data-element_type=\"widget\" data-e-type=\"widget\" data-widget_type=\"text-editor.default\">\n\t\t\t\t\t\t\t\t\t<p>Das 30L DWC-Eimersystem wurde speziell f\u00fcr Grower entwickelt, die bisher nur in Erde angebaut haben und ihre ersten Schritte in der Hydrokultur machen m\u00f6chten. Es ist einfach aufzubauen, wartungsarm und bietet schnelle Ergebnisse. Durch den integrierten Wasserstandsanzeiger wei\u00dft du immer, wie viel N\u00e4hrl\u00f6sung enthalten ist \u2013 das erleichtert die Pflege und gibt Sicherheit bei den ersten Versuchen.<\/p>\t\t\t\t\t\t\t\t<\/div>\n\t\t\t\t<div class=\"elementor-element elementor-element-283e091a elementor-widget elementor-widget-spacer\" data-id=\"283e091a\" data-element_type=\"widget\" data-e-type=\"widget\" data-widget_type=\"spacer.default\">\n\t\t\t\t\t\t\t<div class=\"elementor-spacer\">\n\t\t\t<div class=\"elementor-spacer-inner\"><\/div>\n\t\t<\/div>\n\t\t\t\t\t\t<\/div>\n\t\t\t\t<div class=\"elementor-element elementor-element-f65cc00 elementor-widget elementor-widget-heading\" data-id=\"f65cc00\" data-element_type=\"widget\" data-e-type=\"widget\" data-widget_type=\"heading.default\">\n\t\t\t\t\t<h2 class=\"elementor-heading-title elementor-size-default\">Warum Hydroponik ausprobieren?<\/h2>\t\t\t\t<\/div>\n\t\t\t\t<div class=\"elementor-element elementor-element-77c50f8 color-scheme-inherit text-left elementor-widget elementor-widget-text-editor\" data-id=\"77c50f8\" data-element_type=\"widget\" data-e-type=\"widget\" data-widget_type=\"text-editor.default\">\n\t\t\t\t\t\t\t\t\t<p>Hydrokultur ist eine innovative Anbaumethode, die auf Erde verzichtet und stattdessen auf eine n\u00e4hrstoffreiche L\u00f6sung setzt. Das 30L DWC-Eimersystem bietet dir eine einfache M\u00f6glichkeit, die Vorteile der Hydroponik zu entdecken: schnellere Wachstumszyklen, weniger Sch\u00e4dlingsbefall und eine effizientere Nutzung von Wasser und N\u00e4hrstoffen.<\/p><p>Bringe deinen Anbau auf das n\u00e4chste Level und entdecke, wie einfach und erfolgreich der Einstieg in die Hydroponik sein kann \u2013 mit dem <strong>30L DWC-Eimersystem<\/strong>!<\/p>\t\t\t\t\t\t\t\t<\/div>\n\t\t\t\t<div class=\"elementor-element elementor-element-987c101 elementor-widget elementor-widget-spacer\" data-id=\"987c101\" data-element_type=\"widget\" data-e-type=\"widget\" data-widget_type=\"spacer.default\">\n\t\t\t\t\t\t\t<div class=\"elementor-spacer\">\n\t\t\t<div class=\"elementor-spacer-inner\"><\/div>\n\t\t<\/div>\n\t\t\t\t\t\t<\/div>\n\t\t\t\t<div class=\"elementor-element elementor-element-f5908c4 elementor-widget elementor-widget-heading\" data-id=\"f5908c4\" data-element_type=\"widget\" data-e-type=\"widget\" data-widget_type=\"heading.default\">\n\t\t\t\t\t<h2 class=\"elementor-heading-title elementor-size-default\">Was ist DWC und warum ist es so effektiv?<\/h2>\t\t\t\t<\/div>\n\t\t\t\t<div class=\"elementor-element elementor-element-a4264f7 color-scheme-inherit text-left elementor-widget elementor-widget-text-editor\" data-id=\"a4264f7\" data-element_type=\"widget\" data-e-type=\"widget\" data-widget_type=\"text-editor.default\">\n\t\t\t\t\t\t\t\t\t<p>DWC steht f\u00fcr <strong>Deep Water Culture<\/strong> und ist eine der einfachsten und zugleich effektivsten Methoden der Hydroponik. Bei diesem System wachsen die Pflanzen in Netzt\u00f6pfen, die \u00fcber einem mit N\u00e4hrl\u00f6sung gef\u00fcllten Reservoir h\u00e4ngen. Die Wurzeln tauchen direkt in die N\u00e4hrl\u00f6sung ein, w\u00e4hrend eine Membranpumpe und ein Sprudelstein das Wasser kontinuierlich mit Sauerstoff anreichern.<\/p>\t\t\t\t\t\t\t\t<\/div>\n\t\t\t\t<div class=\"elementor-element elementor-element-d6a717a color-scheme-inherit text-left elementor-widget elementor-widget-text-editor\" data-id=\"d6a717a\" data-element_type=\"widget\" data-e-type=\"widget\" data-widget_type=\"text-editor.default\">\n\t\t\t\t\t\t\t\t\t<p>DWC ist besonders f\u00fcr Einsteiger ideal, da es einfach aufzubauen und zu betreiben ist. Gleichzeitig bietet es auch f\u00fcr erfahrene Grower die M\u00f6glichkeit, schnell und effizient beeindruckende Ergebnisse zu erzielen. Die kontinuierliche Sauerstoffversorgung und die direkte Aufnahme der N\u00e4hrstoffe sorgen daf\u00fcr, dass deine Pflanzen ihr volles Potenzial aussch\u00f6pfen k\u00f6nnen.<\/p>\t\t\t\t\t\t\t\t<\/div>\n\t\t\t\t<div class=\"elementor-element elementor-element-3d1d6a1 elementor-widget elementor-widget-spacer\" data-id=\"3d1d6a1\" data-element_type=\"widget\" data-e-type=\"widget\" data-widget_type=\"spacer.default\">\n\t\t\t\t\t\t\t<div class=\"elementor-spacer\">\n\t\t\t<div class=\"elementor-spacer-inner\"><\/div>\n\t\t<\/div>\n\t\t\t\t\t\t<\/div>\n\t\t\t\t<div class=\"elementor-element elementor-element-ba1aef1 elementor-widget elementor-widget-heading\" data-id=\"ba1aef1\" data-element_type=\"widget\" data-e-type=\"widget\" data-widget_type=\"heading.default\">\n\t\t\t\t\t<h2 class=\"elementor-heading-title elementor-size-default\">Vorteile von DWC:<\/h2>\t\t\t\t<\/div>\n\t\t\t\t<div class=\"elementor-element elementor-element-59d309e elementor-widget elementor-widget-wd_list\" data-id=\"59d309e\" data-element_type=\"widget\" data-e-type=\"widget\" data-widget_type=\"wd_list.default\">\n\t\t\t\t<div class=\"elementor-widget-container\">\n\t\t\t\t\t\t\t<ul class=\"wd-list color-scheme-custom wd-fontsize-xs wd-type-icon wd-style-default text-left\">\n\t\t\t\t\t\t\t\t\t\t\t<li class=\"elementor-repeater-item-77fcfb3\">\n\t\t\t\t\t\t\t\t\t\t\t<span class=\"wd-icon\"><span class=\"fas fa-plus\"><\/span><\/span>\t\t\t\t\t\n\t\t\t\t\t<span class=\"wd-list-content list-content\">\n\t\t\t\t\t\t\t\t\t\t\t\t\t<b>Optimale N\u00e4hrstoffversorgung:<\/b> Da die Wurzeln st\u00e4ndig von der N\u00e4hrl\u00f6sung umgeben sind, k\u00f6nnen die Pflanzen jederzeit alle ben\u00f6tigten N\u00e4hrstoffe aufnehmen. Dies f\u00fchrt zu schnellerem Wachstum und h\u00f6heren Ertr\u00e4gen im Vergleich zur Erdkultur.\t\t\t\t\t\t\t\t\t\t\t<\/span>\n\t\t\t\t<\/li>\n\t\t\t\t\t\t\t\t\t\t\t<li class=\"elementor-repeater-item-2691cfc\">\n\t\t\t\t\t\t\t\t\t\t\t<span class=\"wd-icon\"><span class=\"fas fa-plus\"><\/span><\/span>\t\t\t\t\t\n\t\t\t\t\t<span class=\"wd-list-content list-content\">\n\t\t\t\t\t\t\t\t\t\t\t\t\t<b>Konstante Sauerstoffzufuhr:<\/b> Durch die Bel\u00fcftung der N\u00e4hrl\u00f6sung wird Sauerstoff direkt an die Wurzeln gebracht, was F\u00e4ulnis verhindert und das Wurzelwachstum f\u00f6rdert. Gesunde Wurzeln bedeuten gesunde Pflanzen!\t\t\t\t\t\t\t\t\t\t\t<\/span>\n\t\t\t\t<\/li>\n\t\t\t\t\t\t\t\t\t\t\t<li class=\"elementor-repeater-item-56666e0\">\n\t\t\t\t\t\t\t\t\t\t\t<span class=\"wd-icon\"><span class=\"fas fa-plus\"><\/span><\/span>\t\t\t\t\t\n\t\t\t\t\t<span class=\"wd-list-content list-content\">\n\t\t\t\t\t\t\t\t\t\t\t\t\t<b>Wassereffizienz:<\/b> DWC-Systeme ben\u00f6tigen deutlich weniger Wasser als herk\u00f6mmliche Anbaumethoden, da das Wasser im Reservoir bleibt und nicht verdunstet oder versickert.\t\t\t\t\t\t\t\t\t\t\t<\/span>\n\t\t\t\t<\/li>\n\t\t\t\t\t\t\t\t\t\t\t<li class=\"elementor-repeater-item-b54a39f\">\n\t\t\t\t\t\t\t\t\t\t\t<span class=\"wd-icon\"><span class=\"fas fa-plus\"><\/span><\/span>\t\t\t\t\t\n\t\t\t\t\t<span class=\"wd-list-content list-content\">\n\t\t\t\t\t\t\t\t\t\t\t\t\t<b>Weniger Sch\u00e4dlingsprobleme:<\/b> Da keine Erde verwendet wird, sind DWC-Systeme weniger anf\u00e4llig f\u00fcr Bodensch\u00e4dlinge und Krankheiten.\t\t\t\t\t\t\t\t\t\t\t<\/span>\n\t\t\t\t<\/li>\n\t\t\t\t\t\t\t\t\t\t\t<li class=\"elementor-repeater-item-8c5e5fa\">\n\t\t\t\t\t\t\t\t\t\t\t<span class=\"wd-icon\"><span class=\"fas fa-plus\"><\/span><\/span>\t\t\t\t\t\n\t\t\t\t\t<span class=\"wd-list-content list-content\">\n\t\t\t\t\t\t\t\t\t\t\t\t\t<b>Wachstumskontrolle:<\/b> Mit einem Wasserstandsanzeiger und der M\u00f6glichkeit, die N\u00e4hrstoffkonzentration exakt zu dosieren, hast du die volle Kontrolle \u00fcber die Bedingungen f\u00fcr deine Pflanzen.\t\t\t\t\t\t\t\t\t\t\t<\/span>\n\t\t\t\t<\/li>\n\t\t\t\t\t<\/ul>\n\n\t\t\t\t\t\t<\/div>\n\t\t\t\t<\/div>\n\t\t\t\t<div class=\"elementor-element elementor-element-3163f46 elementor-widget elementor-widget-spacer\" data-id=\"3163f46\" data-element_type=\"widget\" data-e-type=\"widget\" data-widget_type=\"spacer.default\">\n\t\t\t\t\t\t\t<div class=\"elementor-spacer\">\n\t\t\t<div class=\"elementor-spacer-inner\"><\/div>\n\t\t<\/div>\n\t\t\t\t\t\t<\/div>\n\t\t\t\t<div class=\"elementor-element elementor-element-8395f4b elementor-widget elementor-widget-heading\" data-id=\"8395f4b\" data-element_type=\"widget\" data-e-type=\"widget\" data-widget_type=\"heading.default\">\n\t\t\t\t\t<h2 class=\"elementor-heading-title elementor-size-default\">Technische Daten:<\/h2>\t\t\t\t<\/div>\n\t\t\t\t<div class=\"elementor-element elementor-element-18faf49 elementor-widget elementor-widget-wd_list\" data-id=\"18faf49\" data-element_type=\"widget\" data-e-type=\"widget\" data-widget_type=\"wd_list.default\">\n\t\t\t\t<div class=\"elementor-widget-container\">\n\t\t\t\t\t\t\t<ul class=\"wd-list color-scheme-custom wd-fontsize-xs wd-type-icon wd-style-default text-left\">\n\t\t\t\t\t\t\t\t\t\t\t<li class=\"elementor-repeater-item-77fcfb3\">\n\t\t\t\t\t\t\t\t\t\t\t<span class=\"wd-icon\"><span class=\"fas fa-minus\"><\/span><\/span>\t\t\t\t\t\n\t\t\t\t\t<span class=\"wd-list-content list-content\">\n\t\t\t\t\t\t\t\t\t\t\t\t\tVolumen: 30 Liter\n\t\t\t\t\t\t\t\t\t\t\t<\/span>\n\t\t\t\t<\/li>\n\t\t\t\t\t\t\t\t\t\t\t<li class=\"elementor-repeater-item-2691cfc\">\n\t\t\t\t\t\t\t\t\t\t\t<span class=\"wd-icon\"><span class=\"fas fa-minus\"><\/span><\/span>\t\t\t\t\t\n\t\t\t\t\t<span class=\"wd-list-content list-content\">\n\t\t\t\t\t\t\t\t\t\t\t\t\tNetztopfgr\u00f6\u00dfe: 13 cm Durchmesser\n\n\t\t\t\t\t\t\t\t\t\t\t<\/span>\n\t\t\t\t<\/li>\n\t\t\t\t\t\t\t\t\t\t\t<li class=\"elementor-repeater-item-56666e0\">\n\t\t\t\t\t\t\t\t\t\t\t<span class=\"wd-icon\"><span class=\"fas fa-minus\"><\/span><\/span>\t\t\t\t\t\n\t\t\t\t\t<span class=\"wd-list-content list-content\">\n\t\t\t\t\t\t\t\t\t\t\t\t\tLuftschlauch: 4\/6 mm Durchmesser\n\t\t\t\t\t\t\t\t\t\t\t<\/span>\n\t\t\t\t<\/li>\n\t\t\t\t\t\t\t\t\t\t\t<li class=\"elementor-repeater-item-8c5e5fa\">\n\t\t\t\t\t\t\t\t\t\t\t<span class=\"wd-icon\"><span class=\"fas fa-minus\"><\/span><\/span>\t\t\t\t\t\n\t\t\t\t\t<span class=\"wd-list-content list-content\">\n\t\t\t\t\t\t\t\t\t\t\t\t\tSubstrat: Bl\u00e4hton (8\/16 mm K\u00f6rnung)\t\t\t\t\t\t\t\t\t\t\t<\/span>\n\t\t\t\t<\/li>\n\t\t\t\t\t\t\t\t\t\t\t<li class=\"elementor-repeater-item-6a42b3f\">\n\t\t\t\t\t\t\t\t\t\t\t<span class=\"wd-icon\"><span class=\"fas fa-minus\"><\/span><\/span>\t\t\t\t\t\n\t\t\t\t\t<span class=\"wd-list-content list-content\">\n\t\t\t\t\t\t\t\t\t\t\t\t\tWasserstandanzeiger: 12\/16mm Schlauch f\u00fcr den F\u00fcllstand\t\t\t\t\t\t\t\t\t\t\t<\/span>\n\t\t\t\t<\/li>\n\t\t\t\t\t\t\t\t\t\t\t<li class=\"elementor-repeater-item-b67e0c6\">\n\t\t\t\t\t\t\t\t\t\t\t<span class=\"wd-icon\"><span class=\"fas fa-minus\"><\/span><\/span>\t\t\t\t\t\n\t\t\t\t\t<span class=\"wd-list-content list-content\">\n\t\t\t\t\t\t\t\t\t\t\t\t\tBreite: 42cm (mit Griffen), 39cm schmale Seite\t\t\t\t\t\t\t\t\t\t\t<\/span>\n\t\t\t\t<\/li>\n\t\t\t\t\t\t\t\t\t\t\t<li class=\"elementor-repeater-item-5e7c6d9\">\n\t\t\t\t\t\t\t\t\t\t\t<span class=\"wd-icon\"><span class=\"fas fa-minus\"><\/span><\/span>\t\t\t\t\t\n\t\t\t\t\t<span class=\"wd-list-content list-content\">\n\t\t\t\t\t\t\t\t\t\t\t\t\tH\u00f6he:  38cm  \t\t\t\t\t\t\t\t\t\t\t<\/span>\n\t\t\t\t<\/li>\n\t\t\t\t\t\t\t\t\t\t\t<li class=\"elementor-repeater-item-f31df03\">\n\t\t\t\t\t\t\t\t\t\t\t<span class=\"wd-icon\"><span class=\"fas fa-minus\"><\/span><\/span>\t\t\t\t\t\n\t\t\t\t\t<span class=\"wd-list-content list-content\">\n\t\t\t\t\t\t\t\t\t\t\t\t\tBoden: 32cm\t\t\t\t\t\t\t\t\t\t\t<\/span>\n\t\t\t\t<\/li>\n\t\t\t\t\t<\/ul>\n\n\t\t\t\t\t\t<\/div>\n\t\t\t\t<\/div>\n\t\t\t\t<div class=\"elementor-element elementor-element-954f283 elementor-widget elementor-widget-spacer\" data-id=\"954f283\" data-element_type=\"widget\" data-e-type=\"widget\" data-widget_type=\"spacer.default\">\n\t\t\t\t\t\t\t<div class=\"elementor-spacer\">\n\t\t\t<div class=\"elementor-spacer-inner\"><\/div>\n\t\t<\/div>\n\t\t\t\t\t\t<\/div>\n\t\t\t\t<div class=\"elementor-element elementor-element-26ceff2 elementor-widget elementor-widget-heading\" data-id=\"26ceff2\" data-element_type=\"widget\" data-e-type=\"widget\" data-widget_type=\"heading.default\">\n\t\t\t\t\t<h2 class=\"elementor-heading-title elementor-size-default\">Hinweis:<\/h2>\t\t\t\t<\/div>\n\t\t\t\t<div class=\"elementor-element elementor-element-679a539 color-scheme-inherit text-left elementor-widget elementor-widget-text-editor\" data-id=\"679a539\" data-element_type=\"widget\" data-e-type=\"widget\" data-widget_type=\"text-editor.default\">\n\t\t\t\t\t\t\t\t\t<p><strong data-start=\"634\" data-end=\"657\">Bitte beachten Sie:<\/strong> Dieses <strong data-start=\"665\" data-end=\"727\">Basisset allein ergibt <span style=\"color: #ff0000;\">kein vollst\u00e4ndiges Hydroponiksystem<\/span><\/strong>. Es ist als Artikel erh\u00e4ltlich, um ein <strong data-start=\"767\" data-end=\"816\">DWC-Eimersystem individuell zusammenzustellen<\/strong>. Wenn Sie bisher <strong data-start=\"834\" data-end=\"852\">KEIN Equipment<\/strong> wie <strong data-start=\"857\" data-end=\"907\">Membranpumpe, Luftschlauch oder Luftausstr\u00f6mer<\/strong> besitzen, empfehlen wir Ihnen unser <a href=\"https:\/\/www.lets-grow.de\/blog\/shop\/dwc-eimersystem-30l\/\"><strong data-start=\"944\" data-end=\"965\">DWC-Komplettset<\/strong><\/a><\/p>\t\t\t\t\t\t\t\t<\/div>\n\t\t\t\t\t<\/div>\n\t\t\t\t<\/div>\n\t\t\t\t<\/div>\n\t\t","protected":false},"excerpt":{"rendered":"<p>Das <strong data-start=\"1944\" data-end=\"1978\">DWC-Eimersystem Basis 30L \u2013 Basisset<\/strong> ist die perfekte Grundlage f\u00fcr Hydroponik. Enthalten sind ein <strong data-start=\"2041\" data-end=\"2107\">30L Eimer, Wasserstandsanzeiger &amp; 13 cm Gittertopf mit Bl\u00e4hton<\/strong>. Das Set kann individuell erweitert werden \u2013 mit <strong data-start=\"2157\" data-end=\"2216\">Luftschlauch, Sprudelsteinen, Membranluftpumpe &amp; D\u00fcnger<\/strong>. Ideal f\u00fcr Anf\u00e4nger und Profis, die ein flexibles System f\u00fcr gesunden Pflanzenwuchs suchen!<\/p>\n","protected":false},"featured_media":19861,"comment_status":"open","ping_status":"closed","template":"","meta":{"_monsterinsights_skip_tracking":false,"_monsterinsights_sitenote_active":false,"_monsterinsights_sitenote_note":"","_monsterinsights_sitenote_category":0},"product_brand":[],"product_cat":[608],"product_tag":[609,610,611,612,613],"class_list":{"0":"post-19233","1":"product","2":"type-product","3":"status-publish","4":"has-post-thumbnail","6":"product_cat-hydrosysteme","7":"product_tag-hydroponik","8":"product_tag-eimersystem","9":"product_tag-30l","10":"product_tag-dwc","11":"product_tag-deep-water-culture","13":"first","14":"instock","15":"sale","16":"taxable","17":"shipping-taxable","18":"purchasable","19":"product-type-variable","20":"has-default-attributes"},"bundled_by":["19247","17340","19368","19379","21213","21225","21228","21233","21240","21243"],"bundle_stock_status":"instock","bundle_stock_quantity":null,"bundle_virtual":false,"bundle_layout":"","bundle_add_to_cart_form_location":"","bundle_editable_in_cart":false,"bundle_sold_individually_context":"","bundle_item_grouping":"","bundle_min_size":"","bundle_max_size":"","bundle_price":[],"bundled_items":[],"bundle_sell_ids":[],"supplier_id":null,"supplier_sku":"","barcode":null,"atum_controlled":true,"out_stock_date":null,"out_stock_threshold":null,"inheritable":true,"inbound_stock":0,"stock_on_hold":0,"sold_today":0,"sales_last_days":0,"reserved_stock":0,"customer_returns":0,"warehouse_damage":0,"lost_in_post":0,"other_logs":0,"out_stock_days":0,"lost_sales":0,"has_location":false,"update_date":"2026-05-10T00:29:02","atum_locations":[],"atum_stock_status":"instock","restock_status":false,"low_stock_amount":"","sales_update_date":"2026-05-10T00:29:02","calc_backorders":null,"tiered_pricing_type":"fixed","tiered_pricing_fixed_rules":[],"tiered_pricing_product_settings":{"layout":"default","base_unit_name":{"singular":null,"plural":null},"default_variation":null},"tiered_pricing_minimum_quantity":null,"tiered_pricing_roles_data":[],"tiered_pricing_percentage_rules":[],"_links":{"self":[{"href":"https:\/\/www.lets-grow.de\/blog\/wp-json\/wp\/v2\/product\/19233","targetHints":{"allow":["GET"]}}],"collection":[{"href":"https:\/\/www.lets-grow.de\/blog\/wp-json\/wp\/v2\/product"}],"about":[{"href":"https:\/\/www.lets-grow.de\/blog\/wp-json\/wp\/v2\/types\/product"}],"replies":[{"embeddable":true,"href":"https:\/\/www.lets-grow.de\/blog\/wp-json\/wp\/v2\/comments?post=19233"}],"version-history":[{"count":2,"href":"https:\/\/www.lets-grow.de\/blog\/wp-json\/wp\/v2\/product\/19233\/revisions"}],"predecessor-version":[{"id":21149,"href":"https:\/\/www.lets-grow.de\/blog\/wp-json\/wp\/v2\/product\/19233\/revisions\/21149"}],"wp:featuredmedia":[{"embeddable":true,"href":"https:\/\/www.lets-grow.de\/blog\/wp-json\/wp\/v2\/media\/19861"}],"wp:attachment":[{"href":"https:\/\/www.lets-grow.de\/blog\/wp-json\/wp\/v2\/media?parent=19233"}],"wp:term":[{"taxonomy":"product_brand","embeddable":true,"href":"https:\/\/www.lets-grow.de\/blog\/wp-json\/wp\/v2\/product_brand?post=19233"},{"taxonomy":"product_cat","embeddable":true,"href":"https:\/\/www.lets-grow.de\/blog\/wp-json\/wp\/v2\/product_cat?post=19233"},{"taxonomy":"product_tag","embeddable":true,"href":"https:\/\/www.lets-grow.de\/blog\/wp-json\/wp\/v2\/product_tag?post=19233"}],"curies":[{"name":"wp","href":"https:\/\/api.w.org\/{rel}","templated":true}]}}