{"id":19173,"date":"2025-02-25T20:41:13","date_gmt":"2025-02-25T19:41:13","guid":{"rendered":"https:\/\/www.lets-grow.de\/blog\/?post_type=product&#038;p=19173"},"modified":"2025-10-24T10:41:38","modified_gmt":"2025-10-24T08:41:38","slug":"growcoon-32mm-kompostierbare-toepfe","status":"publish","type":"product","link":"https:\/\/www.lets-grow.de\/blog\/shop\/growcoon-32mm-kompostierbare-toepfe\/","title":{"rendered":"Growcoon 32mm"},"content":{"rendered":"\t\t<div data-elementor-type=\"product-post\" data-elementor-id=\"19173\" class=\"elementor elementor-19173\" data-elementor-post-type=\"product\">\n\t\t\t\t<div class=\"wd-negative-gap elementor-element elementor-element-30deff8e e-flex e-con-boxed e-con e-parent\" data-id=\"30deff8e\" data-element_type=\"container\" data-e-type=\"container\">\n\t\t\t\t\t<div class=\"e-con-inner\">\n\t\t\t\t<div class=\"elementor-element elementor-element-7940ca00 elementor-widget elementor-widget-heading\" data-id=\"7940ca00\" data-element_type=\"widget\" data-e-type=\"widget\" data-widget_type=\"heading.default\">\n\t\t\t\t\t<h2 class=\"elementor-heading-title elementor-size-default\">Growcoon 32mm \u2013 Innovatives Pflanzmedium f\u00fcr Hydroponik und Aquaponik<\/h2>\t\t\t\t<\/div>\n\t\t\t\t<div class=\"elementor-element elementor-element-7c1ff53d color-scheme-inherit text-left elementor-widget elementor-widget-text-editor\" data-id=\"7c1ff53d\" data-element_type=\"widget\" data-e-type=\"widget\" data-widget_type=\"text-editor.default\">\n\t\t\t\t\t\t\t\t\t<p>Der Growcoon 32mm ist ein modernes Pflanzmedium, das speziell f\u00fcr den hydroponischen und aquaponischen Anbau entwickelt wurde. Aus hochwertigem, feinporigem Material gefertigt, sorgt er f\u00fcr eine ideale Luft- und Wasserzirkulation. Diese optimale Kombination f\u00f6rdert das gesunde Wachstum von Pflanzen und sorgt f\u00fcr ein kr\u00e4ftiges Wurzelwachstum. Besonders geeignet ist der Growcoon f\u00fcr die Anzucht von Stecklingen und Setzlingen, die sp\u00e4ter in gr\u00f6\u00dfere Hydroponiksysteme \u00fcberf\u00fchrt werden k\u00f6nnen. Die einfache Handhabung macht ihn sowohl f\u00fcr Anf\u00e4nger als auch f\u00fcr erfahrene Grower attraktiv. Der Growcoon l\u00e4sst sich hervorragend in <strong data-start=\"1611\" data-end=\"1625\">Netzt\u00f6pfen<\/strong> oder der <strong data-start=\"1635\" data-end=\"1670\">Multitopfplatte mit 104 L\u00f6chern<\/strong> verwenden, wodurch eine einfache Handhabung und Platzierung im System m\u00f6glich wird. Ein weiterer Vorteil: Der Growcoon ist <strong data-start=\"1794\" data-end=\"1811\">kompostierbar<\/strong> und baut sich im <strong data-start=\"1829\" data-end=\"1840\">Growbed<\/strong> selbst ab, was ihn zu einer nachhaltigen Wahl f\u00fcr umweltbewusste Z\u00fcchter macht.<\/p>\t\t\t\t\t\t\t\t<\/div>\n\t\t\t\t<div class=\"elementor-element elementor-element-28922a0d elementor-widget elementor-widget-spacer\" data-id=\"28922a0d\" data-element_type=\"widget\" data-e-type=\"widget\" data-widget_type=\"spacer.default\">\n\t\t\t\t\t\t\t<div class=\"elementor-spacer\">\n\t\t\t<div class=\"elementor-spacer-inner\"><\/div>\n\t\t<\/div>\n\t\t\t\t\t\t<\/div>\n\t\t\t\t<div class=\"elementor-element elementor-element-79110c9d elementor-widget elementor-widget-heading\" data-id=\"79110c9d\" data-element_type=\"widget\" data-e-type=\"widget\" data-widget_type=\"heading.default\">\n\t\t\t\t\t<h2 class=\"elementor-heading-title elementor-size-default\">Anwendungen<\/h2>\t\t\t\t<\/div>\n\t\t\t\t<div class=\"elementor-element elementor-element-2101df0e color-scheme-inherit text-left elementor-widget elementor-widget-text-editor\" data-id=\"2101df0e\" data-element_type=\"widget\" data-e-type=\"widget\" data-widget_type=\"text-editor.default\">\n\t\t\t\t\t\t\t\t\t<p>Setze deine Stecklinge oder Setzlinge einfach in den Growcoon 32mm und stelle sie in dein Hydroponik- oder Aquaponiksystem. Der Growcoon sorgt daf\u00fcr, dass die Wurzeln gut bel\u00fcftet werden und gleichzeitig gen\u00fcgend N\u00e4hrstoffe erhalten, um optimal zu wachsen. Die Verwendung mit <strong data-start=\"2987\" data-end=\"3001\">Netzt\u00f6pfen<\/strong> oder der <strong data-start=\"3011\" data-end=\"3046\">Multitopfplatte mit 104 L\u00f6chern<\/strong> macht das Platzieren und Verwalten der Pflanzen noch einfacher. Sobald die Wurzeln den Growcoon durchwachsen haben, k\u00f6nnen die Pflanzen problemlos in gr\u00f6\u00dfere Systeme oder Beh\u00e4lter \u00fcberf\u00fchrt werden. Da der Growcoon <strong data-start=\"3261\" data-end=\"3278\">kompostierbar<\/strong> ist, wird er sich w\u00e4hrend des Wachstumszyklus im Growbed langsam abbauen, ohne R\u00fcckst\u00e4nde zu hinterlassen.<\/p>\t\t\t\t\t\t\t\t<\/div>\n\t\t\t\t<div class=\"elementor-element elementor-element-34fe9391 elementor-widget elementor-widget-spacer\" data-id=\"34fe9391\" data-element_type=\"widget\" data-e-type=\"widget\" data-widget_type=\"spacer.default\">\n\t\t\t\t\t\t\t<div class=\"elementor-spacer\">\n\t\t\t<div class=\"elementor-spacer-inner\"><\/div>\n\t\t<\/div>\n\t\t\t\t\t\t<\/div>\n\t\t\t\t<div class=\"elementor-element elementor-element-52fff4f2 elementor-widget elementor-widget-heading\" data-id=\"52fff4f2\" data-element_type=\"widget\" data-e-type=\"widget\" data-widget_type=\"heading.default\">\n\t\t\t\t\t<h2 class=\"elementor-heading-title elementor-size-default\">Vorteile<\/h2>\t\t\t\t<\/div>\n\t\t\t\t<div class=\"elementor-element elementor-element-55bb4f74 color-scheme-inherit text-left elementor-widget elementor-widget-text-editor\" data-id=\"55bb4f74\" data-element_type=\"widget\" data-e-type=\"widget\" data-widget_type=\"text-editor.default\">\n\t\t\t\t\t\t\t\t\t<ul><li data-start=\"1949\" data-end=\"2084\"><strong data-start=\"1951\" data-end=\"1979\">Optimales Wurzelwachstum<\/strong>: Durch die por\u00f6se Struktur des Growcoons werden Wurzeln optimal mit Sauerstoff und N\u00e4hrstoffen versorgt.<\/li><li data-start=\"2085\" data-end=\"2223\"><strong data-start=\"2087\" data-end=\"2123\">Gute Wasser- und Luftzirkulation<\/strong>: Die Balance zwischen Feuchtigkeit und Luft sorgt f\u00fcr gesundes Wachstum und verhindert Wurzelf\u00e4ule.<\/li><li data-start=\"2224\" data-end=\"2346\"><strong data-start=\"2226\" data-end=\"2250\">Einfach zu verwenden<\/strong>: Ideal f\u00fcr Stecklinge und Setzlinge, die problemlos in gr\u00f6\u00dfere Systeme \u00fcberf\u00fchrt werden k\u00f6nnen.<\/li><li data-start=\"2347\" data-end=\"2455\"><strong data-start=\"2349\" data-end=\"2374\">Vielseitig einsetzbar<\/strong>: Perfekt f\u00fcr Hydroponik und Aquaponik, sowohl im Indoor- als auch Outdoor-Anbau.<\/li><li data-start=\"2456\" data-end=\"2560\"><strong data-start=\"2458\" data-end=\"2490\">Kompostierbar und nachhaltig<\/strong>: Der Growcoon baut sich im Growbed ab und ist somit umweltfreundlich.<\/li><li data-start=\"2561\" data-end=\"2681\"><strong data-start=\"2563\" data-end=\"2607\">Ideal f\u00fcr Netzt\u00f6pfe und Multitopfplatten<\/strong>: Perfekte Kombination f\u00fcr die effiziente Anzucht und einfache Handhabung.<\/li><\/ul>\t\t\t\t\t\t\t\t<\/div>\n\t\t\t\t<div class=\"elementor-element elementor-element-78f12efc elementor-widget elementor-widget-spacer\" data-id=\"78f12efc\" data-element_type=\"widget\" data-e-type=\"widget\" data-widget_type=\"spacer.default\">\n\t\t\t\t\t\t\t<div class=\"elementor-spacer\">\n\t\t\t<div class=\"elementor-spacer-inner\"><\/div>\n\t\t<\/div>\n\t\t\t\t\t\t<\/div>\n\t\t\t\t<div class=\"elementor-element elementor-element-60dbc2de elementor-widget elementor-widget-heading\" data-id=\"60dbc2de\" data-element_type=\"widget\" data-e-type=\"widget\" data-widget_type=\"heading.default\">\n\t\t\t\t\t<h2 class=\"elementor-heading-title elementor-size-default\">Zusammenfassung<\/h2>\t\t\t\t<\/div>\n\t\t\t\t<div class=\"elementor-element elementor-element-6ab74d13 color-scheme-inherit text-left elementor-widget elementor-widget-text-editor\" data-id=\"6ab74d13\" data-element_type=\"widget\" data-e-type=\"widget\" data-widget_type=\"text-editor.default\">\n\t\t\t\t\t\t\t\t\t<p>Der Growcoon in 32mm ist eine ausgezeichnete Wahl f\u00fcr alle, die in Hydroponik oder Aquaponik arbeiten. Er f\u00f6rdert schnelles, gesundes Wurzelwachstum und ist einfach zu handhaben. In Kombination mit <strong data-start=\"3607\" data-end=\"3621\">Netzt\u00f6pfen<\/strong> oder der <strong data-start=\"3631\" data-end=\"3666\">Multitopfplatte mit 104 L\u00f6chern<\/strong> eignet sich der Growcoon hervorragend f\u00fcr die Aufzucht von Stecklingen und Setzlingen. Mit seiner kompostierbaren Struktur bietet der Growcoon eine nachhaltige L\u00f6sung f\u00fcr alle, die ihre Pflanzen effizient und umweltbewusst anbauen m\u00f6chten<\/p>\t\t\t\t\t\t\t\t<\/div>\n\t\t\t\t\t<\/div>\n\t\t\t\t<\/div>\n\t\t\t\t<\/div>\n\t\t","protected":false},"excerpt":{"rendered":"<p>Der Growcoon 32mm ist ein innovatives Pflanzmedium, das ideal f\u00fcr den Einsatz in Hydroponik- und Aquaponiksystemen ist. Mit seiner por\u00f6sen Struktur f\u00f6rdert der Growcoon gesundes Wurzelwachstum und sorgt f\u00fcr optimale Wasser- und Luftzirkulation. Perfekt f\u00fcr Stecklinge und Setzlinge, die in gr\u00f6\u00dfere Systeme \u00fcberf\u00fchrt werden sollen. Ideal in Kombination mit Netzt\u00f6pfen oder Multitopfplatten mit 104 L\u00f6chern. Zudem ist der Growcoon kompostierbar und baut sich im Growbed ab.<\/p>\n","protected":false},"featured_media":19175,"comment_status":"open","ping_status":"closed","template":"","meta":{"_monsterinsights_skip_tracking":false,"_monsterinsights_sitenote_active":false,"_monsterinsights_sitenote_note":"","_monsterinsights_sitenote_category":0},"product_brand":[],"product_cat":[560],"product_tag":[1544,1545,1546,263,1547,1548,1549,609,1550,674,1551,1341],"class_list":{"0":"post-19173","1":"product","2":"type-product","3":"status-publish","4":"has-post-thumbnail","6":"product_cat-toepfe-schalen","7":"product_tag-growcoon-32mm","8":"product_tag-pflanzmedium","9":"product_tag-setzlinge","10":"product_tag-aquaponik","11":"product_tag-nachhaltiger-anbau","12":"product_tag-kompostierbar","13":"product_tag-vorzucht","14":"product_tag-hydroponik","15":"product_tag-saemling","16":"product_tag-stecklinge","17":"product_tag-wurzelwachstum","18":"product_tag-netztoepfe","19":"pa_hersteller-growcoon","21":"first","22":"instock","23":"taxable","24":"shipping-taxable","25":"purchasable","26":"product-type-simple"},"bundled_by":[],"bundle_stock_status":"instock","bundle_stock_quantity":116,"bundle_virtual":false,"bundle_layout":"","bundle_add_to_cart_form_location":"","bundle_editable_in_cart":false,"bundle_sold_individually_context":"","bundle_item_grouping":"","bundle_min_size":"","bundle_max_size":"","bundle_price":[],"bundled_items":[],"bundle_sell_ids":[],"supplier_id":null,"supplier_sku":"","barcode":null,"atum_controlled":true,"out_stock_date":null,"out_stock_threshold":null,"inheritable":false,"inbound_stock":0,"stock_on_hold":0,"sold_today":0,"sales_last_days":0,"reserved_stock":0,"customer_returns":0,"warehouse_damage":0,"lost_in_post":0,"other_logs":0,"out_stock_days":0,"lost_sales":0,"has_location":false,"update_date":"2026-05-01T00:22:51","atum_locations":[],"atum_stock_status":"instock","restock_status":false,"low_stock_amount":"","sales_update_date":"2026-05-01T00:22:51","calc_backorders":null,"tiered_pricing_type":"fixed","tiered_pricing_fixed_rules":{"50":0.04,"100":0.03},"tiered_pricing_product_settings":{"layout":"default","base_unit_name":{"singular":null,"plural":null},"default_variation":null},"tiered_pricing_minimum_quantity":null,"tiered_pricing_roles_data":[],"tiered_pricing_percentage_rules":[],"_links":{"self":[{"href":"https:\/\/www.lets-grow.de\/blog\/wp-json\/wp\/v2\/product\/19173","targetHints":{"allow":["GET"]}}],"collection":[{"href":"https:\/\/www.lets-grow.de\/blog\/wp-json\/wp\/v2\/product"}],"about":[{"href":"https:\/\/www.lets-grow.de\/blog\/wp-json\/wp\/v2\/types\/product"}],"replies":[{"embeddable":true,"href":"https:\/\/www.lets-grow.de\/blog\/wp-json\/wp\/v2\/comments?post=19173"}],"version-history":[{"count":0,"href":"https:\/\/www.lets-grow.de\/blog\/wp-json\/wp\/v2\/product\/19173\/revisions"}],"wp:featuredmedia":[{"embeddable":true,"href":"https:\/\/www.lets-grow.de\/blog\/wp-json\/wp\/v2\/media\/19175"}],"wp:attachment":[{"href":"https:\/\/www.lets-grow.de\/blog\/wp-json\/wp\/v2\/media?parent=19173"}],"wp:term":[{"taxonomy":"product_brand","embeddable":true,"href":"https:\/\/www.lets-grow.de\/blog\/wp-json\/wp\/v2\/product_brand?post=19173"},{"taxonomy":"product_cat","embeddable":true,"href":"https:\/\/www.lets-grow.de\/blog\/wp-json\/wp\/v2\/product_cat?post=19173"},{"taxonomy":"product_tag","embeddable":true,"href":"https:\/\/www.lets-grow.de\/blog\/wp-json\/wp\/v2\/product_tag?post=19173"}],"curies":[{"name":"wp","href":"https:\/\/api.w.org\/{rel}","templated":true}]}}