{"id":19055,"date":"2025-02-22T16:31:47","date_gmt":"2025-02-22T15:31:47","guid":{"rendered":"https:\/\/www.lets-grow.de\/blog\/?post_type=product&#038;p=19055"},"modified":"2025-12-04T18:10:10","modified_gmt":"2025-12-04T17:10:10","slug":"support-beratung-unterstuetzung","status":"publish","type":"product","link":"https:\/\/www.lets-grow.de\/blog\/shop\/support-beratung-unterstuetzung\/","title":{"rendered":"Support"},"content":{"rendered":"\t\t<div data-elementor-type=\"product-post\" data-elementor-id=\"19055\" class=\"elementor elementor-19055\" data-elementor-post-type=\"product\">\n\t\t\t\t<div class=\"wd-negative-gap elementor-element elementor-element-36a27cf6 e-flex e-con-boxed e-con e-parent\" data-id=\"36a27cf6\" data-element_type=\"container\" data-e-type=\"container\">\n\t\t\t\t\t<div class=\"e-con-inner\">\n\t\t\t\t<div class=\"elementor-element elementor-element-4a90839a elementor-widget elementor-widget-heading\" data-id=\"4a90839a\" data-element_type=\"widget\" data-e-type=\"widget\" data-widget_type=\"heading.default\">\n\t\t\t\t\t<h2 class=\"elementor-heading-title elementor-size-default\">Support \u2013 Ihre Hilfe bei Planung und Systemoptimierung<\/h2>\t\t\t\t<\/div>\n\t\t\t\t<div class=\"elementor-element elementor-element-71d9afa1 color-scheme-inherit text-left elementor-widget elementor-widget-text-editor\" data-id=\"71d9afa1\" data-element_type=\"widget\" data-e-type=\"widget\" data-widget_type=\"text-editor.default\">\n\t\t\t\t\t\t\t\t\t<p>Brauchen Sie Unterst\u00fctzung bei der Planung oder Optimierung Ihres Systems? Mit unserem langj\u00e4hrigen Know-how stehen wir Ihnen zur Seite! Egal ob vor Ort bei einer Tasse Kaffee oder Tee, per Telefon oder unkompliziert per E-Mail \u2013 wir bieten ma\u00dfgeschneiderte Unterst\u00fctzung f\u00fcr Ihr Projekt.<\/p>\t\t\t\t\t\t\t\t<\/div>\n\t\t\t\t<div class=\"elementor-element elementor-element-5b452f02 elementor-widget elementor-widget-spacer\" data-id=\"5b452f02\" data-element_type=\"widget\" data-e-type=\"widget\" data-widget_type=\"spacer.default\">\n\t\t\t\t\t\t\t<div class=\"elementor-spacer\">\n\t\t\t<div class=\"elementor-spacer-inner\"><\/div>\n\t\t<\/div>\n\t\t\t\t\t\t<\/div>\n\t\t\t\t<div class=\"elementor-element elementor-element-60deaa4b elementor-widget elementor-widget-heading\" data-id=\"60deaa4b\" data-element_type=\"widget\" data-e-type=\"widget\" data-widget_type=\"heading.default\">\n\t\t\t\t\t<h2 class=\"elementor-heading-title elementor-size-default\">Unsere Unterst\u00fctzung umfasst unter anderem:<\/h2>\t\t\t\t<\/div>\n\t\t\t\t<div class=\"elementor-element elementor-element-3bd30ad0 color-scheme-inherit text-left elementor-widget elementor-widget-text-editor\" data-id=\"3bd30ad0\" data-element_type=\"widget\" data-e-type=\"widget\" data-widget_type=\"text-editor.default\">\n\t\t\t\t\t\t\t\t\t<ul><li data-start=\"514\" data-end=\"568\"><strong data-start=\"516\" data-end=\"568\">Anlagenplanung und Beratung der Systemlandschaft<\/strong><\/li><li data-start=\"569\" data-end=\"636\"><strong data-start=\"571\" data-end=\"588\">Einlaufphase:<\/strong> Begleitung und Beratung f\u00fcr den optimalen Start<\/li><li data-start=\"637\" data-end=\"735\"><strong data-start=\"639\" data-end=\"678\">Filterberechnung und Filtertechnik:<\/strong> Auswahl und Dimensionierung der richtigen Filterl\u00f6sungen<\/li><li data-start=\"736\" data-end=\"801\"><strong data-start=\"738\" data-end=\"755\">Filtermedien:<\/strong> Beratung zur besten Wahl f\u00fcr Ihre Bed\u00fcrfnisse<\/li><li data-start=\"802\" data-end=\"879\"><strong data-start=\"804\" data-end=\"879\">Fischempfehlung und Kalkulation der Anzahl der Fische zur Pflanzenmenge<\/strong><\/li><li data-start=\"880\" data-end=\"949\"><strong data-start=\"882\" data-end=\"902\">Problembehebung:<\/strong> Unterst\u00fctzung bei auftretenden Systemproblemen<\/li><li data-start=\"950\" data-end=\"1020\"><strong data-start=\"952\" data-end=\"973\">Pumpenberechnung:<\/strong> Optimierung der Pumpenkapazit\u00e4t f\u00fcr Ihr System<\/li><li data-start=\"1021\" data-end=\"1094\"><strong data-start=\"1023\" data-end=\"1043\">Substratauswahl:<\/strong> Beratung zur besten Substratwahl f\u00fcr Ihre Pflanzen<\/li><li data-start=\"1095\" data-end=\"1171\"><strong data-start=\"1097\" data-end=\"1123\">Technologieempfehlung:<\/strong> Raft, NFT, Ebbe\/Flut, Tropfbew\u00e4sserung und mehr<\/li><\/ul>\t\t\t\t\t\t\t\t<\/div>\n\t\t\t\t<div class=\"elementor-element elementor-element-4e344f92 elementor-widget elementor-widget-spacer\" data-id=\"4e344f92\" data-element_type=\"widget\" data-e-type=\"widget\" data-widget_type=\"spacer.default\">\n\t\t\t\t\t\t\t<div class=\"elementor-spacer\">\n\t\t\t<div class=\"elementor-spacer-inner\"><\/div>\n\t\t<\/div>\n\t\t\t\t\t\t<\/div>\n\t\t\t\t<div class=\"elementor-element elementor-element-50c63849 elementor-widget elementor-widget-heading\" data-id=\"50c63849\" data-element_type=\"widget\" data-e-type=\"widget\" data-widget_type=\"heading.default\">\n\t\t\t\t\t<h2 class=\"elementor-heading-title elementor-size-default\">Preisgestaltung<\/h2>\t\t\t\t<\/div>\n\t\t\t\t<div class=\"elementor-element elementor-element-6f27ec55 color-scheme-inherit text-left elementor-widget elementor-widget-text-editor\" data-id=\"6f27ec55\" data-element_type=\"widget\" data-e-type=\"widget\" data-widget_type=\"text-editor.default\">\n\t\t\t\t\t\t\t\t\t<p>Der Preis f\u00fcr unsere Unterst\u00fctzung gilt pro angefangene Stunde. Bitte beachten Sie, dass die Buchung und Bezahlung im Vorfeld erfolgen m\u00fcssen.<\/p>\t\t\t\t\t\t\t\t<\/div>\n\t\t\t\t<div class=\"elementor-element elementor-element-64aec385 elementor-widget elementor-widget-spacer\" data-id=\"64aec385\" data-element_type=\"widget\" data-e-type=\"widget\" data-widget_type=\"spacer.default\">\n\t\t\t\t\t\t\t<div class=\"elementor-spacer\">\n\t\t\t<div class=\"elementor-spacer-inner\"><\/div>\n\t\t<\/div>\n\t\t\t\t\t\t<\/div>\n\t\t\t\t<div class=\"elementor-element elementor-element-ad10ca2 elementor-widget elementor-widget-heading\" data-id=\"ad10ca2\" data-element_type=\"widget\" data-e-type=\"widget\" data-widget_type=\"heading.default\">\n\t\t\t\t\t<h2 class=\"elementor-heading-title elementor-size-default\">Zusammenfassung<\/h2>\t\t\t\t<\/div>\n\t\t\t\t<div class=\"elementor-element elementor-element-37d65ca color-scheme-inherit text-left elementor-widget elementor-widget-text-editor\" data-id=\"37d65ca\" data-element_type=\"widget\" data-e-type=\"widget\" data-widget_type=\"text-editor.default\">\n\t\t\t\t\t\t\t\t\t<p>Nutzen Sie unsere langj\u00e4hrige Erfahrung in der Fisch- und Pflanzenzucht, um die besten Entscheidungen f\u00fcr Ihre Aquaponikanlage zu treffen. Wir begleiten Sie bei der Planung und Optimierung, damit auch Sie bald stolzer Besitzer eines effektiven, nachhaltigen und ertragreichen Systems sind, das sowohl Ihre Pflanzen als auch Ihre Fische gesund gedeihen l\u00e4sst. Lassen Sie sich von unserer Expertise inspirieren!<\/p>\t\t\t\t\t\t\t\t<\/div>\n\t\t\t\t\t<\/div>\n\t\t\t\t<\/div>\n\t\t\t\t<\/div>\n\t\t","protected":false},"excerpt":{"rendered":"<p>Ben\u00f6tigen Sie Unterst\u00fctzung bei der Planung oder Optimierung Ihres Systems? Wir bieten Ihnen umfassende Hilfe durch langj\u00e4hrige Expertise \u2013 von der Anlagenplanung \u00fcber Filterberechnungen bis hin zur Auswahl der richtigen Technologie. Kontaktieren Sie uns per E-Mail, Telefon oder bei einer Tasse Kaffee vor Ort. Der Preis gilt pro angefangene Stunde.<\/p>\n","protected":false},"featured_media":125,"comment_status":"open","ping_status":"closed","template":"","meta":{"_monsterinsights_skip_tracking":false,"_monsterinsights_sitenote_active":false,"_monsterinsights_sitenote_note":"","_monsterinsights_sitenote_category":0},"product_brand":[],"product_cat":[855],"product_tag":[1949,1950,1951,1952,1953,1954,1955],"class_list":{"0":"post-19055","1":"product","2":"type-product","3":"status-publish","4":"has-post-thumbnail","6":"product_cat-support","7":"product_tag-support","8":"product_tag-beratung","9":"product_tag-hotline","10":"product_tag-hilfe","11":"product_tag-expertise","12":"product_tag-know-how","13":"product_tag-guru","14":"pa_hersteller-lets-grow","16":"first","17":"instock","18":"virtual","19":"taxable","20":"purchasable","21":"product-type-simple"},"bundled_by":[],"bundle_stock_status":"instock","bundle_stock_quantity":null,"bundle_virtual":false,"bundle_layout":"","bundle_add_to_cart_form_location":"","bundle_editable_in_cart":false,"bundle_sold_individually_context":"","bundle_item_grouping":"","bundle_min_size":"","bundle_max_size":"","bundle_price":[],"bundled_items":[],"bundle_sell_ids":[],"supplier_id":null,"supplier_sku":"","barcode":null,"atum_controlled":true,"out_stock_date":null,"out_stock_threshold":null,"inheritable":false,"inbound_stock":0,"stock_on_hold":0,"sold_today":0,"sales_last_days":0,"reserved_stock":0,"customer_returns":0,"warehouse_damage":0,"lost_in_post":0,"other_logs":0,"out_stock_days":0,"lost_sales":0,"has_location":false,"update_date":"2026-04-04T00:43:34","atum_locations":[],"atum_stock_status":"instock","restock_status":false,"low_stock_amount":"","sales_update_date":"2026-04-04T00:43:34","calc_backorders":null,"tiered_pricing_type":"fixed","tiered_pricing_fixed_rules":[],"tiered_pricing_product_settings":{"layout":"default","base_unit_name":{"singular":null,"plural":null},"default_variation":null},"tiered_pricing_minimum_quantity":null,"tiered_pricing_roles_data":[],"tiered_pricing_percentage_rules":[],"_links":{"self":[{"href":"https:\/\/www.lets-grow.de\/blog\/wp-json\/wp\/v2\/product\/19055","targetHints":{"allow":["GET"]}}],"collection":[{"href":"https:\/\/www.lets-grow.de\/blog\/wp-json\/wp\/v2\/product"}],"about":[{"href":"https:\/\/www.lets-grow.de\/blog\/wp-json\/wp\/v2\/types\/product"}],"replies":[{"embeddable":true,"href":"https:\/\/www.lets-grow.de\/blog\/wp-json\/wp\/v2\/comments?post=19055"}],"version-history":[{"count":1,"href":"https:\/\/www.lets-grow.de\/blog\/wp-json\/wp\/v2\/product\/19055\/revisions"}],"predecessor-version":[{"id":21071,"href":"https:\/\/www.lets-grow.de\/blog\/wp-json\/wp\/v2\/product\/19055\/revisions\/21071"}],"wp:featuredmedia":[{"embeddable":true,"href":"https:\/\/www.lets-grow.de\/blog\/wp-json\/wp\/v2\/media\/125"}],"wp:attachment":[{"href":"https:\/\/www.lets-grow.de\/blog\/wp-json\/wp\/v2\/media?parent=19055"}],"wp:term":[{"taxonomy":"product_brand","embeddable":true,"href":"https:\/\/www.lets-grow.de\/blog\/wp-json\/wp\/v2\/product_brand?post=19055"},{"taxonomy":"product_cat","embeddable":true,"href":"https:\/\/www.lets-grow.de\/blog\/wp-json\/wp\/v2\/product_cat?post=19055"},{"taxonomy":"product_tag","embeddable":true,"href":"https:\/\/www.lets-grow.de\/blog\/wp-json\/wp\/v2\/product_tag?post=19055"}],"curies":[{"name":"wp","href":"https:\/\/api.w.org\/{rel}","templated":true}]}}