{"id":19018,"date":"2025-02-22T15:52:11","date_gmt":"2025-02-22T14:52:11","guid":{"rendered":"https:\/\/www.lets-grow.de\/blog\/?post_type=product&#038;p=19018"},"modified":"2026-01-25T20:42:11","modified_gmt":"2026-01-25T19:42:11","slug":"steckdosenleiste-6-fach-16-ampere","status":"publish","type":"product","link":"https:\/\/www.lets-grow.de\/blog\/shop\/steckdosenleiste-6-fach-16-ampere\/","title":{"rendered":"Steckdosenleiste 6fach"},"content":{"rendered":"\t\t<div data-elementor-type=\"product-post\" data-elementor-id=\"19018\" class=\"elementor elementor-19018\" data-elementor-post-type=\"product\">\n\t\t\t\t<div class=\"wd-negative-gap elementor-element elementor-element-78faad11 e-flex e-con-boxed e-con e-parent\" data-id=\"78faad11\" data-element_type=\"container\" data-e-type=\"container\">\n\t\t\t\t\t<div class=\"e-con-inner\">\n\t\t\t\t<div class=\"elementor-element elementor-element-3845bb22 elementor-widget elementor-widget-heading\" data-id=\"3845bb22\" data-element_type=\"widget\" data-e-type=\"widget\" data-widget_type=\"heading.default\">\n\t\t\t\t\t<h2 class=\"elementor-heading-title elementor-size-default\">6-fach Steckdosenleiste f\u00fcr Aquarien und Growzelte<\/h2>\t\t\t\t<\/div>\n\t\t\t\t<div class=\"elementor-element elementor-element-d0e0ca4 color-scheme-inherit text-left elementor-widget elementor-widget-text-editor\" data-id=\"d0e0ca4\" data-element_type=\"widget\" data-e-type=\"widget\" data-widget_type=\"text-editor.default\">\n\t\t\t\t\t\t\t\t\t<p>Die <strong data-start=\"244\" data-end=\"271\">6-fach Steckdosenleiste<\/strong> ist die ideale L\u00f6sung f\u00fcr die gleichzeitige Stromversorgung mehrerer Ger\u00e4te in Aquarien und Growzelten. Sie sorgt daf\u00fcr, dass Ger\u00e4te wie Heizungen, Kompressoren, Beleuchtung, Filter, Ventilatoren, Abluftsysteme oder Hydroponik-Pumpen zuverl\u00e4ssig mit Strom versorgt werden.<\/p>\t\t\t\t\t\t\t\t<\/div>\n\t\t\t\t<div class=\"elementor-element elementor-element-2e304ebe elementor-widget elementor-widget-spacer\" data-id=\"2e304ebe\" data-element_type=\"widget\" data-e-type=\"widget\" data-widget_type=\"spacer.default\">\n\t\t\t\t\t\t\t<div class=\"elementor-spacer\">\n\t\t\t<div class=\"elementor-spacer-inner\"><\/div>\n\t\t<\/div>\n\t\t\t\t\t\t<\/div>\n\t\t\t\t<div class=\"elementor-element elementor-element-11208eee elementor-widget elementor-widget-heading\" data-id=\"11208eee\" data-element_type=\"widget\" data-e-type=\"widget\" data-widget_type=\"heading.default\">\n\t\t\t\t\t<h2 class=\"elementor-heading-title elementor-size-default\">Technische Daten<\/h2>\t\t\t\t<\/div>\n\t\t\t\t<div class=\"elementor-element elementor-element-5c10adc color-scheme-inherit text-left elementor-widget elementor-widget-text-editor\" data-id=\"5c10adc\" data-element_type=\"widget\" data-e-type=\"widget\" data-widget_type=\"text-editor.default\">\n\t\t\t\t\t\t\t\t\t<ul><li data-start=\"575\" data-end=\"605\"><strong data-start=\"577\" data-end=\"603\">Anzahl der Steckdosen:<\/strong> 6<\/li><li data-start=\"606\" data-end=\"637\"><strong data-start=\"608\" data-end=\"630\">Maximale Leistung:<\/strong> 2500 W<\/li><li data-start=\"638\" data-end=\"667\"><strong data-start=\"640\" data-end=\"661\">Eingangsspannung:<\/strong> 230 V<\/li><li data-start=\"668\" data-end=\"714\"><strong data-start=\"670\" data-end=\"680\">Kabel:<\/strong> 1,5 m (je nach Modell variierbar)<\/li><li data-start=\"715\" data-end=\"765\"><strong data-start=\"717\" data-end=\"730\">Material:<\/strong> Hochwertiger Kunststoff, feuerfest<\/li><li data-start=\"766\" data-end=\"810\"><strong data-start=\"768\" data-end=\"778\">Farbe:<\/strong> Schwarz \/ Wei\u00df (je nach Modell)<\/li><li data-start=\"811\" data-end=\"841\"><strong data-start=\"813\" data-end=\"832\">Zertifizierung:<\/strong> CE, RoHS<\/li><\/ul>\t\t\t\t\t\t\t\t<\/div>\n\t\t\t\t<div class=\"elementor-element elementor-element-c7cedf6 elementor-widget elementor-widget-spacer\" data-id=\"c7cedf6\" data-element_type=\"widget\" data-e-type=\"widget\" data-widget_type=\"spacer.default\">\n\t\t\t\t\t\t\t<div class=\"elementor-spacer\">\n\t\t\t<div class=\"elementor-spacer-inner\"><\/div>\n\t\t<\/div>\n\t\t\t\t\t\t<\/div>\n\t\t\t\t<div class=\"elementor-element elementor-element-e8f707a elementor-widget elementor-widget-heading\" data-id=\"e8f707a\" data-element_type=\"widget\" data-e-type=\"widget\" data-widget_type=\"heading.default\">\n\t\t\t\t\t<h2 class=\"elementor-heading-title elementor-size-default\">Anwendungsbereiche<\/h2>\t\t\t\t<\/div>\n\t\t\t\t<div class=\"elementor-element elementor-element-17024837 color-scheme-inherit text-left elementor-widget elementor-widget-text-editor\" data-id=\"17024837\" data-element_type=\"widget\" data-e-type=\"widget\" data-widget_type=\"text-editor.default\">\n\t\t\t\t\t\t\t\t\t<p>Die Pro Grip Seilzugrollen sind ideal zum Aufh\u00e4ngen von schwDiese <strong data-start=\"878\" data-end=\"905\">6-fach Steckdosenleiste<\/strong> eignet sich hervorragend f\u00fcr den Einsatz in Aquarien und Growzelten, in denen mehrere Ger\u00e4te gleichzeitig betrieben werden m\u00fcssen. Ob Heizer und Filter im Aquarium oder Beleuchtung, Ventilatoren und Hydrosysteme im Growzelt \u2013 mit dieser Steckdosenleiste k\u00f6nnen Sie alles effizient anschlie\u00dfen.eren Reflektoren, Filtern, Beleuchtungsanlagen, L\u00fcftungseinrichtungen und in Growboxen verwendeten Ger\u00e4ten. Besonders empfehlenswert f\u00fcr die Aufh\u00e4ngung von gro\u00dfen Lampen und anderen technischen Ger\u00e4ten, die eine stabile und sichere Befestigung ben\u00f6tigen.<\/p>\t\t\t\t\t\t\t\t<\/div>\n\t\t\t\t<div class=\"elementor-element elementor-element-3498874 elementor-widget elementor-widget-spacer\" data-id=\"3498874\" data-element_type=\"widget\" data-e-type=\"widget\" data-widget_type=\"spacer.default\">\n\t\t\t\t\t\t\t<div class=\"elementor-spacer\">\n\t\t\t<div class=\"elementor-spacer-inner\"><\/div>\n\t\t<\/div>\n\t\t\t\t\t\t<\/div>\n\t\t\t\t<div class=\"elementor-element elementor-element-471b481e elementor-widget elementor-widget-heading\" data-id=\"471b481e\" data-element_type=\"widget\" data-e-type=\"widget\" data-widget_type=\"heading.default\">\n\t\t\t\t\t<h2 class=\"elementor-heading-title elementor-size-default\">Vorteile<\/h2>\t\t\t\t<\/div>\n\t\t\t\t<div class=\"elementor-element elementor-element-5da1df8a color-scheme-inherit text-left elementor-widget elementor-widget-text-editor\" data-id=\"5da1df8a\" data-element_type=\"widget\" data-e-type=\"widget\" data-widget_type=\"text-editor.default\">\n\t\t\t\t\t\t\t\t\t<ul><li data-start=\"1220\" data-end=\"1423\"><strong data-start=\"1222\" data-end=\"1252\">Mehrere Ger\u00e4te anschlie\u00dfen<\/strong>: Perfekt f\u00fcr die gleichzeitige Nutzung von Ger\u00e4ten wie Heizer, Kompressoren, Filtern und Beleuchtung im Aquarium oder Ventilatoren, Abluftsystemen und Pumpen im Growzelt.<\/li><li data-start=\"1424\" data-end=\"1521\"><strong data-start=\"1426\" data-end=\"1446\">Robuste Bauweise<\/strong>: Aus feuerfestem Kunststoff gefertigt, um die Sicherheit zu gew\u00e4hrleisten.<\/li><li data-start=\"1522\" data-end=\"1629\"><strong data-start=\"1524\" data-end=\"1548\">Praktische Anwendung<\/strong>: Erm\u00f6glicht eine ordentliche und sichere Verkabelung in Aquarien und Growzelten.<\/li><li data-start=\"1630\" data-end=\"1738\"><strong data-start=\"1632\" data-end=\"1664\">Platzsparend und komfortabel<\/strong>: Ideal f\u00fcr enge Pl\u00e4tze, auf denen mehrere Ger\u00e4te betrieben werden m\u00fcssen.<\/li><\/ul>\t\t\t\t\t\t\t\t<\/div>\n\t\t\t\t<div class=\"elementor-element elementor-element-33580d8a elementor-widget elementor-widget-spacer\" data-id=\"33580d8a\" data-element_type=\"widget\" data-e-type=\"widget\" data-widget_type=\"spacer.default\">\n\t\t\t\t\t\t\t<div class=\"elementor-spacer\">\n\t\t\t<div class=\"elementor-spacer-inner\"><\/div>\n\t\t<\/div>\n\t\t\t\t\t\t<\/div>\n\t\t\t\t<div class=\"elementor-element elementor-element-4e02df3a elementor-widget elementor-widget-heading\" data-id=\"4e02df3a\" data-element_type=\"widget\" data-e-type=\"widget\" data-widget_type=\"heading.default\">\n\t\t\t\t\t<h2 class=\"elementor-heading-title elementor-size-default\">Zusammenfassung<\/h2>\t\t\t\t<\/div>\n\t\t\t\t<div class=\"elementor-element elementor-element-534ab488 color-scheme-inherit text-left elementor-widget elementor-widget-text-editor\" data-id=\"534ab488\" data-element_type=\"widget\" data-e-type=\"widget\" data-widget_type=\"text-editor.default\">\n\t\t\t\t\t\t\t\t\t<p data-start=\"1756\" data-end=\"2026\">Die <strong data-start=\"1760\" data-end=\"1787\">6-fach Steckdosenleiste<\/strong> ist eine vielseitige L\u00f6sung f\u00fcr Aquarienbesitzer und Growzeltnutzer. Mit ihrer robusten Bauweise und der M\u00f6glichkeit, mehrere Ger\u00e4te gleichzeitig zu betreiben, sorgt sie f\u00fcr eine zuverl\u00e4ssige Stromversorgung in anspruchsvollen Umgebungen.<\/p>\t\t\t\t\t\t\t\t<\/div>\n\t\t\t\t\t<\/div>\n\t\t\t\t<\/div>\n\t\t\t\t<\/div>\n\t\t","protected":false},"excerpt":{"rendered":"<p>Die <strong data-start=\"2009\" data-end=\"2036\">6-fach Steckdosenleiste<\/strong> bietet Platz f\u00fcr bis zu 6 Ger\u00e4te. Ideal um mehrere Verbraucher mit dem Stromnetz zu verbinden. Sie ist ideal f\u00fcr B\u00fcros, Haushalte, Growzelte und Werkst\u00e4tte. Man kann so Lampe, L\u00fcfter, Abluft oder auch die Hydroponik mit Strom versorgen.<\/p>\n","protected":false},"featured_media":19019,"comment_status":"open","ping_status":"closed","template":"","meta":{"_monsterinsights_skip_tracking":false,"_monsterinsights_sitenote_active":false,"_monsterinsights_sitenote_note":"","_monsterinsights_sitenote_category":0},"product_brand":[],"product_cat":[523],"product_tag":[1515,1516,1517,1518],"class_list":{"0":"post-19018","1":"product","2":"type-product","3":"status-publish","4":"has-post-thumbnail","6":"product_cat-technik","7":"product_tag-steckdosenleiste","8":"product_tag-technik-zubehoer","9":"product_tag-mehrfachsteckdose","10":"product_tag-steckdosenleiste-230-v","12":"first","13":"instock","14":"taxable","15":"shipping-taxable","16":"purchasable","17":"product-type-simple"},"bundled_by":[],"bundle_stock_status":"instock","bundle_stock_quantity":2,"bundle_virtual":false,"bundle_layout":"","bundle_add_to_cart_form_location":"","bundle_editable_in_cart":false,"bundle_sold_individually_context":"","bundle_item_grouping":"","bundle_min_size":"","bundle_max_size":"","bundle_price":[],"bundled_items":[],"bundle_sell_ids":[],"supplier_id":null,"supplier_sku":"","barcode":null,"atum_controlled":true,"out_stock_date":null,"out_stock_threshold":null,"inheritable":false,"inbound_stock":0,"stock_on_hold":0,"sold_today":0,"sales_last_days":0,"reserved_stock":0,"customer_returns":0,"warehouse_damage":0,"lost_in_post":0,"other_logs":0,"out_stock_days":0,"lost_sales":0,"has_location":false,"update_date":"2026-05-02T00:23:00","atum_locations":[],"atum_stock_status":"instock","restock_status":false,"low_stock_amount":"","sales_update_date":"2026-05-02T00:23:00","calc_backorders":null,"tiered_pricing_type":"fixed","tiered_pricing_fixed_rules":[],"tiered_pricing_product_settings":{"layout":"default","base_unit_name":{"singular":null,"plural":null},"default_variation":null},"tiered_pricing_minimum_quantity":null,"tiered_pricing_roles_data":[],"tiered_pricing_percentage_rules":[],"_links":{"self":[{"href":"https:\/\/www.lets-grow.de\/blog\/wp-json\/wp\/v2\/product\/19018","targetHints":{"allow":["GET"]}}],"collection":[{"href":"https:\/\/www.lets-grow.de\/blog\/wp-json\/wp\/v2\/product"}],"about":[{"href":"https:\/\/www.lets-grow.de\/blog\/wp-json\/wp\/v2\/types\/product"}],"replies":[{"embeddable":true,"href":"https:\/\/www.lets-grow.de\/blog\/wp-json\/wp\/v2\/comments?post=19018"}],"version-history":[{"count":0,"href":"https:\/\/www.lets-grow.de\/blog\/wp-json\/wp\/v2\/product\/19018\/revisions"}],"wp:featuredmedia":[{"embeddable":true,"href":"https:\/\/www.lets-grow.de\/blog\/wp-json\/wp\/v2\/media\/19019"}],"wp:attachment":[{"href":"https:\/\/www.lets-grow.de\/blog\/wp-json\/wp\/v2\/media?parent=19018"}],"wp:term":[{"taxonomy":"product_brand","embeddable":true,"href":"https:\/\/www.lets-grow.de\/blog\/wp-json\/wp\/v2\/product_brand?post=19018"},{"taxonomy":"product_cat","embeddable":true,"href":"https:\/\/www.lets-grow.de\/blog\/wp-json\/wp\/v2\/product_cat?post=19018"},{"taxonomy":"product_tag","embeddable":true,"href":"https:\/\/www.lets-grow.de\/blog\/wp-json\/wp\/v2\/product_tag?post=19018"}],"curies":[{"name":"wp","href":"https:\/\/api.w.org\/{rel}","templated":true}]}}