{"id":18985,"date":"2025-02-22T14:03:40","date_gmt":"2025-02-22T13:03:40","guid":{"rendered":"https:\/\/www.lets-grow.de\/blog\/?post_type=product&#038;p=18985"},"modified":"2025-02-22T14:04:28","modified_gmt":"2025-02-22T13:04:28","slug":"luftverteiler-9mm-mit-3-ausgaenge","status":"publish","type":"product","link":"https:\/\/www.lets-grow.de\/blog\/shop\/luftverteiler-9mm-mit-3-ausgaenge\/","title":{"rendered":"Luftverteiler 9mm mit 3 Ausg\u00e4nge"},"content":{"rendered":"\t\t<div data-elementor-type=\"product-post\" data-elementor-id=\"18985\" class=\"elementor elementor-18985\" data-elementor-post-type=\"product\">\n\t\t\t\t<div class=\"wd-negative-gap elementor-element elementor-element-2674b469 e-flex e-con-boxed e-con e-parent\" data-id=\"2674b469\" data-element_type=\"container\" data-e-type=\"container\">\n\t\t\t\t\t<div class=\"e-con-inner\">\n\t\t\t\t<div class=\"elementor-element elementor-element-18eaacba elementor-widget elementor-widget-heading\" data-id=\"18eaacba\" data-element_type=\"widget\" data-e-type=\"widget\" data-widget_type=\"heading.default\">\n\t\t\t\t\t<h2 class=\"elementor-heading-title elementor-size-default\">Luftverteiler mit 3 Ausg\u00e4ngen f\u00fcr 9mm Luftschl\u00e4uche<\/h2>\t\t\t\t<\/div>\n\t\t\t\t<div class=\"elementor-element elementor-element-70644b0f color-scheme-inherit text-left elementor-widget elementor-widget-text-editor\" data-id=\"70644b0f\" data-element_type=\"widget\" data-e-type=\"widget\" data-widget_type=\"text-editor.default\">\n\t\t\t\t\t\t\t\t\t<p>Der <strong data-start=\"967\" data-end=\"1001\">Luftverteiler 9mm &#8211; 3 Ausg\u00e4nge<\/strong> erm\u00f6glicht eine effiziente Verteilung der Luftzufuhr in verschiedensten Anwendungen wie Aquaponik, Hydroponik oder Aquaristik. Mit drei gleichm\u00e4\u00dfigen Luftausg\u00e4ngen eignet er sich optimal f\u00fcr den Anschluss mehrerer Luftschl\u00e4uche mit 9mm Durchmesser. Dank seiner robusten Bauweise h\u00e4lt er hohem Druck stand und sorgt f\u00fcr eine zuverl\u00e4ssige Luftversorgung.<\/p>\t\t\t\t\t\t\t\t<\/div>\n\t\t\t\t<div class=\"elementor-element elementor-element-d970f88 elementor-widget elementor-widget-spacer\" data-id=\"d970f88\" data-element_type=\"widget\" data-e-type=\"widget\" data-widget_type=\"spacer.default\">\n\t\t\t\t\t\t\t<div class=\"elementor-spacer\">\n\t\t\t<div class=\"elementor-spacer-inner\"><\/div>\n\t\t<\/div>\n\t\t\t\t\t\t<\/div>\n\t\t\t\t<div class=\"elementor-element elementor-element-69249a55 elementor-widget elementor-widget-heading\" data-id=\"69249a55\" data-element_type=\"widget\" data-e-type=\"widget\" data-widget_type=\"heading.default\">\n\t\t\t\t\t<h2 class=\"elementor-heading-title elementor-size-default\">Anwendungen<\/h2>\t\t\t\t<\/div>\n\t\t\t\t<div class=\"elementor-element elementor-element-294c09a7 color-scheme-inherit text-left elementor-widget elementor-widget-text-editor\" data-id=\"294c09a7\" data-element_type=\"widget\" data-e-type=\"widget\" data-widget_type=\"text-editor.default\">\n\t\t\t\t\t\t\t\t\t<p>Die Pro Grip Seilzugro<\/p><ul><li data-start=\"1378\" data-end=\"1428\">Ideal f\u00fcr Membranpumpen und Kolbenkompressoren<\/li><li data-start=\"1429\" data-end=\"1489\">Verteilung von Luft in Aquaponik- und Hydroponiksystemen<\/li><li data-start=\"1490\" data-end=\"1540\">Einsatz in Aquarien zur Sauerstoffanreicherung<\/li><li data-start=\"1541\" data-end=\"1598\">Perfekt f\u00fcr Luftsteine, Bel\u00fcfterringe oder Diffusoren<\/li><\/ul><p>llen sind ideal zum Aufh\u00e4ngen von schweren Reflektoren, Filtern, Beleuchtungsanlagen, L\u00fcftungseinrichtungen und in Growboxen verwendeten Ger\u00e4ten. Besonders empfehlenswert f\u00fcr die Aufh\u00e4ngung von gro\u00dfen Lampen und anderen technischen Ger\u00e4ten, die eine stabile und sichere Befestigung ben\u00f6tigen.<\/p>\t\t\t\t\t\t\t\t<\/div>\n\t\t\t\t<div class=\"elementor-element elementor-element-551736b6 elementor-widget elementor-widget-spacer\" data-id=\"551736b6\" data-element_type=\"widget\" data-e-type=\"widget\" data-widget_type=\"spacer.default\">\n\t\t\t\t\t\t\t<div class=\"elementor-spacer\">\n\t\t\t<div class=\"elementor-spacer-inner\"><\/div>\n\t\t<\/div>\n\t\t\t\t\t\t<\/div>\n\t\t\t\t<div class=\"elementor-element elementor-element-19eade3 elementor-widget elementor-widget-heading\" data-id=\"19eade3\" data-element_type=\"widget\" data-e-type=\"widget\" data-widget_type=\"heading.default\">\n\t\t\t\t\t<h2 class=\"elementor-heading-title elementor-size-default\">Vorteile<\/h2>\t\t\t\t<\/div>\n\t\t\t\t<div class=\"elementor-element elementor-element-32086f49 color-scheme-inherit text-left elementor-widget elementor-widget-text-editor\" data-id=\"32086f49\" data-element_type=\"widget\" data-e-type=\"widget\" data-widget_type=\"text-editor.default\">\n\t\t\t\t\t\t\t\t\t<p>\u2714 Gleichm\u00e4\u00dfige Luftverteilung f\u00fcr optimale Sauerstoffversorgung<br data-start=\"1682\" data-end=\"1685\" \/>\u2714 Robustes Material f\u00fcr lange Haltbarkeit<br data-start=\"1726\" data-end=\"1729\" \/>\u2714 Kompatibel mit allen 9mm Luftschl\u00e4uchen<br data-start=\"1770\" data-end=\"1773\" \/>\u2714 Einfache Installation ohne Werkzeug<br data-start=\"1810\" data-end=\"1813\" \/>\u2714 Vielseitig einsetzbar f\u00fcr Aquaponik, Hydroponik &amp; Aquaristik<\/p>\t\t\t\t\t\t\t\t<\/div>\n\t\t\t\t<div class=\"elementor-element elementor-element-74c97eae elementor-widget elementor-widget-spacer\" data-id=\"74c97eae\" data-element_type=\"widget\" data-e-type=\"widget\" data-widget_type=\"spacer.default\">\n\t\t\t\t\t\t\t<div class=\"elementor-spacer\">\n\t\t\t<div class=\"elementor-spacer-inner\"><\/div>\n\t\t<\/div>\n\t\t\t\t\t\t<\/div>\n\t\t\t\t<div class=\"elementor-element elementor-element-172b2d74 elementor-widget elementor-widget-heading\" data-id=\"172b2d74\" data-element_type=\"widget\" data-e-type=\"widget\" data-widget_type=\"heading.default\">\n\t\t\t\t\t<h2 class=\"elementor-heading-title elementor-size-default\">Zusammenfassung<\/h2>\t\t\t\t<\/div>\n\t\t\t\t<div class=\"elementor-element elementor-element-32dc4100 color-scheme-inherit text-left elementor-widget elementor-widget-text-editor\" data-id=\"32dc4100\" data-element_type=\"widget\" data-e-type=\"widget\" data-widget_type=\"text-editor.default\">\n\t\t\t\t\t\t\t\t\t<p>Der <strong data-start=\"1909\" data-end=\"1943\">Luftverteiler 9mm &#8211; 3 Ausg\u00e4nge<\/strong> ist die perfekte L\u00f6sung zur Luftverteilung in Aquaponik-, Hydroponik- und Aquaristik-Systemen. Dank seiner stabilen Bauweise und der einfachen Handhabung sorgt er f\u00fcr eine gleichm\u00e4\u00dfige Sauerstoffversorgung und ein gesundes Wachstum der Pflanzen oder Fische.<\/p>\t\t\t\t\t\t\t\t<\/div>\n\t\t\t\t\t<\/div>\n\t\t\t\t<\/div>\n\t\t\t\t<\/div>\n\t\t","protected":false},"excerpt":{"rendered":"<p>Der Luftverteiler 9mm mit 3 Ausg\u00e4ngen sorgt f\u00fcr eine gleichm\u00e4\u00dfige Luftverteilung in Aquaponik-, Hydroponik- oder Aquaristik-Systemen. Er besteht aus robustem Material und erm\u00f6glicht den Anschluss von 9mm Luftschl\u00e4uchen. Perfekt f\u00fcr Bel\u00fcftungssysteme mit Membranpumpen oder Kolbenkompressoren. Einfache Installation und zuverl\u00e4ssige Leistung f\u00fcr optimale Sauerstoffversorgung.<\/p>\n","protected":false},"featured_media":18986,"comment_status":"open","ping_status":"closed","template":"","meta":{"_monsterinsights_skip_tracking":false,"_monsterinsights_sitenote_active":false,"_monsterinsights_sitenote_note":"","_monsterinsights_sitenote_category":0},"product_brand":[],"product_cat":[857],"product_tag":[1371,1376,1492,1493],"class_list":{"0":"post-18985","1":"product","2":"type-product","3":"status-publish","4":"has-post-thumbnail","6":"product_cat-haehne","7":"product_tag-luftverteiler","8":"product_tag-aquaponik-luftverteiler","9":"product_tag-9mm-luftverteiler","10":"product_tag-luftverteiler-3-fach","11":"pa_hersteller-sibo","13":"first","14":"instock","15":"taxable","16":"shipping-taxable","17":"purchasable","18":"product-type-simple"},"bundled_by":[],"bundle_stock_status":"instock","bundle_stock_quantity":1,"bundle_virtual":false,"bundle_layout":"","bundle_add_to_cart_form_location":"","bundle_editable_in_cart":false,"bundle_sold_individually_context":"","bundle_item_grouping":"","bundle_min_size":"","bundle_max_size":"","bundle_price":[],"bundled_items":[],"bundle_sell_ids":[],"supplier_id":null,"supplier_sku":"","barcode":null,"atum_controlled":true,"out_stock_date":null,"out_stock_threshold":null,"inheritable":false,"inbound_stock":0,"stock_on_hold":0,"sold_today":0,"sales_last_days":0,"reserved_stock":0,"customer_returns":0,"warehouse_damage":0,"lost_in_post":0,"other_logs":0,"out_stock_days":0,"lost_sales":0,"has_location":false,"update_date":"2026-05-02T00:22:58","atum_locations":[],"atum_stock_status":"instock","restock_status":false,"low_stock_amount":"","sales_update_date":"2026-05-02T00:22:58","calc_backorders":null,"tiered_pricing_type":"fixed","tiered_pricing_fixed_rules":[],"tiered_pricing_product_settings":{"layout":"default","base_unit_name":{"singular":null,"plural":null},"default_variation":null},"tiered_pricing_minimum_quantity":null,"tiered_pricing_roles_data":[],"tiered_pricing_percentage_rules":[],"_links":{"self":[{"href":"https:\/\/www.lets-grow.de\/blog\/wp-json\/wp\/v2\/product\/18985","targetHints":{"allow":["GET"]}}],"collection":[{"href":"https:\/\/www.lets-grow.de\/blog\/wp-json\/wp\/v2\/product"}],"about":[{"href":"https:\/\/www.lets-grow.de\/blog\/wp-json\/wp\/v2\/types\/product"}],"replies":[{"embeddable":true,"href":"https:\/\/www.lets-grow.de\/blog\/wp-json\/wp\/v2\/comments?post=18985"}],"version-history":[{"count":0,"href":"https:\/\/www.lets-grow.de\/blog\/wp-json\/wp\/v2\/product\/18985\/revisions"}],"wp:featuredmedia":[{"embeddable":true,"href":"https:\/\/www.lets-grow.de\/blog\/wp-json\/wp\/v2\/media\/18986"}],"wp:attachment":[{"href":"https:\/\/www.lets-grow.de\/blog\/wp-json\/wp\/v2\/media?parent=18985"}],"wp:term":[{"taxonomy":"product_brand","embeddable":true,"href":"https:\/\/www.lets-grow.de\/blog\/wp-json\/wp\/v2\/product_brand?post=18985"},{"taxonomy":"product_cat","embeddable":true,"href":"https:\/\/www.lets-grow.de\/blog\/wp-json\/wp\/v2\/product_cat?post=18985"},{"taxonomy":"product_tag","embeddable":true,"href":"https:\/\/www.lets-grow.de\/blog\/wp-json\/wp\/v2\/product_tag?post=18985"}],"curies":[{"name":"wp","href":"https:\/\/api.w.org\/{rel}","templated":true}]}}