{"id":18959,"date":"2025-02-22T12:58:43","date_gmt":"2025-02-22T11:58:43","guid":{"rendered":"https:\/\/www.lets-grow.de\/blog\/?post_type=product&#038;p=18959"},"modified":"2025-07-28T21:07:03","modified_gmt":"2025-07-28T19:07:03","slug":"afrikanischer-raubwels-hybrid-25er-set-inkl-versand","status":"publish","type":"product","link":"https:\/\/www.lets-grow.de\/blog\/shop\/afrikanischer-raubwels-hybrid-25er-set-inkl-versand\/","title":{"rendered":"Afrikanischer Raubwels-Hybrid \u2013 25er Set inkl. Versand"},"content":{"rendered":"\t\t<div data-elementor-type=\"product-post\" data-elementor-id=\"18959\" class=\"elementor elementor-18959\" data-elementor-post-type=\"product\">\n\t\t\t\t<div class=\"wd-negative-gap elementor-element elementor-element-11dc5f49 e-flex e-con-boxed e-con e-parent\" data-id=\"11dc5f49\" data-element_type=\"container\" data-e-type=\"container\">\n\t\t\t\t\t<div class=\"e-con-inner\">\n\t\t\t\t<div class=\"elementor-element elementor-element-a69553b elementor-widget elementor-widget-heading\" data-id=\"a69553b\" data-element_type=\"widget\" data-e-type=\"widget\" data-widget_type=\"heading.default\">\n\t\t\t\t\t<h2 class=\"elementor-heading-title elementor-size-default\">Afrikanischer Raubwels-Hybrid \u2013 25er Set inkl. Versand (Clarias gariepinus x Heterobranchus longifilis)<\/h2>\t\t\t\t<\/div>\n\t\t\t\t<div class=\"elementor-element elementor-element-1c10e67 color-scheme-inherit text-left elementor-widget elementor-widget-text-editor\" data-id=\"1c10e67\" data-element_type=\"widget\" data-e-type=\"widget\" data-widget_type=\"text-editor.default\">\n\t\t\t\t\t\t\t\t\t<p data-start=\"1205\" data-end=\"1585\">Der <strong data-start=\"1209\" data-end=\"1241\">Afrikanische Raubwels-Hybrid<\/strong> (Clarias gariepinus x Heterobranchus longifilis) ist bekannt f\u00fcr seine Robustheit und sein schnelles Wachstum. Diese Fische eignen sich perfekt f\u00fcr Aquaponiksysteme und nachhaltige Fischzucht. Sie gedeihen unter verschiedensten Bedingungen und erreichen innerhalb von nur sechs Monaten bei Temperaturen \u00fcber 25\u00b0C ein Gewicht von bis zu 1 kg.<\/p><p data-start=\"1587\" data-end=\"1812\">Wir bieten die <strong data-start=\"1602\" data-end=\"1674\">Afrikanischen Raubwels-Hybriden als 25er Set inklusive Versandkosten<\/strong> an! Das bedeutet, du bekommst 25 kr\u00e4ftige Jungfische (5-7 cm) direkt zu dir nach Hause geliefert \u2013 ganz ohne zus\u00e4tzliche Versandkosten.<\/p>\t\t\t\t\t\t\t\t<\/div>\n\t\t\t\t<div class=\"elementor-element elementor-element-bb544a1 elementor-widget elementor-widget-spacer\" data-id=\"bb544a1\" data-element_type=\"widget\" data-e-type=\"widget\" data-widget_type=\"spacer.default\">\n\t\t\t\t\t\t\t<div class=\"elementor-spacer\">\n\t\t\t<div class=\"elementor-spacer-inner\"><\/div>\n\t\t<\/div>\n\t\t\t\t\t\t<\/div>\n\t\t\t\t<div class=\"elementor-element elementor-element-4a6f8e5 elementor-widget elementor-widget-heading\" data-id=\"4a6f8e5\" data-element_type=\"widget\" data-e-type=\"widget\" data-widget_type=\"heading.default\">\n\t\t\t\t\t<h2 class=\"elementor-heading-title elementor-size-default\">Hinweis<\/h2>\t\t\t\t<\/div>\n\t\t\t\t<div class=\"elementor-element elementor-element-f8032c4 color-scheme-inherit text-left elementor-widget elementor-widget-text-editor\" data-id=\"f8032c4\" data-element_type=\"widget\" data-e-type=\"widget\" data-widget_type=\"text-editor.default\">\n\t\t\t\t\t\t\t\t\t<p>Fische k\u00f6nnen nur <strong data-start=\"1848\" data-end=\"1863\">vorbestellt<\/strong> werden, Lieferung fr\u00fchestens <strong data-start=\"1893\" data-end=\"1913\">Mitte April 2025<\/strong>. Versand per Tierversand mit vorheriger Terminabsprache.<\/p>\t\t\t\t\t\t\t\t<\/div>\n\t\t\t\t<div class=\"elementor-element elementor-element-bf7fcf8 elementor-widget elementor-widget-spacer\" data-id=\"bf7fcf8\" data-element_type=\"widget\" data-e-type=\"widget\" data-widget_type=\"spacer.default\">\n\t\t\t\t\t\t\t<div class=\"elementor-spacer\">\n\t\t\t<div class=\"elementor-spacer-inner\"><\/div>\n\t\t<\/div>\n\t\t\t\t\t\t<\/div>\n\t\t\t\t<div class=\"elementor-element elementor-element-1528dce elementor-widget elementor-widget-heading\" data-id=\"1528dce\" data-element_type=\"widget\" data-e-type=\"widget\" data-widget_type=\"heading.default\">\n\t\t\t\t\t<h2 class=\"elementor-heading-title elementor-size-default\">Anwendungen<\/h2>\t\t\t\t<\/div>\n\t\t\t\t<div class=\"elementor-element elementor-element-3ea89053 color-scheme-inherit text-left elementor-widget elementor-widget-text-editor\" data-id=\"3ea89053\" data-element_type=\"widget\" data-e-type=\"widget\" data-widget_type=\"text-editor.default\">\n\t\t\t\t\t\t\t\t\t<ul><li data-start=\"2000\" data-end=\"2051\"><strong data-start=\"2002\" data-end=\"2022\">Aquaponiksysteme<\/strong> \u2013 effizient und nachhaltig<\/li><li data-start=\"2052\" data-end=\"2107\"><strong data-start=\"2054\" data-end=\"2077\">Teiche &amp; Aquakultur<\/strong> \u2013 optimal f\u00fcr warmes Wasser<\/li><li data-start=\"2108\" data-end=\"2189\"><strong data-start=\"2110\" data-end=\"2134\">Ideal f\u00fcr Fischzucht<\/strong> \u2013 schnelles Wachstum &amp; geringe Haltungsanforderungen<\/li><\/ul>\t\t\t\t\t\t\t\t<\/div>\n\t\t\t\t<div class=\"elementor-element elementor-element-27b41f31 elementor-widget elementor-widget-spacer\" data-id=\"27b41f31\" data-element_type=\"widget\" data-e-type=\"widget\" data-widget_type=\"spacer.default\">\n\t\t\t\t\t\t\t<div class=\"elementor-spacer\">\n\t\t\t<div class=\"elementor-spacer-inner\"><\/div>\n\t\t<\/div>\n\t\t\t\t\t\t<\/div>\n\t\t\t\t<div class=\"elementor-element elementor-element-39ec2286 elementor-widget elementor-widget-heading\" data-id=\"39ec2286\" data-element_type=\"widget\" data-e-type=\"widget\" data-widget_type=\"heading.default\">\n\t\t\t\t\t<h2 class=\"elementor-heading-title elementor-size-default\">Vorteile<\/h2>\t\t\t\t<\/div>\n\t\t\t\t<div class=\"elementor-element elementor-element-2aa7fcf6 color-scheme-inherit text-left elementor-widget elementor-widget-text-editor\" data-id=\"2aa7fcf6\" data-element_type=\"widget\" data-e-type=\"widget\" data-widget_type=\"text-editor.default\">\n\t\t\t\t\t\t\t\t\t<p>\u2705 <strong data-start=\"2218\" data-end=\"2250\">25er Set inkl. Versandkosten<\/strong> \u2013 keine zus\u00e4tzlichen Versandgeb\u00fchren<br data-start=\"2287\" data-end=\"2290\" \/>\u2705 <strong data-start=\"2292\" data-end=\"2314\">Schnelles Wachstum<\/strong> \u2013 bis zu 1 kg in 6 Monaten bei \u00fcber 25\u00b0C<br data-start=\"2355\" data-end=\"2358\" \/>\u2705 <strong data-start=\"2360\" data-end=\"2388\">Robust &amp; anpassungsf\u00e4hig<\/strong> \u2013 auch f\u00fcr schwankende Wasserwerte geeignet<br data-start=\"2432\" data-end=\"2435\" \/>\u2705 <strong data-start=\"2437\" data-end=\"2461\">Effiziente F\u00fctterung<\/strong> \u2013 niedriger Energieverbrauch<br data-start=\"2490\" data-end=\"2493\" \/>\u2705 <strong data-start=\"2495\" data-end=\"2545\">Perfekt f\u00fcr nachhaltige Fischzucht &amp; Aquaponik<\/strong><\/p>\t\t\t\t\t\t\t\t<\/div>\n\t\t\t\t<div class=\"elementor-element elementor-element-1e58df2a elementor-widget elementor-widget-spacer\" data-id=\"1e58df2a\" data-element_type=\"widget\" data-e-type=\"widget\" data-widget_type=\"spacer.default\">\n\t\t\t\t\t\t\t<div class=\"elementor-spacer\">\n\t\t\t<div class=\"elementor-spacer-inner\"><\/div>\n\t\t<\/div>\n\t\t\t\t\t\t<\/div>\n\t\t\t\t<div class=\"elementor-element elementor-element-19fc8326 elementor-widget elementor-widget-heading\" data-id=\"19fc8326\" data-element_type=\"widget\" data-e-type=\"widget\" data-widget_type=\"heading.default\">\n\t\t\t\t\t<h2 class=\"elementor-heading-title elementor-size-default\">Zusammenfassung<\/h2>\t\t\t\t<\/div>\n\t\t\t\t<div class=\"elementor-element elementor-element-506e34a3 color-scheme-inherit text-left elementor-widget elementor-widget-text-editor\" data-id=\"506e34a3\" data-element_type=\"widget\" data-e-type=\"widget\" data-widget_type=\"text-editor.default\">\n\t\t\t\t\t\t\t\t\t<p>Der <strong data-start=\"2585\" data-end=\"2617\">Afrikanische Raubwels-Hybrid<\/strong> ist die perfekte Wahl f\u00fcr Aquaponik und nachhaltige Fischzucht. <strong data-start=\"2682\" data-end=\"2732\">Erh\u00e4ltlich im 25er Set inklusive Versandkosten<\/strong>, w\u00e4chst dieser Fisch schnell, ist extrem widerstandsf\u00e4hig und eignet sich ideal f\u00fcr Teiche, Aquakultur und Aquaponiksysteme. <strong data-start=\"2858\" data-end=\"2929\">Jetzt vorbestellen \u2013 Lieferung ab Mitte April 2025 per Tierversand!<\/strong><\/p>\t\t\t\t\t\t\t\t<\/div>\n\t\t\t\t\t<\/div>\n\t\t\t\t<\/div>\n\t\t\t\t<\/div>\n\t\t","protected":false},"excerpt":{"rendered":"<p>Der <strong data-start=\"494\" data-end=\"526\">Afrikanische Raubwels-Hybrid<\/strong> (Clarias gariepinus x Heterobranchus longifilis) ist die ideale Wahl f\u00fcr Aquaponik. Diese robusten Fische wachsen schnell und erreichen bei Temperaturen \u00fcber 25\u00b0C innerhalb von sechs Monaten bis zu 1 kg. <strong data-start=\"731\" data-end=\"779\">Erh\u00e4ltlich als 25er Set inkl. Versandkosten!<\/strong> <strong data-start=\"780\" data-end=\"846\">Vorbestellung m\u00f6glich \u2013 Lieferung fr\u00fchestens Mitte April 2025.<\/strong> Versand per Tierversand mit Terminabsprache.<\/p>\n","protected":false},"featured_media":18960,"comment_status":"open","ping_status":"closed","template":"","meta":{"_monsterinsights_skip_tracking":false,"_monsterinsights_sitenote_active":false,"_monsterinsights_sitenote_note":"","_monsterinsights_sitenote_category":0},"product_brand":[],"product_cat":[1483],"product_tag":[1324,1484,1485,1486,1487,1488,1489,1490],"class_list":{"0":"post-18959","1":"product","2":"type-product","3":"status-publish","4":"has-post-thumbnail","6":"product_cat-besatzfische","7":"product_tag-afrikanischer-raubwels","8":"product_tag-hybridwels","9":"product_tag-afrowels","10":"product_tag-clarias","11":"product_tag-besatzfische","12":"product_tag-clarias-gariepinus","13":"product_tag-heterobranchus-longifilis","14":"product_tag-speisefische","15":"product_shipping_class-versandkostenfrei","17":"first","18":"outofstock","19":"taxable","20":"shipping-taxable","21":"purchasable","22":"product-type-simple"},"bundled_by":[],"bundle_stock_status":"outofstock","bundle_stock_quantity":0,"bundle_virtual":false,"bundle_layout":"","bundle_add_to_cart_form_location":"","bundle_editable_in_cart":false,"bundle_sold_individually_context":"","bundle_item_grouping":"","bundle_min_size":"","bundle_max_size":"","bundle_price":[],"bundled_items":[],"bundle_sell_ids":[],"supplier_id":null,"supplier_sku":"","barcode":null,"atum_controlled":true,"out_stock_date":"2025-07-28 21:07:04","out_stock_threshold":null,"inheritable":false,"inbound_stock":0,"stock_on_hold":0,"sold_today":0,"sales_last_days":0,"reserved_stock":0,"customer_returns":0,"warehouse_damage":0,"lost_in_post":0,"other_logs":0,"out_stock_days":250,"lost_sales":0,"has_location":false,"update_date":"2026-04-05T00:43:59","atum_locations":[],"atum_stock_status":"outofstock","restock_status":false,"low_stock_amount":"","sales_update_date":"2026-04-05T00:43:59","calc_backorders":null,"tiered_pricing_type":"fixed","tiered_pricing_fixed_rules":{"3":89.99,"5":74.99},"tiered_pricing_product_settings":{"layout":"default","base_unit_name":{"singular":null,"plural":null},"default_variation":null},"tiered_pricing_minimum_quantity":null,"tiered_pricing_roles_data":[],"tiered_pricing_percentage_rules":[],"_links":{"self":[{"href":"https:\/\/www.lets-grow.de\/blog\/wp-json\/wp\/v2\/product\/18959","targetHints":{"allow":["GET"]}}],"collection":[{"href":"https:\/\/www.lets-grow.de\/blog\/wp-json\/wp\/v2\/product"}],"about":[{"href":"https:\/\/www.lets-grow.de\/blog\/wp-json\/wp\/v2\/types\/product"}],"replies":[{"embeddable":true,"href":"https:\/\/www.lets-grow.de\/blog\/wp-json\/wp\/v2\/comments?post=18959"}],"version-history":[{"count":0,"href":"https:\/\/www.lets-grow.de\/blog\/wp-json\/wp\/v2\/product\/18959\/revisions"}],"wp:featuredmedia":[{"embeddable":true,"href":"https:\/\/www.lets-grow.de\/blog\/wp-json\/wp\/v2\/media\/18960"}],"wp:attachment":[{"href":"https:\/\/www.lets-grow.de\/blog\/wp-json\/wp\/v2\/media?parent=18959"}],"wp:term":[{"taxonomy":"product_brand","embeddable":true,"href":"https:\/\/www.lets-grow.de\/blog\/wp-json\/wp\/v2\/product_brand?post=18959"},{"taxonomy":"product_cat","embeddable":true,"href":"https:\/\/www.lets-grow.de\/blog\/wp-json\/wp\/v2\/product_cat?post=18959"},{"taxonomy":"product_tag","embeddable":true,"href":"https:\/\/www.lets-grow.de\/blog\/wp-json\/wp\/v2\/product_tag?post=18959"}],"curies":[{"name":"wp","href":"https:\/\/api.w.org\/{rel}","templated":true}]}}