{"id":18950,"date":"2025-02-21T19:57:27","date_gmt":"2025-02-21T18:57:27","guid":{"rendered":"https:\/\/www.lets-grow.de\/blog\/?post_type=product&#038;p=18950"},"modified":"2026-04-29T12:44:47","modified_gmt":"2026-04-29T10:44:47","slug":"substratwaechter-100mm-25cm","status":"publish","type":"product","link":"https:\/\/www.lets-grow.de\/blog\/shop\/substratwaechter-100mm-25cm\/","title":{"rendered":"Substratw\u00e4chter 100mm"},"content":{"rendered":"\t\t<div data-elementor-type=\"product-post\" data-elementor-id=\"18950\" class=\"elementor elementor-18950\" data-elementor-post-type=\"product\">\n\t\t\t\t<div class=\"wd-negative-gap elementor-element elementor-element-6b46332d e-flex e-con-boxed e-con e-parent\" data-id=\"6b46332d\" data-element_type=\"container\" data-e-type=\"container\">\n\t\t\t\t\t<div class=\"e-con-inner\">\n\t\t\t\t<div class=\"elementor-element elementor-element-6966bac elementor-widget elementor-widget-heading\" data-id=\"6966bac\" data-element_type=\"widget\" data-e-type=\"widget\" data-widget_type=\"heading.default\">\n\t\t\t\t\t<h2 class=\"elementor-heading-title elementor-size-default\">Substratw\u00e4chter 100mm \u2013 Schutz f\u00fcr dein Hydroponik- und Aquaponiksystem<\/h2>\t\t\t\t<\/div>\n\t\t\t\t<div class=\"elementor-element elementor-element-3666740d color-scheme-inherit text-left elementor-widget elementor-widget-text-editor\" data-id=\"3666740d\" data-element_type=\"widget\" data-e-type=\"widget\" data-widget_type=\"text-editor.default\">\n\t\t\t\t\t\t\t\t\t<p>Der <strong data-start=\"1045\" data-end=\"1070\">Substratw\u00e4chter 100mm<\/strong> ist die perfekte L\u00f6sung, um Substrat wie Bl\u00e4hton oder Kies davon abzuhalten, in deinen Siphon zu gelangen. Der Gitterrohrschutz hat einen Durchmesser von 100mm und eine L\u00e4nge von 25cm. Damit bleibt dein Zulauf, Ablauf oder \u00dcberlauf stets frei von Substrat. Dies erleichtert nicht nur die Wartung deines Systems, sondern sch\u00fctzt auch die Funktionsf\u00e4higkeit des Siphons. Zudem eignet sich der Substratw\u00e4chter als Schutzrohr f\u00fcr Helix, da das Gitter verhindern kann, dass gr\u00f6\u00dfere Teile hindurchtreten.<\/p>\t\t\t\t\t\t\t\t<\/div>\n\t\t\t\t<div class=\"elementor-element elementor-element-7175c1ed elementor-widget elementor-widget-spacer\" data-id=\"7175c1ed\" data-element_type=\"widget\" data-e-type=\"widget\" data-widget_type=\"spacer.default\">\n\t\t\t\t\t\t\t<div class=\"elementor-spacer\">\n\t\t\t<div class=\"elementor-spacer-inner\"><\/div>\n\t\t<\/div>\n\t\t\t\t\t\t<\/div>\n\t\t\t\t<div class=\"elementor-element elementor-element-73348dbb elementor-widget elementor-widget-heading\" data-id=\"73348dbb\" data-element_type=\"widget\" data-e-type=\"widget\" data-widget_type=\"heading.default\">\n\t\t\t\t\t<h2 class=\"elementor-heading-title elementor-size-default\">Anwendungen<\/h2>\t\t\t\t<\/div>\n\t\t\t\t<div class=\"elementor-element elementor-element-3e14cc89 color-scheme-inherit text-left elementor-widget elementor-widget-text-editor\" data-id=\"3e14cc89\" data-element_type=\"widget\" data-e-type=\"widget\" data-widget_type=\"text-editor.default\">\n\t\t\t\t\t\t\t\t\t<p data-start=\"1576\" data-end=\"1997\">Der Substratw\u00e4chter wird in Hydroponik- oder Aquaponik-Systemen eingesetzt, um Substrat vom Siphon fernzuhalten. Er l\u00e4sst sich an Zul\u00e4ufen, Abl\u00e4ufen oder \u00dcberl\u00e4ufen installieren. Bei Wartungsarbeiten kannst du die Glocke des Siphons problemlos entnehmen und reinigen. Der W\u00e4chter sorgt daf\u00fcr, dass keine Wurzeln oder Substratteile in den Siphon gelangen, was das System effizient und funktionsf\u00e4hig h\u00e4lt.<\/p>\t\t\t\t\t\t\t\t<\/div>\n\t\t\t\t<div class=\"elementor-element elementor-element-53fef9e5 elementor-widget elementor-widget-spacer\" data-id=\"53fef9e5\" data-element_type=\"widget\" data-e-type=\"widget\" data-widget_type=\"spacer.default\">\n\t\t\t\t\t\t\t<div class=\"elementor-spacer\">\n\t\t\t<div class=\"elementor-spacer-inner\"><\/div>\n\t\t<\/div>\n\t\t\t\t\t\t<\/div>\n\t\t\t\t<div class=\"elementor-element elementor-element-73534708 elementor-widget elementor-widget-heading\" data-id=\"73534708\" data-element_type=\"widget\" data-e-type=\"widget\" data-widget_type=\"heading.default\">\n\t\t\t\t\t<h2 class=\"elementor-heading-title elementor-size-default\">Vorteile<\/h2>\t\t\t\t<\/div>\n\t\t\t\t<div class=\"elementor-element elementor-element-4b91ca1d color-scheme-inherit text-left elementor-widget elementor-widget-text-editor\" data-id=\"4b91ca1d\" data-element_type=\"widget\" data-e-type=\"widget\" data-widget_type=\"text-editor.default\">\n\t\t\t\t\t\t\t\t\t<ul><li data-start=\"2020\" data-end=\"2138\"><strong data-start=\"2022\" data-end=\"2056\">Schutz vor Substratverstopfung<\/strong>: Verhindert, dass Bl\u00e4hton, Kies oder andere Materialien in den Siphon gelangen.<\/li><li data-start=\"2139\" data-end=\"2250\"><strong data-start=\"2141\" data-end=\"2161\">Einfache Wartung<\/strong>: Erlaubt das schnelle Entfernen der Siphonglocke f\u00fcr Reinigungs- und Wartungsarbeiten.<\/li><li data-start=\"2251\" data-end=\"2334\"><strong data-start=\"2253\" data-end=\"2278\">Vielseitig einsetzbar<\/strong>: Kann auch als Schutzrohr f\u00fcr Helix verwendet werden.<\/li><li data-start=\"2335\" data-end=\"2469\"><strong data-start=\"2337\" data-end=\"2361\">Robust und langlebig<\/strong>: Hergestellt aus widerstandsf\u00e4higem Material f\u00fcr langfristige Nutzung in Aquaponik- und Hydroponiksystemen.<\/li><\/ul>\t\t\t\t\t\t\t\t<\/div>\n\t\t\t\t<div class=\"elementor-element elementor-element-6f70b5a0 elementor-widget elementor-widget-spacer\" data-id=\"6f70b5a0\" data-element_type=\"widget\" data-e-type=\"widget\" data-widget_type=\"spacer.default\">\n\t\t\t\t\t\t\t<div class=\"elementor-spacer\">\n\t\t\t<div class=\"elementor-spacer-inner\"><\/div>\n\t\t<\/div>\n\t\t\t\t\t\t<\/div>\n\t\t\t\t<div class=\"elementor-element elementor-element-526845f9 elementor-widget elementor-widget-heading\" data-id=\"526845f9\" data-element_type=\"widget\" data-e-type=\"widget\" data-widget_type=\"heading.default\">\n\t\t\t\t\t<h2 class=\"elementor-heading-title elementor-size-default\">Zusammenfassung<\/h2>\t\t\t\t<\/div>\n\t\t\t\t<div class=\"elementor-element elementor-element-41182cea color-scheme-inherit text-left elementor-widget elementor-widget-text-editor\" data-id=\"41182cea\" data-element_type=\"widget\" data-e-type=\"widget\" data-widget_type=\"text-editor.default\">\n\t\t\t\t\t\t\t\t\t<p>Der <strong data-start=\"2503\" data-end=\"2528\">Substratw\u00e4chter 100mm<\/strong> sch\u00fctzt deinen Siphon vor Substraten wie Bl\u00e4hton und Kies und sorgt f\u00fcr eine einfache Wartung deines Systems. Mit einem Durchmesser von 100mm und einer L\u00e4nge von 25cm l\u00e4sst er sich an Zul\u00e4ufen, Abl\u00e4ufen oder \u00dcberl\u00e4ufen einsetzen und verhindert das Eindringen von Substrat. Zudem eignet er sich als Schutzrohr f\u00fcr Helix, was ihn zu einer praktischen L\u00f6sung f\u00fcr alle Arten von Aquaponik- und Hydroponiksystemen macht.<\/p>\t\t\t\t\t\t\t\t<\/div>\n\t\t\t\t\t<\/div>\n\t\t\t\t<\/div>\n\t\t\t\t<\/div>\n\t\t","protected":false},"excerpt":{"rendered":"<p>Der Substratw\u00e4chter 100mm sch\u00fctzt deinen Siphon vor Bl\u00e4hton, Kies oder anderen Substraten, die das System verstopfen k\u00f6nnten. Mit einer L\u00e4nge von 25cm und einem Durchmesser von 100mm l\u00e4sst er sich einfach an Zul\u00e4ufen, Abl\u00e4ufen oder \u00dcberl\u00e4ufen installieren. Er sorgt daf\u00fcr, dass du den Siphon problemlos entnehmen und warten kannst. Ideal f\u00fcr Hydroponik- und Aquaponik-Systeme.<\/p>\n","protected":false},"featured_media":18951,"comment_status":"open","ping_status":"closed","template":"","meta":{"_monsterinsights_skip_tracking":false,"_monsterinsights_sitenote_active":false,"_monsterinsights_sitenote_note":"","_monsterinsights_sitenote_category":0},"product_brand":[],"product_cat":[856],"product_tag":[1481,1482,263,609,969,1478,1479,1480],"class_list":{"0":"post-18950","1":"product","2":"type-product","3":"status-publish","4":"has-post-thumbnail","6":"product_cat-installationsmaterial","7":"product_tag-siphonwartung","8":"product_tag-schutzrohr","9":"product_tag-aquaponik","10":"product_tag-hydroponik","11":"product_tag-blaehton","12":"product_tag-substratwaechter","13":"product_tag-siphonschutz","14":"product_tag-kies","16":"first","17":"instock","18":"taxable","19":"shipping-taxable","20":"purchasable","21":"product-type-simple"},"bundled_by":[],"bundle_stock_status":"instock","bundle_stock_quantity":5,"bundle_virtual":false,"bundle_layout":"","bundle_add_to_cart_form_location":"","bundle_editable_in_cart":false,"bundle_sold_individually_context":"","bundle_item_grouping":"","bundle_min_size":"","bundle_max_size":"","bundle_price":[],"bundled_items":[],"bundle_sell_ids":[],"supplier_id":null,"supplier_sku":"","barcode":null,"atum_controlled":true,"out_stock_date":null,"out_stock_threshold":null,"inheritable":false,"inbound_stock":0,"stock_on_hold":0,"sold_today":0,"sales_last_days":1,"reserved_stock":0,"customer_returns":0,"warehouse_damage":0,"lost_in_post":0,"other_logs":0,"out_stock_days":0,"lost_sales":0,"has_location":false,"update_date":"2026-05-09T00:28:51","atum_locations":[],"atum_stock_status":"instock","restock_status":false,"low_stock_amount":"","sales_update_date":"2026-05-09T00:28:51","calc_backorders":null,"tiered_pricing_type":"fixed","tiered_pricing_fixed_rules":[],"tiered_pricing_product_settings":{"layout":"default","base_unit_name":{"singular":null,"plural":null},"default_variation":null},"tiered_pricing_minimum_quantity":null,"tiered_pricing_roles_data":[],"tiered_pricing_percentage_rules":[],"_links":{"self":[{"href":"https:\/\/www.lets-grow.de\/blog\/wp-json\/wp\/v2\/product\/18950","targetHints":{"allow":["GET"]}}],"collection":[{"href":"https:\/\/www.lets-grow.de\/blog\/wp-json\/wp\/v2\/product"}],"about":[{"href":"https:\/\/www.lets-grow.de\/blog\/wp-json\/wp\/v2\/types\/product"}],"replies":[{"embeddable":true,"href":"https:\/\/www.lets-grow.de\/blog\/wp-json\/wp\/v2\/comments?post=18950"}],"version-history":[{"count":2,"href":"https:\/\/www.lets-grow.de\/blog\/wp-json\/wp\/v2\/product\/18950\/revisions"}],"predecessor-version":[{"id":21524,"href":"https:\/\/www.lets-grow.de\/blog\/wp-json\/wp\/v2\/product\/18950\/revisions\/21524"}],"wp:featuredmedia":[{"embeddable":true,"href":"https:\/\/www.lets-grow.de\/blog\/wp-json\/wp\/v2\/media\/18951"}],"wp:attachment":[{"href":"https:\/\/www.lets-grow.de\/blog\/wp-json\/wp\/v2\/media?parent=18950"}],"wp:term":[{"taxonomy":"product_brand","embeddable":true,"href":"https:\/\/www.lets-grow.de\/blog\/wp-json\/wp\/v2\/product_brand?post=18950"},{"taxonomy":"product_cat","embeddable":true,"href":"https:\/\/www.lets-grow.de\/blog\/wp-json\/wp\/v2\/product_cat?post=18950"},{"taxonomy":"product_tag","embeddable":true,"href":"https:\/\/www.lets-grow.de\/blog\/wp-json\/wp\/v2\/product_tag?post=18950"}],"curies":[{"name":"wp","href":"https:\/\/api.w.org\/{rel}","templated":true}]}}