{"id":18941,"date":"2025-02-21T19:45:42","date_gmt":"2025-02-21T18:45:42","guid":{"rendered":"https:\/\/www.lets-grow.de\/blog\/?post_type=product&#038;p=18941"},"modified":"2025-10-05T11:44:22","modified_gmt":"2025-10-05T09:44:22","slug":"jbl-phosphattest-po4-koi","status":"publish","type":"product","link":"https:\/\/www.lets-grow.de\/blog\/shop\/jbl-phosphattest-po4-koi\/","title":{"rendered":"JBL Phosphattest PO4 Koi"},"content":{"rendered":"\t\t<div data-elementor-type=\"product-post\" data-elementor-id=\"18941\" class=\"elementor elementor-18941\" data-elementor-post-type=\"product\">\n\t\t\t\t<div class=\"wd-negative-gap elementor-element elementor-element-6d64cd5 e-flex e-con-boxed e-con e-parent\" data-id=\"6d64cd5\" data-element_type=\"container\" data-e-type=\"container\">\n\t\t\t\t\t<div class=\"e-con-inner\">\n\t\t\t\t<div class=\"elementor-element elementor-element-7087aea5 elementor-widget elementor-widget-heading\" data-id=\"7087aea5\" data-element_type=\"widget\" data-e-type=\"widget\" data-widget_type=\"heading.default\">\n\t\t\t\t\t<h2 class=\"elementor-heading-title elementor-size-default\">JBL Phosphattest PO4 Koi \u2013 Pr\u00e4zise Bestimmung des Phosphatgehalts<\/h2>\t\t\t\t<\/div>\n\t\t\t\t<div class=\"elementor-element elementor-element-77979f97 color-scheme-inherit text-left elementor-widget elementor-widget-text-editor\" data-id=\"77979f97\" data-element_type=\"widget\" data-e-type=\"widget\" data-widget_type=\"text-editor.default\">\n\t\t\t\t\t\t\t\t\t<p>Der <strong data-start=\"1030\" data-end=\"1066\">JBL PROAQUATEST PO4 Phosphat Koi<\/strong> ist ein unverzichtbares Werkzeug f\u00fcr Teichbesitzer, die das Algenwachstum in ihren Koi-Teichen kontrollieren m\u00f6chten. Phosphat gelangt haupts\u00e4chlich durch organische Substanzen wie Laub, Futterreste und Fischkot ins Wasser. Hohe Phosphatwerte f\u00f6rdern das Algenwachstum und k\u00f6nnen das \u00f6kologische Gleichgewicht des Teiches st\u00f6ren. Mit diesem Test-Set l\u00e4sst sich der Phosphatgehalt pr\u00e4zise bestimmen, sodass gezielte Gegenma\u00dfnahmen ergriffen werden k\u00f6nnen.<\/p>\t\t\t\t\t\t\t\t<\/div>\n\t\t\t\t<div class=\"elementor-element elementor-element-30099682 elementor-widget elementor-widget-spacer\" data-id=\"30099682\" data-element_type=\"widget\" data-e-type=\"widget\" data-widget_type=\"spacer.default\">\n\t\t\t\t\t\t\t<div class=\"elementor-spacer\">\n\t\t\t<div class=\"elementor-spacer-inner\"><\/div>\n\t\t<\/div>\n\t\t\t\t\t\t<\/div>\n\t\t\t\t<div class=\"elementor-element elementor-element-4b04ff13 elementor-widget elementor-widget-heading\" data-id=\"4b04ff13\" data-element_type=\"widget\" data-e-type=\"widget\" data-widget_type=\"heading.default\">\n\t\t\t\t\t<h2 class=\"elementor-heading-title elementor-size-default\">Anwendungen<\/h2>\t\t\t\t<\/div>\n\t\t\t\t<div class=\"elementor-element elementor-element-25127542 color-scheme-inherit text-left elementor-widget elementor-widget-text-editor\" data-id=\"25127542\" data-element_type=\"widget\" data-e-type=\"widget\" data-widget_type=\"text-editor.default\">\n\t\t\t\t\t\t\t\t\t<ul><li data-start=\"1605\" data-end=\"1671\">Nehmen Sie eine Wasserprobe mit der beiliegenden Testk\u00fcvette.<\/li><li data-start=\"1672\" data-end=\"1728\">F\u00fcgen Sie die Reagenzien gem\u00e4\u00df der Anleitung hinzu.<\/li><li data-start=\"1729\" data-end=\"1794\">Vergleichen Sie die entstandene F\u00e4rbung mit der Farbtabelle.<\/li><li data-start=\"1795\" data-end=\"1864\">Entnehmen Sie den Phosphatgehalt in mg\/l direkt aus der Tabelle.<\/li><\/ul>\t\t\t\t\t\t\t\t<\/div>\n\t\t\t\t<div class=\"elementor-element elementor-element-464eaf05 elementor-widget elementor-widget-spacer\" data-id=\"464eaf05\" data-element_type=\"widget\" data-e-type=\"widget\" data-widget_type=\"spacer.default\">\n\t\t\t\t\t\t\t<div class=\"elementor-spacer\">\n\t\t\t<div class=\"elementor-spacer-inner\"><\/div>\n\t\t<\/div>\n\t\t\t\t\t\t<\/div>\n\t\t\t\t<div class=\"elementor-element elementor-element-51875227 elementor-widget elementor-widget-heading\" data-id=\"51875227\" data-element_type=\"widget\" data-e-type=\"widget\" data-widget_type=\"heading.default\">\n\t\t\t\t\t<h2 class=\"elementor-heading-title elementor-size-default\">Vorteile<\/h2>\t\t\t\t<\/div>\n\t\t\t\t<div class=\"elementor-element elementor-element-5e2dcb1b color-scheme-inherit text-left elementor-widget elementor-widget-text-editor\" data-id=\"5e2dcb1b\" data-element_type=\"widget\" data-e-type=\"widget\" data-widget_type=\"text-editor.default\">\n\t\t\t\t\t\t\t\t\t<p>\u2705 <strong data-start=\"1888\" data-end=\"1927\">Exakte Messung von &lt;0,1 bis 10 mg\/l<\/strong> f\u00fcr eine pr\u00e4zise Kontrolle<br data-start=\"1954\" data-end=\"1957\" \/>\u2705 <strong data-start=\"1959\" data-end=\"1981\">Einfache Anwendung<\/strong> mit klaren Anweisungen<br data-start=\"2004\" data-end=\"2007\" \/>\u2705 <strong data-start=\"2009\" data-end=\"2037\">Verhindert Algenwachstum<\/strong>, indem Phosphatwerte fr\u00fchzeitig erkannt werden<br data-start=\"2084\" data-end=\"2087\" \/>\u2705 <strong data-start=\"2089\" data-end=\"2120\">Reicht f\u00fcr ca. 50 Messungen<\/strong><br data-start=\"2120\" data-end=\"2123\" \/>\u2705 <strong data-start=\"2125\" data-end=\"2171\">Ideal f\u00fcr Koi-Teiche &amp; andere Gartenteiche<\/strong><\/p>\t\t\t\t\t\t\t\t<\/div>\n\t\t\t\t<div class=\"elementor-element elementor-element-19639bd1 elementor-widget elementor-widget-spacer\" data-id=\"19639bd1\" data-element_type=\"widget\" data-e-type=\"widget\" data-widget_type=\"spacer.default\">\n\t\t\t\t\t\t\t<div class=\"elementor-spacer\">\n\t\t\t<div class=\"elementor-spacer-inner\"><\/div>\n\t\t<\/div>\n\t\t\t\t\t\t<\/div>\n\t\t\t\t<div class=\"elementor-element elementor-element-5f41e93 elementor-widget elementor-widget-heading\" data-id=\"5f41e93\" data-element_type=\"widget\" data-e-type=\"widget\" data-widget_type=\"heading.default\">\n\t\t\t\t\t<h2 class=\"elementor-heading-title elementor-size-default\">Zusammenfassung<\/h2>\t\t\t\t<\/div>\n\t\t\t\t<div class=\"elementor-element elementor-element-74736e71 color-scheme-inherit text-left elementor-widget elementor-widget-text-editor\" data-id=\"74736e71\" data-element_type=\"widget\" data-e-type=\"widget\" data-widget_type=\"text-editor.default\">\n\t\t\t\t\t\t\t\t\t<p data-start=\"2202\" data-end=\"2403\">Mit dem <strong data-start=\"2210\" data-end=\"2238\">JBL Phosphattest PO4 Koi<\/strong> behalten Sie den <strong data-start=\"2256\" data-end=\"2312\">Phosphatgehalt Ihres Koi-Teichs zuverl\u00e4ssig im Blick<\/strong>. So sorgen Sie f\u00fcr <strong data-start=\"2332\" data-end=\"2353\">klare Wasserwerte<\/strong> und verhindern <strong data-start=\"2369\" data-end=\"2400\">unerw\u00fcnschtes Algenwachstum<\/strong>.<\/p><p data-start=\"2405\" data-end=\"2486\">\ud83d\udd39 <strong data-start=\"2408\" data-end=\"2484\">Bestellen Sie jetzt und optimieren Sie die Wasserqualit\u00e4t Ihres Systems!<\/strong><\/p>\t\t\t\t\t\t\t\t<\/div>\n\t\t\t\t\t<\/div>\n\t\t\t\t<\/div>\n\t\t\t\t<\/div>\n\t\t","protected":false},"excerpt":{"rendered":"<p>Mit dem <strong data-start=\"467\" data-end=\"495\">JBL Phosphattest PO4 Koi<\/strong> bestimmen Sie zuverl\u00e4ssig den Phosphatgehalt in Ihrem Koi-Teich. Phosphat ist ein Hauptn\u00e4hrstoff f\u00fcr Algen und kann bei hohen Werten unerw\u00fcnschtes Algenwachstum f\u00f6rdern. Der Test erm\u00f6glicht eine exakte Messung von <strong data-start=\"710\" data-end=\"730\">&lt;0,1 bis 10 mg\/l<\/strong>. Dank einfacher Anwendung erhalten Sie schnell pr\u00e4zise Ergebnisse. Das Set reicht f\u00fcr ca. <strong data-start=\"821\" data-end=\"833\">50 Tests<\/strong>.<\/p>\n","protected":false},"featured_media":18943,"comment_status":"open","ping_status":"closed","template":"","meta":{"_monsterinsights_skip_tracking":false,"_monsterinsights_sitenote_active":false,"_monsterinsights_sitenote_note":"","_monsterinsights_sitenote_category":0},"product_brand":[],"product_cat":[1467],"product_tag":[1449,1472,1473,1474,1475,1476],"class_list":{"0":"post-18941","1":"product","2":"type-product","3":"status-publish","4":"has-post-thumbnail","6":"product_cat-wasseranalyse","7":"product_tag-wassertest","8":"product_tag-jbl-phophat-test","9":"product_tag-phosphortest","10":"product_tag-phosphattest","11":"product_tag-po4-test","12":"product_tag-phosphatmessung-teich","13":"pa_hersteller-jbl","15":"first","16":"instock","17":"taxable","18":"shipping-taxable","19":"purchasable","20":"product-type-simple"},"bundled_by":[],"bundle_stock_status":"instock","bundle_stock_quantity":1,"bundle_virtual":false,"bundle_layout":"","bundle_add_to_cart_form_location":"","bundle_editable_in_cart":false,"bundle_sold_individually_context":"","bundle_item_grouping":"","bundle_min_size":"","bundle_max_size":"","bundle_price":[],"bundled_items":[],"bundle_sell_ids":[],"supplier_id":null,"supplier_sku":"","barcode":null,"atum_controlled":true,"out_stock_date":null,"out_stock_threshold":null,"inheritable":false,"inbound_stock":0,"stock_on_hold":0,"sold_today":0,"sales_last_days":0,"reserved_stock":0,"customer_returns":0,"warehouse_damage":0,"lost_in_post":0,"other_logs":0,"out_stock_days":0,"lost_sales":0,"has_location":false,"update_date":"2026-05-02T00:22:58","atum_locations":[],"atum_stock_status":"instock","restock_status":false,"low_stock_amount":"","sales_update_date":"2026-05-02T00:22:58","calc_backorders":null,"tiered_pricing_type":"fixed","tiered_pricing_fixed_rules":[],"tiered_pricing_product_settings":{"layout":"default","base_unit_name":{"singular":null,"plural":null},"default_variation":null},"tiered_pricing_minimum_quantity":null,"tiered_pricing_roles_data":[],"tiered_pricing_percentage_rules":[],"_links":{"self":[{"href":"https:\/\/www.lets-grow.de\/blog\/wp-json\/wp\/v2\/product\/18941","targetHints":{"allow":["GET"]}}],"collection":[{"href":"https:\/\/www.lets-grow.de\/blog\/wp-json\/wp\/v2\/product"}],"about":[{"href":"https:\/\/www.lets-grow.de\/blog\/wp-json\/wp\/v2\/types\/product"}],"replies":[{"embeddable":true,"href":"https:\/\/www.lets-grow.de\/blog\/wp-json\/wp\/v2\/comments?post=18941"}],"version-history":[{"count":0,"href":"https:\/\/www.lets-grow.de\/blog\/wp-json\/wp\/v2\/product\/18941\/revisions"}],"wp:featuredmedia":[{"embeddable":true,"href":"https:\/\/www.lets-grow.de\/blog\/wp-json\/wp\/v2\/media\/18943"}],"wp:attachment":[{"href":"https:\/\/www.lets-grow.de\/blog\/wp-json\/wp\/v2\/media?parent=18941"}],"wp:term":[{"taxonomy":"product_brand","embeddable":true,"href":"https:\/\/www.lets-grow.de\/blog\/wp-json\/wp\/v2\/product_brand?post=18941"},{"taxonomy":"product_cat","embeddable":true,"href":"https:\/\/www.lets-grow.de\/blog\/wp-json\/wp\/v2\/product_cat?post=18941"},{"taxonomy":"product_tag","embeddable":true,"href":"https:\/\/www.lets-grow.de\/blog\/wp-json\/wp\/v2\/product_tag?post=18941"}],"curies":[{"name":"wp","href":"https:\/\/api.w.org\/{rel}","templated":true}]}}