{"id":18914,"date":"2025-02-21T16:12:57","date_gmt":"2025-02-21T15:12:57","guid":{"rendered":"https:\/\/www.lets-grow.de\/blog\/?post_type=product&#038;p=18914"},"modified":"2026-04-30T15:32:03","modified_gmt":"2026-04-30T13:32:03","slug":"kalium-magnesium-duenger","status":"publish","type":"product","link":"https:\/\/www.lets-grow.de\/blog\/shop\/kalium-magnesium-duenger\/","title":{"rendered":"Kalium-Magnesium D\u00fcnger"},"content":{"rendered":"\t\t<div data-elementor-type=\"product-post\" data-elementor-id=\"18914\" class=\"elementor elementor-18914\" data-elementor-post-type=\"product\">\n\t\t\t\t<div class=\"wd-negative-gap elementor-element elementor-element-15ce88a4 e-flex e-con-boxed e-con e-parent\" data-id=\"15ce88a4\" data-element_type=\"container\" data-e-type=\"container\">\n\t\t\t\t\t<div class=\"e-con-inner\">\n\t\t\t\t<div class=\"elementor-element elementor-element-5c60a91c elementor-widget elementor-widget-heading\" data-id=\"5c60a91c\" data-element_type=\"widget\" data-e-type=\"widget\" data-widget_type=\"heading.default\">\n\t\t\t\t\t<h2 class=\"elementor-heading-title elementor-size-default\">Kalium-\/Magnesium-D\u00fcnger \u2013 Optimale N\u00e4hrstoffversorgung f\u00fcr Pflanzen<\/h2>\t\t\t\t<\/div>\n\t\t\t\t<div class=\"elementor-element elementor-element-68acbaf8 color-scheme-inherit text-left elementor-widget elementor-widget-text-editor\" data-id=\"68acbaf8\" data-element_type=\"widget\" data-e-type=\"widget\" data-widget_type=\"text-editor.default\">\n\t\t\t\t\t\t\t\t\t<p data-start=\"1027\" data-end=\"1377\">Unser <strong data-start=\"1033\" data-end=\"1061\">Kalium-\/Magnesium-D\u00fcnger<\/strong> ist die ideale Erg\u00e4nzung f\u00fcr eine ausgeglichene Pflanzenern\u00e4hrung. <strong data-start=\"1129\" data-end=\"1143\">Kalium (K)<\/strong> st\u00e4rkt die Zellstruktur, f\u00f6rdert die Bl\u00fctenbildung und verbessert die Resistenz gegen Krankheiten. <strong data-start=\"1243\" data-end=\"1261\">Magnesium (Mg)<\/strong> ist als Hauptbestandteil von <strong data-start=\"1291\" data-end=\"1306\">Chlorophyll<\/strong> unverzichtbar f\u00fcr die Photosynthese und sorgt f\u00fcr sattgr\u00fcne Bl\u00e4tter.<\/p><p data-start=\"1379\" data-end=\"1536\">Dieser D\u00fcnger eignet sich f\u00fcr <strong data-start=\"1409\" data-end=\"1429\">alle Anbauformen<\/strong> \u2013 ob Hydroponik, Aquaponik oder Erde \u2013 und unterst\u00fctzt Pflanzen in <strong data-start=\"1497\" data-end=\"1525\">Wachstums- &amp; Bl\u00fctephasen<\/strong> optimal.<\/p>\t\t\t\t\t\t\t\t<\/div>\n\t\t\t\t<div class=\"elementor-element elementor-element-6ec68d99 elementor-widget elementor-widget-spacer\" data-id=\"6ec68d99\" data-element_type=\"widget\" data-e-type=\"widget\" data-widget_type=\"spacer.default\">\n\t\t\t\t\t\t\t<div class=\"elementor-spacer\">\n\t\t\t<div class=\"elementor-spacer-inner\"><\/div>\n\t\t<\/div>\n\t\t\t\t\t\t<\/div>\n\t\t\t\t<div class=\"elementor-element elementor-element-37716d8b elementor-widget elementor-widget-heading\" data-id=\"37716d8b\" data-element_type=\"widget\" data-e-type=\"widget\" data-widget_type=\"heading.default\">\n\t\t\t\t\t<h2 class=\"elementor-heading-title elementor-size-default\">Anwendungen<\/h2>\t\t\t\t<\/div>\n\t\t\t\t<div class=\"elementor-element elementor-element-66573fb color-scheme-inherit text-left elementor-widget elementor-widget-text-editor\" data-id=\"66573fb\" data-element_type=\"widget\" data-e-type=\"widget\" data-widget_type=\"text-editor.default\">\n\t\t\t\t\t\t\t\t\t<p>\u2714 <strong data-start=\"1561\" data-end=\"1575\">Hydroponik<\/strong>: In N\u00e4hrl\u00f6sung einmischen (Dosierung je nach System)<br data-start=\"1628\" data-end=\"1631\" \/>\u2714 <strong data-start=\"1633\" data-end=\"1653\">Erde &amp; Substrate<\/strong>: Direkt ins Gie\u00dfwasser geben oder als Blattd\u00fcnger anwenden<br data-start=\"1712\" data-end=\"1715\" \/>\u2714 <strong data-start=\"1717\" data-end=\"1730\">Aquaponik<\/strong>: F\u00fcr Pflanzen in Aquaponik-Systemen anwendbar (bei Bedarf Kalium- &amp; Magnesiumwerte messen)<\/p>\t\t\t\t\t\t\t\t<\/div>\n\t\t\t\t<div class=\"elementor-element elementor-element-4ccc2816 elementor-widget elementor-widget-spacer\" data-id=\"4ccc2816\" data-element_type=\"widget\" data-e-type=\"widget\" data-widget_type=\"spacer.default\">\n\t\t\t\t\t\t\t<div class=\"elementor-spacer\">\n\t\t\t<div class=\"elementor-spacer-inner\"><\/div>\n\t\t<\/div>\n\t\t\t\t\t\t<\/div>\n\t\t\t\t<div class=\"elementor-element elementor-element-2e9f64da elementor-widget elementor-widget-heading\" data-id=\"2e9f64da\" data-element_type=\"widget\" data-e-type=\"widget\" data-widget_type=\"heading.default\">\n\t\t\t\t\t<h2 class=\"elementor-heading-title elementor-size-default\">Vorteile<\/h2>\t\t\t\t<\/div>\n\t\t\t\t<div class=\"elementor-element elementor-element-1aa7943b color-scheme-inherit text-left elementor-widget elementor-widget-text-editor\" data-id=\"1aa7943b\" data-element_type=\"widget\" data-e-type=\"widget\" data-widget_type=\"text-editor.default\">\n\t\t\t\t\t\t\t\t\t<p>\u2705 <strong data-start=\"109\" data-end=\"137\">F\u00f6rdert Bl\u00fcten &amp; Fr\u00fcchte<\/strong> dank Kalium<br data-start=\"149\" data-end=\"152\" \/>\u2705 <strong data-start=\"154\" data-end=\"186\">Verbessert die Photosynthese<\/strong> durch Magnesium<br data-start=\"202\" data-end=\"205\" \/>\u2705 <strong data-start=\"207\" data-end=\"230\">Ideal f\u00fcr Aquaponik<\/strong>, um die <strong data-start=\"239\" data-end=\"283\">Versorgung bl\u00fchender Pflanzen mit Kalium<\/strong> sicherzustellen<br data-start=\"299\" data-end=\"302\" \/>\u2705 <strong data-start=\"304\" data-end=\"349\">Geeignet f\u00fcr Hydroponik, Erde &amp; Aquaponik<\/strong><br data-start=\"349\" data-end=\"352\" \/>\u2705 <strong data-start=\"354\" data-end=\"375\">Schnelle Aufnahme<\/strong> durch Pflanzen<br data-start=\"390\" data-end=\"393\" \/>\u2705 <strong data-start=\"395\" data-end=\"428\">Ideal bei Mangelerscheinungen<\/strong> (z. B. Blattverf\u00e4rbungen)<\/p>\t\t\t\t\t\t\t\t<\/div>\n\t\t\t\t<div class=\"elementor-element elementor-element-433fbd8e elementor-widget elementor-widget-spacer\" data-id=\"433fbd8e\" data-element_type=\"widget\" data-e-type=\"widget\" data-widget_type=\"spacer.default\">\n\t\t\t\t\t\t\t<div class=\"elementor-spacer\">\n\t\t\t<div class=\"elementor-spacer-inner\"><\/div>\n\t\t<\/div>\n\t\t\t\t\t\t<\/div>\n\t\t\t\t<div class=\"elementor-element elementor-element-530e0018 elementor-widget elementor-widget-heading\" data-id=\"530e0018\" data-element_type=\"widget\" data-e-type=\"widget\" data-widget_type=\"heading.default\">\n\t\t\t\t\t<h2 class=\"elementor-heading-title elementor-size-default\">Zusammenfassung<\/h2>\t\t\t\t<\/div>\n\t\t\t\t<div class=\"elementor-element elementor-element-6d385fa6 color-scheme-inherit text-left elementor-widget elementor-widget-text-editor\" data-id=\"6d385fa6\" data-element_type=\"widget\" data-e-type=\"widget\" data-widget_type=\"text-editor.default\">\n\t\t\t\t\t\t\t\t\t<p data-start=\"2126\" data-end=\"2312\">Mit unserem <strong data-start=\"2138\" data-end=\"2166\">Kalium-\/Magnesium-D\u00fcnger<\/strong> erhalten Pflanzen die perfekte <strong data-start=\"2198\" data-end=\"2265\">N\u00e4hrstoffbalance f\u00fcr Wachstum, Photosynthese &amp; Widerstandskraft<\/strong>. Ideal f\u00fcr <strong data-start=\"2277\" data-end=\"2309\">Hydroponik, Erde &amp; Aquaponik<\/strong>!<\/p><p data-start=\"2314\" data-end=\"2368\">\ud83d\udd39 <strong data-start=\"2317\" data-end=\"2366\">Jetzt bestellen &amp; Pflanzen optimal versorgen!<\/strong><\/p>\t\t\t\t\t\t\t\t<\/div>\n\t\t\t\t\t<\/div>\n\t\t\t\t<\/div>\n\t\t\t\t<\/div>\n\t\t","protected":false},"excerpt":{"rendered":"<p>Unser <strong data-start=\"422\" data-end=\"450\">Kalium-\/Magnesium-D\u00fcnger<\/strong> versorgt deine Pflanzen mit zwei essenziellen N\u00e4hrstoffen: <strong data-start=\"510\" data-end=\"524\">Kalium (K)<\/strong> f\u00fcr kr\u00e4ftiges Wachstum &amp; Bl\u00fctenbildung sowie <strong data-start=\"570\" data-end=\"588\">Magnesium (Mg)<\/strong> f\u00fcr eine optimale <strong data-start=\"607\" data-end=\"649\">Chlorophyll-Produktion &amp; Photosynthese<\/strong>. Perfekt f\u00fcr <strong data-start=\"663\" data-end=\"695\">Hydroponik, Erde &amp; Aquaponik<\/strong>, verbessert er die <strong data-start=\"715\" data-end=\"756\">N\u00e4hrstoffaufnahme &amp; Pflanzenvitalit\u00e4t<\/strong> \u2013 f\u00fcr gesunde, widerstandsf\u00e4hige Pflanzen!<\/p>\n","protected":false},"featured_media":18915,"comment_status":"open","ping_status":"closed","template":"","meta":{"_monsterinsights_skip_tracking":false,"_monsterinsights_sitenote_active":false,"_monsterinsights_sitenote_note":"","_monsterinsights_sitenote_category":0},"product_brand":[],"product_cat":[589],"product_tag":[1459,1460,569,1454,1455,1456,1457,1458],"class_list":{"0":"post-18914","1":"product","2":"type-product","3":"status-publish","4":"has-post-thumbnail","6":"product_cat-duenger-naehrstoffe","7":"product_tag-kalimagnesia","8":"product_tag-patentkali","9":"product_tag-duenger","10":"product_tag-kaliumduenger","11":"product_tag-magnesiumduenger","12":"product_tag-kalium-magnesium-pflanzen","13":"product_tag-kalium-magnesium-kaufen","14":"product_tag-pflanzenstaerkung","15":"pa_hersteller-ks-aktiengesellschaft","17":"first","18":"instock","19":"taxable","20":"shipping-taxable","21":"purchasable","22":"product-type-variable","23":"has-default-attributes"},"bundled_by":[],"bundle_stock_status":"instock","bundle_stock_quantity":20,"bundle_virtual":false,"bundle_layout":"","bundle_add_to_cart_form_location":"","bundle_editable_in_cart":false,"bundle_sold_individually_context":"","bundle_item_grouping":"","bundle_min_size":"","bundle_max_size":"","bundle_price":[],"bundled_items":[],"bundle_sell_ids":[],"supplier_id":null,"supplier_sku":"","barcode":null,"atum_controlled":true,"out_stock_date":null,"out_stock_threshold":null,"inheritable":true,"inbound_stock":0,"stock_on_hold":0,"sold_today":0,"sales_last_days":0,"reserved_stock":0,"customer_returns":0,"warehouse_damage":0,"lost_in_post":0,"other_logs":0,"out_stock_days":0,"lost_sales":0,"has_location":false,"update_date":"2026-05-02T00:23:08","atum_locations":[],"atum_stock_status":"instock","restock_status":false,"low_stock_amount":"","sales_update_date":"2026-05-02T00:23:08","calc_backorders":null,"tiered_pricing_type":"fixed","tiered_pricing_fixed_rules":[],"tiered_pricing_product_settings":{"layout":"default","base_unit_name":{"singular":null,"plural":null},"default_variation":null},"tiered_pricing_minimum_quantity":null,"tiered_pricing_roles_data":[],"tiered_pricing_percentage_rules":[],"_links":{"self":[{"href":"https:\/\/www.lets-grow.de\/blog\/wp-json\/wp\/v2\/product\/18914","targetHints":{"allow":["GET"]}}],"collection":[{"href":"https:\/\/www.lets-grow.de\/blog\/wp-json\/wp\/v2\/product"}],"about":[{"href":"https:\/\/www.lets-grow.de\/blog\/wp-json\/wp\/v2\/types\/product"}],"replies":[{"embeddable":true,"href":"https:\/\/www.lets-grow.de\/blog\/wp-json\/wp\/v2\/comments?post=18914"}],"version-history":[{"count":1,"href":"https:\/\/www.lets-grow.de\/blog\/wp-json\/wp\/v2\/product\/18914\/revisions"}],"predecessor-version":[{"id":21268,"href":"https:\/\/www.lets-grow.de\/blog\/wp-json\/wp\/v2\/product\/18914\/revisions\/21268"}],"wp:featuredmedia":[{"embeddable":true,"href":"https:\/\/www.lets-grow.de\/blog\/wp-json\/wp\/v2\/media\/18915"}],"wp:attachment":[{"href":"https:\/\/www.lets-grow.de\/blog\/wp-json\/wp\/v2\/media?parent=18914"}],"wp:term":[{"taxonomy":"product_brand","embeddable":true,"href":"https:\/\/www.lets-grow.de\/blog\/wp-json\/wp\/v2\/product_brand?post=18914"},{"taxonomy":"product_cat","embeddable":true,"href":"https:\/\/www.lets-grow.de\/blog\/wp-json\/wp\/v2\/product_cat?post=18914"},{"taxonomy":"product_tag","embeddable":true,"href":"https:\/\/www.lets-grow.de\/blog\/wp-json\/wp\/v2\/product_tag?post=18914"}],"curies":[{"name":"wp","href":"https:\/\/api.w.org\/{rel}","templated":true}]}}