{"id":18875,"date":"2025-02-19T20:43:11","date_gmt":"2025-02-19T19:43:11","guid":{"rendered":"https:\/\/www.lets-grow.de\/blog\/?post_type=product&#038;p=18875"},"modified":"2026-04-17T11:10:59","modified_gmt":"2026-04-17T09:10:59","slug":"luftverteiler-mit-18mm-eingang-und-9mm-ausgaengen","status":"publish","type":"product","link":"https:\/\/www.lets-grow.de\/blog\/shop\/luftverteiler-mit-18mm-eingang-und-9mm-ausgaengen\/","title":{"rendered":"Luftverteiler mit 18mm Eingang und 9mm Ausg\u00e4ngen"},"content":{"rendered":"\t\t<div data-elementor-type=\"product-post\" data-elementor-id=\"18875\" class=\"elementor elementor-18875\" data-elementor-post-type=\"product\">\n\t\t\t\t<div class=\"wd-negative-gap elementor-element elementor-element-10bd2e07 e-flex e-con-boxed e-con e-parent\" data-id=\"10bd2e07\" data-element_type=\"container\" data-e-type=\"container\">\n\t\t\t\t\t<div class=\"e-con-inner\">\n\t\t\t\t<div class=\"elementor-element elementor-element-ef78ac3 elementor-widget elementor-widget-heading\" data-id=\"ef78ac3\" data-element_type=\"widget\" data-e-type=\"widget\" data-widget_type=\"heading.default\">\n\t\t\t\t\t<h2 class=\"elementor-heading-title elementor-size-default\">Luftverteiler mit 18mm Eingang und 9mm Ausg\u00e4ngen \u2013 Hochwertige Luftverteilung<\/h2>\t\t\t\t<\/div>\n\t\t\t\t<div class=\"elementor-element elementor-element-368a396 color-scheme-inherit text-left elementor-widget elementor-widget-text-editor\" data-id=\"368a396\" data-element_type=\"widget\" data-e-type=\"widget\" data-widget_type=\"text-editor.default\">\n\t\t\t\t\t\t\t\t\t<p data-pm-slice=\"1 1 []\">Der Luftverteiler mit 18mm Eingang und mehreren 9mm Ausg\u00e4ngen sorgt f\u00fcr eine gleichm\u00e4\u00dfige Luftverteilung in Bel\u00fcftungssystemen. Er ist ideal f\u00fcr Anwendungen in Aquaponik, Hydroponik und Teichbel\u00fcftung geeignet und erm\u00f6glicht eine zuverl\u00e4ssige Anbindung mehrerer Luftleitungen.<\/p>\t\t\t\t\t\t\t\t<\/div>\n\t\t\t\t<div class=\"elementor-element elementor-element-79bd4628 elementor-widget elementor-widget-spacer\" data-id=\"79bd4628\" data-element_type=\"widget\" data-e-type=\"widget\" data-widget_type=\"spacer.default\">\n\t\t\t\t\t\t\t<div class=\"elementor-spacer\">\n\t\t\t<div class=\"elementor-spacer-inner\"><\/div>\n\t\t<\/div>\n\t\t\t\t\t\t<\/div>\n\t\t\t\t<div class=\"elementor-element elementor-element-7c914ba0 elementor-widget elementor-widget-heading\" data-id=\"7c914ba0\" data-element_type=\"widget\" data-e-type=\"widget\" data-widget_type=\"heading.default\">\n\t\t\t\t\t<h2 class=\"elementor-heading-title elementor-size-default\">Merkmale<\/h2>\t\t\t\t<\/div>\n\t\t\t\t<div class=\"elementor-element elementor-element-4ecf2cc8 color-scheme-inherit text-left elementor-widget elementor-widget-text-editor\" data-id=\"4ecf2cc8\" data-element_type=\"widget\" data-e-type=\"widget\" data-widget_type=\"text-editor.default\">\n\t\t\t\t\t\t\t\t\t<ul data-spread=\"false\" data-pm-slice=\"3 3 []\"><li><p><strong>Eingang:<\/strong> 18mm Durchmesser f\u00fcr eine hohe Luftzufuhr<\/p><\/li><li><p><strong>Ausg\u00e4nge:<\/strong> Mehrere 9mm Anschl\u00fcsse zur Verteilung der Luft<\/p><\/li><li><p><strong>Material:<\/strong> Robuste, korrosionsbest\u00e4ndige Konstruktion<\/p><\/li><li><p><strong>Einsatzbereiche:<\/strong> Perfekt f\u00fcr Aquaponik, Hydroponik, Teich- und Aquarienbel\u00fcftung<\/p><\/li><li><p><strong>Einfache Installation:<\/strong> Schnell anzuschlie\u00dfen und flexibel einsetzbar<\/p><\/li><\/ul>\t\t\t\t\t\t\t\t<\/div>\n\t\t\t\t<div class=\"elementor-element elementor-element-6222efff elementor-widget elementor-widget-spacer\" data-id=\"6222efff\" data-element_type=\"widget\" data-e-type=\"widget\" data-widget_type=\"spacer.default\">\n\t\t\t\t\t\t\t<div class=\"elementor-spacer\">\n\t\t\t<div class=\"elementor-spacer-inner\"><\/div>\n\t\t<\/div>\n\t\t\t\t\t\t<\/div>\n\t\t\t\t<div class=\"elementor-element elementor-element-0e01f4a elementor-widget elementor-widget-heading\" data-id=\"0e01f4a\" data-element_type=\"widget\" data-e-type=\"widget\" data-widget_type=\"heading.default\">\n\t\t\t\t\t<h2 class=\"elementor-heading-title elementor-size-default\">Anwendungen<\/h2>\t\t\t\t<\/div>\n\t\t\t\t<div class=\"elementor-element elementor-element-a9188c8 color-scheme-inherit text-left elementor-widget elementor-widget-text-editor\" data-id=\"a9188c8\" data-element_type=\"widget\" data-e-type=\"widget\" data-widget_type=\"text-editor.default\">\n\t\t\t\t\t\t\t\t\t<p data-pm-slice=\"1 3 []\">Der Luftverteiler wird in Systemen genutzt, bei denen eine pr\u00e4zise und gleichm\u00e4\u00dfige Luftverteilung notwendig ist. Er eignet sich besonders f\u00fcr:<\/p><ul data-spread=\"false\"><li><p><strong>Hydroponische Systeme:<\/strong> Versorgt Pflanzenwurzeln optimal mit Sauerstoff<\/p><\/li><li><p><strong>Aquaponik-Anlagen:<\/strong> Unterst\u00fctzt den biologischen Filterprozess<\/p><\/li><li><p><strong>Teiche &amp; Aquarien:<\/strong> Verbessert die Wasserqualit\u00e4t durch Bel\u00fcftung<\/p><\/li><\/ul>\t\t\t\t\t\t\t\t<\/div>\n\t\t\t\t<div class=\"elementor-element elementor-element-e296e92 elementor-widget elementor-widget-spacer\" data-id=\"e296e92\" data-element_type=\"widget\" data-e-type=\"widget\" data-widget_type=\"spacer.default\">\n\t\t\t\t\t\t\t<div class=\"elementor-spacer\">\n\t\t\t<div class=\"elementor-spacer-inner\"><\/div>\n\t\t<\/div>\n\t\t\t\t\t\t<\/div>\n\t\t\t\t<div class=\"elementor-element elementor-element-7f1bbdce elementor-widget elementor-widget-heading\" data-id=\"7f1bbdce\" data-element_type=\"widget\" data-e-type=\"widget\" data-widget_type=\"heading.default\">\n\t\t\t\t\t<h2 class=\"elementor-heading-title elementor-size-default\">Vorteile<\/h2>\t\t\t\t<\/div>\n\t\t\t\t<div class=\"elementor-element elementor-element-6f0b498d color-scheme-inherit text-left elementor-widget elementor-widget-text-editor\" data-id=\"6f0b498d\" data-element_type=\"widget\" data-e-type=\"widget\" data-widget_type=\"text-editor.default\">\n\t\t\t\t\t\t\t\t\t<ul data-spread=\"false\" data-pm-slice=\"3 3 []\"><li><p>Gleichm\u00e4\u00dfige Luftverteilung f\u00fcr optimales Wachstum und Sauerstoffversorgung<\/p><\/li><li><p>Widerstandsf\u00e4higes Material f\u00fcr langlebige Nutzung<\/p><\/li><li><p>Flexible Einsatzm\u00f6glichkeiten f\u00fcr verschiedene Systeme<\/p><\/li><li><p>Sichere Verbindung f\u00fcr luftdichte Performance<\/p><\/li><\/ul>\t\t\t\t\t\t\t\t<\/div>\n\t\t\t\t<div class=\"elementor-element elementor-element-7be4ce4a elementor-widget elementor-widget-spacer\" data-id=\"7be4ce4a\" data-element_type=\"widget\" data-e-type=\"widget\" data-widget_type=\"spacer.default\">\n\t\t\t\t\t\t\t<div class=\"elementor-spacer\">\n\t\t\t<div class=\"elementor-spacer-inner\"><\/div>\n\t\t<\/div>\n\t\t\t\t\t\t<\/div>\n\t\t\t\t<div class=\"elementor-element elementor-element-1185f6cc elementor-widget elementor-widget-heading\" data-id=\"1185f6cc\" data-element_type=\"widget\" data-e-type=\"widget\" data-widget_type=\"heading.default\">\n\t\t\t\t\t<h2 class=\"elementor-heading-title elementor-size-default\">Zusammenfassung<\/h2>\t\t\t\t<\/div>\n\t\t\t\t<div class=\"elementor-element elementor-element-19e4d4c0 color-scheme-inherit text-left elementor-widget elementor-widget-text-editor\" data-id=\"19e4d4c0\" data-element_type=\"widget\" data-e-type=\"widget\" data-widget_type=\"text-editor.default\">\n\t\t\t\t\t\t\t\t\t<p data-pm-slice=\"1 1 []\">Der Luftverteiler mit 18mm Eingang und 9mm Ausg\u00e4ngen ist die ideale L\u00f6sung f\u00fcr professionelle Luftverteilung in verschiedensten Systemen. Durch seine robuste Bauweise und einfache Handhabung ist er ein unverzichtbares Element f\u00fcr effiziente Bel\u00fcftungssysteme.<\/p>\t\t\t\t\t\t\t\t<\/div>\n\t\t\t\t\t<\/div>\n\t\t\t\t<\/div>\n\t\t\t\t<\/div>\n\t\t","protected":false},"excerpt":{"rendered":"<p data-pm-slice=\"1 1 []\">Der Luftverteiler mit 18mm Eingang und mehreren 9mm Ausg\u00e4ngen sorgt f\u00fcr eine gleichm\u00e4\u00dfige Luftverteilung in Bel\u00fcftungssystemen. Ideal f\u00fcr Aquaponik, Hydroponik und Teichbel\u00fcftung. Robustes Material, einfache Installation und zuverl\u00e4ssige Sauerstoffversorgung.<\/p>\n","protected":false},"featured_media":18879,"comment_status":"open","ping_status":"closed","template":"","meta":{"_monsterinsights_skip_tracking":false,"_monsterinsights_sitenote_active":false,"_monsterinsights_sitenote_note":"","_monsterinsights_sitenote_category":0},"product_brand":[],"product_cat":[1370],"product_tag":[1371,1439,263,1440,609,1441,881,1214],"class_list":{"0":"post-18875","1":"product","2":"type-product","3":"status-publish","4":"has-post-thumbnail","6":"product_cat-regulierung-verteilung","7":"product_tag-luftverteiler","8":"product_tag-18mm-eingang","9":"product_tag-aquaponik","10":"product_tag-9mm-ausgaenge","11":"product_tag-hydroponik","12":"product_tag-luftverteilung","13":"product_tag-sauerstoffversorgung","14":"product_tag-teichbelueftung","15":"pa_hersteller-sibo","17":"first","18":"instock","19":"taxable","20":"shipping-taxable","21":"purchasable","22":"product-type-variable"},"bundled_by":[],"bundle_stock_status":"instock","bundle_stock_quantity":null,"bundle_virtual":false,"bundle_layout":"","bundle_add_to_cart_form_location":"","bundle_editable_in_cart":false,"bundle_sold_individually_context":"","bundle_item_grouping":"","bundle_min_size":"","bundle_max_size":"","bundle_price":[],"bundled_items":[],"bundle_sell_ids":[],"supplier_id":null,"supplier_sku":"","barcode":null,"atum_controlled":true,"out_stock_date":null,"out_stock_threshold":null,"inheritable":true,"inbound_stock":0,"stock_on_hold":0,"sold_today":0,"sales_last_days":0,"reserved_stock":0,"customer_returns":0,"warehouse_damage":0,"lost_in_post":0,"other_logs":0,"out_stock_days":0,"lost_sales":0,"has_location":false,"update_date":"2026-05-03T00:23:54","atum_locations":[],"atum_stock_status":"instock","restock_status":false,"low_stock_amount":"","sales_update_date":"2026-05-03T00:23:54","calc_backorders":null,"tiered_pricing_type":"fixed","tiered_pricing_fixed_rules":[],"tiered_pricing_product_settings":{"layout":"default","base_unit_name":{"singular":null,"plural":null},"default_variation":null},"tiered_pricing_minimum_quantity":null,"tiered_pricing_roles_data":[],"tiered_pricing_percentage_rules":[],"_links":{"self":[{"href":"https:\/\/www.lets-grow.de\/blog\/wp-json\/wp\/v2\/product\/18875","targetHints":{"allow":["GET"]}}],"collection":[{"href":"https:\/\/www.lets-grow.de\/blog\/wp-json\/wp\/v2\/product"}],"about":[{"href":"https:\/\/www.lets-grow.de\/blog\/wp-json\/wp\/v2\/types\/product"}],"replies":[{"embeddable":true,"href":"https:\/\/www.lets-grow.de\/blog\/wp-json\/wp\/v2\/comments?post=18875"}],"version-history":[{"count":1,"href":"https:\/\/www.lets-grow.de\/blog\/wp-json\/wp\/v2\/product\/18875\/revisions"}],"predecessor-version":[{"id":21156,"href":"https:\/\/www.lets-grow.de\/blog\/wp-json\/wp\/v2\/product\/18875\/revisions\/21156"}],"wp:featuredmedia":[{"embeddable":true,"href":"https:\/\/www.lets-grow.de\/blog\/wp-json\/wp\/v2\/media\/18879"}],"wp:attachment":[{"href":"https:\/\/www.lets-grow.de\/blog\/wp-json\/wp\/v2\/media?parent=18875"}],"wp:term":[{"taxonomy":"product_brand","embeddable":true,"href":"https:\/\/www.lets-grow.de\/blog\/wp-json\/wp\/v2\/product_brand?post=18875"},{"taxonomy":"product_cat","embeddable":true,"href":"https:\/\/www.lets-grow.de\/blog\/wp-json\/wp\/v2\/product_cat?post=18875"},{"taxonomy":"product_tag","embeddable":true,"href":"https:\/\/www.lets-grow.de\/blog\/wp-json\/wp\/v2\/product_tag?post=18875"}],"curies":[{"name":"wp","href":"https:\/\/api.w.org\/{rel}","templated":true}]}}