{"id":18861,"date":"2025-02-19T20:21:55","date_gmt":"2025-02-19T19:21:55","guid":{"rendered":"https:\/\/www.lets-grow.de\/blog\/?post_type=product&#038;p=18861"},"modified":"2026-05-01T09:13:25","modified_gmt":"2026-05-01T07:13:25","slug":"gummimuffe-mit-zwei-schlauchschellen","status":"publish","type":"product","link":"https:\/\/www.lets-grow.de\/blog\/shop\/gummimuffe-mit-zwei-schlauchschellen\/","title":{"rendered":"Gummimuffe mit zwei Schlauchschellen"},"content":{"rendered":"\t\t<div data-elementor-type=\"product-post\" data-elementor-id=\"18861\" class=\"elementor elementor-18861\" data-elementor-post-type=\"product\">\n\t\t\t\t<div class=\"wd-negative-gap elementor-element elementor-element-730762c6 e-flex e-con-boxed e-con e-parent\" data-id=\"730762c6\" data-element_type=\"container\" data-e-type=\"container\">\n\t\t\t\t\t<div class=\"e-con-inner\">\n\t\t\t\t<div class=\"elementor-element elementor-element-1b673195 elementor-widget elementor-widget-heading\" data-id=\"1b673195\" data-element_type=\"widget\" data-e-type=\"widget\" data-widget_type=\"heading.default\">\n\t\t\t\t\t<h2 class=\"elementor-heading-title elementor-size-default\">Gummimuffe mit zwei Schlauchschellen \u2013 Flexible Rohrverbindung ohne Kleben<\/h2>\t\t\t\t<\/div>\n\t\t\t\t<div class=\"elementor-element elementor-element-2411eb31 color-scheme-inherit text-left elementor-widget elementor-widget-text-editor\" data-id=\"2411eb31\" data-element_type=\"widget\" data-e-type=\"widget\" data-widget_type=\"text-editor.default\">\n\t\t\t\t\t\t\t\t\t<p data-pm-slice=\"1 3 []\">Die Gummimuffe mit zwei Schlauchschellen erm\u00f6glicht eine schnelle und einfache Verbindung zwischen PVC-Rohren, HT-Rohren oder anderen kompatiblen Rohrmaterialien. Im Gegensatz zu einer herk\u00f6mmlichen HT-\u00dcberschiebmuffe bietet sie mehrere Vorteile:<\/p><ul data-spread=\"false\"><li><p><strong>Flexible Montage:<\/strong> Die Verbindung kann ohne Klebstoff oder zus\u00e4tzliche Dichtmittel hergestellt werden.<\/p><\/li><li><p><strong>Leicht l\u00f6sbar:<\/strong> Falls Wartungsarbeiten erforderlich sind, l\u00e4sst sich die Verbindung problemlos wieder trennen.<\/p><\/li><li><p><strong>Sichere Abdichtung:<\/strong> Die beiden Schlauchschellen sorgen f\u00fcr einen gleichm\u00e4\u00dfigen Anpressdruck und minimieren das Risiko von Undichtigkeiten.<\/p><\/li><li><p><strong>Keine Verkantungsgefahr:<\/strong> Durch die elastische Beschaffenheit des Gummis passt sich die Muffe perfekt an und verhindert Tropfstellen, die durch Verspannungen entstehen k\u00f6nnten.<\/p><\/li><\/ul>\t\t\t\t\t\t\t\t<\/div>\n\t\t\t\t<div class=\"elementor-element elementor-element-ac8a9cf elementor-widget elementor-widget-spacer\" data-id=\"ac8a9cf\" data-element_type=\"widget\" data-e-type=\"widget\" data-widget_type=\"spacer.default\">\n\t\t\t\t\t\t\t<div class=\"elementor-spacer\">\n\t\t\t<div class=\"elementor-spacer-inner\"><\/div>\n\t\t<\/div>\n\t\t\t\t\t\t<\/div>\n\t\t\t\t<div class=\"elementor-element elementor-element-13380705 elementor-widget elementor-widget-heading\" data-id=\"13380705\" data-element_type=\"widget\" data-e-type=\"widget\" data-widget_type=\"heading.default\">\n\t\t\t\t\t<h2 class=\"elementor-heading-title elementor-size-default\">Anwendungen<\/h2>\t\t\t\t<\/div>\n\t\t\t\t<div class=\"elementor-element elementor-element-4c7ee5fa color-scheme-inherit text-left elementor-widget elementor-widget-text-editor\" data-id=\"4c7ee5fa\" data-element_type=\"widget\" data-e-type=\"widget\" data-widget_type=\"text-editor.default\">\n\t\t\t\t\t\t\t\t\t<p data-pm-slice=\"1 3 []\">Diese Gummimuffe eignet sich ideal f\u00fcr verschiedene Einsatzbereiche:<\/p><ul data-spread=\"false\"><li><p><strong>Aquaponik &amp; Hydroponik:<\/strong> Sichere und flexible Rohrverbindungen ohne permanente Fixierung.<\/p><\/li><li><p><strong>Sanit\u00e4r &amp; Abwassertechnik:<\/strong> Perfekt f\u00fcr Reparaturen oder tempor\u00e4re Verbindungen.<\/p><\/li><li><p><strong>Gartenbew\u00e4sserung:<\/strong> Verbindet Rohre unterschiedlicher Materialien schnell und zuverl\u00e4ssig.<\/p><\/li><\/ul>\t\t\t\t\t\t\t\t<\/div>\n\t\t\t\t<div class=\"elementor-element elementor-element-3384586f elementor-widget elementor-widget-spacer\" data-id=\"3384586f\" data-element_type=\"widget\" data-e-type=\"widget\" data-widget_type=\"spacer.default\">\n\t\t\t\t\t\t\t<div class=\"elementor-spacer\">\n\t\t\t<div class=\"elementor-spacer-inner\"><\/div>\n\t\t<\/div>\n\t\t\t\t\t\t<\/div>\n\t\t\t\t<div class=\"elementor-element elementor-element-793b82df elementor-widget elementor-widget-heading\" data-id=\"793b82df\" data-element_type=\"widget\" data-e-type=\"widget\" data-widget_type=\"heading.default\">\n\t\t\t\t\t<h2 class=\"elementor-heading-title elementor-size-default\">Vorteile<\/h2>\t\t\t\t<\/div>\n\t\t\t\t<div class=\"elementor-element elementor-element-62792806 color-scheme-inherit text-left elementor-widget elementor-widget-text-editor\" data-id=\"62792806\" data-element_type=\"widget\" data-e-type=\"widget\" data-widget_type=\"text-editor.default\">\n\t\t\t\t\t\t\t\t\t<ul data-spread=\"false\" data-pm-slice=\"3 3 []\"><li><p>Schnelle und einfache Installation ohne Kleben<\/p><\/li><li><p>Wiederverwendbar und flexibel f\u00fcr verschiedene Anwendungen<\/p><\/li><li><p>Sicherer Halt dank Schlauchschellen<\/p><\/li><li><p>Keine Undichtigkeiten oder Verkantungen<\/p><\/li><\/ul>\t\t\t\t\t\t\t\t<\/div>\n\t\t\t\t<div class=\"elementor-element elementor-element-3b3ab51a elementor-widget elementor-widget-spacer\" data-id=\"3b3ab51a\" data-element_type=\"widget\" data-e-type=\"widget\" data-widget_type=\"spacer.default\">\n\t\t\t\t\t\t\t<div class=\"elementor-spacer\">\n\t\t\t<div class=\"elementor-spacer-inner\"><\/div>\n\t\t<\/div>\n\t\t\t\t\t\t<\/div>\n\t\t\t\t<div class=\"elementor-element elementor-element-4fb20449 elementor-widget elementor-widget-heading\" data-id=\"4fb20449\" data-element_type=\"widget\" data-e-type=\"widget\" data-widget_type=\"heading.default\">\n\t\t\t\t\t<h2 class=\"elementor-heading-title elementor-size-default\">Zusammenfassung<\/h2>\t\t\t\t<\/div>\n\t\t\t\t<div class=\"elementor-element elementor-element-79765d9d color-scheme-inherit text-left elementor-widget elementor-widget-text-editor\" data-id=\"79765d9d\" data-element_type=\"widget\" data-e-type=\"widget\" data-widget_type=\"text-editor.default\">\n\t\t\t\t\t\t\t\t\t<p data-pm-slice=\"1 1 []\">Eine Gummimuffe mit zwei Schlauchschellen ist die ideale L\u00f6sung f\u00fcr flexible, sichere und trennbare Rohrverbindungen in zahlreichen Anwendungen. Sie bietet eine dichte Verbindung ohne Klebstoff und kann jederzeit problemlos entfernt oder ausgetauscht werden.<\/p>\t\t\t\t\t\t\t\t<\/div>\n\t\t\t\t\t<\/div>\n\t\t\t\t<\/div>\n\t\t\t\t<\/div>\n\t\t","protected":false},"excerpt":{"rendered":"<p data-pm-slice=\"1 1 []\">Die Gummimuffe mit zwei Schlauchschellen erm\u00f6glicht eine einfache, flexible Verbindung zwischen PVC- und HT-Rohren. Dank der elastischen Dichtung und den festen Schlauchschellen bleibt die Verbindung dicht, sicher und bei Bedarf einfach l\u00f6sbar. Ideal f\u00fcr Aquaponik, Hydroponik, Gartenbew\u00e4sserung und Sanit\u00e4ranwendungen.<\/p>\n","protected":false},"featured_media":18865,"comment_status":"open","ping_status":"closed","template":"","meta":{"_monsterinsights_skip_tracking":false,"_monsterinsights_sitenote_active":false,"_monsterinsights_sitenote_note":"","_monsterinsights_sitenote_category":0},"product_brand":[],"product_cat":[856],"product_tag":[1436,1437,1431,1432,1433,263,1434,609,1435],"class_list":{"0":"post-18861","1":"product","2":"type-product","3":"status-publish","4":"has-post-thumbnail","6":"product_cat-installationsmaterial","7":"product_tag-pvc-rohr","8":"product_tag-sanitaer","9":"product_tag-gummimuffe","10":"product_tag-schlauchschellen","11":"product_tag-flexible-muffe","12":"product_tag-aquaponik","13":"product_tag-rohrverbindung","14":"product_tag-hydroponik","15":"product_tag-ht-rohr","16":"pa_hersteller-sibo","18":"first","19":"instock","20":"taxable","21":"shipping-taxable","22":"purchasable","23":"product-type-variable"},"bundled_by":[],"bundle_stock_status":"instock","bundle_stock_quantity":null,"bundle_virtual":false,"bundle_layout":"","bundle_add_to_cart_form_location":"","bundle_editable_in_cart":false,"bundle_sold_individually_context":"","bundle_item_grouping":"","bundle_min_size":"","bundle_max_size":"","bundle_price":[],"bundled_items":[],"bundle_sell_ids":[],"supplier_id":null,"supplier_sku":"","barcode":null,"atum_controlled":true,"out_stock_date":null,"out_stock_threshold":null,"inheritable":true,"inbound_stock":null,"stock_on_hold":0,"sold_today":0,"sales_last_days":0,"reserved_stock":null,"customer_returns":null,"warehouse_damage":null,"lost_in_post":null,"other_logs":null,"out_stock_days":0,"lost_sales":0,"has_location":false,"update_date":"2026-05-02T00:23:08","atum_locations":[],"atum_stock_status":"instock","restock_status":false,"low_stock_amount":"","sales_update_date":"2026-05-02T00:23:08","calc_backorders":null,"tiered_pricing_type":"fixed","tiered_pricing_fixed_rules":[],"tiered_pricing_product_settings":{"layout":"default","base_unit_name":{"singular":null,"plural":null},"default_variation":null},"tiered_pricing_minimum_quantity":null,"tiered_pricing_roles_data":[],"tiered_pricing_percentage_rules":[],"_links":{"self":[{"href":"https:\/\/www.lets-grow.de\/blog\/wp-json\/wp\/v2\/product\/18861","targetHints":{"allow":["GET"]}}],"collection":[{"href":"https:\/\/www.lets-grow.de\/blog\/wp-json\/wp\/v2\/product"}],"about":[{"href":"https:\/\/www.lets-grow.de\/blog\/wp-json\/wp\/v2\/types\/product"}],"replies":[{"embeddable":true,"href":"https:\/\/www.lets-grow.de\/blog\/wp-json\/wp\/v2\/comments?post=18861"}],"version-history":[{"count":0,"href":"https:\/\/www.lets-grow.de\/blog\/wp-json\/wp\/v2\/product\/18861\/revisions"}],"wp:featuredmedia":[{"embeddable":true,"href":"https:\/\/www.lets-grow.de\/blog\/wp-json\/wp\/v2\/media\/18865"}],"wp:attachment":[{"href":"https:\/\/www.lets-grow.de\/blog\/wp-json\/wp\/v2\/media?parent=18861"}],"wp:term":[{"taxonomy":"product_brand","embeddable":true,"href":"https:\/\/www.lets-grow.de\/blog\/wp-json\/wp\/v2\/product_brand?post=18861"},{"taxonomy":"product_cat","embeddable":true,"href":"https:\/\/www.lets-grow.de\/blog\/wp-json\/wp\/v2\/product_cat?post=18861"},{"taxonomy":"product_tag","embeddable":true,"href":"https:\/\/www.lets-grow.de\/blog\/wp-json\/wp\/v2\/product_tag?post=18861"}],"curies":[{"name":"wp","href":"https:\/\/api.w.org\/{rel}","templated":true}]}}