{"id":18825,"date":"2025-02-18T20:56:20","date_gmt":"2025-02-18T19:56:20","guid":{"rendered":"https:\/\/www.lets-grow.de\/blog\/?post_type=product&#038;p=18825"},"modified":"2026-02-19T21:44:08","modified_gmt":"2026-02-19T20:44:08","slug":"heizstab-mit-thermostat","status":"publish","type":"product","link":"https:\/\/www.lets-grow.de\/blog\/shop\/heizstab-mit-thermostat\/","title":{"rendered":"Heizstab mit Thermostat"},"content":{"rendered":"\t\t<div data-elementor-type=\"product-post\" data-elementor-id=\"18825\" class=\"elementor elementor-18825\" data-elementor-post-type=\"product\">\n\t\t\t\t<div class=\"wd-negative-gap elementor-element elementor-element-16770c8c e-flex e-con-boxed e-con e-parent\" data-id=\"16770c8c\" data-element_type=\"container\" data-e-type=\"container\">\n\t\t\t\t\t<div class=\"e-con-inner\">\n\t\t\t\t<div class=\"elementor-element elementor-element-6abe1645 elementor-widget elementor-widget-heading\" data-id=\"6abe1645\" data-element_type=\"widget\" data-e-type=\"widget\" data-widget_type=\"heading.default\">\n\t\t\t\t\t<h2 class=\"elementor-heading-title elementor-size-default\">Heizstab f\u00fcr Wassererw\u00e4rmung \u2013 Perfekt f\u00fcr Fische und Hydrosysteme<\/h2>\t\t\t\t<\/div>\n\t\t\t\t<div class=\"elementor-element elementor-element-2c32361 color-scheme-inherit text-left elementor-widget elementor-widget-text-editor\" data-id=\"2c32361\" data-element_type=\"widget\" data-e-type=\"widget\" data-widget_type=\"text-editor.default\">\n\t\t\t\t\t\t\t\t\t<p data-start=\"77\" data-end=\"646\">Der <strong data-start=\"81\" data-end=\"113\">Heizstab f\u00fcr Wassererw\u00e4rmung<\/strong> sorgt f\u00fcr eine konstante Temperatur in Aquaponik- und Hydrosystemen sowie f\u00fcr die Zucht und \u00dcberwinterung von Fischen. Mit einem einstellbaren Thermostat von 18 bis 32\u00b0C eignet sich dieser Heizstab besonders f\u00fcr Fischarten wie Tilapia, die Temperaturen \u00fcber 20\u00b0C ben\u00f6tigen. Der Heizstab wird mit Saugn\u00e4pfen und einer Halterung geliefert, sodass er einfach im Wasserbecken befestigt werden kann. Die 1,5 m lange Kabell\u00e4nge bietet Flexibilit\u00e4t bei der Platzierung, und das Ein-\/Aus-L\u00e4mpchen erm\u00f6glicht eine schnelle Statuskontrolle.<\/p><p data-start=\"648\" data-end=\"997\">Durch die zuverl\u00e4ssige Temperaturregelung hilft der Heizstab dabei, das Wachstum von Fischen und Pflanzen zu f\u00f6rdern, indem er den Einfluss von kalten N\u00e4chten oder schwankenden Au\u00dfentemperaturen ausgleicht. F\u00fcr Aquaponik- und DWC-Systeme ist er eine unverzichtbare Erg\u00e4nzung, um eine stabile Umgebung f\u00fcr Aquakulturen und Pflanzen zu gew\u00e4hrleisten.<\/p>\t\t\t\t\t\t\t\t<\/div>\n\t\t\t\t<div class=\"elementor-element elementor-element-37041af6 elementor-widget elementor-widget-spacer\" data-id=\"37041af6\" data-element_type=\"widget\" data-e-type=\"widget\" data-widget_type=\"spacer.default\">\n\t\t\t\t\t\t\t<div class=\"elementor-spacer\">\n\t\t\t<div class=\"elementor-spacer-inner\"><\/div>\n\t\t<\/div>\n\t\t\t\t\t\t<\/div>\n\t\t\t\t<div class=\"elementor-element elementor-element-370cfd4d elementor-widget elementor-widget-heading\" data-id=\"370cfd4d\" data-element_type=\"widget\" data-e-type=\"widget\" data-widget_type=\"heading.default\">\n\t\t\t\t\t<h2 class=\"elementor-heading-title elementor-size-default\">Anwendungen<\/h2>\t\t\t\t<\/div>\n\t\t\t\t<div class=\"elementor-element elementor-element-17ba9858 color-scheme-inherit text-left elementor-widget elementor-widget-text-editor\" data-id=\"17ba9858\" data-element_type=\"widget\" data-e-type=\"widget\" data-widget_type=\"text-editor.default\">\n\t\t\t\t\t\t\t\t\t<p>Der Heizstab sorgt daf\u00fcr, dass das Wasser in Aquaponik- und Hydrosystemen konstant warm bleibt, wodurch das Wachstum der Pflanzen und die Gesundheit der Fische gef\u00f6rdert werden. Besonders in der Fischvorzucht und bei der \u00dcberwinterung von Fischen wie Tilapia ist die Temperaturkontrolle entscheidend, da viele Fischarten eine Temperatur \u00fcber 20\u00b0C ben\u00f6tigen, um gesund zu bleiben. Auch in kalten N\u00e4chten sch\u00fctzt der Heizstab vor gef\u00e4hrlichen Temperaturschwankungen, die das Leben der Fische bedrohen k\u00f6nnten.<\/p>\t\t\t\t\t\t\t\t<\/div>\n\t\t\t\t<div class=\"elementor-element elementor-element-29de6d8 elementor-widget elementor-widget-spacer\" data-id=\"29de6d8\" data-element_type=\"widget\" data-e-type=\"widget\" data-widget_type=\"spacer.default\">\n\t\t\t\t\t\t\t<div class=\"elementor-spacer\">\n\t\t\t<div class=\"elementor-spacer-inner\"><\/div>\n\t\t<\/div>\n\t\t\t\t\t\t<\/div>\n\t\t\t\t<div class=\"elementor-element elementor-element-aefa770 elementor-widget elementor-widget-heading\" data-id=\"aefa770\" data-element_type=\"widget\" data-e-type=\"widget\" data-widget_type=\"heading.default\">\n\t\t\t\t\t<h2 class=\"elementor-heading-title elementor-size-default\">Vorteile<\/h2>\t\t\t\t<\/div>\n\t\t\t\t<div class=\"elementor-element elementor-element-4f06632c color-scheme-inherit text-left elementor-widget elementor-widget-text-editor\" data-id=\"4f06632c\" data-element_type=\"widget\" data-e-type=\"widget\" data-widget_type=\"text-editor.default\">\n\t\t\t\t\t\t\t\t\t<p>\u2705 <strong data-start=\"1099\" data-end=\"1135\">Einstellbarer Temperaturbereich:<\/strong> Der Thermostat erm\u00f6glicht eine pr\u00e4zise Einstellung von 18 bis 32\u00b0C, ideal f\u00fcr verschiedene Anwendungen.<br data-start=\"1239\" data-end=\"1242\" \/>\u2705 <strong data-start=\"1244\" data-end=\"1268\">Einfache Handhabung:<\/strong> Der Heizstab ist mit einem praktischen Ein-\/Aus-L\u00e4mpchen ausgestattet und l\u00e4sst sich leicht bedienen.<br data-start=\"1370\" data-end=\"1373\" \/>\u2705 <strong data-start=\"1375\" data-end=\"1401\">Vielseitig einsetzbar:<\/strong> Perfekt f\u00fcr DWC-Systeme, Aquaponik, Fischvorzucht und -\u00fcberwinterung.<br data-start=\"1471\" data-end=\"1474\" \/>\u2705 <strong data-start=\"1476\" data-end=\"1506\">Langlebig und zuverl\u00e4ssig:<\/strong> Mit einer robusten Konstruktion, 1,5m Kabell\u00e4nge und Saugn\u00e4pfen f\u00fcr stabile Befestigung.<\/p>\t\t\t\t\t\t\t\t<\/div>\n\t\t\t\t<div class=\"elementor-element elementor-element-4f04c43b elementor-widget elementor-widget-spacer\" data-id=\"4f04c43b\" data-element_type=\"widget\" data-e-type=\"widget\" data-widget_type=\"spacer.default\">\n\t\t\t\t\t\t\t<div class=\"elementor-spacer\">\n\t\t\t<div class=\"elementor-spacer-inner\"><\/div>\n\t\t<\/div>\n\t\t\t\t\t\t<\/div>\n\t\t\t\t<div class=\"elementor-element elementor-element-6169ee8f elementor-widget elementor-widget-heading\" data-id=\"6169ee8f\" data-element_type=\"widget\" data-e-type=\"widget\" data-widget_type=\"heading.default\">\n\t\t\t\t\t<h2 class=\"elementor-heading-title elementor-size-default\">Zusammenfassung<\/h2>\t\t\t\t<\/div>\n\t\t\t\t<div class=\"elementor-element elementor-element-110e384f color-scheme-inherit text-left elementor-widget elementor-widget-text-editor\" data-id=\"110e384f\" data-element_type=\"widget\" data-e-type=\"widget\" data-widget_type=\"text-editor.default\">\n\t\t\t\t\t\t\t\t\t<p>Mit diesem Heizstab f\u00fcr Wassererw\u00e4rmung erh\u00e4ltst du eine zuverl\u00e4ssige L\u00f6sung f\u00fcr die Aufrechterhaltung einer stabilen Wassertemperatur in deinem System. Besonders f\u00fcr die Zucht und \u00dcberwinterung von Fischen sowie f\u00fcr DWC- und Hydrosysteme ist dieser Heizstab unverzichtbar. Einfach zu installieren und einzustellen, sorgt er f\u00fcr optimale Bedingungen und sch\u00fctzt sowohl Pflanzen als auch Fische.<\/p>\t\t\t\t\t\t\t\t<\/div>\n\t\t\t\t\t<\/div>\n\t\t\t\t<\/div>\n\t\t\t\t<\/div>\n\t\t","protected":false},"excerpt":{"rendered":"<p>Dieser Heizstab sorgt f\u00fcr eine konstante Wassertemperatur in Aquaponik- und Hydrosystemen sowie f\u00fcr die Vorzucht und \u00dcberwinterung von Fischen wie Tilapia. Mit einem einstellbaren Thermostat von 18-32\u00b0C und einer Kabell\u00e4nge von 1,5m. Er wird mit Saugn\u00e4pfen und Halterung geliefert und erm\u00f6glicht eine einfache Installation. Lebenswichtig f\u00fcr Fischarten, die Temperaturen \u00fcber 20\u00b0C ben\u00f6tigen.<\/p>\n","protected":false},"featured_media":18830,"comment_status":"open","ping_status":"closed","template":"","meta":{"_monsterinsights_skip_tracking":false,"_monsterinsights_sitenote_active":false,"_monsterinsights_sitenote_note":"","_monsterinsights_sitenote_category":0},"product_brand":[],"product_cat":[1381],"product_tag":[1382,1383,1384],"class_list":{"0":"post-18825","1":"product","2":"type-product","3":"status-publish","4":"has-post-thumbnail","6":"product_cat-heizung","7":"product_tag-regelheizer","8":"product_tag-heizstab","9":"product_tag-wasserwaermung","10":"pa_hersteller-diverse","12":"first","13":"instock","14":"taxable","15":"shipping-taxable","16":"purchasable","17":"product-type-variable"},"bundled_by":[],"bundle_stock_status":"instock","bundle_stock_quantity":null,"bundle_virtual":false,"bundle_layout":"","bundle_add_to_cart_form_location":"","bundle_editable_in_cart":false,"bundle_sold_individually_context":"","bundle_item_grouping":"","bundle_min_size":"","bundle_max_size":"","bundle_price":[],"bundled_items":[],"bundle_sell_ids":[],"supplier_id":null,"supplier_sku":"","barcode":null,"atum_controlled":true,"out_stock_date":null,"out_stock_threshold":null,"inheritable":true,"inbound_stock":0,"stock_on_hold":0,"sold_today":0,"sales_last_days":0,"reserved_stock":0,"customer_returns":0,"warehouse_damage":0,"lost_in_post":0,"other_logs":0,"out_stock_days":0,"lost_sales":0,"has_location":false,"update_date":"2026-04-05T00:43:59","atum_locations":[],"atum_stock_status":"instock","restock_status":false,"low_stock_amount":"","sales_update_date":"2026-04-05T00:43:59","calc_backorders":null,"tiered_pricing_type":"fixed","tiered_pricing_fixed_rules":[],"tiered_pricing_product_settings":{"layout":"default","base_unit_name":{"singular":null,"plural":null},"default_variation":null},"tiered_pricing_minimum_quantity":null,"tiered_pricing_roles_data":[],"tiered_pricing_percentage_rules":[],"_links":{"self":[{"href":"https:\/\/www.lets-grow.de\/blog\/wp-json\/wp\/v2\/product\/18825","targetHints":{"allow":["GET"]}}],"collection":[{"href":"https:\/\/www.lets-grow.de\/blog\/wp-json\/wp\/v2\/product"}],"about":[{"href":"https:\/\/www.lets-grow.de\/blog\/wp-json\/wp\/v2\/types\/product"}],"replies":[{"embeddable":true,"href":"https:\/\/www.lets-grow.de\/blog\/wp-json\/wp\/v2\/comments?post=18825"}],"version-history":[{"count":1,"href":"https:\/\/www.lets-grow.de\/blog\/wp-json\/wp\/v2\/product\/18825\/revisions"}],"predecessor-version":[{"id":21271,"href":"https:\/\/www.lets-grow.de\/blog\/wp-json\/wp\/v2\/product\/18825\/revisions\/21271"}],"wp:featuredmedia":[{"embeddable":true,"href":"https:\/\/www.lets-grow.de\/blog\/wp-json\/wp\/v2\/media\/18830"}],"wp:attachment":[{"href":"https:\/\/www.lets-grow.de\/blog\/wp-json\/wp\/v2\/media?parent=18825"}],"wp:term":[{"taxonomy":"product_brand","embeddable":true,"href":"https:\/\/www.lets-grow.de\/blog\/wp-json\/wp\/v2\/product_brand?post=18825"},{"taxonomy":"product_cat","embeddable":true,"href":"https:\/\/www.lets-grow.de\/blog\/wp-json\/wp\/v2\/product_cat?post=18825"},{"taxonomy":"product_tag","embeddable":true,"href":"https:\/\/www.lets-grow.de\/blog\/wp-json\/wp\/v2\/product_tag?post=18825"}],"curies":[{"name":"wp","href":"https:\/\/api.w.org\/{rel}","templated":true}]}}