{"id":18813,"date":"2025-02-18T20:25:38","date_gmt":"2025-02-18T19:25:38","guid":{"rendered":"https:\/\/www.lets-grow.de\/blog\/?post_type=product&#038;p=18813"},"modified":"2025-10-01T20:33:40","modified_gmt":"2025-10-01T18:33:40","slug":"luftverteiler-8mm-eingang-4mm-ausgang","status":"publish","type":"product","link":"https:\/\/www.lets-grow.de\/blog\/shop\/luftverteiler-8mm-eingang-4mm-ausgang\/","title":{"rendered":"Luftverteiler 8mm Eingang &#8211; ungeregelt"},"content":{"rendered":"\t\t<div data-elementor-type=\"product-post\" data-elementor-id=\"18813\" class=\"elementor elementor-18813\" data-elementor-post-type=\"product\">\n\t\t\t\t<div class=\"wd-negative-gap elementor-element elementor-element-65eeccca e-flex e-con-boxed e-con e-parent\" data-id=\"65eeccca\" data-element_type=\"container\" data-e-type=\"container\">\n\t\t\t\t\t<div class=\"e-con-inner\">\n\t\t\t\t<div class=\"elementor-element elementor-element-49b969a0 elementor-widget elementor-widget-heading\" data-id=\"49b969a0\" data-element_type=\"widget\" data-e-type=\"widget\" data-widget_type=\"heading.default\">\n\t\t\t\t\t<h2 class=\"elementor-heading-title elementor-size-default\">Luftverteiler 8mm Eingang \u2013 Ungeregelt<\/h2>\t\t\t\t<\/div>\n\t\t\t\t<div class=\"elementor-element elementor-element-2b0e41c6 color-scheme-inherit text-left elementor-widget elementor-widget-text-editor\" data-id=\"2b0e41c6\" data-element_type=\"widget\" data-e-type=\"widget\" data-widget_type=\"text-editor.default\">\n\t\t\t\t\t\t\t\t\t<p data-start=\"127\" data-end=\"680\">Der <strong data-start=\"131\" data-end=\"173\">Luftverteiler 8mm Eingang \u2013 ungeregelt<\/strong> ist die ideale L\u00f6sung f\u00fcr die gleichm\u00e4\u00dfige Verteilung von Luft oder N\u00e4hrl\u00f6sung in deinem System. Mit einem 8mm Eingang l\u00e4sst sich der Verteiler einfach an g\u00e4ngige Luftschl\u00e4uche anschlie\u00dfen. Die Ausg\u00e4nge sind nicht regelbar, erm\u00f6glichen jedoch eine gleichm\u00e4\u00dfige Verteilung und k\u00f6nnen problemlos mit H\u00e4hnen kombiniert werden, um den Luftstrom zu steuern. Dieser Verteiler ist perfekt f\u00fcr Aquaponik-, Hydroponik- und Bew\u00e4sserungssysteme, in denen eine einfache und zuverl\u00e4ssige Luftverteilung ben\u00f6tigt wird.<\/p><p data-start=\"682\" data-end=\"963\">Durch seine robuste Kunststoffkonstruktion ist der Luftverteiler langlebig und f\u00fcr den Einsatz in verschiedenen Umgebungen geeignet. Der Verteiler sorgt daf\u00fcr, dass deine Pflanzen gleichm\u00e4\u00dfig mit Luft oder N\u00e4hrstoffen versorgt werden und tr\u00e4gt somit zu einem gesunden Wachstum bei.<\/p>\t\t\t\t\t\t\t\t<\/div>\n\t\t\t\t<div class=\"elementor-element elementor-element-7ab7c6f5 elementor-widget elementor-widget-spacer\" data-id=\"7ab7c6f5\" data-element_type=\"widget\" data-e-type=\"widget\" data-widget_type=\"spacer.default\">\n\t\t\t\t\t\t\t<div class=\"elementor-spacer\">\n\t\t\t<div class=\"elementor-spacer-inner\"><\/div>\n\t\t<\/div>\n\t\t\t\t\t\t<\/div>\n\t\t\t\t<div class=\"elementor-element elementor-element-46338f1d elementor-widget elementor-widget-heading\" data-id=\"46338f1d\" data-element_type=\"widget\" data-e-type=\"widget\" data-widget_type=\"heading.default\">\n\t\t\t\t\t<h2 class=\"elementor-heading-title elementor-size-default\">Anwendungen<\/h2>\t\t\t\t<\/div>\n\t\t\t\t<div class=\"elementor-element elementor-element-3f7a1de3 color-scheme-inherit text-left elementor-widget elementor-widget-text-editor\" data-id=\"3f7a1de3\" data-element_type=\"widget\" data-e-type=\"widget\" data-widget_type=\"text-editor.default\">\n\t\t\t\t\t\t\t\t\t<p>Der Luftverteiler eignet sich hervorragend, um Luft gleichm\u00e4\u00dfig auf mehrere Ausg\u00e4nge zu verteilen. Er kann sowohl in Bel\u00fcftungssystemen als auch in Bew\u00e4sserungsl\u00f6sungen in Hydroponik- und Aquaponiksystemen eingesetzt werden. F\u00fcr eine pr\u00e4zisere Steuerung des Luftstroms oder der Wasserverteilung l\u00e4sst sich der ungeregelte Verteiler problemlos mit H\u00e4hnen kombinieren, um die gew\u00fcnschte Verteilung zu erreichen.<\/p>\t\t\t\t\t\t\t\t<\/div>\n\t\t\t\t<div class=\"elementor-element elementor-element-3ecc3df elementor-widget elementor-widget-spacer\" data-id=\"3ecc3df\" data-element_type=\"widget\" data-e-type=\"widget\" data-widget_type=\"spacer.default\">\n\t\t\t\t\t\t\t<div class=\"elementor-spacer\">\n\t\t\t<div class=\"elementor-spacer-inner\"><\/div>\n\t\t<\/div>\n\t\t\t\t\t\t<\/div>\n\t\t\t\t<div class=\"elementor-element elementor-element-6cb4012a elementor-widget elementor-widget-heading\" data-id=\"6cb4012a\" data-element_type=\"widget\" data-e-type=\"widget\" data-widget_type=\"heading.default\">\n\t\t\t\t\t<h2 class=\"elementor-heading-title elementor-size-default\">Vorteile<\/h2>\t\t\t\t<\/div>\n\t\t\t\t<div class=\"elementor-element elementor-element-38fcef5d color-scheme-inherit text-left elementor-widget elementor-widget-text-editor\" data-id=\"38fcef5d\" data-element_type=\"widget\" data-e-type=\"widget\" data-widget_type=\"text-editor.default\">\n\t\t\t\t\t\t\t\t\t<p>\u2705 <strong data-start=\"1074\" data-end=\"1100\">Effiziente Verteilung:<\/strong> Verteilung von Luft oder N\u00e4hrl\u00f6sungen auf mehrere Ausg\u00e4nge.<br data-start=\"1160\" data-end=\"1163\" \/>\u2705 <strong data-start=\"1165\" data-end=\"1191\">Einfache Installation:<\/strong> Der 8mm Eingang l\u00e4sst sich unkompliziert an g\u00e4ngige Luftschl\u00e4uche anschlie\u00dfen.<br data-start=\"1270\" data-end=\"1273\" \/>\u2705 <strong data-start=\"1275\" data-end=\"1301\">Vielseitig einsetzbar:<\/strong> Ideal f\u00fcr Aquaponik-, Hydroponik- und Bew\u00e4sserungssysteme.<br data-start=\"1360\" data-end=\"1363\" \/>\u2705 <strong data-start=\"1365\" data-end=\"1393\">Kombinierbar mit H\u00e4hnen:<\/strong> Die Ausg\u00e4nge sind nicht regelbar, lassen sich aber perfekt mit H\u00e4hnen kombinieren, um den Luftstrom zu steuern.<\/p>\t\t\t\t\t\t\t\t<\/div>\n\t\t\t\t<div class=\"elementor-element elementor-element-836e951 elementor-widget elementor-widget-spacer\" data-id=\"836e951\" data-element_type=\"widget\" data-e-type=\"widget\" data-widget_type=\"spacer.default\">\n\t\t\t\t\t\t\t<div class=\"elementor-spacer\">\n\t\t\t<div class=\"elementor-spacer-inner\"><\/div>\n\t\t<\/div>\n\t\t\t\t\t\t<\/div>\n\t\t\t\t<div class=\"elementor-element elementor-element-420b2bb3 elementor-widget elementor-widget-heading\" data-id=\"420b2bb3\" data-element_type=\"widget\" data-e-type=\"widget\" data-widget_type=\"heading.default\">\n\t\t\t\t\t<h2 class=\"elementor-heading-title elementor-size-default\">Zusammenfassung<\/h2>\t\t\t\t<\/div>\n\t\t\t\t<div class=\"elementor-element elementor-element-24df79d3 color-scheme-inherit text-left elementor-widget elementor-widget-text-editor\" data-id=\"24df79d3\" data-element_type=\"widget\" data-e-type=\"widget\" data-widget_type=\"text-editor.default\">\n\t\t\t\t\t\t\t\t\t<p>Mit diesem ungeregelten Luftverteiler erh\u00e4ltst du eine einfache und zuverl\u00e4ssige L\u00f6sung zur Luftverteilung. Der 8mm Eingang erm\u00f6glicht eine schnelle Installation und eine stabile Leistung. Perfekt f\u00fcr Systeme, bei denen eine pr\u00e4zise Steuerung des Luftstroms durch H\u00e4hne erforderlich ist.<\/p>\t\t\t\t\t\t\t\t<\/div>\n\t\t\t\t\t<\/div>\n\t\t\t\t<\/div>\n\t\t\t\t<\/div>\n\t\t","protected":false},"excerpt":{"rendered":"<p>Dieser Luftverteiler mit 8mm Eingang und 4mm Ausg\u00e4ngen ist ideal f\u00fcr die Verteilung von Luft oder N\u00e4hrl\u00f6sung in deinem System. Die Ausg\u00e4nge sind nicht regelbar, lassen sich aber gut mit H\u00e4hnen kombinieren, um den Luftstrom zu steuern. Perfekt f\u00fcr Aquaponik-, Hydroponik- und Bew\u00e4sserungsanwendungen, wo eine einfache und zuverl\u00e4ssige Luftverteilung erforderlich ist.<\/p>\n","protected":false},"featured_media":18818,"comment_status":"open","ping_status":"closed","template":"","meta":{"_monsterinsights_skip_tracking":false,"_monsterinsights_sitenote_active":false,"_monsterinsights_sitenote_note":"","_monsterinsights_sitenote_category":0},"product_brand":[],"product_cat":[1370],"product_tag":[1371,1372,1373,1374,1375,1376,1377,1378],"class_list":{"0":"post-18813","1":"product","2":"type-product","3":"status-publish","4":"has-post-thumbnail","6":"product_cat-regulierung-verteilung","7":"product_tag-luftverteiler","8":"product_tag-kunstoffverteiler","9":"product_tag-4-6mm-luftschlauch","10":"product_tag-4mm-ausgaenge","11":"product_tag-bewaesserung-verteiler","12":"product_tag-aquaponik-luftverteiler","13":"product_tag-hydroponik-luftverteiler","14":"product_tag-kunststoff-verteiler","16":"first","17":"instock","18":"taxable","19":"shipping-taxable","20":"purchasable","21":"product-type-variable"},"bundled_by":[],"bundle_stock_status":"instock","bundle_stock_quantity":null,"bundle_virtual":false,"bundle_layout":"","bundle_add_to_cart_form_location":"","bundle_editable_in_cart":false,"bundle_sold_individually_context":"","bundle_item_grouping":"","bundle_min_size":"","bundle_max_size":"","bundle_price":[],"bundled_items":[],"bundle_sell_ids":[],"supplier_id":null,"supplier_sku":"","barcode":null,"atum_controlled":true,"out_stock_date":null,"out_stock_threshold":null,"inheritable":false,"inbound_stock":null,"stock_on_hold":0,"sold_today":0,"sales_last_days":0,"reserved_stock":null,"customer_returns":null,"warehouse_damage":null,"lost_in_post":null,"other_logs":null,"out_stock_days":0,"lost_sales":0,"has_location":null,"update_date":"2026-04-05T00:43:57","atum_locations":[],"atum_stock_status":"instock","restock_status":false,"low_stock_amount":"","sales_update_date":"2026-04-05T00:43:57","calc_backorders":null,"tiered_pricing_type":"fixed","tiered_pricing_fixed_rules":[],"tiered_pricing_product_settings":{"layout":"default","base_unit_name":{"singular":null,"plural":null},"default_variation":null},"tiered_pricing_minimum_quantity":null,"tiered_pricing_roles_data":[],"tiered_pricing_percentage_rules":[],"_links":{"self":[{"href":"https:\/\/www.lets-grow.de\/blog\/wp-json\/wp\/v2\/product\/18813","targetHints":{"allow":["GET"]}}],"collection":[{"href":"https:\/\/www.lets-grow.de\/blog\/wp-json\/wp\/v2\/product"}],"about":[{"href":"https:\/\/www.lets-grow.de\/blog\/wp-json\/wp\/v2\/types\/product"}],"replies":[{"embeddable":true,"href":"https:\/\/www.lets-grow.de\/blog\/wp-json\/wp\/v2\/comments?post=18813"}],"version-history":[{"count":0,"href":"https:\/\/www.lets-grow.de\/blog\/wp-json\/wp\/v2\/product\/18813\/revisions"}],"wp:featuredmedia":[{"embeddable":true,"href":"https:\/\/www.lets-grow.de\/blog\/wp-json\/wp\/v2\/media\/18818"}],"wp:attachment":[{"href":"https:\/\/www.lets-grow.de\/blog\/wp-json\/wp\/v2\/media?parent=18813"}],"wp:term":[{"taxonomy":"product_brand","embeddable":true,"href":"https:\/\/www.lets-grow.de\/blog\/wp-json\/wp\/v2\/product_brand?post=18813"},{"taxonomy":"product_cat","embeddable":true,"href":"https:\/\/www.lets-grow.de\/blog\/wp-json\/wp\/v2\/product_cat?post=18813"},{"taxonomy":"product_tag","embeddable":true,"href":"https:\/\/www.lets-grow.de\/blog\/wp-json\/wp\/v2\/product_tag?post=18813"}],"curies":[{"name":"wp","href":"https:\/\/api.w.org\/{rel}","templated":true}]}}