{"id":18789,"date":"2025-02-18T19:17:35","date_gmt":"2025-02-18T18:17:35","guid":{"rendered":"https:\/\/www.lets-grow.de\/blog\/?post_type=product&#038;p=18789"},"modified":"2026-04-19T20:49:28","modified_gmt":"2026-04-19T18:49:28","slug":"eisenduenger-eddha-6-prozent","status":"publish","type":"product","link":"https:\/\/www.lets-grow.de\/blog\/shop\/eisenduenger-eddha-6-prozent\/","title":{"rendered":"Eisend\u00fcnger EDDHA 6%"},"content":{"rendered":"\t\t<div data-elementor-type=\"product-post\" data-elementor-id=\"18789\" class=\"elementor elementor-18789\" data-elementor-post-type=\"product\">\n\t\t\t\t<div class=\"wd-negative-gap elementor-element elementor-element-c62f643 e-flex e-con-boxed e-con e-parent\" data-id=\"c62f643\" data-element_type=\"container\" data-e-type=\"container\">\n\t\t\t\t\t<div class=\"e-con-inner\">\n\t\t\t\t<div class=\"elementor-element elementor-element-2749776c elementor-widget elementor-widget-heading\" data-id=\"2749776c\" data-element_type=\"widget\" data-e-type=\"widget\" data-widget_type=\"heading.default\">\n\t\t\t\t\t<h2 class=\"elementor-heading-title elementor-size-default\">Eisend\u00fcnger EDDHA 6% \u2013 Die stabile Eisenquelle f\u00fcr Aquaponik &amp; Hydroponik<\/h2>\t\t\t\t<\/div>\n\t\t\t\t<div class=\"elementor-element elementor-element-15f18369 color-scheme-inherit text-left elementor-widget elementor-widget-text-editor\" data-id=\"15f18369\" data-element_type=\"widget\" data-e-type=\"widget\" data-widget_type=\"text-editor.default\">\n\t\t\t\t\t\t\t\t\t<p data-start=\"83\" data-end=\"542\">Eisend\u00fcnger EDDHA 6% ist speziell f\u00fcr Aquaponik- und Hydroponiksysteme entwickelt, um eine zuverl\u00e4ssige Eisenquelle bereitzustellen. Fische scheiden das aufgenommene Eisen nicht aus, sondern speichern es, weshalb eine zus\u00e4tzliche Eisenquelle erforderlich ist. Dieser D\u00fcnger enth\u00e4lt 6% reines Eisen, das in einem pH-Bereich von 4 bis 10 pflanzenverf\u00fcgbar bleibt und verhindert die Oxidation sowie das Ausf\u00e4llen von Eisen im Wasser.<\/p><p data-start=\"544\" data-end=\"957\">Dank des EDDHA-Chelats wird das Eisen auch in hochalkalischen Umgebungen optimal von den Pflanzen aufgenommen. Eine Dosierung von nur 3g pro 1000L Wasser pro Woche reicht bei starkem Eisenbedarf f\u00fcr \u00fcber ein Jahr, sodass der D\u00fcnger \u00e4u\u00dferst ergiebig ist. Ideal f\u00fcr Aquaponik- und Hydroponiksysteme, die eine effiziente und stabile Eisenversorgung ben\u00f6tigen, ohne unerw\u00fcnschte Ablagerungen im System zu riskieren.<\/p>\t\t\t\t\t\t\t\t<\/div>\n\t\t\t\t<div class=\"elementor-element elementor-element-1755c05f elementor-widget elementor-widget-spacer\" data-id=\"1755c05f\" data-element_type=\"widget\" data-e-type=\"widget\" data-widget_type=\"spacer.default\">\n\t\t\t\t\t\t\t<div class=\"elementor-spacer\">\n\t\t\t<div class=\"elementor-spacer-inner\"><\/div>\n\t\t<\/div>\n\t\t\t\t\t\t<\/div>\n\t\t\t\t<div class=\"elementor-element elementor-element-539bfce9 elementor-widget elementor-widget-heading\" data-id=\"539bfce9\" data-element_type=\"widget\" data-e-type=\"widget\" data-widget_type=\"heading.default\">\n\t\t\t\t\t<h2 class=\"elementor-heading-title elementor-size-default\">Anwendungen<\/h2>\t\t\t\t<\/div>\n\t\t\t\t<div class=\"elementor-element elementor-element-1dac3978 color-scheme-inherit text-left elementor-widget elementor-widget-text-editor\" data-id=\"1dac3978\" data-element_type=\"widget\" data-e-type=\"widget\" data-widget_type=\"text-editor.default\">\n\t\t\t\t\t\t\t\t\t<p>\ud83d\udd39 <strong data-start=\"1687\" data-end=\"1701\">Dosierung:<\/strong> 3g pro 1000L Wasser pro Woche bei hohem Eisenbedarf<br data-start=\"1753\" data-end=\"1756\" \/>\ud83d\udd39 <strong data-start=\"1759\" data-end=\"1773\">Verbrauch:<\/strong> 150g reichen bei dieser Dosierung f\u00fcr \u00fcber ein Jahr bei 1000L Aquaponiksystem<br data-start=\"1825\" data-end=\"1828\" \/>\ud83d\udd39 <strong data-start=\"1831\" data-end=\"1858\">Individuelle Anpassung:<\/strong> Der Eisenbedarf variiert je nach Pflanzenart, daher kann die Dosierung je nach Bedarf angepasst werden<\/p>\t\t\t\t\t\t\t\t<\/div>\n\t\t\t\t<div class=\"elementor-element elementor-element-60761eb9 elementor-widget elementor-widget-spacer\" data-id=\"60761eb9\" data-element_type=\"widget\" data-e-type=\"widget\" data-widget_type=\"spacer.default\">\n\t\t\t\t\t\t\t<div class=\"elementor-spacer\">\n\t\t\t<div class=\"elementor-spacer-inner\"><\/div>\n\t\t<\/div>\n\t\t\t\t\t\t<\/div>\n\t\t\t\t<div class=\"elementor-element elementor-element-66e84949 elementor-widget elementor-widget-heading\" data-id=\"66e84949\" data-element_type=\"widget\" data-e-type=\"widget\" data-widget_type=\"heading.default\">\n\t\t\t\t\t<h2 class=\"elementor-heading-title elementor-size-default\">Vorteile<\/h2>\t\t\t\t<\/div>\n\t\t\t\t<div class=\"elementor-element elementor-element-2fec83cd color-scheme-inherit text-left elementor-widget elementor-widget-text-editor\" data-id=\"2fec83cd\" data-element_type=\"widget\" data-e-type=\"widget\" data-widget_type=\"text-editor.default\">\n\t\t\t\t\t\t\t\t\t<p>\u2705 <strong data-start=\"1369\" data-end=\"1392\">Breiter pH-Bereich:<\/strong> Eisen bleibt bis pH 10 pflanzenverf\u00fcgbar<br data-start=\"1433\" data-end=\"1436\" \/>\u2705 <strong data-start=\"1438\" data-end=\"1453\">Stabilit\u00e4t:<\/strong> Verhindert Oxidation und Ausf\u00e4llung im Wasser<br data-start=\"1499\" data-end=\"1502\" \/>\u2705 <strong data-start=\"1504\" data-end=\"1527\">Einfache Anwendung:<\/strong> 3g pro 1000L Wasser pro Woche bei starkem Bedarf<br data-start=\"1576\" data-end=\"1579\" \/>\u2705 <strong data-start=\"1581\" data-end=\"1597\">Hochwirksam:<\/strong> Schon 150g reichen f\u00fcr \u00fcber ein Jahr bei 1000L Systemen<\/p>\t\t\t\t\t\t\t\t<\/div>\n\t\t\t\t<div class=\"elementor-element elementor-element-dd38b3a elementor-widget elementor-widget-spacer\" data-id=\"dd38b3a\" data-element_type=\"widget\" data-e-type=\"widget\" data-widget_type=\"spacer.default\">\n\t\t\t\t\t\t\t<div class=\"elementor-spacer\">\n\t\t\t<div class=\"elementor-spacer-inner\"><\/div>\n\t\t<\/div>\n\t\t\t\t\t\t<\/div>\n\t\t\t\t<div class=\"elementor-element elementor-element-7fb49d5 elementor-widget elementor-widget-heading\" data-id=\"7fb49d5\" data-element_type=\"widget\" data-e-type=\"widget\" data-widget_type=\"heading.default\">\n\t\t\t\t\t<h2 class=\"elementor-heading-title elementor-size-default\">Warum Eisen wichtig ist<\/h2>\t\t\t\t<\/div>\n\t\t\t\t<div class=\"elementor-element elementor-element-50f4e60 color-scheme-inherit text-left elementor-widget elementor-widget-text-editor\" data-id=\"50f4e60\" data-element_type=\"widget\" data-e-type=\"widget\" data-widget_type=\"text-editor.default\">\n\t\t\t\t\t\t\t\t\t<p>Eisen ist ein essentieller N\u00e4hrstoff, der in Aquaponiksystemen zus\u00e4tzlich zum Fischfutter zugef\u00fchrt werden muss, da Fische das aufgenommene Eisen nicht ausscheiden, sondern es speichern. Eisenmangel kann daher schnell zu Problemen bei der Pflanzenentwicklung f\u00fchren.<\/p>\t\t\t\t\t\t\t\t<\/div>\n\t\t\t\t<div class=\"elementor-element elementor-element-2f56901 elementor-widget elementor-widget-spacer\" data-id=\"2f56901\" data-element_type=\"widget\" data-e-type=\"widget\" data-widget_type=\"spacer.default\">\n\t\t\t\t\t\t\t<div class=\"elementor-spacer\">\n\t\t\t<div class=\"elementor-spacer-inner\"><\/div>\n\t\t<\/div>\n\t\t\t\t\t\t<\/div>\n\t\t\t\t<div class=\"elementor-element elementor-element-3de88609 elementor-widget elementor-widget-heading\" data-id=\"3de88609\" data-element_type=\"widget\" data-e-type=\"widget\" data-widget_type=\"heading.default\">\n\t\t\t\t\t<h2 class=\"elementor-heading-title elementor-size-default\">Zusammenfassung<\/h2>\t\t\t\t<\/div>\n\t\t\t\t<div class=\"elementor-element elementor-element-6a4df474 color-scheme-inherit text-left elementor-widget elementor-widget-text-editor\" data-id=\"6a4df474\" data-element_type=\"widget\" data-e-type=\"widget\" data-widget_type=\"text-editor.default\">\n\t\t\t\t\t\t\t\t\t<p data-start=\"1992\" data-end=\"2342\">Der Eisend\u00fcnger EDDHA 6% bietet eine stabile Eisenquelle f\u00fcr Aquaponik- und Hydroponiksysteme und bleibt auch bei einem pH-Wert von bis zu 10 pflanzenverf\u00fcgbar. Er verhindert Eisenmangel und f\u00f6rdert gesundes Pflanzenwachstum ohne das Risiko von Oxidation und Ausf\u00e4llung. Perfekt f\u00fcr Systeme, in denen eine effiziente Eisenversorgung erforderlich ist!<\/p>\t\t\t\t\t\t\t\t<\/div>\n\t\t\t\t\t<\/div>\n\t\t\t\t<\/div>\n\t\t\t\t<\/div>\n\t\t","protected":false},"excerpt":{"rendered":"<p>Eisend\u00fcnger EDDHA 6% bietet eine hochwirksame Eisenquelle f\u00fcr Aquaponik- und Hydroponiksysteme. Dank EDDHA-Chelat bleibt das Eisen bei einem pH-Wert von 4 bis 10 pflanzenverf\u00fcgbar und verhindert die Oxidation im Wasser. Eine Dosierung von 3g pro 1000L Wasser pro Woche reicht f\u00fcr \u00fcber ein Jahr bei starkem Eisenbedarf. Ideal f\u00fcr Systeme, in denen Eisenmangel schnell auftreten kann.<\/p>\n","protected":false},"featured_media":18790,"comment_status":"open","ping_status":"closed","template":"","meta":{"_monsterinsights_skip_tracking":false,"_monsterinsights_sitenote_active":false,"_monsterinsights_sitenote_note":"","_monsterinsights_sitenote_category":0},"product_brand":[],"product_cat":[589],"product_tag":[1352,1355,1360,1361,1362],"class_list":{"0":"post-18789","1":"product","2":"type-product","3":"status-publish","4":"has-post-thumbnail","6":"product_cat-duenger-naehrstoffe","7":"product_tag-aquaponik-eisenduenger","8":"product_tag-ph-stabiler-eisenduenger","9":"product_tag-eddha","10":"product_tag-6-eisen-duenger","11":"product_tag-eisenmangel","12":"pa_hersteller-biolchim","14":"first","15":"instock","16":"taxable","17":"shipping-taxable","18":"purchasable","19":"product-type-variable"},"bundled_by":[],"bundle_stock_status":"instock","bundle_stock_quantity":null,"bundle_virtual":false,"bundle_layout":"","bundle_add_to_cart_form_location":"","bundle_editable_in_cart":false,"bundle_sold_individually_context":"","bundle_item_grouping":"","bundle_min_size":"","bundle_max_size":"","bundle_price":[],"bundled_items":[],"bundle_sell_ids":[],"supplier_id":null,"supplier_sku":"","barcode":null,"atum_controlled":true,"out_stock_date":null,"out_stock_threshold":null,"inheritable":true,"inbound_stock":0,"stock_on_hold":0,"sold_today":0,"sales_last_days":1,"reserved_stock":0,"customer_returns":0,"warehouse_damage":0,"lost_in_post":0,"other_logs":0,"out_stock_days":0,"lost_sales":0,"has_location":false,"update_date":"2026-05-02T00:23:04","atum_locations":[],"atum_stock_status":"instock","restock_status":false,"low_stock_amount":"","sales_update_date":"2026-05-02T00:23:04","calc_backorders":null,"tiered_pricing_type":"fixed","tiered_pricing_fixed_rules":[],"tiered_pricing_product_settings":{"layout":"default","base_unit_name":{"singular":null,"plural":null},"default_variation":null},"tiered_pricing_minimum_quantity":null,"tiered_pricing_roles_data":[],"tiered_pricing_percentage_rules":[],"_links":{"self":[{"href":"https:\/\/www.lets-grow.de\/blog\/wp-json\/wp\/v2\/product\/18789","targetHints":{"allow":["GET"]}}],"collection":[{"href":"https:\/\/www.lets-grow.de\/blog\/wp-json\/wp\/v2\/product"}],"about":[{"href":"https:\/\/www.lets-grow.de\/blog\/wp-json\/wp\/v2\/types\/product"}],"replies":[{"embeddable":true,"href":"https:\/\/www.lets-grow.de\/blog\/wp-json\/wp\/v2\/comments?post=18789"}],"version-history":[{"count":1,"href":"https:\/\/www.lets-grow.de\/blog\/wp-json\/wp\/v2\/product\/18789\/revisions"}],"predecessor-version":[{"id":21522,"href":"https:\/\/www.lets-grow.de\/blog\/wp-json\/wp\/v2\/product\/18789\/revisions\/21522"}],"wp:featuredmedia":[{"embeddable":true,"href":"https:\/\/www.lets-grow.de\/blog\/wp-json\/wp\/v2\/media\/18790"}],"wp:attachment":[{"href":"https:\/\/www.lets-grow.de\/blog\/wp-json\/wp\/v2\/media?parent=18789"}],"wp:term":[{"taxonomy":"product_brand","embeddable":true,"href":"https:\/\/www.lets-grow.de\/blog\/wp-json\/wp\/v2\/product_brand?post=18789"},{"taxonomy":"product_cat","embeddable":true,"href":"https:\/\/www.lets-grow.de\/blog\/wp-json\/wp\/v2\/product_cat?post=18789"},{"taxonomy":"product_tag","embeddable":true,"href":"https:\/\/www.lets-grow.de\/blog\/wp-json\/wp\/v2\/product_tag?post=18789"}],"curies":[{"name":"wp","href":"https:\/\/api.w.org\/{rel}","templated":true}]}}