{"id":18778,"date":"2025-02-18T19:03:41","date_gmt":"2025-02-18T18:03:41","guid":{"rendered":"https:\/\/www.lets-grow.de\/blog\/?post_type=product&#038;p=18778"},"modified":"2026-04-27T15:14:11","modified_gmt":"2026-04-27T13:14:11","slug":"eisenduenger-dtpa-7-prozent","status":"publish","type":"product","link":"https:\/\/www.lets-grow.de\/blog\/shop\/eisenduenger-dtpa-7-prozent\/","title":{"rendered":"Eisend\u00fcnger DTPA 7%"},"content":{"rendered":"\t\t<div data-elementor-type=\"product-post\" data-elementor-id=\"18778\" class=\"elementor elementor-18778\" data-elementor-post-type=\"product\">\n\t\t\t\t<div class=\"wd-negative-gap elementor-element elementor-element-1b1c908f e-flex e-con-boxed e-con e-parent\" data-id=\"1b1c908f\" data-element_type=\"container\" data-e-type=\"container\">\n\t\t\t\t\t<div class=\"e-con-inner\">\n\t\t\t\t<div class=\"elementor-element elementor-element-5b5ee11e elementor-widget elementor-widget-heading\" data-id=\"5b5ee11e\" data-element_type=\"widget\" data-e-type=\"widget\" data-widget_type=\"heading.default\">\n\t\t\t\t\t<h2 class=\"elementor-heading-title elementor-size-default\">Eisend\u00fcnger 7% DTPA \u2013 Optimale Eisenversorgung f\u00fcr Aquaponik &amp; Hydroponik<\/h2>\t\t\t\t<\/div>\n\t\t\t\t<div class=\"elementor-element elementor-element-4cf8921 color-scheme-inherit text-left elementor-widget elementor-widget-text-editor\" data-id=\"4cf8921\" data-element_type=\"widget\" data-e-type=\"widget\" data-widget_type=\"text-editor.default\">\n\t\t\t\t\t\t\t\t\t<p data-start=\"82\" data-end=\"576\">Eisend\u00fcnger 7% DTPA ist speziell f\u00fcr Aquaponik- und Hydroponiksysteme entwickelt, um Pflanzen mit dem n\u00f6tigen Eisen zu versorgen. Fische scheiden das aufgenommene Eisen nicht aus, sondern speichern es, was dazu f\u00fchrt, dass eine zus\u00e4tzliche Eisenquelle erforderlich ist. Der DTPA-Eisend\u00fcnger bleibt in einem pH-Bereich von 4 bis 7.5 pflanzenverf\u00fcgbar und verhindert die Oxidation und Ausf\u00e4llung von Eisen im Wasser, die bei herk\u00f6mmlichen Eisend\u00fcngern auftreten kann.<\/p><p data-start=\"578\" data-end=\"871\">Mit einer Dosierung von 2g pro 1000L Wasser pro Woche bei starkem Eisenbedarf ist der D\u00fcnger besonders ergiebig und reicht f\u00fcr \u00fcber ein Jahr in einem 1000L-Aquaponiksystem. Diese stabile Eisenquelle unterst\u00fctzt ein gesundes Wachstum der Pflanzen und sorgt f\u00fcr eine kr\u00e4ftige gr\u00fcne Blattfarbe.<\/p><p data-start=\"873\" data-end=\"1035\">Ideal f\u00fcr Aquaponik-Enthusiasten, die eine zuverl\u00e4ssige und effektive Eisenversorgung suchen, ohne das Risiko von Ablagerungen oder Ungleichgewichten im System.<\/p>\t\t\t\t\t\t\t\t<\/div>\n\t\t\t\t<div class=\"elementor-element elementor-element-1be7e25d elementor-widget elementor-widget-spacer\" data-id=\"1be7e25d\" data-element_type=\"widget\" data-e-type=\"widget\" data-widget_type=\"spacer.default\">\n\t\t\t\t\t\t\t<div class=\"elementor-spacer\">\n\t\t\t<div class=\"elementor-spacer-inner\"><\/div>\n\t\t<\/div>\n\t\t\t\t\t\t<\/div>\n\t\t\t\t<div class=\"elementor-element elementor-element-3f406d41 elementor-widget elementor-widget-heading\" data-id=\"3f406d41\" data-element_type=\"widget\" data-e-type=\"widget\" data-widget_type=\"heading.default\">\n\t\t\t\t\t<h2 class=\"elementor-heading-title elementor-size-default\">Anwendungen<\/h2>\t\t\t\t<\/div>\n\t\t\t\t<div class=\"elementor-element elementor-element-12bdf12d color-scheme-inherit text-left elementor-widget elementor-widget-text-editor\" data-id=\"12bdf12d\" data-element_type=\"widget\" data-e-type=\"widget\" data-widget_type=\"text-editor.default\">\n\t\t\t\t\t\t\t\t\t<p>\ud83d\udd39 <strong data-start=\"1679\" data-end=\"1693\">Dosierung:<\/strong> 2g pro Woche auf 1000L Wasser bei starkem Eisenbedarf<br data-start=\"1747\" data-end=\"1750\" \/>\ud83d\udd39 <strong data-start=\"1753\" data-end=\"1767\">Anpassung:<\/strong> Der Eisenbedarf variiert je nach Pflanzenart \u2013 nicht jede Pflanze ben\u00f6tigt die gleiche Menge<br data-start=\"1860\" data-end=\"1863\" \/>\ud83d\udd39 <strong data-start=\"1866\" data-end=\"1889\">Einfache Anwendung:<\/strong> Pulver direkt ins Wasser einr\u00fchren<\/p>\t\t\t\t\t\t\t\t<\/div>\n\t\t\t\t<div class=\"elementor-element elementor-element-299072e2 elementor-widget elementor-widget-spacer\" data-id=\"299072e2\" data-element_type=\"widget\" data-e-type=\"widget\" data-widget_type=\"spacer.default\">\n\t\t\t\t\t\t\t<div class=\"elementor-spacer\">\n\t\t\t<div class=\"elementor-spacer-inner\"><\/div>\n\t\t<\/div>\n\t\t\t\t\t\t<\/div>\n\t\t\t\t<div class=\"elementor-element elementor-element-63b9e477 elementor-widget elementor-widget-heading\" data-id=\"63b9e477\" data-element_type=\"widget\" data-e-type=\"widget\" data-widget_type=\"heading.default\">\n\t\t\t\t\t<h2 class=\"elementor-heading-title elementor-size-default\">Vorteile<\/h2>\t\t\t\t<\/div>\n\t\t\t\t<div class=\"elementor-element elementor-element-5212191e color-scheme-inherit text-left elementor-widget elementor-widget-text-editor\" data-id=\"5212191e\" data-element_type=\"widget\" data-e-type=\"widget\" data-widget_type=\"text-editor.default\">\n\t\t\t\t\t\t\t\t\t<p>\u2705 <strong data-start=\"1331\" data-end=\"1352\">Stabil bis pH 7.5<\/strong> \u2013 bleibt pflanzenverf\u00fcgbar und verhindert Ausf\u00e4llung<br data-start=\"1405\" data-end=\"1408\" \/>\u2705 <strong data-start=\"1410\" data-end=\"1437\">Effektive Eisenaufnahme<\/strong> \u2013 f\u00f6rdert gesundes Wachstum &amp; gr\u00fcne Bl\u00e4tter<br data-start=\"1481\" data-end=\"1484\" \/>\u2705 <strong data-start=\"1486\" data-end=\"1522\">Ideal f\u00fcr Aquaponik &amp; Hydroponik<\/strong> \u2013 keine unerw\u00fcnschten Ablagerungen<br data-start=\"1557\" data-end=\"1560\" \/>\u2705 <strong data-start=\"1562\" data-end=\"1584\">Geringer Verbrauch<\/strong> \u2013 ergiebige 150g reichen f\u00fcr \u00fcber ein Jahr (bei 1000L)<\/p>\t\t\t\t\t\t\t\t<\/div>\n\t\t\t\t<div class=\"elementor-element elementor-element-78795a04 elementor-widget elementor-widget-spacer\" data-id=\"78795a04\" data-element_type=\"widget\" data-e-type=\"widget\" data-widget_type=\"spacer.default\">\n\t\t\t\t\t\t\t<div class=\"elementor-spacer\">\n\t\t\t<div class=\"elementor-spacer-inner\"><\/div>\n\t\t<\/div>\n\t\t\t\t\t\t<\/div>\n\t\t\t\t<div class=\"elementor-element elementor-element-f61f33c elementor-widget elementor-widget-heading\" data-id=\"f61f33c\" data-element_type=\"widget\" data-e-type=\"widget\" data-widget_type=\"heading.default\">\n\t\t\t\t\t<h2 class=\"elementor-heading-title elementor-size-default\">Warum Eisen wichtig ist<\/h2>\t\t\t\t<\/div>\n\t\t\t\t<div class=\"elementor-element elementor-element-2cafd0a color-scheme-inherit text-left elementor-widget elementor-widget-text-editor\" data-id=\"2cafd0a\" data-element_type=\"widget\" data-e-type=\"widget\" data-widget_type=\"text-editor.default\">\n\t\t\t\t\t\t\t\t\t<p>Eisen ist das einzige N\u00e4hrstoffelement, das in Aquaponik zus\u00e4tzlich zum Fischfutter gegeben werden muss. Fische scheiden es nicht aus, sondern lagern es in ihrem K\u00f6rper ein. Ohne eine externe Eisenquelle kann es schnell zu Mangelerscheinungen bei Pflanzen kommen.<\/p>\t\t\t\t\t\t\t\t<\/div>\n\t\t\t\t<div class=\"elementor-element elementor-element-454b9b7 elementor-widget elementor-widget-spacer\" data-id=\"454b9b7\" data-element_type=\"widget\" data-e-type=\"widget\" data-widget_type=\"spacer.default\">\n\t\t\t\t\t\t\t<div class=\"elementor-spacer\">\n\t\t\t<div class=\"elementor-spacer-inner\"><\/div>\n\t\t<\/div>\n\t\t\t\t\t\t<\/div>\n\t\t\t\t<div class=\"elementor-element elementor-element-79974ea5 elementor-widget elementor-widget-heading\" data-id=\"79974ea5\" data-element_type=\"widget\" data-e-type=\"widget\" data-widget_type=\"heading.default\">\n\t\t\t\t\t<h2 class=\"elementor-heading-title elementor-size-default\">Zusammenfassung<\/h2>\t\t\t\t<\/div>\n\t\t\t\t<div class=\"elementor-element elementor-element-17fe587 color-scheme-inherit text-left elementor-widget elementor-widget-text-editor\" data-id=\"17fe587\" data-element_type=\"widget\" data-e-type=\"widget\" data-widget_type=\"text-editor.default\">\n\t\t\t\t\t\t\t\t\t<p>Mit dem <strong data-start=\"177\" data-end=\"200\">Eisend\u00fcnger 7% DTPA<\/strong> sorgt man f\u00fcr sichtbar vitalere Pflanzen und sattgr\u00fcne Bl\u00e4tter \u2013 ganz ohne Risiko von Ausf\u00e4llungen oder Ablagerungen.<br data-start=\"318\" data-end=\"321\" \/>Ob im Gew\u00e4chshaus, im Aquaponiksystem oder in der Hydrokultur: dieser hochwertige DTPA-Chelatd\u00fcnger liefert <strong data-start=\"429\" data-end=\"457\">stabil verf\u00fcgbares Eisen<\/strong>, das den Pflanzen genau dann aufnehmen k\u00f6nnen, wenn sie es brauchen.<br data-start=\"528\" data-end=\"531\" \/>Er ist <strong data-start=\"538\" data-end=\"586\">ergiebig, einfach anzuwenden und hochwirksam<\/strong> \u2013 die ideale Wahl f\u00fcr alle, die in ihrem System das Beste aus jedem Blatt herausholen m\u00f6chten.\u00a0<\/p>\t\t\t\t\t\t\t\t<\/div>\n\t\t\t\t\t<\/div>\n\t\t\t\t<\/div>\n\t\t\t\t<\/div>\n\t\t","protected":false},"excerpt":{"rendered":"<p>Eisend\u00fcnger 7% DTPA versorgt Pflanzen in Aquaponik- und Hydroponiksystemen mit essenziellem Eisen, das durch Fischfutter nicht ausreichend zugef\u00fchrt wird. Dank DTPA-Chelat bleibt es bis zu einem pH-Wert von 7.5 pflanzenverf\u00fcgbar und verhindert die Oxidation im Wasser. Einfache Dosierung: 2g pro 1000L w\u00f6chentlich bei hohem Bedarf \u2013 reicht f\u00fcr \u00fcber ein Jahr in einem 1000L System.<\/p>\n","protected":false},"featured_media":18779,"comment_status":"open","ping_status":"closed","template":"","meta":{"_monsterinsights_skip_tracking":false,"_monsterinsights_sitenote_active":false,"_monsterinsights_sitenote_note":"","_monsterinsights_sitenote_category":0},"product_brand":[],"product_cat":[589],"product_tag":[1353,1354,1355,1356,569,1357,1358,1352],"class_list":{"0":"post-18778","1":"product","2":"type-product","3":"status-publish","4":"has-post-thumbnail","6":"product_cat-duenger-naehrstoffe","7":"product_tag-dtpa-eisenchelat","8":"product_tag-eisenversorgung-pflanzen","9":"product_tag-ph-stabiler-eisenduenger","10":"product_tag-hydroponik-eisenquelle","11":"product_tag-duenger","12":"product_tag-fe-duenger-ph-7-5","13":"product_tag-eisenmangel-aquaponik","14":"product_tag-aquaponik-eisenduenger","15":"pa_hersteller-jost","17":"first","18":"instock","19":"taxable","20":"shipping-taxable","21":"purchasable","22":"product-type-variable","23":"has-default-attributes"},"bundled_by":[],"bundle_stock_status":"instock","bundle_stock_quantity":null,"bundle_virtual":false,"bundle_layout":"","bundle_add_to_cart_form_location":"","bundle_editable_in_cart":false,"bundle_sold_individually_context":"","bundle_item_grouping":"","bundle_min_size":"","bundle_max_size":"","bundle_price":[],"bundled_items":[],"bundle_sell_ids":[],"supplier_id":null,"supplier_sku":"","barcode":null,"atum_controlled":true,"out_stock_date":null,"out_stock_threshold":null,"inheritable":true,"inbound_stock":0,"stock_on_hold":0,"sold_today":0,"sales_last_days":1,"reserved_stock":0,"customer_returns":0,"warehouse_damage":0,"lost_in_post":0,"other_logs":0,"out_stock_days":0,"lost_sales":0,"has_location":false,"update_date":"2026-05-02T00:23:06","atum_locations":[],"atum_stock_status":"instock","restock_status":false,"low_stock_amount":"","sales_update_date":"2026-05-02T00:23:06","calc_backorders":null,"tiered_pricing_type":"fixed","tiered_pricing_fixed_rules":[],"tiered_pricing_product_settings":{"layout":"default","base_unit_name":{"singular":null,"plural":null},"default_variation":null},"tiered_pricing_minimum_quantity":null,"tiered_pricing_roles_data":[],"tiered_pricing_percentage_rules":[],"_links":{"self":[{"href":"https:\/\/www.lets-grow.de\/blog\/wp-json\/wp\/v2\/product\/18778","targetHints":{"allow":["GET"]}}],"collection":[{"href":"https:\/\/www.lets-grow.de\/blog\/wp-json\/wp\/v2\/product"}],"about":[{"href":"https:\/\/www.lets-grow.de\/blog\/wp-json\/wp\/v2\/types\/product"}],"replies":[{"embeddable":true,"href":"https:\/\/www.lets-grow.de\/blog\/wp-json\/wp\/v2\/comments?post=18778"}],"version-history":[{"count":1,"href":"https:\/\/www.lets-grow.de\/blog\/wp-json\/wp\/v2\/product\/18778\/revisions"}],"predecessor-version":[{"id":21567,"href":"https:\/\/www.lets-grow.de\/blog\/wp-json\/wp\/v2\/product\/18778\/revisions\/21567"}],"wp:featuredmedia":[{"embeddable":true,"href":"https:\/\/www.lets-grow.de\/blog\/wp-json\/wp\/v2\/media\/18779"}],"wp:attachment":[{"href":"https:\/\/www.lets-grow.de\/blog\/wp-json\/wp\/v2\/media?parent=18778"}],"wp:term":[{"taxonomy":"product_brand","embeddable":true,"href":"https:\/\/www.lets-grow.de\/blog\/wp-json\/wp\/v2\/product_brand?post=18778"},{"taxonomy":"product_cat","embeddable":true,"href":"https:\/\/www.lets-grow.de\/blog\/wp-json\/wp\/v2\/product_cat?post=18778"},{"taxonomy":"product_tag","embeddable":true,"href":"https:\/\/www.lets-grow.de\/blog\/wp-json\/wp\/v2\/product_tag?post=18778"}],"curies":[{"name":"wp","href":"https:\/\/api.w.org\/{rel}","templated":true}]}}