{"id":18768,"date":"2025-02-18T18:37:24","date_gmt":"2025-02-18T17:37:24","guid":{"rendered":"https:\/\/www.lets-grow.de\/blog\/?post_type=product&#038;p=18768"},"modified":"2026-04-17T12:37:39","modified_gmt":"2026-04-17T10:37:39","slug":"dwc-nft-neoprenring-50mm","status":"publish","type":"product","link":"https:\/\/www.lets-grow.de\/blog\/shop\/dwc-nft-neoprenring-50mm\/","title":{"rendered":"DWC\/NFT Neoprenring 50mm"},"content":{"rendered":"\t\t<div data-elementor-type=\"product-post\" data-elementor-id=\"18768\" class=\"elementor elementor-18768\" data-elementor-post-type=\"product\">\n\t\t\t\t<div class=\"wd-negative-gap elementor-element elementor-element-4fb467db e-flex e-con-boxed e-con e-parent\" data-id=\"4fb467db\" data-element_type=\"container\" data-e-type=\"container\">\n\t\t\t\t\t<div class=\"e-con-inner\">\n\t\t\t\t<div class=\"elementor-element elementor-element-5bb83f29 elementor-widget elementor-widget-heading\" data-id=\"5bb83f29\" data-element_type=\"widget\" data-e-type=\"widget\" data-widget_type=\"heading.default\">\n\t\t\t\t\t<h2 class=\"elementor-heading-title elementor-size-default\">DWC\/NFT Neoprenring 50mm \u2013 Perfekter Halt f\u00fcr Stecklinge in Hydroponik-Systemen<\/h2>\t\t\t\t<\/div>\n\t\t\t\t<div class=\"elementor-element elementor-element-5bea8ba2 color-scheme-inherit text-left elementor-widget elementor-widget-text-editor\" data-id=\"5bea8ba2\" data-element_type=\"widget\" data-e-type=\"widget\" data-widget_type=\"text-editor.default\">\n\t\t\t\t\t\t\t\t\t<p data-start=\"89\" data-end=\"487\">Der DWC\/NFT Neoprenring 50mm ist die perfekte L\u00f6sung f\u00fcr die Vermehrung von Stecklingen in hydroponischen Systemen. Der flexible, langlebige Neopren-Einsatz fixiert die Pflanzen sicher in Netzt\u00f6pfen und erm\u00f6glicht den ungehinderten Wurzelwuchs direkt in die N\u00e4hrl\u00f6sung. Gleichzeitig reduziert er Spritzwasser und sch\u00fctzt empfindliche Wurzeln vor Licht und Austrocknung.<\/p><p data-start=\"489\" data-end=\"870\">Besonders in <strong data-start=\"502\" data-end=\"530\">DWC (Deep Water Culture)<\/strong> und <strong data-start=\"535\" data-end=\"568\">NFT (Nutrient Film Technique)<\/strong> bew\u00e4hrt sich der Neoprenring als zuverl\u00e4ssige Stecklingshalterung. Er eignet sich zudem ideal f\u00fcr den <strong data-start=\"671\" data-end=\"701\">RootForce Stecklingscloner<\/strong> und andere aeroponische Systeme. Dank seiner Wiederverwendbarkeit und hohen Strapazierf\u00e4higkeit bietet er eine nachhaltige und effektive L\u00f6sung f\u00fcr die Pflanzenzucht<\/p>\t\t\t\t\t\t\t\t<\/div>\n\t\t\t\t<div class=\"elementor-element elementor-element-358b252 elementor-widget elementor-widget-spacer\" data-id=\"358b252\" data-element_type=\"widget\" data-e-type=\"widget\" data-widget_type=\"spacer.default\">\n\t\t\t\t\t\t\t<div class=\"elementor-spacer\">\n\t\t\t<div class=\"elementor-spacer-inner\"><\/div>\n\t\t<\/div>\n\t\t\t\t\t\t<\/div>\n\t\t\t\t<div class=\"elementor-element elementor-element-f37c472 elementor-widget elementor-widget-heading\" data-id=\"f37c472\" data-element_type=\"widget\" data-e-type=\"widget\" data-widget_type=\"heading.default\">\n\t\t\t\t\t<h2 class=\"elementor-heading-title elementor-size-default\">Anwendungen<\/h2>\t\t\t\t<\/div>\n\t\t\t\t<div class=\"elementor-element elementor-element-6e7b8151 color-scheme-inherit text-left elementor-widget elementor-widget-text-editor\" data-id=\"6e7b8151\" data-element_type=\"widget\" data-e-type=\"widget\" data-widget_type=\"text-editor.default\">\n\t\t\t\t\t\t\t\t\t<p>Steckling vorsichtig in den Neoprenring einsetzen und diesen entweder direkt im RootForce Stecklingscloner oder mit einem Netztopf fixieren. Der Ring bietet festen Halt und sch\u00fctzt die Pflanze, w\u00e4hrend die Wurzeln ungehindert in die N\u00e4hrl\u00f6sung wachsen. In Kombination mit einem 5 cm Netztopf wird der Neoprenring sicher eingeklemmt, sodass sich der Spalt nicht \u00f6ffnet. Ideal f\u00fcr Hydroponik-Setups und Stecklingscloner f\u00fcr schnelles Bewurzeln.<\/p>\t\t\t\t\t\t\t\t<\/div>\n\t\t\t\t<div class=\"elementor-element elementor-element-40f0d70d elementor-widget elementor-widget-spacer\" data-id=\"40f0d70d\" data-element_type=\"widget\" data-e-type=\"widget\" data-widget_type=\"spacer.default\">\n\t\t\t\t\t\t\t<div class=\"elementor-spacer\">\n\t\t\t<div class=\"elementor-spacer-inner\"><\/div>\n\t\t<\/div>\n\t\t\t\t\t\t<\/div>\n\t\t\t\t<div class=\"elementor-element elementor-element-76cd8559 elementor-widget elementor-widget-heading\" data-id=\"76cd8559\" data-element_type=\"widget\" data-e-type=\"widget\" data-widget_type=\"heading.default\">\n\t\t\t\t\t<h2 class=\"elementor-heading-title elementor-size-default\">Vorteile<\/h2>\t\t\t\t<\/div>\n\t\t\t\t<div class=\"elementor-element elementor-element-11f2ba18 color-scheme-inherit text-left elementor-widget elementor-widget-text-editor\" data-id=\"11f2ba18\" data-element_type=\"widget\" data-e-type=\"widget\" data-widget_type=\"text-editor.default\">\n\t\t\t\t\t\t\t\t\t<ul><li data-start=\"1027\" data-end=\"1098\"><strong data-start=\"1029\" data-end=\"1057\">Sicherer Stecklingshalt:<\/strong> Fixiert Pflanzen optimal in Netzt\u00f6pfen<\/li><li data-start=\"1099\" data-end=\"1169\"><strong data-start=\"1101\" data-end=\"1128\">F\u00f6rdert Wurzelwachstum:<\/strong> Wurzeln wachsen frei in die N\u00e4hrl\u00f6sung<\/li><li data-start=\"1170\" data-end=\"1249\"><strong data-start=\"1172\" data-end=\"1195\">Spritzwasserschutz:<\/strong> Minimiert Wasserverlust, ideal f\u00fcr Stecklingscloner<\/li><li data-start=\"1250\" data-end=\"1319\"><strong data-start=\"1252\" data-end=\"1285\">Langlebig &amp; wiederverwendbar:<\/strong> Hochwertiges, flexibles Neopren<\/li><li data-start=\"1320\" data-end=\"1395\"><strong data-start=\"1322\" data-end=\"1348\">Vielseitig einsetzbar:<\/strong> Perfekt f\u00fcr DWC-, NFT- und Aeroponik-Systeme<\/li><\/ul>\t\t\t\t\t\t\t\t<\/div>\n\t\t\t\t<div class=\"elementor-element elementor-element-338bfec0 elementor-widget elementor-widget-spacer\" data-id=\"338bfec0\" data-element_type=\"widget\" data-e-type=\"widget\" data-widget_type=\"spacer.default\">\n\t\t\t\t\t\t\t<div class=\"elementor-spacer\">\n\t\t\t<div class=\"elementor-spacer-inner\"><\/div>\n\t\t<\/div>\n\t\t\t\t\t\t<\/div>\n\t\t\t\t<div class=\"elementor-element elementor-element-197dc66b elementor-widget elementor-widget-heading\" data-id=\"197dc66b\" data-element_type=\"widget\" data-e-type=\"widget\" data-widget_type=\"heading.default\">\n\t\t\t\t\t<h2 class=\"elementor-heading-title elementor-size-default\">Zusammenfassung<\/h2>\t\t\t\t<\/div>\n\t\t\t\t<div class=\"elementor-element elementor-element-19419b9b color-scheme-inherit text-left elementor-widget elementor-widget-text-editor\" data-id=\"19419b9b\" data-element_type=\"widget\" data-e-type=\"widget\" data-widget_type=\"text-editor.default\">\n\t\t\t\t\t\t\t\t\t<p>Der DWC\/NFT Neoprenring 50mm ist die ideale L\u00f6sung f\u00fcr Stecklinge in Hydroponik-Systemen. Er stabilisiert Pflanzen, reduziert Spritzwasser und unterst\u00fctzt ein gesundes Wurzelwachstum. Besonders empfehlenswert f\u00fcr den RootForce Stecklingscloner und alle, die eine effiziente Pflanzenvermehrung anstreben!<\/p>\t\t\t\t\t\t\t\t<\/div>\n\t\t\t\t\t<\/div>\n\t\t\t\t<\/div>\n\t\t\t\t<\/div>\n\t\t","protected":false},"excerpt":{"rendered":"<p>Der DWC\/NFT Neoprenring 50mm bietet Stecklingen optimalen Halt in Netzt\u00f6pfen, w\u00e4hrend die Wurzeln ungehindert in die N\u00e4hrl\u00f6sung wachsen. Er reduziert Spritzwasser und ist ideal f\u00fcr Hydroponik-Systeme wie DWC, NFT oder Aeroponik. Besonders geeignet f\u00fcr den RootForce Stecklingscloner. Eine langlebige, wiederverwendbare L\u00f6sung f\u00fcr gesunde Pflanzenentwicklung!<\/p>\n","protected":false},"featured_media":18769,"comment_status":"open","ping_status":"closed","template":"","meta":{"_monsterinsights_skip_tracking":false,"_monsterinsights_sitenote_active":false,"_monsterinsights_sitenote_note":"","_monsterinsights_sitenote_category":0},"product_brand":[],"product_cat":[437],"product_tag":[1344,1345,1346,1347],"class_list":{"0":"post-18768","1":"product","2":"type-product","3":"status-publish","4":"has-post-thumbnail","6":"product_cat-anzucht-pflanzen","7":"product_tag-neopren","8":"product_tag-neoprenring","9":"product_tag-stecklingshalter","10":"product_tag-hydroponik-steckling-fixierung","12":"first","13":"outofstock","14":"taxable","15":"shipping-taxable","16":"purchasable","17":"product-type-simple"},"bundled_by":[],"bundle_stock_status":"outofstock","bundle_stock_quantity":0,"bundle_virtual":false,"bundle_layout":"","bundle_add_to_cart_form_location":"","bundle_editable_in_cart":false,"bundle_sold_individually_context":"","bundle_item_grouping":"","bundle_min_size":"","bundle_max_size":"","bundle_price":[],"bundled_items":[],"bundle_sell_ids":[],"supplier_id":null,"supplier_sku":"","barcode":null,"atum_controlled":true,"out_stock_date":"2026-04-17 12:37:39","out_stock_threshold":null,"inheritable":false,"inbound_stock":0,"stock_on_hold":0,"sold_today":0,"sales_last_days":0,"reserved_stock":0,"customer_returns":0,"warehouse_damage":0,"lost_in_post":0,"other_logs":0,"out_stock_days":15,"lost_sales":8,"has_location":false,"update_date":"2026-05-03T00:23:54","atum_locations":[],"atum_stock_status":"outofstock","restock_status":false,"low_stock_amount":"","sales_update_date":"2026-05-03T00:23:54","calc_backorders":null,"tiered_pricing_type":"fixed","tiered_pricing_fixed_rules":{"10":0.45},"tiered_pricing_product_settings":{"layout":"default","base_unit_name":{"singular":null,"plural":null},"default_variation":null},"tiered_pricing_minimum_quantity":null,"tiered_pricing_roles_data":[],"tiered_pricing_percentage_rules":[],"_links":{"self":[{"href":"https:\/\/www.lets-grow.de\/blog\/wp-json\/wp\/v2\/product\/18768","targetHints":{"allow":["GET"]}}],"collection":[{"href":"https:\/\/www.lets-grow.de\/blog\/wp-json\/wp\/v2\/product"}],"about":[{"href":"https:\/\/www.lets-grow.de\/blog\/wp-json\/wp\/v2\/types\/product"}],"replies":[{"embeddable":true,"href":"https:\/\/www.lets-grow.de\/blog\/wp-json\/wp\/v2\/comments?post=18768"}],"version-history":[{"count":1,"href":"https:\/\/www.lets-grow.de\/blog\/wp-json\/wp\/v2\/product\/18768\/revisions"}],"predecessor-version":[{"id":21258,"href":"https:\/\/www.lets-grow.de\/blog\/wp-json\/wp\/v2\/product\/18768\/revisions\/21258"}],"wp:featuredmedia":[{"embeddable":true,"href":"https:\/\/www.lets-grow.de\/blog\/wp-json\/wp\/v2\/media\/18769"}],"wp:attachment":[{"href":"https:\/\/www.lets-grow.de\/blog\/wp-json\/wp\/v2\/media?parent=18768"}],"wp:term":[{"taxonomy":"product_brand","embeddable":true,"href":"https:\/\/www.lets-grow.de\/blog\/wp-json\/wp\/v2\/product_brand?post=18768"},{"taxonomy":"product_cat","embeddable":true,"href":"https:\/\/www.lets-grow.de\/blog\/wp-json\/wp\/v2\/product_cat?post=18768"},{"taxonomy":"product_tag","embeddable":true,"href":"https:\/\/www.lets-grow.de\/blog\/wp-json\/wp\/v2\/product_tag?post=18768"}],"curies":[{"name":"wp","href":"https:\/\/api.w.org\/{rel}","templated":true}]}}