{"id":18718,"date":"2025-02-17T17:13:43","date_gmt":"2025-02-17T16:13:43","guid":{"rendered":"https:\/\/www.lets-grow.de\/blog\/?post_type=product&#038;p=18718"},"modified":"2026-04-17T13:58:50","modified_gmt":"2026-04-17T11:58:50","slug":"pvc-kugelhahn-20-25-32-40-50-75-110mm","status":"publish","type":"product","link":"https:\/\/www.lets-grow.de\/blog\/shop\/pvc-kugelhahn-20-25-32-40-50-75-110mm\/","title":{"rendered":"PVC-Kugelhahn"},"content":{"rendered":"\t\t<div data-elementor-type=\"product-post\" data-elementor-id=\"18718\" class=\"elementor elementor-18718\" data-elementor-post-type=\"product\">\n\t\t\t\t<div class=\"wd-negative-gap elementor-element elementor-element-28d20d13 e-flex e-con-boxed e-con e-parent\" data-id=\"28d20d13\" data-element_type=\"container\" data-e-type=\"container\">\n\t\t\t\t\t<div class=\"e-con-inner\">\n\t\t\t\t<div class=\"elementor-element elementor-element-66017111 elementor-widget elementor-widget-heading\" data-id=\"66017111\" data-element_type=\"widget\" data-e-type=\"widget\" data-widget_type=\"heading.default\">\n\t\t\t\t\t<h2 class=\"elementor-heading-title elementor-size-default\">PVC-Kugelhahn \u2013 verschiedene Gr\u00f6\u00dfen (20\/25\/32\/40\/50\/63\/75 &amp; 110mm)<\/h2>\t\t\t\t<\/div>\n\t\t\t\t<div class=\"elementor-element elementor-element-4ba68113 color-scheme-inherit text-left elementor-widget elementor-widget-text-editor\" data-id=\"4ba68113\" data-element_type=\"widget\" data-e-type=\"widget\" data-widget_type=\"text-editor.default\">\n\t\t\t\t\t\t\t\t\t<p data-start=\"209\" data-end=\"813\">Der <strong data-start=\"213\" data-end=\"230\">PVC-Kugelhahn<\/strong> erm\u00f6glicht eine pr\u00e4zise Regelung des Wasserflusses in <strong data-start=\"285\" data-end=\"301\">Rohrsystemen<\/strong> und wird h\u00e4ufig in <strong data-start=\"321\" data-end=\"334\">Aquaponik<\/strong>, <strong data-start=\"336\" data-end=\"350\">Hydroponik<\/strong> und anderen Wasserinstallationen eingesetzt. Durch die <strong data-start=\"406\" data-end=\"433\">doppelte \u00dcberwurfmutter<\/strong> l\u00e4sst sich der Kugelhahn bei Defekten problemlos austauschen, ohne die Rohrleitung zu besch\u00e4digen. Er eignet sich hervorragend f\u00fcr Wartungsarbeiten, wie das Ablassen von Schmutzwasser zum Reinigen von <strong data-start=\"635\" data-end=\"649\">Vorfiltern<\/strong> und anderen Systemkomponenten. Der Kugelhahn erm\u00f6glicht es auch, den Wasserfluss schnell zu regulieren, was in vielen Anwendungen von entscheidender Bedeutung ist.<\/p><p data-start=\"815\" data-end=\"934\"><strong data-start=\"815\" data-end=\"850\">Erh\u00e4ltlich in folgenden Gr\u00f6\u00dfen:<\/strong><br data-start=\"850\" data-end=\"853\" \/>\u2714 <strong data-start=\"855\" data-end=\"863\">20mm<\/strong>, <strong data-start=\"865\" data-end=\"873\">25mm<\/strong>, <strong data-start=\"875\" data-end=\"883\">32mm<\/strong>, <strong data-start=\"885\" data-end=\"893\">40mm<\/strong>, <strong data-start=\"895\" data-end=\"903\">50mm<\/strong>, <strong data-start=\"905\" data-end=\"913\">63mm<\/strong>, <strong data-start=\"915\" data-end=\"923\">75mm<\/strong>, <strong data-start=\"925\" data-end=\"934\">110mm<\/strong><\/p>\t\t\t\t\t\t\t\t<\/div>\n\t\t\t\t<div class=\"elementor-element elementor-element-36505949 elementor-widget elementor-widget-spacer\" data-id=\"36505949\" data-element_type=\"widget\" data-e-type=\"widget\" data-widget_type=\"spacer.default\">\n\t\t\t\t\t\t\t<div class=\"elementor-spacer\">\n\t\t\t<div class=\"elementor-spacer-inner\"><\/div>\n\t\t<\/div>\n\t\t\t\t\t\t<\/div>\n\t\t\t\t<div class=\"elementor-element elementor-element-33b07781 elementor-widget elementor-widget-heading\" data-id=\"33b07781\" data-element_type=\"widget\" data-e-type=\"widget\" data-widget_type=\"heading.default\">\n\t\t\t\t\t<h2 class=\"elementor-heading-title elementor-size-default\">Anwendungen<\/h2>\t\t\t\t<\/div>\n\t\t\t\t<div class=\"elementor-element elementor-element-669f5766 color-scheme-inherit text-left elementor-widget elementor-widget-text-editor\" data-id=\"669f5766\" data-element_type=\"widget\" data-e-type=\"widget\" data-widget_type=\"text-editor.default\">\n\t\t\t\t\t\t\t\t\t<p data-start=\"21\" data-end=\"327\">Ein PVC-Kugelhahn mit doppelter \u00dcberwurfmutter eignet sich ideal f\u00fcr den flexiblen Einsatz in Aquaponik-, Hydroponik- und Bew\u00e4sserungssystemen. Durch die doppelte \u00dcberwurfmutter kann der Kugelhahn bei Wartungsarbeiten oder einem Defekt leicht ausgetauscht werden, ohne die gesamte Leitung zu demontieren.<\/p><p data-start=\"329\" data-end=\"696\" data-is-last-node=\"\">Er wird verwendet, um den Wasserfluss gezielt zu regulieren oder Systeme in verschiedene Abschnitte zu unterteilen. Besonders praktisch ist der Kugelhahn bei Vorfiltern: Er erm\u00f6glicht das einfache Ablassen von Schmutzwasser, ohne den Betrieb des gesamten Systems zu unterbrechen. Auch f\u00fcr Notabschaltungen oder zum Entleeren von Leitungen ist er eine bew\u00e4hrte L\u00f6sung.<\/p>\t\t\t\t\t\t\t\t<\/div>\n\t\t\t\t<div class=\"elementor-element elementor-element-6dfc0e5c elementor-widget elementor-widget-spacer\" data-id=\"6dfc0e5c\" data-element_type=\"widget\" data-e-type=\"widget\" data-widget_type=\"spacer.default\">\n\t\t\t\t\t\t\t<div class=\"elementor-spacer\">\n\t\t\t<div class=\"elementor-spacer-inner\"><\/div>\n\t\t<\/div>\n\t\t\t\t\t\t<\/div>\n\t\t\t\t<div class=\"elementor-element elementor-element-63881de8 elementor-widget elementor-widget-heading\" data-id=\"63881de8\" data-element_type=\"widget\" data-e-type=\"widget\" data-widget_type=\"heading.default\">\n\t\t\t\t\t<h2 class=\"elementor-heading-title elementor-size-default\">Vorteile<\/h2>\t\t\t\t<\/div>\n\t\t\t\t<div class=\"elementor-element elementor-element-4720acf7 color-scheme-inherit text-left elementor-widget elementor-widget-text-editor\" data-id=\"4720acf7\" data-element_type=\"widget\" data-e-type=\"widget\" data-widget_type=\"text-editor.default\">\n\t\t\t\t\t\t\t\t\t<ul><li data-start=\"956\" data-end=\"1046\"><strong data-start=\"958\" data-end=\"991\">Einfache Wasserflussregelung:<\/strong> Ideal zur Anpassung des Durchflusses je nach Bedarf.<\/li><li data-start=\"1047\" data-end=\"1158\"><strong data-start=\"1049\" data-end=\"1072\">Wartungsfreundlich:<\/strong> Erm\u00f6glicht das schnelle Ablassen von Wasser f\u00fcr die Reinigung, z.B. des Vorfilters.<\/li><li data-start=\"1159\" data-end=\"1234\"><strong data-start=\"1161\" data-end=\"1179\">Langlebigkeit:<\/strong> Robuste PVC-Konstruktion f\u00fcr eine lange Lebensdauer.<\/li><li data-start=\"1235\" data-end=\"1323\"><strong data-start=\"1237\" data-end=\"1260\">Flexible Anwendung:<\/strong> Ideal f\u00fcr <strong data-start=\"1271\" data-end=\"1320\">Hydroponik, Aquaponik und Rohrleitungssysteme<\/strong>.<\/li><li data-start=\"1324\" data-end=\"1439\"><strong data-start=\"1326\" data-end=\"1354\">Doppelte \u00dcberwurfmutter:<\/strong> Erm\u00f6glicht das einfache Austauschen des Kugelhahns, ohne die Leitung zu besch\u00e4digen.<\/li><\/ul>\t\t\t\t\t\t\t\t<\/div>\n\t\t\t\t<div class=\"elementor-element elementor-element-1082b279 elementor-widget elementor-widget-spacer\" data-id=\"1082b279\" data-element_type=\"widget\" data-e-type=\"widget\" data-widget_type=\"spacer.default\">\n\t\t\t\t\t\t\t<div class=\"elementor-spacer\">\n\t\t\t<div class=\"elementor-spacer-inner\"><\/div>\n\t\t<\/div>\n\t\t\t\t\t\t<\/div>\n\t\t\t\t<div class=\"elementor-element elementor-element-140b2466 elementor-widget elementor-widget-heading\" data-id=\"140b2466\" data-element_type=\"widget\" data-e-type=\"widget\" data-widget_type=\"heading.default\">\n\t\t\t\t\t<h2 class=\"elementor-heading-title elementor-size-default\">Zusammenfassung<\/h2>\t\t\t\t<\/div>\n\t\t\t\t<div class=\"elementor-element elementor-element-b01e954 color-scheme-inherit text-left elementor-widget elementor-widget-text-editor\" data-id=\"b01e954\" data-element_type=\"widget\" data-e-type=\"widget\" data-widget_type=\"text-editor.default\">\n\t\t\t\t\t\t\t\t\t<p>Der <strong data-start=\"1472\" data-end=\"1489\">PVC-Kugelhahn<\/strong> ist ein praktisches und robustes Bauteil f\u00fcr <strong data-start=\"1535\" data-end=\"1552\">Wassersysteme<\/strong> in <strong data-start=\"1556\" data-end=\"1570\">Hydroponik<\/strong>, <strong data-start=\"1572\" data-end=\"1585\">Aquaponik<\/strong> und anderen Anwendungen. Er bietet eine einfache M\u00f6glichkeit, den Wasserfluss zu steuern und erm\u00f6glicht Wartungsarbeiten, wie das Ablassen von Wasser zum Reinigen von <strong data-start=\"1753\" data-end=\"1767\">Vorfiltern<\/strong> oder anderen Systemkomponenten. Der Kugelhahn ist in verschiedenen Gr\u00f6\u00dfen erh\u00e4ltlich und mit einer <strong data-start=\"1867\" data-end=\"1895\">doppelten \u00dcberwurfmutter<\/strong> ausgestattet, die das Austauschen bei Defekten erleichtert.<\/p><p><strong><span style=\"color: #ff0000;\">Farbe und Typ des Kugelhahns je nach Verf\u00fcgbarkeit abweichend !<\/span><\/strong><\/p>\t\t\t\t\t\t\t\t<\/div>\n\t\t\t\t\t<\/div>\n\t\t\t\t<\/div>\n\t\t\t\t<\/div>\n\t\t","protected":false},"excerpt":{"rendered":"<p>Der <strong data-start=\"2003\" data-end=\"2020\">PVC-Kugelhahn<\/strong> erm\u00f6glicht eine einfache Regelung des Wasserflusses in <strong data-start=\"2076\" data-end=\"2090\">Hydroponik<\/strong>, <strong data-start=\"2092\" data-end=\"2105\">Aquaponik<\/strong> und Rohrsystemen. Mit einer <strong data-start=\"2134\" data-end=\"2162\">doppelten \u00dcberwurfmutter<\/strong> f\u00fcr einen einfachen Austausch ohne Besch\u00e4digung der Leitung. Ideal f\u00fcr Wartungsarbeiten, wie das Ablassen von Schmutzwasser zum Reinigen des Vorfilters. In verschiedenen Gr\u00f6\u00dfen erh\u00e4ltlich: 20mm, 25mm, 32mm, 40mm, 50mm, 63mm, 75mm, 110mm.<\/p>\n","protected":false},"featured_media":18719,"comment_status":"open","ping_status":"closed","template":"","meta":{"_monsterinsights_skip_tracking":false,"_monsterinsights_sitenote_active":false,"_monsterinsights_sitenote_note":"","_monsterinsights_sitenote_category":0},"product_brand":[],"product_cat":[857],"product_tag":[863,867,1871,1872,1873,999,1000],"class_list":{"0":"post-18718","1":"product","2":"type-product","3":"status-publish","4":"has-post-thumbnail","6":"product_cat-haehne","7":"product_tag-kugelhahn","8":"product_tag-wasserhahn","9":"product_tag-regelventil","10":"product_tag-ventil","11":"product_tag-absperrhahn","12":"product_tag-pvc","13":"product_tag-pvc-u","14":"pa_hersteller-aquaforte","16":"first","17":"instock","18":"taxable","19":"shipping-taxable","20":"purchasable","21":"product-type-variable"},"bundled_by":[],"bundle_stock_status":"instock","bundle_stock_quantity":null,"bundle_virtual":false,"bundle_layout":"","bundle_add_to_cart_form_location":"","bundle_editable_in_cart":false,"bundle_sold_individually_context":"","bundle_item_grouping":"","bundle_min_size":"","bundle_max_size":"","bundle_price":[],"bundled_items":[],"bundle_sell_ids":[],"supplier_id":null,"supplier_sku":"","barcode":null,"atum_controlled":true,"out_stock_date":null,"out_stock_threshold":null,"inheritable":true,"inbound_stock":0,"stock_on_hold":0,"sold_today":0,"sales_last_days":0,"reserved_stock":0,"customer_returns":0,"warehouse_damage":0,"lost_in_post":0,"other_logs":0,"out_stock_days":0,"lost_sales":0,"has_location":false,"update_date":"2026-05-09T00:28:49","atum_locations":[],"atum_stock_status":"instock","restock_status":false,"low_stock_amount":"","sales_update_date":"2026-05-09T00:28:49","calc_backorders":null,"tiered_pricing_type":"fixed","tiered_pricing_fixed_rules":[],"tiered_pricing_product_settings":{"layout":"default","base_unit_name":{"singular":null,"plural":null},"default_variation":null},"tiered_pricing_minimum_quantity":null,"tiered_pricing_roles_data":[],"tiered_pricing_percentage_rules":[],"_links":{"self":[{"href":"https:\/\/www.lets-grow.de\/blog\/wp-json\/wp\/v2\/product\/18718","targetHints":{"allow":["GET"]}}],"collection":[{"href":"https:\/\/www.lets-grow.de\/blog\/wp-json\/wp\/v2\/product"}],"about":[{"href":"https:\/\/www.lets-grow.de\/blog\/wp-json\/wp\/v2\/types\/product"}],"replies":[{"embeddable":true,"href":"https:\/\/www.lets-grow.de\/blog\/wp-json\/wp\/v2\/comments?post=18718"}],"version-history":[{"count":1,"href":"https:\/\/www.lets-grow.de\/blog\/wp-json\/wp\/v2\/product\/18718\/revisions"}],"predecessor-version":[{"id":20827,"href":"https:\/\/www.lets-grow.de\/blog\/wp-json\/wp\/v2\/product\/18718\/revisions\/20827"}],"wp:featuredmedia":[{"embeddable":true,"href":"https:\/\/www.lets-grow.de\/blog\/wp-json\/wp\/v2\/media\/18719"}],"wp:attachment":[{"href":"https:\/\/www.lets-grow.de\/blog\/wp-json\/wp\/v2\/media?parent=18718"}],"wp:term":[{"taxonomy":"product_brand","embeddable":true,"href":"https:\/\/www.lets-grow.de\/blog\/wp-json\/wp\/v2\/product_brand?post=18718"},{"taxonomy":"product_cat","embeddable":true,"href":"https:\/\/www.lets-grow.de\/blog\/wp-json\/wp\/v2\/product_cat?post=18718"},{"taxonomy":"product_tag","embeddable":true,"href":"https:\/\/www.lets-grow.de\/blog\/wp-json\/wp\/v2\/product_tag?post=18718"}],"curies":[{"name":"wp","href":"https:\/\/api.w.org\/{rel}","templated":true}]}}