{"id":18709,"date":"2025-02-16T13:43:57","date_gmt":"2025-02-16T12:43:57","guid":{"rendered":"https:\/\/www.lets-grow.de\/blog\/?post_type=product&#038;p=18709"},"modified":"2025-03-20T07:36:16","modified_gmt":"2025-03-20T06:36:16","slug":"anzuchtset-mit-steinwolle-150-tray","status":"publish","type":"product","link":"https:\/\/www.lets-grow.de\/blog\/shop\/anzuchtset-mit-steinwolle-150-tray\/","title":{"rendered":"Anzuchtset mit Steinwolle"},"content":{"rendered":"\t\t<div data-elementor-type=\"product-post\" data-elementor-id=\"18709\" class=\"elementor elementor-18709\" data-elementor-post-type=\"product\">\n\t\t\t\t<div class=\"wd-negative-gap elementor-element elementor-element-3398cbcc e-flex e-con-boxed e-con e-parent\" data-id=\"3398cbcc\" data-element_type=\"container\" data-e-type=\"container\">\n\t\t\t\t\t<div class=\"e-con-inner\">\n\t\t\t\t<div class=\"elementor-element elementor-element-12175eab elementor-widget elementor-widget-heading\" data-id=\"12175eab\" data-element_type=\"widget\" data-e-type=\"widget\" data-widget_type=\"heading.default\">\n\t\t\t\t\t<h2 class=\"elementor-heading-title elementor-size-default\">Anzuchtset mit Steinwolle \u2013 Hydroponik &amp; Aquaponik Basis-Set<\/h2>\t\t\t\t<\/div>\n\t\t\t\t<div class=\"elementor-element elementor-element-3515c7f1 color-scheme-inherit text-left elementor-widget elementor-widget-text-editor\" data-id=\"3515c7f1\" data-element_type=\"widget\" data-e-type=\"widget\" data-widget_type=\"text-editor.default\">\n\t\t\t\t\t\t\t\t\t<p data-start=\"378\" data-end=\"722\">Unser <strong data-start=\"384\" data-end=\"413\">Anzuchtset mit Steinwolle<\/strong> ist die ideale L\u00f6sung f\u00fcr den Start von <strong data-start=\"454\" data-end=\"495\">Setzlingen, Stecklingen und S\u00e4mlingen<\/strong> in <strong data-start=\"499\" data-end=\"527\">Hydroponik und Aquaponik<\/strong>. Das Set enth\u00e4lt alles, was du f\u00fcr eine erfolgreiche Aufzucht ben\u00f6tigst, einschlie\u00dflich <strong data-start=\"616\" data-end=\"662\">Steinwolle f\u00fcr eine perfekte Wurzelbildung<\/strong> und <strong data-start=\"667\" data-end=\"719\">N\u00e4hrstoffl\u00f6sungen f\u00fcr optimales Pflanzenwachstum<\/strong>.<\/p><p data-start=\"724\" data-end=\"1164\"><strong data-start=\"724\" data-end=\"744\">Das Set enth\u00e4lt:<\/strong><br data-start=\"744\" data-end=\"747\" \/>\u2714 <strong data-start=\"749\" data-end=\"801\">Grodan Tray mit 150 kleinen 2&#215;2 Steinwollw\u00fcrfeln<\/strong> \u2013 Optimale Struktur f\u00fcr Wurzeln und ideales Keimen<br data-start=\"852\" data-end=\"855\" \/>\u2714 <strong data-start=\"857\" data-end=\"889\">Tripart Starterset<\/strong>\u00a0\u2013 Speziell formulierte N\u00e4hrstoffl\u00f6sung f\u00fcr den Start von Setzlingen<\/p>\t\t\t\t\t\t\t\t<\/div>\n\t\t\t\t<div class=\"elementor-element elementor-element-11888ea2 elementor-widget elementor-widget-spacer\" data-id=\"11888ea2\" data-element_type=\"widget\" data-e-type=\"widget\" data-widget_type=\"spacer.default\">\n\t\t\t\t\t\t\t<div class=\"elementor-spacer\">\n\t\t\t<div class=\"elementor-spacer-inner\"><\/div>\n\t\t<\/div>\n\t\t\t\t\t\t<\/div>\n\t\t\t\t<div class=\"elementor-element elementor-element-4b337694 elementor-widget elementor-widget-heading\" data-id=\"4b337694\" data-element_type=\"widget\" data-e-type=\"widget\" data-widget_type=\"heading.default\">\n\t\t\t\t\t<h2 class=\"elementor-heading-title elementor-size-default\">Optionale Bestandteile:<\/h2>\t\t\t\t<\/div>\n\t\t\t\t<div class=\"elementor-element elementor-element-e03d228 elementor-widget elementor-widget-wd_list\" data-id=\"e03d228\" data-element_type=\"widget\" data-e-type=\"widget\" data-widget_type=\"wd_list.default\">\n\t\t\t\t<div class=\"elementor-widget-container\">\n\t\t\t\t\t\t\t<ul class=\"wd-list color-scheme-custom wd-fontsize-xs wd-type-icon wd-style-default text-left\">\n\t\t\t\t\t\t\t\t\t\t\t<li class=\"elementor-repeater-item-3b22c88\">\n\t\t\t\t\t\t\t\t\t\t\t<span class=\"wd-icon\"><span class=\"fas fa-star\"><\/span><\/span>\t\t\t\t\t\n\t\t\t\t\t<span class=\"wd-list-content list-content\">\n\t\t\t\t\t\t\t\t\t\t\t\t\t<b>Bluelab EC-Pen <\/b> \u2013 Ein pr\u00e4zises Messger\u00e4t zur Kontrolle der N\u00e4hrstoffkonzentration im Wasser. In Hydroponik-Systemen ist ein EC-Messger\u00e4t unverzichtbar, um die richtige N\u00e4hrstoffverf\u00fcgbarkeit zu gew\u00e4hrleisten und ein gesundes Pflanzenwachstum zu f\u00f6rdern.\t\t\t\t\t\t\t\t\t\t\t<\/span>\n\t\t\t\t<\/li>\n\t\t\t\t\t\t\t\t\t\t\t<li class=\"elementor-repeater-item-e34cd24\">\n\t\t\t\t\t\t\t\t\t\t\t<span class=\"wd-icon\"><span class=\"fas fa-star\"><\/span><\/span>\t\t\t\t\t\n\t\t\t\t\t<span class=\"wd-list-content list-content\">\n\t\t\t\t\t\t\t\t\t\t\t\t\t<b>Aquamaster pH-Messger\u00e4t<\/b> \u2013 Pr\u00e4zise Messung des pH-Werts f\u00fcr eine optimale N\u00e4hrstoffaufnahme und gesundes Pflanzenwachstum. \u00dcber das Auswahlfeld im Shop kannst du die gew\u00fcnschte Menge w\u00e4hlen und erh\u00e4ltst den Gesamtpreis inklusive Bausatzrabatt.\t\t\t\t\t\t\t\t\t\t\t<\/span>\n\t\t\t\t<\/li>\n\t\t\t\t\t\t\t\t\t\t\t<li class=\"elementor-repeater-item-b18a52e\">\n\t\t\t\t\t\t\t\t\t\t\t<span class=\"wd-icon\"><span class=\"fas fa-star\"><\/span><\/span>\t\t\t\t\t\n\t\t\t\t\t<span class=\"wd-list-content list-content\">\n\t\t\t\t\t\t\t\t\t\t\t\t\t<b>Netzt\u00f6pfe in 5cm<\/b> \u2013 Bieten zus\u00e4tzlichen Halt f\u00fcr Setzlinge, falls gew\u00fcnscht\t\t\t\t\t\t\t\t\t\t\t<\/span>\n\t\t\t\t<\/li>\n\t\t\t\t\t\t\t\t\t\t\t<li class=\"elementor-repeater-item-fb13004\">\n\t\t\t\t\t\t\t\t\t\t\t<span class=\"wd-icon\"><span class=\"fas fa-star\"><\/span><\/span>\t\t\t\t\t\n\t\t\t\t\t<span class=\"wd-list-content list-content\">\n\t\t\t\t\t\t\t\t\t\t\t\t\t<b>Minigew\u00e4chshaus von Garland<\/b> \u2013 Schafft ideale Bedingungen f\u00fcr die Keimung und erstes Wachstum\t\t\t\t\t\t\t\t\t\t\t<\/span>\n\t\t\t\t<\/li>\n\t\t\t\t\t<\/ul>\n\n\t\t\t\t\t\t<\/div>\n\t\t\t\t<\/div>\n\t\t\t\t<div class=\"elementor-element elementor-element-223ef631 elementor-widget elementor-widget-spacer\" data-id=\"223ef631\" data-element_type=\"widget\" data-e-type=\"widget\" data-widget_type=\"spacer.default\">\n\t\t\t\t\t\t\t<div class=\"elementor-spacer\">\n\t\t\t<div class=\"elementor-spacer-inner\"><\/div>\n\t\t<\/div>\n\t\t\t\t\t\t<\/div>\n\t\t\t\t<div class=\"elementor-element elementor-element-6a0b1f3 elementor-widget elementor-widget-heading\" data-id=\"6a0b1f3\" data-element_type=\"widget\" data-e-type=\"widget\" data-widget_type=\"heading.default\">\n\t\t\t\t\t<h2 class=\"elementor-heading-title elementor-size-default\">Vorteile<\/h2>\t\t\t\t<\/div>\n\t\t\t\t<div class=\"elementor-element elementor-element-41c6ad6f color-scheme-inherit text-left elementor-widget elementor-widget-text-editor\" data-id=\"41c6ad6f\" data-element_type=\"widget\" data-e-type=\"widget\" data-widget_type=\"text-editor.default\">\n\t\t\t\t\t\t\t\t\t<p>\u2705 <strong data-start=\"1420\" data-end=\"1442\">Alles in einem Set<\/strong> f\u00fcr eine schnelle und einfache Anzucht<br data-start=\"1481\" data-end=\"1484\" \/>\u2705 <strong data-start=\"1486\" data-end=\"1518\">Optimale N\u00e4hrstoffversorgung<\/strong> durch das Tripart Starterset<br data-start=\"1547\" data-end=\"1550\" \/>\u2705 <strong data-start=\"1552\" data-end=\"1582\">Pr\u00e4zise N\u00e4hrstoffkontrolle<\/strong> mit dem Bluelab EC-Pen<br data-start=\"1605\" data-end=\"1608\" \/>\u2705 <strong data-start=\"1610\" data-end=\"1638\">Optimale Keimbedingungen<\/strong> durch das Minigew\u00e4chshaus<br data-start=\"1664\" data-end=\"1667\" \/>\u2705 <strong data-start=\"1669\" data-end=\"1696\">Individuell erweiterbar<\/strong> durch optionale Netzt\u00f6pfe und Zusatzprodukte<\/p>\t\t\t\t\t\t\t\t<\/div>\n\t\t\t\t<div class=\"elementor-element elementor-element-f1fd747 elementor-widget elementor-widget-spacer\" data-id=\"f1fd747\" data-element_type=\"widget\" data-e-type=\"widget\" data-widget_type=\"spacer.default\">\n\t\t\t\t\t\t\t<div class=\"elementor-spacer\">\n\t\t\t<div class=\"elementor-spacer-inner\"><\/div>\n\t\t<\/div>\n\t\t\t\t\t\t<\/div>\n\t\t\t\t<div class=\"elementor-element elementor-element-68acfe9f elementor-widget elementor-widget-heading\" data-id=\"68acfe9f\" data-element_type=\"widget\" data-e-type=\"widget\" data-widget_type=\"heading.default\">\n\t\t\t\t\t<h2 class=\"elementor-heading-title elementor-size-default\">Zusammenfassung<\/h2>\t\t\t\t<\/div>\n\t\t\t\t<div class=\"elementor-element elementor-element-2e9ddc7 color-scheme-inherit text-left elementor-widget elementor-widget-text-editor\" data-id=\"2e9ddc7\" data-element_type=\"widget\" data-e-type=\"widget\" data-widget_type=\"text-editor.default\">\n\t\t\t\t\t\t\t\t\t<p>Das <strong data-start=\"78\" data-end=\"107\">Anzuchtset mit Steinwolle<\/strong> enth\u00e4lt alles, was f\u00fcr eine erfolgreiche Anzucht von Pflanzen in <strong data-start=\"173\" data-end=\"201\">Hydroponik und Aquaponik<\/strong> notwendig ist. <strong data-start=\"217\" data-end=\"231\">Steinwolle<\/strong> und das <strong data-start=\"240\" data-end=\"262\">Tripart Starterset<\/strong> (D\u00fcnger) sind die Pflichtbestandteile, um den Pflanzen die optimale N\u00e4hrstoffversorgung zu bieten. Das Set kann je nach Bedarf mit <strong data-start=\"394\" data-end=\"433\">zus\u00e4tzlichen optionalen Komponenten<\/strong> wie dem <strong data-start=\"442\" data-end=\"460\">Bluelab EC-Pen<\/strong> zur pr\u00e4zisen Kontrolle der N\u00e4hrstoffkonzentration und einem <strong data-start=\"521\" data-end=\"540\">Minigew\u00e4chshaus<\/strong> f\u00fcr ideale Keimbedingungen erweitert werden. Auch <strong data-start=\"591\" data-end=\"604\">Netzt\u00f6pfe<\/strong> sind als optionale Erg\u00e4nzung verf\u00fcgbar, um den Setzlingen zus\u00e4tzlichen Halt zu geben. Dieses Set ist die perfekte Basis f\u00fcr die Aufzucht in Hydroponik und Aquaponik!<\/p>\t\t\t\t\t\t\t\t<\/div>\n\t\t\t\t\t<\/div>\n\t\t\t\t<\/div>\n\t\t\t\t<\/div>\n\t\t","protected":false},"excerpt":{"rendered":"<p>Das Anzuchtset mit Steinwolle besteht aus einem <strong data-start=\"1660\" data-end=\"1700\">Grodan Tray mit 150 Steinwollw\u00fcrfeln<\/strong> f\u00fcr die optimale Keimung, einem <strong data-start=\"1733\" data-end=\"1751\">Bluelab EC-Pen<\/strong> f\u00fcr N\u00e4hrstoffkontrolle, einem <strong data-start=\"1782\" data-end=\"1809\">Garland Minigew\u00e4chshaus<\/strong> f\u00fcr ideales Wachstum und optional einem <strong data-start=\"1850\" data-end=\"1872\">Tripart Starterset<\/strong>. <strong data-start=\"1874\" data-end=\"1887\">Netzt\u00f6pfe<\/strong> sind ebenfalls optional erh\u00e4ltlich, um den Pflanzen zus\u00e4tzlichen Halt zu bieten.<\/p>\n","protected":false},"featured_media":18711,"comment_status":"open","ping_status":"closed","template":"","meta":{"_monsterinsights_skip_tracking":false,"_monsterinsights_sitenote_active":false,"_monsterinsights_sitenote_note":"","_monsterinsights_sitenote_category":0},"product_brand":[],"product_cat":[437],"product_tag":[844,968,1302,1306,1340,1341,1342],"class_list":{"0":"post-18709","1":"product","2":"type-product","3":"status-publish","4":"has-post-thumbnail","6":"product_cat-anzucht-pflanzen","7":"product_tag-anzucht","8":"product_tag-steinwolle","9":"product_tag-rockwool","10":"product_tag-hydroponik-anzucht","11":"product_tag-anzucht-set","12":"product_tag-netztoepfe","13":"product_tag-komplettset-anzucht","15":"first","16":"instock","17":"sale","18":"sold-individually","19":"taxable","20":"shipping-taxable","21":"purchasable","22":"product-type-bundle"},"bundled_by":[],"bundle_stock_status":"instock","bundle_stock_quantity":3,"bundle_virtual":false,"bundle_layout":"default","bundle_add_to_cart_form_location":"default","bundle_editable_in_cart":true,"bundle_sold_individually_context":"product","bundle_item_grouping":"parent","bundle_min_size":"","bundle_max_size":"","bundle_price":{"price":{"min":{"incl_tax":"26.17","excl_tax":"21.99"},"max":{"incl_tax":"233.03","excl_tax":"195.83"}},"regular_price":{"min":{"incl_tax":"26.98","excl_tax":"22.68"},"max":{"incl_tax":"258.87","excl_tax":"217.53"}}},"bundled_items":[{"bundled_item_id":58,"product_id":18615,"menu_order":0,"quantity_min":1,"quantity_max":4,"quantity_default":1,"priced_individually":true,"shipped_individually":false,"override_title":false,"title":"Grodan Steinwolle Tray 2x2 cm - 150 St\u00fcck","override_description":false,"description":"","optional":false,"hide_thumbnail":false,"discount":"3","override_variations":false,"allowed_variations":[],"override_default_variation_attributes":false,"default_variation_attributes":[],"single_product_visibility":"visible","cart_visibility":"visible","order_visibility":"visible","single_product_price_visibility":"visible","cart_price_visibility":"visible","order_price_visibility":"visible","stock_status":"in_stock"},{"bundled_item_id":59,"product_id":17141,"menu_order":1,"quantity_min":1,"quantity_max":2,"quantity_default":1,"priced_individually":true,"shipped_individually":false,"override_title":false,"title":"Tripart Starterkit","override_description":false,"description":"","optional":false,"hide_thumbnail":false,"discount":"3","override_variations":false,"allowed_variations":[],"override_default_variation_attributes":false,"default_variation_attributes":[],"single_product_visibility":"visible","cart_visibility":"visible","order_visibility":"visible","single_product_price_visibility":"visible","cart_price_visibility":"visible","order_price_visibility":"visible","stock_status":"in_stock"},{"bundled_item_id":60,"product_id":17375,"menu_order":2,"quantity_min":0,"quantity_max":1,"quantity_default":0,"priced_individually":true,"shipped_individually":false,"override_title":false,"title":"Bluelab EC-Pen - EC-Messger\u00e4t","override_description":false,"description":"","optional":false,"hide_thumbnail":false,"discount":"3","override_variations":false,"allowed_variations":[],"override_default_variation_attributes":false,"default_variation_attributes":[],"single_product_visibility":"visible","cart_visibility":"visible","order_visibility":"visible","single_product_price_visibility":"visible","cart_price_visibility":"visible","order_price_visibility":"visible","stock_status":"in_stock"},{"bundled_item_id":61,"product_id":18177,"menu_order":3,"quantity_min":0,"quantity_max":1,"quantity_default":0,"priced_individually":true,"shipped_individually":false,"override_title":false,"title":"Aquamaster PH-Meter P50 Pro","override_description":false,"description":"","optional":false,"hide_thumbnail":false,"discount":"5","override_variations":false,"allowed_variations":[],"override_default_variation_attributes":false,"default_variation_attributes":[],"single_product_visibility":"visible","cart_visibility":"visible","order_visibility":"visible","single_product_price_visibility":"visible","cart_price_visibility":"visible","order_price_visibility":"visible","stock_status":"out_of_stock"},{"bundled_item_id":54,"product_id":18601,"menu_order":4,"quantity_min":0,"quantity_max":100,"quantity_default":0,"priced_individually":true,"shipped_individually":false,"override_title":false,"title":"Gittert\u00f6pfe \/ Netzt\u00f6pfe","override_description":false,"description":"","optional":false,"hide_thumbnail":false,"discount":"5","override_variations":true,"allowed_variations":[18603],"override_default_variation_attributes":true,"default_variation_attributes":[{"id":12,"name":"Gr\u00f6\u00dfe","option":"5cm"}],"single_product_visibility":"visible","cart_visibility":"visible","order_visibility":"visible","single_product_price_visibility":"visible","cart_price_visibility":"visible","order_price_visibility":"visible","stock_status":"in_stock"},{"bundled_item_id":57,"product_id":18397,"menu_order":5,"quantity_min":0,"quantity_max":1,"quantity_default":0,"priced_individually":true,"shipped_individually":false,"override_title":false,"title":"Garland Gew\u00e4chshaus","override_description":false,"description":"","optional":false,"hide_thumbnail":false,"discount":"5","override_variations":false,"allowed_variations":[],"override_default_variation_attributes":false,"default_variation_attributes":[],"single_product_visibility":"visible","cart_visibility":"visible","order_visibility":"visible","single_product_price_visibility":"visible","cart_price_visibility":"visible","order_price_visibility":"visible","stock_status":"in_stock"}],"bundle_sell_ids":[],"supplier_id":null,"supplier_sku":"","barcode":null,"atum_controlled":true,"out_stock_date":null,"out_stock_threshold":null,"inheritable":false,"inbound_stock":0,"stock_on_hold":0,"sold_today":0,"sales_last_days":0,"reserved_stock":0,"customer_returns":0,"warehouse_damage":0,"lost_in_post":0,"other_logs":0,"out_stock_days":0,"lost_sales":0,"has_location":false,"update_date":"2026-04-29T00:21:31","atum_locations":[],"atum_stock_status":"instock","restock_status":false,"low_stock_amount":"","sales_update_date":"2026-04-29T00:21:31","calc_backorders":null,"tiered_pricing_type":"fixed","tiered_pricing_fixed_rules":[],"tiered_pricing_product_settings":{"layout":"default","base_unit_name":{"singular":null,"plural":null},"default_variation":null},"tiered_pricing_minimum_quantity":null,"tiered_pricing_roles_data":[],"tiered_pricing_percentage_rules":[],"_links":{"self":[{"href":"https:\/\/www.lets-grow.de\/blog\/wp-json\/wp\/v2\/product\/18709","targetHints":{"allow":["GET"]}}],"collection":[{"href":"https:\/\/www.lets-grow.de\/blog\/wp-json\/wp\/v2\/product"}],"about":[{"href":"https:\/\/www.lets-grow.de\/blog\/wp-json\/wp\/v2\/types\/product"}],"replies":[{"embeddable":true,"href":"https:\/\/www.lets-grow.de\/blog\/wp-json\/wp\/v2\/comments?post=18709"}],"version-history":[{"count":0,"href":"https:\/\/www.lets-grow.de\/blog\/wp-json\/wp\/v2\/product\/18709\/revisions"}],"wp:featuredmedia":[{"embeddable":true,"href":"https:\/\/www.lets-grow.de\/blog\/wp-json\/wp\/v2\/media\/18711"}],"wp:attachment":[{"href":"https:\/\/www.lets-grow.de\/blog\/wp-json\/wp\/v2\/media?parent=18709"}],"wp:term":[{"taxonomy":"product_brand","embeddable":true,"href":"https:\/\/www.lets-grow.de\/blog\/wp-json\/wp\/v2\/product_brand?post=18709"},{"taxonomy":"product_cat","embeddable":true,"href":"https:\/\/www.lets-grow.de\/blog\/wp-json\/wp\/v2\/product_cat?post=18709"},{"taxonomy":"product_tag","embeddable":true,"href":"https:\/\/www.lets-grow.de\/blog\/wp-json\/wp\/v2\/product_tag?post=18709"}],"curies":[{"name":"wp","href":"https:\/\/api.w.org\/{rel}","templated":true}]}}