{"id":18646,"date":"2025-02-15T17:22:01","date_gmt":"2025-02-15T16:22:01","guid":{"rendered":"https:\/\/www.lets-grow.de\/blog\/?post_type=product&#038;p=18646"},"modified":"2026-04-20T20:43:37","modified_gmt":"2026-04-20T18:43:37","slug":"sinkfutter-3mm-tilapia-karpfen-futter","status":"publish","type":"product","link":"https:\/\/www.lets-grow.de\/blog\/shop\/sinkfutter-3mm-tilapia-karpfen-futter\/","title":{"rendered":"Sinkfutter 3mm"},"content":{"rendered":"\t\t<div data-elementor-type=\"product-post\" data-elementor-id=\"18646\" class=\"elementor elementor-18646\" data-elementor-post-type=\"product\">\n\t\t\t\t<div class=\"wd-negative-gap elementor-element elementor-element-64ced29f e-flex e-con-boxed e-con e-parent\" data-id=\"64ced29f\" data-element_type=\"container\" data-e-type=\"container\">\n\t\t\t\t\t<div class=\"e-con-inner\">\n\t\t\t\t<div class=\"elementor-element elementor-element-7845128e elementor-widget elementor-widget-heading\" data-id=\"7845128e\" data-element_type=\"widget\" data-e-type=\"widget\" data-widget_type=\"heading.default\">\n\t\t\t\t\t<h2 class=\"elementor-heading-title elementor-size-default\">Hochwertiges, sinkendes Fischfutter f\u00fcr Aquaponik<\/h2>\t\t\t\t<\/div>\n\t\t\t\t<div class=\"elementor-element elementor-element-d5fac0 color-scheme-inherit text-left elementor-widget elementor-widget-text-editor\" data-id=\"d5fac0\" data-element_type=\"widget\" data-e-type=\"widget\" data-widget_type=\"text-editor.default\">\n\t\t\t\t\t\t\t\t\t<p data-pm-slice=\"1 1 []\">Ein wichtiges Kriterium beim Betrieb von Aquaponik ist die Nahrung der Fische \u2013 und damit auch die N\u00e4hrstoffversorgung der Pflanzen. Unser <strong>Sinkfutter 3mm<\/strong> wurde speziell f\u00fcr die <strong>naturnahe F\u00fctterung von Tilapien<\/strong> entwickelt.<\/p><p>Jeder von uns m\u00f6chte heutzutage so wenig Chemie wie m\u00f6glich zu sich nehmen. Deshalb setzen wir bei unserem Futter auf <strong>hochwertige regionale Rohstoffe<\/strong> und verzichten auf k\u00fcnstliche Zus\u00e4tze.<\/p><p>Dieses Futter enth\u00e4lt <strong>alle essenziellen N\u00e4hrstoffe<\/strong>, die sowohl f\u00fcr das Wachstum der Fische als auch f\u00fcr die Pflanzen in jeder Phase \u2013 von der Wachstums- bis zur Fruchtphase \u2013 wichtig sind.<\/p>\t\t\t\t\t\t\t\t<\/div>\n\t\t\t\t<div class=\"elementor-element elementor-element-62101d1b elementor-widget elementor-widget-spacer\" data-id=\"62101d1b\" data-element_type=\"widget\" data-e-type=\"widget\" data-widget_type=\"spacer.default\">\n\t\t\t\t\t\t\t<div class=\"elementor-spacer\">\n\t\t\t<div class=\"elementor-spacer-inner\"><\/div>\n\t\t<\/div>\n\t\t\t\t\t\t<\/div>\n\t\t\t\t<div class=\"elementor-element elementor-element-4ea6de6a elementor-widget elementor-widget-heading\" data-id=\"4ea6de6a\" data-element_type=\"widget\" data-e-type=\"widget\" data-widget_type=\"heading.default\">\n\t\t\t\t\t<h2 class=\"elementor-heading-title elementor-size-default\">N\u00e4hrstoffzusammensetzung<\/h2>\t\t\t\t<\/div>\n\t\t\t\t<div class=\"elementor-element elementor-element-56bad4e0 color-scheme-inherit text-left elementor-widget elementor-widget-text-editor\" data-id=\"56bad4e0\" data-element_type=\"widget\" data-e-type=\"widget\" data-widget_type=\"text-editor.default\">\n\t\t\t\t\t\t\t\t\t<ul data-spread=\"false\" data-pm-slice=\"3 3 []\"><li><p><strong>Rohprotein:<\/strong> 42,75 %<\/p><\/li><li><p><strong>Rohfett:<\/strong> 13,66 %<\/p><\/li><li><p><strong>Kohlenhydrate:<\/strong> 20,75 %<\/p><\/li><li><p><strong>Rohfaser:<\/strong> 4,85 %<\/p><\/li><li><p><strong>Rohasche:<\/strong> 7,45 %<\/p><\/li><li><p><strong>Phosphor:<\/strong> 0,97 %<\/p><\/li><\/ul>\t\t\t\t\t\t\t\t<\/div>\n\t\t\t\t<div class=\"elementor-element elementor-element-7a59c160 elementor-widget elementor-widget-spacer\" data-id=\"7a59c160\" data-element_type=\"widget\" data-e-type=\"widget\" data-widget_type=\"spacer.default\">\n\t\t\t\t\t\t\t<div class=\"elementor-spacer\">\n\t\t\t<div class=\"elementor-spacer-inner\"><\/div>\n\t\t<\/div>\n\t\t\t\t\t\t<\/div>\n\t\t\t\t<div class=\"elementor-element elementor-element-1fe8285 elementor-widget elementor-widget-heading\" data-id=\"1fe8285\" data-element_type=\"widget\" data-e-type=\"widget\" data-widget_type=\"heading.default\">\n\t\t\t\t\t<h2 class=\"elementor-heading-title elementor-size-default\">Zusatzstoffe je kg:<\/h2>\t\t\t\t<\/div>\n\t\t\t\t<div class=\"elementor-element elementor-element-47d04ad color-scheme-inherit text-left elementor-widget elementor-widget-text-editor\" data-id=\"47d04ad\" data-element_type=\"widget\" data-e-type=\"widget\" data-widget_type=\"text-editor.default\">\n\t\t\t\t\t\t\t\t\t<ul data-spread=\"false\" data-pm-slice=\"3 3 []\"><li><ul data-spread=\"false\" data-pm-slice=\"3 3 []\"><li><p><strong>Vitamin A:<\/strong> 15.000 I.E.<\/p><\/li><li><p><strong>Vitamin D3:<\/strong> 2.000 I.E.<\/p><\/li><li><p><strong>Vitamin E:<\/strong> 200 mg<\/p><\/li><li><p><strong>Vitamin C (stabil):<\/strong> 150 mg<\/p><\/li><li><p><strong>Kupfer (als Kupfer(II)sulfat):<\/strong> 5 mg<\/p><\/li><\/ul><\/li><\/ul>\t\t\t\t\t\t\t\t<\/div>\n\t\t\t\t<div class=\"elementor-element elementor-element-47155a0 elementor-widget elementor-widget-spacer\" data-id=\"47155a0\" data-element_type=\"widget\" data-e-type=\"widget\" data-widget_type=\"spacer.default\">\n\t\t\t\t\t\t\t<div class=\"elementor-spacer\">\n\t\t\t<div class=\"elementor-spacer-inner\"><\/div>\n\t\t<\/div>\n\t\t\t\t\t\t<\/div>\n\t\t\t\t<div class=\"elementor-element elementor-element-377ce6c elementor-widget elementor-widget-heading\" data-id=\"377ce6c\" data-element_type=\"widget\" data-e-type=\"widget\" data-widget_type=\"heading.default\">\n\t\t\t\t\t<h2 class=\"elementor-heading-title elementor-size-default\">Warum unser Sinkfutter?<\/h2>\t\t\t\t<\/div>\n\t\t\t\t<div class=\"elementor-element elementor-element-eb4bb56 color-scheme-inherit text-left elementor-widget elementor-widget-text-editor\" data-id=\"eb4bb56\" data-element_type=\"widget\" data-e-type=\"widget\" data-widget_type=\"text-editor.default\">\n\t\t\t\t\t\t\t\t\t<p data-pm-slice=\"1 1 []\">\u2714 <strong>Speziell f\u00fcr Aquaponikfische entwickelt<\/strong> \u2013 optimierte N\u00e4hrstoffzusammensetzung <br \/>\u2714 <strong>Reine, regionale Rohstoffe<\/strong> \u2013 keine k\u00fcnstlichen Zusatzstoffe <br \/>\u2714 <strong>Unterst\u00fctzt gesundes Pflanzenwachstum<\/strong> in Aquaponik-Systemen <br \/>\u2714 <strong>Sinkendes Futter<\/strong> \u2013 nat\u00fcrliche Fressweise der Fische <br \/>\u2714 <strong>Optimale Verwertung<\/strong> \u2013 reduziert Futterreste und Wasserbelastung<\/p><p>Sehen Sie sich unsere Bilder an und \u00fcberzeugen Sie sich selbst von der <strong>Vitalit\u00e4t und Gesundheit der Pflanzen<\/strong>!<\/p>\t\t\t\t\t\t\t\t<\/div>\n\t\t\t\t<div class=\"elementor-element elementor-element-af1855a elementor-widget elementor-widget-spacer\" data-id=\"af1855a\" data-element_type=\"widget\" data-e-type=\"widget\" data-widget_type=\"spacer.default\">\n\t\t\t\t\t\t\t<div class=\"elementor-spacer\">\n\t\t\t<div class=\"elementor-spacer-inner\"><\/div>\n\t\t<\/div>\n\t\t\t\t\t\t<\/div>\n\t\t\t\t<div class=\"elementor-element elementor-element-1a3c08c elementor-widget elementor-widget-heading\" data-id=\"1a3c08c\" data-element_type=\"widget\" data-e-type=\"widget\" data-widget_type=\"heading.default\">\n\t\t\t\t\t<h2 class=\"elementor-heading-title elementor-size-default\">Vorteile<\/h2>\t\t\t\t<\/div>\n\t\t\t\t<div class=\"elementor-element elementor-element-5b16f4e4 color-scheme-inherit text-left elementor-widget elementor-widget-text-editor\" data-id=\"5b16f4e4\" data-element_type=\"widget\" data-e-type=\"widget\" data-widget_type=\"text-editor.default\">\n\t\t\t\t\t\t\t\t\t<p data-start=\"0\" data-end=\"61\">Sinkfutter hat mehrere Vorteile, besonders in der Aquakultur:<\/p><ol data-start=\"63\" data-end=\"738\"><li data-start=\"63\" data-end=\"208\"><strong data-start=\"66\" data-end=\"88\">Gezielte F\u00fctterung<\/strong>: Sinkfutter bleibt im Wasser und sinkt auf den Boden, was es ideal f\u00fcr Fische macht, die in tieferen Bereichen fressen.<\/li><li data-start=\"209\" data-end=\"408\"><strong data-start=\"212\" data-end=\"241\">Geringere Wasserbelastung<\/strong>: Da das Futter nicht auf der Oberfl\u00e4che schwimmt, reduziert es die Belastung der Wasseroberfl\u00e4che und minimiert das Risiko von Algenwachstum durch ungenutztes Futter.<\/li><li data-start=\"409\" data-end=\"549\"><strong data-start=\"412\" data-end=\"440\">Erh\u00f6hte Futterverwertung<\/strong>: Fische, die am Boden fressen, haben leichteren Zugang zum Futter, was die Futterverwertung verbessern kann.<\/li><li data-start=\"550\" data-end=\"738\"><strong data-start=\"553\" data-end=\"573\">Energieeffizienz<\/strong>: Sinkfutter kann weniger Energie verschwenden, da es gezielt auf die Fische in tieferen Bereichen ausgerichtet ist, wodurch weniger Futter im Wasser verstreut wird.<\/li><\/ol><p data-start=\"740\" data-end=\"805\" data-is-last-node=\"\">Es ist besonders n\u00fctzlich f\u00fcr Fische wie Welse oder Bodenfresser.<\/p>\t\t\t\t\t\t\t\t<\/div>\n\t\t\t\t<div class=\"elementor-element elementor-element-59335c5a elementor-widget elementor-widget-spacer\" data-id=\"59335c5a\" data-element_type=\"widget\" data-e-type=\"widget\" data-widget_type=\"spacer.default\">\n\t\t\t\t\t\t\t<div class=\"elementor-spacer\">\n\t\t\t<div class=\"elementor-spacer-inner\"><\/div>\n\t\t<\/div>\n\t\t\t\t\t\t<\/div>\n\t\t\t\t<div class=\"elementor-element elementor-element-11338774 elementor-widget elementor-widget-heading\" data-id=\"11338774\" data-element_type=\"widget\" data-e-type=\"widget\" data-widget_type=\"heading.default\">\n\t\t\t\t\t<h2 class=\"elementor-heading-title elementor-size-default\">Preis &amp; Staffelrabatte<\/h2>\t\t\t\t<\/div>\n\t\t\t\t<div class=\"elementor-element elementor-element-5ac90389 color-scheme-inherit text-left elementor-widget elementor-widget-text-editor\" data-id=\"5ac90389\" data-element_type=\"widget\" data-e-type=\"widget\" data-widget_type=\"text-editor.default\">\n\t\t\t\t\t\t\t\t\t<p data-pm-slice=\"1 1 []\">\ud83d\udcb0 <strong>Der Preis bezieht sich auf 1 kg Fischfutter<\/strong> <br \/>\ud83d\udce6 <strong>Staffelpreise verf\u00fcgbar<\/strong> \u2013 der Rabatt wird im Warenkorb automatisch berechnet.<\/p>\t\t\t\t\t\t\t\t<\/div>\n\t\t\t\t\t<\/div>\n\t\t\t\t<\/div>\n\t\t\t\t<\/div>\n\t\t","protected":false},"excerpt":{"rendered":"<p>Unser <strong data-start=\"115\" data-end=\"133\">Sinkfutter 3mm<\/strong> f\u00fcr Tilapien ist reich an hochwertigen N\u00e4hrstoffen und enth\u00e4lt alle essenziellen Vitamine und Mineralien. Entwickelt f\u00fcr optimale Fischgesundheit und Pflanzenwachstum in Aquaponik-Systemen. Mit regionalen Rohstoffen und ohne k\u00fcnstliche Zus\u00e4tze. Perfekt f\u00fcr eine nachhaltige und chemiefreie Fischzucht. Staffelpreise verf\u00fcgbar.<\/p>\n","protected":false},"featured_media":18647,"comment_status":"open","ping_status":"closed","template":"","meta":{"_monsterinsights_skip_tracking":false,"_monsterinsights_sitenote_active":false,"_monsterinsights_sitenote_note":"","_monsterinsights_sitenote_category":0},"product_brand":[],"product_cat":[1311],"product_tag":[1608,1880,1609,263,1610,1611,1612,1613,1312,1614,1615,1605,1616,1606,1617,1607,1618],"class_list":{"0":"post-18646","1":"product","2":"type-product","3":"status-publish","4":"has-post-thumbnail","6":"product_cat-fischfutter","7":"product_tag-teichfutter","8":"product_tag-tilapiafutter","9":"product_tag-welsfutter","10":"product_tag-aquaponik","11":"product_tag-bodenfresser","12":"product_tag-forellenfutter","13":"product_tag-fischzucht","14":"product_tag-proteinreich","15":"product_tag-fischfutter","16":"product_tag-naehrstoffreich","17":"product_tag-futterpellets","18":"product_tag-sinkfutter","19":"product_tag-nachhaltige-fuetterung","20":"product_tag-3-mm","21":"product_tag-wasserbewohner","22":"product_tag-aquakultur","23":"product_tag-optimale-naehrstoffversorgung","24":"pa_hersteller-emsland-aller","26":"first","27":"instock","28":"taxable","29":"shipping-taxable","30":"purchasable","31":"product-type-simple"},"bundled_by":[],"bundle_stock_status":"instock","bundle_stock_quantity":190,"bundle_virtual":false,"bundle_layout":"","bundle_add_to_cart_form_location":"","bundle_editable_in_cart":false,"bundle_sold_individually_context":"","bundle_item_grouping":"","bundle_min_size":"","bundle_max_size":"","bundle_price":[],"bundled_items":[],"bundle_sell_ids":[],"supplier_id":null,"supplier_sku":"","barcode":null,"atum_controlled":true,"out_stock_date":null,"out_stock_threshold":null,"inheritable":false,"inbound_stock":0,"stock_on_hold":0,"sold_today":0,"sales_last_days":10,"reserved_stock":0,"customer_returns":0,"warehouse_damage":0,"lost_in_post":0,"other_logs":0,"out_stock_days":0,"lost_sales":0,"has_location":false,"update_date":"2026-05-02T00:23:05","atum_locations":[],"atum_stock_status":"instock","restock_status":false,"low_stock_amount":"","sales_update_date":"2026-05-02T00:23:05","calc_backorders":null,"tiered_pricing_type":"fixed","tiered_pricing_fixed_rules":{"10":2.8,"25":2.6,"50":2.5},"tiered_pricing_product_settings":{"layout":"default","base_unit_name":{"singular":null,"plural":null},"default_variation":null},"tiered_pricing_minimum_quantity":null,"tiered_pricing_roles_data":[],"tiered_pricing_percentage_rules":[],"_links":{"self":[{"href":"https:\/\/www.lets-grow.de\/blog\/wp-json\/wp\/v2\/product\/18646","targetHints":{"allow":["GET"]}}],"collection":[{"href":"https:\/\/www.lets-grow.de\/blog\/wp-json\/wp\/v2\/product"}],"about":[{"href":"https:\/\/www.lets-grow.de\/blog\/wp-json\/wp\/v2\/types\/product"}],"replies":[{"embeddable":true,"href":"https:\/\/www.lets-grow.de\/blog\/wp-json\/wp\/v2\/comments?post=18646"}],"version-history":[{"count":1,"href":"https:\/\/www.lets-grow.de\/blog\/wp-json\/wp\/v2\/product\/18646\/revisions"}],"predecessor-version":[{"id":20882,"href":"https:\/\/www.lets-grow.de\/blog\/wp-json\/wp\/v2\/product\/18646\/revisions\/20882"}],"wp:featuredmedia":[{"embeddable":true,"href":"https:\/\/www.lets-grow.de\/blog\/wp-json\/wp\/v2\/media\/18647"}],"wp:attachment":[{"href":"https:\/\/www.lets-grow.de\/blog\/wp-json\/wp\/v2\/media?parent=18646"}],"wp:term":[{"taxonomy":"product_brand","embeddable":true,"href":"https:\/\/www.lets-grow.de\/blog\/wp-json\/wp\/v2\/product_brand?post=18646"},{"taxonomy":"product_cat","embeddable":true,"href":"https:\/\/www.lets-grow.de\/blog\/wp-json\/wp\/v2\/product_cat?post=18646"},{"taxonomy":"product_tag","embeddable":true,"href":"https:\/\/www.lets-grow.de\/blog\/wp-json\/wp\/v2\/product_tag?post=18646"}],"curies":[{"name":"wp","href":"https:\/\/api.w.org\/{rel}","templated":true}]}}