{"id":18639,"date":"2025-02-15T17:11:42","date_gmt":"2025-02-15T16:11:42","guid":{"rendered":"https:\/\/www.lets-grow.de\/blog\/?post_type=product&#038;p=18639"},"modified":"2026-04-04T19:19:30","modified_gmt":"2026-04-04T17:19:30","slug":"schwimmfutter-3mm","status":"publish","type":"product","link":"https:\/\/www.lets-grow.de\/blog\/shop\/schwimmfutter-3mm\/","title":{"rendered":"Schwimmfutter 3mm"},"content":{"rendered":"\t\t<div data-elementor-type=\"product-post\" data-elementor-id=\"18639\" class=\"elementor elementor-18639\" data-elementor-post-type=\"product\">\n\t\t\t\t<div class=\"wd-negative-gap elementor-element elementor-element-15487874 e-flex e-con-boxed e-con e-parent\" data-id=\"15487874\" data-element_type=\"container\" data-e-type=\"container\">\n\t\t\t\t\t<div class=\"e-con-inner\">\n\t\t\t\t<div class=\"elementor-element elementor-element-7dd884c6 elementor-widget elementor-widget-heading\" data-id=\"7dd884c6\" data-element_type=\"widget\" data-e-type=\"widget\" data-widget_type=\"heading.default\">\n\t\t\t\t\t<h2 class=\"elementor-heading-title elementor-size-default\">Schwimmendes Fischfutter f\u00fcr maximale Kontrolle<\/h2>\t\t\t\t<\/div>\n\t\t\t\t<div class=\"elementor-element elementor-element-495d15d8 color-scheme-inherit text-left elementor-widget elementor-widget-text-editor\" data-id=\"495d15d8\" data-element_type=\"widget\" data-e-type=\"widget\" data-widget_type=\"text-editor.default\">\n\t\t\t\t\t\t\t\t\t<p data-pm-slice=\"1 1 []\">Unser bekanntes Fischfutter gibt es jetzt auch als <strong>schwimmende Variante<\/strong>. Schwimmfutter bietet den Vorteil, dass die Fische direkt an der Oberfl\u00e4che gef\u00fcttert werden, sodass jederzeit \u00fcberpr\u00fcft werden kann, ob und wie viel gefressen wurde. Zudem erm\u00f6glicht es eine <strong>einfache Sichtkontrolle der Fische<\/strong> und verhindert, dass ungenutztes Futter im Filter oder am Boden verloren geht.<\/p>\t\t\t\t\t\t\t\t<\/div>\n\t\t\t\t<div class=\"elementor-element elementor-element-60191850 elementor-widget elementor-widget-spacer\" data-id=\"60191850\" data-element_type=\"widget\" data-e-type=\"widget\" data-widget_type=\"spacer.default\">\n\t\t\t\t\t\t\t<div class=\"elementor-spacer\">\n\t\t\t<div class=\"elementor-spacer-inner\"><\/div>\n\t\t<\/div>\n\t\t\t\t\t\t<\/div>\n\t\t\t\t<div class=\"elementor-element elementor-element-f99bb99 elementor-widget elementor-widget-heading\" data-id=\"f99bb99\" data-element_type=\"widget\" data-e-type=\"widget\" data-widget_type=\"heading.default\">\n\t\t\t\t\t<h2 class=\"elementor-heading-title elementor-size-default\">Anwendungen<\/h2>\t\t\t\t<\/div>\n\t\t\t\t<div class=\"elementor-element elementor-element-2218d3fa color-scheme-inherit text-left elementor-widget elementor-widget-text-editor\" data-id=\"2218d3fa\" data-element_type=\"widget\" data-e-type=\"widget\" data-widget_type=\"text-editor.default\">\n\t\t\t\t\t\t\t\t\t<p>Das Schwimmfutter in 3mm eignet sich ideal f\u00fcr die F\u00fctterung von Fischen in Aquaponik- und Teichsystemen. Es bleibt lange an der Wasseroberfl\u00e4che und erm\u00f6glicht eine einfache Kontrolle der Futteraufnahme. Je nach Fischart und Besatzdichte mehrmals t\u00e4glich in kleinen Mengen f\u00fcttern, sodass das Futter innerhalb weniger Minuten aufgenommen wird. \u00dcberf\u00fctterung vermeiden, um Wasserqualit\u00e4t und Filterleistung nicht zu beeintr\u00e4chtigen.<\/p>\t\t\t\t\t\t\t\t<\/div>\n\t\t\t\t<div class=\"elementor-element elementor-element-708f55bb elementor-widget elementor-widget-spacer\" data-id=\"708f55bb\" data-element_type=\"widget\" data-e-type=\"widget\" data-widget_type=\"spacer.default\">\n\t\t\t\t\t\t\t<div class=\"elementor-spacer\">\n\t\t\t<div class=\"elementor-spacer-inner\"><\/div>\n\t\t<\/div>\n\t\t\t\t\t\t<\/div>\n\t\t\t\t<div class=\"elementor-element elementor-element-555b2ee0 elementor-widget elementor-widget-heading\" data-id=\"555b2ee0\" data-element_type=\"widget\" data-e-type=\"widget\" data-widget_type=\"heading.default\">\n\t\t\t\t\t<h2 class=\"elementor-heading-title elementor-size-default\">Vorteile<\/h2>\t\t\t\t<\/div>\n\t\t\t\t<div class=\"elementor-element elementor-element-c62d338 color-scheme-inherit text-left elementor-widget elementor-widget-text-editor\" data-id=\"c62d338\" data-element_type=\"widget\" data-e-type=\"widget\" data-widget_type=\"text-editor.default\">\n\t\t\t\t\t\t\t\t\t<p data-pm-slice=\"1 1 []\">\u2714 <strong>Optimale Futterkontrolle<\/strong> \u2013 sofort sichtbar, ob Fische fressen <br \/>\u2714 <strong>Minimierte Futterverluste<\/strong> \u2013 kein Absinken in den Filter oder Bodengrund <br \/>\u2714 <strong>F\u00f6rdert gesundes Wachstum<\/strong> durch abgestimmte Rezeptur <br \/>\u2714 <strong>Hochwertige Inhaltsstoffe<\/strong> \u2013 ideal f\u00fcr Tilapien &amp; andere Fische <br \/>\u2714 <strong>Einfache Sichtkontrolle<\/strong> \u2013 Beobachtung des Gesundheitszustands der Fische<\/p>\t\t\t\t\t\t\t\t<\/div>\n\t\t\t\t<div class=\"elementor-element elementor-element-35f30eb elementor-widget elementor-widget-spacer\" data-id=\"35f30eb\" data-element_type=\"widget\" data-e-type=\"widget\" data-widget_type=\"spacer.default\">\n\t\t\t\t\t\t\t<div class=\"elementor-spacer\">\n\t\t\t<div class=\"elementor-spacer-inner\"><\/div>\n\t\t<\/div>\n\t\t\t\t\t\t<\/div>\n\t\t\t\t<div class=\"elementor-element elementor-element-521e84c elementor-widget elementor-widget-heading\" data-id=\"521e84c\" data-element_type=\"widget\" data-e-type=\"widget\" data-widget_type=\"heading.default\">\n\t\t\t\t\t<h2 class=\"elementor-heading-title elementor-size-default\">N\u00e4hrstoffzusammensetzung<\/h2>\t\t\t\t<\/div>\n\t\t\t\t<div class=\"elementor-element elementor-element-701410fd color-scheme-inherit text-left elementor-widget elementor-widget-text-editor\" data-id=\"701410fd\" data-element_type=\"widget\" data-e-type=\"widget\" data-widget_type=\"text-editor.default\">\n\t\t\t\t\t\t\t\t\t<ul><li><strong>Rohprotein:<\/strong> 33 %<\/li><li><strong>Rohfett:<\/strong> 6 %<\/li><li><strong>Kohlenhydrate:<\/strong> 47,9 %<\/li><li><strong>Rohfaser:<\/strong> 2,9 %<\/li><li><strong>Rohasche:<\/strong> 5,2 %<\/li><li><strong>Phosphor:<\/strong> 1 %<\/li><\/ul>\t\t\t\t\t\t\t\t<\/div>\n\t\t\t\t<div class=\"elementor-element elementor-element-2749c971 elementor-widget elementor-widget-spacer\" data-id=\"2749c971\" data-element_type=\"widget\" data-e-type=\"widget\" data-widget_type=\"spacer.default\">\n\t\t\t\t\t\t\t<div class=\"elementor-spacer\">\n\t\t\t<div class=\"elementor-spacer-inner\"><\/div>\n\t\t<\/div>\n\t\t\t\t\t\t<\/div>\n\t\t\t\t<div class=\"elementor-element elementor-element-4ec8789 elementor-widget elementor-widget-heading\" data-id=\"4ec8789\" data-element_type=\"widget\" data-e-type=\"widget\" data-widget_type=\"heading.default\">\n\t\t\t\t\t<h2 class=\"elementor-heading-title elementor-size-default\">Zusatzstoffe pro kg:<\/h2>\t\t\t\t<\/div>\n\t\t\t\t<div class=\"elementor-element elementor-element-89ef7e1 color-scheme-inherit text-left elementor-widget elementor-widget-text-editor\" data-id=\"89ef7e1\" data-element_type=\"widget\" data-e-type=\"widget\" data-widget_type=\"text-editor.default\">\n\t\t\t\t\t\t\t\t\t<ul><li><p><strong>Vitamin A:<\/strong> 15.000 I.E.<\/p><\/li><li><p><strong>Vitamin D3:<\/strong> 2.000 I.E.<\/p><\/li><li><p><strong>Vitamin E:<\/strong> 200 mg<\/p><\/li><li><p><strong>Vitamin C (stabil):<\/strong> 150 mg<\/p><\/li><li><p><strong>Kupfer (als Kupfer(II)sulfat):<\/strong> 5 mg<\/p><\/li><\/ul>\t\t\t\t\t\t\t\t<\/div>\n\t\t\t\t<div class=\"elementor-element elementor-element-822a6e8 elementor-widget elementor-widget-spacer\" data-id=\"822a6e8\" data-element_type=\"widget\" data-e-type=\"widget\" data-widget_type=\"spacer.default\">\n\t\t\t\t\t\t\t<div class=\"elementor-spacer\">\n\t\t\t<div class=\"elementor-spacer-inner\"><\/div>\n\t\t<\/div>\n\t\t\t\t\t\t<\/div>\n\t\t\t\t<div class=\"elementor-element elementor-element-8f453ba elementor-widget elementor-widget-heading\" data-id=\"8f453ba\" data-element_type=\"widget\" data-e-type=\"widget\" data-widget_type=\"heading.default\">\n\t\t\t\t\t<h2 class=\"elementor-heading-title elementor-size-default\">Zusatzstoffe pro kg:<\/h2>\t\t\t\t<\/div>\n\t\t\t\t<div class=\"elementor-element elementor-element-261b562 color-scheme-inherit text-left elementor-widget elementor-widget-text-editor\" data-id=\"261b562\" data-element_type=\"widget\" data-e-type=\"widget\" data-widget_type=\"text-editor.default\">\n\t\t\t\t\t\t\t\t\t<ul><li>Blutprodukte<\/li><li>Fischmehl<\/li><li>Fisch\u00f6l<\/li><li>Getreideprodukte<\/li><li>marine Nebenprodukte<\/li><li>pflanzliche Proteine,<\/li><li>Mineralien<\/li><li style=\"list-style-type: none;\">\u2714 <strong style=\"font-size: 16px; color: var( --e-global-color-text ); text-align: var(--text-align);\">Korngr\u00f6\u00dfe:<\/strong><span style=\"font-size: 16px; color: var( --e-global-color-text ); text-align: var(--text-align);\"> 3 mm<br \/>\u2714 <\/span><strong style=\"font-size: 16px; color: var( --e-global-color-text ); text-align: var(--text-align);\">Preis:<\/strong><span style=\"font-size: 16px; color: var( --e-global-color-text ); text-align: var(--text-align);\"> pro Kilogramm<\/span><\/li><\/ul>\t\t\t\t\t\t\t\t<\/div>\n\t\t\t\t<div class=\"elementor-element elementor-element-ea6c6af elementor-widget elementor-widget-spacer\" data-id=\"ea6c6af\" data-element_type=\"widget\" data-e-type=\"widget\" data-widget_type=\"spacer.default\">\n\t\t\t\t\t\t\t<div class=\"elementor-spacer\">\n\t\t\t<div class=\"elementor-spacer-inner\"><\/div>\n\t\t<\/div>\n\t\t\t\t\t\t<\/div>\n\t\t\t\t<div class=\"elementor-element elementor-element-2caa60c5 elementor-widget elementor-widget-heading\" data-id=\"2caa60c5\" data-element_type=\"widget\" data-e-type=\"widget\" data-widget_type=\"heading.default\">\n\t\t\t\t\t<h2 class=\"elementor-heading-title elementor-size-default\">Zusammenfassung<\/h2>\t\t\t\t<\/div>\n\t\t\t\t<div class=\"elementor-element elementor-element-49aaf2c5 color-scheme-inherit text-left elementor-widget elementor-widget-text-editor\" data-id=\"49aaf2c5\" data-element_type=\"widget\" data-e-type=\"widget\" data-widget_type=\"text-editor.default\">\n\t\t\t\t\t\t\t\t\t<p data-pm-slice=\"1 1 []\">Unser <strong>Schwimmfutter 3 mm<\/strong> bietet eine ideale M\u00f6glichkeit, die F\u00fctterung in Aquakulturen effizient zu gestalten. Es sorgt f\u00fcr gesundes Wachstum, eine optimale N\u00e4hrstoffversorgung und erm\u00f6glicht eine direkte Sichtkontrolle der Fische. Perfekt f\u00fcr Tilapien, Karpfen und andere Aquakulturfische!<\/p>\t\t\t\t\t\t\t\t<\/div>\n\t\t\t\t\t<\/div>\n\t\t\t\t<\/div>\n\t\t\t\t<\/div>\n\t\t","protected":false},"excerpt":{"rendered":"<p data-pm-slice=\"1 1 []\">Unser <strong>Schwimmfutter 3 mm<\/strong> erm\u00f6glicht eine einfache F\u00fctterung und Kontrolle der Fische. Durch die schwimmende Eigenschaft bleibt das Futter an der Oberfl\u00e4che, was die Dosierung erleichtert und Futterverluste minimiert. Mit einer speziell abgestimmten Rezeptur sorgt es f\u00fcr gesundes Wachstum und eine optimale N\u00e4hrstoffversorgung \u2013 ideal f\u00fcr Tilapien und andere Aquakulturfische.<\/p>\n","protected":false},"featured_media":18640,"comment_status":"open","ping_status":"closed","template":"","meta":{"_monsterinsights_skip_tracking":false,"_monsterinsights_sitenote_active":false,"_monsterinsights_sitenote_note":"","_monsterinsights_sitenote_category":0},"product_brand":[],"product_cat":[1311],"product_tag":[1317,1323,1326,1327,1328,1329,1880,1267],"class_list":{"0":"post-18639","1":"product","2":"type-product","3":"status-publish","4":"has-post-thumbnail","6":"product_cat-fischfutter","7":"product_tag-aquakultur-futter","8":"product_tag-schwimmfutter","9":"product_tag-fischfutter-3mm","10":"product_tag-fischfutter-schwimmend","11":"product_tag-hochwertiges-fischfutter","12":"product_tag-proteinreiches-fischfutter","13":"product_tag-tilapiafutter","14":"product_tag-wasserqualitaet-verbessern","15":"pa_hersteller-emsland-aller","17":"first","18":"instock","19":"taxable","20":"shipping-taxable","21":"purchasable","22":"product-type-simple"},"bundled_by":[],"bundle_stock_status":"instock","bundle_stock_quantity":155,"bundle_virtual":false,"bundle_layout":"","bundle_add_to_cart_form_location":"","bundle_editable_in_cart":false,"bundle_sold_individually_context":"","bundle_item_grouping":"","bundle_min_size":"","bundle_max_size":"","bundle_price":[],"bundled_items":[],"bundle_sell_ids":[],"supplier_id":null,"supplier_sku":"","barcode":null,"atum_controlled":true,"out_stock_date":null,"out_stock_threshold":null,"inheritable":false,"inbound_stock":0,"stock_on_hold":0,"sold_today":0,"sales_last_days":10,"reserved_stock":0,"customer_returns":0,"warehouse_damage":0,"lost_in_post":0,"other_logs":0,"out_stock_days":0,"lost_sales":0,"has_location":false,"update_date":"2026-04-16T00:05:40","atum_locations":[],"atum_stock_status":"instock","restock_status":false,"low_stock_amount":"","sales_update_date":"2026-04-16T00:05:40","calc_backorders":null,"tiered_pricing_type":"fixed","tiered_pricing_fixed_rules":{"5":3,"10":2.75,"25":2.5},"tiered_pricing_product_settings":{"layout":"default","base_unit_name":{"singular":null,"plural":null},"default_variation":null},"tiered_pricing_minimum_quantity":null,"tiered_pricing_roles_data":[],"tiered_pricing_percentage_rules":[],"_links":{"self":[{"href":"https:\/\/www.lets-grow.de\/blog\/wp-json\/wp\/v2\/product\/18639","targetHints":{"allow":["GET"]}}],"collection":[{"href":"https:\/\/www.lets-grow.de\/blog\/wp-json\/wp\/v2\/product"}],"about":[{"href":"https:\/\/www.lets-grow.de\/blog\/wp-json\/wp\/v2\/types\/product"}],"replies":[{"embeddable":true,"href":"https:\/\/www.lets-grow.de\/blog\/wp-json\/wp\/v2\/comments?post=18639"}],"version-history":[{"count":3,"href":"https:\/\/www.lets-grow.de\/blog\/wp-json\/wp\/v2\/product\/18639\/revisions"}],"predecessor-version":[{"id":21370,"href":"https:\/\/www.lets-grow.de\/blog\/wp-json\/wp\/v2\/product\/18639\/revisions\/21370"}],"wp:featuredmedia":[{"embeddable":true,"href":"https:\/\/www.lets-grow.de\/blog\/wp-json\/wp\/v2\/media\/18640"}],"wp:attachment":[{"href":"https:\/\/www.lets-grow.de\/blog\/wp-json\/wp\/v2\/media?parent=18639"}],"wp:term":[{"taxonomy":"product_brand","embeddable":true,"href":"https:\/\/www.lets-grow.de\/blog\/wp-json\/wp\/v2\/product_brand?post=18639"},{"taxonomy":"product_cat","embeddable":true,"href":"https:\/\/www.lets-grow.de\/blog\/wp-json\/wp\/v2\/product_cat?post=18639"},{"taxonomy":"product_tag","embeddable":true,"href":"https:\/\/www.lets-grow.de\/blog\/wp-json\/wp\/v2\/product_tag?post=18639"}],"curies":[{"name":"wp","href":"https:\/\/api.w.org\/{rel}","templated":true}]}}