{"id":18631,"date":"2025-02-15T16:59:04","date_gmt":"2025-02-15T15:59:04","guid":{"rendered":"https:\/\/www.lets-grow.de\/blog\/?post_type=product&#038;p=18631"},"modified":"2026-04-04T10:51:05","modified_gmt":"2026-04-04T08:51:05","slug":"raubwelsfutter-schwimmend-3mm","status":"publish","type":"product","link":"https:\/\/www.lets-grow.de\/blog\/shop\/raubwelsfutter-schwimmend-3mm\/","title":{"rendered":"Raubwelsfutter schwimmend 3mm"},"content":{"rendered":"\t\t<div data-elementor-type=\"product-post\" data-elementor-id=\"18631\" class=\"elementor elementor-18631\" data-elementor-post-type=\"product\">\n\t\t\t\t<div class=\"wd-negative-gap elementor-element elementor-element-4d336f23 e-flex e-con-boxed e-con e-parent\" data-id=\"4d336f23\" data-element_type=\"container\" data-e-type=\"container\">\n\t\t\t\t\t<div class=\"e-con-inner\">\n\t\t\t\t<div class=\"elementor-element elementor-element-890c29c elementor-widget elementor-widget-heading\" data-id=\"890c29c\" data-element_type=\"widget\" data-e-type=\"widget\" data-widget_type=\"heading.default\">\n\t\t\t\t\t<h2 class=\"elementor-heading-title elementor-size-default\">Hochwertiges Fischfutter f\u00fcr Raubwelse<\/h2>\t\t\t\t<\/div>\n\t\t\t\t<div class=\"elementor-element elementor-element-774c6959 color-scheme-inherit text-left elementor-widget elementor-widget-text-editor\" data-id=\"774c6959\" data-element_type=\"widget\" data-e-type=\"widget\" data-widget_type=\"text-editor.default\">\n\t\t\t\t\t\t\t\t\t<p data-pm-slice=\"1 1 []\">Ein wichtiges Kriterium im Aquaponik-Betrieb ist die Wahl des richtigen Fischfutters. Unsere <strong>3 mm schwimmenden Clarias-Pellets<\/strong> wurden speziell auf die Bed\u00fcrfnisse von Welsen abgestimmt. Sie enthalten alle wichtigen N\u00e4hrstoffe, die sowohl die Fische als auch die Pflanzen im System ben\u00f6tigen.<\/p><p>Unsere Welse wurden bereits an Schwimmfutter trainiert, sodass die <strong>Futteraufnahme optimal \u00fcberwacht<\/strong> werden kann. Ein weiterer Vorteil von Schwimmfutter ist, dass keine Futterreste im Bodenablauf oder Vorfilter landen \u2013 das verhindert Verluste und sorgt f\u00fcr eine <strong>effiziente F\u00fctterung<\/strong>.<\/p>\t\t\t\t\t\t\t\t<\/div>\n\t\t\t\t<div class=\"elementor-element elementor-element-385cb531 elementor-widget elementor-widget-spacer\" data-id=\"385cb531\" data-element_type=\"widget\" data-e-type=\"widget\" data-widget_type=\"spacer.default\">\n\t\t\t\t\t\t\t<div class=\"elementor-spacer\">\n\t\t\t<div class=\"elementor-spacer-inner\"><\/div>\n\t\t<\/div>\n\t\t\t\t\t\t<\/div>\n\t\t\t\t<div class=\"elementor-element elementor-element-28df2d0f elementor-widget elementor-widget-heading\" data-id=\"28df2d0f\" data-element_type=\"widget\" data-e-type=\"widget\" data-widget_type=\"heading.default\">\n\t\t\t\t\t<h2 class=\"elementor-heading-title elementor-size-default\">Speziell entwickelt f\u00fcr carnivore Welse<\/h2>\t\t\t\t<\/div>\n\t\t\t\t<div class=\"elementor-element elementor-element-3c93c84f color-scheme-inherit text-left elementor-widget elementor-widget-text-editor\" data-id=\"3c93c84f\" data-element_type=\"widget\" data-e-type=\"widget\" data-widget_type=\"text-editor.default\">\n\t\t\t\t\t\t\t\t\t<p data-pm-slice=\"1 1 []\">Im Vergleich zu Futter f\u00fcr Karpfen oder Tilapien hat dieses Welsfutter einen <strong>h\u00f6heren Proteingehalt und Phosphoranteil<\/strong>. Dadurch wird das Wachstum gef\u00f6rdert, gleichzeitig muss jedoch die <strong>Filterleistung<\/strong> im Aquaponik-System entsprechend angepasst werden.<\/p><p>Da Raubwelse kein rein pflanzliches Protein verwerten k\u00f6nnen, enth\u00e4lt das Futter eine <strong>ausgewogene Mischung tierischer Proteine<\/strong>, die an ihre nat\u00fcrlichen Bed\u00fcrfnisse angepasst ist.<\/p>\t\t\t\t\t\t\t\t<\/div>\n\t\t\t\t<div class=\"elementor-element elementor-element-2df07909 elementor-widget elementor-widget-spacer\" data-id=\"2df07909\" data-element_type=\"widget\" data-e-type=\"widget\" data-widget_type=\"spacer.default\">\n\t\t\t\t\t\t\t<div class=\"elementor-spacer\">\n\t\t\t<div class=\"elementor-spacer-inner\"><\/div>\n\t\t<\/div>\n\t\t\t\t\t\t<\/div>\n\t\t\t\t<div class=\"elementor-element elementor-element-30703383 elementor-widget elementor-widget-heading\" data-id=\"30703383\" data-element_type=\"widget\" data-e-type=\"widget\" data-widget_type=\"heading.default\">\n\t\t\t\t\t<h2 class=\"elementor-heading-title elementor-size-default\">Vorteile<\/h2>\t\t\t\t<\/div>\n\t\t\t\t<div class=\"elementor-element elementor-element-5c99530a color-scheme-inherit text-left elementor-widget elementor-widget-text-editor\" data-id=\"5c99530a\" data-element_type=\"widget\" data-e-type=\"widget\" data-widget_type=\"text-editor.default\">\n\t\t\t\t\t\t\t\t\t<p data-pm-slice=\"1 1 []\">\u2714 <strong>Schwimmfutter<\/strong> \u2013 einfache Kontrolle der Futteraufnahme<br \/>\u2714 <strong>Hoher Proteingehalt (44,85 %)<\/strong> \u2013 ideal f\u00fcr carnivore Welse<br \/>\u2714 <strong>Effiziente F\u00fctterung<\/strong> \u2013 kein Verlust durch Bodenablauf<br \/>\u2714 <strong>Enth\u00e4lt essentielle N\u00e4hrstoffe<\/strong> f\u00fcr Welse und Pflanzen<br \/>\u2714 <strong>Optimale Futtermengen dosierbar<\/strong> \u2013 verhindert \u00dcberf\u00fctterung<\/p>\t\t\t\t\t\t\t\t<\/div>\n\t\t\t\t<div class=\"elementor-element elementor-element-a6c2c0c elementor-widget elementor-widget-spacer\" data-id=\"a6c2c0c\" data-element_type=\"widget\" data-e-type=\"widget\" data-widget_type=\"spacer.default\">\n\t\t\t\t\t\t\t<div class=\"elementor-spacer\">\n\t\t\t<div class=\"elementor-spacer-inner\"><\/div>\n\t\t<\/div>\n\t\t\t\t\t\t<\/div>\n\t\t\t\t<div class=\"elementor-element elementor-element-80712fb elementor-widget elementor-widget-heading\" data-id=\"80712fb\" data-element_type=\"widget\" data-e-type=\"widget\" data-widget_type=\"heading.default\">\n\t\t\t\t\t<h2 class=\"elementor-heading-title elementor-size-default\">Vorteile<\/h2>\t\t\t\t<\/div>\n\t\t\t\t<div class=\"elementor-element elementor-element-b2e36fd elementor-widget elementor-widget-spacer\" data-id=\"b2e36fd\" data-element_type=\"widget\" data-e-type=\"widget\" data-widget_type=\"spacer.default\">\n\t\t\t\t\t\t\t<div class=\"elementor-spacer\">\n\t\t\t<div class=\"elementor-spacer-inner\"><\/div>\n\t\t<\/div>\n\t\t\t\t\t\t<\/div>\n\t\t\t\t<div class=\"elementor-element elementor-element-00fa20f color-scheme-inherit text-left elementor-widget elementor-widget-text-editor\" data-id=\"00fa20f\" data-element_type=\"widget\" data-e-type=\"widget\" data-widget_type=\"text-editor.default\">\n\t\t\t\t\t\t\t\t\t<ul>\n<li>Blutprodukte<\/li>\n<li>Einzelzellproteine<\/li>\n<li>Fischmehl<\/li>\n<li>Fisch\u00f6l<\/li>\n<li>Getreideprodukte<\/li>\n<li>Pflanzliche \u00d6le<\/li>\n<li>Verarbeitete tierische Proteine<\/li>\n<li>Vitamine und Mineralstoffe<\/li>\n<\/ul>\t\t\t\t\t\t\t\t<\/div>\n\t\t\t\t<div class=\"elementor-element elementor-element-9883a25 elementor-widget elementor-widget-heading\" data-id=\"9883a25\" data-element_type=\"widget\" data-e-type=\"widget\" data-widget_type=\"heading.default\">\n\t\t\t\t\t<h2 class=\"elementor-heading-title elementor-size-default\">N\u00e4hrstoffzusammensetzung<\/h2>\t\t\t\t<\/div>\n\t\t\t\t<div class=\"elementor-element elementor-element-ebe1289 color-scheme-inherit text-left elementor-widget elementor-widget-text-editor\" data-id=\"ebe1289\" data-element_type=\"widget\" data-e-type=\"widget\" data-widget_type=\"text-editor.default\">\n\t\t\t\t\t\t\t\t\t<ul>\n<li><strong>Rohprotein:<\/strong> 44,85 %<\/li>\n<li><strong>Rohfett:<\/strong> 10,6 %<\/li>\n<li><strong>Kohlenhydrate:<\/strong> 26,75 %<\/li>\n<li><strong>Rohfaser:<\/strong> 2,55 %<\/li>\n<li><strong>Rohasche:<\/strong> 5,95 %<\/li>\n<li><strong>Phosphor:<\/strong> 1,01 %<\/li>\n<\/ul>\t\t\t\t\t\t\t\t<\/div>\n\t\t\t\t<div class=\"elementor-element elementor-element-52a07d7 elementor-widget elementor-widget-spacer\" data-id=\"52a07d7\" data-element_type=\"widget\" data-e-type=\"widget\" data-widget_type=\"spacer.default\">\n\t\t\t\t\t\t\t<div class=\"elementor-spacer\">\n\t\t\t<div class=\"elementor-spacer-inner\"><\/div>\n\t\t<\/div>\n\t\t\t\t\t\t<\/div>\n\t\t\t\t<div class=\"elementor-element elementor-element-bf9b822 elementor-widget elementor-widget-heading\" data-id=\"bf9b822\" data-element_type=\"widget\" data-e-type=\"widget\" data-widget_type=\"heading.default\">\n\t\t\t\t\t<h2 class=\"elementor-heading-title elementor-size-default\">F\u00fctterungsempfehlung &amp; Anwendung<\/h2>\t\t\t\t<\/div>\n\t\t\t\t<div class=\"elementor-element elementor-element-10a069a color-scheme-inherit text-left elementor-widget elementor-widget-text-editor\" data-id=\"10a069a\" data-element_type=\"widget\" data-e-type=\"widget\" data-widget_type=\"text-editor.default\">\n\t\t\t\t\t\t\t\t\t<p data-pm-slice=\"1 1 []\">Das Futter eignet sich optimal f\u00fcr <strong>Clarias-Welse und andere carnivore Fischarten<\/strong> in Aquaponik-Systemen. Durch das Schwimmverhalten des Futters l\u00e4sst sich die Futtermenge einfach \u00fcberwachen und anpassen. Je nach Temperatur und Fischbestand sollte die <strong>Filterkapazit\u00e4t entsprechend ber\u00fccksichtigt<\/strong> werden.<\/p><p>\u2714 <strong>Korngr\u00f6\u00dfe:<\/strong> 3 mm<br \/>\u2714 <strong>Preis:<\/strong> pro Kilogramm<\/p>\t\t\t\t\t\t\t\t<\/div>\n\t\t\t\t<div class=\"elementor-element elementor-element-6e700da elementor-widget elementor-widget-spacer\" data-id=\"6e700da\" data-element_type=\"widget\" data-e-type=\"widget\" data-widget_type=\"spacer.default\">\n\t\t\t\t\t\t\t<div class=\"elementor-spacer\">\n\t\t\t<div class=\"elementor-spacer-inner\"><\/div>\n\t\t<\/div>\n\t\t\t\t\t\t<\/div>\n\t\t\t\t<div class=\"elementor-element elementor-element-55a629a9 elementor-widget elementor-widget-heading\" data-id=\"55a629a9\" data-element_type=\"widget\" data-e-type=\"widget\" data-widget_type=\"heading.default\">\n\t\t\t\t\t<h2 class=\"elementor-heading-title elementor-size-default\">Zusammenfassung<\/h2>\t\t\t\t<\/div>\n\t\t\t\t<div class=\"elementor-element elementor-element-6b69141 color-scheme-inherit text-left elementor-widget elementor-widget-text-editor\" data-id=\"6b69141\" data-element_type=\"widget\" data-e-type=\"widget\" data-widget_type=\"text-editor.default\">\n\t\t\t\t\t\t\t\t\t<p data-pm-slice=\"1 1 []\">Unser <strong>Raubwelsfutter 3 mm schwimmend<\/strong> bietet eine perfekt abgestimmte N\u00e4hrstoffversorgung f\u00fcr Clarias-Welse und andere carnivore Fischarten. Die hohe Proteinqualit\u00e4t f\u00f6rdert Wachstum und Vitalit\u00e4t, w\u00e4hrend das Schwimmverhalten eine pr\u00e4zise F\u00fctterung erm\u00f6glicht. Ideal f\u00fcr den Einsatz in Aquaponik-Systemen!<\/p>\t\t\t\t\t\t\t\t<\/div>\n\t\t\t\t\t<\/div>\n\t\t\t\t<\/div>\n\t\t\t\t<\/div>\n\t\t","protected":false},"excerpt":{"rendered":"<p data-pm-slice=\"1 1 []\">Unser <strong>Raubwelsfutter 3 mm schwimmend<\/strong> ist optimal f\u00fcr Welse in Aquaponik. Die spezielle Rezeptur mit tierischem Protein sorgt f\u00fcr optimales Wachstum. Der hohe Proteingehalt (44,85 %) und Phosphoranteil (1,01 %) f\u00f6rdern eine gesunde Entwicklung. Schwimmfutter erleichtert die Dosierung und verhindert Futterverluste. Ideal f\u00fcr Clarias-Welse und andere carnivore Fischarten.<\/p>\n","protected":false},"featured_media":18632,"comment_status":"open","ping_status":"closed","template":"","meta":{"_monsterinsights_skip_tracking":false,"_monsterinsights_sitenote_active":false,"_monsterinsights_sitenote_note":"","_monsterinsights_sitenote_category":0},"product_brand":[],"product_cat":[1311],"product_tag":[1322,1323,1324,1325,1312],"class_list":{"0":"post-18631","1":"product","2":"type-product","3":"status-publish","4":"has-post-thumbnail","6":"product_cat-fischfutter","7":"product_tag-raubwelsfutter","8":"product_tag-schwimmfutter","9":"product_tag-afrikanischer-raubwels","10":"product_tag-3mm","11":"product_tag-fischfutter","12":"pa_hersteller-emsland-aller","14":"first","15":"instock","16":"taxable","17":"shipping-taxable","18":"purchasable","19":"product-type-simple"},"bundled_by":[],"bundle_stock_status":"instock","bundle_stock_quantity":7,"bundle_virtual":false,"bundle_layout":"","bundle_add_to_cart_form_location":"","bundle_editable_in_cart":false,"bundle_sold_individually_context":"","bundle_item_grouping":"","bundle_min_size":"","bundle_max_size":"","bundle_price":[],"bundled_items":[],"bundle_sell_ids":[],"supplier_id":null,"supplier_sku":"","barcode":null,"atum_controlled":true,"out_stock_date":null,"out_stock_threshold":null,"inheritable":false,"inbound_stock":0,"stock_on_hold":0,"sold_today":0,"sales_last_days":50,"reserved_stock":0,"customer_returns":0,"warehouse_damage":0,"lost_in_post":0,"other_logs":0,"out_stock_days":0,"lost_sales":0,"has_location":false,"update_date":"2026-04-14T00:04:37","atum_locations":[],"atum_stock_status":"instock","restock_status":false,"low_stock_amount":"","sales_update_date":"2026-04-14T00:04:37","calc_backorders":null,"tiered_pricing_type":"fixed","tiered_pricing_fixed_rules":{"10":3,"25":2.5,"50":2.2},"tiered_pricing_product_settings":{"layout":"default","base_unit_name":{"singular":null,"plural":null},"default_variation":null},"tiered_pricing_minimum_quantity":null,"tiered_pricing_roles_data":[],"tiered_pricing_percentage_rules":[],"_links":{"self":[{"href":"https:\/\/www.lets-grow.de\/blog\/wp-json\/wp\/v2\/product\/18631","targetHints":{"allow":["GET"]}}],"collection":[{"href":"https:\/\/www.lets-grow.de\/blog\/wp-json\/wp\/v2\/product"}],"about":[{"href":"https:\/\/www.lets-grow.de\/blog\/wp-json\/wp\/v2\/types\/product"}],"replies":[{"embeddable":true,"href":"https:\/\/www.lets-grow.de\/blog\/wp-json\/wp\/v2\/comments?post=18631"}],"version-history":[{"count":2,"href":"https:\/\/www.lets-grow.de\/blog\/wp-json\/wp\/v2\/product\/18631\/revisions"}],"predecessor-version":[{"id":21369,"href":"https:\/\/www.lets-grow.de\/blog\/wp-json\/wp\/v2\/product\/18631\/revisions\/21369"}],"wp:featuredmedia":[{"embeddable":true,"href":"https:\/\/www.lets-grow.de\/blog\/wp-json\/wp\/v2\/media\/18632"}],"wp:attachment":[{"href":"https:\/\/www.lets-grow.de\/blog\/wp-json\/wp\/v2\/media?parent=18631"}],"wp:term":[{"taxonomy":"product_brand","embeddable":true,"href":"https:\/\/www.lets-grow.de\/blog\/wp-json\/wp\/v2\/product_brand?post=18631"},{"taxonomy":"product_cat","embeddable":true,"href":"https:\/\/www.lets-grow.de\/blog\/wp-json\/wp\/v2\/product_cat?post=18631"},{"taxonomy":"product_tag","embeddable":true,"href":"https:\/\/www.lets-grow.de\/blog\/wp-json\/wp\/v2\/product_tag?post=18631"}],"curies":[{"name":"wp","href":"https:\/\/api.w.org\/{rel}","templated":true}]}}