{"id":18624,"date":"2025-02-15T16:49:02","date_gmt":"2025-02-15T15:49:02","guid":{"rendered":"https:\/\/www.lets-grow.de\/blog\/?post_type=product&#038;p=18624"},"modified":"2026-03-18T18:46:44","modified_gmt":"2026-03-18T17:46:44","slug":"pflanzliches-fischfutter-3-4mm","status":"publish","type":"product","link":"https:\/\/www.lets-grow.de\/blog\/shop\/pflanzliches-fischfutter-3-4mm\/","title":{"rendered":"Pflanzliches Fischfutter 3-4mm"},"content":{"rendered":"\t\t<div data-elementor-type=\"product-post\" data-elementor-id=\"18624\" class=\"elementor elementor-18624\" data-elementor-post-type=\"product\">\n\t\t\t\t<div class=\"wd-negative-gap elementor-element elementor-element-43f39ed2 e-flex e-con-boxed e-con e-parent\" data-id=\"43f39ed2\" data-element_type=\"container\" data-e-type=\"container\">\n\t\t\t\t\t<div class=\"e-con-inner\">\n\t\t\t\t<div class=\"elementor-element elementor-element-3873169a elementor-widget elementor-widget-heading\" data-id=\"3873169a\" data-element_type=\"widget\" data-e-type=\"widget\" data-widget_type=\"heading.default\">\n\t\t\t\t\t<h2 class=\"elementor-heading-title elementor-size-default\">Pflanzliches Fischfutter 3\u20134 mm \u2013 Nachhaltige Ern\u00e4hrung f\u00fcr Karpfen &amp; Co.<\/h2>\t\t\t\t<\/div>\n\t\t\t\t<div class=\"elementor-element elementor-element-2f44c771 color-scheme-inherit text-left elementor-widget elementor-widget-text-editor\" data-id=\"2f44c771\" data-element_type=\"widget\" data-e-type=\"widget\" data-widget_type=\"text-editor.default\">\n\t\t\t\t\t\t\t\t\t<p data-pm-slice=\"1 1 []\">Aufgrund der hohen Nachfrage unserer Kunden haben wir gemeinsam mit unserem Hersteller ein <strong>rein pflanzliches Fischfutter<\/strong> entwickelt. Dieses Futter ist speziell f\u00fcr eine <strong>100 % nachhaltige Kultivierung<\/strong> konzipiert und enth\u00e4lt keinerlei Fisch- oder Blutmehl.<\/p><p>Dank der sorgf\u00e4ltig abgestimmten Zusammensetzung sorgt es f\u00fcr eine <strong>gute Wachstumsgeschwindigkeit<\/strong> und eine <strong>gleichbleibend hohe Fleischqualit\u00e4t<\/strong>, wobei die Proteinmenge bewusst reduziert wurde. Da es sich um ein <strong>sinkendes Futter<\/strong> handelt, zerf\u00e4llt es schnell im Wasser und ist ideal f\u00fcr die naturnahe Karpfenhaltung.<\/p>\t\t\t\t\t\t\t\t<\/div>\n\t\t\t\t<div class=\"elementor-element elementor-element-36289bb1 elementor-widget elementor-widget-spacer\" data-id=\"36289bb1\" data-element_type=\"widget\" data-e-type=\"widget\" data-widget_type=\"spacer.default\">\n\t\t\t\t\t\t\t<div class=\"elementor-spacer\">\n\t\t\t<div class=\"elementor-spacer-inner\"><\/div>\n\t\t<\/div>\n\t\t\t\t\t\t<\/div>\n\t\t\t\t<div class=\"elementor-element elementor-element-73e089a1 elementor-widget elementor-widget-heading\" data-id=\"73e089a1\" data-element_type=\"widget\" data-e-type=\"widget\" data-widget_type=\"heading.default\">\n\t\t\t\t\t<h2 class=\"elementor-heading-title elementor-size-default\">Speziell entwickelt f\u00fcr naturnahe Karpfenhaltung<\/h2>\t\t\t\t<\/div>\n\t\t\t\t<div class=\"elementor-element elementor-element-2e6d68b0 color-scheme-inherit text-left elementor-widget elementor-widget-text-editor\" data-id=\"2e6d68b0\" data-element_type=\"widget\" data-e-type=\"widget\" data-widget_type=\"text-editor.default\">\n\t\t\t\t\t\t\t\t\t<p data-pm-slice=\"1 1 []\">Dieses Futter wurde f\u00fcr eine eiwei\u00df- und n\u00e4hrstoffreiche Ern\u00e4hrung konzipiert, ohne auf tierische Proteine zur\u00fcckzugreifen. Die ausgewogene Zusammensetzung sorgt f\u00fcr eine <strong>optimale Futterverwertung<\/strong>, wodurch die Umweltbelastung durch \u00fcbersch\u00fcssige N\u00e4hrstoffe reduziert wird. Durch das pflanzliche Proteinprofil wird das Wachstum leicht verlangsamt, dennoch bleibt die Fleischqualit\u00e4t konstant hoch.<\/p>\t\t\t\t\t\t\t\t<\/div>\n\t\t\t\t<div class=\"elementor-element elementor-element-36333617 elementor-widget elementor-widget-spacer\" data-id=\"36333617\" data-element_type=\"widget\" data-e-type=\"widget\" data-widget_type=\"spacer.default\">\n\t\t\t\t\t\t\t<div class=\"elementor-spacer\">\n\t\t\t<div class=\"elementor-spacer-inner\"><\/div>\n\t\t<\/div>\n\t\t\t\t\t\t<\/div>\n\t\t\t\t<div class=\"elementor-element elementor-element-61fa5635 elementor-widget elementor-widget-heading\" data-id=\"61fa5635\" data-element_type=\"widget\" data-e-type=\"widget\" data-widget_type=\"heading.default\">\n\t\t\t\t\t<h2 class=\"elementor-heading-title elementor-size-default\">Vorteile<\/h2>\t\t\t\t<\/div>\n\t\t\t\t<div class=\"elementor-element elementor-element-245437f0 color-scheme-inherit text-left elementor-widget elementor-widget-text-editor\" data-id=\"245437f0\" data-element_type=\"widget\" data-e-type=\"widget\" data-widget_type=\"text-editor.default\">\n\t\t\t\t\t\t\t\t\t<p data-pm-slice=\"1 1 []\">\u2714 <strong>100 % pflanzliche Inhaltsstoffe<\/strong> \u2013 ohne Fisch- oder Tiermehl<br \/>\u2714 <strong>Ausgewogene N\u00e4hrstoffzusammensetzung<\/strong> f\u00fcr optimales Wachstum<br \/>\u2714 <strong>Hohe Verdaulichkeit<\/strong> \u2013 reduziert R\u00fcckst\u00e4nde im Wasser<br \/>\u2714 <strong>Nachhaltige F\u00fctterung<\/strong> \u2013 ideal f\u00fcr \u00f6kologische Aquakulturen<br \/>\u2714 <strong>Sinkendes Futter<\/strong> \u2013 schnelle Zersetzung ohne tierische Bestandteile<\/p>\t\t\t\t\t\t\t\t<\/div>\n\t\t\t\t<div class=\"elementor-element elementor-element-2717205a elementor-widget elementor-widget-spacer\" data-id=\"2717205a\" data-element_type=\"widget\" data-e-type=\"widget\" data-widget_type=\"spacer.default\">\n\t\t\t\t\t\t\t<div class=\"elementor-spacer\">\n\t\t\t<div class=\"elementor-spacer-inner\"><\/div>\n\t\t<\/div>\n\t\t\t\t\t\t<\/div>\n\t\t\t\t<div class=\"elementor-element elementor-element-1f66f21 elementor-widget elementor-widget-heading\" data-id=\"1f66f21\" data-element_type=\"widget\" data-e-type=\"widget\" data-widget_type=\"heading.default\">\n\t\t\t\t\t<h2 class=\"elementor-heading-title elementor-size-default\">Inhaltsstoffe<\/h2>\t\t\t\t<\/div>\n\t\t\t\t<div class=\"elementor-element elementor-element-5880972 color-scheme-inherit text-left elementor-widget elementor-widget-text-editor\" data-id=\"5880972\" data-element_type=\"widget\" data-e-type=\"widget\" data-widget_type=\"text-editor.default\">\n\t\t\t\t\t\t\t\t\t<ul>>\n \t<li>Sojaextraktionsschrot<\/li>\n<li>Gerste<\/li>\n <li>Weizennachmehl<\/li>\n <li>Gr\u00fcnmehl<\/li>\n<li>Mais<\/li>\n<li>Melasse<\/li>\t<li>Calciumcarbonat<\/li>\n<\/ul>\t\t\t\t\t\t\t\t<\/div>\n\t\t\t\t<div class=\"elementor-element elementor-element-9c25125 elementor-widget elementor-widget-spacer\" data-id=\"9c25125\" data-element_type=\"widget\" data-e-type=\"widget\" data-widget_type=\"spacer.default\">\n\t\t\t\t\t\t\t<div class=\"elementor-spacer\">\n\t\t\t<div class=\"elementor-spacer-inner\"><\/div>\n\t\t<\/div>\n\t\t\t\t\t\t<\/div>\n\t\t\t\t<div class=\"elementor-element elementor-element-99b3e83 elementor-widget elementor-widget-heading\" data-id=\"99b3e83\" data-element_type=\"widget\" data-e-type=\"widget\" data-widget_type=\"heading.default\">\n\t\t\t\t\t<h2 class=\"elementor-heading-title elementor-size-default\">F\u00fctterungsempfehlung &amp; Anwendung<\/h2>\t\t\t\t<\/div>\n\t\t\t\t<div class=\"elementor-element elementor-element-c5bb432 color-scheme-inherit text-left elementor-widget elementor-widget-text-editor\" data-id=\"c5bb432\" data-element_type=\"widget\" data-e-type=\"widget\" data-widget_type=\"text-editor.default\">\n\t\t\t\t\t\t\t\t\t<p data-pm-slice=\"1 1 []\">Das Futter eignet sich hervorragend f\u00fcr Karpfen und andere herbivore Fischarten in Aquakulturen und Teichanlagen. Es kann als <strong>Hauptfutter oder Erg\u00e4nzungsfutter<\/strong> eingesetzt werden und sollte je nach Wassertemperatur und Fischbestand dosiert werden.<\/p><p><strong>Hinweis:<\/strong> Alle enthaltenen Rohstoffe sind <strong>frei von GVO<\/strong> und entsprechen den Verordnungen (EG) 1829\/2003 und 1830\/2003.<\/p><p>\u2714 <strong>Korngr\u00f6\u00dfe:<\/strong> 3\u20134 mm (variiert je nach Verf\u00fcgbarkeit)<br \/>\u2714 <strong>Preis:<\/strong> pro Kilogramm<\/p>\t\t\t\t\t\t\t\t<\/div>\n\t\t\t\t<div class=\"elementor-element elementor-element-5d280c8 elementor-widget elementor-widget-spacer\" data-id=\"5d280c8\" data-element_type=\"widget\" data-e-type=\"widget\" data-widget_type=\"spacer.default\">\n\t\t\t\t\t\t\t<div class=\"elementor-spacer\">\n\t\t\t<div class=\"elementor-spacer-inner\"><\/div>\n\t\t<\/div>\n\t\t\t\t\t\t<\/div>\n\t\t\t\t<div class=\"elementor-element elementor-element-c7be33a elementor-widget elementor-widget-heading\" data-id=\"c7be33a\" data-element_type=\"widget\" data-e-type=\"widget\" data-widget_type=\"heading.default\">\n\t\t\t\t\t<h2 class=\"elementor-heading-title elementor-size-default\">Fazit\n<\/h2>\t\t\t\t<\/div>\n\t\t\t\t<div class=\"elementor-element elementor-element-148224c color-scheme-inherit text-left elementor-widget elementor-widget-text-editor\" data-id=\"148224c\" data-element_type=\"widget\" data-e-type=\"widget\" data-widget_type=\"text-editor.default\">\n\t\t\t\t\t\t\t\t\t<p data-pm-slice=\"1 1 []\">Mit unserem <strong>pflanzlichen Fischfutter 3\u20134 mm<\/strong> entscheidest du dich f\u00fcr eine nachhaltige, umweltfreundliche und qualitativ hochwertige Ern\u00e4hrung f\u00fcr deine Fische. Es bietet eine ideale Balance zwischen Wachstum, Verdaulichkeit und \u00f6kologischer Verantwortung \u2013 ganz ohne Fisch- oder Blutmehl. Perfekt f\u00fcr <strong>Karpfenhalter und umweltbewusste Aquakulturen<\/strong>!<\/p>\t\t\t\t\t\t\t\t<\/div>\n\t\t\t\t\t<\/div>\n\t\t\t\t<\/div>\n\t\t\t\t<\/div>\n\t\t","protected":false},"excerpt":{"rendered":"<p data-pm-slice=\"1 1 []\">Unser <strong>pflanzliches Fischfutter 3\u20134 mm<\/strong> ist eine nachhaltige Alternative ohne Fisch- oder Blutmehl. Mit einer ausgewogenen Rezeptur aus rein pflanzlichen Inhaltsstoffen sorgt es f\u00fcr gutes Wachstum und hohe Fleischqualit\u00e4t. Die hohe Verdaulichkeit reduziert R\u00fcckst\u00e4nde im Wasser. Perfekt f\u00fcr die naturnahe Karpfenhaltung und \u00f6kologische Aquakulturen.<\/p>\n","protected":false},"featured_media":18625,"comment_status":"open","ping_status":"closed","template":"","meta":{"_monsterinsights_skip_tracking":false,"_monsterinsights_sitenote_active":false,"_monsterinsights_sitenote_note":"","_monsterinsights_sitenote_category":0},"product_brand":[],"product_cat":[1311],"product_tag":[1312,1313,1314,1315,1316,1317,1318,1319,1320,1880],"class_list":{"0":"post-18624","1":"product","2":"type-product","3":"status-publish","4":"has-post-thumbnail","6":"product_cat-fischfutter","7":"product_tag-fischfutter","8":"product_tag-pflanzliches-fischfutter","9":"product_tag-nachhaltiges-fischfutter","10":"product_tag-karpfenfutter","11":"product_tag-sinkendes-fischfutter","12":"product_tag-aquakultur-futter","13":"product_tag-tiermehlfreies-futter","14":"product_tag-proteinarmes-fischfutter","15":"product_tag-oekologisches-fischfutter","16":"product_tag-tilapiafutter","17":"pa_hersteller-mifuma","19":"first","20":"instock","21":"taxable","22":"shipping-taxable","23":"purchasable","24":"product-type-simple"},"bundled_by":[],"bundle_stock_status":"instock","bundle_stock_quantity":55,"bundle_virtual":false,"bundle_layout":"","bundle_add_to_cart_form_location":"","bundle_editable_in_cart":false,"bundle_sold_individually_context":"","bundle_item_grouping":"","bundle_min_size":"","bundle_max_size":"","bundle_price":[],"bundled_items":[],"bundle_sell_ids":[],"supplier_id":null,"supplier_sku":"","barcode":null,"atum_controlled":true,"out_stock_date":null,"out_stock_threshold":null,"inheritable":false,"inbound_stock":0,"stock_on_hold":0,"sold_today":0,"sales_last_days":0,"reserved_stock":0,"customer_returns":0,"warehouse_damage":0,"lost_in_post":0,"other_logs":0,"out_stock_days":0,"lost_sales":0,"has_location":false,"update_date":"2026-04-19T00:10:30","atum_locations":[],"atum_stock_status":"instock","restock_status":false,"low_stock_amount":"","sales_update_date":"2026-04-19T00:10:30","calc_backorders":null,"tiered_pricing_type":"fixed","tiered_pricing_fixed_rules":{"5":1.3,"10":1.25,"20":1.2},"tiered_pricing_product_settings":{"layout":"default","base_unit_name":{"singular":null,"plural":null},"default_variation":null},"tiered_pricing_minimum_quantity":null,"tiered_pricing_roles_data":[],"tiered_pricing_percentage_rules":[],"_links":{"self":[{"href":"https:\/\/www.lets-grow.de\/blog\/wp-json\/wp\/v2\/product\/18624","targetHints":{"allow":["GET"]}}],"collection":[{"href":"https:\/\/www.lets-grow.de\/blog\/wp-json\/wp\/v2\/product"}],"about":[{"href":"https:\/\/www.lets-grow.de\/blog\/wp-json\/wp\/v2\/types\/product"}],"replies":[{"embeddable":true,"href":"https:\/\/www.lets-grow.de\/blog\/wp-json\/wp\/v2\/comments?post=18624"}],"version-history":[{"count":1,"href":"https:\/\/www.lets-grow.de\/blog\/wp-json\/wp\/v2\/product\/18624\/revisions"}],"predecessor-version":[{"id":20884,"href":"https:\/\/www.lets-grow.de\/blog\/wp-json\/wp\/v2\/product\/18624\/revisions\/20884"}],"wp:featuredmedia":[{"embeddable":true,"href":"https:\/\/www.lets-grow.de\/blog\/wp-json\/wp\/v2\/media\/18625"}],"wp:attachment":[{"href":"https:\/\/www.lets-grow.de\/blog\/wp-json\/wp\/v2\/media?parent=18624"}],"wp:term":[{"taxonomy":"product_brand","embeddable":true,"href":"https:\/\/www.lets-grow.de\/blog\/wp-json\/wp\/v2\/product_brand?post=18624"},{"taxonomy":"product_cat","embeddable":true,"href":"https:\/\/www.lets-grow.de\/blog\/wp-json\/wp\/v2\/product_cat?post=18624"},{"taxonomy":"product_tag","embeddable":true,"href":"https:\/\/www.lets-grow.de\/blog\/wp-json\/wp\/v2\/product_tag?post=18624"}],"curies":[{"name":"wp","href":"https:\/\/api.w.org\/{rel}","templated":true}]}}