{"id":18558,"date":"2025-02-14T16:58:19","date_gmt":"2025-02-14T15:58:19","guid":{"rendered":"https:\/\/www.lets-grow.de\/blog\/?post_type=product&#038;p=18558"},"modified":"2026-02-04T14:48:33","modified_gmt":"2026-02-04T13:48:33","slug":"microbe-lift-parazoryne-konzentrat","status":"publish","type":"product","link":"https:\/\/www.lets-grow.de\/blog\/shop\/microbe-lift-parazoryne-konzentrat\/","title":{"rendered":"Parazoryne"},"content":{"rendered":"\t\t<div data-elementor-type=\"product-post\" data-elementor-id=\"18558\" class=\"elementor elementor-18558\" data-elementor-post-type=\"product\">\n\t\t\t\t<div class=\"wd-negative-gap elementor-element elementor-element-27727906 e-flex e-con-boxed e-con e-parent\" data-id=\"27727906\" data-element_type=\"container\" data-e-type=\"container\">\n\t\t\t\t\t<div class=\"e-con-inner\">\n\t\t\t\t<div class=\"elementor-element elementor-element-58404ace elementor-widget elementor-widget-heading\" data-id=\"58404ace\" data-element_type=\"widget\" data-e-type=\"widget\" data-widget_type=\"heading.default\">\n\t\t\t\t\t<h2 class=\"elementor-heading-title elementor-size-default\">Parazoryne \u2013 Zuverl\u00e4ssige Parasitenbek\u00e4mpfung f\u00fcr Teich und Aquarium<\/h2>\t\t\t\t<\/div>\n\t\t\t\t<div class=\"elementor-element elementor-element-1b9f57ea color-scheme-inherit text-left elementor-widget elementor-widget-text-editor\" data-id=\"1b9f57ea\" data-element_type=\"widget\" data-e-type=\"widget\" data-widget_type=\"text-editor.default\">\n\t\t\t\t\t\t\t\t\t<p data-start=\"272\" data-end=\"572\"><strong data-start=\"272\" data-end=\"286\">Parazoryne<\/strong> ist ein wirksames Mittel zur Bek\u00e4mpfung g\u00e4ngiger Fischparasiten wie Ichthyophthirius (P\u00fcnktchenkrankheit), Costia, Trichodina, Haut- und Kiemenw\u00fcrmer. Es wurde speziell entwickelt, um Parasiten gezielt und effektiv zu behandeln \u2013 ohne das biologische Gleichgewicht im Wasser zu st\u00f6ren.<\/p><p data-start=\"574\" data-end=\"785\">Die Anwendung ist einfach, die Wirkung schnell und zuverl\u00e4ssig. Parazoryne schont dabei Fische, Mikroorganismen und Biofilterbakterien \u2013 ideal f\u00fcr den langfristigen Erhalt eines gesunden und stabilen \u00d6kosystems.<\/p>\t\t\t\t\t\t\t\t<\/div>\n\t\t\t\t<div class=\"elementor-element elementor-element-40f3dd1d elementor-widget elementor-widget-spacer\" data-id=\"40f3dd1d\" data-element_type=\"widget\" data-e-type=\"widget\" data-widget_type=\"spacer.default\">\n\t\t\t\t\t\t\t<div class=\"elementor-spacer\">\n\t\t\t<div class=\"elementor-spacer-inner\"><\/div>\n\t\t<\/div>\n\t\t\t\t\t\t<\/div>\n\t\t\t\t<div class=\"elementor-element elementor-element-1df63ed7 elementor-widget elementor-widget-heading\" data-id=\"1df63ed7\" data-element_type=\"widget\" data-e-type=\"widget\" data-widget_type=\"heading.default\">\n\t\t\t\t\t<h2 class=\"elementor-heading-title elementor-size-default\">Erh\u00e4ltlich in zwei Varianten<\/h2>\t\t\t\t<\/div>\n\t\t\t\t<div class=\"elementor-element elementor-element-7b39770 color-scheme-inherit text-left elementor-widget elementor-widget-text-editor\" data-id=\"7b39770\" data-element_type=\"widget\" data-e-type=\"widget\" data-widget_type=\"text-editor.default\">\n\t\t\t\t\t\t\t\t\t<ul>\n \t<li data-start=\"831\" data-end=\"897\"><strong data-start=\"831\" data-end=\"859\">Parazoryne 0,5\u202fL (1:20):<\/strong> Dosierung: 1\u202fml auf 20\u202fLiter Wasser<\/li>\n \t<li data-start=\"831\" data-end=\"897\"><strong data-start=\"900\" data-end=\"938\">Parazoryne Konzentrat 1\u202fL (1:100):<\/strong> Dosierung: 1\u202fml auf 100\u202fLiter Wasser<\/li>\n<\/ul>\t\t\t\t\t\t\t\t<\/div>\n\t\t\t\t<div class=\"elementor-element elementor-element-25597f9 elementor-widget elementor-widget-spacer\" data-id=\"25597f9\" data-element_type=\"widget\" data-e-type=\"widget\" data-widget_type=\"spacer.default\">\n\t\t\t\t\t\t\t<div class=\"elementor-spacer\">\n\t\t\t<div class=\"elementor-spacer-inner\"><\/div>\n\t\t<\/div>\n\t\t\t\t\t\t<\/div>\n\t\t\t\t<div class=\"elementor-element elementor-element-135c48d elementor-widget elementor-widget-heading\" data-id=\"135c48d\" data-element_type=\"widget\" data-e-type=\"widget\" data-widget_type=\"heading.default\">\n\t\t\t\t\t<h2 class=\"elementor-heading-title elementor-size-default\">Anwendungen<\/h2>\t\t\t\t<\/div>\n\t\t\t\t<div class=\"elementor-element elementor-element-4790023d color-scheme-inherit text-left elementor-widget elementor-widget-text-editor\" data-id=\"4790023d\" data-element_type=\"widget\" data-e-type=\"widget\" data-widget_type=\"text-editor.default\">\n\t\t\t\t\t\t\t\t\t<ul><li data-start=\"1212\" data-end=\"1327\"><p data-start=\"1214\" data-end=\"1327\">Bei starkem Parasitenbefall kann die Dosierung angepasst und die Behandlung nach einigen Tagen wiederholt werden.<\/p><\/li><li data-start=\"1328\" data-end=\"1427\"><p data-start=\"1330\" data-end=\"1427\">Parazoryne wirkt gezielt gegen Parasiten, ohne Fische oder n\u00fctzliche Mikroorganismen zu belasten.<\/p><\/li><li data-start=\"1428\" data-end=\"1515\"><p data-start=\"1430\" data-end=\"1515\">F\u00fcr eine effektive Bek\u00e4mpfung sollte die gesamte Behandlungskur abgeschlossen werden.<\/p><\/li><\/ul>\t\t\t\t\t\t\t\t<\/div>\n\t\t\t\t<div class=\"elementor-element elementor-element-3b16599d elementor-widget elementor-widget-spacer\" data-id=\"3b16599d\" data-element_type=\"widget\" data-e-type=\"widget\" data-widget_type=\"spacer.default\">\n\t\t\t\t\t\t\t<div class=\"elementor-spacer\">\n\t\t\t<div class=\"elementor-spacer-inner\"><\/div>\n\t\t<\/div>\n\t\t\t\t\t\t<\/div>\n\t\t\t\t<div class=\"elementor-element elementor-element-881d98c elementor-widget elementor-widget-heading\" data-id=\"881d98c\" data-element_type=\"widget\" data-e-type=\"widget\" data-widget_type=\"heading.default\">\n\t\t\t\t\t<h2 class=\"elementor-heading-title elementor-size-default\">Vorteile<\/h2>\t\t\t\t<\/div>\n\t\t\t\t<div class=\"elementor-element elementor-element-32cb60c3 color-scheme-inherit text-left elementor-widget elementor-widget-text-editor\" data-id=\"32cb60c3\" data-element_type=\"widget\" data-e-type=\"widget\" data-widget_type=\"text-editor.default\">\n\t\t\t\t\t\t\t\t\t<ul><li data-start=\"1445\" data-end=\"1582\">Schnelle<strong data-start=\"1447\" data-end=\"1493\"> und effektive Parasitenbek\u00e4mpfung<\/strong>: Wirkt gegen eine Vielzahl von Parasiten, einschlie\u00dflich Ichthyo, Costia und Trichodina.<\/li><li data-start=\"1583\" data-end=\"1705\"><strong data-start=\"1585\" data-end=\"1616\">F\u00f6rdert die Fischgesundheit<\/strong>: Bek\u00e4mpft sch\u00e4dliche Parasiten und reduziert das Risiko von Infektionen und Krankheiten.<\/li><li data-start=\"1706\" data-end=\"1787\"><strong data-start=\"1708\" data-end=\"1730\">Einfache Anwendung<\/strong>: Das Konzentrat l\u00e4sst sich leicht dosieren und anwenden.<\/li><li data-start=\"1788\" data-end=\"1933\"><strong data-start=\"1790\" data-end=\"1824\">Schonend f\u00fcr Wasser und Fische<\/strong>: Parazoryne Konzentrat wirkt gezielt gegen Parasiten, ohne das biologische Gleichgewicht zu beeintr\u00e4chtigen.<\/li><li data-start=\"1788\" data-end=\"1933\"><strong>Schont Mikroorganismen:<\/strong> Greift nitrifizierende Bakterien (Biofilterbakterien) nicht an<\/li><\/ul>\t\t\t\t\t\t\t\t<\/div>\n\t\t\t\t<div class=\"elementor-element elementor-element-499786ea elementor-widget elementor-widget-spacer\" data-id=\"499786ea\" data-element_type=\"widget\" data-e-type=\"widget\" data-widget_type=\"spacer.default\">\n\t\t\t\t\t\t\t<div class=\"elementor-spacer\">\n\t\t\t<div class=\"elementor-spacer-inner\"><\/div>\n\t\t<\/div>\n\t\t\t\t\t\t<\/div>\n\t\t\t\t<div class=\"elementor-element elementor-element-28df095 elementor-widget elementor-widget-heading\" data-id=\"28df095\" data-element_type=\"widget\" data-e-type=\"widget\" data-widget_type=\"heading.default\">\n\t\t\t\t\t<h2 class=\"elementor-heading-title elementor-size-default\">Einsetzbar bei folgenden Krankheiten<\/h2>\t\t\t\t<\/div>\n\t\t\t\t<div class=\"elementor-element elementor-element-6ee46c1 color-scheme-inherit text-left elementor-widget elementor-widget-text-editor\" data-id=\"6ee46c1\" data-element_type=\"widget\" data-e-type=\"widget\" data-widget_type=\"text-editor.default\">\n\t\t\t\t\t\t\t\t\t<ul><li>Hautw\u00fcrmer (Gyrodactylus)<\/li><li>Kiemenw\u00fcrmer (Dactylogyrus)<\/li><li>Oodinium<\/li><li>P\u00fcnktchen Krankheit (Ichthyophthirius multifillis)<\/li><li>Costia (Ichtyobodo necator)<\/li><li>Chilodonella und Trichodina<\/li><\/ul>\t\t\t\t\t\t\t\t<\/div>\n\t\t\t\t<div class=\"elementor-element elementor-element-efb7f2f elementor-widget elementor-widget-spacer\" data-id=\"efb7f2f\" data-element_type=\"widget\" data-e-type=\"widget\" data-widget_type=\"spacer.default\">\n\t\t\t\t\t\t\t<div class=\"elementor-spacer\">\n\t\t\t<div class=\"elementor-spacer-inner\"><\/div>\n\t\t<\/div>\n\t\t\t\t\t\t<\/div>\n\t\t\t\t<div class=\"elementor-element elementor-element-5ce3a78b elementor-widget elementor-widget-heading\" data-id=\"5ce3a78b\" data-element_type=\"widget\" data-e-type=\"widget\" data-widget_type=\"heading.default\">\n\t\t\t\t\t<h2 class=\"elementor-heading-title elementor-size-default\">Zusammenfassung<\/h2>\t\t\t\t<\/div>\n\t\t\t\t<div class=\"elementor-element elementor-element-29fb2d1e color-scheme-inherit text-left elementor-widget elementor-widget-text-editor\" data-id=\"29fb2d1e\" data-element_type=\"widget\" data-e-type=\"widget\" data-widget_type=\"text-editor.default\">\n\t\t\t\t\t\t\t\t\t<p><strong data-start=\"2199\" data-end=\"2213\">Parazoryne<\/strong> ist die ideale Wahl f\u00fcr Aquarianer und Teichbesitzer, die eine effektive, aber schonende L\u00f6sung zur Parasitenbek\u00e4mpfung suchen. Dank der Wahl zwischen Normal- und Konzentrat-Variante l\u00e4sst sich das Mittel optimal auf die jeweilige Beckengr\u00f6\u00dfe und Intensit\u00e4t des Befalls abstimmen. Ihre Fische danken es Ihnen mit Vitalit\u00e4t und Gesundheit \u2013 in einem klaren, stabilen Wasserklima.<\/p>\t\t\t\t\t\t\t\t<\/div>\n\t\t\t\t\t<\/div>\n\t\t\t\t<\/div>\n\t\t\t\t<\/div>\n\t\t","protected":false},"excerpt":{"rendered":"<p>Parazoryne \u2013 Zuverl\u00e4ssige Parasitenbek\u00e4mpfung f\u00fcr Teich und Aquarium Parazoryne ist ein wirksames Mittel zur Bek\u00e4mpfung g\u00e4ngiger Fischparasiten wie Ichthyophthirius (P\u00fcnktchenkrankheit),<\/p>\n","protected":false},"featured_media":18559,"comment_status":"open","ping_status":"closed","template":"","meta":{"_monsterinsights_skip_tracking":false,"_monsterinsights_sitenote_active":false,"_monsterinsights_sitenote_note":"","_monsterinsights_sitenote_category":0},"product_brand":[],"product_cat":[1272],"product_tag":[1275,1276,1277,1278,1279,1180,1280,1254,1281,1273,1274],"class_list":{"0":"post-18558","1":"product","2":"type-product","3":"status-publish","4":"has-post-thumbnail","6":"product_cat-fischpflegemittel","7":"product_tag-parazoryne","8":"product_tag-parasitenbekaempfung","9":"product_tag-ichthyo","10":"product_tag-costia","11":"product_tag-trichodina","12":"product_tag-aquarienpflege","13":"product_tag-fischgesundheit","14":"product_tag-teichpflege","15":"product_tag-parasiten-im-teich","16":"product_tag-konzentrat","17":"product_tag-krankheiten","18":"pa_hersteller-microbe-lift","20":"first","21":"instock","22":"taxable","23":"shipping-taxable","24":"purchasable","25":"product-type-variable"},"bundled_by":[],"bundle_stock_status":"instock","bundle_stock_quantity":null,"bundle_virtual":false,"bundle_layout":"","bundle_add_to_cart_form_location":"","bundle_editable_in_cart":false,"bundle_sold_individually_context":"","bundle_item_grouping":"","bundle_min_size":"","bundle_max_size":"","bundle_price":[],"bundled_items":[],"bundle_sell_ids":[],"supplier_id":null,"supplier_sku":"","barcode":null,"atum_controlled":true,"out_stock_date":null,"out_stock_threshold":null,"inheritable":true,"inbound_stock":0,"stock_on_hold":0,"sold_today":0,"sales_last_days":0,"reserved_stock":0,"customer_returns":0,"warehouse_damage":0,"lost_in_post":0,"other_logs":0,"out_stock_days":0,"lost_sales":0,"has_location":false,"update_date":"2026-04-21T00:10:40","atum_locations":[],"atum_stock_status":"instock","restock_status":false,"low_stock_amount":"","sales_update_date":"2026-04-21T00:10:40","calc_backorders":null,"tiered_pricing_type":"fixed","tiered_pricing_fixed_rules":[],"tiered_pricing_product_settings":{"layout":"default","base_unit_name":{"singular":null,"plural":null},"default_variation":null},"tiered_pricing_minimum_quantity":null,"tiered_pricing_roles_data":[],"tiered_pricing_percentage_rules":[],"_links":{"self":[{"href":"https:\/\/www.lets-grow.de\/blog\/wp-json\/wp\/v2\/product\/18558","targetHints":{"allow":["GET"]}}],"collection":[{"href":"https:\/\/www.lets-grow.de\/blog\/wp-json\/wp\/v2\/product"}],"about":[{"href":"https:\/\/www.lets-grow.de\/blog\/wp-json\/wp\/v2\/types\/product"}],"replies":[{"embeddable":true,"href":"https:\/\/www.lets-grow.de\/blog\/wp-json\/wp\/v2\/comments?post=18558"}],"version-history":[{"count":0,"href":"https:\/\/www.lets-grow.de\/blog\/wp-json\/wp\/v2\/product\/18558\/revisions"}],"wp:featuredmedia":[{"embeddable":true,"href":"https:\/\/www.lets-grow.de\/blog\/wp-json\/wp\/v2\/media\/18559"}],"wp:attachment":[{"href":"https:\/\/www.lets-grow.de\/blog\/wp-json\/wp\/v2\/media?parent=18558"}],"wp:term":[{"taxonomy":"product_brand","embeddable":true,"href":"https:\/\/www.lets-grow.de\/blog\/wp-json\/wp\/v2\/product_brand?post=18558"},{"taxonomy":"product_cat","embeddable":true,"href":"https:\/\/www.lets-grow.de\/blog\/wp-json\/wp\/v2\/product_cat?post=18558"},{"taxonomy":"product_tag","embeddable":true,"href":"https:\/\/www.lets-grow.de\/blog\/wp-json\/wp\/v2\/product_tag?post=18558"}],"curies":[{"name":"wp","href":"https:\/\/api.w.org\/{rel}","templated":true}]}}