{"id":18551,"date":"2025-02-14T16:46:37","date_gmt":"2025-02-14T15:46:37","guid":{"rendered":"https:\/\/www.lets-grow.de\/blog\/?post_type=product&#038;p=18551"},"modified":"2026-04-10T23:10:42","modified_gmt":"2026-04-10T21:10:42","slug":"microbe-lift-sludge-away-1l","status":"publish","type":"product","link":"https:\/\/www.lets-grow.de\/blog\/shop\/microbe-lift-sludge-away-1l\/","title":{"rendered":"Microbe-Lift Sludge-Away"},"content":{"rendered":"\t\t<div data-elementor-type=\"product-post\" data-elementor-id=\"18551\" class=\"elementor elementor-18551\" data-elementor-post-type=\"product\">\n\t\t\t\t<div class=\"wd-negative-gap elementor-element elementor-element-599c9927 e-flex e-con-boxed e-con e-parent\" data-id=\"599c9927\" data-element_type=\"container\" data-e-type=\"container\">\n\t\t\t\t\t<div class=\"e-con-inner\">\n\t\t\t\t<div class=\"elementor-element elementor-element-bc45f7d elementor-widget elementor-widget-heading\" data-id=\"bc45f7d\" data-element_type=\"widget\" data-e-type=\"widget\" data-widget_type=\"heading.default\">\n\t\t\t\t\t<h2 class=\"elementor-heading-title elementor-size-default\">Microbe-Lift Sludge-Away \u2013 Schlammentferner f\u00fcr Teiche und Growbeds<\/h2>\t\t\t\t<\/div>\n\t\t\t\t<div class=\"elementor-element elementor-element-5227c350 color-scheme-inherit text-left elementor-widget elementor-widget-text-editor\" data-id=\"5227c350\" data-element_type=\"widget\" data-e-type=\"widget\" data-widget_type=\"text-editor.default\">\n\t\t\t\t\t\t\t\t\t<p>Microbe-Lift Sludge-Away ist die ideale L\u00f6sung, um Teiche und Aquarien von \u00fcbersch\u00fcssigem Schlamm und Mulm zu befreien. Das Produkt basiert auf nat\u00fcrlichen Bakterienkulturen, die organische Abf\u00e4lle effizient abbauen und in unsch\u00e4dliche Substanzen umwandeln. Es sorgt f\u00fcr eine bessere Wasserqualit\u00e4t und hilft dabei, das biologische Gleichgewicht im Wasser zu bewahren.<\/p>\t\t\t\t\t\t\t\t<\/div>\n\t\t\t\t<div class=\"elementor-element elementor-element-30aa294c elementor-widget elementor-widget-spacer\" data-id=\"30aa294c\" data-element_type=\"widget\" data-e-type=\"widget\" data-widget_type=\"spacer.default\">\n\t\t\t\t\t\t\t<div class=\"elementor-spacer\">\n\t\t\t<div class=\"elementor-spacer-inner\"><\/div>\n\t\t<\/div>\n\t\t\t\t\t\t<\/div>\n\t\t\t\t<div class=\"elementor-element elementor-element-1a794a61 elementor-widget elementor-widget-heading\" data-id=\"1a794a61\" data-element_type=\"widget\" data-e-type=\"widget\" data-widget_type=\"heading.default\">\n\t\t\t\t\t<h2 class=\"elementor-heading-title elementor-size-default\">Anwendungen<\/h2>\t\t\t\t<\/div>\n\t\t\t\t<div class=\"elementor-element elementor-element-3cbb87c2 color-scheme-inherit text-left elementor-widget elementor-widget-text-editor\" data-id=\"3cbb87c2\" data-element_type=\"widget\" data-e-type=\"widget\" data-widget_type=\"text-editor.default\">\n\t\t\t\t\t\t\t\t\t<ul><li data-start=\"1919\" data-end=\"2144\"><strong data-start=\"1921\" data-end=\"1934\">Dosierung<\/strong>:<ul data-start=\"1940\" data-end=\"2144\"><li data-start=\"1940\" data-end=\"1996\"><strong data-start=\"1942\" data-end=\"1960\">Basisdosierung<\/strong>: 100 ml pro 1250 Liter Teichwasser.<\/li><li data-start=\"1999\" data-end=\"2063\"><strong data-start=\"2001\" data-end=\"2017\">Erster Monat<\/strong>: 100 ml pro 1250 Liter Teichwasser pro Woche.<\/li><li data-start=\"2066\" data-end=\"2144\"><strong data-start=\"2068\" data-end=\"2092\">Ab dem zweiten Monat<\/strong>: Einmal im Monat 100 ml pro 1250 Liter Teichwasser.<\/li><\/ul><\/li><li data-start=\"2145\" data-end=\"2347\">Geben Sie das Produkt direkt ins Teich- oder Aquariumwasser. Die Dosierung richtet sich nach der Teichgr\u00f6\u00dfe und der Menge an Schlamm. F\u00fcr optimale Ergebnisse wird eine regelm\u00e4\u00dfige Anwendung empfohlen.<\/li><\/ul>\t\t\t\t\t\t\t\t<\/div>\n\t\t\t\t<div class=\"elementor-element elementor-element-28a80819 elementor-widget elementor-widget-spacer\" data-id=\"28a80819\" data-element_type=\"widget\" data-e-type=\"widget\" data-widget_type=\"spacer.default\">\n\t\t\t\t\t\t\t<div class=\"elementor-spacer\">\n\t\t\t<div class=\"elementor-spacer-inner\"><\/div>\n\t\t<\/div>\n\t\t\t\t\t\t<\/div>\n\t\t\t\t<div class=\"elementor-element elementor-element-610d2b81 elementor-widget elementor-widget-heading\" data-id=\"610d2b81\" data-element_type=\"widget\" data-e-type=\"widget\" data-widget_type=\"heading.default\">\n\t\t\t\t\t<h2 class=\"elementor-heading-title elementor-size-default\">Vorteile<\/h2>\t\t\t\t<\/div>\n\t\t\t\t<div class=\"elementor-element elementor-element-4d2f3e42 color-scheme-inherit text-left elementor-widget elementor-widget-text-editor\" data-id=\"4d2f3e42\" data-element_type=\"widget\" data-e-type=\"widget\" data-widget_type=\"text-editor.default\">\n\t\t\t\t\t\t\t\t\t<ul><li data-start=\"1375\" data-end=\"1509\"><strong data-start=\"1377\" data-end=\"1408\">Effektive Schlammentfernung<\/strong>: Entfernt schnell und effektiv Schlamm, Mulm und andere organische Abf\u00e4lle aus Teichen und Aquarien.<\/li><li data-start=\"1510\" data-end=\"1671\"><strong data-start=\"1512\" data-end=\"1542\">F\u00f6rdert die Wasserqualit\u00e4t<\/strong>: Unterst\u00fctzt die Verbesserung der Wasserqualit\u00e4t, indem es organische R\u00fcckst\u00e4nde abbaut und so das Wachstum von Algen reduziert.<\/li><li data-start=\"1672\" data-end=\"1761\"><strong data-start=\"1674\" data-end=\"1696\">Einfache Anwendung<\/strong>: Kann direkt ins Wasser gegeben werden und ist leicht dosierbar.<\/li><li data-start=\"1762\" data-end=\"1901\"><strong data-start=\"1764\" data-end=\"1787\">Biologische Wirkung<\/strong>: Verwendet nat\u00fcrliche Bakterien, die den biologischen Abbau von Abf\u00e4llen f\u00f6rdern und die Teichpflege erleichtern.<\/li><\/ul>\t\t\t\t\t\t\t\t<\/div>\n\t\t\t\t<div class=\"elementor-element elementor-element-4feeb163 elementor-widget elementor-widget-spacer\" data-id=\"4feeb163\" data-element_type=\"widget\" data-e-type=\"widget\" data-widget_type=\"spacer.default\">\n\t\t\t\t\t\t\t<div class=\"elementor-spacer\">\n\t\t\t<div class=\"elementor-spacer-inner\"><\/div>\n\t\t<\/div>\n\t\t\t\t\t\t<\/div>\n\t\t\t\t<div class=\"elementor-element elementor-element-18ddb1ac elementor-widget elementor-widget-heading\" data-id=\"18ddb1ac\" data-element_type=\"widget\" data-e-type=\"widget\" data-widget_type=\"heading.default\">\n\t\t\t\t\t<h2 class=\"elementor-heading-title elementor-size-default\">Zusammenfassung<\/h2>\t\t\t\t<\/div>\n\t\t\t\t<div class=\"elementor-element elementor-element-706ff4e0 color-scheme-inherit text-left elementor-widget elementor-widget-text-editor\" data-id=\"706ff4e0\" data-element_type=\"widget\" data-e-type=\"widget\" data-widget_type=\"text-editor.default\">\n\t\t\t\t\t\t\t\t\t<p>Microbe-Lift Sludge-Away ist ein unverzichtbares Produkt f\u00fcr Teich- und Aquarienbesitzer, die eine einfache und effektive L\u00f6sung zur Entfernung von Schlamm und Mulm suchen. Es f\u00f6rdert eine bessere Wasserqualit\u00e4t, reduziert das Algenwachstum und tr\u00e4gt zur Schaffung eines gesunden, ausgewogenen \u00d6kosystems bei. Mit der regelm\u00e4\u00dfigen Anwendung k\u00f6nnen Sie sich auf eine m\u00fchelose Teich- und Aquarienpflege verlassen.<\/p>\t\t\t\t\t\t\t\t<\/div>\n\t\t\t\t\t<\/div>\n\t\t\t\t<\/div>\n\t\t\t\t<\/div>\n\t\t","protected":false},"excerpt":{"rendered":"<p>Microbe-Lift Sludge-Away ist ein hochwirksames Produkt zur Entfernung von Schlamm, Mulm und organischen Abf\u00e4llen in Teichen und Aquarien. Es enth\u00e4lt nat\u00fcrliche Bakterienkulturen, die organische R\u00fcckst\u00e4nde abbauen und die Wasserqualit\u00e4t verbessern. Durch regelm\u00e4\u00dfige Anwendung wird das Wachstum von Algen und sch\u00e4dlichen Stoffen reduziert und die Teichpflege vereinfacht.<\/p>\n","protected":false},"featured_media":18552,"comment_status":"open","ping_status":"closed","template":"","meta":{"_monsterinsights_skip_tracking":false,"_monsterinsights_sitenote_active":false,"_monsterinsights_sitenote_note":"","_monsterinsights_sitenote_category":0},"product_brand":[],"product_cat":[433],"product_tag":[1268,1269,1070,1180,1182,1252,1254,1264,1265,1266,1267],"class_list":{"0":"post-18551","1":"product","2":"type-product","3":"status-publish","4":"has-post-thumbnail","6":"product_cat-filterung-naehrstoffe","7":"product_tag-biologische-abbauhilfe","8":"product_tag-aquarienreinigung","9":"product_tag-biologie","10":"product_tag-aquarienpflege","11":"product_tag-microbe-lift","12":"product_tag-teichreinigung","13":"product_tag-teichpflege","14":"product_tag-sludge-away","15":"product_tag-schlammentferner","16":"product_tag-mulm-entfernen","17":"product_tag-wasserqualitaet-verbessern","18":"pa_hersteller-microbe-lift","20":"first","21":"instock","22":"taxable","23":"shipping-taxable","24":"purchasable","25":"product-type-simple"},"bundled_by":[],"bundle_stock_status":"instock","bundle_stock_quantity":1,"bundle_virtual":false,"bundle_layout":"","bundle_add_to_cart_form_location":"","bundle_editable_in_cart":false,"bundle_sold_individually_context":"","bundle_item_grouping":"","bundle_min_size":"","bundle_max_size":"","bundle_price":[],"bundled_items":[],"bundle_sell_ids":[],"supplier_id":null,"supplier_sku":"","barcode":null,"atum_controlled":true,"out_stock_date":null,"out_stock_threshold":null,"inheritable":false,"inbound_stock":0,"stock_on_hold":0,"sold_today":0,"sales_last_days":1,"reserved_stock":0,"customer_returns":0,"warehouse_damage":0,"lost_in_post":0,"other_logs":0,"out_stock_days":0,"lost_sales":0,"has_location":false,"update_date":"2026-04-15T00:05:30","atum_locations":[],"atum_stock_status":"instock","restock_status":true,"low_stock_amount":"","sales_update_date":"2026-04-15T00:05:30","calc_backorders":null,"tiered_pricing_type":"fixed","tiered_pricing_fixed_rules":[],"tiered_pricing_product_settings":{"layout":"default","base_unit_name":{"singular":null,"plural":null},"default_variation":null},"tiered_pricing_minimum_quantity":null,"tiered_pricing_roles_data":[],"tiered_pricing_percentage_rules":[],"_links":{"self":[{"href":"https:\/\/www.lets-grow.de\/blog\/wp-json\/wp\/v2\/product\/18551","targetHints":{"allow":["GET"]}}],"collection":[{"href":"https:\/\/www.lets-grow.de\/blog\/wp-json\/wp\/v2\/product"}],"about":[{"href":"https:\/\/www.lets-grow.de\/blog\/wp-json\/wp\/v2\/types\/product"}],"replies":[{"embeddable":true,"href":"https:\/\/www.lets-grow.de\/blog\/wp-json\/wp\/v2\/comments?post=18551"}],"version-history":[{"count":0,"href":"https:\/\/www.lets-grow.de\/blog\/wp-json\/wp\/v2\/product\/18551\/revisions"}],"wp:featuredmedia":[{"embeddable":true,"href":"https:\/\/www.lets-grow.de\/blog\/wp-json\/wp\/v2\/media\/18552"}],"wp:attachment":[{"href":"https:\/\/www.lets-grow.de\/blog\/wp-json\/wp\/v2\/media?parent=18551"}],"wp:term":[{"taxonomy":"product_brand","embeddable":true,"href":"https:\/\/www.lets-grow.de\/blog\/wp-json\/wp\/v2\/product_brand?post=18551"},{"taxonomy":"product_cat","embeddable":true,"href":"https:\/\/www.lets-grow.de\/blog\/wp-json\/wp\/v2\/product_cat?post=18551"},{"taxonomy":"product_tag","embeddable":true,"href":"https:\/\/www.lets-grow.de\/blog\/wp-json\/wp\/v2\/product_tag?post=18551"}],"curies":[{"name":"wp","href":"https:\/\/api.w.org\/{rel}","templated":true}]}}