{"id":18530,"date":"2025-02-14T16:29:11","date_gmt":"2025-02-14T15:29:11","guid":{"rendered":"https:\/\/www.lets-grow.de\/blog\/?post_type=product&#038;p=18530"},"modified":"2025-05-07T15:39:57","modified_gmt":"2025-05-07T13:39:57","slug":"microbe-lift-clean-and-clear","status":"publish","type":"product","link":"https:\/\/www.lets-grow.de\/blog\/shop\/microbe-lift-clean-and-clear\/","title":{"rendered":"Microbe-Lift Clean &#038; Clear"},"content":{"rendered":"\t\t<div data-elementor-type=\"product-post\" data-elementor-id=\"18530\" class=\"elementor elementor-18530\" data-elementor-post-type=\"product\">\n\t\t\t\t<div class=\"wd-negative-gap elementor-element elementor-element-27b9dba3 e-flex e-con-boxed e-con e-parent\" data-id=\"27b9dba3\" data-element_type=\"container\" data-e-type=\"container\">\n\t\t\t\t\t<div class=\"e-con-inner\">\n\t\t\t\t<div class=\"elementor-element elementor-element-62078d18 elementor-widget elementor-widget-heading\" data-id=\"62078d18\" data-element_type=\"widget\" data-e-type=\"widget\" data-widget_type=\"heading.default\">\n\t\t\t\t\t<h2 class=\"elementor-heading-title elementor-size-default\">Microbe-Lift Clean and Clear - Klares und gesundes Teichwasser<\/h2>\t\t\t\t<\/div>\n\t\t\t\t<div class=\"elementor-element elementor-element-447254af color-scheme-inherit text-left elementor-widget elementor-widget-text-editor\" data-id=\"447254af\" data-element_type=\"widget\" data-e-type=\"widget\" data-widget_type=\"text-editor.default\">\n\t\t\t\t\t\t\t\t\t<p data-start=\"735\" data-end=\"1073\">Microbe-Lift Clean &amp; Clear ist die perfekte L\u00f6sung f\u00fcr dauerhaft klares und gesundes Teichwasser. Die speziell ausgew\u00e4hlten <strong data-start=\"859\" data-end=\"890\">nat\u00fcrlichen Bakterienst\u00e4mme<\/strong> bauen organische Ablagerungen ab, reduzieren Mulm und verbessern die Wasserqualit\u00e4t. Dadurch wird das <strong data-start=\"993\" data-end=\"1018\">Algenwachstum gehemmt<\/strong> und das biologische Gleichgewicht im Teich gest\u00e4rkt.<\/p><p data-start=\"1075\" data-end=\"1244\">Ideal f\u00fcr Teiche, Schwimmteiche, Naturpools und Aquaponik-Systeme. Durch regelm\u00e4\u00dfige Anwendung bleibt das Wasser <strong data-start=\"1188\" data-end=\"1204\">kristallklar<\/strong> und frei von unerw\u00fcnschten Tr\u00fcbungen.<\/p>\t\t\t\t\t\t\t\t<\/div>\n\t\t\t\t<div class=\"elementor-element elementor-element-2662430 elementor-widget elementor-widget-spacer\" data-id=\"2662430\" data-element_type=\"widget\" data-e-type=\"widget\" data-widget_type=\"spacer.default\">\n\t\t\t\t\t\t\t<div class=\"elementor-spacer\">\n\t\t\t<div class=\"elementor-spacer-inner\"><\/div>\n\t\t<\/div>\n\t\t\t\t\t\t<\/div>\n\t\t\t\t<div class=\"elementor-element elementor-element-18405095 elementor-widget elementor-widget-heading\" data-id=\"18405095\" data-element_type=\"widget\" data-e-type=\"widget\" data-widget_type=\"heading.default\">\n\t\t\t\t\t<h2 class=\"elementor-heading-title elementor-size-default\">Anwendungen<\/h2>\t\t\t\t<\/div>\n\t\t\t\t<div class=\"elementor-element elementor-element-7a1262ad color-scheme-inherit text-left elementor-widget elementor-widget-text-editor\" data-id=\"7a1262ad\" data-element_type=\"widget\" data-e-type=\"widget\" data-widget_type=\"text-editor.default\">\n\t\t\t\t\t\t\t\t\t<p>Einfach die empfohlene Dosierung direkt ins Wasser geben. Die Bakterienkulturen aktivieren sich und beginnen sofort mit der biologischen Reinigung.<\/p>\t\t\t\t\t\t\t\t<\/div>\n\t\t\t\t<div class=\"elementor-element elementor-element-5dc9da6e elementor-widget elementor-widget-spacer\" data-id=\"5dc9da6e\" data-element_type=\"widget\" data-e-type=\"widget\" data-widget_type=\"spacer.default\">\n\t\t\t\t\t\t\t<div class=\"elementor-spacer\">\n\t\t\t<div class=\"elementor-spacer-inner\"><\/div>\n\t\t<\/div>\n\t\t\t\t\t\t<\/div>\n\t\t\t\t<div class=\"elementor-element elementor-element-191ca80 elementor-widget elementor-widget-heading\" data-id=\"191ca80\" data-element_type=\"widget\" data-e-type=\"widget\" data-widget_type=\"heading.default\">\n\t\t\t\t\t<h2 class=\"elementor-heading-title elementor-size-default\">Vorteile<\/h2>\t\t\t\t<\/div>\n\t\t\t\t<div class=\"elementor-element elementor-element-3f76f5e3 color-scheme-inherit text-left elementor-widget elementor-widget-text-editor\" data-id=\"3f76f5e3\" data-element_type=\"widget\" data-e-type=\"widget\" data-widget_type=\"text-editor.default\">\n\t\t\t\t\t\t\t\t\t<p>\u2705 Reduziert Mulm &amp; organische Ablagerungen<br data-start=\"1307\" data-end=\"1310\" \/>\u2705 Verbessert die Wasserqualit\u00e4t nachhaltig<br data-start=\"1352\" data-end=\"1355\" \/>\u2705 Hemmt das Algenwachstum biologisch<br data-start=\"1391\" data-end=\"1394\" \/>\u2705 F\u00f6rdert den Schadstoffabbau durch Mikroorganismen<br data-start=\"1445\" data-end=\"1448\" \/>\u2705 Sicher f\u00fcr Fische, Pflanzen &amp; Tiere<\/p>\t\t\t\t\t\t\t\t<\/div>\n\t\t\t\t<div class=\"elementor-element elementor-element-19dfd93a elementor-widget elementor-widget-spacer\" data-id=\"19dfd93a\" data-element_type=\"widget\" data-e-type=\"widget\" data-widget_type=\"spacer.default\">\n\t\t\t\t\t\t\t<div class=\"elementor-spacer\">\n\t\t\t<div class=\"elementor-spacer-inner\"><\/div>\n\t\t<\/div>\n\t\t\t\t\t\t<\/div>\n\t\t\t\t<div class=\"elementor-element elementor-element-26d0a858 elementor-widget elementor-widget-heading\" data-id=\"26d0a858\" data-element_type=\"widget\" data-e-type=\"widget\" data-widget_type=\"heading.default\">\n\t\t\t\t\t<h2 class=\"elementor-heading-title elementor-size-default\">Zusammenfassung<\/h2>\t\t\t\t<\/div>\n\t\t\t\t<div class=\"elementor-element elementor-element-1537e04d color-scheme-inherit text-left elementor-widget elementor-widget-text-editor\" data-id=\"1537e04d\" data-element_type=\"widget\" data-e-type=\"widget\" data-widget_type=\"text-editor.default\">\n\t\t\t\t\t\t\t\t\t<p>Microbe-Lift Clean &amp; Clear sorgt f\u00fcr ein <strong data-start=\"1717\" data-end=\"1760\">nat\u00fcrlich klares &amp; gesundes Teichmilieu<\/strong>. Die einfache Anwendung und die nachhaltige Wirkung machen es zu einer idealen Wahl f\u00fcr Teich- &amp; Aquaponik-Besitzer.<\/p>\t\t\t\t\t\t\t\t<\/div>\n\t\t\t\t\t<\/div>\n\t\t\t\t<\/div>\n\t\t\t\t<\/div>\n\t\t","protected":false},"excerpt":{"rendered":"<p>Microbe-Lift Clean &amp; Clear ist eine hochwirksame biologische Teichpflege mit nat\u00fcrlichen Bakterienkulturen. Es entfernt organische Ablagerungen, reduziert Mulm und sorgt f\u00fcr klares, gesundes Wasser. Gleichzeitig hemmt es das Algenwachstum und verbessert die Wasserqualit\u00e4t nachhaltig. Ideal f\u00fcr Teiche, Aquaponik und Naturpools. Einfach anzuwenden f\u00fcr eine dauerhaft saubere Wasserumgebung.<\/p>\n","protected":false},"featured_media":18531,"comment_status":"open","ping_status":"closed","template":"","meta":{"_monsterinsights_skip_tracking":false,"_monsterinsights_sitenote_active":false,"_monsterinsights_sitenote_note":"","_monsterinsights_sitenote_category":0},"product_brand":[],"product_cat":[433],"product_tag":[263,1070,1253,1254,1255,1256,1257,1258],"class_list":{"0":"post-18530","1":"product","2":"type-product","3":"status-publish","4":"has-post-thumbnail","6":"product_cat-filterung-naehrstoffe","7":"product_tag-aquaponik","8":"product_tag-biologie","9":"product_tag-microbe-lift-clean-clear","10":"product_tag-teichpflege","11":"product_tag-biologische-wasserreinigung","12":"product_tag-algenwachstum-hemmen","13":"product_tag-mulm-reduzieren","14":"product_tag-klares-wasser","16":"first","17":"instock","18":"taxable","19":"shipping-taxable","20":"purchasable","21":"product-type-simple"},"bundled_by":[],"bundle_stock_status":"instock","bundle_stock_quantity":2,"bundle_virtual":false,"bundle_layout":"","bundle_add_to_cart_form_location":"","bundle_editable_in_cart":false,"bundle_sold_individually_context":"","bundle_item_grouping":"","bundle_min_size":"","bundle_max_size":"","bundle_price":[],"bundled_items":[],"bundle_sell_ids":[],"supplier_id":null,"supplier_sku":"","barcode":null,"atum_controlled":true,"out_stock_date":null,"out_stock_threshold":null,"inheritable":false,"inbound_stock":0,"stock_on_hold":0,"sold_today":0,"sales_last_days":0,"reserved_stock":0,"customer_returns":0,"warehouse_damage":0,"lost_in_post":0,"other_logs":0,"out_stock_days":0,"lost_sales":0,"has_location":false,"update_date":"2026-05-03T00:23:50","atum_locations":[],"atum_stock_status":"instock","restock_status":false,"low_stock_amount":"","sales_update_date":"2026-05-03T00:23:50","calc_backorders":null,"tiered_pricing_type":"fixed","tiered_pricing_fixed_rules":[],"tiered_pricing_product_settings":{"layout":"default","base_unit_name":{"singular":null,"plural":null},"default_variation":null},"tiered_pricing_minimum_quantity":null,"tiered_pricing_roles_data":[],"tiered_pricing_percentage_rules":[],"_links":{"self":[{"href":"https:\/\/www.lets-grow.de\/blog\/wp-json\/wp\/v2\/product\/18530","targetHints":{"allow":["GET"]}}],"collection":[{"href":"https:\/\/www.lets-grow.de\/blog\/wp-json\/wp\/v2\/product"}],"about":[{"href":"https:\/\/www.lets-grow.de\/blog\/wp-json\/wp\/v2\/types\/product"}],"replies":[{"embeddable":true,"href":"https:\/\/www.lets-grow.de\/blog\/wp-json\/wp\/v2\/comments?post=18530"}],"version-history":[{"count":0,"href":"https:\/\/www.lets-grow.de\/blog\/wp-json\/wp\/v2\/product\/18530\/revisions"}],"wp:featuredmedia":[{"embeddable":true,"href":"https:\/\/www.lets-grow.de\/blog\/wp-json\/wp\/v2\/media\/18531"}],"wp:attachment":[{"href":"https:\/\/www.lets-grow.de\/blog\/wp-json\/wp\/v2\/media?parent=18530"}],"wp:term":[{"taxonomy":"product_brand","embeddable":true,"href":"https:\/\/www.lets-grow.de\/blog\/wp-json\/wp\/v2\/product_brand?post=18530"},{"taxonomy":"product_cat","embeddable":true,"href":"https:\/\/www.lets-grow.de\/blog\/wp-json\/wp\/v2\/product_cat?post=18530"},{"taxonomy":"product_tag","embeddable":true,"href":"https:\/\/www.lets-grow.de\/blog\/wp-json\/wp\/v2\/product_tag?post=18530"}],"curies":[{"name":"wp","href":"https:\/\/api.w.org\/{rel}","templated":true}]}}