{"id":18515,"date":"2025-02-14T15:54:24","date_gmt":"2025-02-14T14:54:24","guid":{"rendered":"https:\/\/www.lets-grow.de\/blog\/?post_type=product&#038;p=18515"},"modified":"2026-03-03T07:46:30","modified_gmt":"2026-03-03T06:46:30","slug":"best-brush-filterbuerste-50-60-75","status":"publish","type":"product","link":"https:\/\/www.lets-grow.de\/blog\/shop\/best-brush-filterbuerste-50-60-75\/","title":{"rendered":"Best Brush Filterb\u00fcrste"},"content":{"rendered":"\t\t<div data-elementor-type=\"product-post\" data-elementor-id=\"18515\" class=\"elementor elementor-18515\" data-elementor-post-type=\"product\">\n\t\t\t\t<div class=\"wd-negative-gap elementor-element elementor-element-401cf056 e-flex e-con-boxed e-con e-parent\" data-id=\"401cf056\" data-element_type=\"container\" data-e-type=\"container\">\n\t\t\t\t\t<div class=\"e-con-inner\">\n\t\t\t\t<div class=\"elementor-element elementor-element-2fa04eed elementor-widget elementor-widget-heading\" data-id=\"2fa04eed\" data-element_type=\"widget\" data-e-type=\"widget\" data-widget_type=\"heading.default\">\n\t\t\t\t\t<h2 class=\"elementor-heading-title elementor-size-default\">Best Brush Filterb\u00fcrste \u2013 Effiziente Filterung f\u00fcr Teich &amp; Aquaponik<\/h2>\t\t\t\t<\/div>\n\t\t\t\t<div class=\"elementor-element elementor-element-43560a16 color-scheme-inherit text-left elementor-widget elementor-widget-text-editor\" data-id=\"43560a16\" data-element_type=\"widget\" data-e-type=\"widget\" data-widget_type=\"text-editor.default\">\n\t\t\t\t\t\t\t\t\t<p data-start=\"158\" data-end=\"501\">Die <strong data-start=\"162\" data-end=\"179\">Filterb\u00fcrsten<\/strong> bestehen aus zwei verdrehten <strong data-start=\"209\" data-end=\"229\">Edelstahldr\u00e4hten<\/strong> und einer gro\u00dfen Menge an <strong data-start=\"256\" data-end=\"290\">hochwertigen Kunststoffborsten<\/strong>. Dank ihrer feinen Struktur halten sie <strong data-start=\"330\" data-end=\"382\">Schmutzpartikel, Fischkot, Futterreste und Algen<\/strong> zuverl\u00e4ssig zur\u00fcck und bieten gleichzeitig eine optimale Oberfl\u00e4che f\u00fcr die Ansiedlung von <strong data-start=\"474\" data-end=\"498\">n\u00fctzlichen Bakterien<\/strong>.<\/p><p data-start=\"503\" data-end=\"740\">Ideal als <strong data-start=\"513\" data-end=\"539\">mechanischer Vorfilter<\/strong> in der ersten Filterkammer, entfernen sie effizient feinste Schwebstoffe aus dem Wasser. Beim dichten Aneinandersetzen entsteht ein <strong data-start=\"672\" data-end=\"700\">hochwirksames Filternetz<\/strong>, das f\u00fcr kristallklares Wasser sorgt.<\/p>\t\t\t\t\t\t\t\t<\/div>\n\t\t\t\t<div class=\"elementor-element elementor-element-741287eb elementor-widget elementor-widget-spacer\" data-id=\"741287eb\" data-element_type=\"widget\" data-e-type=\"widget\" data-widget_type=\"spacer.default\">\n\t\t\t\t\t\t\t<div class=\"elementor-spacer\">\n\t\t\t<div class=\"elementor-spacer-inner\"><\/div>\n\t\t<\/div>\n\t\t\t\t\t\t<\/div>\n\t\t\t\t<div class=\"elementor-element elementor-element-70f282d6 elementor-widget elementor-widget-heading\" data-id=\"70f282d6\" data-element_type=\"widget\" data-e-type=\"widget\" data-widget_type=\"heading.default\">\n\t\t\t\t\t<h2 class=\"elementor-heading-title elementor-size-default\">Reinigung<\/h2>\t\t\t\t<\/div>\n\t\t\t\t<div class=\"elementor-element elementor-element-361abde1 color-scheme-inherit text-left elementor-widget elementor-widget-text-editor\" data-id=\"361abde1\" data-element_type=\"widget\" data-e-type=\"widget\" data-widget_type=\"text-editor.default\">\n\t\t\t\t\t\t\t\t\t<p>Nutzen Sie eine <strong data-start=\"129\" data-end=\"143\">Regentonne<\/strong> als Filtergeh\u00e4use und setzen Sie die Filterb\u00fcrsten <strong data-start=\"195\" data-end=\"222\">senkrecht nebeneinander<\/strong> ein. Lassen Sie das Wasser von unten einstr\u00f6men und an der gegen\u00fcberliegenden Seite oben austreten. Verwenden Sie eine <strong data-start=\"342\" data-end=\"380\">Beckendurchf\u00fchrung mit Absperrhahn<\/strong>, um einen Ablauf im Boden oder nahe daran zu realisieren.<\/p><h2 data-start=\"442\" data-end=\"463\"><span style=\"font-size: 16px; color: var( --e-global-color-text ); text-align: var(--text-align);\">Schalten Sie zur Reinigung die Pumpe aus und w\u00e4hlen Sie eine der folgenden Methoden:<\/span><\/h2><p data-start=\"552\" data-end=\"706\"><strong data-start=\"552\" data-end=\"569\">\u27a4 Variante 1:<\/strong><br data-start=\"569\" data-end=\"572\" \/>B\u00fcrsten auf und ab bewegen, damit sich der Schmutz l\u00f6st und zu Boden sinkt. Anschlie\u00dfend das Schmutzwasser \u00fcber den Ablauf ablassen.<\/p><p data-start=\"708\" data-end=\"871\"><strong data-start=\"708\" data-end=\"725\">\u27a4 Variante 2:<\/strong><br data-start=\"725\" data-end=\"728\" \/>Die Tonne komplett entleeren und die B\u00fcrsten von oben mit einem Gartenschlauch abspritzen. Das Schmutzwasser flie\u00dft durch den Bodenablauf ab.<\/p><p data-start=\"873\" data-end=\"1158\"><strong data-start=\"873\" data-end=\"913\">\u27a4 Variante 3 (wasserlose Reinigung):<\/strong><br data-start=\"913\" data-end=\"916\" \/>Kombinieren Sie unsere <strong data-start=\"939\" data-end=\"964\">Filterbeutel (300 \u00b5m)<\/strong> mit einer kleinen Pumpe, um das Wasser zu filtern und wiederzuverwenden. Alternativ k\u00f6nnen Sie mit einem <strong data-start=\"1070\" data-end=\"1111\">Kompressor und 50 mm Ausstr\u00f6merkugeln<\/strong> Luft einblasen, um die B\u00fcrsten freizusp\u00fclen.<\/p><p data-start=\"1160\" data-end=\"1309\" data-is-last-node=\"\">\ud83d\udca1 <strong data-start=\"1163\" data-end=\"1172\">Tipp:<\/strong> Die B\u00fcrsten m\u00fcssen nicht vollst\u00e4ndig sauber sein \u2013 ein leichter Biofilm verbessert sogar die Filterleistung f\u00fcr feinste Schmutzpartikel.<\/p>\t\t\t\t\t\t\t\t<\/div>\n\t\t\t\t<div class=\"elementor-element elementor-element-7d8b3a37 elementor-widget elementor-widget-spacer\" data-id=\"7d8b3a37\" data-element_type=\"widget\" data-e-type=\"widget\" data-widget_type=\"spacer.default\">\n\t\t\t\t\t\t\t<div class=\"elementor-spacer\">\n\t\t\t<div class=\"elementor-spacer-inner\"><\/div>\n\t\t<\/div>\n\t\t\t\t\t\t<\/div>\n\t\t\t\t<div class=\"elementor-element elementor-element-cb4df5f elementor-widget elementor-widget-heading\" data-id=\"cb4df5f\" data-element_type=\"widget\" data-e-type=\"widget\" data-widget_type=\"heading.default\">\n\t\t\t\t\t<h2 class=\"elementor-heading-title elementor-size-default\">Vorteile<\/h2>\t\t\t\t<\/div>\n\t\t\t\t<div class=\"elementor-element elementor-element-31497459 color-scheme-inherit text-left elementor-widget elementor-widget-text-editor\" data-id=\"31497459\" data-element_type=\"widget\" data-e-type=\"widget\" data-widget_type=\"text-editor.default\">\n\t\t\t\t\t\t\t\t\t<p>\u2705 Extrem langlebig &amp; wiederverwendbar<br data-start=\"816\" data-end=\"819\" \/>\u2705 Frei von giftigen Zus\u00e4tzen<br data-start=\"847\" data-end=\"850\" \/>\u2705 Leicht &amp; einfach zu reinigen<br data-start=\"880\" data-end=\"883\" \/>\u2705 F\u00f6rdert den biologischen Schadstoffabbau<br data-start=\"925\" data-end=\"928\" \/>\u2705 Perfekt f\u00fcr Teiche, Aquaponik &amp; Aquarien<\/p>\t\t\t\t\t\t\t\t<\/div>\n\t\t\t\t<div class=\"elementor-element elementor-element-cff80ce elementor-widget elementor-widget-spacer\" data-id=\"cff80ce\" data-element_type=\"widget\" data-e-type=\"widget\" data-widget_type=\"spacer.default\">\n\t\t\t\t\t\t\t<div class=\"elementor-spacer\">\n\t\t\t<div class=\"elementor-spacer-inner\"><\/div>\n\t\t<\/div>\n\t\t\t\t\t\t<\/div>\n\t\t\t\t<div class=\"elementor-element elementor-element-45def2e elementor-widget elementor-widget-heading\" data-id=\"45def2e\" data-element_type=\"widget\" data-e-type=\"widget\" data-widget_type=\"heading.default\">\n\t\t\t\t\t<h2 class=\"elementor-heading-title elementor-size-default\">Anwendung<\/h2>\t\t\t\t<\/div>\n\t\t\t\t<div class=\"elementor-element elementor-element-f994247 color-scheme-inherit text-left elementor-widget elementor-widget-text-editor\" data-id=\"f994247\" data-element_type=\"widget\" data-e-type=\"widget\" data-widget_type=\"text-editor.default\">\n\t\t\t\t\t\t\t\t\t<ul><li data-start=\"1559\" data-end=\"1608\"><strong data-start=\"1561\" data-end=\"1576\">Teichfilter<\/strong> zur mechanischen Vorreinigung<\/li><li data-start=\"1609\" data-end=\"1670\"><strong data-start=\"1611\" data-end=\"1631\">Aquaponiksysteme<\/strong> zur Unterst\u00fctzung der Wasserqualit\u00e4t<\/li><li data-start=\"1671\" data-end=\"1724\"><strong data-start=\"1673\" data-end=\"1691\">Aquarienfilter<\/strong> f\u00fcr klares und sauberes Wasser<\/li><li data-start=\"1725\" data-end=\"1786\"><strong data-start=\"1727\" data-end=\"1747\">Biofilteranlagen<\/strong> als Erg\u00e4nzung f\u00fcr bestehende Systeme<\/li><\/ul>\t\t\t\t\t\t\t\t<\/div>\n\t\t\t\t<div class=\"elementor-element elementor-element-d36c037 elementor-widget elementor-widget-spacer\" data-id=\"d36c037\" data-element_type=\"widget\" data-e-type=\"widget\" data-widget_type=\"spacer.default\">\n\t\t\t\t\t\t\t<div class=\"elementor-spacer\">\n\t\t\t<div class=\"elementor-spacer-inner\"><\/div>\n\t\t<\/div>\n\t\t\t\t\t\t<\/div>\n\t\t\t\t<div class=\"elementor-element elementor-element-8d832d6 elementor-widget elementor-widget-heading\" data-id=\"8d832d6\" data-element_type=\"widget\" data-e-type=\"widget\" data-widget_type=\"heading.default\">\n\t\t\t\t\t<h2 class=\"elementor-heading-title elementor-size-default\">Zusammenfassung<\/h2>\t\t\t\t<\/div>\n\t\t\t\t<div class=\"elementor-element elementor-element-9a4f55a color-scheme-inherit text-left elementor-widget elementor-widget-text-editor\" data-id=\"9a4f55a\" data-element_type=\"widget\" data-e-type=\"widget\" data-widget_type=\"text-editor.default\">\n\t\t\t\t\t\t\t\t\t<p>Mit der <strong data-start=\"1813\" data-end=\"1840\">Best Brush Filterb\u00fcrste<\/strong> erhalten Sie eine <strong data-start=\"1859\" data-end=\"1902\">effektive, langlebige und pflegeleichte<\/strong> L\u00f6sung zur Verbesserung der Wasserqualit\u00e4t in Teichen, Aquaponik- und Aquariensystemen. Ideal f\u00fcr eine <strong data-start=\"2006\" data-end=\"2048\">mechanische und biologische Filtration<\/strong>.<\/p>\t\t\t\t\t\t\t\t<\/div>\n\t\t\t\t\t<\/div>\n\t\t\t\t<\/div>\n\t\t\t\t<\/div>\n\t\t","protected":false},"excerpt":{"rendered":"<p>Die <strong data-start=\"393\" data-end=\"420\">Best Brush Filterb\u00fcrste<\/strong> ist ein effektives Filtermedium f\u00fcr <strong data-start=\"457\" data-end=\"505\">Teiche, Aquaponik- und Aquarienfiltersysteme<\/strong>. Sie entfernt zuverl\u00e4ssig Schmutzpartikel, sorgt f\u00fcr eine <strong data-start=\"564\" data-end=\"599\">optimale biologische Filtration<\/strong> und ist leicht zu reinigen. Durch ihre robuste Bauweise und langlebigen Materialien bietet sie eine nachhaltige L\u00f6sung zur <strong data-start=\"723\" data-end=\"766\">mechanischen und biologischen Filterung<\/strong> in verschiedenen Anwendungen.<\/p>\n","protected":false},"featured_media":18519,"comment_status":"open","ping_status":"closed","template":"","meta":{"_monsterinsights_skip_tracking":false,"_monsterinsights_sitenote_active":false,"_monsterinsights_sitenote_note":"","_monsterinsights_sitenote_category":0},"product_brand":[],"product_cat":[433],"product_tag":[1195,1247,1248,1249,1250,1251,1252,1282],"class_list":{"0":"post-18515","1":"product","2":"type-product","3":"status-publish","4":"has-post-thumbnail","6":"product_cat-filterung-naehrstoffe","7":"product_tag-filtermedien","8":"product_tag-best-brush-filterbuerste","9":"product_tag-filterbuerste-teich","10":"product_tag-aquaponik-filterbuerste","11":"product_tag-biofilter-buerste","12":"product_tag-filterbuerste-aquarium","13":"product_tag-teichreinigung","14":"product_tag-vorfilterung","15":"pa_hersteller-sibo","17":"first","18":"instock","19":"taxable","20":"shipping-taxable","21":"purchasable","22":"product-type-variable"},"bundled_by":[],"bundle_stock_status":"instock","bundle_stock_quantity":null,"bundle_virtual":false,"bundle_layout":"","bundle_add_to_cart_form_location":"","bundle_editable_in_cart":false,"bundle_sold_individually_context":"","bundle_item_grouping":"","bundle_min_size":"","bundle_max_size":"","bundle_price":[],"bundled_items":[],"bundle_sell_ids":[],"supplier_id":null,"supplier_sku":"","barcode":null,"atum_controlled":true,"out_stock_date":null,"out_stock_threshold":null,"inheritable":false,"inbound_stock":null,"stock_on_hold":0,"sold_today":0,"sales_last_days":0,"reserved_stock":null,"customer_returns":null,"warehouse_damage":null,"lost_in_post":null,"other_logs":null,"out_stock_days":0,"lost_sales":0,"has_location":null,"update_date":"2026-05-03T00:23:51","atum_locations":[],"atum_stock_status":"instock","restock_status":false,"low_stock_amount":"","sales_update_date":"2026-05-03T00:23:51","calc_backorders":null,"tiered_pricing_type":"fixed","tiered_pricing_fixed_rules":[],"tiered_pricing_product_settings":{"layout":"default","base_unit_name":{"singular":null,"plural":null},"default_variation":null},"tiered_pricing_minimum_quantity":null,"tiered_pricing_roles_data":[],"tiered_pricing_percentage_rules":[],"_links":{"self":[{"href":"https:\/\/www.lets-grow.de\/blog\/wp-json\/wp\/v2\/product\/18515","targetHints":{"allow":["GET"]}}],"collection":[{"href":"https:\/\/www.lets-grow.de\/blog\/wp-json\/wp\/v2\/product"}],"about":[{"href":"https:\/\/www.lets-grow.de\/blog\/wp-json\/wp\/v2\/types\/product"}],"replies":[{"embeddable":true,"href":"https:\/\/www.lets-grow.de\/blog\/wp-json\/wp\/v2\/comments?post=18515"}],"version-history":[{"count":0,"href":"https:\/\/www.lets-grow.de\/blog\/wp-json\/wp\/v2\/product\/18515\/revisions"}],"wp:featuredmedia":[{"embeddable":true,"href":"https:\/\/www.lets-grow.de\/blog\/wp-json\/wp\/v2\/media\/18519"}],"wp:attachment":[{"href":"https:\/\/www.lets-grow.de\/blog\/wp-json\/wp\/v2\/media?parent=18515"}],"wp:term":[{"taxonomy":"product_brand","embeddable":true,"href":"https:\/\/www.lets-grow.de\/blog\/wp-json\/wp\/v2\/product_brand?post=18515"},{"taxonomy":"product_cat","embeddable":true,"href":"https:\/\/www.lets-grow.de\/blog\/wp-json\/wp\/v2\/product_cat?post=18515"},{"taxonomy":"product_tag","embeddable":true,"href":"https:\/\/www.lets-grow.de\/blog\/wp-json\/wp\/v2\/product_tag?post=18515"}],"curies":[{"name":"wp","href":"https:\/\/api.w.org\/{rel}","templated":true}]}}