{"id":18499,"date":"2025-02-14T15:22:25","date_gmt":"2025-02-14T14:22:25","guid":{"rendered":"https:\/\/www.lets-grow.de\/blog\/?post_type=product&#038;p=18499"},"modified":"2025-05-26T10:59:07","modified_gmt":"2025-05-26T08:59:07","slug":"tangit-pvc-reiniger-125ml","status":"publish","type":"product","link":"https:\/\/www.lets-grow.de\/blog\/shop\/tangit-pvc-reiniger-125ml\/","title":{"rendered":"Tangit PVC-Reiniger"},"content":{"rendered":"\t\t<div data-elementor-type=\"product-post\" data-elementor-id=\"18499\" class=\"elementor elementor-18499\" data-elementor-post-type=\"product\">\n\t\t\t\t<div class=\"wd-negative-gap elementor-element elementor-element-5771eeb8 e-flex e-con-boxed e-con e-parent\" data-id=\"5771eeb8\" data-element_type=\"container\" data-e-type=\"container\">\n\t\t\t\t\t<div class=\"e-con-inner\">\n\t\t\t\t<div class=\"elementor-element elementor-element-702da030 elementor-widget elementor-widget-heading\" data-id=\"702da030\" data-element_type=\"widget\" data-e-type=\"widget\" data-widget_type=\"heading.default\">\n\t\t\t\t\t<h2 class=\"elementor-heading-title elementor-size-default\">Tangit PVC-Reiniger 125ml \u2013 Optimale Vorbereitung f\u00fcr perfekte Verklebungen<\/h2>\t\t\t\t<\/div>\n\t\t\t\t<div class=\"elementor-element elementor-element-3cd2466a color-scheme-inherit text-left elementor-widget elementor-widget-text-editor\" data-id=\"3cd2466a\" data-element_type=\"widget\" data-e-type=\"widget\" data-widget_type=\"text-editor.default\">\n\t\t\t\t\t\t\t\t\t<p>Der <strong data-start=\"931\" data-end=\"961\">Tangit PVC-Reiniger 125ml<\/strong> sorgt f\u00fcr eine saubere Oberfl\u00e4che und verbessert die Haftung von PVC-Klebstoffen. Durch das Entfernen von <strong data-start=\"1068\" data-end=\"1103\">Fetten, Schmutz und Oxidationen<\/strong> wird eine zuverl\u00e4ssige und dauerhafte Verbindung gew\u00e4hrleistet.<\/p>\t\t\t\t\t\t\t\t<\/div>\n\t\t\t\t<div class=\"elementor-element elementor-element-631c021e elementor-widget elementor-widget-spacer\" data-id=\"631c021e\" data-element_type=\"widget\" data-e-type=\"widget\" data-widget_type=\"spacer.default\">\n\t\t\t\t\t\t\t<div class=\"elementor-spacer\">\n\t\t\t<div class=\"elementor-spacer-inner\"><\/div>\n\t\t<\/div>\n\t\t\t\t\t\t<\/div>\n\t\t\t\t<div class=\"elementor-element elementor-element-38e6d848 elementor-widget elementor-widget-heading\" data-id=\"38e6d848\" data-element_type=\"widget\" data-e-type=\"widget\" data-widget_type=\"heading.default\">\n\t\t\t\t\t<h2 class=\"elementor-heading-title elementor-size-default\">Anwendungen<\/h2>\t\t\t\t<\/div>\n\t\t\t\t<div class=\"elementor-element elementor-element-666a930b color-scheme-inherit text-left elementor-widget elementor-widget-text-editor\" data-id=\"666a930b\" data-element_type=\"widget\" data-e-type=\"widget\" data-widget_type=\"text-editor.default\">\n\t\t\t\t\t\t\t\t\t<ol><li data-start=\"1521\" data-end=\"1572\">Reiniger mit einem fusselfreien Tuch auftragen<\/li><li data-start=\"1573\" data-end=\"1609\">Oberfl\u00e4chen gr\u00fcndlich abwischen<\/li><li data-start=\"1610\" data-end=\"1678\">Unmittelbar danach PVC-Kleber auftragen und die Teile verbinden<\/li><\/ol>\t\t\t\t\t\t\t\t<\/div>\n\t\t\t\t<div class=\"elementor-element elementor-element-53cb6a93 elementor-widget elementor-widget-spacer\" data-id=\"53cb6a93\" data-element_type=\"widget\" data-e-type=\"widget\" data-widget_type=\"spacer.default\">\n\t\t\t\t\t\t\t<div class=\"elementor-spacer\">\n\t\t\t<div class=\"elementor-spacer-inner\"><\/div>\n\t\t<\/div>\n\t\t\t\t\t\t<\/div>\n\t\t\t\t<div class=\"elementor-element elementor-element-34cfb658 elementor-widget elementor-widget-heading\" data-id=\"34cfb658\" data-element_type=\"widget\" data-e-type=\"widget\" data-widget_type=\"heading.default\">\n\t\t\t\t\t<h2 class=\"elementor-heading-title elementor-size-default\">Vorteile<\/h2>\t\t\t\t<\/div>\n\t\t\t\t<div class=\"elementor-element elementor-element-5cbf024e color-scheme-inherit text-left elementor-widget elementor-widget-text-editor\" data-id=\"5cbf024e\" data-element_type=\"widget\" data-e-type=\"widget\" data-widget_type=\"text-editor.default\">\n\t\t\t\t\t\t\t\t\t<p>\u2714 <strong data-start=\"1193\" data-end=\"1216\">Effektive Reinigung<\/strong> \u2013 Entfernt Verunreinigungen und verbessert die Klebkraft<br data-start=\"1273\" data-end=\"1276\" \/>\u2714 <strong data-start=\"1278\" data-end=\"1303\">Universell einsetzbar<\/strong> \u2013 Geeignet f\u00fcr PVC-U, ABS und andere Kunststoffe<br data-start=\"1352\" data-end=\"1355\" \/>\u2714 <strong data-start=\"1357\" data-end=\"1381\">Schnelle Verdunstung<\/strong> \u2013 Keine R\u00fcckst\u00e4nde auf den gereinigten Fl\u00e4chen<br data-start=\"1428\" data-end=\"1431\" \/>\u2714 <strong data-start=\"1433\" data-end=\"1455\">Erh\u00f6hte Sicherheit<\/strong> \u2013 Verhindert schlechte Klebeverbindungen<\/p>\t\t\t\t\t\t\t\t<\/div>\n\t\t\t\t<div class=\"elementor-element elementor-element-46579cd7 elementor-widget elementor-widget-spacer\" data-id=\"46579cd7\" data-element_type=\"widget\" data-e-type=\"widget\" data-widget_type=\"spacer.default\">\n\t\t\t\t\t\t\t<div class=\"elementor-spacer\">\n\t\t\t<div class=\"elementor-spacer-inner\"><\/div>\n\t\t<\/div>\n\t\t\t\t\t\t<\/div>\n\t\t\t\t<div class=\"elementor-element elementor-element-53ef96e1 elementor-widget elementor-widget-heading\" data-id=\"53ef96e1\" data-element_type=\"widget\" data-e-type=\"widget\" data-widget_type=\"heading.default\">\n\t\t\t\t\t<h2 class=\"elementor-heading-title elementor-size-default\">Zusammenfassung<\/h2>\t\t\t\t<\/div>\n\t\t\t\t<div class=\"elementor-element elementor-element-5f9fcc02 color-scheme-inherit text-left elementor-widget elementor-widget-text-editor\" data-id=\"5f9fcc02\" data-element_type=\"widget\" data-e-type=\"widget\" data-widget_type=\"text-editor.default\">\n\t\t\t\t\t\t\t\t\t<p>Mit dem <strong data-start=\"1705\" data-end=\"1735\">Tangit PVC-Reiniger 125ml<\/strong> bereiten Sie Ihre PVC-Verbindungen optimal vor. Perfekt f\u00fcr <strong data-start=\"1796\" data-end=\"1843\">Aquaponik, Teichbau und Bew\u00e4sserungssysteme<\/strong>, um langlebige und stabile Verklebungen zu garantieren.<\/p>\t\t\t\t\t\t\t\t<\/div>\n\t\t\t\t\t<\/div>\n\t\t\t\t<\/div>\n\t\t\t\t<\/div>\n\t\t","protected":false},"excerpt":{"rendered":"<p>Tangit PVC-Reiniger 125ml \u2013 Optimale Vorbereitung f\u00fcr perfekte Verklebungen Der Tangit PVC-Reiniger 125ml sorgt f\u00fcr eine saubere Oberfl\u00e4che und verbessert<\/p>\n","protected":false},"featured_media":18489,"comment_status":"open","ping_status":"closed","template":"","meta":{"_monsterinsights_skip_tracking":false,"_monsterinsights_sitenote_active":false,"_monsterinsights_sitenote_note":"","_monsterinsights_sitenote_category":0},"product_brand":[],"product_cat":[1216],"product_tag":[1233,999,1234,1227,1228,1229,1230,1231,1232],"class_list":{"0":"post-18499","1":"product","2":"type-product","3":"status-publish","4":"has-post-thumbnail","6":"product_cat-kleber-reiniger","7":"product_tag-teichbau-reiniger","8":"product_tag-pvc","9":"product_tag-aquaponik-pvc-reiniger","10":"product_tag-tangit-pvc-reiniger","11":"product_tag-pvc-reiniger-125ml","12":"product_tag-kunststoffreiniger","13":"product_tag-rohrreinigung","14":"product_tag-pvc-u-reinigung","15":"product_tag-abs-rohrreiniger","16":"pa_hersteller-henkel","18":"first","19":"instock","20":"taxable","21":"shipping-taxable","22":"purchasable","23":"product-type-simple"},"bundled_by":[],"bundle_stock_status":"instock","bundle_stock_quantity":4,"bundle_virtual":false,"bundle_layout":"","bundle_add_to_cart_form_location":"","bundle_editable_in_cart":false,"bundle_sold_individually_context":"","bundle_item_grouping":"","bundle_min_size":"","bundle_max_size":"","bundle_price":[],"bundled_items":[],"bundle_sell_ids":[],"supplier_id":null,"supplier_sku":"","barcode":null,"atum_controlled":true,"out_stock_date":null,"out_stock_threshold":null,"inheritable":false,"inbound_stock":0,"stock_on_hold":0,"sold_today":0,"sales_last_days":0,"reserved_stock":0,"customer_returns":0,"warehouse_damage":0,"lost_in_post":0,"other_logs":0,"out_stock_days":0,"lost_sales":0,"has_location":false,"update_date":"2026-05-02T00:23:00","atum_locations":[],"atum_stock_status":"instock","restock_status":false,"low_stock_amount":"","sales_update_date":"2026-05-02T00:23:00","calc_backorders":null,"tiered_pricing_type":"fixed","tiered_pricing_fixed_rules":[],"tiered_pricing_product_settings":{"layout":"default","base_unit_name":{"singular":null,"plural":null},"default_variation":null},"tiered_pricing_minimum_quantity":null,"tiered_pricing_roles_data":[],"tiered_pricing_percentage_rules":[],"_links":{"self":[{"href":"https:\/\/www.lets-grow.de\/blog\/wp-json\/wp\/v2\/product\/18499","targetHints":{"allow":["GET"]}}],"collection":[{"href":"https:\/\/www.lets-grow.de\/blog\/wp-json\/wp\/v2\/product"}],"about":[{"href":"https:\/\/www.lets-grow.de\/blog\/wp-json\/wp\/v2\/types\/product"}],"replies":[{"embeddable":true,"href":"https:\/\/www.lets-grow.de\/blog\/wp-json\/wp\/v2\/comments?post=18499"}],"version-history":[{"count":0,"href":"https:\/\/www.lets-grow.de\/blog\/wp-json\/wp\/v2\/product\/18499\/revisions"}],"wp:featuredmedia":[{"embeddable":true,"href":"https:\/\/www.lets-grow.de\/blog\/wp-json\/wp\/v2\/media\/18489"}],"wp:attachment":[{"href":"https:\/\/www.lets-grow.de\/blog\/wp-json\/wp\/v2\/media?parent=18499"}],"wp:term":[{"taxonomy":"product_brand","embeddable":true,"href":"https:\/\/www.lets-grow.de\/blog\/wp-json\/wp\/v2\/product_brand?post=18499"},{"taxonomy":"product_cat","embeddable":true,"href":"https:\/\/www.lets-grow.de\/blog\/wp-json\/wp\/v2\/product_cat?post=18499"},{"taxonomy":"product_tag","embeddable":true,"href":"https:\/\/www.lets-grow.de\/blog\/wp-json\/wp\/v2\/product_tag?post=18499"}],"curies":[{"name":"wp","href":"https:\/\/api.w.org\/{rel}","templated":true}]}}