{"id":18479,"date":"2025-02-14T14:04:38","date_gmt":"2025-02-14T13:04:38","guid":{"rendered":"https:\/\/www.lets-grow.de\/blog\/?post_type=product&#038;p=18479"},"modified":"2026-04-10T09:35:36","modified_gmt":"2026-04-10T07:35:36","slug":"aquforte-v20-membrankompressor","status":"publish","type":"product","link":"https:\/\/www.lets-grow.de\/blog\/shop\/aquforte-v20-membrankompressor\/","title":{"rendered":"AquaForte V20 Membrankompressor"},"content":{"rendered":"\t\t<div data-elementor-type=\"product-post\" data-elementor-id=\"18479\" class=\"elementor elementor-18479\" data-elementor-post-type=\"product\">\n\t\t\t\t<div class=\"wd-negative-gap elementor-element elementor-element-64cfb399 e-flex e-con-boxed e-con e-parent\" data-id=\"64cfb399\" data-element_type=\"container\" data-e-type=\"container\">\n\t\t\t\t\t<div class=\"e-con-inner\">\n\t\t\t\t<div class=\"elementor-element elementor-element-77d53e87 elementor-widget elementor-widget-heading\" data-id=\"77d53e87\" data-element_type=\"widget\" data-e-type=\"widget\" data-widget_type=\"heading.default\">\n\t\t\t\t\t<h2 class=\"elementor-heading-title elementor-size-default\">Leistungsstarker Membrankompressor f\u00fcr optimale Bel\u00fcftung<\/h2>\t\t\t\t<\/div>\n\t\t\t\t<div class=\"elementor-element elementor-element-2e0c974d color-scheme-inherit text-left elementor-widget elementor-widget-text-editor\" data-id=\"2e0c974d\" data-element_type=\"widget\" data-e-type=\"widget\" data-widget_type=\"text-editor.default\">\n\t\t\t\t\t\t\t\t\t<p>Der <strong data-start=\"486\" data-end=\"522\">AquaForte V20 Membrankompressor<\/strong> ist die ideale L\u00f6sung f\u00fcr eine kontinuierliche Sauerstoffversorgung in Teichen, Aquakulturen und Aquaponik-Systemen. Mit seinem langlebigen Membransystem sorgt er f\u00fcr eine konstante und leise Luftzufuhr, die sowohl das biologische Gleichgewicht als auch die Wasserqualit\u00e4t verbessert.<\/p>\t\t\t\t\t\t\t\t<\/div>\n\t\t\t\t<div class=\"elementor-element elementor-element-301b44c5 elementor-widget elementor-widget-spacer\" data-id=\"301b44c5\" data-element_type=\"widget\" data-e-type=\"widget\" data-widget_type=\"spacer.default\">\n\t\t\t\t\t\t\t<div class=\"elementor-spacer\">\n\t\t\t<div class=\"elementor-spacer-inner\"><\/div>\n\t\t<\/div>\n\t\t\t\t\t\t<\/div>\n\t\t\t\t<div class=\"elementor-element elementor-element-102d3e41 elementor-widget elementor-widget-heading\" data-id=\"102d3e41\" data-element_type=\"widget\" data-e-type=\"widget\" data-widget_type=\"heading.default\">\n\t\t\t\t\t<h2 class=\"elementor-heading-title elementor-size-default\">Anwendungen<\/h2>\t\t\t\t<\/div>\n\t\t\t\t<div class=\"elementor-element elementor-element-17d75796 color-scheme-inherit text-left elementor-widget elementor-widget-text-editor\" data-id=\"17d75796\" data-element_type=\"widget\" data-e-type=\"widget\" data-widget_type=\"text-editor.default\">\n\t\t\t\t\t\t\t\t\t<p>Der <strong data-start=\"1184\" data-end=\"1202\">AquaForte V20<\/strong> eignet sich hervorragend f\u00fcr den Dauerbetrieb und kann mit Ausstr\u00f6mern oder Luftsteinen kombiniert werden. Einfach auf eine trockene, gesch\u00fctzte Fl\u00e4che platzieren und an das Bel\u00fcftungssystem anschlie\u00dfen.<\/p>\t\t\t\t\t\t\t\t<\/div>\n\t\t\t\t<div class=\"elementor-element elementor-element-1bec9d09 elementor-widget elementor-widget-spacer\" data-id=\"1bec9d09\" data-element_type=\"widget\" data-e-type=\"widget\" data-widget_type=\"spacer.default\">\n\t\t\t\t\t\t\t<div class=\"elementor-spacer\">\n\t\t\t<div class=\"elementor-spacer-inner\"><\/div>\n\t\t<\/div>\n\t\t\t\t\t\t<\/div>\n\t\t\t\t<div class=\"elementor-element elementor-element-36e1e2ba elementor-widget elementor-widget-heading\" data-id=\"36e1e2ba\" data-element_type=\"widget\" data-e-type=\"widget\" data-widget_type=\"heading.default\">\n\t\t\t\t\t<h2 class=\"elementor-heading-title elementor-size-default\">Vorteile<\/h2>\t\t\t\t<\/div>\n\t\t\t\t<div class=\"elementor-element elementor-element-271550f0 color-scheme-inherit text-left elementor-widget elementor-widget-text-editor\" data-id=\"271550f0\" data-element_type=\"widget\" data-e-type=\"widget\" data-widget_type=\"text-editor.default\">\n\t\t\t\t\t\t\t\t\t<p>\u2714 Energieeffizienter &amp; leistungsstarker Membrankompressor<br data-start=\"908\" data-end=\"911\" \/>\u2714 Besonders leiser Betrieb \u2013 ideal f\u00fcr ger\u00e4uschempfindliche Umgebungen<br data-start=\"981\" data-end=\"984\" \/>\u2714 Robustes Design f\u00fcr den dauerhaften Einsatz im Au\u00dfenbereich<br data-start=\"1045\" data-end=\"1048\" \/>\u2714 Geringer Wartungsaufwand durch langlebige Membranen<br data-start=\"1101\" data-end=\"1104\" \/>\u2714 Ideal f\u00fcr Teiche, Aquaponik- &amp; Aquakulturanlagen<\/p>\t\t\t\t\t\t\t\t<\/div>\n\t\t\t\t<div class=\"elementor-element elementor-element-21f68cc elementor-widget elementor-widget-spacer\" data-id=\"21f68cc\" data-element_type=\"widget\" data-e-type=\"widget\" data-widget_type=\"spacer.default\">\n\t\t\t\t\t\t\t<div class=\"elementor-spacer\">\n\t\t\t<div class=\"elementor-spacer-inner\"><\/div>\n\t\t<\/div>\n\t\t\t\t\t\t<\/div>\n\t\t\t\t<div class=\"elementor-element elementor-element-f37dc29 elementor-widget elementor-widget-heading\" data-id=\"f37dc29\" data-element_type=\"widget\" data-e-type=\"widget\" data-widget_type=\"heading.default\">\n\t\t\t\t\t<h2 class=\"elementor-heading-title elementor-size-default\">Zusammenfassung<\/h2>\t\t\t\t<\/div>\n\t\t\t\t<div class=\"elementor-element elementor-element-302ffbca color-scheme-inherit text-left elementor-widget elementor-widget-text-editor\" data-id=\"302ffbca\" data-element_type=\"widget\" data-e-type=\"widget\" data-widget_type=\"text-editor.default\">\n\t\t\t\t\t\t\t\t\t<p>Mit dem <strong data-start=\"1436\" data-end=\"1472\">AquaForte V20 Membrankompressor<\/strong> erhalten Sie eine zuverl\u00e4ssige, ger\u00e4uscharme und langlebige Bel\u00fcftungsl\u00f6sung f\u00fcr Ihre Wasseranlagen. Perfekt f\u00fcr gesunde Fische und klares Wasser!<\/p>\t\t\t\t\t\t\t\t<\/div>\n\t\t\t\t\t<\/div>\n\t\t\t\t<\/div>\n\t\t\t\t<\/div>\n\t\t","protected":false},"excerpt":{"rendered":"<p>Der <strong data-start=\"42\" data-end=\"78\">AquaForte V20 Membrankompressor<\/strong> sorgt f\u00fcr eine zuverl\u00e4ssige und leise Bel\u00fcftung in Teichen, Aquaponik- und Aquakulturanlagen. Durch sein energieeffizientes Design liefert er eine konstante Sauerstoffzufuhr und unterst\u00fctzt das biologische Gleichgewicht im Wasser. Langlebig, wartungsarm und ideal f\u00fcr den Dauerbetrieb \u2013 die perfekte Wahl f\u00fcr gesunde Fische und klares Wasser!<\/p>\n","protected":false},"featured_media":18480,"comment_status":"open","ping_status":"closed","template":"","meta":{"_monsterinsights_skip_tracking":false,"_monsterinsights_sitenote_active":false,"_monsterinsights_sitenote_note":"","_monsterinsights_sitenote_category":0},"product_brand":[],"product_cat":[431],"product_tag":[1699,795,1878,797,1085,1209,1210,1211,1212,1213,1214,1215],"class_list":{"0":"post-18479","1":"product","2":"type-product","3":"status-publish","4":"has-post-thumbnail","6":"product_cat-kompressoren-luftpumpen","7":"product_tag-v20","8":"product_tag-kompressor","9":"product_tag-heilea","10":"product_tag-membrankompressor","11":"product_tag-aquaponik-belueftung","12":"product_tag-v-20","13":"product_tag-aquaforte","14":"product_tag-eichbeluefter","15":"product_tag-luftpumpe-teich","16":"product_tag-sauerstoffpumpe","17":"product_tag-teichbelueftung","18":"product_tag-beluefterpumpe","19":"pa_hersteller-aquaforte","21":"first","22":"instock","23":"taxable","24":"shipping-taxable","25":"purchasable","26":"product-type-simple"},"bundled_by":["18665"],"bundle_stock_status":"instock","bundle_stock_quantity":10,"bundle_virtual":false,"bundle_layout":"","bundle_add_to_cart_form_location":"","bundle_editable_in_cart":false,"bundle_sold_individually_context":"","bundle_item_grouping":"","bundle_min_size":"","bundle_max_size":"","bundle_price":[],"bundled_items":[],"bundle_sell_ids":[],"supplier_id":null,"supplier_sku":"","barcode":null,"atum_controlled":true,"out_stock_date":null,"out_stock_threshold":null,"inheritable":false,"inbound_stock":0,"stock_on_hold":0,"sold_today":0,"sales_last_days":1,"reserved_stock":0,"customer_returns":0,"warehouse_damage":0,"lost_in_post":0,"other_logs":0,"out_stock_days":0,"lost_sales":0,"has_location":false,"update_date":"2026-04-15T00:05:30","atum_locations":[],"atum_stock_status":"instock","restock_status":false,"low_stock_amount":"","sales_update_date":"2026-04-15T00:05:30","calc_backorders":null,"tiered_pricing_type":"fixed","tiered_pricing_fixed_rules":[],"tiered_pricing_product_settings":{"layout":"default","base_unit_name":{"singular":null,"plural":null},"default_variation":null},"tiered_pricing_minimum_quantity":null,"tiered_pricing_roles_data":[],"tiered_pricing_percentage_rules":[],"_links":{"self":[{"href":"https:\/\/www.lets-grow.de\/blog\/wp-json\/wp\/v2\/product\/18479","targetHints":{"allow":["GET"]}}],"collection":[{"href":"https:\/\/www.lets-grow.de\/blog\/wp-json\/wp\/v2\/product"}],"about":[{"href":"https:\/\/www.lets-grow.de\/blog\/wp-json\/wp\/v2\/types\/product"}],"replies":[{"embeddable":true,"href":"https:\/\/www.lets-grow.de\/blog\/wp-json\/wp\/v2\/comments?post=18479"}],"version-history":[{"count":1,"href":"https:\/\/www.lets-grow.de\/blog\/wp-json\/wp\/v2\/product\/18479\/revisions"}],"predecessor-version":[{"id":20832,"href":"https:\/\/www.lets-grow.de\/blog\/wp-json\/wp\/v2\/product\/18479\/revisions\/20832"}],"wp:featuredmedia":[{"embeddable":true,"href":"https:\/\/www.lets-grow.de\/blog\/wp-json\/wp\/v2\/media\/18480"}],"wp:attachment":[{"href":"https:\/\/www.lets-grow.de\/blog\/wp-json\/wp\/v2\/media?parent=18479"}],"wp:term":[{"taxonomy":"product_brand","embeddable":true,"href":"https:\/\/www.lets-grow.de\/blog\/wp-json\/wp\/v2\/product_brand?post=18479"},{"taxonomy":"product_cat","embeddable":true,"href":"https:\/\/www.lets-grow.de\/blog\/wp-json\/wp\/v2\/product_cat?post=18479"},{"taxonomy":"product_tag","embeddable":true,"href":"https:\/\/www.lets-grow.de\/blog\/wp-json\/wp\/v2\/product_tag?post=18479"}],"curies":[{"name":"wp","href":"https:\/\/api.w.org\/{rel}","templated":true}]}}