{"id":18464,"date":"2025-02-14T08:32:24","date_gmt":"2025-02-14T07:32:24","guid":{"rendered":"https:\/\/www.lets-grow.de\/blog\/?post_type=product&#038;p=18464"},"modified":"2026-02-04T14:48:30","modified_gmt":"2026-02-04T13:48:30","slug":"filtermatte-50x50x5cm-grob","status":"publish","type":"product","link":"https:\/\/www.lets-grow.de\/blog\/shop\/filtermatte-50x50x5cm-grob\/","title":{"rendered":"Filtermatte 50x50x5cm \u2013 grob"},"content":{"rendered":"\t\t<div data-elementor-type=\"product-post\" data-elementor-id=\"18464\" class=\"elementor elementor-18464\" data-elementor-post-type=\"product\">\n\t\t\t\t<div class=\"wd-negative-gap elementor-element elementor-element-4854e979 e-flex e-con-boxed e-con e-parent\" data-id=\"4854e979\" data-element_type=\"container\" data-e-type=\"container\">\n\t\t\t\t\t<div class=\"e-con-inner\">\n\t\t\t\t<div class=\"elementor-element elementor-element-7fe13932 elementor-widget elementor-widget-heading\" data-id=\"7fe13932\" data-element_type=\"widget\" data-e-type=\"widget\" data-widget_type=\"heading.default\">\n\t\t\t\t\t<h2 class=\"elementor-heading-title elementor-size-default\">Effektive Filterleistung f\u00fcr klares Wasser<\/h2>\t\t\t\t<\/div>\n\t\t\t\t<div class=\"elementor-element elementor-element-14820475 color-scheme-inherit text-left elementor-widget elementor-widget-text-editor\" data-id=\"14820475\" data-element_type=\"widget\" data-e-type=\"widget\" data-widget_type=\"text-editor.default\">\n\t\t\t\t\t\t\t\t\t<p>Die <strong data-start=\"461\" data-end=\"494\">Filtermatte 50x50x5cm \u2013 grob<\/strong> ist ein unverzichtbares Filtermedium f\u00fcr Teich-, Aquarium- und Aquaponik-Systeme. Durch ihre grobe Struktur entfernt sie zuverl\u00e4ssig Schmutzpartikel und unterst\u00fctzt gleichzeitig die biologische Filterung, indem sie eine gro\u00dfe Oberfl\u00e4che f\u00fcr n\u00fctzliche Bakterien bietet.<\/p>\t\t\t\t\t\t\t\t<\/div>\n\t\t\t\t<div class=\"elementor-element elementor-element-539d0f67 elementor-widget elementor-widget-spacer\" data-id=\"539d0f67\" data-element_type=\"widget\" data-e-type=\"widget\" data-widget_type=\"spacer.default\">\n\t\t\t\t\t\t\t<div class=\"elementor-spacer\">\n\t\t\t<div class=\"elementor-spacer-inner\"><\/div>\n\t\t<\/div>\n\t\t\t\t\t\t<\/div>\n\t\t\t\t<div class=\"elementor-element elementor-element-2788ddc9 elementor-widget elementor-widget-heading\" data-id=\"2788ddc9\" data-element_type=\"widget\" data-e-type=\"widget\" data-widget_type=\"heading.default\">\n\t\t\t\t\t<h2 class=\"elementor-heading-title elementor-size-default\">Anwendungen<\/h2>\t\t\t\t<\/div>\n\t\t\t\t<div class=\"elementor-element elementor-element-4e0355a8 color-scheme-inherit text-left elementor-widget elementor-widget-text-editor\" data-id=\"4e0355a8\" data-element_type=\"widget\" data-e-type=\"widget\" data-widget_type=\"text-editor.default\">\n\t\t\t\t\t\t\t\t\t<p>Einfach die Filtermatte auf die gew\u00fcnschte Gr\u00f6\u00dfe zuschneiden und in den Filter einsetzen. Sie eignet sich ideal als Vorfilter oder in Kombination mit feineren Filtermedien f\u00fcr eine optimierte Wasserreinigung.<\/p>\t\t\t\t\t\t\t\t<\/div>\n\t\t\t\t<div class=\"elementor-element elementor-element-512fcd3b elementor-widget elementor-widget-spacer\" data-id=\"512fcd3b\" data-element_type=\"widget\" data-e-type=\"widget\" data-widget_type=\"spacer.default\">\n\t\t\t\t\t\t\t<div class=\"elementor-spacer\">\n\t\t\t<div class=\"elementor-spacer-inner\"><\/div>\n\t\t<\/div>\n\t\t\t\t\t\t<\/div>\n\t\t\t\t<div class=\"elementor-element elementor-element-be74e1b elementor-widget elementor-widget-heading\" data-id=\"be74e1b\" data-element_type=\"widget\" data-e-type=\"widget\" data-widget_type=\"heading.default\">\n\t\t\t\t\t<h2 class=\"elementor-heading-title elementor-size-default\">Vorteile<\/h2>\t\t\t\t<\/div>\n\t\t\t\t<div class=\"elementor-element elementor-element-7386e050 color-scheme-inherit text-left elementor-widget elementor-widget-text-editor\" data-id=\"7386e050\" data-element_type=\"widget\" data-e-type=\"widget\" data-widget_type=\"text-editor.default\">\n\t\t\t\t\t\t\t\t\t<p>\u2714 Hochwertiges und langlebiges Material<br data-start=\"843\" data-end=\"846\" \/>\u2714 Ideal f\u00fcr mechanische und biologische Filtration<br data-start=\"896\" data-end=\"899\" \/>\u2714 Individuell zuschneidbar f\u00fcr verschiedene Filtersysteme<br data-start=\"956\" data-end=\"959\" \/>\u2714 Geeignet f\u00fcr Teiche, Aquarien und Aquaponik-Anlagen<\/p>\t\t\t\t\t\t\t\t<\/div>\n\t\t\t\t<div class=\"elementor-element elementor-element-28e32c46 elementor-widget elementor-widget-spacer\" data-id=\"28e32c46\" data-element_type=\"widget\" data-e-type=\"widget\" data-widget_type=\"spacer.default\">\n\t\t\t\t\t\t\t<div class=\"elementor-spacer\">\n\t\t\t<div class=\"elementor-spacer-inner\"><\/div>\n\t\t<\/div>\n\t\t\t\t\t\t<\/div>\n\t\t\t\t<div class=\"elementor-element elementor-element-237ae24e elementor-widget elementor-widget-heading\" data-id=\"237ae24e\" data-element_type=\"widget\" data-e-type=\"widget\" data-widget_type=\"heading.default\">\n\t\t\t\t\t<h2 class=\"elementor-heading-title elementor-size-default\">Zusammenfassung<\/h2>\t\t\t\t<\/div>\n\t\t\t\t<div class=\"elementor-element elementor-element-194d10b7 color-scheme-inherit text-left elementor-widget elementor-widget-text-editor\" data-id=\"194d10b7\" data-element_type=\"widget\" data-e-type=\"widget\" data-widget_type=\"text-editor.default\">\n\t\t\t\t\t\t\t\t\t<p>Die grobe <strong data-start=\"1278\" data-end=\"1304\">Filtermatte 50x50x5 cm<\/strong> ist die perfekte Wahl f\u00fcr eine zuverl\u00e4ssige und effiziente Wasserfiltration. Vielseitig einsetzbar, leicht anpassbar und extrem langlebig \u2013 f\u00fcr dauerhaft sauberes Wasser!<\/p>\t\t\t\t\t\t\t\t<\/div>\n\t\t\t\t\t<\/div>\n\t\t\t\t<\/div>\n\t\t\t\t<\/div>\n\t\t","protected":false},"excerpt":{"rendered":"<p>Die <strong data-start=\"46\" data-end=\"79\">Filtermatte 50x50x5cm \u2013 grob<\/strong> ist ein langlebiges und leistungsstarkes Filtermedium f\u00fcr Teiche, Aquarien und Aquaponik-Systeme. Dank der groben Struktur bietet sie eine hervorragende mechanische und biologische Filtration, f\u00e4ngt Schmutzpartikel effektiv ab und schafft optimale Bedingungen f\u00fcr n\u00fctzliche Bakterien. Einfach zuschneidbar und vielseitig einsetzbar \u2013 f\u00fcr sauberes und gesundes Wasser.<\/p>\n","protected":false},"featured_media":18465,"comment_status":"open","ping_status":"closed","template":"","meta":{"_monsterinsights_skip_tracking":false,"_monsterinsights_sitenote_active":false,"_monsterinsights_sitenote_note":"","_monsterinsights_sitenote_category":0},"product_brand":[],"product_cat":[433],"product_tag":[1195,1204,1205,1206,1207,1208,1282],"class_list":{"0":"post-18464","1":"product","2":"type-product","3":"status-publish","4":"has-post-thumbnail","6":"product_cat-filterung-naehrstoffe","7":"product_tag-filtermedien","8":"product_tag-schaumstoff-filtermatte","9":"product_tag-hamburger-mattenfilter","10":"product_tag-mattenfilter","11":"product_tag-feinfilterung","12":"product_tag-biofilter","13":"product_tag-vorfilterung","14":"pa_hersteller-sibo","16":"first","17":"instock","18":"taxable","19":"shipping-taxable","20":"purchasable","21":"product-type-simple"},"bundled_by":[],"bundle_stock_status":"instock","bundle_stock_quantity":1,"bundle_virtual":false,"bundle_layout":"","bundle_add_to_cart_form_location":"","bundle_editable_in_cart":false,"bundle_sold_individually_context":"","bundle_item_grouping":"","bundle_min_size":"","bundle_max_size":"","bundle_price":[],"bundled_items":[],"bundle_sell_ids":[],"supplier_id":null,"supplier_sku":"","barcode":null,"atum_controlled":true,"out_stock_date":null,"out_stock_threshold":null,"inheritable":false,"inbound_stock":0,"stock_on_hold":0,"sold_today":0,"sales_last_days":0,"reserved_stock":0,"customer_returns":0,"warehouse_damage":0,"lost_in_post":0,"other_logs":0,"out_stock_days":0,"lost_sales":0,"has_location":false,"update_date":"2026-04-15T00:05:28","atum_locations":[],"atum_stock_status":"instock","restock_status":false,"low_stock_amount":"","sales_update_date":"2026-04-15T00:05:28","calc_backorders":null,"tiered_pricing_type":"fixed","tiered_pricing_fixed_rules":[],"tiered_pricing_product_settings":{"layout":"default","base_unit_name":{"singular":null,"plural":null},"default_variation":null},"tiered_pricing_minimum_quantity":null,"tiered_pricing_roles_data":[],"tiered_pricing_percentage_rules":[],"_links":{"self":[{"href":"https:\/\/www.lets-grow.de\/blog\/wp-json\/wp\/v2\/product\/18464","targetHints":{"allow":["GET"]}}],"collection":[{"href":"https:\/\/www.lets-grow.de\/blog\/wp-json\/wp\/v2\/product"}],"about":[{"href":"https:\/\/www.lets-grow.de\/blog\/wp-json\/wp\/v2\/types\/product"}],"replies":[{"embeddable":true,"href":"https:\/\/www.lets-grow.de\/blog\/wp-json\/wp\/v2\/comments?post=18464"}],"version-history":[{"count":0,"href":"https:\/\/www.lets-grow.de\/blog\/wp-json\/wp\/v2\/product\/18464\/revisions"}],"wp:featuredmedia":[{"embeddable":true,"href":"https:\/\/www.lets-grow.de\/blog\/wp-json\/wp\/v2\/media\/18465"}],"wp:attachment":[{"href":"https:\/\/www.lets-grow.de\/blog\/wp-json\/wp\/v2\/media?parent=18464"}],"wp:term":[{"taxonomy":"product_brand","embeddable":true,"href":"https:\/\/www.lets-grow.de\/blog\/wp-json\/wp\/v2\/product_brand?post=18464"},{"taxonomy":"product_cat","embeddable":true,"href":"https:\/\/www.lets-grow.de\/blog\/wp-json\/wp\/v2\/product_cat?post=18464"},{"taxonomy":"product_tag","embeddable":true,"href":"https:\/\/www.lets-grow.de\/blog\/wp-json\/wp\/v2\/product_tag?post=18464"}],"curies":[{"name":"wp","href":"https:\/\/api.w.org\/{rel}","templated":true}]}}